{"id":20023,"date":"2025-05-02T11:50:46","date_gmt":"2025-05-02T11:50:46","guid":{"rendered":"https:\/\/kissinparis.com\/?page_id=20023"},"modified":"2026-02-20T13:45:25","modified_gmt":"2026-02-20T13:45:25","slug":"datenschutz","status":"publish","type":"page","link":"https:\/\/kissinparis.com\/de\/privacy-policy\/","title":{"rendered":"Datenschutzrichtlinie | Kiss Me In Paris Heiratsantr\u00e4ge &amp; Hochzeiten"},"content":{"rendered":"<div class=\"wp-block-group alignfull sec heror-section mt-0 mb-0 has-scroll-down has-background-color has-primary-background-color has-text-color has-background has-link-color wp-elements-cbd58c4a190c7636c73a8a194a918eea\"><div class=\"wp-block-group__inner-container is-layout-constrained wp-block-group-is-layout-constrained\">\n<h1 class=\"wp-block-heading alignwide has-text-align-left full has-background-color has-text-color has-link-color wp-elements-75cdb38b5350d0251bddeb49ad88849c\">Datenschutz<\/h1>\n<\/div><\/div>\n\n\n\n<div class=\"wp-block-group alignfull sec mt-0 mb-0\"><div class=\"wp-block-group__inner-container is-layout-constrained wp-block-group-is-layout-constrained\">\n<p><strong>Datum des Inkrafttretens:<\/strong> 2. Mai 2025 <\/p>\n\n\n\n<p><strong>Eigent\u00fcmer und Datenverantwortlicher:<\/strong> Kiss Me in Paris SARL, 78 Avenue Raymond Poincar\u00e9, 75016 Paris, Frankreich <\/p>\n\n\n\n<p><strong>Kontakt f\u00fcr Datenschutzangelegenheiten:<\/strong>  <a href=\"mailto:support@kissinparis.com\">support@kissinparis.com<\/a><\/p>\n\n\n\n<p>Bonjour! Bei Kiss Me in Paris steht Ihre Privatsph\u00e4re an erster Stelle. Wir erfassen nur die Informationen, die wir wirklich brauchen, um Ihr unvergessliches Paris-Erlebnis zu gestalten und unsere Dienstleistungen optimal zu gestalten. Hier sind die Details:<\/p>\n\n\n\n<h2 class=\"wp-block-heading\">\ud83d\udca1 <strong>Welche personenbezogenen Daten erheben wir?<\/strong><\/h2>\n\n\n\n<p>Um uns bei der Planung Ihres Traumevents oder Fotoshootings zu helfen, auf Ihre Anfragen zu antworten und unsere Website reibungslos zu betreiben, erfassen wir m\u00f6glicherweise:<\/p>\n\n\n\n<ul class=\"wp-block-list\">\n<li><strong>Kontaktdetails:<\/strong> Ihr Name, Ihre E-Mail-Adresse und Ihre Telefonnummer.<\/li>\n\n\n\n<li><strong>Veranstaltungsdetails:<\/strong> Informationen zu Ihrer gew\u00fcnschten Veranstaltung (Art, Datum, Anzahl der G\u00e4ste), Pr\u00e4ferenzen und etwaige spezielle Anforderungen, die Sie uns w\u00e4hrend der Planung mitteilen (z. B. Ern\u00e4hrungsbed\u00fcrfnisse f\u00fcr die Koordination des Caterings).<\/li>\n\n\n\n<li><strong>Buchungs- und Zahlungsinformationen:<\/strong> Rechnungsadresse und Zahlungsdetails (sicher verarbeitet \u00fcber unsere Zahlungspartner).<\/li>\n\n\n\n<li><strong>Kommunikation:<\/strong> Aufzeichnungen unserer E-Mails und m\u00f6glicherweise Notizen von Anrufen im Zusammenhang mit Ihrer Veranstaltung.<\/li>\n\n\n\n<li><strong>Technische Informationen (mit Ihrer Zustimmung):<\/strong> IP-Adresse, allgemeine Standortdaten, Browser-\/Ger\u00e4tetyp \u00fcber Cookies f\u00fcr Analysen und Website-Funktionalit\u00e4ten (siehe unsere Cookie-Richtlinie!).<\/li>\n\n\n\n<li><strong>Fotos &amp; Videos:<\/strong> Die wundersch\u00f6nen Bilder und Videos, die w\u00e4hrend Ihrer Veranstaltung oder Ihres Fotoshootings aufgenommen wurden (die Verwendung ist in unserem Vertrag aufgef\u00fchrt und erfordert Ihre Zustimmung f\u00fcr Marketingzwecke).<\/li>\n<\/ul>\n\n\n\n<p>Wir erfassen diese Informationen direkt von Ihnen \u00fcber unsere Website-Formulare, E-Mails, Anrufe und Planungsfrageb\u00f6gen.<\/p>\n\n\n\n<p>\ud83d\udd27 <strong>Wie und warum wir Ihre Daten verwenden (Unsere Rechtsgrundlage)<\/strong><\/p>\n\n\n\n<p>Wir verwenden Ihre Daten auf Grundlage bestimmter Rechtsgrundlagen gem\u00e4\u00df DSGVO:<\/p>\n\n\n\n<ul class=\"wp-block-list\">\n<li><strong>Um unseren Vertrag mit Ihnen zu erf\u00fcllen:<\/strong> Planung und Durchf\u00fchrung Ihres Antrags, Ihrer Hochzeit, Ihrer heimlichen Hochzeit oder Ihres Fotoshootings; Kommunikation mit Ihnen und Anbietern; Zahlungsabwicklung. (<strong>Rechtsgrundlage: Vertragserf\u00fcllung<\/strong>)<\/li>\n\n\n\n<li><strong>Mit Ihrer ausdr\u00fccklichen Zustimmung:<\/strong> Senden von Marketingmitteilungen (wenn Sie dem zustimmen \u2013 derzeit tun wir das nicht!), Platzieren von Analyse- und Marketing-Cookies auf Ihrem Ger\u00e4t (siehe Cookie-Richtlinie). Sie k\u00f6nnen Ihre Einwilligung jederzeit widerrufen. (<strong>Rechtsgrundlage: Einwilligung<\/strong>)<\/li>\n\n\n\n<li><strong>F\u00fcr unsere legitimen Gesch\u00e4ftsinteressen:<\/strong> Beantwortung Ihrer Anfragen vor Vertragsabschluss, Verbesserung unserer Website und Dienstleistungen, interne Datenerfassung und Betrugspr\u00e4vention. Wir w\u00e4gen stets unsere Interessen gegen Ihre Rechte ab. (<strong>Rechtsgrundlage: Berechtigte Interessen<\/strong>)<\/li>\n\n\n\n<li><strong>Zur Erf\u00fcllung gesetzlicher Verpflichtungen:<\/strong> F\u00fchrung der nach franz\u00f6sischem Steuer- und Rechnungslegungsrecht erforderlichen Aufzeichnungen. (<strong>Rechtsgrundlage: Gesetzliche Verpflichtung<\/strong>)<\/li>\n<\/ul>\n\n\n\n<p>Wir versprechen <strong>keine Spam-Newsletter<\/strong> es sei denn, Sie fragen ausdr\u00fccklich danach!<\/p>\n\n\n\n<p>\ud83e\udd1d <strong>Mit wem wir Ihre Daten teilen<\/strong><\/p>\n\n\n\n<p>Um Ihre Veranstaltung zu erm\u00f6glichen, m\u00fcssen wir manchmal notwendige Details mit vertrauensw\u00fcrdigen Partnern teilen, immer mit Sorgfalt:<\/p>\n\n\n\n<ul class=\"wp-block-list\">\n<li><strong>Event-Anbieter:<\/strong> Fotografen, Videofilmer, Veranstaltungsorte, Caterer, Floristen, Stylisten, Musiker usw., aber nur die Informationen, die sie ben\u00f6tigen, um ihren Service f\u00fcr <em>Ihr<\/em> Ereignis.<\/li>\n\n\n\n<li><strong>Zahlungsabwickler:<\/strong> Zur sicheren Abwicklung von Zahlungen (z. B. Stripe, PayPal).<\/li>\n\n\n\n<li><strong>Technologieanbieter:<\/strong> Website-Hosting, Cloud-Speicher (wie Google Drive), E-Mail-Anbieter, Analysetools (Google Analytics), Marketingplattformen (Meta\/Facebook, LinkedIn) \u2013 <em>vorbehaltlich Ihrer Cookie-Einwilligung, sofern zutreffend<\/em>.<\/li>\n\n\n\n<li><strong>Rechts-\/Fachberater:<\/strong> Wenn dies gesetzlich vorgeschrieben oder erforderlich ist.<\/li>\n<\/ul>\n\n\n\n<p>\ud83c\udf0d <strong>Internationale Daten\u00fcbertragungen<\/strong><\/p>\n\n\n\n<p>Einige unserer Technologieanbieter (wie Google, Meta\/Facebook und m\u00f6glicherweise Cloud-Speicher) haben ihren Sitz au\u00dferhalb des Europ\u00e4ischen Wirtschaftsraums (EWR), haupts\u00e4chlich in den USA. Bei der Daten\u00fcbertragung st\u00fctzen wir uns auf anerkannte Mechanismen wie das EU-US-Datenschutzrahmenwerk oder Standardvertragsklauseln sowie erg\u00e4nzende Ma\u00dfnahmen, um einen angemessenen Schutz Ihrer Daten zu gew\u00e4hrleisten.<\/p>\n\n\n\n<p>\u23f3 <strong>Wie lange bewahren wir Ihre Daten auf?<\/strong><\/p>\n\n\n\n<p>Wir speichern Ihre personenbezogenen Daten nur so lange, wie es f\u00fcr den Zweck, f\u00fcr den sie erhoben wurden, zur Bereitstellung unserer Dienste und zur Einhaltung gesetzlicher Anforderungen (wie z. B. der franz\u00f6sischen Buchhaltungsvorschriften, die eine mehrj\u00e4hrige Speicherung von Transaktionsdaten vorschreiben k\u00f6nnen) erforderlich ist. Danach werden sie sicher gel\u00f6scht.<\/p>\n\n\n\n<p>\ud83d\udd12 <strong>Schutz Ihrer Daten<\/strong><\/p>\n\n\n\n<p>Wir nehmen die Sicherheit Ihrer Daten ernst und ergreifen angemessene technische und organisatorische Ma\u00dfnahmen (wie sichere Server, Zugriffskontrollen, gegebenenfalls Verschl\u00fcsselung), um sie vor unbefugtem Zugriff, Verlust oder Missbrauch zu sch\u00fctzen.<\/p>\n\n\n\n<p id=\"data-deletion\">\u2728 <strong>Ihre Datenschutzrechte (Sie haben die Kontrolle!)<\/strong><\/p>\n\n\n\n<p>Gem\u00e4\u00df der DSGVO haben Sie Rechte in Bezug auf Ihre Daten:<\/p>\n\n\n\n<ul class=\"wp-block-list\">\n<li><strong>Zugang:<\/strong> Fordern Sie eine Kopie der Daten an, die wir \u00fcber Sie gespeichert haben.<\/li>\n\n\n\n<li><strong>Berichtigung:<\/strong> Fordern Sie uns auf, ungenaue oder unvollst\u00e4ndige Daten zu korrigieren.<\/li>\n\n\n\n<li><strong>L\u00f6schung (\u201eRecht auf Vergessenwerden\u201c):<\/strong> Fordern Sie unter bestimmten Bedingungen die L\u00f6schung Ihrer Daten an.<\/li>\n\n\n\n<li><strong>Beschr\u00e4nkung:<\/strong> Bitten Sie uns, die Verwendung Ihrer Daten unter bestimmten Bedingungen einzuschr\u00e4nken.<\/li>\n\n\n\n<li><strong>Portabilit\u00e4t:<\/strong> Fordern Sie unter bestimmten Bedingungen die \u00dcbertragung Ihrer Daten an Sie oder einen anderen Dienst in einem nutzbaren Format an.<\/li>\n\n\n\n<li><span style=\"box-sizing: border-box; margin: 0px; padding: 0px;\"><strong>Objekt:<\/strong>&nbsp;Widerspruch gegen die Verarbeitung Ihrer Daten aufgrund berechtigter Interessen einlegen.<\/span><\/li>\n\n\n\n<li><strong>Einwilligung widerrufen:<\/strong> Sie k\u00f6nnen Ihre Einwilligung jederzeit f\u00fcr Verarbeitungen widerrufen, die auf einer Einwilligung beruhen (wie etwa Marketing-Cookies oder die Verwendung von Portfoliobildern).<\/li>\n<\/ul>\n\n\n\n<p>\ud83d\udce9 <strong>Um Ihre Rechte auszu\u00fcben,<\/strong> Bitte senden Sie uns eine E-Mail an <strong><a href=\"mailto:support@kissinparis.com\">support@kissinparis.com<\/a><\/strong>Wir reagieren wie gesetzlich vorgeschrieben. Sie haben au\u00dferdem das Recht, bei der franz\u00f6sischen Datenschutzbeh\u00f6rde CNIL (www.cnil.fr) Beschwerde einzulegen.<\/p>\n\n\n\n<p><em>Diese Richtlinie kann gelegentlich aktualisiert werden. Bitte schauen Sie regelm\u00e4\u00dfig vorbei, um die neueste Version zu erhalten.<\/em><\/p>\n<\/div><\/div>","protected":false},"excerpt":{"rendered":"<p>Privacy Policy Effective Date: May 2, 2025 Owner &amp; Data Controller: Kiss Me in Paris SARL, 78 Avenue Raymond Poincar\u00e9, 75016 Paris, France Contact for Privacy Matters: support@kissinparis.com Bonjour! At Kiss Me in Paris, your privacy is paramount. We only collect the information truly needed to craft your unforgettable Parisian experience and make our services [&hellip;]<\/p>\n","protected":false},"author":40,"featured_media":0,"parent":0,"menu_order":0,"comment_status":"closed","ping_status":"closed","template":"","meta":{"_acf_changed":false,"ub_ctt_via":"","footnotes":""},"class_list":["post-20023","page","type-page","status-publish","hentry"],"acf":[],"featured_image_src":null,"_links":{"self":[{"href":"https:\/\/kissinparis.com\/de\/wp-json\/wp\/v2\/pages\/20023","targetHints":{"allow":["GET"]}}],"collection":[{"href":"https:\/\/kissinparis.com\/de\/wp-json\/wp\/v2\/pages"}],"about":[{"href":"https:\/\/kissinparis.com\/de\/wp-json\/wp\/v2\/types\/page"}],"author":[{"embeddable":true,"href":"https:\/\/kissinparis.com\/de\/wp-json\/wp\/v2\/users\/40"}],"replies":[{"embeddable":true,"href":"https:\/\/kissinparis.com\/de\/wp-json\/wp\/v2\/comments?post=20023"}],"version-history":[{"count":6,"href":"https:\/\/kissinparis.com\/de\/wp-json\/wp\/v2\/pages\/20023\/revisions"}],"predecessor-version":[{"id":28558,"href":"https:\/\/kissinparis.com\/de\/wp-json\/wp\/v2\/pages\/20023\/revisions\/28558"}],"wp:attachment":[{"href":"https:\/\/kissinparis.com\/de\/wp-json\/wp\/v2\/media?parent=20023"}],"curies":[{"name":"wp","href":"https:\/\/api.w.org\/{rel}","templated":true}]}}