{"id":20031,"date":"2025-05-02T11:59:39","date_gmt":"2025-05-02T11:59:39","guid":{"rendered":"https:\/\/kissinparis.com\/?page_id=20031"},"modified":"2026-02-20T13:45:59","modified_gmt":"2026-02-20T13:45:59","slug":"nutzungsbedingungen","status":"publish","type":"page","link":"https:\/\/kissinparis.com\/de\/terms-of-service\/","title":{"rendered":"AGB"},"content":{"rendered":"<div class=\"wp-block-group alignfull sec heror-section mt-0 mb-0 has-scroll-down has-background-color has-primary-background-color has-text-color has-background has-link-color wp-elements-bed3a1231d28e1e6ee0ee751e8ef3f99\"><div class=\"wp-block-group__inner-container is-layout-constrained wp-block-group-is-layout-constrained\">\n<h1 class=\"wp-block-heading alignwide has-text-align-left full has-background-color has-text-color has-link-color wp-elements-c4321102cb035f8643bf507024481e3e\">AGB<\/h1>\n<\/div><\/div>\n\n\n\n<div class=\"wp-block-group alignfull sec mt-0 mb-0\"><div class=\"wp-block-group__inner-container is-layout-constrained wp-block-group-is-layout-constrained\">\n<p>Willkommen bei Kiss Me in Paris, wo wir Pariser Tr\u00e4ume wahr werden lassen! Bitte lesen Sie diese Bedingungen \u2013 sie bilden die Grundlage unserer fantastischen Zusammenarbeit, wenn Sie unsere Planungs- oder Fotoshooting-Services buchen.<\/p>\n\n\n\n<p>\ud83c\uddeb\ud83c\uddf7 <strong>Unsere Vereinbarung<\/strong><\/p>\n\n\n\n<p>Diese Bedingungen bilden zusammen mit Ihrem unterzeichneten Angebot oder Vertrag die Vereinbarung zwischen Ihnen (\u201eKunde\u201c, \u201eSie\u201c) und Kiss Me in Paris SARL (\u201eKMIP\u201c, \u201eWir\u201c, \u201eUns\u201c). Diese Vereinbarung unterliegt franz\u00f6sischem Recht. Streitigkeiten werden vor den Gerichten in Paris beigelegt.<\/p>\n\n\n\n<h2 class=\"wp-block-heading\">\ud83d\udc8d <strong>Buchung &amp; Zahlung<\/strong><\/h2>\n\n\n\n<ul class=\"wp-block-list\">\n<li><strong>Sichern Sie sich Ihren Termin:<\/strong> Bereit f\u00fcr die Magie? Um unsere Planungs- oder Fotoshooting-Services offiziell zu buchen und Ihren Termin zu reservieren, ben\u00f6tigen wir einen unterzeichneten Vertrag\/Vorschlag und eine erste <strong>Kaution<\/strong> (normalerweise 50% der Gesamtgeb\u00fchr, wie in Ihrem Angebot angegeben). Diese Zahlung sichert unsere engagierte Verf\u00fcgbarkeit f\u00fcr Sie und erm\u00f6glicht es uns, mit der ersten Arbeit und Beratung zu beginnen.<\/li>\n\n\n\n<li><strong>R\u00fcckerstattung:<\/strong> Bitte beachten Sie die <strong>\u201eStornierungen und R\u00fcckerstattungen\u201c<\/strong> Im Abschnitt weiter unten finden Sie detaillierte Bedingungen zur R\u00fcckerstattung von Zahlungen, die sich zwischen Planungsservices und Fotoshootings unterscheiden.<\/li>\n\n\n\n<li><strong>Restzahlung:<\/strong> Der Restbetrag ist vor oder am Tag Ihres Fotoshootings oder Ihrer Veranstaltung gem\u00e4\u00df dem in Ihrem spezifischen Vertrag festgelegten Zeitplan f\u00e4llig.<\/li>\n\n\n\n<li><strong>Zahlungsarten:<\/strong> Akzeptierte Zahlungsmethoden (in der Regel Bank\u00fcberweisung oder sichere Online-Zahlung) und Details werden in Ihrem Angebot\/Ihrer Rechnung angegeben. Alle Preise werden in der Regel in Euro (\u20ac) angegeben.<\/li>\n<\/ul>\n\n\n\n<p>\u274c <strong>Stornierungen und R\u00fcckerstattungen<\/strong><\/p>\n\n\n\n<p>Wir investieren ab dem Zeitpunkt Ihrer Buchung viel Zeit und Engagement. Wir wissen, dass sich Pl\u00e4ne \u00e4ndern k\u00f6nnen. Bitte lesen Sie daher die spezifischen Stornierungsbedingungen f\u00fcr die von Ihnen gebuchten Leistungen sorgf\u00e4ltig durch:<\/p>\n\n\n\n<p><strong>Stornierungsbedingungen f\u00fcr Planungsdienstleistungen<\/strong><\/p>\n\n\n\n<ul class=\"wp-block-list\">\n<li><strong>Keine R\u00fcckerstattung m\u00f6glich:<\/strong> Aufgrund der umfangreichen Veranstaltungsplanung, der Lieferantenkoordination, der Sicherung der Veranstaltungsorte und der finanziellen Verpflichtungen in Ihrem Namen, die oft Monate oder sogar Jahre im Voraus erfolgen, <strong>Alle Zahlungen, die ausdr\u00fccklich f\u00fcr Planungsleistungen geleistet wurden (einschlie\u00dflich der anf\u00e4nglichen Anzahlung\/Vorauszahlung und aller nachfolgenden Raten), sind grunds\u00e4tzlich nicht erstattungsf\u00e4hig<\/strong> ab dem Zeitpunkt der Auszahlung.<\/li>\n\n\n\n<li>Dies gilt unabh\u00e4ngig vom Grund der Stornierung und davon, wie lange im Voraus die Stornierung erfolgt, da unsere engagierte Arbeit f\u00fcr Ihre ma\u00dfgeschneiderte Veranstaltung sofort nach der Buchung beginnt.<\/li>\n<\/ul>\n\n\n\n<p><strong>Stornierungsbedingungen f\u00fcr Fotoshootings<\/strong><\/p>\n\n\n\n<ul class=\"wp-block-list\">\n<li><strong>Stornierungen, die MEHR als 10 volle Werktage VOR<\/strong> Ihr geplanter Fototermin: Sie erhalten eine <strong>volle R\u00fcckerstattung<\/strong> des Gesamtbetrags, der speziell f\u00fcr das Fotoshooting bezahlt wurde, <strong>abz\u00fcglich einer Verwaltungsgeb\u00fchr von 10%.<\/strong> (Diese Geb\u00fchr wird auf Grundlage des gesamten urspr\u00fcnglichen Buchungswerts des Fotoshootings berechnet.)<\/li>\n\n\n\n<li><strong>Stornierungen, die 10 volle Werktage oder WENIGER VOR<\/strong> Ihr geplanter Fotoshooting-Termin: Zahlungen, die ausdr\u00fccklich f\u00fcr das Fotoshooting geleistet werden, sind <strong>nicht erstattungsf\u00e4hig<\/strong> an dieser Stelle.<\/li>\n<\/ul>\n\n\n\n<p><strong>Allgemeine Gesch\u00e4ftsbedingungen (f\u00fcr alle Dienste g\u00fcltig)<\/strong><\/p>\n\n\n\n<ul class=\"wp-block-list\">\n<li><strong>Nichterscheinen und Last-Minute-Probleme:<\/strong> Bei Nichterscheinen oder Stornierungen innerhalb von 10 vollen Werktagen vor dem geplanten Servicedatum\/Veranstaltungsbeginn werden keine R\u00fcckerstattungen gew\u00e4hrt, wenn dies auf folgende Umst\u00e4nde zur\u00fcckzuf\u00fchren ist, einschlie\u00dflich (aber nicht beschr\u00e4nkt auf): Wetterprobleme \ud83c\udf27\ufe0f, Flugversp\u00e4tungen\/-stornierungen \u2708\ufe0f, Streiks, Pandemien, beh\u00f6rdliche Beschr\u00e4nkungen, Schwangerschaft, gesundheitliche Probleme, Meinungs\u00e4nderungen, Beziehungs\u00e4nderungen usw.<\/li>\n\n\n\n<li><strong>KMIP-Stornierung (h\u00f6here Gewalt):<\/strong> In dem \u00e4u\u00dferst seltenen Fall, dass KMIP aufgrund unvorhergesehener Umst\u00e4nde, die au\u00dferhalb unserer Kontrolle liegen (h\u00f6here Gewalt nach franz\u00f6sischem Recht, schwere Krankheit, die die Leistungserbringung verhindert), die vereinbarten Leistungen nicht erbringen kann, werden wir Sie umgehend benachrichtigen. Unsere Haftung beschr\u00e4nkt sich auf die R\u00fcckerstattung direkt geleisteter Zahlungen. <em>zu KMIP<\/em> f\u00fcr die spezifischen Dienstleistungen, die wir gem\u00e4\u00df geltendem franz\u00f6sischem Recht nicht erbringen k\u00f6nnen. Wir werden versuchen, Ihnen bei der Suche nach alternativen Vereinbarungen behilflich zu sein, k\u00f6nnen dies jedoch nicht garantieren.<\/li>\n\n\n\n<li><strong>Umplanung:<\/strong> Obwohl wir stets um Flexibilit\u00e4t bem\u00fcht sind, unterliegen Umbuchungsw\u00fcnsche unserer Verf\u00fcgbarkeit und k\u00f6nnen zus\u00e4tzliche Geb\u00fchren nach sich ziehen. Eine Umbuchung ist nicht garantiert und hebt die Stornierungsbedingungen nicht auf, die auf der <em>Original<\/em> gebuchtes Datum.<\/li>\n<\/ul>\n\n\n\n<p>\ud83d\udcf8 <strong>Liefergegenst\u00e4nde und Bildnutzung<\/strong><\/p>\n\n\n\n<ul class=\"wp-block-list\">\n<li><strong>Was Sie bekommen:<\/strong> F\u00fcr Fotoshootings\/Events mit Fotografie\/Videografie liefern wir hochaufl\u00f6sende digitale Dateien (bearbeitete Bilder, ggf. wichtiges unbearbeitetes Filmmaterial nach Vereinbarung) \u00fcber eine sichere Online-Galerie oder per Transfer. Physische Produkte (Drucke, Alben) sind nicht im Lieferumfang enthalten, sofern nicht anders im Vertrag vereinbart.<\/li>\n\n\n\n<li><strong>Nutzungsrechte:<\/strong> Sie erhalten eine Lizenz f\u00fcr <strong>pers\u00f6nlichen Gebrauch<\/strong> Ihrer Bilder\/Videos (Teilen mit Freunden\/Familie, pers\u00f6nliche soziale Medien, Ausdrucken f\u00fcr sich selbst). Die kommerzielle Nutzung ist ohne vorherige schriftliche Zustimmung nicht gestattet.<\/li>\n\n\n\n<li><strong>Copyright:<\/strong> Das Urheberrecht an den erstellten Bildern\/Videos verbleibt beim Fotografen\/Videografen.<\/li>\n\n\n\n<li><strong>KMIP-Portfolio-Nutzung:<\/strong> Wir pr\u00e4sentieren unsere Arbeit gerne! Wir bitten Sie gegebenenfalls um Ihre Erlaubnis (\u00fcber eine separate Klausel in Ihrem Vertrag oder eine Model-Freigabe), ausgew\u00e4hlte Bilder\/Videos Ihrer Veranstaltung\/Ihres Shootings auf unserer Website, in sozialen Medien und f\u00fcr Werbematerialien zu verwenden. <strong>Wir verwenden sie nur mit Ihrer ausdr\u00fccklichen schriftlichen Zustimmung.<\/strong><\/li>\n<\/ul>\n\n\n\n<p>\ud83e\udd1d <strong>Unsere Rolle und Verantwortung<\/strong><\/p>\n\n\n\n<ul class=\"wp-block-list\">\n<li><strong>KMIP:<\/strong> Wir versprechen, die in Ihrem spezifischen Vertrag beschriebenen Planungs-, Koordinations- oder Fotodienstleistungen mit professioneller Kompetenz und Sorgfalt zu erbringen.<\/li>\n\n\n\n<li><strong>Kunde:<\/strong> Wir verlassen uns auf Ihre zeitnahe Kommunikation, die Bereitstellung genauer Informationen, die umgehende Erteilung notwendiger Entscheidungen\/Genehmigungen und die Einhaltung des Zahlungsplans.<\/li>\n\n\n\n<li><strong>Drittanbieter:<\/strong> Als Planer koordinieren wir die Zusammenarbeit mit verschiedenen unabh\u00e4ngigen Anbietern (Veranstaltungsorte, Caterer usw.). Wir w\u00e4hlen und empfehlen zwar seri\u00f6se Partner aus, k\u00f6nnen jedoch nicht f\u00fcr die spezifischen Leistungen, Ausf\u00e4lle oder Handlungen dieser Drittunternehmen haftbar gemacht werden. Unsere Rolle besteht in der Koordination und Planung.<\/li>\n<\/ul>\n\n\n\n<p>\ud83d\udc68\u200d\ud83d\udc69\u200d\ud83d\udc67 <strong>Minderj\u00e4hrige<\/strong><\/p>\n\n\n\n<p>Im Rahmen von Familienshootings oder Veranstaltungen fotografieren wir Minderj\u00e4hrige. Voraussetzung hierf\u00fcr ist immer die Erlaubnis eines Elternteils oder Erziehungsberechtigten, der idealerweise w\u00e4hrend des Shootings anwesend sein sollte.<\/p>\n\n\n\n<p>\ud83d\udee1\ufe0f <strong>Haftungsbeschr\u00e4nkungen<\/strong><\/p>\n\n\n\n<p>Sofern nicht durch franz\u00f6sisches Recht verboten, ist die Haftung von KMIP beschr\u00e4nkt. Wir haften nicht f\u00fcr Umst\u00e4nde, die au\u00dferhalb unserer Kontrolle liegen, einschlie\u00dflich Naturkatastrophen, Wetter, Streiks, Transportproblemen oder pers\u00f6nlichen Umst\u00e4nden des Kunden (Krankheit, verpasste Fl\u00fcge usw.). Unsere Gesamthaftung im Zusammenhang mit den erbrachten Dienstleistungen \u00fcbersteigt nicht die Gesamtgeb\u00fchren, die Sie an KMIP f\u00fcr diese spezifischen Dienstleistungen gezahlt haben.<\/p>\n\n\n\n<p><em>Fragen zu diesen Bedingungen? Bitte fragen Sie vor der Buchung! <a href=\"https:\/\/kissinparis.com\/de\/kontakt-erfolgreich\/\">Hier k\u00f6nnen Sie uns kontaktieren<\/a> oder senden Sie uns eine E-Mail an support@kissinparis.com.<\/em><\/p>\n<\/div><\/div>\n\n\n\n<p><\/p>","protected":false},"excerpt":{"rendered":"<p>Terms of Service Welcome to Kiss Me in Paris, where we turn Parisian dreams into reality! Please read these terms \u2013 they form the basis of our fantastic working relationship when you book our planning or photoshoot services. \ud83c\uddeb\ud83c\uddf7 Our Agreement These terms, along with your signed proposal or contract, form the agreement between you [&hellip;]<\/p>\n","protected":false},"author":40,"featured_media":0,"parent":0,"menu_order":0,"comment_status":"closed","ping_status":"closed","template":"","meta":{"_acf_changed":false,"ub_ctt_via":"","footnotes":""},"class_list":["post-20031","page","type-page","status-publish","hentry"],"acf":[],"featured_image_src":null,"_links":{"self":[{"href":"https:\/\/kissinparis.com\/de\/wp-json\/wp\/v2\/pages\/20031","targetHints":{"allow":["GET"]}}],"collection":[{"href":"https:\/\/kissinparis.com\/de\/wp-json\/wp\/v2\/pages"}],"about":[{"href":"https:\/\/kissinparis.com\/de\/wp-json\/wp\/v2\/types\/page"}],"author":[{"embeddable":true,"href":"https:\/\/kissinparis.com\/de\/wp-json\/wp\/v2\/users\/40"}],"replies":[{"embeddable":true,"href":"https:\/\/kissinparis.com\/de\/wp-json\/wp\/v2\/comments?post=20031"}],"version-history":[{"count":4,"href":"https:\/\/kissinparis.com\/de\/wp-json\/wp\/v2\/pages\/20031\/revisions"}],"predecessor-version":[{"id":28556,"href":"https:\/\/kissinparis.com\/de\/wp-json\/wp\/v2\/pages\/20031\/revisions\/28556"}],"wp:attachment":[{"href":"https:\/\/kissinparis.com\/de\/wp-json\/wp\/v2\/media?parent=20031"}],"curies":[{"name":"wp","href":"https:\/\/api.w.org\/{rel}","templated":true}]}}