{"id":20032,"date":"2025-05-02T11:58:48","date_gmt":"2025-05-02T11:58:48","guid":{"rendered":"https:\/\/kissinparis.com\/?page_id=20032"},"modified":"2026-02-20T13:46:42","modified_gmt":"2026-02-20T13:46:42","slug":"cookie-richtlinie","status":"publish","type":"page","link":"https:\/\/kissinparis.com\/de\/cookie-policy\/","title":{"rendered":"Cookie-Richtlinie"},"content":{"rendered":"<div class=\"wp-block-group alignfull sec heror-section mt-0 mb-0 has-scroll-down has-background-color has-primary-background-color has-text-color has-background has-link-color wp-elements-1316ceccd1c5a1c713608d96d7a24773\"><div class=\"wp-block-group__inner-container is-layout-constrained wp-block-group-is-layout-constrained\">\n<h1 class=\"wp-block-heading alignwide has-text-align-left full has-background-color has-text-color has-link-color wp-elements-5bfd07e11c315872cfe257447c873d90\">Cookie-Richtlinie<\/h1>\n<\/div><\/div>\n\n\n\n<div class=\"wp-block-group alignfull sec mt-0 mb-0\"><div class=\"wp-block-group__inner-container is-layout-constrained wp-block-group-is-layout-constrained\">\n<p>Diese Seite erkl\u00e4rt, wie Kiss Me in Paris Cookies auf kissinparis.com verwendet und welche Wahlm\u00f6glichkeiten Sie haben.<\/p>\n\n\n\n<p><strong>Was sind Cookies?<\/strong><\/p>\n\n\n\n<p>Cookies sind kleine Textdateien, die beim Besuch einer Website auf Ihrem Ger\u00e4t gespeichert werden. Sie helfen der Website, Ihre Pr\u00e4ferenzen zu speichern, ordnungsgem\u00e4\u00df zu funktionieren und geben uns Einblicke in die Nutzung der Website durch Besucher.<\/p>\n\n\n\n<p><strong>von uns verwendete Cookies<\/strong><\/p>\n\n\n\n<p><em>Unbedingt notwendige Cookies<\/em> Diese Cookies sorgen daf\u00fcr, dass die Website funktioniert \u2013 beispielsweise, dass Ihre Cookie-Einstellungen gespeichert und Ihre Sitzung aufrechterhalten werden. Sie ben\u00f6tigen keine Einwilligung und k\u00f6nnen nicht deaktiviert werden.<\/p>\n\n\n\n<p><em>Analyse-Cookies (Ihre Zustimmung ist erforderlich)<\/em> Wir nutzen Google Analytics, um zu verstehen, welche Seiten Besucher am h\u00e4ufigsten nutzen und wie sie auf der Website navigieren. Diese Daten werden anonymisiert und helfen uns, die Benutzerfreundlichkeit zu verbessern. Diese Cookies werden erst nach Ihrer Einwilligung gesetzt.<\/p>\n\n\n\n<p><em>Marketing-Cookies (Ihre Zustimmung ist erforderlich)<\/em> Wir verwenden den Meta-Pixel (Facebook) und den LinkedIn Insight Tag, um die Effektivit\u00e4t unserer Werbung zu messen und potenzielle Kunden zu erreichen. Diese Cookies werden erst nach Ihrer Einwilligung gesetzt. Gegebenenfalls fallen auch Cookies im Zusammenhang mit eingebetteten Tools wie dem WhatsApp-Chat unter diese Kategorie.<\/p>\n\n\n\n<p><strong>Ihre Auswahlm\u00f6glichkeiten<\/strong><\/p>\n\n\n\n<p>Beim ersten Besuch der Website wird Ihnen ein Einwilligungsbanner angezeigt. Sie k\u00f6nnen alle Cookies akzeptieren, nicht notwendige Cookies ablehnen oder ausw\u00e4hlen, welche Kategorien Sie zulassen m\u00f6chten.<\/p>\n\n\n\n<p>Haben Sie es sich anders \u00fcberlegt? Sie k\u00f6nnen Ihre Einstellungen jederzeit in Ihrem Browser aktualisieren. Die meisten Browser erm\u00f6glichen es Ihnen, Cookies einzeln anzuzeigen, zu verwalten und zu l\u00f6schen. Genaue Anweisungen finden Sie in der Hilfe Ihres Browsers.<\/p>\n\n\n\n<p><strong>Fragen<\/strong> <\/p>\n\n\n\n<p>Bei allen Fragen zu Cookies oder Datenschutz kontaktieren Sie uns bitte unter <em><a href=\"mailto:support@kissinparis.com\">support@kissinparis.com<\/a><\/em> Oder lesen Sie unsere vollst\u00e4ndige Datenschutzerkl\u00e4rung.<\/p>\n<\/div><\/div>","protected":false},"excerpt":{"rendered":"<p>Cookie Policy This page explains how Kiss Me in Paris uses cookies on kissinparis.com and what choices you have. What cookies are Cookies are small text files stored on your device when you visit a website. They help the site remember your preferences, function properly, and give us insight into how visitors use the site. [&hellip;]<\/p>\n","protected":false},"author":40,"featured_media":0,"parent":0,"menu_order":0,"comment_status":"closed","ping_status":"closed","template":"","meta":{"_acf_changed":false,"ub_ctt_via":"","footnotes":""},"class_list":["post-20032","page","type-page","status-publish","hentry"],"acf":[],"featured_image_src":null,"_links":{"self":[{"href":"https:\/\/kissinparis.com\/de\/wp-json\/wp\/v2\/pages\/20032","targetHints":{"allow":["GET"]}}],"collection":[{"href":"https:\/\/kissinparis.com\/de\/wp-json\/wp\/v2\/pages"}],"about":[{"href":"https:\/\/kissinparis.com\/de\/wp-json\/wp\/v2\/types\/page"}],"author":[{"embeddable":true,"href":"https:\/\/kissinparis.com\/de\/wp-json\/wp\/v2\/users\/40"}],"replies":[{"embeddable":true,"href":"https:\/\/kissinparis.com\/de\/wp-json\/wp\/v2\/comments?post=20032"}],"version-history":[{"count":6,"href":"https:\/\/kissinparis.com\/de\/wp-json\/wp\/v2\/pages\/20032\/revisions"}],"predecessor-version":[{"id":29443,"href":"https:\/\/kissinparis.com\/de\/wp-json\/wp\/v2\/pages\/20032\/revisions\/29443"}],"wp:attachment":[{"href":"https:\/\/kissinparis.com\/de\/wp-json\/wp\/v2\/media?parent=20032"}],"curies":[{"name":"wp","href":"https:\/\/api.w.org\/{rel}","templated":true}]}}