{"id":24577,"date":"2025-06-12T14:39:52","date_gmt":"2025-06-12T14:39:52","guid":{"rendered":"https:\/\/kissinparis.com\/?page_id=24577"},"modified":"2026-02-19T17:40:11","modified_gmt":"2026-02-19T17:40:11","slug":"sitemap","status":"publish","type":"page","link":"https:\/\/kissinparis.com\/de\/sitemap\/","title":{"rendered":"Sitemap"},"content":{"rendered":"<div class=\"wp-block-group alignfull sec heror-section mt-0 mb-0 has-scroll-down has-background-color has-primary-background-color has-text-color has-background has-link-color wp-elements-aa88313a1056b2570b30498a0a4aca7d\"><div class=\"wp-block-group__inner-container is-layout-constrained wp-block-group-is-layout-constrained\">\n<h1 class=\"wp-block-heading alignwide has-text-align-left full has-background-color has-text-color has-link-color wp-elements-a7b081495257a8645e16111374bbb61b\">Website-Verzeichnis<\/h1>\n\n\n\n<p class=\"ml-0 container-sm\">Alles auf unserer Website ist nach Service geordnet. Nutzen Sie die unten stehenden Abschnitte, um das Gesuchte zu finden, oder besuchen Sie unsere Seite \u201eHier starten\u201c f\u00fcr eine gef\u00fchrte \u00dcbersicht.<\/p>\n<\/div><\/div>\n\n\n\n<div class=\"wp-block-group alignfull mt-0 mb-0 sec sec-sitemap\"><div class=\"wp-block-group__inner-container is-layout-constrained wp-block-group-is-layout-constrained\">\n<nav aria-label=\"Vollst\u00e4ndige Sitemap\" itemscope itemtype=\"http:\/\/schema.org\/SiteNavigationElement\">\n\n\n\n<h2 class=\"wp-block-heading\">Heiratsantrag<\/h2>\n\n\n\n<p>Planungsressourcen, Pakete und Standortf\u00fchrer f\u00fcr Pariser Angebote.<\/p>\n\n\n\n<ul class=\"wp-block-list\">\n<li><a href=\"https:\/\/kissinparis.com\/de\/heiratsantrag-paris\/planer\/\">Heiratsantrag-Planer Paris<\/a><\/li>\n\n\n\n<li><a href=\"https:\/\/kissinparis.com\/de\/heiratsantrag-paris\/eiffelturm-paket\/\" data-type=\"link\" data-id=\"https:\/\/kissinparis.com\/paris-proposal\/eiffel-tower-proposal-package\/\">Eiffelturm-Antragspaket<\/a><\/li>\n\n\n\n<li><a href=\"https:\/\/kissinparis.com\/de\/heiratsantrag-paris\/pakete\/\">Alle Angebotspakete<\/a><\/li>\n\n\n\n<li><a href=\"https:\/\/kissinparis.com\/de\/heiratsantrag-paris\/warum-antrag-in-paris\/\">Warum in Paris einen Heiratsantrag machen?<\/a><\/li>\n\n\n\n<li><a href=\"https:\/\/kissinparis.com\/de\/heiratsantrag-paris\/ideen-paris\/\">Ideen f\u00fcr einen Heiratsantrag in Paris<\/a><\/li>\n\n\n\n<li><a href=\"https:\/\/kissinparis.com\/de\/wo-heiratsantrag-in-paris\/\">Die besten Orte f\u00fcr einen Heiratsantrag in Paris<\/a><\/li>\n\n\n\n<li><a href=\"https:\/\/kissinparis.com\/de\/heiratsantrag-dachterrasse-paris\/\">Die besten Pariser Veranstaltungsorte f\u00fcr Heiratsantr\u00e4ge auf D\u00e4chern<\/a><\/li>\n\n\n\n<li><a href=\"https:\/\/kissinparis.com\/de\/heiratsantrag-paris\/grosse-buchstaben\/\">Heiratsantragsbriefe<\/a><\/li>\n\n\n\n<li><a href=\"https:\/\/kissinparis.com\/de\/heiratsantrag-paris\/secret-garden-eiffelturm\/\">Secret Garden Eiffelturm-Antrag<\/a><\/li>\n\n\n\n<li><a href=\"https:\/\/kissinparis.com\/de\/heiratsantrag-paris\/ueberraschungs-fotoshooting\/\">Fotoshooting \u00dcberraschungsantrag<\/a><\/li>\n\n\n\n<li><a href=\"https:\/\/kissinparis.com\/de\/heiratsantrag-paris\/picknick\/\">Vorschlag f\u00fcr ein Picknick in Paris<\/a><\/li>\n\n\n\n<li><a href=\"https:\/\/kissinparis.com\/de\/heiratsantrag-paris\/picknick\/\">Kosten des Pariser Vorschlags<\/a><\/li>\n\n\n\n<li><a href=\"https:\/\/kissinparis.com\/de\/heiratsantrag-paris\/picknick\/\">Planen Sie einen Heiratsantrag auf der Halbinsel Paris<\/a><\/li>\n\n\n\n<li><a href=\"https:\/\/kissinparis.com\/de\/heiratsantrag-paris\/champagner-upgrades\/\" data-type=\"link\" data-id=\"https:\/\/kissinparis.com\/paris-proposal\/paris-champagne-upgrades\/\">Champagner-Upgrades f\u00fcr au\u00dfergew\u00f6hnliche Feiern<\/a><\/li>\n<\/ul>\n\n\n\n<h2 class=\"wp-block-heading\">Hochzeiten &amp; Durchbr\u00fcche<\/h2>\n\n\n\n<p>Ratgeber und Planungshilfe f\u00fcr Hochzeiten und Elopements in Paris und Frankreich.<\/p>\n\n\n\n<ul class=\"wp-block-list\">\n<li><a href=\"https:\/\/kissinparis.com\/de\/hochzeitsplaner-paris\/\">Pariser Hochzeitsplaner<\/a><\/li>\n\n\n\n<li><a href=\"https:\/\/kissinparis.com\/de\/intime-hochzeit-paris\/shangri-la\/\">Durchbrennen im Shangri-La Paris<\/a><\/li>\n\n\n\n<li><a href=\"https:\/\/kissinparis.com\/de\/heiraten-in-paris\/vorbereitungen\/\">Pariser Fotoshootings vor der Hochzeit<\/a><\/li>\n<\/ul>\n\n\n\n<h2 class=\"wp-block-heading\">Fotografie &amp; Videografie<\/h2>\n\n\n\n<p>Foto- und Filmdienstleistungen f\u00fcr Paare, Familien, Hochzeiten und Einzelshootings.<\/p>\n\n\n\n<ul class=\"wp-block-list\">\n<li><a href=\"https:\/\/kissinparis.com\/de\/fotograf-paris\/\">Pariser Fotograf (alle Dienstleistungen)<\/a><\/li>\n\n\n\n<li><a href=\"https:\/\/kissinparis.com\/de\/jetzt-buchen\/\">Fotoshooting buchen<\/a><\/li>\n\n\n\n<li><a href=\"https:\/\/kissinparis.com\/de\/heiratsantrag-paris\/fotograf\/\">Fotografie f\u00fcr Heiratsantr\u00e4ge<\/a><\/li>\n\n\n\n<li><a href=\"https:\/\/kissinparis.com\/de\/heiraten-in-paris\/fotograf\/\">Hochzeitsfotografie<\/a><\/li>\n\n\n\n<li><a href=\"https:\/\/kissinparis.com\/de\/boudoir-fotografie-paris\/\">Boudoir-Fotografie<\/a><\/li>\n\n\n\n<li><a href=\"https:\/\/kissinparis.com\/de\/fotoshooting-paris\/familienfotograf\/\">Familienfotografie<\/a><\/li>\n\n\n\n<li><a href=\"https:\/\/kissinparis.com\/de\/videograf-paris\/\">Videografie in Paris<\/a><\/li>\n\n\n\n<li><a href=\"https:\/\/kissinparis.com\/de\/fotoshooting-paris\/faq\/\">H\u00e4ufig gestellte Fragen zum Fotoshooting in Paris<\/a><\/li>\n<\/ul>\n\n\n\n<h2 class=\"wp-block-heading\">Leitf\u00e4den &amp; Inspiration<\/h2>\n\n\n\n<p>Standortf\u00fchrer, Tipps und Planungshilfen.<\/p>\n\n\n\n<ul class=\"wp-block-list\">\n<li><a href=\"https:\/\/kissinparis.com\/de\/beste-fotospots-paris\/\">Die besten Fotolocations in Paris<\/a><\/li>\n\n\n\n<li><a href=\"https:\/\/kissinparis.com\/de\/posen-paarfotoshooting\/\">Posen f\u00fcr Paar-Fotoshootings<\/a><\/li>\n\n\n\n<li><a href=\"https:\/\/kissinparis.com\/de\/restaurants-eiffelturm-blick\/\">Restaurants mit Blick auf den Eiffelturm<\/a><\/li>\n\n\n\n<li><a href=\"https:\/\/kissinparis.com\/de\/verlobungsfotos-paris\/\">Verlobungsfotos in Paris<\/a><\/li>\n\n\n\n<li><a href=\"https:\/\/kissinparis.com\/de\/ressourcen\/\">Alle Anleitungen und Ressourcen<\/a><\/li>\n<\/ul>\n<\/div><\/div>\n\n\n\n<\/nav>","protected":false},"excerpt":{"rendered":"<p>Site Directory Everything on our site, organized by service. Use the sections below to find what you&#8217;re looking for, or visit our Start Here page for a guided overview. Proposals Planning resources, packages, and location guides for Paris proposals. Weddings &amp; Elopements Guides and planning for destination weddings and elopements in Paris and France. Photography [&hellip;]<\/p>\n","protected":false},"author":35,"featured_media":0,"parent":0,"menu_order":0,"comment_status":"closed","ping_status":"closed","template":"","meta":{"_acf_changed":false,"ub_ctt_via":"","footnotes":""},"class_list":["post-24577","page","type-page","status-publish","hentry"],"acf":[],"featured_image_src":null,"_links":{"self":[{"href":"https:\/\/kissinparis.com\/de\/wp-json\/wp\/v2\/pages\/24577","targetHints":{"allow":["GET"]}}],"collection":[{"href":"https:\/\/kissinparis.com\/de\/wp-json\/wp\/v2\/pages"}],"about":[{"href":"https:\/\/kissinparis.com\/de\/wp-json\/wp\/v2\/types\/page"}],"author":[{"embeddable":true,"href":"https:\/\/kissinparis.com\/de\/wp-json\/wp\/v2\/users\/35"}],"replies":[{"embeddable":true,"href":"https:\/\/kissinparis.com\/de\/wp-json\/wp\/v2\/comments?post=24577"}],"version-history":[{"count":18,"href":"https:\/\/kissinparis.com\/de\/wp-json\/wp\/v2\/pages\/24577\/revisions"}],"predecessor-version":[{"id":29439,"href":"https:\/\/kissinparis.com\/de\/wp-json\/wp\/v2\/pages\/24577\/revisions\/29439"}],"wp:attachment":[{"href":"https:\/\/kissinparis.com\/de\/wp-json\/wp\/v2\/media?parent=24577"}],"curies":[{"name":"wp","href":"https:\/\/api.w.org\/{rel}","templated":true}]}}