{"id":29274,"date":"2026-02-14T12:24:55","date_gmt":"2026-02-14T12:24:55","guid":{"rendered":"https:\/\/kissinparis.com\/?page_id=29274"},"modified":"2026-02-16T11:52:43","modified_gmt":"2026-02-16T11:52:43","slug":"reuters-vorschlage-fur-paris-2026","status":"publish","type":"page","link":"https:\/\/kissinparis.com\/de\/in-the-media\/reuters-2026-paris-proposals\/","title":{"rendered":"Reuters \u00fcber das boomende Gesch\u00e4ft mit Pariser Vorschl\u00e4gen (2026)"},"content":{"rendered":"<div class=\"wp-block-group alignfull sec heror-section mt-0 mb-0 has-scroll-down has-background-color has-primary-background-color has-text-color has-background has-link-color wp-elements-d69c569ec0e1ee39588ce261d9f5b31c\"><div class=\"wp-block-group__inner-container is-layout-constrained wp-block-group-is-layout-constrained\">\n<h1 class=\"wp-block-heading alignwide has-text-align-left full has-background-color has-text-color has-link-color wp-elements-a24c116236abfc0e92ae447d826846ea\">Reuters \u00fcber das boomende Gesch\u00e4ft mit Pariser Vorschl\u00e4gen (2026)<\/h1>\n\n\n\n<h2 class=\"wp-block-heading alignfull has-large-font-size\">Mit Kommentaren von Chantelle Streete, Mitbegr\u00fcnderin und leitende Planerin.<\/h2>\n\n\n\n<p>Im Februar 2026 berichtete Reuters \u00fcber das rasante Wachstum der Luxus-Heiratsplanung in Paris \u2013 mit Fokus auf aufwendig inszenierte Erlebnisse und die Nachfrage nach Heiratsantr\u00e4gen, die filmreif und gleichzeitig perfekt umgesetzt sind. Der Artikel stellte Kiss Me in Paris in diesem exklusiven Marktsegment vor und verdeutlicht die operative Pr\u00e4zision, Diskretion und kreative Vision, die unser Team unter der Leitung von Chantelle Streete f\u00fcr unvergessliche Momente einbringt.<\/p>\n<\/div><\/div>\n\n\n\n<div class=\"wp-block-group alignfull mt-0 mb-0 sec\" id=\"2026-highlights\"><div class=\"wp-block-group__inner-container is-layout-constrained wp-block-group-is-layout-constrained\">\n<h2 class=\"wp-block-heading\">Wichtigste Erkenntnisse<\/h2>\n\n\n\n<ul class=\"wp-block-list\">\n<li>Die Planung von Heiratsantr\u00e4gen in Paris entwickelt sich zunehmend zu einer Premium-Dienstleistung mit globalen Kunden und hohen Erwartungen.<\/li>\n\n\n\n<li>Die Berichterstattung verdeutlicht den Wandel hin zu filmischen Konzepten und einer vollst\u00e4ndig durchorganisierten Umsetzung.<\/li>\n\n\n\n<li>Diskretion, Logistik und kreative Leitung sind von zentraler Bedeutung f\u00fcr die Gestaltung luxuri\u00f6ser Erlebnisse.<\/li>\n<\/ul>\n\n\n\n<hr class=\"wp-block-separator has-alpha-channel-opacity\"\/>\n\n\n\n<h2 class=\"wp-block-heading\">Erkunden Sie die Planung von Heiratsantr\u00e4gen<\/h2>\n\n\n\n<p>Wenn Sie einen Heiratsantrag in Paris planen und ein Team w\u00fcnschen, das jedes Detail \u2013 von der Konzeption bis zur Durchf\u00fchrung \u2013 \u00fcbernehmen kann, informieren Sie sich unten \u00fcber unsere Dienstleistungen.<\/p>\n\n\n\n<div class=\"wp-block-buttons is-layout-flex wp-block-buttons-is-layout-flex\">\n<div class=\"wp-block-button has-arrow\"><a class=\"wp-block-button__link wp-element-button\" href=\"https:\/\/kissinparis.com\/de\/heiratsantrag-paris\/planer\/\"><em>Erkunden Sie die Planung von Heiratsantr\u00e4gen<\/em><\/a><\/div>\n<\/div>\n\n\n\n<hr class=\"wp-block-separator has-alpha-channel-opacity\"\/>\n\n\n\n<h2 class=\"wp-block-heading\" id=\"where-published\">Wo es ver\u00f6ffentlicht wurde<\/h2>\n\n\n\n<p>Originalberichterstattung und ausgew\u00e4hlte, von hochrangigen Quellen \u00fcbernommene Versionen der Reuters-Meldung:<\/p>\n\n\n\n<ul class=\"wp-block-list\">\n<li><a href=\"https:\/\/www.reuters.com\/world\/romantic-proposals-become-booming-business-city-love-2026-02-13\/\" target=\"_blank\" rel=\"noreferrer noopener\">Reuters (kanonisch)<\/a><\/li>\n\n\n\n<li><a href=\"https:\/\/www.usnews.com\/news\/world\/articles\/2026-02-13\/romantic-proposals-become-a-booming-business-in-city-of-love\" target=\"_blank\" rel=\"noreferrer noopener\">US News &amp; World Report<\/a><\/li>\n\n\n\n<li><a href=\"https:\/\/uk.news.yahoo.com\/romantic-proposals-become-booming-business-105214376.html\" target=\"_blank\" rel=\"noreferrer noopener\">Yahoo News (UK)<\/a><\/li>\n\n\n\n<li><a href=\"https:\/\/www.investing.com\/news\/world-news\/romantic-proposals-become-a-booming-business-in-city-of-love-4504730\" target=\"_blank\" rel=\"noreferrer noopener\">Investing.com<\/a><\/li>\n\n\n\n<li><a href=\"https:\/\/www.boursorama.com\/actualite-economique\/actualites\/a-paris-la-ville-de-l-amour-le-marche-des-demandes-en-mariage-prospere-06958681710dd3180fae2927d1b5a651\" target=\"_blank\" rel=\"noreferrer noopener\">Boursoma<\/a><\/li>\n\n\n\n<li><a href=\"https:\/\/www.straitstimes.com\/world\/europe\/romantic-proposals-become-a-booming-business-in-city-of-love\" target=\"_blank\" rel=\"noreferrer noopener\">Die Straits Times<\/a><\/li>\n<\/ul>\n<\/div><\/div>","protected":false},"excerpt":{"rendered":"<p>Reuters on the booming business of Paris proposals (2026) Featuring commentary from Chantelle Streete, co-founder and executive planner. In February 2026, Reuters reported on the rapid growth of luxury proposal planning in Paris\u2014highlighting high-production experiences and the demand for proposals that feel cinematic yet flawlessly executed. The story featured Kiss Me in Paris in the [&hellip;]<\/p>\n","protected":false},"author":40,"featured_media":0,"parent":29144,"menu_order":0,"comment_status":"closed","ping_status":"closed","template":"","meta":{"_acf_changed":false,"ub_ctt_via":"","footnotes":""},"class_list":["post-29274","page","type-page","status-publish","hentry"],"acf":[],"featured_image_src":null,"_links":{"self":[{"href":"https:\/\/kissinparis.com\/de\/wp-json\/wp\/v2\/pages\/29274","targetHints":{"allow":["GET"]}}],"collection":[{"href":"https:\/\/kissinparis.com\/de\/wp-json\/wp\/v2\/pages"}],"about":[{"href":"https:\/\/kissinparis.com\/de\/wp-json\/wp\/v2\/types\/page"}],"author":[{"embeddable":true,"href":"https:\/\/kissinparis.com\/de\/wp-json\/wp\/v2\/users\/40"}],"replies":[{"embeddable":true,"href":"https:\/\/kissinparis.com\/de\/wp-json\/wp\/v2\/comments?post=29274"}],"version-history":[{"count":5,"href":"https:\/\/kissinparis.com\/de\/wp-json\/wp\/v2\/pages\/29274\/revisions"}],"predecessor-version":[{"id":29412,"href":"https:\/\/kissinparis.com\/de\/wp-json\/wp\/v2\/pages\/29274\/revisions\/29412"}],"up":[{"embeddable":true,"href":"https:\/\/kissinparis.com\/de\/wp-json\/wp\/v2\/pages\/29144"}],"wp:attachment":[{"href":"https:\/\/kissinparis.com\/de\/wp-json\/wp\/v2\/media?parent=29274"}],"curies":[{"name":"wp","href":"https:\/\/api.w.org\/{rel}","templated":true}]}}