{"id":29279,"date":"2026-02-14T12:32:22","date_gmt":"2026-02-14T12:32:22","guid":{"rendered":"https:\/\/kissinparis.com\/?page_id=29279"},"modified":"2026-02-16T11:52:51","modified_gmt":"2026-02-16T11:52:51","slug":"afp-2026-liebe-an-der-seine","status":"publish","type":"page","link":"https:\/\/kissinparis.com\/de\/in-the-media\/afp-2026-love-on-the-seine\/","title":{"rendered":"AFP \/ France 24 \u00fcber den Aufstieg malerischer Pariser Heiratsantr\u00e4ge (2026)"},"content":{"rendered":"<div class=\"wp-block-group alignfull sec heror-section mt-0 mb-0 has-scroll-down has-background-color has-primary-background-color has-text-color has-background has-link-color wp-elements-32e273c2be9ecc59f41d639cfb4cfa4b\"><div class=\"wp-block-group__inner-container is-layout-constrained wp-block-group-is-layout-constrained\">\n<h1 class=\"wp-block-heading alignwide has-text-align-left full has-background-color has-text-color has-link-color wp-elements-38270cdf9a0f22141153ddb7de4efb97\">AFP \/ France 24 \u00fcber den Aufstieg malerischer Pariser Heiratsantr\u00e4ge (2026)<\/h1>\n\n\n\n<h2 class=\"wp-block-heading alignfull has-large-font-size\">Mit Kommentaren von Chantelle Streete, Mitbegr\u00fcnderin und leitende Planerin.<\/h2>\n\n\n\n<p>AFP, ver\u00f6ffentlicht von France 24, portr\u00e4tierte Kiss Me in Paris im Kontext des Aufstiegs filmischer Heiratsantr\u00e4ge in Paris und zitierte Chantelle Streete dar\u00fcber, warum Kunden Antr\u00e4ge w\u00fcnschen, die sich pers\u00f6nlich, immersiv und makellos inszeniert anf\u00fchlen.<\/p>\n<\/div><\/div>\n\n\n\n<div class=\"wp-block-group alignfull mt-0 mb-0 sec\" id=\"2026-highlights\"><div class=\"wp-block-group__inner-container is-layout-constrained wp-block-group-is-layout-constrained\">\n<h2 class=\"wp-block-heading\">\u00dcberblick<\/h2>\n\n\n\n<p>Im Februar 2026 ver\u00f6ffentlichte die AFP einen Artikel \u00fcber den Trend zu malerischen Heiratsantr\u00e4gen in Paris \u2013 zun\u00e4chst auf France 24 und sp\u00e4ter international wiederver\u00f6ffentlicht. Darin wird gezeigt, wie moderne Paare ihre Verlobung in filmreife, zutiefst pers\u00f6nliche Erlebnisse verwandeln. Der Artikel portr\u00e4tiert \u201eKiss Me in Paris\u201c und beleuchtet Chantelle Streetes Sichtweise auf die wichtigsten Kriterien ihrer Kunden: ein \u00fcberzeugendes Konzept, eine traumhafte Kulisse und eine professionelle Produktion, die jedes Detail perfekt in Szene setzt.<\/p>\n\n\n\n<hr class=\"wp-block-separator has-alpha-channel-opacity\"\/>\n\n\n\n<h2 class=\"wp-block-heading\">Wichtigste Erkenntnisse<\/h2>\n\n\n\n<ul class=\"wp-block-list\">\n<li>Pariser Angebote werden zunehmend als immersive Erlebnisse konzipiert \u2013 pers\u00f6nlich, filmisch und bis ins Detail geplant.<\/li>\n\n\n\n<li>Die Ausf\u00fchrung ist genauso wichtig wie der Ort: Timing, Diskretion und Produktionsqualit\u00e4t pr\u00e4gen den Moment.<\/li>\n\n\n\n<li>Die Abdeckung spiegelt die weltweite Nachfrage nach Spezialisten wider, die Angebote von Anfang bis Ende betreuen.<\/li>\n<\/ul>\n\n\n\n<hr class=\"wp-block-separator has-alpha-channel-opacity\"\/>\n\n\n\n<h2 class=\"wp-block-heading\">Erkunden Sie die Planung von Heiratsantr\u00e4gen<\/h2>\n\n\n\n<p>Wenn Sie einen Heiratsantrag w\u00fcnschen, der sich am Tag selbst m\u00fchelos anf\u00fchlt \u2013 aber hinter den Kulissen perfekt geplant ist \u2013 kann unser Team das gesamte Erlebnis gestalten und umsetzen.<\/p>\n\n\n\n<div class=\"wp-block-buttons is-layout-flex wp-block-buttons-is-layout-flex\">\n<div class=\"wp-block-button has-arrow\"><a class=\"wp-block-button__link wp-element-button\" href=\"https:\/\/kissinparis.com\/de\/heiratsantrag-paris\/planer\/\"><em>Erkunden Sie die Planung von Heiratsantr\u00e4gen<\/em><\/a><\/div>\n<\/div>\n\n\n\n<hr class=\"wp-block-separator has-alpha-channel-opacity\"\/>\n\n\n\n<h2 class=\"wp-block-heading\" id=\"where-published\">Wo es ver\u00f6ffentlicht wurde<\/h2>\n\n\n\n<p>Originalver\u00f6ffentlichung und ausgew\u00e4hlte Ausschnitte aus dem AFP\/France 24-Beitrag:<\/p>\n\n\n\n<ul class=\"wp-block-list\">\n<li><a href=\"https:\/\/www.france24.com\/en\/live-news\/20260212-love-on-the-seine-the-rise-of-picturesque-paris-proposals\" target=\"_blank\" rel=\"noreferrer noopener\">France 24 (EN)<\/a><\/li>\n\n\n\n<li><a href=\"https:\/\/www.france24.com\/es\/minuto-a-minuto\/20260212-las-pedidas-de-mano-con-aires-de-pel%C3%ADcula-conquistan-la-ciudad-del-amor\" target=\"_blank\" rel=\"noreferrer noopener\">France 24 (ES)<\/a><\/li>\n\n\n\n<li><a href=\"https:\/\/www.hindustantimes.com\/lifestyle\/relationships\/love-on-the-seine-the-rise-of-picturesque-paris-proposals-101770906496507.html?\" target=\"_blank\" data-type=\"link\" data-id=\"https:\/\/www.hindustantimes.com\/lifestyle\/relationships\/love-on-the-seine-the-rise-of-picturesque-paris-proposals-101770906496507.html?\" rel=\"noreferrer noopener\">Hindustan Times<\/a><\/li>\n\n\n\n<li><a href=\"https:\/\/www.thelocal.fr\/20260212\/a-ritual-shaped-by-an-industry-the-rise-of-the-pricey-paris-proposals\" target=\"_blank\" rel=\"noreferrer noopener\">The Local (Frankreich)<\/a><\/li>\n\n\n\n<li><a href=\"https:\/\/www.lanacion.com.ar\/agencias\/las-pedidas-de-mano-con-aires-de-pelicula-conquistan-la-ciudad-del-amor-nid12022026\/\" target=\"_blank\" rel=\"noreferrer noopener\">La Naci\u00f3n (Argentinien)<\/a><\/li>\n\n\n\n<li><a href=\"https:\/\/www.primicias.ec\/entretenimiento\/pedidas-mano-paris-precios-agencias-hoteles-compromiso-matrimonio-116007\/\" target=\"_blank\" rel=\"noreferrer noopener\">Primicias (Ecuador)<\/a><\/li>\n\n\n\n<li><a href=\"https:\/\/www.dailysabah.com\/life\/marry-me-in-paris-luxury-proposals-draw-global-clients\/news\" target=\"_blank\" data-type=\"link\" data-id=\"https:\/\/www.dailysabah.com\/life\/marry-me-in-paris-luxury-proposals-draw-global-clients\/news\" rel=\"noreferrer noopener\">Daily Sabah<\/a><\/li>\n<\/ul>\n\n\n\n<p class=\"has-small-font-size\">Weitere regionale Abholungen werden auf unserer Hauptseite \u201eMedien\u201c verfolgt.<\/p>\n<\/div><\/div>","protected":false},"excerpt":{"rendered":"<p>AFP \/ France 24 on the rise of picturesque Paris proposals (2026) Featuring commentary from Chantelle Streete, co-founder and executive planner. AFP, published by&nbsp;France 24, profiled&nbsp;Kiss Me in Paris&nbsp;in the context of the rise of cinematic Paris proposal planning, quoting Chantelle Streete on why clients want proposals that feel personal, immersive, and flawlessly produced. Overview [&hellip;]<\/p>\n","protected":false},"author":40,"featured_media":0,"parent":29144,"menu_order":0,"comment_status":"closed","ping_status":"closed","template":"","meta":{"_acf_changed":false,"ub_ctt_via":"","footnotes":""},"class_list":["post-29279","page","type-page","status-publish","hentry"],"acf":[],"featured_image_src":null,"_links":{"self":[{"href":"https:\/\/kissinparis.com\/de\/wp-json\/wp\/v2\/pages\/29279","targetHints":{"allow":["GET"]}}],"collection":[{"href":"https:\/\/kissinparis.com\/de\/wp-json\/wp\/v2\/pages"}],"about":[{"href":"https:\/\/kissinparis.com\/de\/wp-json\/wp\/v2\/types\/page"}],"author":[{"embeddable":true,"href":"https:\/\/kissinparis.com\/de\/wp-json\/wp\/v2\/users\/40"}],"replies":[{"embeddable":true,"href":"https:\/\/kissinparis.com\/de\/wp-json\/wp\/v2\/comments?post=29279"}],"version-history":[{"count":5,"href":"https:\/\/kissinparis.com\/de\/wp-json\/wp\/v2\/pages\/29279\/revisions"}],"predecessor-version":[{"id":29413,"href":"https:\/\/kissinparis.com\/de\/wp-json\/wp\/v2\/pages\/29279\/revisions\/29413"}],"up":[{"embeddable":true,"href":"https:\/\/kissinparis.com\/de\/wp-json\/wp\/v2\/pages\/29144"}],"wp:attachment":[{"href":"https:\/\/kissinparis.com\/de\/wp-json\/wp\/v2\/media?parent=29279"}],"curies":[{"name":"wp","href":"https:\/\/api.w.org\/{rel}","templated":true}]}}