{"id":4485,"date":"2023-03-07T16:28:21","date_gmt":"2023-03-07T16:28:21","guid":{"rendered":"https:\/\/kissinparis.com\/?page_id=4485"},"modified":"2025-06-10T09:05:39","modified_gmt":"2025-06-10T09:05:39","slug":"pont-des-arts","status":"publish","type":"page","link":"https:\/\/kissinparis.com\/de\/pont-des-arts\/","title":{"rendered":"Pont des Arts"},"content":{"rendered":"<div class=\"wp-block-group alignfull sec heror-section mt-0 mb-0 has-scroll-down has-background-color has-primary-background-color has-text-color has-background has-link-color wp-elements-4beac8673f2382d3e829383563c71ce5\"><div class=\"wp-block-group__inner-container is-layout-constrained wp-block-group-is-layout-constrained\">\n<h1 class=\"wp-block-heading alignwide has-text-align-left full has-background-color has-text-color has-link-color wp-elements-020ed5318d5aaedc5f25a5f2452d66b0\">Pont des Arts \u2013 Traumhafte Pariser Aussichten von der romantischsten Br\u00fccke der Stadt<\/h1>\n<\/div><\/div>\n\n\n\n<div class=\"wp-block-cover alignfull is-light mt-0 mb-0 banner banner-resources\"><img loading=\"lazy\" decoding=\"async\" width=\"1600\" height=\"1067\" class=\"wp-block-cover__image-background wp-image-4488\" alt=\"Pariser Fotograf f\u00fcr Verlobungsfotos\" src=\"https:\/\/kissinparis.com\/wp-content\/uploads\/2023\/03\/Pont-des-Arts-best-Paris-photo-location-4-1.jpg\" data-object-fit=\"cover\" srcset=\"https:\/\/kissinparis.com\/wp-content\/uploads\/2023\/03\/Pont-des-Arts-best-Paris-photo-location-4-1.jpg 1600w, https:\/\/kissinparis.com\/wp-content\/uploads\/2023\/03\/Pont-des-Arts-best-Paris-photo-location-4-1-300x200.jpg 300w, https:\/\/kissinparis.com\/wp-content\/uploads\/2023\/03\/Pont-des-Arts-best-Paris-photo-location-4-1-1024x683.jpg 1024w, https:\/\/kissinparis.com\/wp-content\/uploads\/2023\/03\/Pont-des-Arts-best-Paris-photo-location-4-1-768x512.jpg 768w, https:\/\/kissinparis.com\/wp-content\/uploads\/2023\/03\/Pont-des-Arts-best-Paris-photo-location-4-1-1536x1024.jpg 1536w, https:\/\/kissinparis.com\/wp-content\/uploads\/2023\/03\/Pont-des-Arts-best-Paris-photo-location-4-1-1200x800.jpg 1200w\" sizes=\"auto, (max-width: 1600px) 100vw, 1600px\" \/><span aria-hidden=\"true\" class=\"wp-block-cover__background has-primary-background-color has-background-dim-0 has-background-dim\"><\/span><div class=\"wp-block-cover__inner-container is-layout-flow wp-block-cover-is-layout-flow\">\n<div class=\"banner-video\">\n<img decoding=\"async\" src=\"https:\/\/kissinparis.com\/wp-content\/uploads\/2023\/02\/placeholder_16x9.png\" alt=\"Bereich Held\">\n<\/div>\n<\/div><\/div>\n\n\n\n<div class=\"wp-block-group alignfull mt-0 mb-0 sec sec-content has-white-background-color has-background\" id=\"sec-1\"><div class=\"wp-block-group__inner-container is-layout-constrained wp-block-group-is-layout-constrained\">\n<h2 class=\"wp-block-heading title-v2\">Alles, was Sie \u00fcber Pont des Arts wissen m\u00fcssen<\/h2>\n\n\n\n<p>Zwar ist das Anbringen gravierter Vorh\u00e4ngeschl\u00f6sser an der Fu\u00dfg\u00e4ngerbr\u00fccke nicht mehr m\u00f6glich, doch Liebhaber werden auf keinen Fall entt\u00e4uscht sein.<\/p>\n\n\n\n<p>Die Pont des Arts bietet einige der malerischsten Ausblicke in ganz Paris. Wenn Sie Lust haben, lehnen Sie sich hinein und besiegeln Sie Ihre Liebe zu Ihrem Seelenverwandten mit einem besonderen Kuss.<\/p>\n\n\n<p><div class=\"sc-box tips\"><div class=\"sc-title\"><svg viewbox=\"0 0 512 512\" class=\"icon icon-tip\" role=\"presentation\"><path d=\" M466.27 286.69C475.04 271.84 480 256 480 236.85c0-44.015-37.218-85.58 -85.82-85.58H357.7c4.92-12.81 8.85-28.13 8.85-46.54C366.55 31.936 328.86 0 271.28 0c-61.607 0-58.093 94.933-71.76 108.6-22.747 22.747 -49.615 66.447-68.76 83.4H32c-17.673 0-32 14.327-32 32v240c0 17.673 14.327 32 32 32h64c14.893 0 27.408-10.174 30.978-23.95 44.509 1.001 75.06 39.94 177.802 39.94 7.22 0 15.22.01 22.22.01 77.117 0 111.986 -39.423 112.94-95.33 13.319-18.425 20.299-43.122 17.34-66.99 9.854 -18.452 13.664-40.343 8.99-62.99zm-61.75 53.83c12.56 21.13 1.26 49.41 -13.94 57.57 7.7 48.78-17.608 65.9-53.12 65.9h-37.82c-71.639 0-118.029 -37.82-171.64-37.82V240h10.92c28.36 0 67.98-70.89 94.54-97.46 28.36 -28.36 18.91-75.63 37.82-94.54 47.27 0 47.27 32.98 47.27 56.73 0 39.17 -28.36 56.72-28.36 94.54h103.99c21.11 0 37.73 18.91 37.82 37.82.09 18.9-12.82 37.81-22.27 37.81 13.489 14.555 16.371 45.236-5.21 65.62zM 88 432c0 13.255-10.745 24-24 24s-24-10.745-24-24 10.745-24 24-24 24 10.745 24 24z \" fill=\"currentColor\"><\/path><\/svg><span class=\"sc-label\">Tipp<\/span><\/div><span class=\"sc-content\"><span style=\"font-size: 16px;\">Die Pont des Arts ist vom Hinterhof des Louvre aus ganz einfach zu erreichen. Vielleicht schleichen Sie sich also ein paar unbezahlbare <a class=\"wpil_keyword_link\" title=\"Bilder\" href=\"https:\/\/kissinparis.com\/de\/portfolio\/\" data-wpil-keyword-link=\"linked\">Bilder<\/a> w\u00e4hrend wir auf den Uber warten.<\/span><\/div><\/span><\/p>\n\n\n\n<p><strong>Beste Zeit f\u00fcr <a href=\"https:\/\/kissinparis.com\/de\/fotoshooting-paris\/\">Foto-Shooting<\/a> <\/strong>: ganzt\u00e4gig<br><strong>Romantik-Skala<\/strong>: m\u00e4\u00dfig<br><strong>Regentauglichkeit<\/strong>: arm<br><strong>Orte in der N\u00e4he: <\/strong><a href=\"https:\/\/kissinparis.com\/de\/louvre-museum\/\">Louvre-Museum<\/a>, Tuileriengarten, Mus\u00e9e d&#039;Orsay, Square du Vert-Galant, Seine, Palais-Royal, Caf\u00e9s<br><strong>Kosten<\/strong>: frei<br><strong>Breitengrad und L\u00e4ngengrad<\/strong>: 48,8583\u00b0 N, 2,3375\u00b0 O<\/p>\n<\/div><\/div>","protected":false},"excerpt":{"rendered":"<p>Pont des Arts \u2013 Dreamy Parisian Views from the City\u2019s Most Romantic Bridge All You Need To Know About Pont Des Arts While attaching engraved padlocks to the pedestrian bridge is no longer possible, lovers will definitely not be disappointed. Pont des Arts offers some of the most picturesque views in all of Paris. When [&hellip;]<\/p>\n","protected":false},"author":35,"featured_media":4488,"parent":0,"menu_order":0,"comment_status":"closed","ping_status":"closed","template":"","meta":{"_acf_changed":false,"ub_ctt_via":"","footnotes":""},"class_list":["post-4485","page","type-page","status-publish","has-post-thumbnail","hentry"],"acf":[],"featured_image_src":"https:\/\/kissinparis.com\/wp-content\/uploads\/2023\/03\/Pont-des-Arts-best-Paris-photo-location-4-1.jpg","_links":{"self":[{"href":"https:\/\/kissinparis.com\/de\/wp-json\/wp\/v2\/pages\/4485","targetHints":{"allow":["GET"]}}],"collection":[{"href":"https:\/\/kissinparis.com\/de\/wp-json\/wp\/v2\/pages"}],"about":[{"href":"https:\/\/kissinparis.com\/de\/wp-json\/wp\/v2\/types\/page"}],"author":[{"embeddable":true,"href":"https:\/\/kissinparis.com\/de\/wp-json\/wp\/v2\/users\/35"}],"replies":[{"embeddable":true,"href":"https:\/\/kissinparis.com\/de\/wp-json\/wp\/v2\/comments?post=4485"}],"version-history":[{"count":5,"href":"https:\/\/kissinparis.com\/de\/wp-json\/wp\/v2\/pages\/4485\/revisions"}],"predecessor-version":[{"id":24206,"href":"https:\/\/kissinparis.com\/de\/wp-json\/wp\/v2\/pages\/4485\/revisions\/24206"}],"wp:featuredmedia":[{"embeddable":true,"href":"https:\/\/kissinparis.com\/de\/wp-json\/wp\/v2\/media\/4488"}],"wp:attachment":[{"href":"https:\/\/kissinparis.com\/de\/wp-json\/wp\/v2\/media?parent=4485"}],"curies":[{"name":"wp","href":"https:\/\/api.w.org\/{rel}","templated":true}]}}