{"id":4504,"date":"2025-01-07T16:19:00","date_gmt":"2025-01-07T16:19:00","guid":{"rendered":"https:\/\/kissinparis.com\/?page_id=4504"},"modified":"2025-10-14T14:54:30","modified_gmt":"2025-10-14T14:54:30","slug":"grosse-buchstaben","status":"publish","type":"page","link":"https:\/\/kissinparis.com\/de\/paris-proposal\/marry-me-letters-proposal\/","title":{"rendered":"\u201eMarry Me\u201c-Buchstaben in Paris \u2014 Premium-Setup f\u00fcr Antr\u00e4ge"},"content":{"rendered":"<div class=\"wp-block-group alignfull sec heror-section mt-0 mb-0 has-scroll-down has-background-color has-primary-background-color has-text-color has-background has-link-color wp-elements-da73b8a333f26f95d539c8292589b3f8\"><div class=\"wp-block-group__inner-container is-layout-constrained wp-block-group-is-layout-constrained\">\n<h1 class=\"wp-block-heading alignwide has-text-align-left full has-background-color has-text-color has-link-color wp-elements-e097c79adb65096f3da5b4e97a9346de\">\u201eMarry Me\u201c-Buchstaben in Paris \u2014 Premium-Setup f\u00fcr Antr\u00e4ge<\/h1>\n\n\n\n<h2 class=\"wp-block-heading alignwide has-large-font-size\">In Minuten buchen. Premium-Buchstaben in Wei\u00df, Rot oder Pink mit professioneller Lieferung, Aufbau &amp; Abbau, abgestimmt mit Ihrem Fotografen.<\/h2>\n\n\n\n<div class=\"wp-block-buttons alignfull mt-0 mb-0 pt-10 is-layout-flex wp-block-buttons-is-layout-flex\">\n<div class=\"wp-block-button\"><a class=\"wp-block-button__link has-primary-color has-background-background-color has-text-color has-background wp-element-button\" href=\"https:\/\/kissinparis.com\/de\/beratung\/\">Anfragen<\/a><\/div>\n<\/div>\n<\/div><\/div>\n\n\n\n<div class=\"wp-block-cover alignfull is-light mt-0 mb-0 banner banner-resources\"><img loading=\"lazy\" decoding=\"async\" width=\"1600\" height=\"1067\" class=\"wp-block-cover__image-background wp-image-781\" alt=\"Heiratsantragsbriefe in Paris auf der Seine mit einem pr\u00e4chtigen roten Teppich.\" src=\"https:\/\/kissinparis.com\/wp-content\/uploads\/2023\/03\/Propose-in-Paris-Eiffel-Tower-engagement-with-Marry-Me-sign.jpg\" style=\"object-position:51% 59%\" data-object-fit=\"cover\" data-object-position=\"51% 59%\" srcset=\"https:\/\/kissinparis.com\/wp-content\/uploads\/2023\/03\/Propose-in-Paris-Eiffel-Tower-engagement-with-Marry-Me-sign.jpg 1600w, https:\/\/kissinparis.com\/wp-content\/uploads\/2023\/03\/Propose-in-Paris-Eiffel-Tower-engagement-with-Marry-Me-sign-300x200.jpg 300w, https:\/\/kissinparis.com\/wp-content\/uploads\/2023\/03\/Propose-in-Paris-Eiffel-Tower-engagement-with-Marry-Me-sign-1024x683.jpg 1024w, https:\/\/kissinparis.com\/wp-content\/uploads\/2023\/03\/Propose-in-Paris-Eiffel-Tower-engagement-with-Marry-Me-sign-768x512.jpg 768w, https:\/\/kissinparis.com\/wp-content\/uploads\/2023\/03\/Propose-in-Paris-Eiffel-Tower-engagement-with-Marry-Me-sign-1536x1024.jpg 1536w, https:\/\/kissinparis.com\/wp-content\/uploads\/2023\/03\/Propose-in-Paris-Eiffel-Tower-engagement-with-Marry-Me-sign-1200x800.jpg 1200w\" sizes=\"auto, (max-width: 1600px) 100vw, 1600px\" \/><span aria-hidden=\"true\" class=\"wp-block-cover__background has-primary-background-color has-background-dim-0 has-background-dim\"><\/span><div class=\"wp-block-cover__inner-container is-layout-flow wp-block-cover-is-layout-flow\">\n<div class=\"banner-video\">\n<img decoding=\"async\" src=\"https:\/\/kissinparis.com\/wp-content\/uploads\/2023\/02\/placeholder_16x9.png\" alt=\"Bereich Held\">\n<\/div>\n<\/div><\/div>\n\n\n\n<div class=\"wp-block-group alignfull mt-0 mb-0 sec sec-content has-background-background-color has-background\" id=\"sec-1\"><div class=\"wp-block-group__inner-container is-layout-constrained wp-block-group-is-layout-constrained\">\n<h2 class=\"wp-block-heading title-v2\">Ein spektakul\u00e4rer Heiratsantrag mit Briefen an der Seine \u2013 garantiert<\/h2>\n\n\n\n<p>F\u00fcr eine mutige und doch intime Geste in Paris gibt es nichts Besseres als dieses Erlebnis an der Seine. Ihr Abend beginnt mit einem gem\u00fctlichen Spaziergang in der D\u00e4mmerung am linken Seineufer, wo ein Geiger die Luft mit der Lieblingsmelodie Ihres Partners erf\u00fcllt.<\/p>\n\n\n\n<p>Die Musik f\u00fchrt Sie zu einer Szene, die nur f\u00fcr Sie geschaffen wurde: ein pl\u00fcschiger roter Teppich, ges\u00e4umt mit Rosenbl\u00e4ttern und Kerzen, der direkt zu hoch aufragenden <strong>HEIRATE MICH<\/strong> Buchstaben (erh\u00e4ltlich in Rot, Wei\u00df oder Pink und sogar beleuchtet). Ob auf einem <a href=\"https:\/\/kissinparis.com\/de\/heiratsantrag-dachterrasse-paris\/\">private Dachterrasse<\/a>, ein luxuri\u00f6ses Flussboot oder ein anderer Aussichtspunkt in Paris \u2013 diese auff\u00e4lligen Buchstaben rahmen Ihren Antrag unter dem abendlichen Glanz des Eiffelturms ein.<\/p>\n\n\n\n<p>Wir k\u00fcmmern uns um alles von Anfang bis Ende \u2013 Beleuchtung, Blumen, Musik und Aufr\u00e4umen \u2013, damit Sie sich auf das Wesentliche konzentrieren k\u00f6nnen: ihre Antwort.<\/p>\n\n\n\n<figure class=\"wp-block-image alignwide size-large size-full wp-image-45174\"><img loading=\"lazy\" decoding=\"async\" width=\"1024\" height=\"683\" src=\"https:\/\/kissinparis.com\/wp-content\/uploads\/2023\/03\/Marry-Me-Letters-Paris-Secret-Table-Peninsula-Hotel-1024x683.jpg\" alt=\"Atemberaubende \u201eMarry Me\u201c-Schriftz\u00fcge in pr\u00e4chtigem Rot am Secret Table (Peninsula Hotel) in Paris, erg\u00e4nzt durch einen wundersch\u00f6nen roten Teppich, bezaubernde Akzentkerzen und einen atemberaubenden Champagnertisch. Das gesamte Arrangement entfaltet sich vor der faszinierenden Silhouette des legend\u00e4ren Eiffelturms und schafft eine unvergessliche romantische Szene.\" class=\"wp-image-3730\" srcset=\"https:\/\/kissinparis.com\/wp-content\/uploads\/2023\/03\/Marry-Me-Letters-Paris-Secret-Table-Peninsula-Hotel-1024x683.jpg 1024w, https:\/\/kissinparis.com\/wp-content\/uploads\/2023\/03\/Marry-Me-Letters-Paris-Secret-Table-Peninsula-Hotel-300x200.jpg 300w, https:\/\/kissinparis.com\/wp-content\/uploads\/2023\/03\/Marry-Me-Letters-Paris-Secret-Table-Peninsula-Hotel-768x512.jpg 768w, https:\/\/kissinparis.com\/wp-content\/uploads\/2023\/03\/Marry-Me-Letters-Paris-Secret-Table-Peninsula-Hotel-1536x1024.jpg 1536w, https:\/\/kissinparis.com\/wp-content\/uploads\/2023\/03\/Marry-Me-Letters-Paris-Secret-Table-Peninsula-Hotel-1200x800.jpg 1200w, https:\/\/kissinparis.com\/wp-content\/uploads\/2023\/03\/Marry-Me-Letters-Paris-Secret-Table-Peninsula-Hotel.jpg 1920w\" sizes=\"auto, (max-width: 1024px) 100vw, 1024px\" \/><figcaption class=\"wp-element-caption\">Atemberaubende \u201eMarry Me\u201c-Schriftz\u00fcge in pr\u00e4chtigem Rot am Secret Table (Peninsula Hotel) in Paris, erg\u00e4nzt durch einen wundersch\u00f6nen roten Teppich, bezaubernde Akzentkerzen und einen atemberaubenden Champagnertisch. Das gesamte Arrangement entfaltet sich vor der faszinierenden Silhouette des legend\u00e4ren Eiffelturms und schafft eine unvergessliche romantische Szene.<\/figcaption><\/figure>\n\n\n\n<figure class=\"wp-block-image alignwide size-full wp-image-37286\"><img loading=\"lazy\" decoding=\"async\" width=\"1000\" height=\"667\" src=\"https:\/\/kissinparis.com\/wp-content\/uploads\/2023\/03\/Private-Eiffel-Tower-Proposal-setting.jpg\" alt=\"Heiratsantrag Briefe Paris privates Dach Shangri-La Hotel\" class=\"wp-image-3848\" srcset=\"https:\/\/kissinparis.com\/wp-content\/uploads\/2023\/03\/Private-Eiffel-Tower-Proposal-setting.jpg 1000w, https:\/\/kissinparis.com\/wp-content\/uploads\/2023\/03\/Private-Eiffel-Tower-Proposal-setting-300x200.jpg 300w, https:\/\/kissinparis.com\/wp-content\/uploads\/2023\/03\/Private-Eiffel-Tower-Proposal-setting-768x512.jpg 768w\" sizes=\"auto, (max-width: 1000px) 100vw, 1000px\" \/><figcaption class=\"wp-element-caption\">Ein romantischer Heiratsantrag f\u00fcr gleichgeschlechtliche Paare auf einer privaten Terrasse des Peninsula Paris, mit strahlend wei\u00dfen \u201eHeirate mich\u201c-Buchstaben, \u00fcbergro\u00dfen wei\u00dfen Luftballons und flackernden Kerzen.<\/figcaption><\/figure>\n<\/div><\/div>\n\n\n\n<div class=\"wp-block-group alignfull mt-0 mb-0 sec sec-faq has-subtle-background-background-color has-background\"><div class=\"wp-block-group__inner-container is-layout-constrained wp-block-group-is-layout-constrained\">\n<p class=\"sec-header has-normal-font-size\" style=\"text-transform:none\"><strong>Ab 1.100 \u20ac<\/strong><\/p>\n\n\n<div id=\"rank-math-faq\" class=\"rank-math-block\">\n<div class=\"rank-math-list\">\n<div id=\"faq-question-1748532360674\" class=\"rank-math-list-item\">\n<h3 class=\"rank-math-question\">Was ist in unserem Heiratsantrags-Setup \u201eHeirate mich Briefe\u201c enthalten?<\/h3>\n<div class=\"rank-math-answer\">\n<img loading=\"lazy\" decoding=\"async\" width=\"150\" height=\"150\" src=\"https:\/\/kissinparis.com\/wp-content\/uploads\/2023\/03\/5_Marry-Me-Letters-Paris-proposal-bad-set-up-666x1024-150x150.jpg\" class=\"alignright\" alt=\"Einfaches und preisg\u00fcnstiges \u201eHeirate mich\u201c-Buchstabensetup f\u00fcr einen Heiratsantrag mit gro\u00dfen wei\u00dfen Buchstaben, die im Freien mit minimaler Dekoration angeordnet sind.\" \/>\n<p>Unser All-in-Paket bietet alles, was Sie f\u00fcr einen atemberaubenden Heiratsantrag in Paris brauchen:<\/p>\n<p>\u2014 Lieferung, Installation und Entfernung Ihrer \u201eMarry Me\u201c-Buchstaben (w\u00e4hlen Sie Rot, Wei\u00df oder Pink)<br \/>\u2014 Pl\u00fcschiger roter oder wei\u00dfer Laufstegteppich<br \/>\u2014 24 Kerzen plus Akzentlaternen<br \/>\u2014 Akzent-Rosenbl\u00e4tter von \u00fcber 100 Rosen<\/p>\n<p>Live-GPS-Updates per WhatsApp am Tag Ihrer Veranstaltung<em>.<\/em><\/p>\n\n<\/div>\n<\/div>\n<div id=\"faq-question-1748532458947\" class=\"rank-math-list-item\">\n<h3 class=\"rank-math-question\">Werten Sie Ihren Heiratsantrag mit Briefen auf<\/h3>\n<div class=\"rank-math-answer\">\n\n<p>- <strong>Paparazzi-Stil <a href=\"https:\/\/kissinparis.com\/de\/heiratsantrag-paris\/fotograf\/\">Fotografie<\/a> (60 Minuten):<\/strong> ab 300 \u20ac<br \/>- <strong>60 Sekunden langes Video-Reel im Instagram-Stil:<\/strong> \u20ac375<br \/>- <strong><a href=\"https:\/\/kissinparis.com\/de\/videograf-paris\/\">Videofilmer<\/a>:<\/strong> 500 \u20ac\/Stunde<br \/>- <strong><a href=\"https:\/\/kissinparis.com\/de\/heiratsantrag-paris\/planer\/\">Full-Service-Planung<\/a>:<\/strong> ab 950 \u20ac (nur am Veranstaltungstag: 450 \u20ac)<br \/>- <strong>Live-Meistermusiker<\/strong> (Gitarre, Violine, Cello, Harfe): ab 375 \u20ac<br \/>- <strong>Champagner- und Rosenpaket:<\/strong> ab 325 \u20ac (Kristallfl\u00f6ten + Premium-Bouquet)<br \/>- <strong>Professionelle Beleuchtung und Crowd Manager:<\/strong> 225 \u20ac (erforderlich nach Sonnenuntergang)<\/p>\n<p><strong>Feuerwerksfont\u00e4nen:<\/strong><br \/>\u2014 2 Einheiten, 30 Sek.: 120 \u20ac<br \/>\u2014 4 Einheiten, 30 Sek.: 200 \u20ac<br \/>\u2014 2 Einheiten \u00e0 60 Sek.: 160 \u20ac<br \/>\u2014 4 Einheiten \u00e0 60 Sek.: 240 \u20ac<br \/><em>(Nicht verf\u00fcgbar auf der <a href=\"https:\/\/kissinparis.com\/de\/secret-table-peninsula-paris\/\">Halbinseldach<\/a>)<\/em><\/p>\n<p><strong>Rosenbusch-Akzente:<\/strong> 800 \u20ac\/m (100 Rosen pro Meter; individuelle Blumenangebote m\u00f6glich)<\/p>\n\n<\/div>\n<\/div>\n<div id=\"faq-question-1748532535424\" class=\"rank-math-list-item\">\n<h3 class=\"rank-math-question\">Wichtige Gesch\u00e4ftsbedingungen<\/h3>\n<div class=\"rank-math-answer\">\n\n<p>- <strong>Wetter &amp; Wind:<\/strong> Regen und Wind haben keinen Einfluss auf uns. Bei starkem Regen versuchen wir, den Termin zu verschieben (je nach Kalender). Starker Wind kann Bl\u00fctenbl\u00e4tter, Dekoration, Beleuchtung oder Buchstaben besch\u00e4digen.<br \/>\u2014 \u00d6ffentliche Genehmigungen: F\u00fcr einige Standorte (z. B. entlang der Seine) sind m\u00f6glicherweise lokale Genehmigungen erforderlich. Alle damit verbundenen Geb\u00fchren oder Verz\u00f6gerungen gehen zu Ihren Lasten.<br \/>- <strong>Nicht erstattungsf\u00e4hige Geb\u00fchren:<\/strong> Alle Planungs- und Einrichtungskosten \u2013 einschlie\u00dflich Briefe, Blumen und Dekoration \u2013 sind endg\u00fcltig und nach der Buchung nicht erstattungsf\u00e4hig.<\/p>\n\n<\/div>\n<\/div>\n<\/div>\n<\/div>\n\n\n<div style=\"height:50px\" aria-hidden=\"true\" class=\"wp-block-spacer\"><\/div>\n\n\n\n<div class=\"wp-block-buttons is-layout-flex wp-block-buttons-is-layout-flex\">\n<div class=\"wp-block-button\"><a class=\"wp-block-button__link wp-element-button\" href=\"https:\/\/kissinparis.com\/de\/beratung\/\">Anfragen<\/a><\/div>\n\n\n\n<div class=\"wp-block-button is-style-fill\"><a class=\"wp-block-button__link wp-element-button\" href=\"https:\/\/kissinparis.com\/de\/heiratsantrag-paris\/pakete\/\">Angebotspakete<\/a><\/div>\n<\/div>\n<\/div><\/div>\n\n\n\n<div class=\"wp-block-group alignfull mt-0 mb-0  sec sec-map\"><div class=\"wp-block-group__inner-container is-layout-constrained wp-block-group-is-layout-constrained\">\n<div class=\"wp-block-columns are-vertically-aligned-center mt-0 mb-0 is-layout-flex wp-container-core-columns-is-layout-9d6595d7 wp-block-columns-is-layout-flex\">\n<div class=\"wp-block-column is-vertically-aligned-center is-layout-flow wp-block-column-is-layout-flow\">\n<p class=\"title-v2 mb-20\">Im Herzen von Paris.<\/p>\n\n\n\n<p>Kiss Me in Paris Proposals &amp; Weddings<br>78 Av. Raymond Poincar\u00e9, 75116 Paris, Frankreich<br><a href=\"tel:+33661351511\">+33 6 61 35 15 11<\/a><br><a href=\"mailto:support@kissinparis.com\">support@kissinparis.com<\/a><\/p>\n<\/div>\n\n\n\n<div class=\"wp-block-column is-vertically-aligned-center is-layout-flow wp-block-column-is-layout-flow\">\n<iframe title=\"Karte mit dem Standort von Kiss Me in Paris Proposals &amp; Weddings\" src=\"https:\/\/www.google.com\/maps\/embed?pb=!1m18!1m12!1m3!1d2624.433873533341!2d2.28082346080246!3d48.86900492627629!2m3!1f0!2f0!3f0!3m2!1i1024!2i768!4f13.1!3m3!1m2!1s0x47e66f84666f802f%3A0x7b03905155589b66!2sKiss%20Me%20in%20Paris%20Proposals%20%26%20Weddings!5e0!3m2!1sen!2sin!4v1744567332130!5m2!1sen!2sin\" width=\"600\" height=\"450\" style=\"border:0;\" allowfullscreen=\"\" loading=\"lazy\" referrerpolicy=\"no-referrer-when-downgrade\"><\/iframe>\n<\/div>\n<\/div>\n<\/div><\/div>","protected":false},"excerpt":{"rendered":"<p>Marry Me Letters Paris \u2014 Premium Proposal Setup Book in minutes. Premium white, red, or pink letters with professional delivery, placement &amp; removal, timed with your photographer. A Spectacular \u2018Marry Me\u2019 Letters Proposal by the Seine\u2014Guaranteed For a bold yet intimate gesture in Paris, nothing matches this experience along the River Seine. Your evening begins [&hellip;]<\/p>\n","protected":false},"author":35,"featured_media":9068,"parent":293,"menu_order":0,"comment_status":"closed","ping_status":"closed","template":"","meta":{"_acf_changed":false,"ub_ctt_via":"","footnotes":""},"class_list":["post-4504","page","type-page","status-publish","has-post-thumbnail","hentry"],"acf":[],"featured_image_src":"https:\/\/kissinparis.com\/wp-content\/uploads\/2023\/04\/Romantic-Paris-proposal-packages.jpg","_links":{"self":[{"href":"https:\/\/kissinparis.com\/de\/wp-json\/wp\/v2\/pages\/4504","targetHints":{"allow":["GET"]}}],"collection":[{"href":"https:\/\/kissinparis.com\/de\/wp-json\/wp\/v2\/pages"}],"about":[{"href":"https:\/\/kissinparis.com\/de\/wp-json\/wp\/v2\/types\/page"}],"author":[{"embeddable":true,"href":"https:\/\/kissinparis.com\/de\/wp-json\/wp\/v2\/users\/35"}],"replies":[{"embeddable":true,"href":"https:\/\/kissinparis.com\/de\/wp-json\/wp\/v2\/comments?post=4504"}],"version-history":[{"count":17,"href":"https:\/\/kissinparis.com\/de\/wp-json\/wp\/v2\/pages\/4504\/revisions"}],"predecessor-version":[{"id":28509,"href":"https:\/\/kissinparis.com\/de\/wp-json\/wp\/v2\/pages\/4504\/revisions\/28509"}],"up":[{"embeddable":true,"href":"https:\/\/kissinparis.com\/de\/wp-json\/wp\/v2\/pages\/293"}],"wp:featuredmedia":[{"embeddable":true,"href":"https:\/\/kissinparis.com\/de\/wp-json\/wp\/v2\/media\/9068"}],"wp:attachment":[{"href":"https:\/\/kissinparis.com\/de\/wp-json\/wp\/v2\/media?parent=4504"}],"curies":[{"name":"wp","href":"https:\/\/api.w.org\/{rel}","templated":true}]}}