{"id":4625,"date":"2025-01-08T13:56:00","date_gmt":"2025-01-08T13:56:00","guid":{"rendered":"https:\/\/kissinparis.com\/?page_id=4625"},"modified":"2025-10-14T14:32:00","modified_gmt":"2025-10-14T14:32:00","slug":"geiger","status":"publish","type":"page","link":"https:\/\/kissinparis.com\/de\/paris-proposal\/paris-violinist\/","title":{"rendered":"Violinist f\u00fcr Heiratsantrag &amp; Hochzeit in Paris"},"content":{"rendered":"<div class=\"wp-block-group alignfull sec heror-section mt-0 mb-0 has-scroll-down has-background-color has-primary-background-color has-text-color has-background has-link-color wp-elements-f43bcc5897167eed0986af23d5c7ee90\"><div class=\"wp-block-group__inner-container is-layout-constrained wp-block-group-is-layout-constrained\">\n<h1 class=\"wp-block-heading alignwide has-text-align-left full has-background-color has-text-color has-link-color wp-elements-692186eb6cf8757788dd8e6b9fc402d3\">Violinist f\u00fcr Heiratsantrag &amp; Hochzeit in Paris<\/h1>\n\n\n\n<p class=\"has-large-font-size\">Violinist:innen auf Orchesterniveau mit Luxus-Event-Erfahrung \u2013 stilvoll, p\u00fcnktlich und in der Lage, individuelle Arrangements (auch in Fremdsprachen) kurzfristig einzustudieren. Sorgf\u00e4ltig ausgew\u00e4hlt und abgestimmt mit Planer\/Fotograf.<\/p>\n\n\n\n<div class=\"wp-block-buttons alignfull mt-0 mb-0 pt-10 is-layout-flex wp-block-buttons-is-layout-flex\">\n<div class=\"wp-block-button\"><a class=\"wp-block-button__link has-primary-color has-background-background-color has-text-color has-background wp-element-button\" href=\"https:\/\/kissinparis.com\/de\/beratung\/\">Anfragen<\/a><\/div>\n<\/div>\n<\/div><\/div>\n\n\n\n<div class=\"wp-block-cover alignfull is-light mt-0 mb-0 banner banner-resources  banner-contact\"><img loading=\"lazy\" decoding=\"async\" width=\"1800\" height=\"1200\" class=\"wp-block-cover__image-background wp-image-24086 size-full\" alt=\"Sonnenaufgang Heiratsantrag im Trocadero Paris mit Geiger spielt Lieblingslied als Mann kniet und Frau umarmt ihn mit Eiffelturm Hintergrund\" src=\"https:\/\/kissinparis.com\/wp-content\/uploads\/2025\/06\/Musician-Violinist-Paris-proposal.webp\" style=\"object-position:64% 73%\" data-object-fit=\"cover\" data-object-position=\"64% 73%\" srcset=\"https:\/\/kissinparis.com\/wp-content\/uploads\/2025\/06\/Musician-Violinist-Paris-proposal.webp 1800w, https:\/\/kissinparis.com\/wp-content\/uploads\/2025\/06\/Musician-Violinist-Paris-proposal-300x200.webp 300w, https:\/\/kissinparis.com\/wp-content\/uploads\/2025\/06\/Musician-Violinist-Paris-proposal-1024x683.webp 1024w, https:\/\/kissinparis.com\/wp-content\/uploads\/2025\/06\/Musician-Violinist-Paris-proposal-768x512.webp 768w, https:\/\/kissinparis.com\/wp-content\/uploads\/2025\/06\/Musician-Violinist-Paris-proposal-1536x1024.webp 1536w, https:\/\/kissinparis.com\/wp-content\/uploads\/2025\/06\/Musician-Violinist-Paris-proposal-1200x800.webp 1200w\" sizes=\"auto, (max-width: 1800px) 100vw, 1800px\" \/><span aria-hidden=\"true\" class=\"wp-block-cover__background has-primary-background-color has-background-dim-0 has-background-dim\"><\/span><div class=\"wp-block-cover__inner-container is-layout-flow wp-block-cover-is-layout-flow\">\n<p class=\"has-text-align-center has-large-font-size\"><\/p>\n\n\n\n<div class=\"banner-video\">\n<img decoding=\"async\" src=\"https:\/\/kissinparis.com\/wp-content\/uploads\/2023\/02\/placeholder_16x9.png\" alt=\"Bereich Held\">\n<\/div>\n<\/div><\/div>\n\n\n\n<div class=\"wp-block-group alignfull mt-0 mb-0 sec sec-content\" id=\"sec-1\"><div class=\"wp-block-group__inner-container is-layout-constrained wp-block-group-is-layout-constrained\">\n<p>Unser Heiratsantrag mit einer Wahrsagerin und einem Geiger sorgt f\u00fcr einen unvergesslichen Moment in Paris. Beim Schlendern durch die Stra\u00dfen der Stadt begegnen Sie einem Meistergeiger, der das Lieblingslied Ihres Partners spielt. Nach einem kurzen Gespr\u00e4ch sagt der Musiker: \u201eEine Wahrsagerin hat mir gesagt, dass ich Sie heute treffen w\u00fcrde, und mich gebeten, Ihnen diese Nachricht zu \u00fcberbringen.\u201c W\u00e4hrend Ihr Partner Ihre herzliche Nachricht liest, machen Sie ihm mit dem Ring einen Heiratsantrag, w\u00e4hrend der Geiger weiterspielt und Sie mit Champagner zelebriert.<\/p>\n\n\n\n<h2 class=\"wp-block-heading\"><strong>Warum Sie f\u00fcr Ihren Heiratsantrag einen Pariser Geiger w\u00e4hlen sollten<\/strong><\/h2>\n\n\n\n<p><strong>Emotionale Auswirkungen:<\/strong> Live-Geigenmusik, die das Lieblingslied Ihres Partners spielt, schafft eine Romantik, die mit aufgenommener Musik nicht erreicht werden kann.<\/p>\n\n\n\n<p><strong>Durchdachte Planung:<\/strong> Unsere erfahrenen Geiger lernen Ihr Wunschlied vorab \u2013 auch kurzfristig und in Fremdsprachen \u2013 mit gr\u00f6\u00dfter Sorgfalt und Aufmerksamkeit ein.<\/p>\n\n\n\n<p><strong>Professionelle Qualit\u00e4t:<\/strong> Ein gut gekleideter Musiker wertet Ihre Verlobungsfotos und -videos auf und schafft eine au\u00dfergew\u00f6hnliche Szene statt eines gew\u00f6hnlichen Moments.<\/p>\n\n\n\n<p><strong>Praktische Vorteile:<\/strong> Der Geiger f\u00fchrt Ihren Fotografen, k\u00fcmmert sich um die Zuschauer und sorgt daf\u00fcr, dass Ihr Standort leicht zu erkennen ist.<\/p>\n\n\n\n<div class=\"wp-block-buttons is-content-justification-center is-layout-flex wp-container-core-buttons-is-layout-16018d1d wp-block-buttons-is-layout-flex\">\n<div class=\"wp-block-button\"><a class=\"wp-block-button__link wp-element-button\" href=\"https:\/\/kissinparis.com\/de\/beratung\/\">Jetzt buchen<\/a><\/div>\n\n\n\n<div class=\"wp-block-button is-style-fill\"><a class=\"wp-block-button__link wp-element-button\" href=\"https:\/\/kissinparis.com\/de\/heiratsantrag-paris\/pakete\/\">Angebotspakete<\/a><\/div>\n<\/div>\n\n\n\n<h2 class=\"wp-block-heading title-v2\">Was Ihr Wahrsager-Geiger-Vorschlag beinhaltet: 1.125 \u20ac+<\/h2>\n\n\n\n<ul class=\"wp-block-list\">\n<li><strong>Fachkundige Koordination am Veranstaltungstag<\/strong>: Unser engagiertes <a href=\"https:\/\/kissinparis.com\/de\/heiratsantrag-paris\/planer\/\">Heiratsantragsplaner in Paris<\/a> stellt sicher, dass alle Anbieter ihre Rollen und Zeitpl\u00e4ne verstehen, und bietet Ihnen ein sofort einsatzbereites, stressfreies Erlebnis.<\/li>\n\n\n\n<li><strong>Meistergeiger aus Paris<\/strong>: Ein stilvoller Musiker spielt das Lieblingslied Ihres Partners und f\u00e4hrt mit romantischen St\u00fccken aus seinem Repertoire fort.<\/li>\n\n\n\n<li><strong>Professionelle Heiratsantragsfotografie<\/strong>: Ein freundliches, <a href=\"https:\/\/kissinparis.com\/de\/heiratsantrag-paris\/fotograf\/\">erfahrener Pariser Fotograf<\/a> h\u00e4lt Ihre Verlobung von Anfang bis Ende fachm\u00e4nnisch fest und liefert 20 hochwertige, bearbeitete Bilder.<\/li>\n\n\n\n<li><strong>Benutzerdefinierte Angebotsnachricht<\/strong>: Wir helfen Ihnen, eine romantische Notiz zu schreiben (die auch als Ihre Antragsrede dienen kann), die Ihr Geiger vortragen kann.<\/li>\n\n\n\n<li><strong>Premium Champagner (Ruinart)<\/strong>: Sto\u00dfen Sie mit einer gek\u00fchlten Flasche au\u00dfergew\u00f6hnlichen franz\u00f6sischen Champagners auf Ihre Verlobung an.<\/li>\n<\/ul>\n\n\n\n<p class=\"sec-header\"><em>F\u00fcr preisbewusste Paare bieten wir ein vereinfachtes klassisches Violinisten-Paket (ab 675 \u20ac) an, das die Wahrsager-Geschichte und die Koordination am Tag der Veranstaltung ausschlie\u00dft.<\/em><\/p>\n\n\n\n<figure class=\"wp-block-image size-large\"><a href=\"https:\/\/kissinparis.com\/wp-content\/uploads\/2025\/04\/paris-violinist-proposal-peninsula-secret-table.webp\" aria-label=\"Lesen Sie mehr \u00fcber den Auftritt eines Pariser Geigers beim romantischen Heiratsantrag auf dem Eiffelturm im Peninsula\"><img loading=\"lazy\" decoding=\"async\" width=\"1024\" height=\"683\" src=\"https:\/\/kissinparis.com\/wp-content\/uploads\/2025\/04\/paris-violinist-proposal-peninsula-secret-table-1024x683.webp\" alt=\"Pariser Geiger tritt bei romantischem Heiratsantrag auf dem Eiffelturm auf der Halbinsel auf\" class=\"wp-image-18292\" srcset=\"https:\/\/kissinparis.com\/wp-content\/uploads\/2025\/04\/paris-violinist-proposal-peninsula-secret-table-1024x683.webp 1024w, https:\/\/kissinparis.com\/wp-content\/uploads\/2025\/04\/paris-violinist-proposal-peninsula-secret-table-300x200.webp 300w, https:\/\/kissinparis.com\/wp-content\/uploads\/2025\/04\/paris-violinist-proposal-peninsula-secret-table-768x512.webp 768w, https:\/\/kissinparis.com\/wp-content\/uploads\/2025\/04\/paris-violinist-proposal-peninsula-secret-table-1536x1024.webp 1536w, https:\/\/kissinparis.com\/wp-content\/uploads\/2025\/04\/paris-violinist-proposal-peninsula-secret-table-1200x800.webp 1200w, https:\/\/kissinparis.com\/wp-content\/uploads\/2025\/04\/paris-violinist-proposal-peninsula-secret-table.webp 1600w\" sizes=\"auto, (max-width: 1024px) 100vw, 1024px\" \/><\/a><figcaption class=\"wp-element-caption\">Ein zauberhafter Pariser Geiger-Vorschlag. Wir organisieren Ihren Meistergeiger \u00fcberall \u2013 von der Dachterrasse des Eiffelturms \u00fcber private Yachten bis hin zu franz\u00f6sischen Schl\u00f6ssern. Bitte beachten Sie, dass der auf diesem Foto gezeigte Veranstaltungsort und die Dekoration nicht im Standardpaket enthalten sind.<\/figcaption><\/figure>\n\n\n\n<h2 class=\"wp-block-heading title-v2\">Machen Sie es zu etwas ganz Besonderem: Optionale Paketerweiterungen<\/h2>\n\n\n\n<p><strong>Zus\u00e4tzliche Verbesserungen<\/strong>:<\/p>\n\n\n\n<ul class=\"wp-block-list\">\n<li><strong>Kinovideo<\/strong>: 500 \u20ac \u2013 Professionelle Dokumentation Ihrer <a href=\"https:\/\/kissinparis.com\/de\/videograf-paris\/\">Heiratsantrag im Film<\/a>.<\/li>\n\n\n\n<li><strong>Erweiterte Fotografie<\/strong>: Ab 250 \u20ac pro Stunde.<\/li>\n\n\n\n<li><strong>Frische langstielige Rosen<\/strong>: 200 \u20ac \u2013 Ein atemberaubender Strau\u00df mit 20 eleganten Rosen.<\/li>\n\n\n\n<li><strong>Gek\u00fchlter Premium-Champagner<\/strong>: 125 \u20ac: Feiern Sie Ihre Verlobung mit einer Pr\u00e4mie <a href=\"https:\/\/kissinparis.com\/de\/heiratsantrag-paris\/champagner-macaron-antrag\/\">Champagner-Toast<\/a>.<\/li>\n<\/ul>\n\n\n\n<p><em><strong>Hinweis: Eine Geb\u00fchr von 50 \u20ac f\u00fcr die pers\u00f6nliche Zustellung<\/strong> gilt bei Buchung von Artikeln wie Rosen oder gek\u00fchltem Champagner ohne Paket.<\/em><\/p>\n\n\n\n<p><strong>Premium-Champagner-Optionen<\/strong> (ersetzt Ruinart, falls hinzugef\u00fcgt):<\/p>\n\n\n\n<ul class=\"wp-block-list\">\n<li><strong>Dom P\u00e9rignon<\/strong>: +\u20ac350<\/li>\n\n\n\n<li><strong>Armand de Brignac<\/strong> (Pik-Ass): +525 \u20ac<\/li>\n\n\n\n<li>Preise f\u00fcr <strong>seltene Jahrg\u00e4nge und Premium-Champagner-Optionen<\/strong> (wie Dom P\u00e9rignon Ros\u00e9, Pl\u00e9nitude 2 oder Salon) ist auf Anfrage erh\u00e4ltlich.<\/li>\n<\/ul>\n\n\n\n<h2 class=\"wp-block-heading title-v2\">Die Buchung Ihres Angebots ist ganz einfach.<\/h2>\n\n\n\n<p>Unser unkomplizierter Prozess macht es Ihnen leicht, Ihren Termin zu sichern:<\/p>\n\n\n\n<ol class=\"wp-block-list\">\n<li><strong>Verf\u00fcgbarkeit pr\u00fcfen<\/strong>: Geben Sie Ihr(e) Wunschdatum(e) f\u00fcr eine schnelle Best\u00e4tigung an.<\/li>\n\n\n\n<li><strong>Best\u00e4tigen und sichern<\/strong>: Unterschreiben Sie unseren digitalen Vertrag und leisten Sie die Anzahlung von 50%.<\/li>\n\n\n\n<li><strong>Details teilen<\/strong>: Erz\u00e4hlen Sie uns vom Lieblingslied Ihres Partners und teilen Sie Ihre Vision.<\/li>\n\n\n\n<li><strong>Entwickeln Sie Ihren Plan<\/strong>: Erstellen Sie ein umfassendes Wahrsager-Szenario, einschlie\u00dflich Ihres Liebesbriefs.<\/li>\n\n\n\n<li><span style=\"box-sizing: border-box; margin: 0px; padding: 0px;\"><strong>Restzahlung<\/strong>: Der Restbetrag ist sp\u00e4testens bis zu Ihrem Angebotstermin f\u00e4llig.<\/span><\/li>\n<\/ol>\n\n\n\n<p><strong>Wichtig<\/strong>: Ihre Anzahlung wird 10 Tage vor Ihrem geplanten Termin zu einer nicht erstattungsf\u00e4higen Anzahlung.<\/p>\n\n\n\n<figure class=\"wp-block-image size-large\"><a href=\"https:\/\/kissinparis.com\/wp-content\/uploads\/2025\/04\/signature-paris-proposal-master-violinist-eiffel.webp\" aria-label=\"Lesen Sie mehr \u00fcber eine hochtalentierte Geigerin, die hier in einem eleganten roten Kleid bei einem Pariser Geigen-Antrag zu sehen ist. Wir k\u00f6nnen Ihren Meistergeiger an jedem gew\u00fcnschten Ort arrangieren.\"><img loading=\"lazy\" decoding=\"async\" width=\"1024\" height=\"683\" src=\"https:\/\/kissinparis.com\/wp-content\/uploads\/2025\/04\/signature-paris-proposal-master-violinist-eiffel-1024x683.webp\" alt=\"Eine hochtalentierte Geigerin, hier in einem eleganten roten Kleid, spielt bei einem Pariser Geigenvorschlag. Wir organisieren Ihren Meistergeiger an jedem gew\u00fcnschten Ort.\" class=\"wp-image-18293\" srcset=\"https:\/\/kissinparis.com\/wp-content\/uploads\/2025\/04\/signature-paris-proposal-master-violinist-eiffel-1024x683.webp 1024w, https:\/\/kissinparis.com\/wp-content\/uploads\/2025\/04\/signature-paris-proposal-master-violinist-eiffel-300x200.webp 300w, https:\/\/kissinparis.com\/wp-content\/uploads\/2025\/04\/signature-paris-proposal-master-violinist-eiffel-768x512.webp 768w, https:\/\/kissinparis.com\/wp-content\/uploads\/2025\/04\/signature-paris-proposal-master-violinist-eiffel-1536x1024.webp 1536w, https:\/\/kissinparis.com\/wp-content\/uploads\/2025\/04\/signature-paris-proposal-master-violinist-eiffel-1200x800.webp 1200w, https:\/\/kissinparis.com\/wp-content\/uploads\/2025\/04\/signature-paris-proposal-master-violinist-eiffel.webp 1600w\" sizes=\"auto, (max-width: 1024px) 100vw, 1024px\" \/><\/a><figcaption class=\"wp-element-caption\">Eine hochtalentierte Geigerin spielt hier in einem eleganten roten Kleid w\u00e4hrend eines Pariser Geigen-Antrags. Wir organisieren gerne eine Meistergeigerin an jedem gew\u00fcnschten Ort. Bitte beachten Sie, dass der auf diesem Foto gezeigte Veranstaltungsort und die Dekoration nicht im Standardpaket enthalten sind.<\/figcaption><\/figure>\n\n\n\n<h2 class=\"wp-block-heading title-v2\">H\u00e4ufige Fragen zu unserem Pariser Wahrsager-Geiger-Vorschlag<\/h2>\n\n\n\n<p><strong>Welche Lieder kann der Pariser Geiger zu meinem Antrag spielen?<\/strong> Unsere Geiger k\u00f6nnen fast alle g\u00e4ngigen Liebeslieder, klassische St\u00fccke, <strong>und mit Voranmeldung auch ausl\u00e4ndische Lieder<\/strong>. Diese pers\u00f6nliche Note sorgt f\u00fcr einen au\u00dfergew\u00f6hnlichen Zufall, wenn Ihre Partnerin ihr Lieblingslied \u201ezuf\u00e4llig\u201c in Paris h\u00f6rt.<\/p>\n\n\n\n<p><strong>Wie kann mein Partner nichts ahnen?<\/strong> Das Wahrsager-Erlebnis ist auf v\u00f6llige \u00dcberraschung ausgelegt. Der Geiger erscheint als typischer Pariser Stra\u00dfenmusiker, bis der richtige Moment gekommen ist. Die \u201ezuf\u00e4llige\u201c Begegnung f\u00fchlt sich v\u00f6llig nat\u00fcrlich an, und die Tongebung bietet eine \u00fcberraschende Wendung.<\/p>\n\n\n\n<p><strong>K\u00f6nnen wir den Ort f\u00fcr unseren Heiratsantrag in Paris ausw\u00e4hlen?<\/strong> Auf jeden Fall! W\u00e4hlen Sie einen beliebigen Ort in Paris. Unsere Heiratsantragsplaner k\u00f6nnen Ihnen auch atemberaubende private Dachterrassen auf dem Eiffelturm vorschlagen, die sich hervorragend eignen.<\/p>\n\n\n\n<p><strong>Was w\u00fcrde passieren, wenn es w\u00e4hrend unseres Heiratsantrags in Paris regnen w\u00fcrde?<\/strong> Wir beobachten die Wettervorhersagen und schlagen bei Bedarf sch\u00f6ne \u00fcberdachte Alternativen vor. Leichter Regen sorgt oft f\u00fcr weniger Menschenmassen und wirklich zauberhafte Fotos.<\/p>\n\n\n\n<p><strong>Wie schnell k\u00f6nnen wir mit Fotos unseres Pariser Antrags rechnen?<\/strong> Sie sehen alle unbearbeiteten Bilder innerhalb von 24 Stunden nach Ihrem Antrag. Ihre Sammlung umfasst 20 professionell bearbeitete Fotos, die \u00fcber eine benutzerfreundliche Online-Galerie bereitgestellt werden.<\/p>\n\n\n\n<h2 class=\"wp-block-heading title-v2\">Echte Erfahrungsberichte von Pariser Wahrsager-Vorschl\u00e4gen<\/h2>\n\n\n\n<p>\u201eJulianna leistet hervorragende Arbeit. Alles wurde genau nach unseren W\u00fcnschen umgesetzt und das Shooting verlief perfekt. Vielen Dank f\u00fcr dieses wirklich wundervolle Erlebnis.\u201c \u2014 <strong>Kyle Schultz<\/strong><\/p>\n\n\n\n<p>\u201eDie Zusammenarbeit mit Scander war ein absolutes Vergn\u00fcgen. Die gesamte Erfahrung mit dieser Firma war von Anfang bis Ende fantastisch. Wenn man aus Kalifornien kommt und noch nie in Paris war, kann man sich schon Gedanken dar\u00fcber machen, den richtigen Fotografen f\u00fcr einen besonderen Anlass zu finden. Scander war hilfsbereit, kommunikativ, lustig und hat uns zu fantastischen Fotos verholfen, die wir nie vergessen werden. Er hat wirklich zu einem rundum positiven Erlebnis beigetragen. Ich kann ihm gar nicht genug danken!\u201c \u2014 <strong>Kyle Stephens<\/strong><\/p>\n<\/div><\/div>\n\n\n\n<div class=\"wp-block-group alignfull mt-0 mb-0  sec sec-map\"><div class=\"wp-block-group__inner-container is-layout-constrained wp-block-group-is-layout-constrained\">\n<div class=\"wp-block-columns are-vertically-aligned-center mt-0 mb-0 is-layout-flex wp-container-core-columns-is-layout-9d6595d7 wp-block-columns-is-layout-flex\">\n<div class=\"wp-block-column is-vertically-aligned-center is-layout-flow wp-block-column-is-layout-flow\">\n<p class=\"title-v2 mb-20\">Im Herzen von Paris.<\/p>\n\n\n\n<p>Kiss Me in Paris Proposals &amp; Weddings<br>78 Av. Raymond Poincar\u00e9, 75116 Paris, Frankreich<br><a href=\"tel:+33661351511\">+33 6 61 35 15 11<\/a><br><a href=\"mailto:support@kissinparis.com\">support@kissinparis.com<\/a><\/p>\n<\/div>\n\n\n\n<div class=\"wp-block-column is-vertically-aligned-center is-layout-flow wp-block-column-is-layout-flow\">\n<iframe title=\"Karte mit dem Standort von Kiss Me in Paris Proposals &amp; Weddings\" src=\"https:\/\/www.google.com\/maps\/embed?pb=!1m18!1m12!1m3!1d2624.433873533341!2d2.28082346080246!3d48.86900492627629!2m3!1f0!2f0!3f0!3m2!1i1024!2i768!4f13.1!3m3!1m2!1s0x47e66f84666f802f%3A0x7b03905155589b66!2sKiss%20Me%20in%20Paris%20Proposals%20%26%20Weddings!5e0!3m2!1sen!2sin!4v1744567332130!5m2!1sen!2sin\" width=\"600\" height=\"450\" style=\"border:0;\" allowfullscreen=\"\" loading=\"lazy\" referrerpolicy=\"no-referrer-when-downgrade\"><\/iframe>\n<\/div>\n<\/div>\n<\/div><\/div>","protected":false},"excerpt":{"rendered":"<p>Paris Violinist for Proposals &amp; Weddings Orchestra-level, English-speaking violinists with luxury-event experience\u2014stylish, punctual, and able to prepare custom arrangements (incl. foreign-language songs) on short notice. Handpicked by our team and aligned with your planner\/photographer. Our Fortune Teller Violinist Proposal creates an unforgettable moment in Paris. As you stroll the city streets, you &#8220;encounter&#8221; a master [&hellip;]<\/p>\n","protected":false},"author":35,"featured_media":24086,"parent":293,"menu_order":0,"comment_status":"closed","ping_status":"closed","template":"","meta":{"_acf_changed":false,"ub_ctt_via":"","footnotes":""},"class_list":["post-4625","page","type-page","status-publish","has-post-thumbnail","hentry"],"acf":[],"featured_image_src":"https:\/\/kissinparis.com\/wp-content\/uploads\/2025\/06\/Musician-Violinist-Paris-proposal.webp","_links":{"self":[{"href":"https:\/\/kissinparis.com\/de\/wp-json\/wp\/v2\/pages\/4625","targetHints":{"allow":["GET"]}}],"collection":[{"href":"https:\/\/kissinparis.com\/de\/wp-json\/wp\/v2\/pages"}],"about":[{"href":"https:\/\/kissinparis.com\/de\/wp-json\/wp\/v2\/types\/page"}],"author":[{"embeddable":true,"href":"https:\/\/kissinparis.com\/de\/wp-json\/wp\/v2\/users\/35"}],"replies":[{"embeddable":true,"href":"https:\/\/kissinparis.com\/de\/wp-json\/wp\/v2\/comments?post=4625"}],"version-history":[{"count":7,"href":"https:\/\/kissinparis.com\/de\/wp-json\/wp\/v2\/pages\/4625\/revisions"}],"predecessor-version":[{"id":28500,"href":"https:\/\/kissinparis.com\/de\/wp-json\/wp\/v2\/pages\/4625\/revisions\/28500"}],"up":[{"embeddable":true,"href":"https:\/\/kissinparis.com\/de\/wp-json\/wp\/v2\/pages\/293"}],"wp:featuredmedia":[{"embeddable":true,"href":"https:\/\/kissinparis.com\/de\/wp-json\/wp\/v2\/media\/24086"}],"wp:attachment":[{"href":"https:\/\/kissinparis.com\/de\/wp-json\/wp\/v2\/media?parent=4625"}],"curies":[{"name":"wp","href":"https:\/\/api.w.org\/{rel}","templated":true}]}}