{"id":4635,"date":"2023-03-08T14:32:01","date_gmt":"2023-03-08T14:32:01","guid":{"rendered":"https:\/\/kissinparis.com\/?page_id=4635"},"modified":"2025-07-06T17:41:41","modified_gmt":"2025-07-06T17:41:41","slug":"luxus-concierge-paris","status":"publish","type":"page","link":"https:\/\/kissinparis.com\/de\/paris-luxury-concierge\/","title":{"rendered":"Pariser Luxus-Concierge- und Design-Services f\u00fcr die globale Elite"},"content":{"rendered":"<div class=\"wp-block-group alignfull sec heror-section mt-0 mb-0 has-scroll-down has-background-color has-primary-background-color has-text-color has-background has-link-color wp-elements-cd90751d3cc54aa981d94670eb58c07b\"><div class=\"wp-block-group__inner-container is-layout-constrained wp-block-group-is-layout-constrained\">\n<h1 class=\"wp-block-heading alignwide has-text-align-left full has-background-color has-text-color has-link-color wp-elements-200bc4391bb56ad577c32072383eda1f\">Pariser Luxus-Concierge- und Design-Services | Global Elite<\/h1>\n<\/div><\/div>\n\n\n\n<div class=\"wp-block-cover alignfull mt-0 mb-0 banner banner-resources\"><img loading=\"lazy\" decoding=\"async\" width=\"1600\" height=\"1067\" class=\"wp-block-cover__image-background wp-image-17286 size-full\" alt=\"Pariser Heiratsantrag im beleuchteten Chateau de Villette mit romantischen Kerzen bei Nacht - privates Luxusschloss zur Verlobung als Alternative zum Eiffelturm\" src=\"https:\/\/kissinparis.com\/wp-content\/uploads\/2025\/03\/Paris-proposal-package-chateau-villette-night.avif\" style=\"object-position:52% 47%\" data-object-fit=\"cover\" data-object-position=\"52% 47%\" srcset=\"https:\/\/kissinparis.com\/wp-content\/uploads\/2025\/03\/Paris-proposal-package-chateau-villette-night.avif 1600w, https:\/\/kissinparis.com\/wp-content\/uploads\/2025\/03\/Paris-proposal-package-chateau-villette-night-300x200.avif 300w, https:\/\/kissinparis.com\/wp-content\/uploads\/2025\/03\/Paris-proposal-package-chateau-villette-night-1024x683.avif 1024w, https:\/\/kissinparis.com\/wp-content\/uploads\/2025\/03\/Paris-proposal-package-chateau-villette-night-768x512.avif 768w, https:\/\/kissinparis.com\/wp-content\/uploads\/2025\/03\/Paris-proposal-package-chateau-villette-night-1536x1024.avif 1536w, https:\/\/kissinparis.com\/wp-content\/uploads\/2025\/03\/Paris-proposal-package-chateau-villette-night-1200x800.avif 1200w\" sizes=\"auto, (max-width: 1600px) 100vw, 1600px\" \/><span aria-hidden=\"true\" class=\"wp-block-cover__background has-primary-background-color has-background-dim-0 has-background-dim\"><\/span><div class=\"wp-block-cover__inner-container is-layout-flow wp-block-cover-is-layout-flow\">\n<div class=\"banner-video\">\n<img decoding=\"async\" src=\"https:\/\/kissinparis.com\/wp-content\/uploads\/2023\/02\/placeholder_16x9.png\" alt=\"Bereich Held\">\n<\/div>\n<\/div><\/div>\n\n\n\n<div class=\"wp-block-group alignfull mt-0 mb-0 sec sec-content\" id=\"sec-1\"><div class=\"wp-block-group__inner-container is-layout-constrained wp-block-group-is-layout-constrained\">\n<p>Die Planung einer au\u00dfergew\u00f6hnlichen Veranstaltung in Paris aus dem Ausland erfordert mehr als nur Koordination; sie erfordert Insiderwissen. Als Ihr engagierter Partner in Paris bieten wir Ihnen au\u00dfergew\u00f6hnliche Expertise und wertvolle Kontakte und \u00f6ffnen Ihnen T\u00fcren zu exklusiven Veranstaltungsorten und Erlebnissen, die normalerweise unerreichbar sind. Wir sind spezialisiert auf die Betreuung anspruchsvoller internationaler Kunden und integrieren unsere erstklassigen Concierge-, Design- und Produktionsservices in ein umfassendes Eventmanagement, um sicherzustellen, dass Ihre Feier mit Raffinesse und Finesse abgewickelt wird.<\/p>\n\n\n\n<figure class=\"wp-block-image size-large\"><img loading=\"lazy\" decoding=\"async\" width=\"1024\" height=\"683\" src=\"https:\/\/kissinparis.com\/wp-content\/uploads\/2025\/04\/Paris-Luxury-Concierge-Luxury-Transportation-1024x683.webp\" alt=\"Paris Luxus-Concierge Luxus-Transport\" class=\"wp-image-18703\" srcset=\"https:\/\/kissinparis.com\/wp-content\/uploads\/2025\/04\/Paris-Luxury-Concierge-Luxury-Transportation-1024x683.webp 1024w, https:\/\/kissinparis.com\/wp-content\/uploads\/2025\/04\/Paris-Luxury-Concierge-Luxury-Transportation-300x200.webp 300w, https:\/\/kissinparis.com\/wp-content\/uploads\/2025\/04\/Paris-Luxury-Concierge-Luxury-Transportation-768x512.webp 768w, https:\/\/kissinparis.com\/wp-content\/uploads\/2025\/04\/Paris-Luxury-Concierge-Luxury-Transportation-1536x1024.webp 1536w, https:\/\/kissinparis.com\/wp-content\/uploads\/2025\/04\/Paris-Luxury-Concierge-Luxury-Transportation-1200x800.webp 1200w, https:\/\/kissinparis.com\/wp-content\/uploads\/2025\/04\/Paris-Luxury-Concierge-Luxury-Transportation.webp 1600w\" sizes=\"auto, (max-width: 1024px) 100vw, 1024px\" \/><figcaption class=\"wp-element-caption\">Exklusive wei\u00dfe Stretchlimousine, organisiert vom Pariser Luxus-Concierge \u2013 Elegantes Ankunftserlebnis mit Pretty Woman-Glamour.<\/figcaption><\/figure>\n\n\n\n<h2 class=\"wp-block-heading\">Elite Paris Concierge Services: \u00dcber das Erwartete hinaus<\/h2>\n\n\n\n<p>Unser Concierge-Team ist auf unvergessliche Pariser Erlebnisse f\u00fcr Sie und Ihre G\u00e4ste spezialisiert und k\u00fcmmert sich mit Diskretion und Luxus um alle Details.<\/p>\n\n\n\n<ul class=\"wp-block-list\">\n<li><strong>Exklusiver Zugang zu Veranstaltungsorten und Standorten<\/strong>: Erhalten Sie Zugang zu privaten historischen Schl\u00f6ssern, abgeschiedenen G\u00e4rten und einzigartigen R\u00e4umen, die der \u00d6ffentlichkeit oft nicht zug\u00e4nglich sind.<\/li>\n\n\n\n<li><strong>Ma\u00dfgeschneiderte Pariser Immersionen<\/strong>: Genie\u00dfen Sie Erlebnisse, die Ihren Interessen entsprechen \u2013 von privaten Couture-Shows \u00fcber Champagner-Touren bis hin zu kulinarischen Workshops.<\/li>\n\n\n\n<li><strong>VIP-Dinnerreservierungen<\/strong>: Sichern Sie sich einen Tisch in den begehrtesten, mit Michelin-Sternen ausgezeichneten Restaurants von Paris <a href=\"https:\/\/kissinparis.com\/de\/restaurants-eiffelturm-blick\/\"  >Restaurants<\/a>, wo es fast unm\u00f6glich ist, Reservierungen zu bekommen.<\/li>\n\n\n\n<li><strong>Elegante Privatcharter<\/strong>: Veranstalten Sie anspruchsvolle Zusammenk\u00fcnfte auf privaten Yachten auf der Seine.<\/li>\n\n\n\n<li><strong>Einzigartige Transportl\u00f6sungen<\/strong>: Reisen Sie stilvoll mit luxuri\u00f6sen Bodentransportmitteln, Oldtimern oder Partybussen, die f\u00fcr Ihre Gruppe angepasst sind.<\/li>\n\n\n\n<li><strong>Personalisiertes Luxus-Shopping<\/strong>: Vereinbaren Sie private Termine in Luxusboutiquen und Kunsthandwerksateliers mit VIP-Behandlung.<\/li>\n\n\n\n<li><strong>Beschaffung seltener Champagner und Weine<\/strong>: Zugriff auf exklusive Etiketten, limitierte Jahrg\u00e4nge und Sonderw\u00fcnsche.<\/li>\n\n\n\n<li><strong>Engagierter G\u00e4ste-Support<\/strong>: Kontaktieren Sie f\u00fcr alle G\u00e4steanfragen einen zweisprachigen Ansprechpartner (per benutzerdefinierter E-Mail), der rund um die Uhr erreichbar ist.<\/li>\n\n\n\n<li><strong>Umfassende Reiseplanung<\/strong>: Erleben Sie sorgenfreien Luxus mit fachm\u00e4nnisch organisierter Abholung vom Flughafen, Unterkunft, gehobener K\u00fcche und kulturellen Aktivit\u00e4ten.<\/li>\n<\/ul>\n\n\n\n<figure class=\"wp-block-image size-large\"><img loading=\"lazy\" decoding=\"async\" width=\"1024\" height=\"683\" src=\"https:\/\/kissinparis.com\/wp-content\/uploads\/2025\/04\/Luxury-Concierge-Hotel-Room-Surprises-1024x683.webp\" alt=\"Pariser Heiratsantrags-Suite \u2013 \u00dcberraschung im Shangri-La mit Luxusgeschenken\" class=\"wp-image-18710\" srcset=\"https:\/\/kissinparis.com\/wp-content\/uploads\/2025\/04\/Luxury-Concierge-Hotel-Room-Surprises-1024x683.webp 1024w, https:\/\/kissinparis.com\/wp-content\/uploads\/2025\/04\/Luxury-Concierge-Hotel-Room-Surprises-300x200.webp 300w, https:\/\/kissinparis.com\/wp-content\/uploads\/2025\/04\/Luxury-Concierge-Hotel-Room-Surprises-768x512.webp 768w, https:\/\/kissinparis.com\/wp-content\/uploads\/2025\/04\/Luxury-Concierge-Hotel-Room-Surprises-1536x1024.webp 1536w, https:\/\/kissinparis.com\/wp-content\/uploads\/2025\/04\/Luxury-Concierge-Hotel-Room-Surprises-1200x800.webp 1200w, https:\/\/kissinparis.com\/wp-content\/uploads\/2025\/04\/Luxury-Concierge-Hotel-Room-Surprises.webp 1600w\" sizes=\"auto, (max-width: 1024px) 100vw, 1024px\" \/><figcaption class=\"wp-element-caption\">\u00dcberraschungs-Setup der Shangri-La Paris-Suite mit Geschenken von Dom Perignon, Hermes und Chanel, roten Rosen und einem auff\u00e4lligen \u00fcbergro\u00dfen Teddyb\u00e4r.<\/figcaption><\/figure>\n\n\n\n<h2 class=\"wp-block-heading\">Ihr Pariser Vorteil: Warum sollten Sie sich f\u00fcr unsere Expertise entscheiden?<\/h2>\n\n\n\n<h3 class=\"wp-block-heading\">Lokale Pr\u00e4senz und exklusiver Zugang<\/h3>\n\n\n\n<p>Unser in Paris ans\u00e4ssiges Team bietet Vorteile, die Remote-Agenturen nicht bieten k\u00f6nnen. Mit \u00fcber einem Jahrzehnt Erfahrung im Bereich Luxusveranstaltungen haben wir direkte Beziehungen zu Palasthotels, Museumsdirektoren, Schlossbesitzern und Sternek\u00f6chen aufgebaut. Dies erm\u00f6glicht es uns, private After-Hour-Events zu organisieren und R\u00e4ume zu nutzen, die ohne unsere lokalen Verbindungen normalerweise nicht zug\u00e4nglich sind.<\/p>\n\n\n\n<h3 class=\"wp-block-heading\">Einheitlicher Managementansatz<\/h3>\n\n\n\n<p>Wir vereinen Planung, Concierge und Design in einer einheitlichen Struktur. Ihr pers\u00f6nlicher Projektleiter koordiniert alle Aspekte Ihrer Veranstaltung und sorgt f\u00fcr gleichbleibende Qualit\u00e4t. Dieser Ansatz, der bei \u00fcber 500 Luxusveranstaltungen verfeinert wurde, eliminiert die Kommunikationsprobleme, die bei der Zusammenarbeit mit mehreren Agenturen oft auftreten.<\/p>\n\n\n\n<h3 class=\"wp-block-heading\">Internationaler Kundensupport<\/h3>\n\n\n\n<ul class=\"wp-block-list\">\n<li><strong>Mehrsprachiges Team<\/strong>: Unsere Mitarbeiter sprechen flie\u00dfend Englisch und Franz\u00f6sisch und gehen kompetent mit kulturellen Unterschieden um.<\/li>\n\n\n\n<li><strong>Dedizierte Kommunikation<\/strong>: Wir stellen eine benutzerdefinierte E-Mail-Adresse speziell f\u00fcr Ihre Veranstaltung bereit.<\/li>\n\n\n\n<li><strong>24\/7-Support<\/strong>: Unser Concierge-Team steht Ihnen w\u00e4hrend Ihres gesamten Paris-Besuchs rund um die Uhr zur Verf\u00fcgung.<\/li>\n\n\n\n<li><strong>G\u00e4stebetreuung<\/strong>: Alle Teilnehmer erhalten optionale Willkommenspakete, lokale Tipps, Notfallkontakte und individuell gestaltete Reiserouten, die auf ihre Vorlieben zugeschnitten sind.<\/li>\n<\/ul>\n\n\n\n<h3 class=\"wp-block-heading\">Exklusive Erlebnisse<\/h3>\n\n\n\n<p>Wir sind spezialisiert auf die Schaffung einzigartiger Pariser Erlebnisse, die \u00fcber herk\u00f6mmliche Kan\u00e4le nicht erh\u00e4ltlich sind. Unser Team kann Ihnen den Zugang zu franz\u00f6sischen Schl\u00f6ssern sichern, private Luxusessen arrangieren und spezielle Gruppenaktivit\u00e4ten organisieren \u2013 alles individuell auf Ihre Bed\u00fcrfnisse zugeschnitten.<\/p>\n\n\n\n<p>Vertrauen Sie Ihre Veranstaltung in Paris Spezialisten an, die sich mit der Luxuslandschaft dieser Stadt auskennen. Unsere bew\u00e4hrten Dienstleistungen sichern den Erfolg Ihrer Veranstaltung und die Zufriedenheit Ihrer G\u00e4ste.<\/p>\n\n\n\n<div class=\"wp-block-buttons is-content-justification-center is-layout-flex wp-container-core-buttons-is-layout-16018d1d wp-block-buttons-is-layout-flex\">\n<div class=\"wp-block-button\"><a class=\"wp-block-button__link wp-element-button\" href=\"https:\/\/kissinparis.com\/de\/beratung\/\"  >Anfrage<\/a><\/div>\n<\/div>\n<\/div><\/div>\n\n\n\n<div class=\"wp-block-group alignfull mt-0 mb-0  sec sec-map\"><div class=\"wp-block-group__inner-container is-layout-constrained wp-block-group-is-layout-constrained\">\n<div class=\"wp-block-columns are-vertically-aligned-center mt-0 mb-0 is-layout-flex wp-container-core-columns-is-layout-9d6595d7 wp-block-columns-is-layout-flex\">\n<div class=\"wp-block-column is-vertically-aligned-center is-layout-flow wp-block-column-is-layout-flow\">\n<p class=\"title-v2 mb-20\">Im Herzen von Paris.<\/p>\n\n\n\n<p>Kiss Me in Paris Proposals &amp; Weddings<br>78 Av. Raymond Poincar\u00e9, 75116 Paris, Frankreich<br><a href=\"tel:+33661351511\">+33 6 61 35 15 11<\/a><br><a href=\"mailto:support@kissinparis.com\">support@kissinparis.com<\/a><\/p>\n<\/div>\n\n\n\n<div class=\"wp-block-column is-vertically-aligned-center is-layout-flow wp-block-column-is-layout-flow\">\n<iframe title=\"Karte mit dem Standort von Kiss Me in Paris Proposals &amp; Weddings\" src=\"https:\/\/www.google.com\/maps\/embed?pb=!1m18!1m12!1m3!1d2624.433873533341!2d2.28082346080246!3d48.86900492627629!2m3!1f0!2f0!3f0!3m2!1i1024!2i768!4f13.1!3m3!1m2!1s0x47e66f84666f802f%3A0x7b03905155589b66!2sKiss%20Me%20in%20Paris%20Proposals%20%26%20Weddings!5e0!3m2!1sen!2sin!4v1744567332130!5m2!1sen!2sin\" width=\"600\" height=\"450\" style=\"border:0;\" allowfullscreen=\"\" loading=\"lazy\" referrerpolicy=\"no-referrer-when-downgrade\"><\/iframe>\n<\/div>\n<\/div>\n<\/div><\/div>\n\n\n\n<div class=\"wp-block-group popup-cta\"><div class=\"wp-block-group__inner-container is-layout-constrained wp-block-group-is-layout-constrained\">\n<figure class=\"wp-block-video\"><video height=\"960\" style=\"aspect-ratio: 686 \/ 960;\" width=\"686\" autoplay loop muted preload=\"none\" src=\"https:\/\/kissinparis.com\/wp-content\/uploads\/2025\/04\/Full-service-Paris-proposal-planner.mp4\" playsinline><\/video><\/figure>\n\n\n\n<p class=\"title\">Kontakt<\/p>\n\n\n\n<p class=\"has-link whatsapp\"><a href=\"https:\/\/api.whatsapp.com\/send?phone=19175134350\" data-type=\"link\" data-id=\"https:\/\/api.whatsapp.com\/send?phone=19175134350\" target=\"_blank\" rel=\"noopener\">WhatsApp<\/a><\/p>\n\n\n\n<p class=\"has-link booking\"><a href=\"mailto:support@kissinparis.com?subject=Paris Luxury Concierge Services\"  data-type=\"link\" data-id=\"https:\/\/api.whatsapp.com\/send?phone=19175134350\" >Anfrage<\/a><\/p>\n<\/div><\/div>","protected":false},"excerpt":{"rendered":"<p>Paris Luxury Concierge &amp; Design Services | Global Elite Planning an extraordinary event in Paris from abroad demands more than coordination; it requires insider knowledge. As your dedicated Paris-based partners, we offer exceptional expertise and valuable connections, opening doors to exclusive venues and experiences typically inaccessible. We specialize in serving discerning international clients, integrating our [&hellip;]<\/p>\n","protected":false},"author":35,"featured_media":17286,"parent":0,"menu_order":0,"comment_status":"closed","ping_status":"closed","template":"","meta":{"_acf_changed":false,"ub_ctt_via":"","footnotes":""},"class_list":["post-4635","page","type-page","status-publish","has-post-thumbnail","hentry"],"acf":[],"featured_image_src":"https:\/\/kissinparis.com\/wp-content\/uploads\/2025\/03\/Paris-proposal-package-chateau-villette-night.avif","_links":{"self":[{"href":"https:\/\/kissinparis.com\/de\/wp-json\/wp\/v2\/pages\/4635","targetHints":{"allow":["GET"]}}],"collection":[{"href":"https:\/\/kissinparis.com\/de\/wp-json\/wp\/v2\/pages"}],"about":[{"href":"https:\/\/kissinparis.com\/de\/wp-json\/wp\/v2\/types\/page"}],"author":[{"embeddable":true,"href":"https:\/\/kissinparis.com\/de\/wp-json\/wp\/v2\/users\/35"}],"replies":[{"embeddable":true,"href":"https:\/\/kissinparis.com\/de\/wp-json\/wp\/v2\/comments?post=4635"}],"version-history":[{"count":2,"href":"https:\/\/kissinparis.com\/de\/wp-json\/wp\/v2\/pages\/4635\/revisions"}],"predecessor-version":[{"id":26197,"href":"https:\/\/kissinparis.com\/de\/wp-json\/wp\/v2\/pages\/4635\/revisions\/26197"}],"wp:featuredmedia":[{"embeddable":true,"href":"https:\/\/kissinparis.com\/de\/wp-json\/wp\/v2\/media\/17286"}],"wp:attachment":[{"href":"https:\/\/kissinparis.com\/de\/wp-json\/wp\/v2\/media?parent=4635"}],"curies":[{"name":"wp","href":"https:\/\/api.w.org\/{rel}","templated":true}]}}