{"id":4643,"date":"2023-03-08T14:41:00","date_gmt":"2023-03-08T14:41:00","guid":{"rendered":"https:\/\/kissinparis.com\/?page_id=4643"},"modified":"2026-04-27T11:48:39","modified_gmt":"2026-04-27T11:48:39","slug":"hier-starten","status":"publish","type":"page","link":"https:\/\/kissinparis.com\/de\/start-here\/","title":{"rendered":"Finden Sie Ihren idealen Service in Paris: Eine Kurzanleitung zu unseren Angeboten"},"content":{"rendered":"<div class=\"wp-block-group alignfull sec heror-section full-width mt-0 mb-0 has-scroll-down has-background-color has-primary-background-color has-text-color has-background has-link-color wp-elements-a05e0e41df26d6dfa72f130619089ea2\"><div class=\"wp-block-group__inner-container is-layout-constrained wp-block-group-is-layout-constrained\">\n<div class=\"wp-block-columns alignfull summery is-layout-flex wp-container-core-columns-is-layout-9d6595d7 wp-block-columns-is-layout-flex\">\n<div class=\"wp-block-column is-layout-flow wp-block-column-is-layout-flow\">\n<h1 class=\"wp-block-heading has-text-align-left full has-background-color has-text-color has-link-color wp-elements-af6b45e41e15ca4611e53fe0fca01918\">Hier starten: Heiratsantr\u00e4ge, Hochzeiten &amp; Fotoshootings in Paris<\/h1>\n<\/div>\n\n\n\n<div class=\"wp-block-column lead is-layout-flow wp-block-column-is-layout-flow\">\n<p>Bonjour und willkommen. Diese Seite ist Ihr Wegweiser zum passenden Service \u2013 ob Heiratsantrag, Hochzeit oder ein unvergessliches Fotoshooting in Paris.<\/p>\n\n\n\n<p class=\"translation-block\">Finden Sie hier unsere beliebtesten Angebote, Inspirationen und Expertentipps. Unser Team steht Ihnen jederzeit per <a href=\"mailto:support@kissinparis.com?subject=Your Paris Inquiry | Kiss Me in Paris\" target=\"_self\">E-Mail<\/a> oder <a href=\"https:\/\/api.whatsapp.com\/send?phone=33699061974\" data-type=\"link\" data-id=\"https:\/\/api.whatsapp.com\/send?phone=33699061974\" target=\"_blank\" rel=\"noopener\">WhatsApp<\/a> zur Verf\u00fcgung.<\/p>\n<\/div>\n<\/div>\n<\/div><\/div>\n\n\n\n<div class=\"wp-block-group alignfull mt-0 mb-0 sec sec-service-rows start-here has-subtle-background-background-color has-background\"><div class=\"wp-block-group__inner-container is-layout-constrained wp-block-group-is-layout-constrained\">\n<div class=\"wp-block-columns alignfull gap service-row is-layout-flex wp-container-core-columns-is-layout-9d6595d7 wp-block-columns-is-layout-flex\">\n<div class=\"wp-block-column has-figure is-layout-flow wp-block-column-is-layout-flow\">\n<figure class=\"wp-block-image size-full\"><img loading=\"lazy\" decoding=\"async\" width=\"933\" height=\"1400\" src=\"https:\/\/kissinparis.com\/wp-content\/uploads\/2025\/04\/paris-proposal-photographer-peninsula-eiffel-tower-secret-table.webp\" alt=\"Pariser Heiratsantragsfotograf h\u00e4lt romantischen Heiratsantrag am Peninsula Secret Table mit Blick auf den Eiffelturm fest\" class=\"wp-image-19274\" srcset=\"https:\/\/kissinparis.com\/wp-content\/uploads\/2025\/04\/paris-proposal-photographer-peninsula-eiffel-tower-secret-table.webp 933w, https:\/\/kissinparis.com\/wp-content\/uploads\/2025\/04\/paris-proposal-photographer-peninsula-eiffel-tower-secret-table-200x300.webp 200w, https:\/\/kissinparis.com\/wp-content\/uploads\/2025\/04\/paris-proposal-photographer-peninsula-eiffel-tower-secret-table-682x1024.webp 682w, https:\/\/kissinparis.com\/wp-content\/uploads\/2025\/04\/paris-proposal-photographer-peninsula-eiffel-tower-secret-table-768x1152.webp 768w\" sizes=\"auto, (max-width: 933px) 100vw, 933px\" \/><figcaption class=\"wp-element-caption\">Ein magischer Moment, festgehalten von unseren Pariser Heiratsantragsfotografen: Er kniet am Secret Table des Peninsula nieder, umgeben von roten Rosen und dem Eiffelturm als Trauzeugen. Wir dokumentieren diskret jede Reaktion w\u00e4hrend dieser einmaligen Heiratsantr\u00e4ge in Paris.<\/figcaption><\/figure>\n<\/div>\n\n\n\n<div class=\"wp-block-column is-vertically-aligned-stretch has-content is-layout-flow wp-block-column-is-layout-flow\">\n<h2 class=\"wp-block-heading title full\"><em>(01)<\/em> <strong>Ich m\u00f6chte in Paris einen Heiratsantrag machen<\/strong><\/h2>\n\n\n\n<figure class=\"wp-block-image size-full\"><img loading=\"lazy\" decoding=\"async\" width=\"933\" height=\"1400\" src=\"https:\/\/kissinparis.com\/wp-content\/uploads\/2025\/04\/paris-proposal-photographer-peninsula-eiffel-tower-secret-table.webp\" alt=\"Pariser Heiratsantragsfotograf h\u00e4lt romantischen Heiratsantrag am Peninsula Secret Table mit Blick auf den Eiffelturm fest\" class=\"wp-image-19274\" srcset=\"https:\/\/kissinparis.com\/wp-content\/uploads\/2025\/04\/paris-proposal-photographer-peninsula-eiffel-tower-secret-table.webp 933w, https:\/\/kissinparis.com\/wp-content\/uploads\/2025\/04\/paris-proposal-photographer-peninsula-eiffel-tower-secret-table-200x300.webp 200w, https:\/\/kissinparis.com\/wp-content\/uploads\/2025\/04\/paris-proposal-photographer-peninsula-eiffel-tower-secret-table-682x1024.webp 682w, https:\/\/kissinparis.com\/wp-content\/uploads\/2025\/04\/paris-proposal-photographer-peninsula-eiffel-tower-secret-table-768x1152.webp 768w\" sizes=\"auto, (max-width: 933px) 100vw, 933px\" \/><figcaption class=\"wp-element-caption\">Ein magischer Moment, festgehalten von unseren Pariser Heiratsantragsfotografen: Er kniet am Secret Table des Peninsula nieder, umgeben von roten Rosen und dem Eiffelturm als Trauzeugen. Wir dokumentieren diskret jede Reaktion w\u00e4hrend dieser einmaligen Heiratsantr\u00e4ge in Paris.<\/figcaption><\/figure>\n\n\n\n<div class=\"wp-block-group content\"><div class=\"wp-block-group__inner-container is-layout-constrained wp-block-group-is-layout-constrained\">\n<p class=\"full\">Planen Sie einen unvergesslichen Heiratsantrag in Paris mit fachkundiger Beratung, Zugang zu atemberaubenden Orten und zuverl\u00e4ssiger Durchf\u00fchrung am Tag der Hochzeit \u2013 damit Sie (und Ihre zuk\u00fcnftige Verlobte) ein stressfreies, bildsch\u00f6nes Erlebnis genie\u00dfen k\u00f6nnen, das Sie f\u00fcr immer in Erinnerung behalten werden.<\/p>\n\n\n\n<ol class=\"wp-block-list\">\n<li><a href=\"https:\/\/kissinparis.com\/de\/heiratsantrag-paris\/eiffelturm-paket\/\" data-type=\"link\" data-id=\"https:\/\/kissinparis.com\/paris-proposal\/eiffel-tower-proposal-package\/\">Eiffelturm-Antragspaket<\/a>&nbsp;\u2014 Private Dachterrasse, direkter Blick auf den Turm, romantisches Arrangement und 30-min\u00fctige professionelle Fotografie ab 1.750 \u20ac.<\/li>\n\n\n\n<li><a href=\"https:\/\/kissinparis.com\/de\/heiratsantrag-paris\/pakete\/\" data-type=\"link\" data-id=\"https:\/\/kissinparis.com\/paris-proposal\/packages\/\">Alle Pariser Heiratsantragspakete<\/a> \u2014 Sofort buchbare Optionen f\u00fcr maximale Wirkung und Wert<\/li>\n\n\n\n<li><a href=\"https:\/\/kissinparis.com\/de\/heiratsantrag-paris\/planer\/\" data-type=\"link\" data-id=\"https:\/\/kissinparis.com\/paris-proposal\/planner\/\">Heiratsantrag-Planer Paris<\/a> \u2014 Arbeiten Sie mit unseren englischsprachigen Experten zusammen, um ein personalisiertes Erlebnis zu erhalten<\/li>\n\n\n\n<li><a href=\"https:\/\/kissinparis.com\/de\/heiratsantrag-paris\/\" data-type=\"link\" data-id=\"https:\/\/kissinparis.com\/paris-proposal\/\">Pariser Antragsf\u00fchrer<\/a> \u2014 Entdecken Sie die sch\u00f6nsten Orte, den idealen Zeitpunkt und Insidertipps f\u00fcr die perfekte Verlobung in Paris<\/li>\n\n\n\n<li><a href=\"https:\/\/kissinparis.com\/de\/heiratsantrag-paris\/heiratsantrag-paris-anleitung\/\" data-type=\"link\" data-id=\"https:\/\/kissinparis.com\/paris-proposal\/proposal-experience-guide\/\">Leitfaden f\u00fcr Heiratsantr\u00e4ge in Paris<\/a> \u2014 Der Ablaufplan, den wir mit jedem Kunden durchgehen: Ankunft, Haltung, Rede, Ringtausch und der erste Toast. Basierend auf \u00fcber 1.200 Heiratsantr\u00e4gen.<\/li>\n\n\n\n<li><a href=\"https:\/\/kissinparis.com\/de\/heiratsantrag-paris\/ideen-paris\/\" data-type=\"link\" data-id=\"https:\/\/kissinparis.com\/paris-proposal\/ideas-paris\/\">Einzigartige Ideen f\u00fcr einen Heiratsantrag in Paris<\/a> \u2013 Lassen Sie sich von bew\u00e4hrten Angebotskonzepten mit Beispielen aus der Praxis und Umsetzungstipps inspirieren<\/li>\n\n\n\n<li><a href=\"https:\/\/kissinparis.com\/de\/heiratsantrag-dachterrasse-paris\/\">Veranstaltungsorte f\u00fcr Heiratsantr\u00e4ge auf Pariser D\u00e4chern<\/a> \u2014 Entdecken Sie private Terrassen mit freiem Blick auf den Eiffelturm, absoluter Diskretion und der Freiheit, Ihren Heiratsantrag individuell zu gestalten<\/li>\n<\/ol>\n<\/div><\/div>\n<\/div>\n\n\n\n<div class=\"wp-block-column is-vertically-aligned-bottom has-action is-layout-flow wp-block-column-is-layout-flow\"><\/div>\n<\/div>\n\n\n\n<div class=\"wp-block-columns alignfull gap service-row is-layout-flex wp-container-core-columns-is-layout-9d6595d7 wp-block-columns-is-layout-flex\">\n<div class=\"wp-block-column has-figure is-layout-flow wp-block-column-is-layout-flow\">\n<figure class=\"wp-block-image size-large\"><img loading=\"lazy\" decoding=\"async\" width=\"682\" height=\"1024\" src=\"https:\/\/kissinparis.com\/wp-content\/uploads\/2025\/04\/paris-wedding-photographer-dior-bride-chateau-vaux-le-vicomte-682x1024.webp\" alt=\"Pariser Luxus-Hochzeitsfotograf f\u00e4ngt Braut in Dior Couture-Kleid im Chateau Vaux le Vicomte ein\" class=\"wp-image-19226\" srcset=\"https:\/\/kissinparis.com\/wp-content\/uploads\/2025\/04\/paris-wedding-photographer-dior-bride-chateau-vaux-le-vicomte-682x1024.webp 682w, https:\/\/kissinparis.com\/wp-content\/uploads\/2025\/04\/paris-wedding-photographer-dior-bride-chateau-vaux-le-vicomte-200x300.webp 200w, https:\/\/kissinparis.com\/wp-content\/uploads\/2025\/04\/paris-wedding-photographer-dior-bride-chateau-vaux-le-vicomte-768x1152.webp 768w, https:\/\/kissinparis.com\/wp-content\/uploads\/2025\/04\/paris-wedding-photographer-dior-bride-chateau-vaux-le-vicomte.webp 933w\" sizes=\"auto, (max-width: 682px) 100vw, 682px\" \/><figcaption class=\"wp-element-caption\">Ein atemberaubender Moment, festgehalten von unserem Pariser Hochzeitsfotografen-Team: Eine elegante Braut in Dior Couture r\u00fcckt ihre Diamantkette im prachtvollen Ch\u00e2teau de Vaux-le-Vicomte zurecht. Unser luxuri\u00f6ser Ansatz verbindet redaktionelle Modeexpertise mit authentischer Emotion und wird von Prominenten und anspruchsvollen Paaren f\u00fcr unvergessliche Hochzeitsfotos gesch\u00e4tzt.<\/figcaption><\/figure>\n<\/div>\n\n\n\n<div class=\"wp-block-column is-vertically-aligned-stretch has-content is-layout-flow wp-block-column-is-layout-flow\">\n<h2 class=\"wp-block-heading title full\"><em>(02)<\/em> <strong>Ich plane eine Hochzeit oder eine Flucht<\/strong><\/h2>\n\n\n\n<figure class=\"wp-block-image size-large\"><img loading=\"lazy\" decoding=\"async\" width=\"682\" height=\"1024\" src=\"https:\/\/kissinparis.com\/wp-content\/uploads\/2025\/04\/paris-wedding-photographer-dior-bride-chateau-vaux-le-vicomte-682x1024.webp\" alt=\"Pariser Luxus-Hochzeitsfotograf f\u00e4ngt Braut in Dior Couture-Kleid im Chateau Vaux le Vicomte ein\" class=\"wp-image-19226\" srcset=\"https:\/\/kissinparis.com\/wp-content\/uploads\/2025\/04\/paris-wedding-photographer-dior-bride-chateau-vaux-le-vicomte-682x1024.webp 682w, https:\/\/kissinparis.com\/wp-content\/uploads\/2025\/04\/paris-wedding-photographer-dior-bride-chateau-vaux-le-vicomte-200x300.webp 200w, https:\/\/kissinparis.com\/wp-content\/uploads\/2025\/04\/paris-wedding-photographer-dior-bride-chateau-vaux-le-vicomte-768x1152.webp 768w, https:\/\/kissinparis.com\/wp-content\/uploads\/2025\/04\/paris-wedding-photographer-dior-bride-chateau-vaux-le-vicomte.webp 933w\" sizes=\"auto, (max-width: 682px) 100vw, 682px\" \/><figcaption class=\"wp-element-caption\">Ein atemberaubender Moment, festgehalten von unserem Pariser Hochzeitsfotografen-Team: Eine elegante Braut in Dior Couture r\u00fcckt ihre Diamantkette im prachtvollen Ch\u00e2teau de Vaux-le-Vicomte zurecht. Unser luxuri\u00f6ser Ansatz verbindet redaktionelle Modeexpertise mit authentischer Emotion und wird von Prominenten und anspruchsvollen Paaren f\u00fcr unvergessliche Hochzeitsfotos gesch\u00e4tzt.<\/figcaption><\/figure>\n\n\n\n<div class=\"wp-block-group content\"><div class=\"wp-block-group__inner-container is-layout-constrained wp-block-group-is-layout-constrained\">\n<p>Ob Sie von einer eleganten Schlossfeier, einer privaten Hochzeit oder einem glamour\u00f6sen Event im Herzen von Paris tr\u00e4umen, unsere freundlichen, englischsprachigen Planer begleiten Sie gerne. Freuen Sie sich auf exklusiven Zugang zum Veranstaltungsort, zuverl\u00e4ssige Kontakte zu zuverl\u00e4ssigen Anbietern und eine klare, reaktionsschnelle Kommunikation w\u00e4hrend der gesamten Planung.<\/p>\n\n\n\n<ol class=\"wp-block-list\">\n<li><a href=\"https:\/\/kissinparis.com\/de\/hochzeitsplaner-paris\/\" data-type=\"link\" data-id=\"https:\/\/kissinparis.com\/paris-wedding-planner\/\">Pariser Hochzeitsplaner<\/a>&nbsp;\u2014 Full-Service-Hochzeitsplanungskompetenz<\/li>\n\n\n\n<li><a href=\"https:\/\/kissinparis.com\/de\/heiraten-in-paris\/\" data-type=\"link\" data-id=\"https:\/\/kissinparis.com\/paris-wedding\/\">Pariser Hochzeitsf\u00fchrer<\/a>&nbsp;\u2013 Veranstaltungsortoptionen, Planungstipps und Insider-Einblicke<\/li>\n\n\n\n<li><a href=\"https:\/\/kissinparis.com\/de\/intime-hochzeit-paris\/\" data-type=\"link\" data-id=\"https:\/\/kissinparis.com\/paris-elopement\/\">Leitfaden f\u00fcr Pariser Durchbr\u00fcche<\/a>&nbsp;\u2013 Wichtige Informationen f\u00fcr eine hinrei\u00dfende, intime Zeremonie<\/li>\n<\/ol>\n<\/div><\/div>\n<\/div>\n\n\n\n<div class=\"wp-block-column is-vertically-aligned-bottom has-action is-layout-flow wp-block-column-is-layout-flow\"><\/div>\n<\/div>\n\n\n\n<div class=\"wp-block-columns alignfull gap service-row is-layout-flex wp-container-core-columns-is-layout-9d6595d7 wp-block-columns-is-layout-flex\">\n<div class=\"wp-block-column has-figure is-layout-flow wp-block-column-is-layout-flow\">\n<figure class=\"wp-block-image size-large\"><img loading=\"lazy\" decoding=\"async\" width=\"682\" height=\"1024\" src=\"https:\/\/kissinparis.com\/wp-content\/uploads\/2025\/04\/paris-couple-photography-intimate-romantic-flower-682x1024.webp\" alt=\"Intime Paarfotografie in Paris mit einem Mann, der eine Blume h\u00e4lt und eine Frau umarmt\" class=\"wp-image-19225\" srcset=\"https:\/\/kissinparis.com\/wp-content\/uploads\/2025\/04\/paris-couple-photography-intimate-romantic-flower-682x1024.webp 682w, https:\/\/kissinparis.com\/wp-content\/uploads\/2025\/04\/paris-couple-photography-intimate-romantic-flower-200x300.webp 200w, https:\/\/kissinparis.com\/wp-content\/uploads\/2025\/04\/paris-couple-photography-intimate-romantic-flower-768x1152.webp 768w, https:\/\/kissinparis.com\/wp-content\/uploads\/2025\/04\/paris-couple-photography-intimate-romantic-flower.webp 933w\" sizes=\"auto, (max-width: 682px) 100vw, 682px\" \/><figcaption class=\"wp-element-caption\">Unsere Pariser Fotografin erstellt intime, nat\u00fcrliche Paarportr\u00e4ts, die Ihre echte Verbindung zum Ausdruck bringen - perfekt f\u00fcr Verlobungen, Jahrestage oder einfach nur, um Ihre Liebesgeschichte zu feiern.<\/figcaption><\/figure>\n<\/div>\n\n\n\n<div class=\"wp-block-column is-vertically-aligned-stretch has-content is-layout-flow wp-block-column-is-layout-flow\">\n<h2 class=\"wp-block-heading title full\"><em>(03)<\/em> <strong>Ich m\u00f6chte ein wundersch\u00f6nes Fotoshooting in Paris<\/strong><\/h2>\n\n\n\n<figure class=\"wp-block-image size-large\"><img loading=\"lazy\" decoding=\"async\" width=\"682\" height=\"1024\" src=\"https:\/\/kissinparis.com\/wp-content\/uploads\/2025\/04\/paris-couple-photography-intimate-romantic-flower-682x1024.webp\" alt=\"Intime Paarfotografie in Paris mit einem Mann, der eine Blume h\u00e4lt und eine Frau umarmt\" class=\"wp-image-19225\" srcset=\"https:\/\/kissinparis.com\/wp-content\/uploads\/2025\/04\/paris-couple-photography-intimate-romantic-flower-682x1024.webp 682w, https:\/\/kissinparis.com\/wp-content\/uploads\/2025\/04\/paris-couple-photography-intimate-romantic-flower-200x300.webp 200w, https:\/\/kissinparis.com\/wp-content\/uploads\/2025\/04\/paris-couple-photography-intimate-romantic-flower-768x1152.webp 768w, https:\/\/kissinparis.com\/wp-content\/uploads\/2025\/04\/paris-couple-photography-intimate-romantic-flower.webp 933w\" sizes=\"auto, (max-width: 682px) 100vw, 682px\" \/><figcaption class=\"wp-element-caption\">Unsere Pariser Fotografin erstellt intime, nat\u00fcrliche Paarportr\u00e4ts, die Ihre echte Verbindung zum Ausdruck bringen - perfekt f\u00fcr Verlobungen, Jahrestage oder einfach nur, um Ihre Liebesgeschichte zu feiern.<\/figcaption><\/figure>\n\n\n\n<div class=\"wp-block-group content\"><div class=\"wp-block-group__inner-container is-layout-constrained wp-block-group-is-layout-constrained\">\n<p class=\"full\">Erinnern Sie sich an Ihren Besuch in der Stadt der Lichter mit einem stilvollen, unterhaltsamen Urlaubsfotoshooting mit unseren lokalen K\u00fcnstlern, die wissen, wie Sie fantastisch aussehen und sich fantastisch f\u00fchlen.<\/p>\n\n\n\n<p>Hilfreiche Links f\u00fcr den Einstieg:<\/p>\n\n\n\n<ol class=\"wp-block-list\">\n<li><a href=\"https:\/\/kissinparis.com\/de\/jetzt-buchen\/fotoshooting\/\">Fotoshooting in Paris buchen<\/a> \u2014 Reservieren Sie Ihre Sitzung noch heute<\/li>\n\n\n\n<li><a href=\"https:\/\/kissinparis.com\/de\/kreativteam\/\">Lernen Sie unsere Fotografen kennen<\/a>&nbsp;\u2013 Schauen Sie sich die K\u00fcnstler hinter der Linse an<\/li>\n\n\n\n<li><a href=\"https:\/\/kissinparis.com\/de\/fotografie-dienstleistungen\/\">Durchsuchen Sie unsere Fotografie-Services<\/a>&nbsp;\u2014 Paare, Hochzeiten, Boudoir, Familien und Einzelsitzungen<\/li>\n\n\n\n<li><a href=\"https:\/\/kissinparis.com\/de\/portfolio\/\" data-type=\"link\" data-id=\"https:\/\/kissinparis.com\/portfolio\/\">Sehen Sie sich unser Portfolio an&nbsp;<\/a>\u2014 Inspiration aus Paris und dar\u00fcber hinaus<\/li>\n\n\n\n<li><a href=\"https:\/\/kissinparis.com\/de\/fotoshooting-paris\/\" data-type=\"link\" data-id=\"https:\/\/kissinparis.com\/paris-photoshoot\/\">Fotoshooting-Leitfaden<\/a>&nbsp;\u2014 Outfit-Tipps, Top-Fotolocations und Expertenrat<\/li>\n<\/ol>\n<\/div><\/div>\n<\/div>\n\n\n\n<div class=\"wp-block-column is-vertically-aligned-bottom has-action is-layout-flow wp-block-column-is-layout-flow\"><\/div>\n<\/div>\n<\/div><\/div>\n\n\n\n<div class=\"wp-block-group alignfull mt-0 mb-0 sec sec-cta sec-cta-2025 fullscreen border-0 has-base-2-color has-subtle-background-background-color has-text-color has-background has-link-color wp-elements-7eb9fad225c988c0104ef9ffcb8ab40b\"><div class=\"wp-block-group__inner-container is-layout-constrained wp-block-group-is-layout-constrained\">\n<div class=\"wp-block-group alignfull\"><div class=\"wp-block-group__inner-container is-layout-constrained wp-block-group-is-layout-constrained\">\n<h2 class=\"wp-block-heading alignfull has-text-align-center\">Bereit, das n\u00e4chste Kapitel zu schreiben<br>in Ihrer Liebesgeschichte?<\/h2>\n\n\n\n<p class=\"has-text-align-center big-text alignwide animated-letters-v2 has-primary-color has-text-color has-link-color wp-elements-f311ce14ce04f075a6b05113fdf89593\"><strong>Lass uns <\/strong><strong>zusammen!<\/strong><\/p>\n\n\n\n<div class=\"wp-block-buttons is-content-justification-center is-layout-flex wp-container-core-buttons-is-layout-16018d1d wp-block-buttons-is-layout-flex\">\n<div class=\"wp-block-button btn-lg get-popup has-dot_0 has-text-hover\"><a class=\"wp-block-button__link has-background-color has-text-color has-link-color wp-element-button\" href=\"#contact-info\"><em>Kontakt<\/em><\/a><\/div>\n<\/div>\n<\/div><\/div>\n<\/div><\/div>\n\n\n\n<div class=\"wp-block-group alignfull mt-0 mb-0  sec sec-map\"><div class=\"wp-block-group__inner-container is-layout-constrained wp-block-group-is-layout-constrained\">\n<div class=\"wp-block-columns are-vertically-aligned-center mt-0 mb-0 is-layout-flex wp-container-core-columns-is-layout-9d6595d7 wp-block-columns-is-layout-flex\">\n<div class=\"wp-block-column is-vertically-aligned-center is-layout-flow wp-block-column-is-layout-flow\">\n<p class=\"title-v2 mb-20\">Im Herzen von Paris.<\/p>\n\n\n\n<p>Kiss Me in Paris Proposals &amp; Weddings<br>78 Av. Raymond Poincar\u00e9, 75116 Paris, Frankreich<br><a href=\"tel:+33661351511\">+33 6 61 35 15 11<\/a><br><a href=\"mailto:support@kissinparis.com\">support@kissinparis.com<\/a><\/p>\n<\/div>\n\n\n\n<div class=\"wp-block-column is-vertically-aligned-center is-layout-flow wp-block-column-is-layout-flow\">\n<iframe title=\"Karte mit dem Standort von Kiss Me in Paris Proposals &amp; Weddings\" src=\"https:\/\/www.google.com\/maps\/embed?pb=!1m18!1m12!1m3!1d2624.433873533341!2d2.28082346080246!3d48.86900492627629!2m3!1f0!2f0!3f0!3m2!1i1024!2i768!4f13.1!3m3!1m2!1s0x47e66f84666f802f%3A0x7b03905155589b66!2sKiss%20Me%20in%20Paris%20Proposals%20%26%20Weddings!5e0!3m2!1sen!2sin!4v1744567332130!5m2!1sen!2sin\" width=\"600\" height=\"450\" style=\"border:0;\" allowfullscreen=\"\" loading=\"lazy\" referrerpolicy=\"no-referrer-when-downgrade\"><\/iframe>\n<\/div>\n<\/div>\n<\/div><\/div>\n\n\n\n<div class=\"wp-block-group popup-cta\"><div class=\"wp-block-group__inner-container is-layout-constrained wp-block-group-is-layout-constrained\">\n<figure class=\"wp-block-video\"><video height=\"960\" style=\"aspect-ratio: 686 \/ 960;\" width=\"686\" autoplay loop muted poster=\"https:\/\/kissinparis.com\/wp-content\/uploads\/2025\/04\/Kiss-Me-in-Paris-Proposals-Weddings-Planning.webp\" preload=\"none\" src=\"https:\/\/kissinparis.com\/wp-content\/uploads\/2025\/04\/Full-service-Paris-proposal-planner.mp4\" playsinline><\/video><\/figure>\n\n\n\n<p class=\"title\">Kontakt<\/p>\n\n\n\n<p class=\"has-link whatsapp\"><a href=\"https:\/\/api.whatsapp.com\/send?phone=19175134350\" target=\"_blank\" data-type=\"link\" data-id=\"https:\/\/api.whatsapp.com\/send?phone=19175134350\" rel=\"noreferrer noopener nofollow\">WhatsApp<\/a><\/p>\n\n\n\n<p class=\"has-link booking\"><a href=\"mailto:support@kissinparis.com?subject=Your Paris Inquiry | Kiss Me in Paris\" target=\"_blank\" data-type=\"link\" data-id=\"https:\/\/api.whatsapp.com\/send?phone=19175134350\" rel=\"noreferrer noopener\">Anfrage<\/a><\/p>\n<\/div><\/div>","protected":false},"excerpt":{"rendered":"<p>Start Here: Paris Proposals, Weddings &amp; Photoshoots Made Easy Bonjour and congratulations on your upcoming Paris adventure. This page guides you directly to the service you\u2019re looking for\u2014whether you&#8217;re planning a proposal, organizing a wedding, or just want a fun and memorable vacation photoshoot. Consider this a roadmap to our most popular services, inspiration, and [&hellip;]<\/p>\n","protected":false},"author":35,"featured_media":19995,"parent":0,"menu_order":0,"comment_status":"closed","ping_status":"closed","template":"","meta":{"_acf_changed":false,"ub_ctt_via":"","footnotes":""},"class_list":["post-4643","page","type-page","status-publish","has-post-thumbnail","hentry"],"acf":[],"featured_image_src":"https:\/\/kissinparis.com\/wp-content\/uploads\/2025\/05\/Kiss-Me-in-Paris-Start-Here.webp","_links":{"self":[{"href":"https:\/\/kissinparis.com\/de\/wp-json\/wp\/v2\/pages\/4643","targetHints":{"allow":["GET"]}}],"collection":[{"href":"https:\/\/kissinparis.com\/de\/wp-json\/wp\/v2\/pages"}],"about":[{"href":"https:\/\/kissinparis.com\/de\/wp-json\/wp\/v2\/types\/page"}],"author":[{"embeddable":true,"href":"https:\/\/kissinparis.com\/de\/wp-json\/wp\/v2\/users\/35"}],"replies":[{"embeddable":true,"href":"https:\/\/kissinparis.com\/de\/wp-json\/wp\/v2\/comments?post=4643"}],"version-history":[{"count":8,"href":"https:\/\/kissinparis.com\/de\/wp-json\/wp\/v2\/pages\/4643\/revisions"}],"predecessor-version":[{"id":29654,"href":"https:\/\/kissinparis.com\/de\/wp-json\/wp\/v2\/pages\/4643\/revisions\/29654"}],"wp:featuredmedia":[{"embeddable":true,"href":"https:\/\/kissinparis.com\/de\/wp-json\/wp\/v2\/media\/19995"}],"wp:attachment":[{"href":"https:\/\/kissinparis.com\/de\/wp-json\/wp\/v2\/media?parent=4643"}],"curies":[{"name":"wp","href":"https:\/\/api.w.org\/{rel}","templated":true}]}}