{"id":4772,"date":"2023-03-08T22:08:46","date_gmt":"2023-03-08T22:08:46","guid":{"rendered":"https:\/\/kissinparis.com\/?page_id=4772"},"modified":"2025-06-03T12:02:49","modified_gmt":"2025-06-03T12:02:49","slug":"kunstausstellung-antrag","status":"publish","type":"page","link":"https:\/\/kissinparis.com\/de\/paris-proposal\/art-show-marriage-proposal\/","title":{"rendered":"Kunstausstellung Heiratsantrag"},"content":{"rendered":"<div class=\"wp-block-group alignfull sec heror-section mt-0 mb-0 has-scroll-down has-background-color has-primary-background-color has-text-color has-background has-link-color wp-elements-a7d57a88e856f4628d710fc78a782c1b\"><div class=\"wp-block-group__inner-container is-layout-constrained wp-block-group-is-layout-constrained\">\n<h1 class=\"wp-block-heading alignwide has-text-align-left full has-background-color has-text-color has-link-color wp-elements-1f42dbda5d7a059990dff82fa124ca24\">Der Vorschlag f\u00fcr die Kunstausstellung in Paris<\/h1>\n\n\n\n<div class=\"wp-block-buttons alignfull mt-0 mb-0 pt-10 is-layout-flex wp-block-buttons-is-layout-flex\">\n<div class=\"wp-block-button\"><a class=\"wp-block-button__link has-primary-color has-background-background-color has-text-color has-background wp-element-button\" href=\"https:\/\/kissinparis.com\/de\/beratung\/\">Anfragen<\/a><\/div>\n<\/div>\n<\/div><\/div>\n\n\n\n<div class=\"wp-block-cover alignfull is-light mt-0 mb-0 banner banner-resources\"><img loading=\"lazy\" decoding=\"async\" width=\"1500\" height=\"1001\" class=\"wp-block-cover__image-background wp-image-4774\" alt=\"Der Vorschlag f\u00fcr eine Kunstausstellung zum Eiffelturm\" src=\"https:\/\/kissinparis.com\/wp-content\/uploads\/2023\/03\/art-show-marriage-proposal-in-Paris.jpg\" style=\"object-position:41% 67%\" data-object-fit=\"cover\" data-object-position=\"41% 67%\" srcset=\"https:\/\/kissinparis.com\/wp-content\/uploads\/2023\/03\/art-show-marriage-proposal-in-Paris.jpg 1500w, https:\/\/kissinparis.com\/wp-content\/uploads\/2023\/03\/art-show-marriage-proposal-in-Paris-300x200.jpg 300w, https:\/\/kissinparis.com\/wp-content\/uploads\/2023\/03\/art-show-marriage-proposal-in-Paris-1024x683.jpg 1024w, https:\/\/kissinparis.com\/wp-content\/uploads\/2023\/03\/art-show-marriage-proposal-in-Paris-768x513.jpg 768w, https:\/\/kissinparis.com\/wp-content\/uploads\/2023\/03\/art-show-marriage-proposal-in-Paris-1200x801.jpg 1200w\" sizes=\"auto, (max-width: 1500px) 100vw, 1500px\" \/><span aria-hidden=\"true\" class=\"wp-block-cover__background has-primary-background-color has-background-dim-0 has-background-dim\"><\/span><div class=\"wp-block-cover__inner-container is-layout-flow wp-block-cover-is-layout-flow\">\n<div class=\"banner-video\">\n<img decoding=\"async\" src=\"https:\/\/kissinparis.com\/wp-content\/uploads\/2023\/02\/placeholder_16x9.png\" alt=\"Bereich Held\">\n<\/div>\n<\/div><\/div>\n\n\n\n<div class=\"wp-block-group alignfull mt-0 mb-0 sec sec-content\" id=\"sec-1\"><div class=\"wp-block-group__inner-container is-layout-constrained wp-block-group-is-layout-constrained\">\n<h2 class=\"wp-block-heading title-v2\">Stellen Sie Ihrem Schatz unter dem Vorwand einer Kunstausstellung die Frage nach der Liebe.<\/h2>\n\n\n\n<p>Dieser Kunstausstellungsvorschlag funktioniert am besten am Morgen, wenn weniger los ist.<\/p>\n\n\n\n<p>Sie erz\u00e4hlen Ihrer Partnerin, dass ein ber\u00fchmter franz\u00f6sischer K\u00fcnstler eine \u201ekostenlose\u201c Ausstellung veranstaltet und Sie diese gerne besuchen w\u00fcrden. Ihre Partnerin wei\u00df nicht, dass es sich um eine pers\u00f6nliche Ausstellung handelt, die nur f\u00fcr ihre Augen bestimmt ist.<\/p>\n\n\n\n<figure class=\"wp-block-image size-large\"><img loading=\"lazy\" decoding=\"async\" width=\"1024\" height=\"683\" src=\"https:\/\/kissinparis.com\/wp-content\/uploads\/2023\/05\/Art-Show-Paris-proposal-with-Eiffel-Tower-view-1024x683.jpg\" alt=\"Vorschlag f\u00fcr eine Kunstausstellung in Paris mit Blick auf den Eiffelturm\" class=\"wp-image-12375\" srcset=\"https:\/\/kissinparis.com\/wp-content\/uploads\/2023\/05\/Art-Show-Paris-proposal-with-Eiffel-Tower-view-1024x683.jpg 1024w, https:\/\/kissinparis.com\/wp-content\/uploads\/2023\/05\/Art-Show-Paris-proposal-with-Eiffel-Tower-view-300x200.jpg 300w, https:\/\/kissinparis.com\/wp-content\/uploads\/2023\/05\/Art-Show-Paris-proposal-with-Eiffel-Tower-view-768x512.jpg 768w, https:\/\/kissinparis.com\/wp-content\/uploads\/2023\/05\/Art-Show-Paris-proposal-with-Eiffel-Tower-view.jpg 1200w\" sizes=\"auto, (max-width: 1024px) 100vw, 1024px\" \/><figcaption class=\"wp-element-caption\">Antrag auf eine Kunstausstellung in Paris: Sie genie\u00dfen eine fantastische Kunstausstellung \u00fcber \u201eSie\u201c \u2026 und wenn sie Ihre Botschaften der Hingabe und Liebe liest, wird sie verstehen, wie viel M\u00fche und Voraussicht in die Planung einer solch einzigartigen Verlobung geflossen sind.<\/figcaption><\/figure>\n\n\n\n<p>Ihr geht beide zu den Staffeleien. Die Worte auf der letzten Staffelei beginnen mit dem Namen eures Partners und einer pers\u00f6nlichen Liebesbotschaft, die mit \u201eWillst du mich heiraten?\u201c endet.<\/p>\n\n\n\n<figure class=\"wp-block-image size-large\"><img loading=\"lazy\" decoding=\"async\" width=\"1024\" height=\"683\" src=\"https:\/\/kissinparis.com\/wp-content\/uploads\/2023\/05\/Art-Show-Eiffel-Tower-proposal-at-Trocadero-1024x683.jpg\" alt=\"Vorschlag f\u00fcr eine Kunstausstellung in Paris mit Blick auf den Eiffelturm\" class=\"wp-image-12376\" srcset=\"https:\/\/kissinparis.com\/wp-content\/uploads\/2023\/05\/Art-Show-Eiffel-Tower-proposal-at-Trocadero-1024x683.jpg 1024w, https:\/\/kissinparis.com\/wp-content\/uploads\/2023\/05\/Art-Show-Eiffel-Tower-proposal-at-Trocadero-300x200.jpg 300w, https:\/\/kissinparis.com\/wp-content\/uploads\/2023\/05\/Art-Show-Eiffel-Tower-proposal-at-Trocadero-768x512.jpg 768w, https:\/\/kissinparis.com\/wp-content\/uploads\/2023\/05\/Art-Show-Eiffel-Tower-proposal-at-Trocadero.jpg 1200w\" sizes=\"auto, (max-width: 1024px) 100vw, 1024px\" \/><figcaption class=\"wp-element-caption\">Heiratsantrag auf der Art Show in Paris: Wenn Sie nach kreativen M\u00f6glichkeiten f\u00fcr Ihre Heiratsantragsrede suchen, formulieren Sie sie in Worten. Anschlie\u00dfend k\u00f6nnen Sie einen Schritt zur\u00fccktreten und eine traditionellere Antragsrede halten.<\/figcaption><\/figure>\n\n\n\n<p>W\u00e4hrend sie es liest, scheint ein Meistermusiker ihr Lieblingslied zu spielen. Sie dreht sich um und Sie knien bereits und pr\u00e4sentieren einen Verlobungsring mit Diamanten.<\/p>\n\n\n\n<p class=\"sec-header has-normal-font-size\">Ab 1.750 \u20ac<\/p>\n\n\n<div id=\"rank-math-faq\" class=\"rank-math-block\">\n<div class=\"rank-math-list\">\n<div id=\"faq-question-1748553531258\" class=\"rank-math-list-item\">\n<h3 class=\"rank-math-question\">Was es beinhaltet<\/h3>\n<div class=\"rank-math-answer\">\n\n<p>Heiratsantragsplaner vor Ort, um ein stressfreies und unvergessliches Heiratsantragserlebnis zu gew\u00e4hrleisten;<\/p>\n<p>Detailliertes Angebotskonzept;<\/p>\n<p>Sechs gro\u00dfe Drucke zum Thema Liebe, darunter ein superpersonalisierter Enddruck;<\/p>\n<p>6 stabile, hochwertige Staffeleien zum Pr\u00e4sentieren Ihrer Botschaften der Hingabe und Liebe;<\/p>\n<p>Ein erfahrener Pariser Heiratsantragsfotograf im Paparazzi-Stil f\u00e4ngt den intimen Moment und die unmittelbaren Reaktionen ein (insgesamt etwa 60 Minuten Fotodauer);<\/p>\n<p>Erstellen einer WhatsApp-Gruppe, um die Kommunikation mit Ihrem Kernlieferantenteam zu erleichtern;<\/p>\n<p>GPS-Live-Standortkartierung am Tag der Veranstaltung \u00fcber WhatsApp.<\/p>\n\n<\/div>\n<\/div>\n<div id=\"faq-question-1748553571357\" class=\"rank-math-list-item\">\n<h3 class=\"rank-math-question\">Empfohlene Upgrades<\/h3>\n<div class=\"rank-math-answer\">\n\n<p><strong>NEU<\/strong>: ein ph\u00e4nomenales 60-sek\u00fcndiges vertikales Video im Instagram-Stil, einschlie\u00dflich Aufnahmen des eigentlichen Antrags und unbezahlbarer Reaktionen (siehe Julianas Seite f\u00fcr Beispiele\u00a0<a href=\"https:\/\/kissinparis.com\/de\/kreativteam\/juliana\/\">Videorollen<\/a>) \u2013 375 \u20ac;<\/p>\n<p><a href=\"https:\/\/kissinparis.com\/de\/videograf-paris\/\">Pariser Videofilmer<\/a>\u00a0um den Moment und die unbezahlbaren Reaktionen festzuhalten \u2013 ab 500 \u20ac f\u00fcr die erste Stunde Video\u00fcbertragung;<\/p>\n<p>Individuelle Angebotsplanung \u2013 ab 750 \u20ac;<br \/>Meistermusiker, der das Lieblingslied Ihres Partners spielt (Gitarrist, Cellist, Geiger oder Harfenist) \u2013 ab 375 \u20ac;<\/p>\n<p>Gek\u00fchlter franz\u00f6sischer Champagner, echte Kristallfl\u00f6ten und ein atemberaubender Strau\u00df langstieliger roter Rosen, der pers\u00f6nlich an Ihren Antragsort geliefert wird \u2013 ab 295 \u20ac (je nach Champagner Ihrer Wahl);<\/p>\n<p>Professionelles Beleuchtungspaket, einschlie\u00dflich eines Mitarbeiters, der sich um die Beleuchtung und die Menschenmenge k\u00fcmmert (sehr empfehlenswert f\u00fcr Abendaufbauten, wenn Sie einen strahlend blauen Himmel w\u00fcnschen) \u2013 225 \u20ac;<\/p>\n<p>Auff\u00e4llige Feuerwerksfont\u00e4nen, die gez\u00fcndet werden, wenn sie \u201eJa\u201c sagt oder zu einem anderen Zeitpunkt w\u00e4hrend des Heiratsantrags \u2013 120 \u20ac (2 Feuerwerksfont\u00e4nen) oder 200 \u20ac (4 Feuerwerksfont\u00e4nen) f\u00fcr drei\u00dfig (30) Sekunden. Upgrade auf sechzig (60) Sekunden f\u00fcr 160 \u20ac (2 Feuerwerksfont\u00e4nen) oder 240 \u20ac (4 Feuerwerksfont\u00e4nen).<\/p>\n\n<\/div>\n<\/div>\n<div id=\"faq-question-1748553629223\" class=\"rank-math-list-item\">\n<h3 class=\"rank-math-question\">Wichtige Gesch\u00e4ftsbedingungen<\/h3>\n<div class=\"rank-math-answer\">\n\n<p>Wir k\u00f6nnen fast jeden Aspekt Ihres Pariser Heiratsantrags planen, mit Ausnahme des Wetters und der Vermeidung von neugierigen Zuschauern (\u00f6ffentlicher Ort f\u00fcr den Heiratsantrag). Wenn Sie mit Kiss Me in Paris zusammenarbeiten, ist die Wahrscheinlichkeit unerw\u00fcnschter Unterbrechungen dennoch gering.<\/p>\n<p>Es ist jedoch wichtig, sich der potenziellen Risiken bewusst zu sein, wenn man in der \u00d6ffentlichkeit einen Heiratsantrag macht. Im unwahrscheinlichen Fall von starkem Regen werden wir unser M\u00f6glichstes tun, um eine \u00c4nderung der Uhrzeit oder des Datums zu erm\u00f6glichen, aber\u00a0<strong>Es besteht keine Garantie f\u00fcr die Verf\u00fcgbarkeit<\/strong>.<\/p>\n<p>Der zweite wetterbedingte Faktor, auf den wir keinen Einfluss haben, ist der Wind. Er kann Rosenbl\u00e4tter wegblasen, Ballons zerst\u00f6ren und in extremen F\u00e4llen sogar die Stabilit\u00e4t unserer hochwertigen Beleuchtung oder \u00fcbergro\u00dfen \u201eMarry Me\u201c-Briefe beeintr\u00e4chtigen.<\/p>\n<p>Angebotsplanung UND alle damit verbundenen Einrichtungsgeb\u00fchren, einschlie\u00dflich\u00a0<a href=\"https:\/\/kissinparis.com\/de\/heiratsantrag-paris\/grosse-buchstaben\/\">Heirate mich Briefe<\/a>, Blumen und Dekoration sind grunds\u00e4tzlich nicht erstattungsf\u00e4hig, da ein Gro\u00dfteil der Arbeit bis zum Datum Ihres Angebots bereits erledigt sein wird.<\/p>\n\n<\/div>\n<\/div>\n<\/div>\n<\/div>\n\n\n<div style=\"height:50px\" aria-hidden=\"true\" class=\"wp-block-spacer\"><\/div>\n\n\n\n<div class=\"wp-block-buttons is-layout-flex wp-block-buttons-is-layout-flex\">\n<div class=\"wp-block-button\"><a class=\"wp-block-button__link wp-element-button\" href=\"https:\/\/kissinparis.com\/de\/beratung\/\">Jetzt buchen<\/a><\/div>\n\n\n\n<div class=\"wp-block-button is-style-fill\"><a class=\"wp-block-button__link wp-element-button\" href=\"https:\/\/kissinparis.com\/de\/heiratsantrag-paris\/pakete\/\">Angebotspakete<\/a><\/div>\n<\/div>\n<\/div><\/div>\n\n\n\n<div class=\"wp-block-group alignfull mt-0 mb-0  sec sec-map\"><div class=\"wp-block-group__inner-container is-layout-constrained wp-block-group-is-layout-constrained\">\n<div class=\"wp-block-columns are-vertically-aligned-center mt-0 mb-0 is-layout-flex wp-container-core-columns-is-layout-9d6595d7 wp-block-columns-is-layout-flex\">\n<div class=\"wp-block-column is-vertically-aligned-center is-layout-flow wp-block-column-is-layout-flow\">\n<p class=\"title-v2 mb-20\">Im Herzen von Paris.<\/p>\n\n\n\n<p>Kiss Me in Paris Proposals &amp; Weddings<br>78 Av. Raymond Poincar\u00e9, 75116 Paris, Frankreich<br><a href=\"tel:+33661351511\">+33 6 61 35 15 11<\/a><br><a href=\"mailto:support@kissinparis.com\">support@kissinparis.com<\/a><\/p>\n<\/div>\n\n\n\n<div class=\"wp-block-column is-vertically-aligned-center is-layout-flow wp-block-column-is-layout-flow\">\n<iframe title=\"Karte mit dem Standort von Kiss Me in Paris Proposals &amp; Weddings\" src=\"https:\/\/www.google.com\/maps\/embed?pb=!1m18!1m12!1m3!1d2624.433873533341!2d2.28082346080246!3d48.86900492627629!2m3!1f0!2f0!3f0!3m2!1i1024!2i768!4f13.1!3m3!1m2!1s0x47e66f84666f802f%3A0x7b03905155589b66!2sKiss%20Me%20in%20Paris%20Proposals%20%26%20Weddings!5e0!3m2!1sen!2sin!4v1744567332130!5m2!1sen!2sin\" width=\"600\" height=\"450\" style=\"border:0;\" allowfullscreen=\"\" loading=\"lazy\" referrerpolicy=\"no-referrer-when-downgrade\"><\/iframe>\n<\/div>\n<\/div>\n<\/div><\/div>","protected":false},"excerpt":{"rendered":"<p>The Art Show Paris Proposal Pop the Question to Your Sweetheart Under the Pretext of an Art Show. This Art Show proposal works best in the morning when there are fewer crowds. You tell your partner that a famous French artist is hosting a &#8220;free&#8221; exhibition, and you&#8217;d love to check it out.&nbsp;Your partner doesn&#8217;t [&hellip;]<\/p>\n","protected":false},"author":35,"featured_media":7202,"parent":293,"menu_order":0,"comment_status":"closed","ping_status":"closed","template":"","meta":{"_acf_changed":false,"ub_ctt_via":"","footnotes":""},"class_list":["post-4772","page","type-page","status-publish","has-post-thumbnail","hentry"],"acf":[],"featured_image_src":"https:\/\/kissinparis.com\/wp-content\/uploads\/2023\/03\/Art-show-marriage-proposal-in-Paris-at-Trocadero-Eiffel-Tower.jpg","_links":{"self":[{"href":"https:\/\/kissinparis.com\/de\/wp-json\/wp\/v2\/pages\/4772","targetHints":{"allow":["GET"]}}],"collection":[{"href":"https:\/\/kissinparis.com\/de\/wp-json\/wp\/v2\/pages"}],"about":[{"href":"https:\/\/kissinparis.com\/de\/wp-json\/wp\/v2\/types\/page"}],"author":[{"embeddable":true,"href":"https:\/\/kissinparis.com\/de\/wp-json\/wp\/v2\/users\/35"}],"replies":[{"embeddable":true,"href":"https:\/\/kissinparis.com\/de\/wp-json\/wp\/v2\/comments?post=4772"}],"version-history":[{"count":6,"href":"https:\/\/kissinparis.com\/de\/wp-json\/wp\/v2\/pages\/4772\/revisions"}],"predecessor-version":[{"id":23639,"href":"https:\/\/kissinparis.com\/de\/wp-json\/wp\/v2\/pages\/4772\/revisions\/23639"}],"up":[{"embeddable":true,"href":"https:\/\/kissinparis.com\/de\/wp-json\/wp\/v2\/pages\/293"}],"wp:featuredmedia":[{"embeddable":true,"href":"https:\/\/kissinparis.com\/de\/wp-json\/wp\/v2\/media\/7202"}],"wp:attachment":[{"href":"https:\/\/kissinparis.com\/de\/wp-json\/wp\/v2\/media?parent=4772"}],"curies":[{"name":"wp","href":"https:\/\/api.w.org\/{rel}","templated":true}]}}