{"id":4776,"date":"2023-03-08T22:19:35","date_gmt":"2023-03-08T22:19:35","guid":{"rendered":"https:\/\/kissinparis.com\/?page_id=4776"},"modified":"2025-06-04T10:04:13","modified_gmt":"2025-06-04T10:04:13","slug":"champagner-macaron-antrag","status":"publish","type":"page","link":"https:\/\/kissinparis.com\/de\/paris-proposal\/champagne-macaron-proposal\/","title":{"rendered":"Der Heiratsantrag mit Champagner und Macaron entlang der Seine"},"content":{"rendered":"<div class=\"wp-block-group alignfull sec heror-section mt-0 mb-0 has-scroll-down has-background-color has-primary-background-color has-text-color has-background has-link-color wp-elements-89e05ec967da2280072021c5cddb7f6e\"><div class=\"wp-block-group__inner-container is-layout-constrained wp-block-group-is-layout-constrained\">\n<h1 class=\"wp-block-heading alignwide has-text-align-left full has-background-color has-text-color has-link-color wp-elements-586b050f0a8f0c145cacf7224dfee008\">Der Heiratsantrag mit Champagner und Macaron entlang der Seine<\/h1>\n\n\n\n<div class=\"wp-block-buttons alignfull mt-0 mb-0 pt-10 is-layout-flex wp-block-buttons-is-layout-flex\">\n<div class=\"wp-block-button\"><a class=\"wp-block-button__link has-primary-color has-background-background-color has-text-color has-background wp-element-button\" href=\"https:\/\/kissinparis.com\/de\/beratung\/\">Konsultation<\/a><\/div>\n<\/div>\n<\/div><\/div>\n\n\n\n<div class=\"wp-block-cover alignfull is-light mt-0 mb-0 banner banner-resources\"><img loading=\"lazy\" decoding=\"async\" width=\"1600\" height=\"1067\" class=\"wp-block-cover__image-background wp-image-23665 size-full\" alt=\"Heiratsantrag mit Champagner-Macaron in Paris\" src=\"https:\/\/kissinparis.com\/wp-content\/uploads\/2025\/06\/Paris-proposal-planning-ideas.webp\" data-object-fit=\"cover\" srcset=\"https:\/\/kissinparis.com\/wp-content\/uploads\/2025\/06\/Paris-proposal-planning-ideas.webp 1600w, https:\/\/kissinparis.com\/wp-content\/uploads\/2025\/06\/Paris-proposal-planning-ideas-300x200.webp 300w, https:\/\/kissinparis.com\/wp-content\/uploads\/2025\/06\/Paris-proposal-planning-ideas-1024x683.webp 1024w, https:\/\/kissinparis.com\/wp-content\/uploads\/2025\/06\/Paris-proposal-planning-ideas-768x512.webp 768w, https:\/\/kissinparis.com\/wp-content\/uploads\/2025\/06\/Paris-proposal-planning-ideas-1536x1024.webp 1536w, https:\/\/kissinparis.com\/wp-content\/uploads\/2025\/06\/Paris-proposal-planning-ideas-1200x800.webp 1200w\" sizes=\"auto, (max-width: 1600px) 100vw, 1600px\" \/><span aria-hidden=\"true\" class=\"wp-block-cover__background has-primary-background-color has-background-dim-0 has-background-dim\"><\/span><div class=\"wp-block-cover__inner-container is-layout-flow wp-block-cover-is-layout-flow\">\n<div class=\"banner-video\">\n<img decoding=\"async\" src=\"https:\/\/kissinparis.com\/wp-content\/uploads\/2023\/02\/placeholder_16x9.png\" alt=\"Bereich Held\">\n<\/div>\n<\/div><\/div>\n\n\n\n<div class=\"wp-block-group alignfull mt-0 mb-0 sec sec-content has-white-background-color has-background\" id=\"sec-1\"><div class=\"wp-block-group__inner-container is-layout-constrained wp-block-group-is-layout-constrained\">\n<h2 class=\"wp-block-heading title-v2\">Ihr Pariser Heiratsantragstisch: Champagner, Macarons und mehr<\/h2>\n\n\n\n<p>Eine gek\u00fchlte Flasche franz\u00f6sischen Champagner und zarte Macarons verk\u00f6rpern wahre Pariser Romantik. Lassen Sie uns diese klassischen franz\u00f6sischen K\u00f6stlichkeiten in Ihren Heiratsantrag in Paris einflie\u00dfen lassen.<\/p>\n\n\n\n<p>Wir decken einen atemberaubenden Tisch f\u00fcr zwei Personen in Ihrer Wunschumgebung \u2013 sei es an der Seine, in einem geheimen Garten oder auf einer exklusiven Dachterrasse. Dort ruht eine Flasche Premium-Champagner auf Eis neben einem Turm aus handgefertigten Macarons in Pastellt\u00f6nen. Frisches Obst der Saison, ein gerahmtes Foto von Ihnen und ein eleganter Blumenstrau\u00df runden diese intime Atmosph\u00e4re ab.<\/p>\n\n\n\n<p>F\u00fcr alle, die das Au\u00dfergew\u00f6hnliche suchen, bieten wir seltene Jahrg\u00e4nge und besondere Kooperationen mit den besten Champagnerh\u00e4usern der Welt \u2013 von Dom P\u00e9rignon und Krug bis zum legend\u00e4ren Salon.<\/p>\n\n\n\n<p class=\"sec-header has-normal-font-size\">Ab 1.750 \u20ac<\/p>\n\n\n<div id=\"rank-math-faq\" class=\"rank-math-block\">\n<div class=\"rank-math-list\">\n<div id=\"faq-question-1749031139590\" class=\"rank-math-list-item\">\n<h3 class=\"rank-math-question\">Was ist enthalten?<\/h3>\n<div class=\"rank-math-answer\">\n\n<p>Elegante Tischdekoration f\u00fcr zwei Personen an der Seine<\/p>\n<p>Professioneller Fotograf, der Ihren Antrag und Ihre Emotionen einf\u00e4ngt (60 Minuten)<\/p>\n<p>Frisches Blumenarrangement<\/p>\n<p>Individuell gerahmtes Foto von Ihnen beiden<\/p>\n<p>Premium-Champagner aus Frankreich mit Fr\u00fcchten der Saison<\/p>\n<p>Personalisierter \u201eWillst du mich heiraten\u201c-Macaron-Turm<\/p>\n<p>WhatsApp-Gruppe, die Sie mit Ihrem Lieferantenteam verbindet<\/p>\n<p>Live-GPS-Standortfreigabe am Tag des Antrags<\/p>\n\n<\/div>\n<\/div>\n<div id=\"faq-question-1749031187220\" class=\"rank-math-list-item\">\n<h3 class=\"rank-math-question\">Empfohlene Upgrades<\/h3>\n<div class=\"rank-math-answer\">\n<img loading=\"lazy\" decoding=\"async\" width=\"150\" height=\"150\" src=\"https:\/\/kissinparis.com\/wp-content\/uploads\/2023\/05\/Fairytale-river-proposal-Paris-Eiffel-Tower-150x150.jpg\" class=\"alignright\" alt=\"Heiratsantrag auf dem Fluss im Pariser Eiffelturm\" \/>\n<p>60-sek\u00fcndiges Instagram-Video, das Ihren Antrag und Ihre Reaktionen festh\u00e4lt \u2013 375 \u20ac;<\/p>\n<p>Professioneller Videofilmer, der Ihren besonderen Moment dokumentiert \u2013 ab 500 \u20ac\/Stunde;<\/p>\n<p>Individuelle Angebotsplanung und -koordination \u2013 ab 950 \u20ac;<\/p>\n<p>Live-Musiker spielt Ihr ausgew\u00e4hltes Lied (Gitarre, Cello, Violine oder Harfe) \u2013 ab 375 \u20ac;<\/p>\n<p>Professionelle Beleuchtungseinrichtung \u2013 225 \u20ac;<\/p>\n<p>Feierliche Feuerwerksfont\u00e4nen:<\/p>\n<p>\u2013 30 Sekunden: 2 Font\u00e4nen 120 \u20ac oder 4 Font\u00e4nen 200 \u20ac<br \/>\u2013 60 Sekunden: 2 Font\u00e4nen 160 \u20ac oder 4 Font\u00e4nen 240 \u20ac;<\/p>\n<p>Privat\u00a0<a href=\"https:\/\/kissinparis.com\/de\/heiratsantrag-paris\/secret-garden-eiffelturm\/\">Dachterrasse des Eiffelturms<\/a>\u00a0Zugang \u2013 ab 950 \u20ac<\/p>\n\n<\/div>\n<\/div>\n<div id=\"faq-question-1749031287692\" class=\"rank-math-list-item\">\n<h3 class=\"rank-math-question\">Wichtige Gesch\u00e4ftsbedingungen<\/h3>\n<div class=\"rank-math-answer\">\n\n<p><strong>Wetter und \u00f6ffentliche Orte<\/strong>:<\/p>\n<p>Obwohl wir Ihren Heiratsantrag in Paris fachm\u00e4nnisch planen, haben wir auf einige Dinge keinen Einfluss. \u00d6ffentliche Pl\u00e4tze wie Parks, Br\u00fccken und Aussichtspunkte stehen allen offen \u2013 wir k\u00f6nnen nicht verhindern, dass andere Besucher oder Touristen Ihren besonderen Moment miterleben. Unsere Erfahrung mit Timing und Positionierung hilft jedoch dabei, einen intimeren Rahmen zu schaffen.<\/p>\n<p><strong>Wetteraspekte<\/strong>:<\/p>\n<p>Bei starkem Regen k\u00f6nnen wir versuchen, Ihren Termin am selben Tag je nach Verf\u00fcgbarkeit des Anbieters fr\u00fcher oder sp\u00e4ter zu verschieben. Eine Terminverschiebung auf einen anderen Termin kann nicht garantiert werden.<\/p>\n<p>Starke Winde k\u00f6nnen dekorative Elemente wie Rosenbl\u00e4tter, Luftballons und Beleuchtungsanlagen beeintr\u00e4chtigen.<\/p>\n<p><strong>Wichtiger Hinweis:\u00a0<\/strong>S\u00e4mtliche Geb\u00fchren f\u00fcr die Planung des Heiratsantrags, Einrichtungskosten und Dekorationselemente (einschlie\u00dflich \u201eHeirate mich\u201c-Briefe und Blumen) sind nicht erstattungsf\u00e4hig, da diese Dienstleistungen speziell f\u00fcr Ihren Termin vorbereitet werden.<\/p>\n\n<\/div>\n<\/div>\n<\/div>\n<\/div>\n\n\n<div style=\"height:50px\" aria-hidden=\"true\" class=\"wp-block-spacer\"><\/div>\n\n\n\n<div class=\"wp-block-buttons is-layout-flex wp-block-buttons-is-layout-flex\">\n<div class=\"wp-block-button\"><a class=\"wp-block-button__link wp-element-button\" href=\"https:\/\/kissinparis.com\/de\/beratung\/\">Jetzt buchen<\/a><\/div>\n\n\n\n<div class=\"wp-block-button is-style-fill\"><a class=\"wp-block-button__link wp-element-button\" href=\"https:\/\/kissinparis.com\/de\/heiratsantrag-paris\/pakete\/\">Angebotspakete<\/a><\/div>\n<\/div>\n<\/div><\/div>","protected":false},"excerpt":{"rendered":"<p>The Champagne &amp; Macaron Proposal Along the Seine River Your Paris Proposal Table: Champagne, Macarons &amp; More A chilled bottle of French Champagne and delicate macarons embody true Parisian romance. Let us weave these classic French treats into your proposal in Paris. We&#8217;ll set up a stunning table for two in your chosen setting\u2014whether it&#8217;s [&hellip;]<\/p>\n","protected":false},"author":35,"featured_media":23665,"parent":293,"menu_order":0,"comment_status":"closed","ping_status":"closed","template":"","meta":{"_acf_changed":false,"ub_ctt_via":"","footnotes":""},"class_list":["post-4776","page","type-page","status-publish","has-post-thumbnail","hentry"],"acf":[],"featured_image_src":"https:\/\/kissinparis.com\/wp-content\/uploads\/2025\/06\/Paris-proposal-planning-ideas.webp","_links":{"self":[{"href":"https:\/\/kissinparis.com\/de\/wp-json\/wp\/v2\/pages\/4776","targetHints":{"allow":["GET"]}}],"collection":[{"href":"https:\/\/kissinparis.com\/de\/wp-json\/wp\/v2\/pages"}],"about":[{"href":"https:\/\/kissinparis.com\/de\/wp-json\/wp\/v2\/types\/page"}],"author":[{"embeddable":true,"href":"https:\/\/kissinparis.com\/de\/wp-json\/wp\/v2\/users\/35"}],"replies":[{"embeddable":true,"href":"https:\/\/kissinparis.com\/de\/wp-json\/wp\/v2\/comments?post=4776"}],"version-history":[{"count":10,"href":"https:\/\/kissinparis.com\/de\/wp-json\/wp\/v2\/pages\/4776\/revisions"}],"predecessor-version":[{"id":23671,"href":"https:\/\/kissinparis.com\/de\/wp-json\/wp\/v2\/pages\/4776\/revisions\/23671"}],"up":[{"embeddable":true,"href":"https:\/\/kissinparis.com\/de\/wp-json\/wp\/v2\/pages\/293"}],"wp:featuredmedia":[{"embeddable":true,"href":"https:\/\/kissinparis.com\/de\/wp-json\/wp\/v2\/media\/23665"}],"wp:attachment":[{"href":"https:\/\/kissinparis.com\/de\/wp-json\/wp\/v2\/media?parent=4776"}],"curies":[{"name":"wp","href":"https:\/\/api.w.org\/{rel}","templated":true}]}}