{"id":4779,"date":"2023-03-08T22:24:38","date_gmt":"2023-03-08T22:24:38","guid":{"rendered":"https:\/\/kissinparis.com\/?page_id=4779"},"modified":"2025-06-05T10:52:12","modified_gmt":"2025-06-05T10:52:12","slug":"kuenstler-antrag","status":"publish","type":"page","link":"https:\/\/kissinparis.com\/de\/paris-proposal\/artist-proposal\/","title":{"rendered":"Pariser K\u00fcnstler-Vorschlagspaket | Die kreative Verlobungs\u00fcberraschung"},"content":{"rendered":"<div class=\"wp-block-group alignfull sec heror-section mt-0 mb-0 has-scroll-down has-background-color has-primary-background-color has-text-color has-background has-link-color wp-elements-a3232cb9f6b446b0f4a5f1aeb73be8f7\"><div class=\"wp-block-group__inner-container is-layout-constrained wp-block-group-is-layout-constrained\">\n<h1 class=\"wp-block-heading alignwide has-text-align-left full has-background-color has-text-color has-link-color wp-elements-291ce9c4c1b9565ba8ddfd3c4d5cc37e\">Der K\u00fcnstlervorschlag<\/h1>\n\n\n\n<div class=\"wp-block-buttons alignfull mt-0 mb-0 is-layout-flex wp-block-buttons-is-layout-flex\">\n<div class=\"wp-block-button\"><a class=\"wp-block-button__link has-primary-color has-background-background-color has-text-color has-background wp-element-button\" href=\"https:\/\/kissinparis.com\/de\/beratung\/\">Anfragen<\/a><\/div>\n<\/div>\n<\/div><\/div>\n\n\n\n<div class=\"wp-block-cover alignfull is-light mt-0 mb-0 banner banner-resources\"><img loading=\"lazy\" decoding=\"async\" width=\"1500\" height=\"1000\" class=\"wp-block-cover__image-background wp-image-23787 size-full\" alt=\"Heiratsantrag in Paris mit K\u00fcnstler\" src=\"https:\/\/kissinparis.com\/wp-content\/uploads\/2025\/06\/Paris-proposal-with-artist.webp\" style=\"object-position:44% 62%\" data-object-fit=\"cover\" data-object-position=\"44% 62%\" srcset=\"https:\/\/kissinparis.com\/wp-content\/uploads\/2025\/06\/Paris-proposal-with-artist.webp 1500w, https:\/\/kissinparis.com\/wp-content\/uploads\/2025\/06\/Paris-proposal-with-artist-300x200.webp 300w, https:\/\/kissinparis.com\/wp-content\/uploads\/2025\/06\/Paris-proposal-with-artist-1024x683.webp 1024w, https:\/\/kissinparis.com\/wp-content\/uploads\/2025\/06\/Paris-proposal-with-artist-768x512.webp 768w, https:\/\/kissinparis.com\/wp-content\/uploads\/2025\/06\/Paris-proposal-with-artist-1200x800.webp 1200w\" sizes=\"auto, (max-width: 1500px) 100vw, 1500px\" \/><span aria-hidden=\"true\" class=\"wp-block-cover__background has-primary-background-color has-background-dim-0 has-background-dim\"><\/span><div class=\"wp-block-cover__inner-container is-layout-flow wp-block-cover-is-layout-flow\">\n<div class=\"banner-video\">\n<img decoding=\"async\" src=\"https:\/\/kissinparis.com\/wp-content\/uploads\/2023\/02\/placeholder_16x9.png\" alt=\"Bereich Held\">\n<\/div>\n<\/div><\/div>\n\n\n\n<div class=\"wp-block-group alignfull mt-0 mb-0 sec sec-content\" id=\"sec-1\"><div class=\"wp-block-group__inner-container is-layout-constrained wp-block-group-is-layout-constrained\">\n<h2 class=\"wp-block-heading title-v2\">Der \u201eK\u00fcnstler\u201c-Antrag wird ihr mit Sicherheit Freudentr\u00e4nen in die Augen treiben.\u200b<\/h2>\n\n\n\n<p>Sie ermutigen Ihren Partner, durch Paris zu schlendern, bevor Sie zu einem eleganten Brunch, Abendessen oder einer Bootsfahrt aufbrechen (Ihr Lebensgef\u00e4hrte ist sich dessen bewusst und kleidet sich dem Anlass entsprechend).<\/p>\n\n\n\n<p>Fast zuf\u00e4llig sto\u00dfen Sie auf einen franz\u00f6sischen K\u00fcnstler aus der Gegend, der Ihnen anbietet, gegen eine kleine Geb\u00fchr eine Karikatur (oder ein \u00dcberraschungsbild) zu zeichnen. Sie stimmen zu.<\/p>\n\n\n\n<p>Ihr Partner wei\u00df jedoch nicht, dass der besagte K\u00fcnstler bereits eine fantastische Zeichnung von Ihnen angefertigt hat (basierend auf einem Foto, das wir zuvor mit dem K\u00fcnstler geteilt haben).<\/p>\n\n\n\n<p>Die Karikatur ist fantastisch und zeigt eine Sprechblase mit der Aufschrift \u201eWillst du mich heiraten?\u201c \u00fcber euren bemalten K\u00f6pfen. Die Zeichnung kann in Schwarzwei\u00df oder Farbe (gegen Aufpreis) sein. Alternativ kann ein Meistermaler eine genaue Zeichnung eures Heiratsantrags anfertigen, inklusive der Details eurer Kleidung.<\/p>\n\n\n\n<figure class=\"wp-block-image alignwide size-full wp-image-43326\"><img loading=\"lazy\" decoding=\"async\" width=\"800\" height=\"533\" src=\"https:\/\/kissinparis.com\/wp-content\/uploads\/2023\/03\/The-Artist-proposal-in-Paris-2.jpg\" alt=\"Ideen f\u00fcr einen Heiratsantrag in Paris mit einer von einem Meistermaler gezeichneten Kulisse\" class=\"wp-image-4782\" srcset=\"https:\/\/kissinparis.com\/wp-content\/uploads\/2023\/03\/The-Artist-proposal-in-Paris-2.jpg 800w, https:\/\/kissinparis.com\/wp-content\/uploads\/2023\/03\/The-Artist-proposal-in-Paris-2-300x200.jpg 300w, https:\/\/kissinparis.com\/wp-content\/uploads\/2023\/03\/The-Artist-proposal-in-Paris-2-768x512.jpg 768w\" sizes=\"auto, (max-width: 800px) 100vw, 800px\" \/><figcaption class=\"wp-element-caption\">Beweisen Sie Weitsicht und M\u00fche, indem Sie einen Meistermaler f\u00fcr \u00dcberraschungen engagieren, der eine exakte Nachbildung der Kulisse Ihres Heiratsantrags anfertigt.<\/figcaption><\/figure>\n\n\n\n<figure class=\"wp-block-image alignwide size-full wp-image-43327\"><img loading=\"lazy\" decoding=\"async\" width=\"800\" height=\"533\" src=\"https:\/\/kissinparis.com\/wp-content\/uploads\/2023\/03\/9_The-Artist-proposal-in-Paris-3.jpg\" alt=\"Ideen f\u00fcr einen Heiratsantrag in Paris mit luxuri\u00f6sem Arrangement\" class=\"wp-image-4783\" srcset=\"https:\/\/kissinparis.com\/wp-content\/uploads\/2023\/03\/9_The-Artist-proposal-in-Paris-3.jpg 800w, https:\/\/kissinparis.com\/wp-content\/uploads\/2023\/03\/9_The-Artist-proposal-in-Paris-3-300x200.jpg 300w, https:\/\/kissinparis.com\/wp-content\/uploads\/2023\/03\/9_The-Artist-proposal-in-Paris-3-768x512.jpg 768w\" sizes=\"auto, (max-width: 800px) 100vw, 800px\" \/><figcaption class=\"wp-element-caption\">Hier ist der eigentliche \u00dcberraschungsantrag auf einem privaten Pariser Dach.<\/figcaption><\/figure>\n\n\n\n<figure class=\"wp-block-image alignwide size-full wp-image-43328\"><img loading=\"lazy\" decoding=\"async\" width=\"800\" height=\"533\" src=\"https:\/\/kissinparis.com\/wp-content\/uploads\/2023\/03\/The-Artist-proposal-in-Paris.jpg\" alt=\"Ideen f\u00fcr einen Heiratsantrag in Paris mit einer von einem Meistermaler gezeichneten Kulisse\" class=\"wp-image-4784\" srcset=\"https:\/\/kissinparis.com\/wp-content\/uploads\/2023\/03\/The-Artist-proposal-in-Paris.jpg 800w, https:\/\/kissinparis.com\/wp-content\/uploads\/2023\/03\/The-Artist-proposal-in-Paris-300x200.jpg 300w, https:\/\/kissinparis.com\/wp-content\/uploads\/2023\/03\/The-Artist-proposal-in-Paris-768x512.jpg 768w\" sizes=\"auto, (max-width: 800px) 100vw, 800px\" \/><figcaption class=\"wp-element-caption\">Und hier ist die malerische Umsetzung Ihres Antrags \u2026 gezeichnet, noch bevor Sie in Paris ankommen.<\/figcaption><\/figure>\n\n\n\n<p>Hier k\u00f6nnen Sie das Pariser Heiratsantragskonzept in jede beliebige Richtung ausdehnen. Wir k\u00f6nnen das Gem\u00e4lde heimlich auf einer Staffelei als Teil Ihres Designs und Dekors ausstellen.<\/p>\n\n\n\n<p>Oder die K\u00fcnstlerin fragt dich direkt, ob du bereit bist, ihr Meisterwerk zu sehen. Du trittst hinter deinen Partner, holst die Ringschachtel aus deiner Jacke und gehst auf ein Knie. Wenn dein Schatz die Zeichnung verarbeitet und sich dir zuwendet, ist G\u00e4nsehaut garantiert.<\/p>\n\n\n\n<p>Voila! Sie sagt: \u201eJa!\u201c Und wir sagen: \u00dcberlegen Sie, ob Sie nicht einen fantastischen Feuerwerksbrunnen hinzuf\u00fcgen m\u00f6chten, der gez\u00fcndet wird, wenn sie sich umdreht \u2026 oder wenn Sie ihr den Ring an den Finger stecken.<\/p>\n\n\n\n<p class=\"sec-header has-normal-font-size\">Ab 850 \u20ac (verspielte Karikatur in Schwarz-Wei\u00df)<br>Ab 1.100 \u20ac (Malermeister)<\/p>\n\n\n\n<div style=\"height:50px\" aria-hidden=\"true\" class=\"wp-block-spacer\"><\/div>\n\n\n<div id=\"rank-math-faq\" class=\"rank-math-block\">\n<div class=\"rank-math-list\">\n<div id=\"faq-question-1749120241109\" class=\"rank-math-list-item\">\n<h3 class=\"rank-math-question\">Was ist inbegriffen?<\/h3>\n<div class=\"rank-math-answer\">\n\n<p>Talentierter franz\u00f6sischer Karikaturist oder Meistermaler;<\/p>\n<p>Detaillierte Einweisung des K\u00fcnstlers in das gew\u00fcnschte Thema, einschlie\u00dflich Objekte, Personen (d. h. normalerweise Sie, das Paar), Szenen und andere Elemente.<\/p>\n<p>Erstellen einer WhatsApp-Gruppe, um die Kommunikation mit Ihrem Kernlieferantenteam zu erleichtern.<\/p>\n<p>GPS-Live-Standortkartierung am Tag der Veranstaltung \u00fcber WhatsApp.<\/p>\n\n<\/div>\n<\/div>\n<div id=\"faq-question-1749120259695\" class=\"rank-math-list-item\">\n<h3 class=\"rank-math-question\">Empfohlene Upgrades<\/h3>\n<div class=\"rank-math-answer\">\n\n<p><em>F\u00fcr jeden Dachvorschlag oder bei der Buchung von drei oder mehr Anbietern oder Dienstleistungen berechnen wir eine Koordinationsgeb\u00fchr von 450 \u20ac.<\/em><\/p>\n<p>Paparazzi-Stil,\u00a0<a href=\"https:\/\/kissinparis.com\/de\/heiratsantrag-paris\/fotograf\/\">erfahrener Heiratsantragsfotograf in Paris<\/a>\u00a0um den Moment und die unmittelbaren Reaktionen einzufangen (ca. 60 Minuten Gesamtdauer) \u2013 ab 300 \u20ac;<\/p>\n<p>Premium gek\u00fchltes Franz\u00f6sisch\u00a0<a href=\"https:\/\/kissinparis.com\/de\/heiratsantrag-paris\/champagner-macaron-antrag\/\">Sekt<\/a>, Kristallfl\u00f6ten und ein atemberaubender Strau\u00df langstieliger roter Rosen, der pers\u00f6nlich an Ihren Antragsort geliefert wird \u2013 ab 295 \u20ac (abh\u00e4ngig von Ihrer Champagnerwahl);<\/p>\n<p><strong>NEU<\/strong>: ein ph\u00e4nomenales 60-sek\u00fcndiges vertikales Video im Instagram-Stil, einschlie\u00dflich Aufnahmen des eigentlichen Antrags und unbezahlbarer Reaktionen (siehe Julianas Seite f\u00fcr Beispiele\u00a0<a href=\"https:\/\/kissinparis.com\/de\/kreativteam\/juliana\/\">Videorollen<\/a>) \u2013 375 \u20ac;<\/p>\n<p><a href=\"https:\/\/kissinparis.com\/de\/videograf-paris\/\">Pariser Videofilmer<\/a>\u00a0um den Moment und die unbezahlbaren Reaktionen festzuhalten \u2013 ab 500 \u20ac f\u00fcr die erste Stunde Video\u00fcbertragung;<\/p>\n<p>Individuelle Angebotsplanung \u2013 ab 750 \u20ac;<\/p>\n<p>Professionelles Beleuchtungspaket, einschlie\u00dflich eines Mitarbeiters, der sich um die Beleuchtung und die Menschenmenge k\u00fcmmert (sehr empfehlenswert f\u00fcr Abendaufbauten, wenn Sie einen strahlend blauen Himmel w\u00fcnschen) \u2013 225 \u20ac;<\/p>\n<p>Auff\u00e4llige Feuerwerksfont\u00e4nen, die gez\u00fcndet werden, wenn sie \u201eJa\u201c sagt oder zu einem anderen Zeitpunkt w\u00e4hrend des Heiratsantrags \u2013 120 \u20ac (2 Feuerwerksfont\u00e4nen) oder 200 \u20ac (4 Feuerwerksfont\u00e4nen) f\u00fcr drei\u00dfig (30) Sekunden. Upgrade auf sechzig (60) Sekunden f\u00fcr 160 \u20ac (2 Feuerwerksfont\u00e4nen) oder 240 \u20ac (4 Feuerwerksfont\u00e4nen).<\/p>\n\n<\/div>\n<\/div>\n<div id=\"faq-question-1749120326428\" class=\"rank-math-list-item\">\n<h3 class=\"rank-math-question\">Wichtige Gesch\u00e4ftsbedingungen<\/h3>\n<div class=\"rank-math-answer\">\n\n<p>Wir k\u00f6nnen fast jeden Aspekt Ihres Heiratsantrags beeinflussen, mit Ausnahme des Wetters und von Zuschauern, die Ihren Antrag st\u00f6ren.<br \/>Wenn Sie mit Kiss Me in Paris arbeiten, ist die Wahrscheinlichkeit unerw\u00fcnschter Unterbrechungen gering.<\/p>\n<p>Dennoch ist es wichtig, sich \u00fcber die m\u00f6glichen Risiken im Klaren zu sein, wenn man in der \u00d6ffentlichkeit einen Heiratsantrag macht. Wir werden unser M\u00f6glichstes tun, um im unwahrscheinlichen Fall von starkem Regen eine \u00c4nderung der Uhrzeit oder des Datums zu erm\u00f6glichen.<\/p>\n<p>Auch besteht immer die M\u00f6glichkeit, dass Ihr Maler krank ist. In diesem Fall bem\u00fchen wir uns, kurzfristig einen w\u00fcrdigen Ersatz zu finden.<\/p>\n<p><em>Die Geb\u00fchr f\u00fcr die Angebotskoordination ist nicht erstattungsf\u00e4hig, da ein Gro\u00dfteil der Arbeit bis zum Datum des Angebots bereits erledigt sein wird.<\/em><\/p>\n\n<\/div>\n<\/div>\n<\/div>\n<\/div>\n\n\n<div style=\"height:50px\" aria-hidden=\"true\" class=\"wp-block-spacer\"><\/div>\n\n\n\n<div class=\"wp-block-buttons is-layout-flex wp-block-buttons-is-layout-flex\">\n<div class=\"wp-block-button\"><a class=\"wp-block-button__link wp-element-button\" href=\"https:\/\/kissinparis.com\/de\/beratung\/\">Jetzt buchen<\/a><\/div>\n\n\n\n<div class=\"wp-block-button is-style-fill\"><a class=\"wp-block-button__link wp-element-button\" href=\"https:\/\/kissinparis.com\/de\/heiratsantrag-paris\/pakete\/\">Angebotspakete<\/a><\/div>\n<\/div>\n<\/div><\/div>\n\n\n\n<div class=\"wp-block-group alignfull mt-0 mb-0  sec sec-map\"><div class=\"wp-block-group__inner-container is-layout-constrained wp-block-group-is-layout-constrained\">\n<div class=\"wp-block-columns are-vertically-aligned-center mt-0 mb-0 is-layout-flex wp-container-core-columns-is-layout-9d6595d7 wp-block-columns-is-layout-flex\">\n<div class=\"wp-block-column is-vertically-aligned-center is-layout-flow wp-block-column-is-layout-flow\">\n<p class=\"title-v2 mb-20\">Im Herzen von Paris.<\/p>\n\n\n\n<p>Kiss Me in Paris Proposals &amp; Weddings<br>78 Av. Raymond Poincar\u00e9, 75116 Paris, Frankreich<br><a href=\"tel:+33661351511\">+33 6 61 35 15 11<\/a><br><a href=\"mailto:support@kissinparis.com\">support@kissinparis.com<\/a><\/p>\n<\/div>\n\n\n\n<div class=\"wp-block-column is-vertically-aligned-center is-layout-flow wp-block-column-is-layout-flow\">\n<iframe title=\"Karte mit dem Standort von Kiss Me in Paris Proposals &amp; Weddings\" src=\"https:\/\/www.google.com\/maps\/embed?pb=!1m18!1m12!1m3!1d2624.433873533341!2d2.28082346080246!3d48.86900492627629!2m3!1f0!2f0!3f0!3m2!1i1024!2i768!4f13.1!3m3!1m2!1s0x47e66f84666f802f%3A0x7b03905155589b66!2sKiss%20Me%20in%20Paris%20Proposals%20%26%20Weddings!5e0!3m2!1sen!2sin!4v1744567332130!5m2!1sen!2sin\" width=\"600\" height=\"450\" style=\"border:0;\" allowfullscreen=\"\" loading=\"lazy\" referrerpolicy=\"no-referrer-when-downgrade\"><\/iframe>\n<\/div>\n<\/div>\n<\/div><\/div>","protected":false},"excerpt":{"rendered":"<p>The Artist Proposal The &#8216;Artist&#8217; Proposal is sure to bring tears of joy to her eyes.\u200b You encourage your partner to stroll around Paris before heading to an elegant brunch, dinner, or boat cruise (your significant other is aware of this and dresses to the occasion). Almost fortuitously, you stumble upon a local French artist [&hellip;]<\/p>\n","protected":false},"author":35,"featured_media":23787,"parent":293,"menu_order":0,"comment_status":"closed","ping_status":"closed","template":"","meta":{"_acf_changed":false,"ub_ctt_via":"","footnotes":""},"class_list":["post-4779","page","type-page","status-publish","has-post-thumbnail","hentry"],"acf":[],"featured_image_src":"https:\/\/kissinparis.com\/wp-content\/uploads\/2025\/06\/Paris-proposal-with-artist.webp","_links":{"self":[{"href":"https:\/\/kissinparis.com\/de\/wp-json\/wp\/v2\/pages\/4779","targetHints":{"allow":["GET"]}}],"collection":[{"href":"https:\/\/kissinparis.com\/de\/wp-json\/wp\/v2\/pages"}],"about":[{"href":"https:\/\/kissinparis.com\/de\/wp-json\/wp\/v2\/types\/page"}],"author":[{"embeddable":true,"href":"https:\/\/kissinparis.com\/de\/wp-json\/wp\/v2\/users\/35"}],"replies":[{"embeddable":true,"href":"https:\/\/kissinparis.com\/de\/wp-json\/wp\/v2\/comments?post=4779"}],"version-history":[{"count":8,"href":"https:\/\/kissinparis.com\/de\/wp-json\/wp\/v2\/pages\/4779\/revisions"}],"predecessor-version":[{"id":23791,"href":"https:\/\/kissinparis.com\/de\/wp-json\/wp\/v2\/pages\/4779\/revisions\/23791"}],"up":[{"embeddable":true,"href":"https:\/\/kissinparis.com\/de\/wp-json\/wp\/v2\/pages\/293"}],"wp:featuredmedia":[{"embeddable":true,"href":"https:\/\/kissinparis.com\/de\/wp-json\/wp\/v2\/media\/23787"}],"wp:attachment":[{"href":"https:\/\/kissinparis.com\/de\/wp-json\/wp\/v2\/media?parent=4779"}],"curies":[{"name":"wp","href":"https:\/\/api.w.org\/{rel}","templated":true}]}}