{"id":5028,"date":"2023-03-09T18:25:33","date_gmt":"2023-03-09T18:25:33","guid":{"rendered":"https:\/\/kissinparis.com\/?page_id=5028"},"modified":"2026-02-19T18:47:12","modified_gmt":"2026-02-19T18:47:12","slug":"verlobungstipps-paris","status":"publish","type":"page","link":"https:\/\/kissinparis.com\/de\/paris-engagement-tips\/","title":{"rendered":"Tipps f\u00fcr Verlobungsfotos in Paris: Timing, Fotograf &amp; Planung"},"content":{"rendered":"<div class=\"wp-block-group alignfull sec heror-section mt-0 mb-0 has-scroll-down has-background-color has-primary-background-color has-text-color has-background has-link-color wp-elements-d78d60c47bbdc999a782a44cae71327a\"><div class=\"wp-block-group__inner-container is-layout-constrained wp-block-group-is-layout-constrained\">\n<h1 class=\"wp-block-heading alignwide has-text-align-left full has-background-color has-text-color has-link-color wp-elements-ca8dd766affbaba5d77f7f4e8bf7dcd1\">Tipps f\u00fcr Verlobungsfotos in Paris: Timing, Fotograf &amp; Planung<\/h1>\n\n\n\n<div class=\"wp-block-buttons alignfull mt-0 mb-0 pt-10 is-layout-flex wp-block-buttons-is-layout-flex\">\n<div class=\"wp-block-button is-style-outline is-style-outline--1\"><a class=\"wp-block-button__link has-background-color has-text-color wp-element-button\" href=\"https:\/\/kissinparis.com\/de\/jetzt-buchen\/fotoshooting\/\">Jetzt buchen<\/a><\/div>\n<\/div>\n<\/div><\/div>\n\n\n\n<div class=\"wp-block-cover alignfull is-light mt-0 mb-0 banner banner-resources\"><img loading=\"lazy\" decoding=\"async\" width=\"1600\" height=\"1067\" class=\"wp-block-cover__image-background wp-image-22604 size-full\" alt=\"Ein frisch verlobtes Paar lacht auf dem Trocad\u00e9ro w\u00e4hrend einer Verlobungsfotosession in Paris und stellt spielerisch den Ringtausch nach, w\u00e4hrend der Eiffelturm im goldenen Sonnenaufgang erstrahlt.\" src=\"https:\/\/kissinparis.com\/wp-content\/uploads\/2025\/05\/paris-engagement-photography-tips-trocadero-sunrise.webp\" style=\"object-position:54% 67%\" data-object-fit=\"cover\" data-object-position=\"54% 67%\" srcset=\"https:\/\/kissinparis.com\/wp-content\/uploads\/2025\/05\/paris-engagement-photography-tips-trocadero-sunrise.webp 1600w, https:\/\/kissinparis.com\/wp-content\/uploads\/2025\/05\/paris-engagement-photography-tips-trocadero-sunrise-300x200.webp 300w, https:\/\/kissinparis.com\/wp-content\/uploads\/2025\/05\/paris-engagement-photography-tips-trocadero-sunrise-1024x683.webp 1024w, https:\/\/kissinparis.com\/wp-content\/uploads\/2025\/05\/paris-engagement-photography-tips-trocadero-sunrise-768x512.webp 768w, https:\/\/kissinparis.com\/wp-content\/uploads\/2025\/05\/paris-engagement-photography-tips-trocadero-sunrise-1536x1024.webp 1536w, https:\/\/kissinparis.com\/wp-content\/uploads\/2025\/05\/paris-engagement-photography-tips-trocadero-sunrise-1200x800.webp 1200w\" sizes=\"auto, (max-width: 1600px) 100vw, 1600px\" \/><span aria-hidden=\"true\" class=\"wp-block-cover__background has-primary-background-color has-background-dim-0 has-background-dim\"><\/span><div class=\"wp-block-cover__inner-container is-layout-flow wp-block-cover-is-layout-flow\">\n<div class=\"banner-video\">\n<img decoding=\"async\" src=\"https:\/\/kissinparis.com\/wp-content\/uploads\/2023\/02\/placeholder_16x9.png\" alt=\"Bereich Held\">\n<\/div>\n<\/div><\/div>\n\n\n\n<div class=\"wp-block-group alignfull mt-0 mb-0 sec sec-content has-white-background-color has-background\" id=\"sec-1\"><div class=\"wp-block-group__inner-container is-layout-constrained wp-block-group-is-layout-constrained\">\n<p>Egal, ob Sie Ihre Verlobungsfotos direkt nach dem Heiratsantrag planen oder f\u00fcr ein separates Fotoshooting nach Paris zur\u00fcckkehren, diese drei Tipps helfen Ihnen dabei, bessere Fotos zu machen und das Erlebnis auch wirklich zu genie\u00dfen.<\/p>\n\n\n\n<p>Wir behandeln die Auswahl des richtigen Fotografen, die Planung des Shootings f\u00fcr optimale Lichtverh\u00e4ltnisse und m\u00f6glichst wenige Menschen sowie die Organisation Ihrer Session, damit Sie mehr Zeit vor der Kamera und weniger Zeit mit der Anfahrt verbringen.<\/p>\n\n\n\n<p>(<em>Dieser Leitfaden passt gut zu unserem <a href=\"https:\/\/kissinparis.com\/de\/beste-fotospots-paris\/\">Reisef\u00fchrer f\u00fcr Paris<\/a>.<\/em>)<\/p>\n\n\n\n<h2 class=\"wp-block-heading\"><strong>Den richtigen Fotografen ausw\u00e4hlen und vorbereiten<\/strong><\/h2>\n\n\n\n<p>Dies ist die eine Entscheidung, die Ihre Fotos \u2013 und Ihr Erlebnis \u2013 am st\u00e4rksten beeinflusst.<\/p>\n\n\n\n<p>Der richtige Fotograf ist nicht nur technisch versiert. Er ist jemand, mit dem man sich wohlf\u00fchlt, der klare Anweisungen zum Posing gibt und der Paris gut genug kennt, um eine sinnvolle Route zu planen. Wenn man kein professionelles Model ist, w\u00fcnscht man sich jemanden, der einen auf nat\u00fcrliche Weise anleitet und daf\u00fcr sorgt, dass sich alles unkompliziert anf\u00fchlt.<\/p>\n\n\n\n<figure class=\"wp-block-image alignwide size-full\"><img loading=\"lazy\" decoding=\"async\" width=\"1600\" height=\"1067\" src=\"https:\/\/kissinparis.com\/wp-content\/uploads\/2025\/05\/paris-engagement-photos-trocadero-sunrise-eiffel-tower-couple_1.webp\" alt=\"Verlobtes Paar in intimer Pose am Trocadero bei Sonnenaufgang mit Eiffelturm-Kulisse in Paris\" class=\"wp-image-22693\" srcset=\"https:\/\/kissinparis.com\/wp-content\/uploads\/2025\/05\/paris-engagement-photos-trocadero-sunrise-eiffel-tower-couple_1.webp 1600w, https:\/\/kissinparis.com\/wp-content\/uploads\/2025\/05\/paris-engagement-photos-trocadero-sunrise-eiffel-tower-couple_1-300x200.webp 300w, https:\/\/kissinparis.com\/wp-content\/uploads\/2025\/05\/paris-engagement-photos-trocadero-sunrise-eiffel-tower-couple_1-1024x683.webp 1024w, https:\/\/kissinparis.com\/wp-content\/uploads\/2025\/05\/paris-engagement-photos-trocadero-sunrise-eiffel-tower-couple_1-768x512.webp 768w, https:\/\/kissinparis.com\/wp-content\/uploads\/2025\/05\/paris-engagement-photos-trocadero-sunrise-eiffel-tower-couple_1-1536x1024.webp 1536w, https:\/\/kissinparis.com\/wp-content\/uploads\/2025\/05\/paris-engagement-photos-trocadero-sunrise-eiffel-tower-couple_1-1200x800.webp 1200w\" sizes=\"auto, (max-width: 1600px) 100vw, 1600px\" \/><figcaption class=\"wp-element-caption\">Verlobungsfotos bei Sonnenaufgang am Trocadero bieten romantischen Pariser Paaren eine intime Beleuchtung und die ikonische Kulisse des Eiffelturms.<\/figcaption><\/figure>\n\n\n\n<p><strong>Wie man sie findet.<\/strong> Beginnen Sie mit den Portfolios. Schauen Sie sich komplette Fotoshootings an, keine Highlight-Videos \u2013 Sie wollen Konstanz sehen, nicht nur ein paar herausragende Aufnahmen. Lesen Sie dann die Biografien, Bewertungen und den allgemeinen Arbeitsstil. Das Ziel: ein Pariser Fotograf, dem Sie vertrauen k\u00f6nnen, der p\u00fcnktlich erscheint, Sie gut vorbereitet und erstklassige Ergebnisse liefert. <a href=\"https:\/\/kissinparis.com\/de\/verlobungsfotos-paris\/\">Verlobungsfotos<\/a> Du wirst es jahrelang behalten.<\/p>\n\n\n\n<p><strong>Wie man sich gemeinsam vorbereitet.<\/strong> Ein wenig Abstimmung vor dem Shooting ver\u00e4ndert alles.<\/p>\n\n\n\n<p><strong>Teilen Sie Ihre Vision:<\/strong> Schickt uns Inspirationsbilder \u00fcber Pinterest oder WhatsApp \u2013 Fotos, die euch gefallen, Bilder von euch selbst, Posen und Locations, die ihr euch w\u00fcnscht. So bekommt euer Fotograf vor dem Treffen einen guten Eindruck von eurem Stil.<\/p>\n\n\n\n<p><em>Lasst sie die Route planen.<\/em> Ein guter Pariser Fotograf erstellt die Reiseroute \u2013<a href=\"https:\/\/kissinparis.com\/de\/beste-fotospots-paris\/\">die besten Fotospots<\/a>\u2013 in Bezug auf Lichtverh\u00e4ltnisse, Menschenmengen, \u00d6ffnungszeiten und Fu\u00dfwege. Hier ist Ortskenntnis entscheidend \u2013 und hier st\u00f6\u00dft die Online-Recherche an ihre Grenzen.<\/p>\n\n\n\n<p><em>Sortieren Sie Ihre Daten im Voraus.<\/em> Halten Sie Outfits, Requisiten und besondere Gegenst\u00e4nde (z. B. Save-the-Date-Schilder, Ringe) bereit. F\u00fcr Shootings von zwei Stunden oder l\u00e4nger oder an mehreren Orten empfehlen wir einen Mercedes-Van mit englischsprachigem Fahrer. So sind Ihre Sachen sicher, Sie sparen sich die Wartezeit auf Taxis und haben einen privaten Raum zum Umziehen \u2013 besonders praktisch im Winter.<\/p>\n\n\n\n<h2 class=\"wp-block-heading\">Planen Sie Ihren Dreh passend zu Lichtverh\u00e4ltnissen und Menschenmengen.<\/h2>\n\n\n\n<p>Der Zeitpunkt des Schusses ist genauso wichtig wie der Ort des Schusses.<\/p>\n\n\n\n<p><strong>Sonnenaufgang.<\/strong> Beginnen Sie f\u00fcnf Minuten vor Sonnenaufgang. Dann genie\u00dfen Sie ein sanftes, warmes Licht und fast menschenleere Sehensw\u00fcrdigkeiten. Im Sommer ist das idealerweise um 6:30 Uhr oder fr\u00fcher, im Winter eher gegen 8:30 Uhr. Beliebte Orte wie der Trocad\u00e9ro sind nur bei Sonnenaufgang wirklich sch\u00f6n \u2013 ab dem sp\u00e4ten Vormittag konkurrieren Sie mit Hunderten von Touristen um die besten Pl\u00e4tze.<\/p>\n\n\n\n<p><strong>Goldene Stunde<\/strong>Die Stunde vor Sonnenuntergang taucht die Haut in ein warmes Licht, das ihr schmeichelt und die Seine zum Leuchten bringt. <a href=\"https:\/\/kissinparis.com\/de\/pont-des-arts\/\">Pont des Arts<\/a>, <a href=\"https:\/\/kissinparis.com\/de\/notre-dame-kathedrale\/\">Notre-Dame<\/a>, Und <a href=\"https:\/\/kissinparis.com\/de\/luxemburg-garten\/\">Jardin du Luxembourg<\/a> Alle sehen in diesem Schaufenster am besten aus.<\/p>\n\n\n\n<p><strong>Blaue Stunde:<\/strong> Zwanzig bis vierzig Minuten nach Sonnenuntergang. Tiefblauer Himmel, die Lichter der Stadt gehen gerade an. Das passt gut zum <a href=\"https:\/\/kissinparis.com\/de\/heiratsantrag-paris\/fotoshooting-eiffelturm\/\">Eiffelturm<\/a>, Die <a href=\"https:\/\/kissinparis.com\/de\/louvre-museum\/\">Louvre-Pyramide<\/a>, und Moulin Rouge \u2013 \u00fcberall dort, wo man dramatisches Licht w\u00fcnscht.<\/p>\n\n\n\n<figure class=\"wp-block-image alignwide size-large\"><img loading=\"lazy\" decoding=\"async\" width=\"1024\" height=\"683\" src=\"https:\/\/kissinparis.com\/wp-content\/uploads\/2025\/05\/paris-engagement-photos-louvre-blue-hour-pyramid-night-red-dress-1024x683.webp\" alt=\"Verlobtes Paar k\u00fcsst sich im Louvre w\u00e4hrend der blauen Stunde mit beleuchteter Glaspyramide und romantischer Beleuchtung\" class=\"wp-image-22700\" srcset=\"https:\/\/kissinparis.com\/wp-content\/uploads\/2025\/05\/paris-engagement-photos-louvre-blue-hour-pyramid-night-red-dress-1024x683.webp 1024w, https:\/\/kissinparis.com\/wp-content\/uploads\/2025\/05\/paris-engagement-photos-louvre-blue-hour-pyramid-night-red-dress-300x200.webp 300w, https:\/\/kissinparis.com\/wp-content\/uploads\/2025\/05\/paris-engagement-photos-louvre-blue-hour-pyramid-night-red-dress-768x512.webp 768w, https:\/\/kissinparis.com\/wp-content\/uploads\/2025\/05\/paris-engagement-photos-louvre-blue-hour-pyramid-night-red-dress-1536x1024.webp 1536w, https:\/\/kissinparis.com\/wp-content\/uploads\/2025\/05\/paris-engagement-photos-louvre-blue-hour-pyramid-night-red-dress-1200x800.webp 1200w, https:\/\/kissinparis.com\/wp-content\/uploads\/2025\/05\/paris-engagement-photos-louvre-blue-hour-pyramid-night-red-dress.webp 1600w\" sizes=\"auto, (max-width: 1024px) 100vw, 1024px\" \/><figcaption class=\"wp-element-caption\">Verlobungsfotos in der blauen Stunde im Louvre zeigen, wie mit dem richtigen Outfit und Timing atemberaubende Pariser Paarportr\u00e4ts mit ikonischer Pyramidenbeleuchtung entstehen.<\/figcaption><\/figure>\n\n\n\n<p><strong>Menschenmengen<\/strong>. Fotografieren Sie an jedem Wochentag bei Sonnenaufgang. Nutzen Sie die Nebensaison (November bis Februar, ausgenommen Feiertage und die Woche vor Valentinstag). Falls ein Ort \u00fcberf\u00fcllt ist, suchen Sie sich einen anderen Winkel \u2013 Paris bietet unz\u00e4hlige sch\u00f6ne Kulissen.<\/p>\n\n\n\n<h2 class=\"wp-block-heading\">Planen Sie Ihr Shooting f\u00fcr maximale Abdeckung<\/h2>\n\n\n\n<p>Intelligente Planung bedeutet mehr Zeit zum Filmen und weniger logistischen Aufwand.<\/p>\n\n\n\n<p><strong>Berechnen Sie Ihre Netto-Schusszeit.<\/strong> Ziehen Sie die Kosten f\u00fcr An- und Abreise sowie Outfitwechsel von Ihren gebuchten Stunden ab. Sie sollten mindestens 75 Prozent Ihrer Session aktiv mit Fotografieren verbringen.<\/p>\n\n\n\n<p><strong>Gruppieren Sie Ihre Standorte.<\/strong> Fassen Sie nahe beieinander liegende Sehensw\u00fcrdigkeiten zusammen \u2013 zum Beispiel Notre-Dame, Pont des Arts und Louvre \u2013, damit Sie zwischen den einzelnen Stationen f\u00fcnf Minuten und nicht drei\u00dfig Minuten laufen m\u00fcssen.<\/p>\n\n\n\n<p><strong>Outfitwechsel sollten sorgf\u00e4ltig geplant werden.<\/strong> Jeder Umstieg kostet Zeit. Verzichten Sie auf die Hin- und R\u00fcckfahrt zum Hotel. Eine Caf\u00e9-Toilette tut es auch, eine ruhige Ecke tut es auch \u2013 der Mercedes-Van ist die beste Option, falls Sie einen haben.<\/p>\n\n\n\n<p><strong>Planen Sie zwischen den Haltestellen Pufferzeiten von 10\u201315 Minuten ein.<\/strong> Paris l\u00e4sst sich gut zu Fu\u00df erkunden und bietet zwischen den geplanten Orten unz\u00e4hlige M\u00f6glichkeiten. Bequeme Schuhe machen dabei einen gro\u00dfen Unterschied.<\/p>\n\n\n\n<p>Drei Dinge entscheiden \u00fcber das Gelingen eurer Verlobungsfotos in Paris: der Fotograf, die Tageszeit des Shootings und die Planung. Wenn diese Punkte stimmen, l\u00e4uft der Rest wie von selbst.<\/p>\n\n\n\n<figure class=\"wp-block-image alignwide size-full\"><img loading=\"lazy\" decoding=\"async\" width=\"1600\" height=\"1067\" src=\"https:\/\/kissinparis.com\/wp-content\/uploads\/2025\/05\/paris-engagement-photos-montmartre-maison-rose-night-walking-couple.webp\" alt=\"Verlobtes Paar geht nachts mit inniger Umarmung und Augenkontakt an La Maison Rose in Montmartre vorbei\" class=\"wp-image-22710\" srcset=\"https:\/\/kissinparis.com\/wp-content\/uploads\/2025\/05\/paris-engagement-photos-montmartre-maison-rose-night-walking-couple.webp 1600w, https:\/\/kissinparis.com\/wp-content\/uploads\/2025\/05\/paris-engagement-photos-montmartre-maison-rose-night-walking-couple-300x200.webp 300w, https:\/\/kissinparis.com\/wp-content\/uploads\/2025\/05\/paris-engagement-photos-montmartre-maison-rose-night-walking-couple-1024x683.webp 1024w, https:\/\/kissinparis.com\/wp-content\/uploads\/2025\/05\/paris-engagement-photos-montmartre-maison-rose-night-walking-couple-768x512.webp 768w, https:\/\/kissinparis.com\/wp-content\/uploads\/2025\/05\/paris-engagement-photos-montmartre-maison-rose-night-walking-couple-1536x1024.webp 1536w, https:\/\/kissinparis.com\/wp-content\/uploads\/2025\/05\/paris-engagement-photos-montmartre-maison-rose-night-walking-couple-1200x800.webp 1200w\" sizes=\"auto, (max-width: 1600px) 100vw, 1600px\" \/><figcaption class=\"wp-element-caption\">Verlobungsfotos beim Spazierengehen in Montmartre sorgen f\u00fcr nat\u00fcrliche Abwechslung und authentische Ausdrucksformen, wobei La Maison Rose Paaren eine bezaubernde Pariser Kulisse bietet.<\/figcaption><\/figure>\n<\/div><\/div>\n\n\n\n<div class=\"wp-block-group alignfull sec mt-0 mb-0 has-subtle-background-background-color has-background\"><div class=\"wp-block-group__inner-container is-layout-constrained wp-block-group-is-layout-constrained\">\n<h2 class=\"wp-block-heading title-v2\">Was kommt als N\u00e4chstes?<\/h2>\n\n\n\n<div class=\"wp-block-columns boxes plans is-layout-flex wp-container-core-columns-is-layout-9d6595d7 wp-block-columns-is-layout-flex\">\n<div class=\"wp-block-column is-layout-flow wp-block-column-is-layout-flow\">\n<figure class=\"wp-block-image size-full\"><a href=\"https:\/\/kissinparis.com\/de\/restaurants-eiffelturm-blick\/\" aria-label=\"Lesen Sie mehr \u00fcber Pariser P\u00e4rchenpaket beste Restaurants mit Blick auf den Eiffelturm\"><img loading=\"lazy\" decoding=\"async\" width=\"300\" height=\"400\" src=\"https:\/\/kissinparis.com\/wp-content\/uploads\/2023\/03\/Paris-couple-package-best-restaurants-with-Eiffel-Tower-view.jpg\" alt=\"Pariser Paar-Paket beste Restaurants mit Blick auf den Eiffelturm\" class=\"wp-image-1027\" srcset=\"https:\/\/kissinparis.com\/wp-content\/uploads\/2023\/03\/Paris-couple-package-best-restaurants-with-Eiffel-Tower-view.jpg 300w, https:\/\/kissinparis.com\/wp-content\/uploads\/2023\/03\/Paris-couple-package-best-restaurants-with-Eiffel-Tower-view-225x300.jpg 225w\" sizes=\"auto, (max-width: 300px) 100vw, 300px\" \/><\/a><\/figure>\n\n\n\n<div class=\"wp-block-group mt-0 mb-0 content\"><div class=\"wp-block-group__inner-container is-layout-constrained wp-block-group-is-layout-constrained\">\n<h3 class=\"wp-block-heading\"><a href=\"https:\/\/kissinparis.com\/de\/restaurants-eiffelturm-blick\/\">Wo man in Paris essen kann<\/a><\/h3>\n\n\n\n<p class=\"sec-header\"><a href=\"https:\/\/kissinparis.com\/de\/restaurants-eiffelturm-blick\/\">Die besten Restaurants mit Blick auf den Eiffelturm<\/a><\/p>\n<\/div><\/div>\n<\/div>\n\n\n\n<div class=\"wp-block-column is-layout-flow wp-block-column-is-layout-flow\">\n<figure class=\"wp-block-image size-full\"><a href=\"https:\/\/kissinparis.com\/de\/paarfotografie-paris-nacht\/\" aria-label=\"Lesen Sie mehr \u00fcber \u201eNachtfotos in Paris sind romantischer\u201c\"><img loading=\"lazy\" decoding=\"async\" width=\"300\" height=\"400\" src=\"https:\/\/kissinparis.com\/wp-content\/uploads\/2023\/03\/Nighttime-photos-in-Paris-are-more-romantic.jpg\" alt=\"Nachtfotos in Paris sind romantischer\" class=\"wp-image-1028\" srcset=\"https:\/\/kissinparis.com\/wp-content\/uploads\/2023\/03\/Nighttime-photos-in-Paris-are-more-romantic.jpg 300w, https:\/\/kissinparis.com\/wp-content\/uploads\/2023\/03\/Nighttime-photos-in-Paris-are-more-romantic-225x300.jpg 225w\" sizes=\"auto, (max-width: 300px) 100vw, 300px\" \/><\/a><\/figure>\n\n\n\n<div class=\"wp-block-group mt-0 mb-0 content\"><div class=\"wp-block-group__inner-container is-layout-constrained wp-block-group-is-layout-constrained\">\n<h3 class=\"wp-block-heading\"><a href=\"https:\/\/kissinparis.com\/de\/paarfotografie-paris-nacht\/\">N\u00e4chtliche Paarfotos<\/a><\/h3>\n\n\n\n<p class=\"sec-header\"><a href=\"https:\/\/kissinparis.com\/de\/paarfotografie-paris-nacht\/\">Buchen Sie einen Verlobungsfotografen in Paris<\/a><\/p>\n<\/div><\/div>\n<\/div>\n\n\n\n<div class=\"wp-block-column is-layout-flow wp-block-column-is-layout-flow\">\n<figure class=\"wp-block-image size-full\"><a href=\"https:\/\/kissinparis.com\/de\/paarfotos-eiffelturm\/\" aria-label=\"Lesen Sie mehr \u00fcber Bildideen f\u00fcr Paare auf dem Eiffelturm\"><img loading=\"lazy\" decoding=\"async\" width=\"300\" height=\"400\" src=\"https:\/\/kissinparis.com\/wp-content\/uploads\/2023\/03\/Eiffel-Tower-couple-picture-ideas.jpg\" alt=\"Bildideen f\u00fcr Paare auf dem Eiffelturm\" class=\"wp-image-1030\" srcset=\"https:\/\/kissinparis.com\/wp-content\/uploads\/2023\/03\/Eiffel-Tower-couple-picture-ideas.jpg 300w, https:\/\/kissinparis.com\/wp-content\/uploads\/2023\/03\/Eiffel-Tower-couple-picture-ideas-225x300.jpg 225w\" sizes=\"auto, (max-width: 300px) 100vw, 300px\" \/><\/a><\/figure>\n\n\n\n<div class=\"wp-block-group mt-0 mb-0 content\"><div class=\"wp-block-group__inner-container is-layout-constrained wp-block-group-is-layout-constrained\">\n<h3 class=\"wp-block-heading\"><a href=\"https:\/\/kissinparis.com\/de\/paarfotos-eiffelturm\/\">Eiffelturm-Paarfotos<\/a><\/h3>\n\n\n\n<p class=\"sec-header\"><a href=\"https:\/\/kissinparis.com\/de\/paarfotos-eiffelturm\/\">Wenn der Eiffelturm ein Muss ist<\/a><\/p>\n<\/div><\/div>\n<\/div>\n\n\n\n<div class=\"wp-block-column is-layout-flow wp-block-column-is-layout-flow\">\n<figure class=\"wp-block-image size-full\"><a href=\"https:\/\/kissinparis.com\/de\/posen-paarfotoshooting\/\" aria-label=\"Lesen Sie mehr dar\u00fcber, wie Sie als Paar f\u00fcr umwerfende Verlobungsfotos in Paris posieren\"><img loading=\"lazy\" decoding=\"async\" width=\"300\" height=\"400\" src=\"https:\/\/kissinparis.com\/wp-content\/uploads\/2023\/03\/How-to-pose-as-a-couple-for-dazzling-Paris-Engagement-photos.jpg\" alt=\"So posieren Sie als Paar f\u00fcr umwerfende Verlobungsfotos in Paris\" class=\"wp-image-1032\" srcset=\"https:\/\/kissinparis.com\/wp-content\/uploads\/2023\/03\/How-to-pose-as-a-couple-for-dazzling-Paris-Engagement-photos.jpg 300w, https:\/\/kissinparis.com\/wp-content\/uploads\/2023\/03\/How-to-pose-as-a-couple-for-dazzling-Paris-Engagement-photos-225x300.jpg 225w\" sizes=\"auto, (max-width: 300px) 100vw, 300px\" \/><\/a><\/figure>\n\n\n\n<div class=\"wp-block-group mt-0 mb-0 content\"><div class=\"wp-block-group__inner-container is-layout-constrained wp-block-group-is-layout-constrained\">\n<h3 class=\"wp-block-heading\"><a href=\"https:\/\/kissinparis.com\/de\/posen-paarfotoshooting\/\">So posieren Sie als Paar<\/a><\/h3>\n\n\n\n<p class=\"sec-header\"><a href=\"https:\/\/kissinparis.com\/de\/posen-paarfotoshooting\/\">Auff\u00e4llige Posen f\u00fcr Ihr Paris-Fotoshooting<\/a><\/p>\n<\/div><\/div>\n<\/div>\n<\/div>\n<\/div><\/div>\n\n\n\n<div class=\"wp-block-group popup-cta\"><div class=\"wp-block-group__inner-container is-layout-constrained wp-block-group-is-layout-constrained\">\n<figure class=\"wp-block-video\"><video height=\"960\" style=\"aspect-ratio: 686 \/ 960;\" width=\"686\" autoplay loop muted poster=\"https:\/\/kissinparis.com\/wp-content\/uploads\/2025\/04\/Kiss-Me-in-Paris-Proposals-Weddings-Planning.webp\" preload=\"none\" src=\"https:\/\/kissinparis.com\/wp-content\/uploads\/2025\/04\/Full-service-Paris-proposal-planner.mp4\" playsinline><\/video><\/figure>\n\n\n\n<p class=\"title\">Kontakt<\/p>\n\n\n\n<p class=\"has-link whatsapp\"><a href=\"https:\/\/api.whatsapp.com\/send?phone=19175134350\" target=\"_blank\" data-type=\"link\" data-id=\"https:\/\/api.whatsapp.com\/send?phone=19175134350\" rel=\"noreferrer noopener nofollow\">WhatsApp<\/a><\/p>\n\n\n\n<p class=\"has-link booking\"><a href=\"mailto:support@kissinparis.com?subject=Your Paris Inquiry | Kiss Me in Paris\" target=\"_blank\" data-type=\"link\" data-id=\"https:\/\/api.whatsapp.com\/send?phone=19175134350\" rel=\"noreferrer noopener\">Anfrage<\/a><\/p>\n<\/div><\/div>","protected":false},"excerpt":{"rendered":"<p>Paris Engagement Photo Tips: Timing, Photographer &amp; Planning Whether you&#8217;re planning engagement photos right after your proposal or coming back to Paris for a dedicated shoot, these three tips will help you get better photos and actually enjoy the experience. We&#8217;ll cover choosing the right photographer, timing your shoot for the best light and fewest [&hellip;]<\/p>\n","protected":false},"author":35,"featured_media":22604,"parent":0,"menu_order":0,"comment_status":"closed","ping_status":"closed","template":"","meta":{"_acf_changed":false,"ub_ctt_via":"","footnotes":""},"class_list":["post-5028","page","type-page","status-publish","has-post-thumbnail","hentry"],"acf":[],"featured_image_src":"https:\/\/kissinparis.com\/wp-content\/uploads\/2025\/05\/paris-engagement-photography-tips-trocadero-sunrise.webp","_links":{"self":[{"href":"https:\/\/kissinparis.com\/de\/wp-json\/wp\/v2\/pages\/5028","targetHints":{"allow":["GET"]}}],"collection":[{"href":"https:\/\/kissinparis.com\/de\/wp-json\/wp\/v2\/pages"}],"about":[{"href":"https:\/\/kissinparis.com\/de\/wp-json\/wp\/v2\/types\/page"}],"author":[{"embeddable":true,"href":"https:\/\/kissinparis.com\/de\/wp-json\/wp\/v2\/users\/35"}],"replies":[{"embeddable":true,"href":"https:\/\/kissinparis.com\/de\/wp-json\/wp\/v2\/comments?post=5028"}],"version-history":[{"count":25,"href":"https:\/\/kissinparis.com\/de\/wp-json\/wp\/v2\/pages\/5028\/revisions"}],"predecessor-version":[{"id":29449,"href":"https:\/\/kissinparis.com\/de\/wp-json\/wp\/v2\/pages\/5028\/revisions\/29449"}],"wp:featuredmedia":[{"embeddable":true,"href":"https:\/\/kissinparis.com\/de\/wp-json\/wp\/v2\/media\/22604"}],"wp:attachment":[{"href":"https:\/\/kissinparis.com\/de\/wp-json\/wp\/v2\/media?parent=5028"}],"curies":[{"name":"wp","href":"https:\/\/api.w.org\/{rel}","templated":true}]}}