{"id":5323,"date":"2023-03-10T14:02:39","date_gmt":"2023-03-10T14:02:39","guid":{"rendered":"https:\/\/kissinparis.com\/?page_id=5323"},"modified":"2025-05-29T12:57:24","modified_gmt":"2025-05-29T12:57:24","slug":"ideen-paarfotoshooting","status":"publish","type":"page","link":"https:\/\/kissinparis.com\/de\/couple-photoshoot-ideas\/","title":{"rendered":"3 lustige Ideen f\u00fcr Paar-Fotoshootings, die Sie bei Ihrem eigenen Shooting ausprobieren k\u00f6nnen"},"content":{"rendered":"<div class=\"wp-block-group alignfull sec heror-section mt-0 mb-0 has-scroll-down has-background-color has-primary-background-color has-text-color has-background has-link-color wp-elements-e0ba94e5e6919d89c7e935254bb690f2\"><div class=\"wp-block-group__inner-container is-layout-constrained wp-block-group-is-layout-constrained\">\n<h1 class=\"wp-block-heading alignwide has-text-align-left full has-background-color has-text-color has-link-color wp-elements-5ab80d1189b36109b4585440d2e7520c\">3 tolle Ideen f\u00fcr Paar-Fotoshootings, die Sie bei Ihrem eigenen Shooting ausprobieren k\u00f6nnen<\/h1>\n<\/div><\/div>\n\n\n\n<div class=\"wp-block-cover alignfull is-light mt-0 mb-0 banner banner-resources\"><img loading=\"lazy\" decoding=\"async\" width=\"1400\" height=\"933\" class=\"wp-block-cover__image-background wp-image-5467\" alt=\"Lustige Ideen f\u00fcr ein Paar-Fotoshooting Save the Date\" src=\"https:\/\/kissinparis.com\/wp-content\/uploads\/2023\/03\/Fun-couple-photoshoot-ideas-Save-the-Date.jpg\" data-object-fit=\"cover\" srcset=\"https:\/\/kissinparis.com\/wp-content\/uploads\/2023\/03\/Fun-couple-photoshoot-ideas-Save-the-Date.jpg 1400w, https:\/\/kissinparis.com\/wp-content\/uploads\/2023\/03\/Fun-couple-photoshoot-ideas-Save-the-Date-300x200.jpg 300w, https:\/\/kissinparis.com\/wp-content\/uploads\/2023\/03\/Fun-couple-photoshoot-ideas-Save-the-Date-1024x682.jpg 1024w, https:\/\/kissinparis.com\/wp-content\/uploads\/2023\/03\/Fun-couple-photoshoot-ideas-Save-the-Date-768x512.jpg 768w, https:\/\/kissinparis.com\/wp-content\/uploads\/2023\/03\/Fun-couple-photoshoot-ideas-Save-the-Date-1200x800.jpg 1200w\" sizes=\"auto, (max-width: 1400px) 100vw, 1400px\" \/><span aria-hidden=\"true\" class=\"wp-block-cover__background has-primary-background-color has-background-dim-0 has-background-dim\"><\/span><div class=\"wp-block-cover__inner-container is-layout-flow wp-block-cover-is-layout-flow\">\n<div class=\"banner-video\">\n<img decoding=\"async\" src=\"https:\/\/kissinparis.com\/wp-content\/uploads\/2023\/02\/placeholder_16x9.png\" alt=\"Bereich Held\">\n<\/div>\n<\/div><\/div>\n\n\n\n<div class=\"wp-block-group alignfull mt-0 mb-0 sec sec-content has-white-background-color has-background\" id=\"sec-0\"><div class=\"wp-block-group__inner-container is-layout-constrained wp-block-group-is-layout-constrained\">\n<p>Professionelle Paarfotos stellen eine erhebliche Investition an Zeit und Geld dar \u2013 aber was noch wichtiger ist: Sie sind f\u00fcr zwei Menschen, die sich sehr lieben, eine seltene Gelegenheit, dem Alltag zu entfliehen und sich ganz auf ihre Beziehung zu konzentrieren.<\/p>\n\n\n\n<p>Diese drei herausragenden Ideen sorgen garantiert f\u00fcr Spontaneit\u00e4t, Freude und Verbundenheit bei Ihrer Sitzung: ausgefallene Requisiten, die zu Ihrer Pers\u00f6nlichkeit passen, dramatische Champagner-Knalleffekte f\u00fcr \u00fcberlebensgro\u00dfe Portr\u00e4ts und verspielt gestaltete Picknick-Arrangements sowie Profi-Tipps, mit denen Sie Zeit sparen und Ihr unterhaltsames Erlebnis noch aufregender gestalten k\u00f6nnen.<\/p>\n\n\n\n<figure class=\"wp-block-image alignwide size-large\"><img loading=\"lazy\" decoding=\"async\" width=\"1024\" height=\"682\" src=\"https:\/\/kissinparis.com\/wp-content\/uploads\/2023\/03\/Creative-Couple-Photography-Ideas-11-1024x682.jpg\" alt=\"Ideen f\u00fcr Paar-Fotoshootings, kreative Requisiten, Kaugummi-Verlobungsfotos, gelbe Kunststruktur\" class=\"wp-image-2371\" srcset=\"https:\/\/kissinparis.com\/wp-content\/uploads\/2023\/03\/Creative-Couple-Photography-Ideas-11-1024x682.jpg 1024w, https:\/\/kissinparis.com\/wp-content\/uploads\/2023\/03\/Creative-Couple-Photography-Ideas-11-300x200.jpg 300w, https:\/\/kissinparis.com\/wp-content\/uploads\/2023\/03\/Creative-Couple-Photography-Ideas-11-768x512.jpg 768w, https:\/\/kissinparis.com\/wp-content\/uploads\/2023\/03\/Creative-Couple-Photography-Ideas-11-1200x800.jpg 1200w, https:\/\/kissinparis.com\/wp-content\/uploads\/2023\/03\/Creative-Couple-Photography-Ideas-11.jpg 1400w\" sizes=\"auto, (max-width: 1024px) 100vw, 1024px\" \/><figcaption class=\"wp-element-caption\">Ideen f\u00fcr Paar-Fotoshootings: Spielen Sie mit kreativen Requisiten! Dieses lustige Verlobungsfoto zeigt, wie ausgefallene Elemente wie Kaugummi einzigartige, pers\u00f6nlichkeitsstarke Bilder schaffen, die Ihre schelmische Seite zeigen und Ihren Verlobungsfotos Abwechslung verleihen.<\/figcaption><\/figure>\n\n\n\n<h2 class=\"wp-block-heading\">Ausgefallene Requisiten, die Ihre Geschichte erz\u00e4hlen<\/h2>\n\n\n\n<p>Das richtige Requisit lenkt von unerw\u00fcnschter Kameraaufmerksamkeit ab, sorgt f\u00fcr Spa\u00df und unterstreicht Ihre Pers\u00f6nlichkeit. Vielleicht ist es eine abgenutzte Gitarre, wenn Sie sich bei einem Open Mic kennengelernt haben, ein Stapel Ihrer Lieblingsromane, wenn Sie sich beim Lesen n\u00e4hergekommen sind, oder passende Skateboards, wenn Sie Abenteuer lieben.<\/p>\n\n\n\n<p>Es geht nicht um die Requisite, sondern um die Interaktion und die Fotovielfalt, die sie schafft. Stiehlt euch ein paar s\u00fc\u00dfe K\u00fcsse, w\u00e4hrend ihr zusammen kuschelt und lest, euch nah aneinander lehnt, um Gitarre zu spielen, oder Seite an Seite auf euren Boards cruist. Die Wahl von Requisiten, die euch beiden wirklich gefallen (anstatt Ballons zu halten, die vielleicht nicht zu eurer Stimmung passen), schafft <a href=\"https:\/\/kissinparis.com\/de\/verlobungsfotos-paris\/\">Verlobungsfotos, die Spa\u00df machen<\/a> und sehen fantastisch aus.<\/p>\n\n\n\n<p><strong>Planung ist wichtig.<\/strong> \u00dcberlegen Sie sich gut, welche Requisiten zu Ihrer Beziehung passen, sichern Sie sie rechtzeitig vor dem Shooting und planen Sie den Transport sperriger Gegenst\u00e4nde. Wir lieben \u00fcbergro\u00dfe Ballons auf Fotos, aber wenn sie nicht zu Ihrem Stil passen (und es nicht zu windig ist!), w\u00e4hlen Sie etwas wirklich <em>dein<\/em>.<\/p>\n\n\n\n<figure class=\"wp-block-image alignwide size-full\"><img loading=\"lazy\" decoding=\"async\" width=\"1000\" height=\"667\" src=\"https:\/\/kissinparis.com\/wp-content\/uploads\/2023\/03\/Fun-couple-photoshoot-ideas-you-can-try-now.jpg\" alt=\"Ideen f\u00fcr ein Paar-Fotoshooting mit Schallplatten als Requisiten f\u00fcr Verlobungsfotos auf der Wohnungscouch\" class=\"wp-image-5468\" srcset=\"https:\/\/kissinparis.com\/wp-content\/uploads\/2023\/03\/Fun-couple-photoshoot-ideas-you-can-try-now.jpg 1000w, https:\/\/kissinparis.com\/wp-content\/uploads\/2023\/03\/Fun-couple-photoshoot-ideas-you-can-try-now-300x200.jpg 300w, https:\/\/kissinparis.com\/wp-content\/uploads\/2023\/03\/Fun-couple-photoshoot-ideas-you-can-try-now-768x512.jpg 768w\" sizes=\"auto, (max-width: 1000px) 100vw, 1000px\" \/><figcaption class=\"wp-element-caption\">Ideen f\u00fcr ein Paar-Fotoshooting m\u00fcssen nicht aufwendig sein \u2013 manchmal verstecken sich die besten Requisiten einfach zu Hause! Dieses verspielte Verlobungsfoto verwendet \u00fcbergro\u00dfe Schallplatten ihrer Lieblingsmusiker, um eine lustige, pers\u00f6nliche Aufnahme zu schaffen, die ihre einzigartige Liebesgeschichte erz\u00e4hlt.<\/figcaption><\/figure>\n\n\n\n<h2 class=\"wp-block-heading\">Der Champagner-Pop f\u00fcr dramatisches Flair<\/h2>\n\n\n\n<p>Es gibt nichts Sch\u00f6neres als die prickelnde Atmosph\u00e4re einer Feier, die mitten in der Luft eingefroren ist. <a href=\"https:\/\/kissinparis.com\/de\/wie-man-champagner-oeffnet\/\">Planen Sie Ihren Champagner-Pop<\/a> f\u00fcr den Anfang Ihres Shootings, um die Spannung zu nehmen und mit etwas Lustigem zu beginnen, oder heben Sie es sich f\u00fcr den Schluss auf, damit Sie den Sekt genie\u00dfen und in einen romantischen gemeinsamen Abend \u00fcbergehen k\u00f6nnen.<\/p>\n\n\n\n<p><strong>Technik, die funktioniert:<\/strong> Halten Sie die Flasche gut gek\u00fchlt und von Ihrer Partnerin fern (vor allem, wenn der Korken knallt, aber auch, um Spritzer auf ihrem Outfit zu vermeiden). Sch\u00fctteln Sie die Flasche in kreisenden Bewegungen, um einen fotogenen Spr\u00fchnebel zu erzeugen. Achten Sie beim Einfangen des Lichts auf die Position Ihres Fotografen, da Wiederholungen teuer und zeitaufw\u00e4ndig sein k\u00f6nnen.<\/p>\n\n\n\n<p>Der Spr\u00fchnebel l\u00e4sst sich w\u00e4hrend der goldenen oder blauen Stunde wunderbar fotografieren, vermeiden Sie jedoch helles Tageslicht, da der Spr\u00fchnebel dann auf Fotos fast unsichtbar wird.<\/p>\n\n\n\n<figure class=\"wp-block-image alignwide size-full\"><img loading=\"lazy\" decoding=\"async\" width=\"1800\" height=\"1201\" src=\"https:\/\/kissinparis.com\/wp-content\/uploads\/2023\/03\/Fun-Paris-photo-shoot-ideas-epic-Champagne-pop-in-front-of-Moulin-Rouge.jpg\" alt=\"Ideen f\u00fcr ein Paar-Fotoshooting: Champagner-Pop-Verlobungsfotos im Moulin Rouge Paris bei Nacht\" class=\"wp-image-7706\" srcset=\"https:\/\/kissinparis.com\/wp-content\/uploads\/2023\/03\/Fun-Paris-photo-shoot-ideas-epic-Champagne-pop-in-front-of-Moulin-Rouge.jpg 1800w, https:\/\/kissinparis.com\/wp-content\/uploads\/2023\/03\/Fun-Paris-photo-shoot-ideas-epic-Champagne-pop-in-front-of-Moulin-Rouge-300x200.jpg 300w, https:\/\/kissinparis.com\/wp-content\/uploads\/2023\/03\/Fun-Paris-photo-shoot-ideas-epic-Champagne-pop-in-front-of-Moulin-Rouge-1024x683.jpg 1024w, https:\/\/kissinparis.com\/wp-content\/uploads\/2023\/03\/Fun-Paris-photo-shoot-ideas-epic-Champagne-pop-in-front-of-Moulin-Rouge-768x512.jpg 768w, https:\/\/kissinparis.com\/wp-content\/uploads\/2023\/03\/Fun-Paris-photo-shoot-ideas-epic-Champagne-pop-in-front-of-Moulin-Rouge-1536x1025.jpg 1536w, https:\/\/kissinparis.com\/wp-content\/uploads\/2023\/03\/Fun-Paris-photo-shoot-ideas-epic-Champagne-pop-in-front-of-Moulin-Rouge-1200x801.jpg 1200w\" sizes=\"auto, (max-width: 1800px) 100vw, 1800px\" \/><figcaption class=\"wp-element-caption\">Ideen f\u00fcr Paar-Fotoshootings werden mit Champagner zum Leben erweckt! Dieses dramatische Verlobungsfoto im legend\u00e4ren Pariser Moulin Rouge zeigt, wie mit dem richtigen Timing und der richtigen Technik unvergessliche Bilder voller purer Feierlichkeit und Freude entstehen.<\/figcaption><\/figure>\n\n\n\n<h2 class=\"wp-block-heading\">Ein stilvolles Picknick, um gem\u00fctliche Romantik einzufangen<\/h2>\n\n\n\n<p>Machen Sie Ihr Picknick zu einem lebendigen Stillleben: eine weiche Decke oder ein niedriger Tisch mit Leinen, Pl\u00fcschkissen und einem kleinen Blumenstrau\u00df f\u00fcr Farbe. Legen Sie handwerklich hergestellte H\u00e4ppchen \u2013 zum Beispiel Macarons, Wurstwaren, frische Beeren und eine k\u00f6stliche K\u00e4seplatte \u2013 in Vintage-Kisten oder Holztabletts an.<\/p>\n\n\n\n<p>Machen Sie dieses Setup zum Mittelpunkt Ihres Paar-Fotoshootings, idealerweise gegen Ende des Shootings. So k\u00f6nnen Sie ganz nat\u00fcrlich von gestellten Portr\u00e4ts zum entspannten Faulenzen und Genie\u00dfen Ihrer Auslage \u00fcbergehen. Vergessen Sie nicht, sich f\u00fcr K\u00fcsse zu beugen, die sich wie pure Poesie anf\u00fchlen, und genie\u00dfen Sie diesen fantastischen Tag zusammen, w\u00e4hrend andere wahrscheinlich bei der Arbeit sind.<\/p>\n\n\n\n<p><strong>Profi-Planungstipp:<\/strong> Wir organisieren atemberaubende <a href=\"https:\/\/kissinparis.com\/de\/heiratsantrag-paris\/picknick\/\">personalisierte Picknick-Setups<\/a>, oder Sie k\u00f6nnen Ihr eigenes mit durchdachten Details erstellen, die sich wunderbar fotografieren lassen.<\/p>\n\n\n\n<figure class=\"wp-block-image alignwide size-large\"><img loading=\"lazy\" decoding=\"async\" width=\"1024\" height=\"683\" src=\"https:\/\/kissinparis.com\/wp-content\/uploads\/2025\/04\/paris-picnic-proposal-package-cherry-blossom-parc-sceaux-99-1024x683.webp\" alt=\"Ideen f\u00fcr ein Paar-Fotoshooting, stilvolles Picknick-Setup, Parc de Sceaux, Paris, Kirschbl\u00fcten-Verlobungsfotos\" class=\"wp-image-18302\" srcset=\"https:\/\/kissinparis.com\/wp-content\/uploads\/2025\/04\/paris-picnic-proposal-package-cherry-blossom-parc-sceaux-99-1024x683.webp 1024w, https:\/\/kissinparis.com\/wp-content\/uploads\/2025\/04\/paris-picnic-proposal-package-cherry-blossom-parc-sceaux-99-300x200.webp 300w, https:\/\/kissinparis.com\/wp-content\/uploads\/2025\/04\/paris-picnic-proposal-package-cherry-blossom-parc-sceaux-99-768x512.webp 768w, https:\/\/kissinparis.com\/wp-content\/uploads\/2025\/04\/paris-picnic-proposal-package-cherry-blossom-parc-sceaux-99-1536x1025.webp 1536w, https:\/\/kissinparis.com\/wp-content\/uploads\/2025\/04\/paris-picnic-proposal-package-cherry-blossom-parc-sceaux-99-1200x801.webp 1200w, https:\/\/kissinparis.com\/wp-content\/uploads\/2025\/04\/paris-picnic-proposal-package-cherry-blossom-parc-sceaux-99.webp 1800w\" sizes=\"auto, (max-width: 1024px) 100vw, 1024px\" \/><figcaption class=\"wp-element-caption\">Mit stilvollen Picknick-Arrangements erreichen Verlobungs-Fotoshootings neue H\u00f6hen! Dieses luxuri\u00f6se Pariser Picknick im Parc de Sceaux w\u00e4hrend der Kirschbl\u00fctenzeit zeigt, wie durchdachte Details \u2013 rosa Blumen, elegantes Geschirr und franz\u00f6sische K\u00f6stlichkeiten \u2013 k\u00f6stliche Verlobungsfotos mit romantischer Note schaffen.<\/figcaption><\/figure>\n\n\n\n<h2 class=\"wp-block-heading\">Vor Ihrem Fotoshooting: Wichtige Vorbereitungsschritte<\/h2>\n\n\n\n<p><strong>Seien Sie genauso aufgeregt.<\/strong> Beide Partner sollten von dem Erlebnis begeistert sein \u2013 auf den Fotos sieht man, wenn einer mehr investiert als der andere.<\/p>\n\n\n\n<p><strong>Planen Sie fotow\u00fcrdige Outfits.<\/strong> W\u00e4hlen Sie Looks, die sich gegenseitig erg\u00e4nzen und <a href=\"https:\/\/kissinparis.com\/de\/romantischste-orte-paris\/\">Ihr Standort<\/a> ohne \u00fcberm\u00e4\u00dfig gleich auszusehen. Ziehen Sie sich in Schichten an, wenn Sie mit Wetter\u00e4nderungen rechnen.<\/p>\n\n\n\n<p><strong>Kommunizieren Sie mit Ihrem Fotografen.<\/strong> Teilen Sie Ihre Vision mit, besprechen Sie bevorzugte Posen und \u00e4u\u00dfern Sie alle Bedenken, um die Erwartungen zu steuern. Professionelle Fotografen lieben vorbereitete Paare, da dies ihre Arbeit erleichtert und zeigt, wie ernst es Ihnen mit tollen Ergebnissen ist.<\/p>\n\n\n\n<p><strong>Erstellen Sie Inspirationstafeln.<\/strong> Teilen Sie Ihrem Fotografen Beispielfotos (\u00fcber WhatsApp oder Pinterest) mit, um Ihre Stilvorlieben und den gew\u00fcnschten Look zu kommunizieren. F\u00fcgen Sie ein Foto von sich selbst bei, das Ihnen gef\u00e4llt, damit Ihr Fotograf sofort versteht, welche Perspektiven Ihnen am besten gefallen.<\/p>\n\n\n\n<p><strong>\u00dcben Sie zu Hause.<\/strong> Probieren Sie verschiedene Posen, Hebungen, Senkungen und K\u00fcsse im Hollywood-Stil aus, bevor der Tag Ihres Shootings kommt.<\/p>\n\n\n\n<h2 class=\"wp-block-heading\">Tipps f\u00fcr den Tag des Erfolgs<\/h2>\n\n\n\n<ul class=\"wp-block-list\">\n<li><strong>P\u00fcnktlich ankommen<\/strong> und ausgeruht f\u00fcr die beste Energie<\/li>\n\n\n\n<li><strong>Vertrauen Sie Ihrem Fotografen<\/strong>\u2013 sie wollen genauso tolle Ergebnisse wie Sie<\/li>\n\n\n\n<li><strong>Bleiben Sie flexibel<\/strong> wenn Wetter oder Zeitplanung Anpassungen erfordern<\/li>\n\n\n\n<li><strong>Konzentrieren Sie sich aufeinander<\/strong>, nicht die Kamera<\/li>\n<\/ul>\n\n\n\n<p>Bei Aufnahmen an atemberaubenden Orten wie Paris oder <a href=\"https:\/\/kissinparis.com\/de\/lavendelfeld-fotoshooting\/\">Lavendelfelder der Provence<\/a>, buchen Sie eine Unterkunft in der N\u00e4he, um den Reisestress zu minimieren und die Fotom\u00f6glichkeiten zu maximieren.<\/p>\n\n\n\n<p>Denken Sie daran: Die Vorbereitung macht den Unterschied zwischen guten und unglaublichen Fotos.<\/p>\n\n\n\n<p><em>Sind Sie bereit, das Fotoshooting Ihres Traumpaares zu planen? Unser Pariser Fotografenteam ist auf die Gestaltung unvergesslicher Erlebnisse spezialisiert.<\/em><\/p>\n<\/div><\/div>\n\n\n\n<div class=\"wp-block-group alignfull mt-0 mb-0 sec sec-services has-subtle-background-background-color has-background\"><div class=\"wp-block-group__inner-container is-layout-constrained wp-block-group-is-layout-constrained\">\n<h2 class=\"wp-block-heading title-v2\">Was kommt als n\u00e4chstes<\/h2>\n\n\n\n<div class=\"wp-block-columns boxes plans is-layout-flex wp-container-core-columns-is-layout-9d6595d7 wp-block-columns-is-layout-flex\">\n<div class=\"wp-block-column is-layout-flow wp-block-column-is-layout-flow\">\n<figure class=\"wp-block-image size-full\"><a href=\"https:\/\/kissinparis.com\/de\/restaurants-eiffelturm-blick\/\" aria-label=\"Lesen Sie mehr \u00fcber Pariser P\u00e4rchenpaket beste Restaurants mit Blick auf den Eiffelturm\"><img loading=\"lazy\" decoding=\"async\" width=\"300\" height=\"400\" src=\"https:\/\/kissinparis.com\/wp-content\/uploads\/2023\/03\/Paris-couple-package-best-restaurants-with-Eiffel-Tower-view.jpg\" alt=\"Pariser Paar-Paket beste Restaurants mit Blick auf den Eiffelturm\" class=\"wp-image-1027\" srcset=\"https:\/\/kissinparis.com\/wp-content\/uploads\/2023\/03\/Paris-couple-package-best-restaurants-with-Eiffel-Tower-view.jpg 300w, https:\/\/kissinparis.com\/wp-content\/uploads\/2023\/03\/Paris-couple-package-best-restaurants-with-Eiffel-Tower-view-225x300.jpg 225w\" sizes=\"auto, (max-width: 300px) 100vw, 300px\" \/><\/a><\/figure>\n\n\n\n<div class=\"wp-block-group mt-0 mb-0 content\"><div class=\"wp-block-group__inner-container is-layout-constrained wp-block-group-is-layout-constrained\">\n<h3 class=\"wp-block-heading\"><a href=\"https:\/\/kissinparis.com\/de\/restaurants-eiffelturm-blick\/\">Restaurants in Paris<\/a><\/h3>\n\n\n\n<p class=\"sec-header\"><a href=\"https:\/\/kissinparis.com\/de\/restaurants-eiffelturm-blick\/\">Die besten Restaurants mit Blick auf den Eiffelturm<\/a><\/p>\n<\/div><\/div>\n<\/div>\n\n\n\n<div class=\"wp-block-column is-layout-flow wp-block-column-is-layout-flow\">\n<figure class=\"wp-block-image size-full\"><a href=\"https:\/\/kissinparis.com\/de\/paarfotografie-paris-nacht\/\" aria-label=\"Lesen Sie mehr \u00fcber \u201eNachtfotos in Paris sind romantischer\u201c\"><img loading=\"lazy\" decoding=\"async\" width=\"300\" height=\"400\" src=\"https:\/\/kissinparis.com\/wp-content\/uploads\/2023\/03\/Nighttime-photos-in-Paris-are-more-romantic.jpg\" alt=\"Nachtfotos in Paris sind romantischer\" class=\"wp-image-1028\" srcset=\"https:\/\/kissinparis.com\/wp-content\/uploads\/2023\/03\/Nighttime-photos-in-Paris-are-more-romantic.jpg 300w, https:\/\/kissinparis.com\/wp-content\/uploads\/2023\/03\/Nighttime-photos-in-Paris-are-more-romantic-225x300.jpg 225w\" sizes=\"auto, (max-width: 300px) 100vw, 300px\" \/><\/a><\/figure>\n\n\n\n<div class=\"wp-block-group mt-0 mb-0 content\"><div class=\"wp-block-group__inner-container is-layout-constrained wp-block-group-is-layout-constrained\">\n<h3 class=\"wp-block-heading\"><a href=\"https:\/\/kissinparis.com\/de\/paarfotografie-paris-nacht\/\">N\u00e4chtliche Paarfotos<\/a><\/h3>\n\n\n\n<p class=\"sec-header\"><a href=\"https:\/\/kissinparis.com\/de\/paarfotografie-paris-nacht\/\">Buchen Sie einen Verlobungsfotografen in Paris<\/a><\/p>\n<\/div><\/div>\n<\/div>\n\n\n\n<div class=\"wp-block-column is-layout-flow wp-block-column-is-layout-flow\">\n<figure class=\"wp-block-image size-full\"><a href=\"https:\/\/kissinparis.com\/de\/paarfotos-eiffelturm\/\" aria-label=\"Lesen Sie mehr \u00fcber Bildideen f\u00fcr Paare auf dem Eiffelturm\"><img loading=\"lazy\" decoding=\"async\" width=\"300\" height=\"400\" src=\"https:\/\/kissinparis.com\/wp-content\/uploads\/2023\/03\/Eiffel-Tower-couple-picture-ideas.jpg\" alt=\"Bildideen f\u00fcr Paare auf dem Eiffelturm\" class=\"wp-image-1030\" srcset=\"https:\/\/kissinparis.com\/wp-content\/uploads\/2023\/03\/Eiffel-Tower-couple-picture-ideas.jpg 300w, https:\/\/kissinparis.com\/wp-content\/uploads\/2023\/03\/Eiffel-Tower-couple-picture-ideas-225x300.jpg 225w\" sizes=\"auto, (max-width: 300px) 100vw, 300px\" \/><\/a><\/figure>\n\n\n\n<div class=\"wp-block-group mt-0 mb-0 content\"><div class=\"wp-block-group__inner-container is-layout-constrained wp-block-group-is-layout-constrained\">\n<h3 class=\"wp-block-heading\"><a href=\"https:\/\/kissinparis.com\/de\/paarfotos-eiffelturm\/\">Eiffelturm-Paarfotos<\/a><\/h3>\n\n\n\n<p class=\"sec-header\"><a href=\"https:\/\/kissinparis.com\/de\/paarfotos-eiffelturm\/\">Wenn der Eiffelturm ein Muss ist<\/a><\/p>\n<\/div><\/div>\n<\/div>\n\n\n\n<div class=\"wp-block-column is-layout-flow wp-block-column-is-layout-flow\">\n<figure class=\"wp-block-image size-full\"><a href=\"https:\/\/kissinparis.com\/de\/fotoshooting-paris\/\" aria-label=\"Lesen Sie mehr dar\u00fcber, wie Sie als Paar f\u00fcr umwerfende Verlobungsfotos in Paris posieren\"><img loading=\"lazy\" decoding=\"async\" width=\"300\" height=\"400\" src=\"https:\/\/kissinparis.com\/wp-content\/uploads\/2023\/03\/How-to-pose-as-a-couple-for-dazzling-Paris-Engagement-photos.jpg\" alt=\"So posieren Sie als Paar f\u00fcr umwerfende Verlobungsfotos in Paris\" class=\"wp-image-1032\" srcset=\"https:\/\/kissinparis.com\/wp-content\/uploads\/2023\/03\/How-to-pose-as-a-couple-for-dazzling-Paris-Engagement-photos.jpg 300w, https:\/\/kissinparis.com\/wp-content\/uploads\/2023\/03\/How-to-pose-as-a-couple-for-dazzling-Paris-Engagement-photos-225x300.jpg 225w\" sizes=\"auto, (max-width: 300px) 100vw, 300px\" \/><\/a><\/figure>\n\n\n\n<div class=\"wp-block-group mt-0 mb-0 content\"><div class=\"wp-block-group__inner-container is-layout-constrained wp-block-group-is-layout-constrained\">\n<h3 class=\"wp-block-heading\"><a href=\"https:\/\/kissinparis.com\/de\/fotoshooting-paris\/\">So gelingt Ihnen das perfekte Paar-Shooting<\/a><\/h3>\n\n\n\n<p class=\"sec-header\"><a href=\"https:\/\/kissinparis.com\/de\/posen-paarfotoshooting\/\">Auff\u00e4llige Posen, passende Kleidung, Pendeln und mehr<\/a><\/p>\n<\/div><\/div>\n<\/div>\n<\/div>\n<\/div><\/div>","protected":false},"excerpt":{"rendered":"<p>3 Amazing Couple Photoshoot Ideas to Try on Your Own Shoot Professional couple photos represent a significant investment of time and money\u2014but more importantly, they&#8217;re a rare opportunity for two people deeply in love to step away from everyday life and focus entirely on their relationship. These three standout ideas are sure to bring spontaneity, [&hellip;]<\/p>\n","protected":false},"author":35,"featured_media":0,"parent":0,"menu_order":0,"comment_status":"closed","ping_status":"closed","template":"","meta":{"_acf_changed":false,"ub_ctt_via":"","footnotes":""},"class_list":["post-5323","page","type-page","status-publish","hentry"],"acf":[],"featured_image_src":null,"_links":{"self":[{"href":"https:\/\/kissinparis.com\/de\/wp-json\/wp\/v2\/pages\/5323","targetHints":{"allow":["GET"]}}],"collection":[{"href":"https:\/\/kissinparis.com\/de\/wp-json\/wp\/v2\/pages"}],"about":[{"href":"https:\/\/kissinparis.com\/de\/wp-json\/wp\/v2\/types\/page"}],"author":[{"embeddable":true,"href":"https:\/\/kissinparis.com\/de\/wp-json\/wp\/v2\/users\/35"}],"replies":[{"embeddable":true,"href":"https:\/\/kissinparis.com\/de\/wp-json\/wp\/v2\/comments?post=5323"}],"version-history":[{"count":16,"href":"https:\/\/kissinparis.com\/de\/wp-json\/wp\/v2\/pages\/5323\/revisions"}],"predecessor-version":[{"id":26143,"href":"https:\/\/kissinparis.com\/de\/wp-json\/wp\/v2\/pages\/5323\/revisions\/26143"}],"wp:attachment":[{"href":"https:\/\/kissinparis.com\/de\/wp-json\/wp\/v2\/media?parent=5323"}],"curies":[{"name":"wp","href":"https:\/\/api.w.org\/{rel}","templated":true}]}}