{"id":5473,"date":"2023-03-10T16:32:06","date_gmt":"2023-03-10T16:32:06","guid":{"rendered":"https:\/\/kissinparis.com\/?page_id=5473"},"modified":"2025-05-28T08:21:29","modified_gmt":"2025-05-28T08:21:29","slug":"wie-man-champagner-oeffnet","status":"publish","type":"page","link":"https:\/\/kissinparis.com\/de\/how-champagne-pop\/","title":{"rendered":"So meistern Sie das Champagner-Knallen und erhalten epische Fotos"},"content":{"rendered":"<div class=\"wp-block-group alignfull sec heror-section mt-0 mb-0 has-scroll-down has-background-color has-primary-background-color has-text-color has-background has-link-color wp-elements-e7d1437c353a92f30d799d3e3b05c373\"><div class=\"wp-block-group__inner-container is-layout-constrained wp-block-group-is-layout-constrained\">\n<h1 class=\"wp-block-heading alignwide has-text-align-left full has-background-color has-text-color has-link-color wp-elements-cf21d486a8da28f7f28649478f6cfdb5\">So meistern Sie das Champagner-Knallen und erhalten epische Fotos<\/h1>\n<\/div><\/div>\n\n\n\n<div class=\"wp-block-cover alignfull mt-0 mb-0 banner banner-resources\"><img loading=\"lazy\" decoding=\"async\" width=\"1400\" height=\"934\" class=\"wp-block-cover__image-background wp-image-5475\" alt=\"Epischer Champagner-Pop im Moulin Rouge in Paris\" src=\"https:\/\/kissinparis.com\/wp-content\/uploads\/2023\/03\/How-to-do-an-epic-Champagne-Pop-for-amazing-photos.jpg\" data-object-fit=\"cover\" srcset=\"https:\/\/kissinparis.com\/wp-content\/uploads\/2023\/03\/How-to-do-an-epic-Champagne-Pop-for-amazing-photos.jpg 1400w, https:\/\/kissinparis.com\/wp-content\/uploads\/2023\/03\/How-to-do-an-epic-Champagne-Pop-for-amazing-photos-300x200.jpg 300w, https:\/\/kissinparis.com\/wp-content\/uploads\/2023\/03\/How-to-do-an-epic-Champagne-Pop-for-amazing-photos-1024x683.jpg 1024w, https:\/\/kissinparis.com\/wp-content\/uploads\/2023\/03\/How-to-do-an-epic-Champagne-Pop-for-amazing-photos-768x512.jpg 768w, https:\/\/kissinparis.com\/wp-content\/uploads\/2023\/03\/How-to-do-an-epic-Champagne-Pop-for-amazing-photos-1200x801.jpg 1200w\" sizes=\"auto, (max-width: 1400px) 100vw, 1400px\" \/><span aria-hidden=\"true\" class=\"wp-block-cover__background has-primary-background-color has-background-dim-0 has-background-dim\"><\/span><div class=\"wp-block-cover__inner-container is-layout-flow wp-block-cover-is-layout-flow\">\n<div class=\"banner-video\">\n<img decoding=\"async\" src=\"https:\/\/kissinparis.com\/wp-content\/uploads\/2023\/02\/placeholder_16x9.png\" alt=\"Bereich Held\">\n<\/div>\n<\/div><\/div>\n\n\n\n<div class=\"wp-block-group alignfull mt-0 mb-0 sec sec-content has-white-background-color has-background\" id=\"sec-0\"><div class=\"wp-block-group__inner-container is-layout-constrained wp-block-group-is-layout-constrained\">\n<h2 class=\"wp-block-heading\">So knallt die Champagnerflasche wie ein Rockstar (und Sie bekommen dabei atemberaubende Fotos).<\/h2>\n\n\n<p><div class=\"sc-box notes\"><div class=\"sc-title\">\n<svg viewbox=\"0 0 512 512\" class=\"icon icon-note\" xmlns=\"http:\/\/www.w3.org\/2000\/svg\"><g id=\"Outline\"><path d=\"m448 480h-16v-232h-16v232h-56v16h96a8 8 0 0 0 8-8v-272h-16z\"\/><path d=\"m400 424v-144h-16v136h-56a8 8 0 0 0 -8 8v56h-264v-40h24v-16h-24v-56h24v-16h-24v-56h24v-16h-24v-56h24v-16h-24v-56h24v-16h-24v-40h-16v40h-24v16h24v56h-24v16h24v56h-24v16h24v56h-24v16h24v56h-24v16h24v48a8 8 0 0 0 8 8h280a8 8 0 0 0 5.657-2.343l64-64a8 8 0 0 0 2.343-5.657zm-27.314 8-36.686 36.686v-36.686z\"\/><path d=\"m80 64h-24v-32h328v64h16v-64h16v48h16v-48h16v48h16v-56a8 8 0 0 0 -8-8h-408a8 8 0 0 0 -8 8v40h-24v16h64z\"\/><path d=\"m184 96h160v16h-160z\"\/><path d=\"m184 160h144v16h-144z\"\/><path d=\"m184 224h112v16h-112z\"\/><path d=\"m136 272a24 24 0 1 0 24 24 24.027 24.027 0 0 0 -24-24zm0 32a8 8 0 1 1 8-8 8.009 8.009 0 0 1 -8 8z\"\/><path d=\"m184 288h72v16h-72z\"\/><path d=\"m136 336a24 24 0 1 0 24 24 24.027 24.027 0 0 0 -24-24zm0 32a8 8 0 1 1 8-8 8.009 8.009 0 0 1 -8 8z\"\/><path d=\"m184 352h160v16h-160z\"\/><path d=\"m136 400a24 24 0 1 0 24 24 24.027 24.027 0 0 0 -24-24zm0 32a8 8 0 1 1 8-8 8.009 8.009 0 0 1 -8 8z\"\/><path d=\"m184 416h120v16h-120z\"\/><path d=\"m162.343 66.343-16 16a24.008 24.008 0 1 0 11.314 11.314l16-16zm-34.343 37.657a7.971 7.971 0 0 1 2.346-5.654l11.308 11.308a8 8 0 0 1 -13.654-5.654z\"\/><path d=\"m162.343 130.343-16 16a24.008 24.008 0 1 0 11.314 11.314l16-16zm-34.343 37.657a7.971 7.971 0 0 1 2.346-5.654l11.308 11.308a8 8 0 0 1 -13.654-5.654z\"\/><path d=\"m162.343 194.343-16 16a24.008 24.008 0 1 0 11.314 11.314l16-16zm-34.343 37.657a7.971 7.971 0 0 1 2.346-5.654l11.308 11.308a8 8 0 0 1 -13.654-5.654z\"\/><path d=\"m465.373 104a30.43 30.43 0 0 0 -21.657 8.97l-3.716 3.716-7.03-7.03a24 24 0 0 0 -33.94 0l-52.687 52.687 11.314 11.314 52.686-52.686a8.01 8.01 0 0 1 11.314 0l7.029 7.029-154.343 154.343a7.966 7.966 0 0 0 -2.187 4.088v.027.025l-7.99 39.948a8 8 0 0 0 9.414 9.414l40-8a8.006 8.006 0 0 0 4.088-2.188l169.361-169.373a30.627 30.627 0 0 0 -21.656-52.284zm-25.373 35.314 20.686 20.686-48.686 48.686-20.686-20.686zm-155.087 164.913 10.86 10.86-13.573 2.713zm27.087 4.46-20.687-20.687 88.687-88.686 20.686 20.686zm163.716-163.717-3.716 3.716-20.686-20.686 3.715-3.716a14.628 14.628 0 0 1 20.687 20.686z\"\/><\/g><\/svg><span class=\"sc-label\">Notiz<\/span><\/div><span class=\"sc-content\">Wenn Sie den Champagner-Pop als Teil einer bevorstehenden Fotosession in Betracht ziehen, dann k\u00f6nnten Ihnen auch diese gefallen <a href=\"https:\/\/kissinparis.com\/de\/ideen-paarfotoshooting\/\">drei unglaublich lustige Ideen f\u00fcr Fotoshootings<\/a><span data-preserver-spaces=\"true\">.<\/span><\/div><\/span><\/p>\n\n\n\n<p><strong>Der Champagner-Pop:<\/strong>&nbsp;Mit einem gut gek\u00fchlten, prickelnden Champagner anzusto\u00dfen, ist immer eine gute Idee.<\/p>\n\n\n\n<p>Die Chancen stehen gut, dass Ihr Paar <a href=\"https:\/\/kissinparis.com\/de\/fotoshooting-paris\/\">Foto-Shooting<\/a> markiert einen freudigen Anlass \u2026 und spritziger, heller Wein wird seit jeher mit Feierlichkeiten in Verbindung gebracht.<\/p>\n\n\n\n<p>Aber was Sie vielleicht nicht wissen, ist, dass der Akt selbst, das Platzen und Spr\u00fchen einer <a href=\"https:\/\/kissinparis.com\/de\/heiratsantrag-paris\/champagner-macaron-antrag\/\">Sekt<\/a>, kann \u00fcberraschend viel Spa\u00df machen und zu wirklich atemberaubenden Fotos f\u00fchren.<\/p>\n\n\n\n<figure class=\"wp-block-image alignwide size-full\"><img loading=\"lazy\" decoding=\"async\" width=\"1000\" height=\"668\" src=\"https:\/\/kissinparis.com\/wp-content\/uploads\/2023\/03\/How-do-do-the-Champagne-pop-in-photos-2.jpg\" alt=\"Wie knallt der Champagner auf Fotos?\" class=\"wp-image-5476\" srcset=\"https:\/\/kissinparis.com\/wp-content\/uploads\/2023\/03\/How-do-do-the-Champagne-pop-in-photos-2.jpg 1000w, https:\/\/kissinparis.com\/wp-content\/uploads\/2023\/03\/How-do-do-the-Champagne-pop-in-photos-2-300x200.jpg 300w, https:\/\/kissinparis.com\/wp-content\/uploads\/2023\/03\/How-do-do-the-Champagne-pop-in-photos-2-768x513.jpg 768w\" sizes=\"auto, (max-width: 1000px) 100vw, 1000px\" \/><figcaption class=\"wp-element-caption\">Wie knallt der Champagner auf Fotos?<\/figcaption><\/figure>\n\n\n\n<p>Aber \u2026<\/p>\n\n\n\n<p>Es gibt eine gewisse Lernkurve, also hier ein paar <a href=\"https:\/\/kissinparis.com\/de\/heiratsantrag-paris\/tipps\/\">Tipps<\/a> um Ihnen zu helfen, die hohe und feine Kunst des Champagner-Pops zu meistern:<\/p>\n\n\n\n<ul class=\"wp-block-list\">\n<li>Sofern Sie nicht gerade im Lotto gewinnen, verwenden Sie keinen echten Champagner. Bedecken Sie das Etikett einfach mit Ihren H\u00e4nden, dann wird es niemand bemerken.<\/li>\n\n\n\n<li>Entfernen Sie die Folie, die den Korken bedeckt, aber lassen Sie den Drahtk\u00e4fig (Muselet) vorerst noch auf der Flasche<\/li>\n\n\n\n<li>Stellen Sie sicher, dass Ihr Fotograf und <a href=\"https:\/\/kissinparis.com\/de\/videograf-paris\/\">Videofilmer<\/a> sind bereit<\/li>\n\n\n\n<li>Nun entfernen Sie den Drahtk\u00e4fig, indem Sie die kleine Drahtschlaufe abwickeln<\/li>\n\n\n\n<li>Obwohl es m\u00f6glich ist, ein sogenanntes \u201eSoft-Pop\u201c zu machen (bei dem Sie den Korken vorsichtig aus der Flasche drehen und wackeln und ihn in der Hand halten), sind wir gro\u00dfe Fans davon, den Korken einfach fliegen zu lassen<\/li>\n\n\n\n<li>Legen Sie Ihren Daumen \u00fcber die Flaschen\u00f6ffnung, aber bedecken Sie sie nicht vollst\u00e4ndig<\/li>\n\n\n\n<li>Spr\u00fchen Sie den Champagner nicht direkt vor Ihnen aus, sonst sind Ihre Gesichter auf den Bildern nicht zu sehen.<\/li>\n\n\n\n<li>Und zum Schluss sch\u00fctteln Sie die Flasche kr\u00e4ftig auf und ab, idealerweise mit ein wenig Drehung. Viel Spa\u00df und h\u00f6ren Sie nicht auf zu sch\u00fctteln, bis der Spr\u00fchnebel aufh\u00f6rt<\/li>\n<\/ul>\n<\/div><\/div>\n\n\n\n<div class=\"wp-block-group alignfull mt-0 mb-0 sec sec-services has-subtle-background-background-color has-background\"><div class=\"wp-block-group__inner-container is-layout-constrained wp-block-group-is-layout-constrained\">\n<h2 class=\"wp-block-heading title-v2\">Was kommt als n\u00e4chstes<\/h2>\n\n\n\n<div class=\"wp-block-columns boxes plans is-layout-flex wp-container-core-columns-is-layout-9d6595d7 wp-block-columns-is-layout-flex\">\n<div class=\"wp-block-column is-layout-flow wp-block-column-is-layout-flow\">\n<figure class=\"wp-block-image size-full\"><a href=\"https:\/\/kissinparis.com\/de\/restaurants-eiffelturm-blick\/\" aria-label=\"Lesen Sie mehr \u00fcber Pariser P\u00e4rchenpaket beste Restaurants mit Blick auf den Eiffelturm\"><img loading=\"lazy\" decoding=\"async\" width=\"300\" height=\"400\" src=\"https:\/\/kissinparis.com\/wp-content\/uploads\/2023\/03\/Paris-couple-package-best-restaurants-with-Eiffel-Tower-view.jpg\" alt=\"Pariser Paar-Paket beste Restaurants mit Blick auf den Eiffelturm\" class=\"wp-image-1027\" srcset=\"https:\/\/kissinparis.com\/wp-content\/uploads\/2023\/03\/Paris-couple-package-best-restaurants-with-Eiffel-Tower-view.jpg 300w, https:\/\/kissinparis.com\/wp-content\/uploads\/2023\/03\/Paris-couple-package-best-restaurants-with-Eiffel-Tower-view-225x300.jpg 225w\" sizes=\"auto, (max-width: 300px) 100vw, 300px\" \/><\/a><\/figure>\n\n\n\n<div class=\"wp-block-group mt-0 mb-0 content\"><div class=\"wp-block-group__inner-container is-layout-constrained wp-block-group-is-layout-constrained\">\n<h3 class=\"wp-block-heading\"><a href=\"https:\/\/kissinparis.com\/de\/restaurants-eiffelturm-blick\/\">Restaurants in Paris<\/a><\/h3>\n\n\n\n<p class=\"sec-header\"><a href=\"https:\/\/kissinparis.com\/de\/restaurants-eiffelturm-blick\/\">Die besten Restaurants mit Blick auf den Eiffelturm<\/a><\/p>\n<\/div><\/div>\n<\/div>\n\n\n\n<div class=\"wp-block-column is-layout-flow wp-block-column-is-layout-flow\">\n<figure class=\"wp-block-image size-full\"><a href=\"https:\/\/kissinparis.com\/de\/paarfotografie-paris-nacht\/\" aria-label=\"Lesen Sie mehr \u00fcber \u201eNachtfotos in Paris sind romantischer\u201c\"><img loading=\"lazy\" decoding=\"async\" width=\"300\" height=\"400\" src=\"https:\/\/kissinparis.com\/wp-content\/uploads\/2023\/03\/Nighttime-photos-in-Paris-are-more-romantic.jpg\" alt=\"Nachtfotos in Paris sind romantischer\" class=\"wp-image-1028\" srcset=\"https:\/\/kissinparis.com\/wp-content\/uploads\/2023\/03\/Nighttime-photos-in-Paris-are-more-romantic.jpg 300w, https:\/\/kissinparis.com\/wp-content\/uploads\/2023\/03\/Nighttime-photos-in-Paris-are-more-romantic-225x300.jpg 225w\" sizes=\"auto, (max-width: 300px) 100vw, 300px\" \/><\/a><\/figure>\n\n\n\n<div class=\"wp-block-group mt-0 mb-0 content\"><div class=\"wp-block-group__inner-container is-layout-constrained wp-block-group-is-layout-constrained\">\n<h3 class=\"wp-block-heading\"><a href=\"https:\/\/kissinparis.com\/de\/paarfotografie-paris-nacht\/\">N\u00e4chtliche Paarfotos<\/a><\/h3>\n\n\n\n<p class=\"sec-header\"><a href=\"https:\/\/kissinparis.com\/de\/paarfotografie-paris-nacht\/\">Buchen Sie einen Verlobungsfotografen in Paris<\/a><\/p>\n<\/div><\/div>\n<\/div>\n\n\n\n<div class=\"wp-block-column is-layout-flow wp-block-column-is-layout-flow\">\n<figure class=\"wp-block-image size-full\"><a href=\"https:\/\/kissinparis.com\/de\/paarfotos-eiffelturm\/\" aria-label=\"Lesen Sie mehr \u00fcber Bildideen f\u00fcr Paare auf dem Eiffelturm\"><img loading=\"lazy\" decoding=\"async\" width=\"300\" height=\"400\" src=\"https:\/\/kissinparis.com\/wp-content\/uploads\/2023\/03\/Eiffel-Tower-couple-picture-ideas.jpg\" alt=\"Bildideen f\u00fcr Paare auf dem Eiffelturm\" class=\"wp-image-1030\" srcset=\"https:\/\/kissinparis.com\/wp-content\/uploads\/2023\/03\/Eiffel-Tower-couple-picture-ideas.jpg 300w, https:\/\/kissinparis.com\/wp-content\/uploads\/2023\/03\/Eiffel-Tower-couple-picture-ideas-225x300.jpg 225w\" sizes=\"auto, (max-width: 300px) 100vw, 300px\" \/><\/a><\/figure>\n\n\n\n<div class=\"wp-block-group mt-0 mb-0 content\"><div class=\"wp-block-group__inner-container is-layout-constrained wp-block-group-is-layout-constrained\">\n<h3 class=\"wp-block-heading\"><a href=\"https:\/\/kissinparis.com\/de\/paarfotos-eiffelturm\/\">Eiffelturm-Paarfotos<\/a><\/h3>\n\n\n\n<p class=\"sec-header\"><a href=\"https:\/\/kissinparis.com\/de\/paarfotos-eiffelturm\/\">Wenn der Eiffelturm ein Muss ist<\/a><\/p>\n<\/div><\/div>\n<\/div>\n\n\n\n<div class=\"wp-block-column is-layout-flow wp-block-column-is-layout-flow\">\n<figure class=\"wp-block-image size-full\"><a href=\"https:\/\/kissinparis.com\/de\/posen-paarfotoshooting\/\" aria-label=\"Lesen Sie mehr dar\u00fcber, wie Sie als Paar f\u00fcr umwerfende Verlobungsfotos in Paris posieren\"><img loading=\"lazy\" decoding=\"async\" width=\"300\" height=\"400\" src=\"https:\/\/kissinparis.com\/wp-content\/uploads\/2023\/03\/How-to-pose-as-a-couple-for-dazzling-Paris-Engagement-photos.jpg\" alt=\"So posieren Sie als Paar f\u00fcr umwerfende Verlobungsfotos in Paris\" class=\"wp-image-1032\" srcset=\"https:\/\/kissinparis.com\/wp-content\/uploads\/2023\/03\/How-to-pose-as-a-couple-for-dazzling-Paris-Engagement-photos.jpg 300w, https:\/\/kissinparis.com\/wp-content\/uploads\/2023\/03\/How-to-pose-as-a-couple-for-dazzling-Paris-Engagement-photos-225x300.jpg 225w\" sizes=\"auto, (max-width: 300px) 100vw, 300px\" \/><\/a><\/figure>\n\n\n\n<div class=\"wp-block-group mt-0 mb-0 content\"><div class=\"wp-block-group__inner-container is-layout-constrained wp-block-group-is-layout-constrained\">\n<h3 class=\"wp-block-heading\"><a href=\"https:\/\/kissinparis.com\/de\/posen-paarfotoshooting\/\">So posieren Sie als Paar<\/a><\/h3>\n\n\n\n<p class=\"sec-header\"><a href=\"https:\/\/kissinparis.com\/de\/posen-paarfotoshooting\/\">Auff\u00e4llige Posen f\u00fcr Ihr Paris-Fotoshooting<\/a><\/p>\n<\/div><\/div>\n<\/div>\n<\/div>\n<\/div><\/div>","protected":false},"excerpt":{"rendered":"<p>How to Master the Champagne Pop and Get Epic Photos How to do a Champagne pop like a Rockstar (while getting mind-blowing photos). The Champagne Pop:&nbsp;Toasting with a properly chilled, bubbly Champagne is always a good idea. Chances are, your couple&#8217;s photoshoot marks a joyous occasion &#8230; and fizzy, light-colored wine has historically been associated [&hellip;]<\/p>\n","protected":false},"author":35,"featured_media":0,"parent":0,"menu_order":0,"comment_status":"closed","ping_status":"closed","template":"","meta":{"_acf_changed":false,"ub_ctt_via":"","footnotes":""},"class_list":["post-5473","page","type-page","status-publish","hentry"],"acf":[],"featured_image_src":null,"_links":{"self":[{"href":"https:\/\/kissinparis.com\/de\/wp-json\/wp\/v2\/pages\/5473","targetHints":{"allow":["GET"]}}],"collection":[{"href":"https:\/\/kissinparis.com\/de\/wp-json\/wp\/v2\/pages"}],"about":[{"href":"https:\/\/kissinparis.com\/de\/wp-json\/wp\/v2\/types\/page"}],"author":[{"embeddable":true,"href":"https:\/\/kissinparis.com\/de\/wp-json\/wp\/v2\/users\/35"}],"replies":[{"embeddable":true,"href":"https:\/\/kissinparis.com\/de\/wp-json\/wp\/v2\/comments?post=5473"}],"version-history":[{"count":3,"href":"https:\/\/kissinparis.com\/de\/wp-json\/wp\/v2\/pages\/5473\/revisions"}],"predecessor-version":[{"id":22896,"href":"https:\/\/kissinparis.com\/de\/wp-json\/wp\/v2\/pages\/5473\/revisions\/22896"}],"wp:attachment":[{"href":"https:\/\/kissinparis.com\/de\/wp-json\/wp\/v2\/media?parent=5473"}],"curies":[{"name":"wp","href":"https:\/\/api.w.org\/{rel}","templated":true}]}}