{"id":5479,"date":"2023-03-10T16:54:36","date_gmt":"2023-03-10T16:54:36","guid":{"rendered":"https:\/\/kissinparis.com\/?page_id=5479"},"modified":"2025-05-29T10:39:47","modified_gmt":"2025-05-29T10:39:47","slug":"tipps","status":"publish","type":"page","link":"https:\/\/kissinparis.com\/de\/paris-proposal\/tips\/","title":{"rendered":"6 Tipps f\u00fcr den Heiratsantrag in Paris: Der Leitfaden f\u00fcr echte Gentlemen zum Erfolg"},"content":{"rendered":"<div class=\"wp-block-group alignfull sec heror-section mt-0 mb-0 has-scroll-down has-background-color has-primary-background-color has-text-color has-background has-link-color wp-elements-e32fd57050ed15a68c56c011dc3cfea6\"><div class=\"wp-block-group__inner-container is-layout-constrained wp-block-group-is-layout-constrained\">\n<h1 class=\"wp-block-heading alignwide has-text-align-left full has-background-color has-text-color has-link-color wp-elements-43d9e5ea0db72db56f38e4db60c83311\">6 Tipps f\u00fcr den Heiratsantrag in Paris: Vom Gentleman f\u00fcr den Gentleman<\/h1>\n<\/div><\/div>\n\n\n\n<div class=\"wp-block-cover alignfull is-light mt-0 mb-0 banner banner-resources\"><img loading=\"lazy\" decoding=\"async\" width=\"1500\" height=\"1000\" class=\"wp-block-cover__image-background wp-image-5485\" alt=\"Bew\u00e4hrte Tipps f\u00fcr den Heiratsantrag in Paris \u2013 vom Gentleman f\u00fcr den Gentleman\" src=\"https:\/\/kissinparis.com\/wp-content\/uploads\/2023\/03\/Proven-Paris-proposal-tips-for-the-gentleman-by-the-gentleman.jpg\" data-object-fit=\"cover\" srcset=\"https:\/\/kissinparis.com\/wp-content\/uploads\/2023\/03\/Proven-Paris-proposal-tips-for-the-gentleman-by-the-gentleman.jpg 1500w, https:\/\/kissinparis.com\/wp-content\/uploads\/2023\/03\/Proven-Paris-proposal-tips-for-the-gentleman-by-the-gentleman-300x200.jpg 300w, https:\/\/kissinparis.com\/wp-content\/uploads\/2023\/03\/Proven-Paris-proposal-tips-for-the-gentleman-by-the-gentleman-1024x683.jpg 1024w, https:\/\/kissinparis.com\/wp-content\/uploads\/2023\/03\/Proven-Paris-proposal-tips-for-the-gentleman-by-the-gentleman-768x512.jpg 768w, https:\/\/kissinparis.com\/wp-content\/uploads\/2023\/03\/Proven-Paris-proposal-tips-for-the-gentleman-by-the-gentleman-1200x800.jpg 1200w\" sizes=\"auto, (max-width: 1500px) 100vw, 1500px\" \/><span aria-hidden=\"true\" class=\"wp-block-cover__background has-primary-background-color has-background-dim-0 has-background-dim\"><\/span><div class=\"wp-block-cover__inner-container is-layout-flow wp-block-cover-is-layout-flow\">\n<div class=\"banner-video\">\n<img decoding=\"async\" src=\"https:\/\/kissinparis.com\/wp-content\/uploads\/2023\/02\/placeholder_16x9.png\" alt=\"Bereich Held\">\n<\/div>\n<\/div><\/div>\n\n\n\n<div class=\"wp-block-group alignfull mt-0 mb-0 sec sec-content has-white-background-color has-background\" id=\"sec-0\"><div class=\"wp-block-group__inner-container is-layout-constrained wp-block-group-is-layout-constrained\">\n<p><em>Dieser Artikel stammt von Brett Krynak, einem frischgebackenen Br\u00e4utigam, der seinen Heiratsantrag in Paris mit Kiss Me in Paris plante. Dies sind seine wahren Erfahrungen und Erkenntnisse.<\/em><\/p>\n\n\n\n<p>Einen Heiratsantrag in Paris zu planen bedeutet, Geheimhaltung, Zeitplanung und eine Prise Mut unter einen Hut zu bringen. Ich bin Brett \u2013 frischgebackener Br\u00e4utigam, der bei Sonnenaufgang am Trocad\u00e9ro die Frage in vier Worten gestellt hat \u2013 und diese sechs Lektionen helfen Ihnen hoffentlich dabei, ein unvergessliches und stressfreies Erlebnis zu schaffen.<\/p>\n\n\n\n<h2 class=\"wp-block-heading\">Top-Aussichten vom Eiffelturm f\u00fcr Ihren Heiratsantrag in Paris<\/h2>\n\n\n\n<p>Ich habe gew\u00e4hlt <a href=\"https:\/\/kissinparis.com\/de\/trocadero-eiffelturm\/\">Trocad\u00e9ro<\/a> Denn nichts anderes bietet einen so \u00fcberw\u00e4ltigenden, \u00fcberw\u00e4ltigenden Blick auf den Eiffelturm. In der Stille kurz vor Sonnenaufgang scheint das eiserne Geflecht zu leuchten. Wenn Sie sich vor Menschenmassen f\u00fcrchten, kommen Sie ein paar Minuten vor Sonnenaufgang, um sich einen erstklassigen Platz auf der Plattform zu sichern und die seltene Kombination aus relativer Privatsph\u00e4re und spektakul\u00e4rer Aussicht zu genie\u00dfen.<\/p>\n\n\n\n<p>F\u00fcr eine ruhigere Kulisse bieten die Jardins du Trocad\u00e9ro (direkt unterhalb der Hauptplattformen des Platzes) Rasenfl\u00e4chen, die \u00fcberraschend privat wirken und Ihnen gleichzeitig das unverwechselbare <a href=\"https:\/\/kissinparis.com\/de\/trocadero-eiffelturm\/\">Silhouette des Heiratsantrags auf dem Eiffelturm<\/a>.<\/p>\n\n\n\n<figure class=\"wp-block-image alignwide size-full\"><img loading=\"lazy\" decoding=\"async\" width=\"1600\" height=\"1067\" src=\"https:\/\/kissinparis.com\/wp-content\/uploads\/2023\/03\/Paris-Eiffel-Tower-photoshoot-at-the-Trocadero-Fountains-6.jpg\" alt=\"Fotoshooting am Eiffelturm in Paris an den Trocadero-Brunnen\" class=\"wp-image-2706\" srcset=\"https:\/\/kissinparis.com\/wp-content\/uploads\/2023\/03\/Paris-Eiffel-Tower-photoshoot-at-the-Trocadero-Fountains-6.jpg 1600w, https:\/\/kissinparis.com\/wp-content\/uploads\/2023\/03\/Paris-Eiffel-Tower-photoshoot-at-the-Trocadero-Fountains-6-300x200.jpg 300w, https:\/\/kissinparis.com\/wp-content\/uploads\/2023\/03\/Paris-Eiffel-Tower-photoshoot-at-the-Trocadero-Fountains-6-1024x683.jpg 1024w, https:\/\/kissinparis.com\/wp-content\/uploads\/2023\/03\/Paris-Eiffel-Tower-photoshoot-at-the-Trocadero-Fountains-6-768x512.jpg 768w, https:\/\/kissinparis.com\/wp-content\/uploads\/2023\/03\/Paris-Eiffel-Tower-photoshoot-at-the-Trocadero-Fountains-6-1536x1024.jpg 1536w, https:\/\/kissinparis.com\/wp-content\/uploads\/2023\/03\/Paris-Eiffel-Tower-photoshoot-at-the-Trocadero-Fountains-6-1200x800.jpg 1200w\" sizes=\"auto, (max-width: 1600px) 100vw, 1600px\" \/><figcaption class=\"wp-element-caption\">Fotoshooting f\u00fcr den Heiratsantrag auf dem Eiffelturm in Paris am Trocadero bei Sonnenaufgang.<\/figcaption><\/figure>\n\n\n\n<h2 class=\"wp-block-heading\">Den Segen ihrer Familie im Voraus sichern<\/h2>\n\n\n\n<p>Ein Besuch bei ihren Eltern vor der Flugbuchung zeugt von Aufmerksamkeit \u2013 und ist emotional sehr wertvoll. Ich trug den Ring (f\u00fcr ihre Eltern) in meiner Tasche, sprach aus tiefstem Herzen und dr\u00fcckte dann die Aufnahmetaste auf meinem Handy, um ihre Segnungen festzuhalten.<\/p>\n\n\n\n<p>Als Stephanie mich bat, ihre Familie direkt nach meinem Antrag anzurufen, spielte ich stattdessen das Video ab. Ihre Tr\u00e4nen zu sehen, als sie von ihren Lieben h\u00f6rte, verwandelte diese kurze Formalit\u00e4t in eine unserer sch\u00f6nsten Erinnerungen.<\/p>\n\n\n\n<figure class=\"wp-block-image alignwide size-full\"><img loading=\"lazy\" decoding=\"async\" width=\"1000\" height=\"667\" src=\"https:\/\/kissinparis.com\/wp-content\/uploads\/2023\/03\/Paris-Eiffel-Tower-proposal-at-Trocadero-7.jpg\" alt=\"Tipps f\u00fcr einen Heiratsantrag in Paris: So holen Sie sich die Erlaubnis Ihres Vaters\" class=\"wp-image-5492\" srcset=\"https:\/\/kissinparis.com\/wp-content\/uploads\/2023\/03\/Paris-Eiffel-Tower-proposal-at-Trocadero-7.jpg 1000w, https:\/\/kissinparis.com\/wp-content\/uploads\/2023\/03\/Paris-Eiffel-Tower-proposal-at-Trocadero-7-300x200.jpg 300w, https:\/\/kissinparis.com\/wp-content\/uploads\/2023\/03\/Paris-Eiffel-Tower-proposal-at-Trocadero-7-768x512.jpg 768w\" sizes=\"auto, (max-width: 1000px) 100vw, 1000px\" \/><figcaption class=\"wp-element-caption\">Tipps f\u00fcr den Heiratsantrag in Paris: Holen Sie sich die Erlaubnis Ihres Vaters<\/figcaption><\/figure>\n\n\n\n<h2 class=\"wp-block-heading\">Diskrete Ringtransporttricks<\/h2>\n\n\n\n<p>Den Diamant-Verlobungsring auf einer l\u00e4ngeren Reise zu verstecken, ist leichter gesagt als getan. Meine Geheimwaffe war ein Fusselroller, den ich bei Amazon gekauft habe. Er funktioniert wie ein normaler Fusselroller, bietet aber innen Platz f\u00fcr eine Ringschachtel. Ich lie\u00df den Roller wochenlang gut sichtbar zu Hause liegen, sodass Stephanie keine Fragen stellte, als er schlie\u00dflich in meinem Gep\u00e4ck und unserer gemeinsamen Hotelsuite auftauchte.<\/p>\n\n\n\n<p>Wenn Fusselrollen nicht Ihr Ding sind, erf\u00fcllen ausgeh\u00f6hlte Toilettenartikelflaschen oder Kosmetiktaschen mit doppeltem Boden denselben Zweck \u2013 alles, was sie gewohnt ist zu sehen, wird ihrem Radar entgehen.<\/p>\n\n\n\n<h2 class=\"wp-block-heading\">Ein Gentleman-Leitfaden zum Enth\u00fcllen des Bling-Bling<\/h2>\n\n\n\n<p>Der Moment der Offenbarung sollte sich gro\u00dfartig anf\u00fchlen. Ich \u00fcbte das \u00d6ffnen der Schachtel Dutzende Male und f\u00fcgte dann zwei winzige Kratzer an einer Ecke hinzu, um die Ausrichtung allein durch Ber\u00fchrung zu erkennen. Als der Tag kam, bewegten sich meine H\u00e4nde sicher, und der Fokus lag auf meinen Worten und dem m\u00fchelosen Blickkontakt, nicht auf dem Herumhantieren mit der Schachtel.<\/p>\n\n\n\n<p>Ein kurzer Probelauf zu Hause \u2013 ohne Publikum \u2013 ist eine gute Idee.<\/p>\n\n\n\n<h2 class=\"wp-block-heading\">Tipps f\u00fcr die Verlobungsfotografie in Paris<\/h2>\n\n\n\n<p>Ihr Antrag sollte in Fotos festgehalten werden, die filmisch wirken und sich sogar noch besser anf\u00fchlen als die Realit\u00e4t. Ich habe ein zweit\u00e4giges, siebenst\u00fcndiges Paket bei Kiss Me in Paris gebucht: Der erste Tag begann mit einem <a href=\"https:\/\/kissinparis.com\/de\/heiratsantrag-paris\/ueberraschungs-fotoshooting\/\">Alibi-Fotoshooting: Heiratsantrag in Paris<\/a> bei Sonnenaufgang am Trocad\u00e9ro, dann eine entspannte Abendsitzung rund um die Wahrzeichen der Stadt und romantische versteckte Orte.<\/p>\n\n\n\n<p>Unser Shooting am n\u00e4chsten Tag \u00fcbertraf meine Erwartungen \u2013 wir entschieden uns f\u00fcr das 2+2-Fotopaket, das das Beste vom Sonnenaufgang mit der goldenen und blauen Stunde der Nacht kombiniert. Stephanie hatte Zeit, ihre Verlobung zu verarbeiten und sich dem Anlass entsprechend zu kleiden (sie w\u00e4hlte sogar unsere Fotopl\u00e4tze aus), und unsere abendlichen Portr\u00e4ts am beleuchteten Turm geh\u00f6rten zu unseren Favoriten.<\/p>\n\n\n\n<p>Wenn Sie ein solches Fotoabenteuer in Ihr Budget f\u00fcr den Antrag einplanen k\u00f6nnen, z\u00f6gern Sie nicht \u2013 Sie werden wahrscheinlich <a href=\"https:\/\/kissinparis.com\/de\/verlobungsfotos-paris\/\">Verlobungsfotos<\/a> sowieso vor Ihrer Hochzeit, und Sie k\u00f6nnen sie genauso gut in dieser fotogenen Stadt machen, w\u00e4hrend Sie beide strahlen und im siebten Himmel sind.<\/p>\n\n\n\n<h2 class=\"wp-block-heading\">Einen Fotografen f\u00fcr einen \u00dcberraschungsantrag engagieren<\/h2>\n\n\n\n<p>Nicht jeder Fotograf ist f\u00fcr Heiratsantr\u00e4ge geeignet. Ich habe mich mit einer herzlichen Nachricht an ihn gewandt \u2013 ohne allgemeine Anfragen \u2013 und klargestellt, dass flie\u00dfende Englischkenntnisse und Diskretion unerl\u00e4sslich sind. Der richtige Profi stellte Fragen, schlug weniger \u00fcberf\u00fcllte Aussichtspunkte vor und behandelte meine Verlobung wie das einmalige Ereignis, das sie war.<\/p>\n\n\n\n<p>Bei der Befragung potenzieller <a href=\"https:\/\/kissinparis.com\/de\/heiratsantrag-paris\/fotograf\/\">Fotostudios f\u00fcr Heiratsantr\u00e4ge in Paris<\/a>, achten Sie auf echte Neugier, individuelle Ideen und Hilfsbereitschaft.<\/p>\n\n\n\n<p><em>Befolgen Sie diese Reihenfolge \u2013 wohin Sie gehen, wessen Segen Sie einholen, wie Sie den Ring transportieren und \u00fcberreichen und wie Sie das Ganze festhalten \u2013 und Sie werden ein herzliches, stressfreies Erlebnis schaffen, das so gro\u00dfartig ist wie die Stadt des Lichts selbst.<\/em><\/p>\n<\/div><\/div>\n\n\n\n<div class=\"wp-block-group alignfull sec mt-0 mb-0 hide-caption has-subtle-background-background-color has-background\"><div class=\"wp-block-group__inner-container is-layout-constrained wp-block-group-is-layout-constrained\">\n<h2 class=\"wp-block-heading title-v2\">Das k\u00f6nnte Ihnen auch gefallen: Weitere Inspirationen f\u00fcr Heiratsantr\u00e4ge in Paris\u200b<\/h2>\n\n\n\n<div class=\"wp-block-columns boxes plans is-layout-flex wp-container-core-columns-is-layout-9d6595d7 wp-block-columns-is-layout-flex\">\n<div class=\"wp-block-column is-layout-flow wp-block-column-is-layout-flow\">\n<figure class=\"wp-block-image size-full\"><a href=\"https:\/\/kissinparis.com\/de\/heiratsantrag-paris\/ideen-paris\/\" aria-label=\"Lesen Sie mehr \u00fcber Ideen und Tipps f\u00fcr Heiratsantr\u00e4ge in Paris\"><img loading=\"lazy\" decoding=\"async\" width=\"400\" height=\"500\" src=\"https:\/\/kissinparis.com\/wp-content\/uploads\/2023\/03\/Paris-proposal-tips-1.jpg\" alt=\"Ideen und Tipps f\u00fcr Heiratsantr\u00e4ge in Paris\" class=\"wp-image-5486\" srcset=\"https:\/\/kissinparis.com\/wp-content\/uploads\/2023\/03\/Paris-proposal-tips-1.jpg 400w, https:\/\/kissinparis.com\/wp-content\/uploads\/2023\/03\/Paris-proposal-tips-1-240x300.jpg 240w\" sizes=\"auto, (max-width: 400px) 100vw, 400px\" \/><\/a><figcaption class=\"wp-element-caption\">Ideen und Tipps f\u00fcr Heiratsantr\u00e4ge in Paris<\/figcaption><\/figure>\n\n\n\n<div class=\"wp-block-group mt-0 mb-0 content\"><div class=\"wp-block-group__inner-container is-layout-constrained wp-block-group-is-layout-constrained\">\n<h3 class=\"wp-block-heading\" style=\"text-transform:capitalize\"><a href=\"https:\/\/kissinparis.com\/de\/heiratsantrag-paris\/ideen-paris\/\">Wie man in Paris einen Heiratsantrag macht<\/a><\/h3>\n\n\n\n<p class=\"sec-header\"><a href=\"https:\/\/kissinparis.com\/de\/heiratsantrag-paris\/ideen-paris\/\">Der ultimative Leitfaden<\/a><\/p>\n<\/div><\/div>\n<\/div>\n\n\n\n<div class=\"wp-block-column is-layout-flow wp-block-column-is-layout-flow\">\n<figure class=\"wp-block-image size-full\"><a href=\"https:\/\/kissinparis.com\/de\/heiratsantrag-paris\/pakete\/\" aria-label=\"Lesen Sie mehr \u00fcber den besten Heiratsantragsfotografen in Paris\"><img loading=\"lazy\" decoding=\"async\" width=\"400\" height=\"500\" src=\"https:\/\/kissinparis.com\/wp-content\/uploads\/2023\/03\/Paris-proposal-photographer-1.jpg\" alt=\"Bester Heiratsantragsfotograf in Paris\" class=\"wp-image-5487\" srcset=\"https:\/\/kissinparis.com\/wp-content\/uploads\/2023\/03\/Paris-proposal-photographer-1.jpg 400w, https:\/\/kissinparis.com\/wp-content\/uploads\/2023\/03\/Paris-proposal-photographer-1-240x300.jpg 240w\" sizes=\"auto, (max-width: 400px) 100vw, 400px\" \/><\/a><figcaption class=\"wp-element-caption\">Heiratsantrag in Paris: Warum Paris, die sch\u00f6nsten Orte, welches Knie, was man sagen soll und jede Menge romantische Ideen f\u00fcr einen Heiratsantrag in Paris<\/figcaption><\/figure>\n\n\n\n<div class=\"wp-block-group mt-0 mb-0 content\"><div class=\"wp-block-group__inner-container is-layout-constrained wp-block-group-is-layout-constrained\">\n<h3 class=\"wp-block-heading\" style=\"text-transform:capitalize\"><a href=\"https:\/\/kissinparis.com\/de\/heiratsantrag-paris\/pakete\/\">Pariser Vorschlagspakete<\/a><\/h3>\n\n\n\n<p class=\"sec-header\"><a href=\"https:\/\/kissinparis.com\/de\/heiratsantrag-paris\/pakete\/\">Lassen Sie sich von bew\u00e4hrten Ideen f\u00fcr Heiratsantr\u00e4ge inspirieren\u200b<\/a><\/p>\n<\/div><\/div>\n<\/div>\n\n\n\n<div class=\"wp-block-column is-layout-flow wp-block-column-is-layout-flow\">\n<figure class=\"wp-block-image size-full\"><a href=\"https:\/\/kissinparis.com\/de\/beste-fotospots-paris\/\" aria-label=\"Lesen Sie mehr \u00fcber das Shangri La Paris, einen der romantischsten Orte f\u00fcr einen Heiratsantrag in Paris. Heiratsantrag auf dem Dach in Paris mit Blick auf den Eiffelturm\"><img loading=\"lazy\" decoding=\"async\" width=\"400\" height=\"500\" src=\"https:\/\/kissinparis.com\/wp-content\/uploads\/2023\/03\/Best-places-to-propose-in-Paris.jpg\" alt=\"Das Shangri La Paris ist einer der romantischsten Orte f\u00fcr einen Heiratsantrag in Paris. Heiratsantrag auf dem Dach in Paris mit Blick auf den Eiffelturm\" class=\"wp-image-5488\" srcset=\"https:\/\/kissinparis.com\/wp-content\/uploads\/2023\/03\/Best-places-to-propose-in-Paris.jpg 400w, https:\/\/kissinparis.com\/wp-content\/uploads\/2023\/03\/Best-places-to-propose-in-Paris-240x300.jpg 240w\" sizes=\"auto, (max-width: 400px) 100vw, 400px\" \/><\/a><figcaption class=\"wp-element-caption\">Das Shangri-La Paris ist einer der romantischsten Orte f\u00fcr einen Heiratsantrag in Paris. Heiratsantrag auf dem Dach in Paris mit Blick auf den Eiffelturm<\/figcaption><\/figure>\n\n\n\n<div class=\"wp-block-group mt-0 mb-0 content\"><div class=\"wp-block-group__inner-container is-layout-constrained wp-block-group-is-layout-constrained\">\n<h3 class=\"wp-block-heading\" style=\"text-transform:capitalize\"><a href=\"https:\/\/kissinparis.com\/de\/beste-fotospots-paris\/\">Wo in Paris ein Heiratsantrag gemacht werden kann<\/a><\/h3>\n\n\n\n<p class=\"sec-header\"><a href=\"https:\/\/kissinparis.com\/de\/beste-fotospots-paris\/\">Schauen Sie sich unsere Lieblingspl\u00e4tze an<\/a><\/p>\n<\/div><\/div>\n<\/div>\n\n\n\n<div class=\"wp-block-column is-layout-flow wp-block-column-is-layout-flow\">\n<figure class=\"wp-block-image size-full\"><a href=\"https:\/\/kissinparis.com\/de\/heiratsantrag-paris\/\" aria-label=\"Lesen Sie mehr \u00fcber \u201eEinen Pariser Planer f\u00fcr meinen Antrag engagieren\u201c\"><img loading=\"lazy\" decoding=\"async\" width=\"400\" height=\"500\" src=\"https:\/\/kissinparis.com\/wp-content\/uploads\/2023\/03\/Hire-a-Paris-planner-for-my-proposal.jpg\" alt=\"Engagieren Sie einen Pariser Planer f\u00fcr meinen Antrag\" class=\"wp-image-5489\" srcset=\"https:\/\/kissinparis.com\/wp-content\/uploads\/2023\/03\/Hire-a-Paris-planner-for-my-proposal.jpg 400w, https:\/\/kissinparis.com\/wp-content\/uploads\/2023\/03\/Hire-a-Paris-planner-for-my-proposal-240x300.jpg 240w\" sizes=\"auto, (max-width: 400px) 100vw, 400px\" \/><\/a><figcaption class=\"wp-element-caption\">Heiratsantrag im Chateau de Villette in Frankreich<\/figcaption><\/figure>\n\n\n\n<div class=\"wp-block-group mt-0 mb-0 content\"><div class=\"wp-block-group__inner-container is-layout-constrained wp-block-group-is-layout-constrained\">\n<h3 class=\"wp-block-heading\" style=\"text-transform:capitalize\"><a href=\"https:\/\/kissinparis.com\/de\/heiratsantrag-paris\/\">Durchbrechen Sie den L\u00e4rm<\/a><\/h3>\n\n\n\n<p class=\"sec-header\"><a href=\"https:\/\/kissinparis.com\/de\/heiratsantrag-paris\/\">Wenden Sie sich an unseren Experten f\u00fcr Angebotsplanung<\/a><\/p>\n<\/div><\/div>\n<\/div>\n<\/div>\n<\/div><\/div>","protected":false},"excerpt":{"rendered":"<p>6 Paris Proposal Tips: By the Gentleman for the Gentleman This article is written by Brett Krynak, a recent groom who planned his Paris proposal with Kiss Me in Paris. These are his real experiences and lessons learned. Planning a proposal in Paris means balancing secrecy, timing, and a dash of bravado. I&#8217;m Brett\u2014a recent [&hellip;]<\/p>\n","protected":false},"author":35,"featured_media":5485,"parent":293,"menu_order":0,"comment_status":"closed","ping_status":"closed","template":"","meta":{"_acf_changed":false,"ub_ctt_via":"","footnotes":""},"class_list":["post-5479","page","type-page","status-publish","has-post-thumbnail","hentry"],"acf":[],"featured_image_src":"https:\/\/kissinparis.com\/wp-content\/uploads\/2023\/03\/Proven-Paris-proposal-tips-for-the-gentleman-by-the-gentleman.jpg","_links":{"self":[{"href":"https:\/\/kissinparis.com\/de\/wp-json\/wp\/v2\/pages\/5479","targetHints":{"allow":["GET"]}}],"collection":[{"href":"https:\/\/kissinparis.com\/de\/wp-json\/wp\/v2\/pages"}],"about":[{"href":"https:\/\/kissinparis.com\/de\/wp-json\/wp\/v2\/types\/page"}],"author":[{"embeddable":true,"href":"https:\/\/kissinparis.com\/de\/wp-json\/wp\/v2\/users\/35"}],"replies":[{"embeddable":true,"href":"https:\/\/kissinparis.com\/de\/wp-json\/wp\/v2\/comments?post=5479"}],"version-history":[{"count":13,"href":"https:\/\/kissinparis.com\/de\/wp-json\/wp\/v2\/pages\/5479\/revisions"}],"predecessor-version":[{"id":23007,"href":"https:\/\/kissinparis.com\/de\/wp-json\/wp\/v2\/pages\/5479\/revisions\/23007"}],"up":[{"embeddable":true,"href":"https:\/\/kissinparis.com\/de\/wp-json\/wp\/v2\/pages\/293"}],"wp:featuredmedia":[{"embeddable":true,"href":"https:\/\/kissinparis.com\/de\/wp-json\/wp\/v2\/media\/5485"}],"wp:attachment":[{"href":"https:\/\/kissinparis.com\/de\/wp-json\/wp\/v2\/media?parent=5479"}],"curies":[{"name":"wp","href":"https:\/\/api.w.org\/{rel}","templated":true}]}}