{"id":575,"date":"2023-02-28T12:44:01","date_gmt":"2023-02-28T12:44:01","guid":{"rendered":"https:\/\/kissinparis.com\/?page_id=575"},"modified":"2025-10-16T14:04:32","modified_gmt":"2025-10-16T14:04:32","slug":"bewertungen","status":"publish","type":"page","link":"https:\/\/kissinparis.com\/de\/reviews\/","title":{"rendered":"Kiss Me in Paris \u2013 Bewertungen zu Heiratsantr\u00e4gen und Hochzeiten"},"content":{"rendered":"<div class=\"wp-block-group alignfull sec heror-section mt-0 mb-0 has-scroll-down has-background-color has-primary-background-color has-text-color has-background has-link-color wp-elements-2c68d617794ba8ca98d2667bf937eb8f\"><div class=\"wp-block-group__inner-container is-layout-constrained wp-block-group-is-layout-constrained\">\n<h1 class=\"wp-block-heading alignwide has-text-align-left full has-background-color has-text-color has-link-color wp-elements-a75d45309813e829768381874f750ada\">Unsere Kunden lieben uns<\/h1>\n<\/div><\/div>\n\n\n\n<div class=\"wp-block-cover alignfull mt-0 mb-0 banner banner-md\"><img loading=\"lazy\" decoding=\"async\" width=\"1600\" height=\"1067\" class=\"wp-block-cover__image-background wp-image-17277\" alt=\"\u00dcberraschender Heiratsantrag in Paris auf der Terrasse des Shangri-La-Hotels: Das Paar ist bei Sonnenaufgang von roten Blumen und Kerzen umgeben, Feuerwerksfont\u00e4nen beleuchten ihre Verlobung mit dem Eiffelturm\" src=\"https:\/\/kissinparis.com\/wp-content\/uploads\/2025\/03\/paris-proposal-shangri-la-eiffel-tower-sunrise.avif\" style=\"object-position:49% 61%\" data-object-fit=\"cover\" data-object-position=\"49% 61%\" srcset=\"https:\/\/kissinparis.com\/wp-content\/uploads\/2025\/03\/paris-proposal-shangri-la-eiffel-tower-sunrise.avif 1600w, https:\/\/kissinparis.com\/wp-content\/uploads\/2025\/03\/paris-proposal-shangri-la-eiffel-tower-sunrise-300x200.avif 300w, https:\/\/kissinparis.com\/wp-content\/uploads\/2025\/03\/paris-proposal-shangri-la-eiffel-tower-sunrise-1024x683.avif 1024w, https:\/\/kissinparis.com\/wp-content\/uploads\/2025\/03\/paris-proposal-shangri-la-eiffel-tower-sunrise-768x512.avif 768w, https:\/\/kissinparis.com\/wp-content\/uploads\/2025\/03\/paris-proposal-shangri-la-eiffel-tower-sunrise-1536x1024.avif 1536w, https:\/\/kissinparis.com\/wp-content\/uploads\/2025\/03\/paris-proposal-shangri-la-eiffel-tower-sunrise-1200x800.avif 1200w\" sizes=\"auto, (max-width: 1600px) 100vw, 1600px\" \/><span aria-hidden=\"true\" class=\"wp-block-cover__background has-primary-background-color has-background-dim-0 has-background-dim\"><\/span><div class=\"wp-block-cover__inner-container is-layout-flow wp-block-cover-is-layout-flow\">\n<p class=\"has-text-align-center has-large-font-size\"><\/p>\n\n\n\n<div class=\"banner-video\">\n<img decoding=\"async\" src=\"https:\/\/kissinparis.com\/wp-content\/uploads\/2023\/02\/placeholder_16x9.png\" alt=\"Bereich Held\">\n<\/div>\n<\/div><\/div>\n\n\n\n<div class=\"wp-block-group alignfull mt-0 mb-0 sec sec-testimonial\"><div class=\"wp-block-group__inner-container is-layout-constrained wp-block-group-is-layout-constrained\">\n<div class=\"wp-block-group alignfull mt-0 mb-0 pt-0 sec review-group review-group-1 active\"><div class=\"wp-block-group__inner-container is-layout-constrained wp-block-group-is-layout-constrained\">\n<div class=\"wp-block-media-text alignwide is-stacked-on-mobile is-vertically-aligned-center team\" style=\"grid-template-columns:40% auto\"><figure class=\"wp-block-media-text__media\"><img loading=\"lazy\" decoding=\"async\" width=\"714\" height=\"1000\" src=\"https:\/\/kissinparis.com\/wp-content\/uploads\/2023\/03\/Best-NYC-Proposal-Planner-Chantelle.jpg\" alt=\"Hochzeitspaket f\u00fcr eine heimliche Hochzeit in Paris\" class=\"wp-image-4391 size-full\" srcset=\"https:\/\/kissinparis.com\/wp-content\/uploads\/2023\/03\/Best-NYC-Proposal-Planner-Chantelle.jpg 714w, https:\/\/kissinparis.com\/wp-content\/uploads\/2023\/03\/Best-NYC-Proposal-Planner-Chantelle-214x300.jpg 214w\" sizes=\"auto, (max-width: 714px) 100vw, 714px\" \/><\/figure><div class=\"wp-block-media-text__content\">\n<blockquote class=\"wp-block-quote is-layout-flow wp-block-quote-is-layout-flow\">\n<h2 class=\"wp-block-heading\">K\u00fcss mich in Paris<\/h2>\n\n\n\n<p> ist zweifellos das beste und zuverl\u00e4ssigste Unternehmen. Dieses Jahr beschloss ich, meiner Freundin einen Heiratsantrag zu machen. Ich hatte jedes Detail geplant, aber buchst\u00e4blich zwei Tage vor unserer Verlobung rief die Firma, die ich urspr\u00fcnglich beauftragt hatte, an und teilte mit, dass sie nicht kommen k\u00f6nne. Stellen Sie sich vor, wie ich mich f\u00fchlte, nachdem ich so viel Zeit in die Planung investiert hatte, ein Auto gemietet hatte, um Freunde aus Amsterdam mitzubringen, und mich auf ein lebensver\u00e4nderndes Abenteuer vorbereitet hatte. Aber dann kam <a href=\"https:\/\/kissinparis.com\/de\/hochzeitsplaner-paris\/\">Chantelle, mein Schutzengel<\/a>! Nun, das wusste ich vorher nicht, aber nachdem ich mit ihr gearbeitet hatte, wusste ich es. V\u00f6llig gestresst kontaktierte ich Chantelle. K\u00f6nnte sie alles in weniger als 48 Stunden arrangieren? Aber ich muss Ihnen sagen, ihr herzlicher Empfang und die hilfreichen Telefonate gaben mir Hoffnung, dass ich es doch noch schaffen k\u00f6nnte. Und das haben wir geschafft! Chantelle arrangierte alles: Sie hatte brillante Ideen, konzipierte einen noch besseren Vorschlag und setzte f\u00fcr mich die i-Punkte und t-Striche. Ich schw\u00f6re, ich h\u00e4tte mir keine bessere Begleiterin als Chantelle w\u00fcnschen k\u00f6nnen.<\/p>\n<cite>Malek Jubrail<\/cite><\/blockquote>\n<\/div><\/div>\n\n\n\n<hr class=\"wp-block-separator has-alpha-channel-opacity\"\/>\n\n\n\n<div class=\"wp-block-media-text alignwide is-stacked-on-mobile is-vertically-aligned-center team\" style=\"grid-template-columns:40% auto\"><figure class=\"wp-block-media-text__media\"><img loading=\"lazy\" decoding=\"async\" width=\"533\" height=\"800\" src=\"https:\/\/kissinparis.com\/wp-content\/uploads\/2023\/03\/Kiss-me-in-Paris-photographer-and-videographer-Vincent.jpg\" alt=\"Kiss me in Paris-Videofilmer Vincent\" class=\"wp-image-6341 size-full\" srcset=\"https:\/\/kissinparis.com\/wp-content\/uploads\/2023\/03\/Kiss-me-in-Paris-photographer-and-videographer-Vincent.jpg 533w, https:\/\/kissinparis.com\/wp-content\/uploads\/2023\/03\/Kiss-me-in-Paris-photographer-and-videographer-Vincent-200x300.jpg 200w\" sizes=\"auto, (max-width: 533px) 100vw, 533px\" \/><\/figure><div class=\"wp-block-media-text__content\">\n<blockquote class=\"wp-block-quote is-layout-flow wp-block-quote-is-layout-flow\">\n<p><a href=\"https:\/\/kissinparis.com\/de\/kreativteam\/vincent\/\">Vincent<\/a> Unsere \u00fcberaus hohen Erwartungen wurden \u00fcbertroffen. F\u00fcr zwei Menschen, die noch nie in Paris waren, sorgte Vincent daf\u00fcr, dass wir die besten Orte und Sehensw\u00fcrdigkeiten f\u00fcr unsere Verlobungsfotos erleben konnten. Wir f\u00fchlten uns w\u00e4hrend unseres Fotoshootings \u00e4u\u00dferst wohl und sicher. Wir hatten so viel Spa\u00df und werden es wiederholen, wenn wir wieder nach Paris kommen. Wir k\u00f6nnen Kiss Me in Paris w\u00e4rmstens empfehlen \u2013 besonders Vincent! Die Kommunikation vor der Ankunft war hervorragend. Das Unternehmen ist \u00e4u\u00dferst informativ in Bezug auf Logistik, Garderobe, Wetter und Fotolocations. Wir k\u00f6nnen Kiss Me in Paris und Vincent gar nicht genug danken!<\/p>\n<cite>Jamie Parker<\/cite><\/blockquote>\n<\/div><\/div>\n\n\n\n<hr class=\"wp-block-separator has-alpha-channel-opacity\"\/>\n\n\n\n<div class=\"wp-block-media-text alignwide is-stacked-on-mobile is-vertically-aligned-center team\" style=\"grid-template-columns:40% auto\"><figure class=\"wp-block-media-text__media\"><img loading=\"lazy\" decoding=\"async\" width=\"534\" height=\"800\" src=\"https:\/\/kissinparis.com\/wp-content\/uploads\/2023\/03\/Best-Paris-Photographer-Cengiz-Ozelsel.jpg\" alt=\"Bester Pariser Fotograf Cengiz Ozelsel\" class=\"wp-image-1327 size-full\" srcset=\"https:\/\/kissinparis.com\/wp-content\/uploads\/2023\/03\/Best-Paris-Photographer-Cengiz-Ozelsel.jpg 534w, https:\/\/kissinparis.com\/wp-content\/uploads\/2023\/03\/Best-Paris-Photographer-Cengiz-Ozelsel-200x300.jpg 200w\" sizes=\"auto, (max-width: 534px) 100vw, 534px\" \/><\/figure><div class=\"wp-block-media-text__content\">\n<blockquote class=\"wp-block-quote is-layout-flow wp-block-quote-is-layout-flow\">\n<p>Worte k\u00f6nnen nicht ausdr\u00fccken, wie gro\u00dfartig <a href=\"https:\/\/kissinparis.com\/de\/kreativteam\/cengiz\/\">Cengiz<\/a> und das Kiss Me in Paris-Team sind. Sie erkundigten sich nach allem, vom Ort meines Antrags, der Farbe der Blumen, wie meine Verlobte und ich uns kennengelernt haben und wie wir bis hierher gekommen sind. Cengiz ist magisch mit der Art und Weise, wie er seine Fotoshootings leitet! Wenn Sie eine m\u00e4rchenhafte Nacht mit Ihrer Verlobten verbringen m\u00f6chten, an die Sie sich f\u00fcr immer erinnern werden, folgen Sie Cengiz&#039; <a href=\"https:\/\/kissinparis.com\/de\/heiratsantrag-paris\/\">Leitfaden f\u00fcr Heiratsantr\u00e4ge in Paris<\/a> und nehmt seine Dienste in Anspruch, wenn er verf\u00fcgbar ist! Wir hatten eine so tolle Zeit, dass wir Cengiz jedem empfohlen haben, den wir am n\u00e4chsten Tag auf unserer Fahrradtour durch Paris getroffen haben :-). Nochmals vielen Dank \u2013 ihr seid die Besten in der Branche!!!<\/p>\n<cite>Graydon Wyatt<\/cite><\/blockquote>\n<\/div><\/div>\n\n\n\n<hr class=\"wp-block-separator has-alpha-channel-opacity\"\/>\n\n\n\n<div class=\"wp-block-media-text alignwide is-stacked-on-mobile is-vertically-aligned-center team\" style=\"grid-template-columns:40% auto\"><figure class=\"wp-block-media-text__media\"><img loading=\"lazy\" decoding=\"async\" width=\"533\" height=\"800\" src=\"https:\/\/kissinparis.com\/wp-content\/uploads\/2023\/03\/Paris-Photographer-Scander-Kiss-Me-in-Paris-1.jpg\" alt=\"Pariser Fotograf Scander Kiss Me in Paris\" class=\"wp-image-6337 size-full\" srcset=\"https:\/\/kissinparis.com\/wp-content\/uploads\/2023\/03\/Paris-Photographer-Scander-Kiss-Me-in-Paris-1.jpg 533w, https:\/\/kissinparis.com\/wp-content\/uploads\/2023\/03\/Paris-Photographer-Scander-Kiss-Me-in-Paris-1-200x300.jpg 200w\" sizes=\"auto, (max-width: 533px) 100vw, 533px\" \/><\/figure><div class=\"wp-block-media-text__content\">\n<blockquote class=\"wp-block-quote is-layout-flow wp-block-quote-is-layout-flow\">\n<p>OMG! <a href=\"https:\/\/kissinparis.com\/de\/kreativteam\/scander\/\">Scanner<\/a> ist ein k\u00fcnstlerisches Genie! Es war eine wahre Freude, mit ihm zu fotografieren! Scander hat so viel Energie; er ist geduldig, aufmerksam und macht richtig Spa\u00df! Seine Anweisungen waren leicht verst\u00e4ndlich, sodass selbst mein Freund, der normalerweise nicht gerne fotografiert, sich unglaublich wohl f\u00fchlte und aussah! Scander hat ein begnadetes Auge, sodass seine Aufnahmen einzigartig sind. Er ist ein High-Fashion-Fotograf, daher waren wir sehr gl\u00fccklich, ihn zu haben. Die beste Entscheidung aller Zeiten!!!<\/p>\n<cite>Cherise<\/cite><\/blockquote>\n<\/div><\/div>\n<\/div><\/div>\n\n\n\n<div class=\"wp-block-group alignfull mt-0 mb-0 pt-0 sec review-group review-group-2\"><div class=\"wp-block-group__inner-container is-layout-constrained wp-block-group-is-layout-constrained\">\n<hr class=\"wp-block-separator has-alpha-channel-opacity is-style-wide\"\/>\n\n\n\n<div class=\"wp-block-media-text alignwide is-stacked-on-mobile is-vertically-aligned-center team\" style=\"grid-template-columns:40% auto\"><figure class=\"wp-block-media-text__media\"><img loading=\"lazy\" decoding=\"async\" width=\"683\" height=\"1024\" src=\"https:\/\/kissinparis.com\/wp-content\/uploads\/2023\/03\/Brazilian-photographer-in-Paris.jpg\" alt=\"Brasilianische Fotografin in Paris Juliana\" class=\"wp-image-5163 size-full\" srcset=\"https:\/\/kissinparis.com\/wp-content\/uploads\/2023\/03\/Brazilian-photographer-in-Paris.jpg 683w, https:\/\/kissinparis.com\/wp-content\/uploads\/2023\/03\/Brazilian-photographer-in-Paris-200x300.jpg 200w\" sizes=\"auto, (max-width: 683px) 100vw, 683px\" \/><\/figure><div class=\"wp-block-media-text__content\">\n<blockquote class=\"wp-block-quote is-layout-flow wp-block-quote-is-layout-flow\">\n<p><a href=\"https:\/\/kissinparis.com\/de\/kreativteam\/juliana\/\">Juliana<\/a> Sie hat einfach alles gemacht, von der Unterst\u00fctzung bei der Planung bis hin zur Erstellung eines fantastischen Videos von meinem Heiratsantrag. Sie hat meiner Verlobten und mir sofort ein gutes Gef\u00fchl gegeben und alles reibungslos koordiniert. Juliana hat ein wundersch\u00f6nes Video gedreht und geschnitten \u2013 es sieht aus wie aus einem Film! Wir waren begeistert, wie sie den Moment eingefangen hat. Und das Beste daran: Wir erleben diesen besonderen Moment jedes Mal wieder, wenn wir ihren Kurzfilm ansehen. Meine Verlobte weinte vor Gl\u00fcck, und auch unsere Eltern und Freunde waren \u00fcbergl\u00fccklich. Vielen Dank, Juliana, und dem Team von Kiss Me in Paris f\u00fcr die wundersch\u00f6ne Gestaltung und Aufnahme unserer Verlobung.<\/p>\n<cite>Andrew James<\/cite><\/blockquote>\n<\/div><\/div>\n\n\n\n<hr class=\"wp-block-separator has-alpha-channel-opacity\"\/>\n\n\n\n<div class=\"wp-block-media-text alignwide is-stacked-on-mobile is-vertically-aligned-center team\" style=\"grid-template-columns:40% auto\"><figure class=\"wp-block-media-text__media\"><img loading=\"lazy\" decoding=\"async\" width=\"533\" height=\"800\" src=\"https:\/\/kissinparis.com\/wp-content\/uploads\/2023\/03\/Kiss-me-in-Paris-photographer-and-videographer-Vincent.jpg\" alt=\"Kiss me in Paris-Videofilmer Vincent\" class=\"wp-image-6341 size-full\" srcset=\"https:\/\/kissinparis.com\/wp-content\/uploads\/2023\/03\/Kiss-me-in-Paris-photographer-and-videographer-Vincent.jpg 533w, https:\/\/kissinparis.com\/wp-content\/uploads\/2023\/03\/Kiss-me-in-Paris-photographer-and-videographer-Vincent-200x300.jpg 200w\" sizes=\"auto, (max-width: 533px) 100vw, 533px\" \/><\/figure><div class=\"wp-block-media-text__content\">\n<blockquote class=\"wp-block-quote is-layout-flow wp-block-quote-is-layout-flow\">\n<p>Also haben wir unser Pariser Heiratsantragsvideo separat angeschaut, weil Mario heute sp\u00e4t fertig wird, um eine Deadline einzuhalten. Wir haben es angeschaut, w\u00e4hrend&nbsp;<em>FaceTime<\/em>, und wir sind einfach sprachlos!!! Wirklich, keine Worte, es ist so wundersch\u00f6n! Ich m\u00f6chte es 10.000 Mal sehen! Es wird nie langweilig. Es ist einfach perfekt \u2013 ich kann es kaum glauben, wie unglaublich es geworden ist. Vielen Dank, <a href=\"https:\/\/kissinparis.com\/de\/kreativteam\/vincent\/\">Vincent<\/a>!<\/p>\n<cite>Maria und Mario<\/cite><\/blockquote>\n<\/div><\/div>\n\n\n\n<hr class=\"wp-block-separator has-alpha-channel-opacity\"\/>\n\n\n\n<div class=\"wp-block-media-text alignwide is-stacked-on-mobile is-vertically-aligned-center team\" style=\"grid-template-columns:40% auto\"><figure class=\"wp-block-media-text__media\"><img loading=\"lazy\" decoding=\"async\" width=\"714\" height=\"1000\" src=\"https:\/\/kissinparis.com\/wp-content\/uploads\/2023\/03\/Best-NYC-Proposal-Planner-Chantelle.jpg\" alt=\"Hochzeitspaket f\u00fcr eine heimliche Hochzeit in Paris\" class=\"wp-image-4391 size-full\" srcset=\"https:\/\/kissinparis.com\/wp-content\/uploads\/2023\/03\/Best-NYC-Proposal-Planner-Chantelle.jpg 714w, https:\/\/kissinparis.com\/wp-content\/uploads\/2023\/03\/Best-NYC-Proposal-Planner-Chantelle-214x300.jpg 214w\" sizes=\"auto, (max-width: 714px) 100vw, 714px\" \/><\/figure><div class=\"wp-block-media-text__content\">\n<blockquote class=\"wp-block-quote is-layout-flow wp-block-quote-is-layout-flow\">\n<p>Ich war mir nicht sicher, wie ich meine zuk\u00fcnftige Verlobte bei einem Besuch in Paris am besten \u00fcberraschen k\u00f6nnte. Da mir nur noch wenige Tage blieben, um die Details zu kl\u00e4ren, entdeckte ich Kiss Me in Paris und die hauseigene <a href=\"https:\/\/kissinparis.com\/de\/heiratsantrag-paris\/planer\/\">Heiratsantragsplanerin in Paris, Chantelle<\/a>. Oh, WOW, haben sie geliefert! Unsere Verlobung war magisch, surreal und sogar noch besser, als wir es uns vorgestellt hatten. Jetzt, da wir verheiratet sind, erinnern wir uns regelm\u00e4\u00dfig an Paris und daran, wie wichtig Chantelle f\u00fcr die Verwirklichung unserer Tr\u00e4ume war. Ich kann sie und das Unternehmen nur w\u00e4rmstens empfehlen.<\/p>\n<cite>Jonathan McNabb<\/cite><\/blockquote>\n<\/div><\/div>\n\n\n\n<hr class=\"wp-block-separator has-alpha-channel-opacity\"\/>\n\n\n\n<div class=\"wp-block-media-text alignwide is-stacked-on-mobile is-vertically-aligned-center team\" style=\"grid-template-columns:40% auto\"><figure class=\"wp-block-media-text__media\"><img loading=\"lazy\" decoding=\"async\" width=\"533\" height=\"800\" src=\"https:\/\/kissinparis.com\/wp-content\/uploads\/2023\/03\/Paris-Photographer-Scander-Kiss-Me-in-Paris-1.jpg\" alt=\"Pariser Fotograf Scander Kiss Me in Paris\" class=\"wp-image-6337 size-full\" srcset=\"https:\/\/kissinparis.com\/wp-content\/uploads\/2023\/03\/Paris-Photographer-Scander-Kiss-Me-in-Paris-1.jpg 533w, https:\/\/kissinparis.com\/wp-content\/uploads\/2023\/03\/Paris-Photographer-Scander-Kiss-Me-in-Paris-1-200x300.jpg 200w\" sizes=\"auto, (max-width: 533px) 100vw, 533px\" \/><\/figure><div class=\"wp-block-media-text__content\">\n<blockquote class=\"wp-block-quote is-layout-flow wp-block-quote-is-layout-flow\">\n<p>Absolut atemberaubendes und unvergessliches Fotoshooting-Erlebnis! <a href=\"https:\/\/kissinparis.com\/de\/kreativteam\/scander\/\">Scanner<\/a> Er hat alles festgehalten, was wir uns gew\u00fcnscht h\u00e4tten \u2013 und noch mehr. Die Bilder sind einfach himmlisch! Er \u00fcbt sein Handwerk mit Leidenschaft aus und hat eine herzliche und einladende Pers\u00f6nlichkeit. Ich kann Scander w\u00e4rmstens empfehlen und bin so froh, dass wir unsere besonderen Momente in Paris festgehalten haben.<\/p>\n<cite>Nicole<\/cite><\/blockquote>\n<\/div><\/div>\n<\/div><\/div>\n\n\n\n<div class=\"wp-block-buttons is-content-justification-center is-layout-flex wp-container-core-buttons-is-layout-16018d1d wp-block-buttons-is-layout-flex\">\n<div class=\"wp-block-button get-reviews-more\"><a class=\"wp-block-button__link wp-element-button\" href=\"#\">Mehr Bewertungen anzeigen<\/a><\/div>\n<\/div>\n\n\n\n<hr class=\"wp-block-separator has-alpha-channel-opacity is-style-wide\"\/>\n\n\n\n<div class=\"wp-block-columns are-vertically-aligned-top navigator container-sm is-layout-flex wp-container-core-columns-is-layout-9d6595d7 wp-block-columns-is-layout-flex\">\n<div class=\"wp-block-column is-vertically-aligned-top is-layout-flow wp-block-column-is-layout-flow\">\n<h3 class=\"wp-block-heading has-text-align-center mb-15\">Karriere<\/h3>\n\n\n\n<p class=\"has-text-align-center\"><a href=\"https:\/\/kissinparis.com\/de\/karriere\/\">Aktuelle Stellenangebote \u2192<\/a><\/p>\n<\/div>\n\n\n\n<div class=\"wp-block-column is-vertically-aligned-top is-layout-flow wp-block-column-is-layout-flow\">\n<h3 class=\"wp-block-heading has-text-align-center mb-15\">\u00dcber uns<\/h3>\n\n\n\n<p class=\"has-text-align-center\"><a href=\"https:\/\/kissinparis.com\/de\/ueber-uns\/\" data-type=\"page\" data-id=\"1029\">Mehr erfahren \u2192<\/a><\/p>\n<\/div>\n<\/div>\n<\/div><\/div>","protected":false},"excerpt":{"rendered":"<p>Our clients love us Kiss Me in Paris is hands-down the best and most reliable company. This year, I decided to ask my girlfriend to marry me. I had planned every final detail, but literally two days before our engagement, the company I initially hired called to say they could not make it. Imagine how [&hellip;]<\/p>\n","protected":false},"author":35,"featured_media":9905,"parent":0,"menu_order":0,"comment_status":"closed","ping_status":"closed","template":"","meta":{"_acf_changed":false,"ub_ctt_via":"","footnotes":""},"class_list":["post-575","page","type-page","status-publish","has-post-thumbnail","hentry"],"acf":[],"featured_image_src":"https:\/\/kissinparis.com\/wp-content\/uploads\/2023\/04\/Kiss-Me-in-Paris-reviews-and-testimonials.jpg","_links":{"self":[{"href":"https:\/\/kissinparis.com\/de\/wp-json\/wp\/v2\/pages\/575","targetHints":{"allow":["GET"]}}],"collection":[{"href":"https:\/\/kissinparis.com\/de\/wp-json\/wp\/v2\/pages"}],"about":[{"href":"https:\/\/kissinparis.com\/de\/wp-json\/wp\/v2\/types\/page"}],"author":[{"embeddable":true,"href":"https:\/\/kissinparis.com\/de\/wp-json\/wp\/v2\/users\/35"}],"replies":[{"embeddable":true,"href":"https:\/\/kissinparis.com\/de\/wp-json\/wp\/v2\/comments?post=575"}],"version-history":[{"count":6,"href":"https:\/\/kissinparis.com\/de\/wp-json\/wp\/v2\/pages\/575\/revisions"}],"predecessor-version":[{"id":28562,"href":"https:\/\/kissinparis.com\/de\/wp-json\/wp\/v2\/pages\/575\/revisions\/28562"}],"wp:featuredmedia":[{"embeddable":true,"href":"https:\/\/kissinparis.com\/de\/wp-json\/wp\/v2\/media\/9905"}],"wp:attachment":[{"href":"https:\/\/kissinparis.com\/de\/wp-json\/wp\/v2\/media?parent=575"}],"curies":[{"name":"wp","href":"https:\/\/api.w.org\/{rel}","templated":true}]}}