{"id":623,"date":"2023-02-28T13:27:30","date_gmt":"2023-02-28T13:27:30","guid":{"rendered":"https:\/\/kissinparis.com\/?page_id=623"},"modified":"2025-10-14T14:21:13","modified_gmt":"2025-10-14T14:21:13","slug":"karriere","status":"publish","type":"page","link":"https:\/\/kissinparis.com\/de\/careers\/","title":{"rendered":"Karriere"},"content":{"rendered":"<div class=\"wp-block-cover alignfull wp-block-group has-base-2-color has-contrast-background-color heror-section heror-about has-scroll-down mt-0 mb-0 fullscreen has-background-color has-text-color has-link-color wp-elements-b6f3bc13de5a1c1641d85f5eef638983\" style=\"min-height:932px;aspect-ratio:unset;\"><img loading=\"lazy\" decoding=\"async\" width=\"1500\" height=\"1000\" class=\"wp-block-cover__image-background wp-image-645 size-full\" alt=\"Karriere Kiss Me in Paris\" src=\"https:\/\/kissinparis.com\/wp-content\/uploads\/2023\/02\/Careers-Kiss-Me-in-Paris.jpg\" data-object-fit=\"cover\" srcset=\"https:\/\/kissinparis.com\/wp-content\/uploads\/2023\/02\/Careers-Kiss-Me-in-Paris.jpg 1500w, https:\/\/kissinparis.com\/wp-content\/uploads\/2023\/02\/Careers-Kiss-Me-in-Paris-300x200.jpg 300w, https:\/\/kissinparis.com\/wp-content\/uploads\/2023\/02\/Careers-Kiss-Me-in-Paris-1024x683.jpg 1024w, https:\/\/kissinparis.com\/wp-content\/uploads\/2023\/02\/Careers-Kiss-Me-in-Paris-768x512.jpg 768w, https:\/\/kissinparis.com\/wp-content\/uploads\/2023\/02\/Careers-Kiss-Me-in-Paris-1200x800.jpg 1200w\" sizes=\"auto, (max-width: 1500px) 100vw, 1500px\" \/><span aria-hidden=\"true\" class=\"wp-block-cover__background has-primary-background-color has-background-dim-40 has-background-dim\"><\/span><div class=\"wp-block-cover__inner-container is-layout-flow wp-block-cover-is-layout-flow\">\n<div class=\"wp-block-group alignfull content\"><div class=\"wp-block-group__inner-container is-layout-constrained wp-block-group-is-layout-constrained\">\n<h1 class=\"wp-block-heading alignwide\">Karriere bei Kiss Me in Paris<\/h1>\n\n\n\n<h2 class=\"wp-block-heading has-large-font-size\">Schwerpunkt: Heiratsantrags- &amp; Hochzeitsplanung \u2013 au\u00dferdem Foto, Video &amp; Kundenservice.<\/h2>\n<\/div><\/div>\n\n\n\n<div class=\"wp-block-group alignfull clock-footer has-base-2-color has-text-color has-link-color wp-elements-9521b5bfabe7d654350b2828c1c562b1 is-content-justification-space-between is-nowrap is-layout-flex wp-container-core-group-is-layout-0dfbf163 wp-block-group-is-layout-flex\">\n<p class=\"clock\" id=\"paris-clock\">Paris, Frankreich <strong>\u2013 <\/strong><\/p>\n\n\n\n<p class=\"has-text-align-center alignwide position-bottom animate data-animate__fadeInUp has-base-2-color has-text-color has-link-color wp-elements-6c412cdff13bf430f3051448409dacb9\">Tr\u00e4ume werden Wirklichkeit. Die Liebe steht im Mittelpunkt.<\/p>\n\n\n\n<p class=\"phone map\"><a href=\"https:\/\/www.google.com\/maps\/place\/Kiss+Me+in+Paris+Proposals+%26+Weddings\/@48.869005,2.2831087,17z\/data=!3m1!4b1!4m6!3m5!1s0x47e66f84666f802f:0x7b03905155589b66!8m2!3d48.8690015!4d2.285689!16s%2Fg%2F11b6zqzn3k?ucbcb=1\" target=\"_blank\" data-type=\"link\" data-id=\"https:\/\/www.google.com\/maps\/place\/Kiss+Me+in+Paris+Proposals+%26+Weddings\/@48.869005,2.2831087,17z\/data=!3m1!4b1!4m6!3m5!1s0x47e66f84666f802f:0x7b03905155589b66!8m2!3d48.8690015!4d2.285689!16s%2Fg%2F11b6zqzn3k?ucbcb=1\" rel=\"noreferrer noopener\">Anfahrt<\/a><\/p>\n<\/div>\n<\/div><\/div>\n\n\n\n<div class=\"wp-block-group alignfull mt-0 mb-0 sec sec-content_0 pb-0 has-white-background-color has-background\"><div class=\"wp-block-group__inner-container is-layout-constrained wp-block-group-is-layout-constrained\">\n<div class=\"wp-block-columns summery is-layout-flex wp-container-core-columns-is-layout-9d6595d7 wp-block-columns-is-layout-flex\">\n<div class=\"wp-block-column is-layout-flow wp-block-column-is-layout-flow\">\n<p>Wenn Sie Teil eines sympathischen Teams sein m\u00f6chten, in dem Vielfalt gelebt wird und High Fives und der Wille zur Weiterentwicklung erwartet werden, sind Sie bei uns richtig. Wir nehmen Arbeit und Freizeit ernst. <\/p>\n\n\n\n<p>Ein internationaler <a href=\"https:\/\/kissinparis.com\/de\/heiraten-in-paris\/fotograf\/\">f\u00fchrend in der Eventfotografie<\/a> und Heiratsantr\u00e4ge planen, schwimmt Kiss Me in New York stolz gegen den Strom: Wenn andere im Zickzack laufen, laufen wir im Zickzack.<\/p>\n\n\n\n<p>Wir bevorzugen keine Kandidaten mit einem Hintergrund in Fotografie oder Planung. Stattdessen suchen wir nach au\u00dfergew\u00f6hnlichen Kandidaten, die leidenschaftlich sind und Freude daran haben, neue Leute kennenzulernen.<\/p>\n<\/div>\n\n\n\n<div class=\"wp-block-column is-layout-flow wp-block-column-is-layout-flow\">\n<p>Kiss Me in Paris bietet allen Bewerbern gleiche Besch\u00e4ftigungsm\u00f6glichkeiten und akzeptiert keine Diskriminierung aufgrund von Rasse, sexueller Orientierung, Religion oder nationaler Herkunft.<\/p>\n\n\n\n<p>Wir bieten tolle Zusatzleistungen, flexible Arbeitszeiten und viele spannende Teamabende (wir lieben es, zu trinken, zu essen und zu feiern). Wir freuen uns auf Ihre Nachricht, wenn Sie sich f\u00fcr ein Unternehmen interessieren, das Sie gerne mitgestalten m\u00f6chten.<\/p>\n\n\n\n<p><strong>Bewerben Sie sich nicht, es sei denn, Sie sind gesetzlich dazu berechtigt, in Frankreich zu arbeiten.<\/strong><\/p>\n<\/div>\n<\/div>\n<\/div><\/div>\n\n\n\n<div class=\"wp-block-group alignfull mt-0 mb-0 sec sec-career has-container-md_\"><div class=\"wp-block-group__inner-container is-layout-constrained wp-block-group-is-layout-constrained\">\n<hr class=\"wp-block-separator has-alpha-channel-opacity is-style-wide\"\/>\n\n\n\n<div class=\"wp-block-columns career is-layout-flex wp-container-core-columns-is-layout-9d6595d7 wp-block-columns-is-layout-flex\">\n<div class=\"wp-block-column position-name is-layout-flow wp-block-column-is-layout-flow\">\n<h2 class=\"wp-block-heading\">Professioneller Fotograf<\/h2>\n<\/div>\n\n\n\n<div class=\"wp-block-column details is-layout-flow wp-block-column-is-layout-flow\">\n<h3 class=\"wp-block-heading heading-size-5\"><strong>Stellenbeschreibung<\/strong><\/h3>\n\n\n\n<p>Die Fotografen von Kiss Me in Paris werden regelm\u00e4\u00dfig f\u00fcr Paar-Fotoshootings, Luxushochzeiten, Boudoir-Shootings, Familienfotos und mehr engagiert. Unsere Kunden haben hohe Erwartungen an die Qualit\u00e4t der Bilder und das Erlebnis, das sie dabei haben werden. \u00dcberdurchschnittliche Leistungen reichen nicht aus. Wir suchen leidenschaftliche Rockstars, die sich t\u00e4glich auf neue Begegnungen freuen, im Morgengrauen aus dem Bett kommen, \u00e4u\u00dferst zuverl\u00e4ssig sind, gut Englisch und Franz\u00f6sisch sprechen und gerne ab und zu mit dem Team abh\u00e4ngen.<\/p>\n\n\n\n<p><a href=\"mailto:support@kissinparis.com\" data-type=\"page\" data-id=\"1213\">Jetzt bewerben<\/a><\/p>\n<\/div>\n<\/div>\n\n\n\n<hr class=\"wp-block-separator has-alpha-channel-opacity\"\/>\n\n\n\n<div class=\"wp-block-columns career is-layout-flex wp-container-core-columns-is-layout-9d6595d7 wp-block-columns-is-layout-flex\">\n<div class=\"wp-block-column position-name is-layout-flow wp-block-column-is-layout-flow\">\n<h2 class=\"wp-block-heading\">Heiratsantrags- und Hochzeitsplaner<\/h2>\n<\/div>\n\n\n\n<div class=\"wp-block-column details is-layout-flow wp-block-column-is-layout-flow\">\n<h3 class=\"wp-block-heading heading-size-5\"><strong>Stellenbeschreibung<\/strong><\/h3>\n\n\n\n<p>Wir sind weithin bekannt f\u00fcr die Planung einiger der bemerkenswertesten Heiratsantr\u00e4ge der Welt. Wenn wir in die lokale und <a href=\"https:\/\/kissinparis.com\/de\/hochzeitsplaner-paris\/\">Planung einer Luxushochzeit am Reiseziel<\/a> Wir suchen professionelle Eventplaner mit mindestens 3\u20135 Jahren Erfahrung. Der ideale Bewerber spricht flie\u00dfend Englisch und Franz\u00f6sisch und pflegt gerne Kontakte zu leitenden Catering- und Eventmanagern der besten Pariser Hotels und Schl\u00f6sser. Wir bevorzugen Kandidaten, die zus\u00e4tzlich Erfahrung in der Blumengestaltung, Beziehungen zu Hochzeitsblogs und den Umgang mit sozialen Medien haben.<\/p>\n\n\n\n<p><a href=\"mailto:support@kissinparis.com\" data-type=\"page\" data-id=\"1213\">Jetzt bewerben<\/a><\/p>\n<\/div>\n<\/div>\n\n\n\n<hr class=\"wp-block-separator has-alpha-channel-opacity\"\/>\n\n\n\n<div class=\"wp-block-columns career is-layout-flex wp-container-core-columns-is-layout-9d6595d7 wp-block-columns-is-layout-flex\">\n<div class=\"wp-block-column position-name is-layout-flow wp-block-column-is-layout-flow\">\n<h2 class=\"wp-block-heading\">Professioneller Filmemacher<\/h2>\n<\/div>\n\n\n\n<div class=\"wp-block-column details is-layout-flow wp-block-column-is-layout-flow\">\n<h3 class=\"wp-block-heading heading-size-5\"><strong>Stellenbeschreibung<\/strong><\/h3>\n\n\n\n<p>Videos sind heute mindestens genauso spannend wie Fotos und sehr gefragt. Die Rolle des Filmemachers hat sich jedoch im Laufe der Jahre weiterentwickelt. Heute reicht es nicht mehr aus, nur technisch versiert zu sein, das Motiv gut zu interpretieren, eine kreative Perspektive einzunehmen und hervorragende F\u00e4higkeiten in der Nachbearbeitung zu beweisen. Dar\u00fcber hinaus m\u00fcssen Sie die Kontrolle \u00fcbernehmen, die Szene souver\u00e4n leiten und klare Anweisungen (auf Englisch und Franz\u00f6sisch) geben k\u00f6nnen. Wir bevorzugen Bewerber, die mit sozialen Medien vertraut sind und eine schnelle Bearbeitungszeit garantieren k\u00f6nnen. Monatelanges Warten auf das Endprodukt ist keine Option.<\/p>\n\n\n\n<p><a href=\"mailto:support@kissinparis.com\" data-type=\"page\" data-id=\"1213\">Jetzt bewerben<\/a><\/p>\n<\/div>\n<\/div>\n\n\n\n<hr class=\"wp-block-separator has-alpha-channel-opacity\"\/>\n\n\n\n<div class=\"wp-block-columns career is-layout-flex wp-container-core-columns-is-layout-9d6595d7 wp-block-columns-is-layout-flex\">\n<div class=\"wp-block-column position-name is-layout-flow wp-block-column-is-layout-flow\">\n<h2 class=\"wp-block-heading\">Studioassistent \u2014 Praktikum<\/h2>\n<\/div>\n\n\n\n<div class=\"wp-block-column details is-layout-flow wp-block-column-is-layout-flow\">\n<h3 class=\"wp-block-heading heading-size-5\"><strong>Stellenbeschreibung<\/strong><\/h3>\n\n\n\n<p>Wir sind immer auf der Suche nach motivierten, zweisprachigen und talentierten Menschen f\u00fcr unser Team \u2013 Fotografen, Filmemacher und <a href=\"https:\/\/kissinparis.com\/de\/heiratsantrag-paris\/planer\/\">Veranstaltungsplaner<\/a>Sie arbeiten eng mit erfahrenen Fachkr\u00e4ften zusammen und sammeln wertvolle Erfahrungen in einer dynamischen, kreativen Branche. Wir bevorzugen Bewerber, die in Frankreich bleiben und nach dem Praktikum bei Kiss Me in Paris arbeiten m\u00f6chten. Bitte bewerben Sie sich nur, wenn Sie eine Arbeitserlaubnis f\u00fcr Frankreich haben.<\/p>\n\n\n\n<p><a href=\"mailto:support@kissinparis.com\" data-type=\"page\" data-id=\"1213\">Jetzt bewerben<\/a><\/p>\n<\/div>\n<\/div>\n<\/div><\/div>","protected":false},"excerpt":{"rendered":"<p>You&#8217;re in the right place if you&#8217;re interested in being part of a fun team where diversity is celebrated, and high-fives and a push for growth are expected. We take work and play seriously. An international leader in event photography and marriage proposal planning, Kiss Me in New York proudly swims against the tide: when [&hellip;]<\/p>\n","protected":false},"author":35,"featured_media":645,"parent":0,"menu_order":0,"comment_status":"closed","ping_status":"closed","template":"","meta":{"_acf_changed":false,"ub_ctt_via":"","footnotes":""},"class_list":["post-623","page","type-page","status-publish","has-post-thumbnail","hentry"],"acf":[],"featured_image_src":"https:\/\/kissinparis.com\/wp-content\/uploads\/2023\/02\/Careers-Kiss-Me-in-Paris.jpg","_links":{"self":[{"href":"https:\/\/kissinparis.com\/de\/wp-json\/wp\/v2\/pages\/623","targetHints":{"allow":["GET"]}}],"collection":[{"href":"https:\/\/kissinparis.com\/de\/wp-json\/wp\/v2\/pages"}],"about":[{"href":"https:\/\/kissinparis.com\/de\/wp-json\/wp\/v2\/types\/page"}],"author":[{"embeddable":true,"href":"https:\/\/kissinparis.com\/de\/wp-json\/wp\/v2\/users\/35"}],"replies":[{"embeddable":true,"href":"https:\/\/kissinparis.com\/de\/wp-json\/wp\/v2\/comments?post=623"}],"version-history":[{"count":9,"href":"https:\/\/kissinparis.com\/de\/wp-json\/wp\/v2\/pages\/623\/revisions"}],"predecessor-version":[{"id":28496,"href":"https:\/\/kissinparis.com\/de\/wp-json\/wp\/v2\/pages\/623\/revisions\/28496"}],"wp:featuredmedia":[{"embeddable":true,"href":"https:\/\/kissinparis.com\/de\/wp-json\/wp\/v2\/media\/645"}],"wp:attachment":[{"href":"https:\/\/kissinparis.com\/de\/wp-json\/wp\/v2\/media?parent=623"}],"curies":[{"name":"wp","href":"https:\/\/api.w.org\/{rel}","templated":true}]}}