{"id":8490,"date":"2023-03-30T11:11:46","date_gmt":"2023-03-30T11:11:46","guid":{"rendered":"https:\/\/kissinparis.com\/?page_id=8490"},"modified":"2025-10-03T18:24:45","modified_gmt":"2025-10-03T18:24:45","slug":"videoshooting","status":"publish","type":"page","link":"https:\/\/kissinparis.com\/de\/book-now\/videoshoots\/","title":{"rendered":"Videografie"},"content":{"rendered":"<div class=\"wp-block-group alignfull sec full-width pt-0 pb-0 mt-0 mb-0 bg-transition-light has-background-color has-primary-background-color has-text-color has-background has-link-color wp-elements-db377250d1be530de71360a967d07868\"><div class=\"wp-block-group__inner-container is-layout-constrained wp-block-group-is-layout-constrained\">\n<div class=\"wp-block-group alignfull sec heror-section full-width mt-0 mb-0  pb-0\"><div class=\"wp-block-group__inner-container is-layout-constrained wp-block-group-is-layout-constrained\">\n<div class=\"wp-block-columns alignfull summery is-layout-flex wp-container-core-columns-is-layout-9d6595d7 wp-block-columns-is-layout-flex\">\n<div class=\"wp-block-column is-layout-flow wp-block-column-is-layout-flow\">\n<h1 class=\"wp-block-heading has-text-align-left full has-background-color has-text-color has-link-color wp-elements-97e3e9d7e90f54fef449b31eabe2b790\">Videografie<\/h1>\n<\/div>\n\n\n\n<div class=\"wp-block-column lead is-layout-flow wp-block-column-is-layout-flow\">\n<ul class=\"wp-block-list list-inline pl-0\">\n<li><a href=\"tel:33661351511\" data-type=\"tel\" data-id=\"tel:33661351511\"  >Telefon<\/a><\/li>\n\n\n\n<li><a href=\"mailto:support@kissinparis.com?subject=Photography Booking Request\"  >Email<\/a><\/li>\n\n\n\n<li><a href=\"#artists\" data-type=\"internal\" data-id=\"#artists\">Die K\u00fcnstler<\/a><\/li>\n\n\n\n<li><a href=\"#faq\">FAQ<\/a><\/li>\n<\/ul>\n<\/div>\n<\/div>\n<\/div><\/div>\n\n\n\n<div class=\"wp-block-group alignfull mt-0 mb-0 sec sec-fullwidth sec-packages  sec-xs-sm-pt sec-sm-pb\" id=\"packages\"><div class=\"wp-block-group__inner-container is-layout-constrained wp-block-group-is-layout-constrained\">\n<div class=\"wp-block-group alignfull filters\"><div class=\"wp-block-group__inner-container is-layout-constrained wp-block-group-is-layout-constrained\">\n<ul class=\"wp-block-list category alignfull mt-0 mb-0\">\n<li><a href=\"https:\/\/kissinparis.com\/de\/jetzt-buchen\/heiratsantrag\/\">Heiratsantrag<\/a><\/li>\n\n\n\n<li><a href=\"https:\/\/kissinparis.com\/de\/jetzt-buchen\/fotoshooting\/\">Fotoshootings<\/a><\/li>\n\n\n\n<li><a href=\"https:\/\/kissinparis.com\/de\/jetzt-buchen\/boudoir\/\">Boudoir<\/a><\/li>\n\n\n\n<li class=\"active\"><a href=\"https:\/\/kissinparis.com\/de\/jetzt-buchen\/videoshooting\/\">Videografie<\/a><\/li>\n\n\n\n<li><a href=\"https:\/\/kissinparis.com\/de\/jetzt-buchen\/intime-hochzeit\/\">Durchbrennen&nbsp;<\/a><\/li>\n<\/ul>\n<\/div><\/div>\n<\/div><\/div>\n<\/div><\/div>\n\n\n\n\n\n\n<div class=\"wp-block-group alignfull mt-0 mb-0 sec sec-feature has-white-background-color has-background\" id=\"artists\"><div class=\"wp-block-group__inner-container is-layout-constrained wp-block-group-is-layout-constrained\">\n<h2 class=\"wp-block-heading has-text-align-center heading-size-1\">Lernen Sie unsere Fotografen kennen<\/h2>\n\n\n\n<h3 class=\"wp-block-heading has-text-align-center sec-header sec-name mb-20\">Fotografie<\/h3>\n\n\n\n<p class=\"has-text-align-center mb-60 container-xs\">W\u00e4hlen Sie Ihren Lieblingsfotografen \u2013 jeder wird Ihnen eine sch\u00f6ne Zeit in Paris zeigen und Sie dazu anregen, sich gut auf das bestm\u00f6gliche Fotoerlebnis vorzubereiten.<\/p>\n\n\n\n<div class=\"wp-block-columns boxes plans team-member is-layout-flex wp-container-core-columns-is-layout-9d6595d7 wp-block-columns-is-layout-flex\">\n<div class=\"wp-block-column is-layout-flow wp-block-column-is-layout-flow\">\n<figure class=\"wp-block-image size-full\"><a href=\"https:\/\/kissinparis.com\/de\/kreativteam\/vincent\/\" aria-label=\"Lesen Sie mehr \u00fcber Fotografen in Paris, Frankreich Vincent\"><img loading=\"lazy\" decoding=\"async\" width=\"640\" height=\"800\" src=\"https:\/\/kissinparis.com\/wp-content\/uploads\/2023\/03\/Photographer-in-Paris-France-Vincent-2.jpg\" alt=\"Fotograf in Paris, Frankreich Vincent\" class=\"wp-image-1235\" srcset=\"https:\/\/kissinparis.com\/wp-content\/uploads\/2023\/03\/Photographer-in-Paris-France-Vincent-2.jpg 640w, https:\/\/kissinparis.com\/wp-content\/uploads\/2023\/03\/Photographer-in-Paris-France-Vincent-2-240x300.jpg 240w\" sizes=\"auto, (max-width: 640px) 100vw, 640px\" \/><\/a><\/figure>\n\n\n\n<div class=\"wp-block-group mt-0 mb-0 content\"><div class=\"wp-block-group__inner-container is-layout-constrained wp-block-group-is-layout-constrained\">\n<h4 class=\"wp-block-heading\"><a href=\"https:\/\/kissinparis.com\/de\/kreativteam\/vincent\/\">Vincent<\/a><\/h4>\n\n\n\n<p class=\"sec-header\"><a href=\"https:\/\/kissinparis.com\/de\/kreativteam\/vincent\/\">Professioneller Fotograf<\/a><\/p>\n<\/div><\/div>\n<\/div>\n\n\n\n<div class=\"wp-block-column is-layout-flow wp-block-column-is-layout-flow\">\n<figure class=\"wp-block-image size-full\"><a href=\"https:\/\/kissinparis.com\/de\/kreativteam\/scander\/\" aria-label=\"Lesen Sie mehr \u00fcber den Pariser Fotografen Scander Kiss Me in Paris\"><img loading=\"lazy\" decoding=\"async\" width=\"320\" height=\"400\" src=\"https:\/\/kissinparis.com\/wp-content\/uploads\/2023\/03\/Paris-Photographer-Scander-Kiss-Me-in-Paris.jpg\" alt=\"Pariser Fotograf Scander Kiss Me in Paris\" class=\"wp-image-1108\" srcset=\"https:\/\/kissinparis.com\/wp-content\/uploads\/2023\/03\/Paris-Photographer-Scander-Kiss-Me-in-Paris.jpg 320w, https:\/\/kissinparis.com\/wp-content\/uploads\/2023\/03\/Paris-Photographer-Scander-Kiss-Me-in-Paris-240x300.jpg 240w\" sizes=\"auto, (max-width: 320px) 100vw, 320px\" \/><\/a><\/figure>\n\n\n\n<div class=\"wp-block-group mt-0 mb-0 content\"><div class=\"wp-block-group__inner-container is-layout-constrained wp-block-group-is-layout-constrained\">\n<h4 class=\"wp-block-heading\"><a href=\"https:\/\/kissinparis.com\/de\/kreativteam\/scander\/\">Scanner<\/a><\/h4>\n\n\n\n<p class=\"sec-header\"><a href=\"https:\/\/kissinparis.com\/de\/kreativteam\/scander\/\">Professioneller Fotograf<\/a><\/p>\n<\/div><\/div>\n<\/div>\n\n\n\n<div class=\"wp-block-column is-layout-flow wp-block-column-is-layout-flow\">\n<figure class=\"wp-block-image size-full\"><a href=\"https:\/\/kissinparis.com\/de\/kreativteam\/cengiz\/\" aria-label=\"Lesen Sie mehr \u00fcber den ber\u00fchmten Pariser Fotografen Cengiz\"><img loading=\"lazy\" decoding=\"async\" width=\"320\" height=\"400\" src=\"https:\/\/kissinparis.com\/wp-content\/uploads\/2023\/03\/Famous-Paris-photographer-Cengiz-2.jpg\" alt=\"Der ber\u00fchmte Pariser Fotograf Cengiz\" class=\"wp-image-5210\" srcset=\"https:\/\/kissinparis.com\/wp-content\/uploads\/2023\/03\/Famous-Paris-photographer-Cengiz-2.jpg 320w, https:\/\/kissinparis.com\/wp-content\/uploads\/2023\/03\/Famous-Paris-photographer-Cengiz-2-240x300.jpg 240w\" sizes=\"auto, (max-width: 320px) 100vw, 320px\" \/><\/a><\/figure>\n\n\n\n<div class=\"wp-block-group mt-0 mb-0 content\"><div class=\"wp-block-group__inner-container is-layout-constrained wp-block-group-is-layout-constrained\">\n<h4 class=\"wp-block-heading\"><a href=\"https:\/\/kissinparis.com\/de\/kreativteam\/cengiz\/\">Cengiz<\/a><\/h4>\n\n\n\n<p class=\"sec-header\"><a href=\"https:\/\/kissinparis.com\/de\/kreativteam\/cengiz\/\">Professioneller Fotograf<\/a><\/p>\n<\/div><\/div>\n<\/div>\n\n\n\n<div class=\"wp-block-column is-layout-flow wp-block-column-is-layout-flow\">\n<figure class=\"wp-block-image size-full\"><a href=\"https:\/\/kissinparis.com\/de\/kreativteam\/juliana\/\" aria-label=\"Lesen Sie mehr \u00fcber Paris Video Reels Juliana\"><img loading=\"lazy\" decoding=\"async\" width=\"512\" height=\"768\" src=\"https:\/\/kissinparis.com\/wp-content\/uploads\/2023\/03\/Professional-Paris-Video-Reels-Juliana-Brazil.jpg\" alt=\"Paris Video Reels Juliana\" class=\"wp-image-5248\" srcset=\"https:\/\/kissinparis.com\/wp-content\/uploads\/2023\/03\/Professional-Paris-Video-Reels-Juliana-Brazil.jpg 512w, https:\/\/kissinparis.com\/wp-content\/uploads\/2023\/03\/Professional-Paris-Video-Reels-Juliana-Brazil-200x300.jpg 200w\" sizes=\"auto, (max-width: 512px) 100vw, 512px\" \/><\/a><\/figure>\n\n\n\n<div class=\"wp-block-group mt-0 mb-0 content\"><div class=\"wp-block-group__inner-container is-layout-constrained wp-block-group-is-layout-constrained\">\n<h4 class=\"wp-block-heading\"><a href=\"https:\/\/kissinparis.com\/de\/kreativteam\/juliana\/\">Juliana<\/a><\/h4>\n\n\n\n<p class=\"sec-header\"><a href=\"https:\/\/kissinparis.com\/de\/kreativteam\/juliana\/\">Professioneller Fotograf<\/a><\/p>\n<\/div><\/div>\n<\/div>\n<\/div>\n<\/div><\/div>\n\n\n\n<div class=\"wp-block-group alignfull mt-0 mb-0 sec sec-feature has-white-background-color has-background\" id=\"filmmakers\"><div class=\"wp-block-group__inner-container is-layout-constrained wp-block-group-is-layout-constrained\">\n<h2 class=\"wp-block-heading has-text-align-center heading-size-1\">Lernen Sie unsere Filmemacher kennen<\/h2>\n\n\n\n<h3 class=\"wp-block-heading has-text-align-center sec-header sec-name mb-20\">Videografie<\/h3>\n\n\n\n<p class=\"has-text-align-center mb-60 container-xs\">F\u00fcr jeden Geschmack ist der passende Stil dabei. Vielleicht magst du traditionelle (horizontale) Videos mit Kinofeeling. Wenn du nach grenzenloser Energie und Spa\u00df suchst, ist Vincent dein Mann. Julia ist die Richtige f\u00fcr dich, wenn du auf der Suche nach unglaublicher Originalit\u00e4t und femininem Touch bist. Oder bevorzugst du vielleicht schillernde, intime Videos (vertikal), die den gesamten Eiffelturm zeigen und in weniger als 72 Stunden geliefert werden? Dann entscheide dich f\u00fcr Julianas fantastische, Social-Media-taugliche Liebesgeschichten. Kombiniere je nach Budget und Vorlieben traditionelle und vertikale Filme.<\/p>\n\n\n\n<div class=\"wp-block-columns boxes plans team-member is-layout-flex wp-container-core-columns-is-layout-9d6595d7 wp-block-columns-is-layout-flex\">\n<div class=\"wp-block-column is-layout-flow wp-block-column-is-layout-flow\">\n<figure class=\"wp-block-image size-full\"><a href=\"https:\/\/kissinparis.com\/de\/kreativteam\/julia\/\" aria-label=\"Lesen Sie mehr \u00fcber \u201eDer Pariser Videofilmer spricht Russisch\u201c Julia\"><img loading=\"lazy\" decoding=\"async\" width=\"800\" height=\"1000\" src=\"https:\/\/kissinparis.com\/wp-content\/uploads\/2023\/03\/Paris-videographer-speaks-Russian-Julia.jpg\" alt=\"Pariser Videofilmer spricht Russisch Julia\" class=\"wp-image-7967\" srcset=\"https:\/\/kissinparis.com\/wp-content\/uploads\/2023\/03\/Paris-videographer-speaks-Russian-Julia.jpg 800w, https:\/\/kissinparis.com\/wp-content\/uploads\/2023\/03\/Paris-videographer-speaks-Russian-Julia-240x300.jpg 240w, https:\/\/kissinparis.com\/wp-content\/uploads\/2023\/03\/Paris-videographer-speaks-Russian-Julia-768x960.jpg 768w\" sizes=\"auto, (max-width: 800px) 100vw, 800px\" \/><\/a><\/figure>\n\n\n\n<div class=\"wp-block-group mt-0 mb-0 content\"><div class=\"wp-block-group__inner-container is-layout-constrained wp-block-group-is-layout-constrained\">\n<h4 class=\"wp-block-heading\"><a href=\"https:\/\/kissinparis.com\/de\/kreativteam\/julia\/\">Julia<\/a><\/h4>\n\n\n\n<p class=\"sec-header\"><a href=\"https:\/\/kissinparis.com\/de\/kreativteam\/julia\/\">Professioneller Filmemacher<\/a><\/p>\n<\/div><\/div>\n<\/div>\n\n\n\n<div class=\"wp-block-column is-layout-flow wp-block-column-is-layout-flow\">\n<figure class=\"wp-block-image size-full\"><a href=\"https:\/\/kissinparis.com\/de\/kreativteam\/vincent\/\" aria-label=\"Lesen Sie mehr \u00fcber Fotografen in Paris, Frankreich Vincent\"><img loading=\"lazy\" decoding=\"async\" width=\"640\" height=\"800\" src=\"https:\/\/kissinparis.com\/wp-content\/uploads\/2023\/03\/Photographer-in-Paris-France-Vincent-2.jpg\" alt=\"Fotograf in Paris, Frankreich Vincent\" class=\"wp-image-1235\" srcset=\"https:\/\/kissinparis.com\/wp-content\/uploads\/2023\/03\/Photographer-in-Paris-France-Vincent-2.jpg 640w, https:\/\/kissinparis.com\/wp-content\/uploads\/2023\/03\/Photographer-in-Paris-France-Vincent-2-240x300.jpg 240w\" sizes=\"auto, (max-width: 640px) 100vw, 640px\" \/><\/a><\/figure>\n\n\n\n<div class=\"wp-block-group mt-0 mb-0 content\"><div class=\"wp-block-group__inner-container is-layout-constrained wp-block-group-is-layout-constrained\">\n<h4 class=\"wp-block-heading\"><a href=\"https:\/\/kissinparis.com\/de\/kreativteam\/vincent\/\">Vincent<\/a><\/h4>\n\n\n\n<p class=\"sec-header\"><a href=\"https:\/\/kissinparis.com\/de\/kreativteam\/vincent\/\">Professioneller Videofilmer<\/a><\/p>\n<\/div><\/div>\n<\/div>\n\n\n\n<div class=\"wp-block-column is-layout-flow wp-block-column-is-layout-flow\">\n<figure class=\"wp-block-image size-full\"><a href=\"https:\/\/kissinparis.com\/de\/kreativteam\/juliana\/\" aria-label=\"Lesen Sie mehr \u00fcber Paris Video Reels Juliana\"><img loading=\"lazy\" decoding=\"async\" width=\"512\" height=\"768\" src=\"https:\/\/kissinparis.com\/wp-content\/uploads\/2023\/03\/Professional-Paris-Video-Reels-Juliana-Brazil.jpg\" alt=\"Paris Video Reels Juliana\" class=\"wp-image-5248\" srcset=\"https:\/\/kissinparis.com\/wp-content\/uploads\/2023\/03\/Professional-Paris-Video-Reels-Juliana-Brazil.jpg 512w, https:\/\/kissinparis.com\/wp-content\/uploads\/2023\/03\/Professional-Paris-Video-Reels-Juliana-Brazil-200x300.jpg 200w\" sizes=\"auto, (max-width: 512px) 100vw, 512px\" \/><\/a><\/figure>\n\n\n\n<div class=\"wp-block-group mt-0 mb-0 content\"><div class=\"wp-block-group__inner-container is-layout-constrained wp-block-group-is-layout-constrained\">\n<h4 class=\"wp-block-heading\"><a href=\"https:\/\/kissinparis.com\/de\/kreativteam\/juliana\/\">Juliana<\/a><\/h4>\n\n\n\n<p class=\"sec-header\"><a href=\"https:\/\/kissinparis.com\/de\/kreativteam\/juliana\/\">Professionelle Videorollen<\/a><\/p>\n<\/div><\/div>\n<\/div>\n<\/div>\n<\/div><\/div>\n\n\n\n<div class=\"wp-block-group alignfull mt-0 mb-0  sec sec-faq sec-feature\" id=\"faq\"><div class=\"wp-block-group__inner-container is-layout-flow wp-block-group-is-layout-flow\">\n<h2 class=\"wp-block-heading title-v2\">FAQ: Antworten auf h\u00e4ufige Fragen oder Anliegen <\/h2>\n\n\n<div id=\"rank-math-faq\" class=\"rank-math-block\">\n<div class=\"rank-math-list\">\n<div id=\"faq-question-1747329565204\" class=\"rank-math-list-item\">\n<h3 class=\"rank-math-question\">Wie funktioniert die Online-Buchung?<\/h3>\n<div class=\"rank-math-answer\">\n\n<p>W\u00e4hlen Sie Ihren Dienst aus, um Preise, Pakete und Verf\u00fcgbarkeit anzuzeigen<\/p>\n<p>\u2013 W\u00e4hlen Sie ein Datum und warten Sie, bis der Kalender geladen ist<br \/>\u2013 W\u00e4hlen Sie ein Paket aus und lassen Sie die Optionen aktualisieren<br \/>\u2013 W\u00e4hlen Sie einen Fotografen aus der Dropdown-Liste (Portfolios unten auf der Seite verf\u00fcgbar)<br \/>\u2013 W\u00e4hlen Sie ein Zeitfenster und klicken Sie auf \u201eWeiter\u201c<br \/>\u2013 Geben Sie Ihre Kontaktdaten und Standortpr\u00e4ferenzen ein<br \/>\u2013 Aktivieren Sie \u201eIch stimme den Bedingungen zu\u201c und klicken Sie auf \u201eWeiter\u201c<br \/>\u2013 \u00dcberpr\u00fcfen Sie alle Details, geben Sie die Zahlungsinformationen ein und klicken Sie auf \u201eSenden\u201c<\/p>\n<p>Sie erhalten umgehend eine Best\u00e4tigungs-E-Mail. Falls diese nicht in Ihrem Posteingang angezeigt wird, \u00fcberpr\u00fcfen Sie bitte Ihren Spam-Ordner.<\/p>\n\n<\/div>\n<\/div>\n<div id=\"faq-question-1747330416718\" class=\"rank-math-list-item\">\n<h3 class=\"rank-math-question\">Was ist der Unterschied zwischen Fotografen und Filmemachern?<\/h3>\n<div class=\"rank-math-answer\">\n\n<p>Durchsuchen Sie die Biografie und das Portfolio jedes K\u00fcnstlers, um seine Arbeiten, seinen Stil und seine Rezensionen zu sehen. Buchen Sie einen Fotografen f\u00fcr Standbilder, einen Filmemacher f\u00fcr Videos oder beides zusammen. F\u00fcr kombinierte oder komplexe Buchungen, <a href=\"mailto:support@kissinparis.com\" data-type=\"mailto\" data-id=\"mailto:support@kissinparis.com\">E-Mail<\/a>  f\u00fcr einen benutzerdefinierten Link<\/p>\n\n<\/div>\n<\/div>\n<div id=\"faq-question-1747330434617\" class=\"rank-math-list-item\">\n<h3 class=\"rank-math-question\">Ich habe meine Best\u00e4tigung nicht erhalten \u2013 was soll ich tun?<\/h3>\n<div class=\"rank-math-answer\">\n\n<p>\u00dcberpr\u00fcfen Sie Ihren Spam-Ordner. Wenn Sie es immer noch nicht sehen, <a href=\"mailto:support@kissinparis.com\" data-type=\"mailto\" data-id=\"mailto:support@kissinparis.com\">E-Mail<\/a> oder schreiben Sie uns eine Nachricht \u00fcber WhatsApp \u2013 wir senden sie umgehend erneut.<\/p>\n\n<\/div>\n<\/div>\n<div id=\"faq-question-1747330451298\" class=\"rank-math-list-item\">\n<h3 class=\"rank-math-question\">Kann ich meine Buchung \u00e4ndern oder stornieren?<\/h3>\n<div class=\"rank-math-answer\">\n\n<p>Stornierung 10+ Tage vorher: Volle R\u00fcckerstattung abz\u00fcglich einer Verwaltungsgeb\u00fchr von 10%.<\/p>\n<p>Stornierung innerhalb von 10 Tagen: Keine R\u00fcckerstattung.<\/p>\n<p>Senden Sie alle Anfragen per E-Mail an <a href=\"mailto:support@kissinparis.com\">support@kissinparis.com<\/a> so schnell wie m\u00f6glich.<\/p>\n\n<\/div>\n<\/div>\n<div id=\"faq-question-1747330463394\" class=\"rank-math-list-item\">\n<h3 class=\"rank-math-question\">Welche Zahlungsmethoden akzeptieren Sie?<\/h3>\n<div class=\"rank-math-answer\">\n\n<p>Wir akzeptieren Visa, MasterCard, American Express, PayPal und Bargeld. Eine Anzahlung von 50% sichert Ihre Buchung; der Restbetrag ist bis zum Sitzungstermin f\u00e4llig.<\/p>\n\n<\/div>\n<\/div>\n<div id=\"faq-question-1747330470609\" class=\"rank-math-list-item\">\n<h3 class=\"rank-math-question\">Wie buche ich mehrere Dienste oder Termine?<\/h3>\n<div class=\"rank-math-answer\">\n\n<p><a href=\"mailto:support@kissinparis.com\" data-type=\"mailto\" data-id=\"mailto:support@kissinparis.com\">Email<\/a> mit Ihren Anforderungen. Wir senden Ihnen einen individuellen Buchungslink.<\/p>\n\n<\/div>\n<\/div>\n<\/div>\n<\/div><\/div><\/div>\n\n\n\n<div class=\"wp-block-group popup-cta\"><div class=\"wp-block-group__inner-container is-layout-constrained wp-block-group-is-layout-constrained\">\n<figure class=\"wp-block-video\"><video height=\"960\" style=\"aspect-ratio: 686 \/ 960;\" width=\"686\" autoplay loop muted poster=\"https:\/\/kissinparis.com\/wp-content\/uploads\/2025\/04\/Kiss-Me-in-Paris-Proposals-Weddings-Planning.webp\" preload=\"none\" src=\"https:\/\/kissinparis.com\/wp-content\/uploads\/2025\/04\/Full-service-Paris-proposal-planner.mp4\" playsinline><\/video><\/figure>\n\n\n\n<p class=\"title\">Kontakt<\/p>\n\n\n\n<p class=\"has-link whatsapp\"><a href=\"https:\/\/api.whatsapp.com\/send?phone=19175134350\" target=\"_blank\" data-type=\"link\" data-id=\"https:\/\/api.whatsapp.com\/send?phone=19175134350\" rel=\"noreferrer noopener nofollow\">WhatsApp<\/a><\/p>\n\n\n\n<p class=\"has-link booking\"><a href=\"mailto:support@kissinparis.com?subject=Photography Booking Request\" >Anfrage<\/a><\/p>\n<\/div><\/div>","protected":false},"excerpt":{"rendered":"<p>Videografie<\/p>","protected":false},"author":35,"featured_media":10275,"parent":4688,"menu_order":0,"comment_status":"closed","ping_status":"closed","template":"","meta":{"_acf_changed":false,"ub_ctt_via":"","footnotes":""},"class_list":["post-8490","page","type-page","status-publish","has-post-thumbnail","hentry"],"acf":[],"featured_image_src":"https:\/\/kissinparis.com\/wp-content\/uploads\/2023\/04\/Video-reels-in-Paris.jpg","_links":{"self":[{"href":"https:\/\/kissinparis.com\/de\/wp-json\/wp\/v2\/pages\/8490","targetHints":{"allow":["GET"]}}],"collection":[{"href":"https:\/\/kissinparis.com\/de\/wp-json\/wp\/v2\/pages"}],"about":[{"href":"https:\/\/kissinparis.com\/de\/wp-json\/wp\/v2\/types\/page"}],"author":[{"embeddable":true,"href":"https:\/\/kissinparis.com\/de\/wp-json\/wp\/v2\/users\/35"}],"replies":[{"embeddable":true,"href":"https:\/\/kissinparis.com\/de\/wp-json\/wp\/v2\/comments?post=8490"}],"version-history":[{"count":6,"href":"https:\/\/kissinparis.com\/de\/wp-json\/wp\/v2\/pages\/8490\/revisions"}],"predecessor-version":[{"id":28423,"href":"https:\/\/kissinparis.com\/de\/wp-json\/wp\/v2\/pages\/8490\/revisions\/28423"}],"up":[{"embeddable":true,"href":"https:\/\/kissinparis.com\/de\/wp-json\/wp\/v2\/pages\/4688"}],"wp:featuredmedia":[{"embeddable":true,"href":"https:\/\/kissinparis.com\/de\/wp-json\/wp\/v2\/media\/10275"}],"wp:attachment":[{"href":"https:\/\/kissinparis.com\/de\/wp-json\/wp\/v2\/media?parent=8490"}],"curies":[{"name":"wp","href":"https:\/\/api.w.org\/{rel}","templated":true}]}}