{"id":9999,"date":"2023-04-13T09:29:00","date_gmt":"2023-04-13T09:29:00","guid":{"rendered":"https:\/\/kissinparis.com\/?page_id=9999"},"modified":"2026-02-20T13:42:03","modified_gmt":"2026-02-20T13:42:03","slug":"intime-hochzeit","status":"publish","type":"page","link":"https:\/\/kissinparis.com\/de\/book-now\/elopements\/","title":{"rendered":"Durchbrennen"},"content":{"rendered":"<div class=\"wp-block-group alignfull sec full-width pt-0 pb-0 mt-0 mb-0 bg-transition-light has-background-color has-primary-background-color has-text-color has-background has-link-color wp-elements-632009a7c9c79efcb789508872c7b0c8\"><div class=\"wp-block-group__inner-container is-layout-constrained wp-block-group-is-layout-constrained\">\n<div class=\"wp-block-group alignfull sec heror-section full-width mt-0 mb-0  pb-0\"><div class=\"wp-block-group__inner-container is-layout-constrained wp-block-group-is-layout-constrained\">\n<div class=\"wp-block-columns alignfull summery is-layout-flex wp-container-core-columns-is-layout-9d6595d7 wp-block-columns-is-layout-flex\">\n<div class=\"wp-block-column is-layout-flow wp-block-column-is-layout-flow\">\n<h1 class=\"wp-block-heading has-text-align-left full has-background-color has-text-color has-link-color wp-elements-acd591f92171e175ec518696015ab6a1\">Durchbrennen<\/h1>\n<\/div>\n\n\n\n<div class=\"wp-block-column lead is-layout-flow wp-block-column-is-layout-flow\">\n<ul class=\"wp-block-list list-inline pl-0\">\n<li><a href=\"tel:33661351511\" data-type=\"tel\" data-id=\"tel:33661351511\">Telefon<\/a><\/li>\n\n\n\n<li><a href=\"mailto:support@kissinparis.com?subject=Photography Booking Request\">Email<\/a><\/li>\n\n\n\n<li><a href=\"https:\/\/kissinparis.com\/de\/kreativteam\/\" data-type=\"page\" data-id=\"4359\">Die K\u00fcnstler<\/a><\/li>\n\n\n\n<li><a href=\"https:\/\/kissinparis.com\/de\/fotoshooting-paris\/faq\/\" data-type=\"page\" data-id=\"725\">FAQ<\/a><\/li>\n<\/ul>\n<\/div>\n<\/div>\n<\/div><\/div>\n\n\n\n<div class=\"wp-block-group alignfull mt-0 mb-0 sec sec-fullwidth sec-packages  sec-xs-sm-pt sec-sm-pb\" id=\"packages\"><div class=\"wp-block-group__inner-container is-layout-constrained wp-block-group-is-layout-constrained\">\n<div class=\"wp-block-group alignfull filters\"><div class=\"wp-block-group__inner-container is-layout-constrained wp-block-group-is-layout-constrained\">\n<ul class=\"wp-block-list category alignfull mt-0 mb-0\">\n<li><a href=\"https:\/\/kissinparis.com\/de\/jetzt-buchen\/heiratsantrag\/\">Heiratsantrag<\/a><\/li>\n\n\n\n<li><a href=\"https:\/\/kissinparis.com\/de\/jetzt-buchen\/fotoshooting\/\">Fotoshootings<\/a><\/li>\n\n\n\n<li><a href=\"https:\/\/kissinparis.com\/de\/jetzt-buchen\/boudoir\/\">Boudoir<\/a><\/li>\n\n\n\n<li><a href=\"https:\/\/kissinparis.com\/de\/jetzt-buchen\/videoshooting\/\">Videografie<\/a><\/li>\n\n\n\n<li class=\"active\"><a href=\"https:\/\/kissinparis.com\/de\/jetzt-buchen\/intime-hochzeit\/\">Durchbrennen&nbsp;<\/a><\/li>\n<\/ul>\n<\/div><\/div>\n<\/div><\/div>\n<\/div><\/div>\n\n\n\n<div class=\"wp-block-group alignfull mt-0 mb-0 sec sec-contact has-container-md has-subtle-background-background-color has-background\"><div class=\"wp-block-group__inner-container is-layout-constrained wp-block-group-is-layout-constrained\">\n<div class=\"wp-block-group mt-0 mb-0 sub-title\"><div class=\"wp-block-group__inner-container is-layout-constrained wp-block-group-is-layout-constrained\">\n<h2 class=\"wp-block-heading\">Herzlichen Gl\u00fcckwunsch zu Ihrer bevorstehenden Flucht nach Paris. <\/h2>\n\n\n\n<p>Wir w\u00fcrden uns freuen, Sie und Ihren Schatz zu diesem besonderen Anlass begleiten zu d\u00fcrfen. Nutzen Sie das untenstehende Formular, um Ihren Wunschtermin und die gew\u00fcnschten Leistungen anzugeben. Sobald wir Ihre Buchungsanfrage erhalten haben, best\u00e4tigt Ihnen unser Studiomanager die Verf\u00fcgbarkeit und sendet Ihnen einen Buchungslink, um die Reservierung verbindlich abzuschlie\u00dfen.<\/p>\n<\/div><\/div>\n\n\n\n<div class=\"wp-block-columns is-layout-flex wp-container-core-columns-is-layout-9d6595d7 wp-block-columns-is-layout-flex\">\n<div class=\"wp-block-column is-layout-flow wp-block-column-is-layout-flow\">\n<div class=\"wp-block-contact-form-7-contact-form-selector\">\n<div class=\"wpcf7 no-js\" id=\"wpcf7-f10212-o1\" lang=\"en-US\" dir=\"ltr\" data-wpcf7-id=\"10212\">\n<div class=\"screen-reader-response\"><p role=\"status\" aria-live=\"polite\" aria-atomic=\"true\"><\/p> <ul><\/ul><\/div>\n<form action=\"\/de\/wp-json\/wp\/v2\/pages\/9999#wpcf7-f10212-o1\" method=\"post\" class=\"wpcf7-form init\" aria-label=\"Kontaktformular\" novalidate=\"novalidate\" data-status=\"init\" data-trp-original-action=\"\/de\/wp-json\/wp\/v2\/pages\/9999#wpcf7-f10212-o1\">\n<fieldset class=\"hidden-fields-container\"><input type=\"hidden\" name=\"_wpcf7\" value=\"10212\" \/><input type=\"hidden\" name=\"_wpcf7_version\" value=\"6.1.5\" \/><input type=\"hidden\" name=\"_wpcf7_locale\" value=\"en_US\" \/><input type=\"hidden\" name=\"_wpcf7_unit_tag\" value=\"wpcf7-f10212-o1\" \/><input type=\"hidden\" name=\"_wpcf7_container_post\" value=\"0\" \/><input type=\"hidden\" name=\"_wpcf7_posted_data_hash\" value=\"\" \/>\n<\/fieldset>\n<div class=\"row\">\n\t<p class=\"col col50\"><label><span class=\"wpcf7-form-control-wrap\" data-name=\"your-name\"><input size=\"40\" maxlength=\"400\" class=\"wpcf7-form-control wpcf7-text wpcf7-validates-as-required\" autocomplete=\"name\" aria-required=\"true\" aria-invalid=\"false\" placeholder=\"Vorname*\" value=\"\" type=\"text\" name=\"your-name\" \/><\/span><\/label>\n\t<\/p>\n\t<p class=\"col col50\"><label><span class=\"wpcf7-form-control-wrap\" data-name=\"your-name-last\"><input size=\"40\" maxlength=\"400\" class=\"wpcf7-form-control wpcf7-text wpcf7-validates-as-required\" autocomplete=\"name\" aria-required=\"true\" aria-invalid=\"false\" placeholder=\"Nachname*\" value=\"\" type=\"text\" name=\"your-name-last\" \/><\/span><\/label>\n\t<\/p>\n<\/div>\n<div class=\"row\">\n\t<p class=\"col col50\"><label><span class=\"wpcf7-form-control-wrap\" data-name=\"your-phone\"><input size=\"40\" maxlength=\"400\" class=\"wpcf7-form-control wpcf7-tel wpcf7-text wpcf7-validates-as-tel\" autocomplete=\"phone\" aria-invalid=\"false\" placeholder=\"Telefon\" value=\"\" type=\"tel\" name=\"your-phone\" \/><\/span><\/label>\n\t<\/p>\n\t<p class=\"col col50\"><label><span class=\"wpcf7-form-control-wrap\" data-name=\"your-email\"><input size=\"40\" maxlength=\"400\" class=\"wpcf7-form-control wpcf7-email wpcf7-validates-as-required wpcf7-text wpcf7-validates-as-email\" autocomplete=\"email\" aria-required=\"true\" aria-invalid=\"false\" placeholder=\"E-Mail*\" value=\"\" type=\"email\" name=\"your-email\" \/><\/span><\/label>\n\t<\/p>\n<\/div>\n<div class=\"row\">\n\t<p class=\"col col50\"><label><span class=\"wpcf7-form-control-wrap\" data-name=\"your-date\"><input size=\"40\" maxlength=\"400\" class=\"wpcf7-form-control wpcf7-text\" aria-invalid=\"false\" placeholder=\"Datum\" value=\"\" type=\"text\" name=\"your-date\" \/><\/span><\/label>\n\t<\/p>\n\t<p class=\"col col50\"><label><span class=\"wpcf7-form-control-wrap\" data-name=\"your-proposal-budget\"><input size=\"40\" maxlength=\"400\" class=\"wpcf7-form-control wpcf7-text wpcf7-validates-as-required\" aria-required=\"true\" aria-invalid=\"false\" placeholder=\"Budget*\" value=\"\" type=\"text\" name=\"your-proposal-budget\" \/><\/span><\/label>\n\t<\/p>\n<\/div>\n<div class=\"row pb-30\">\n\t<p class=\"col col50\"><label><span class=\"wpcf7-form-control-wrap\" data-name=\"your-referral\"><select class=\"wpcf7-form-control wpcf7-select\" aria-invalid=\"false\" name=\"your-referral\"><option value=\"\">Wie haben Sie von uns erfahren?<\/option><option value=\"Google\">Google<\/option><option value=\"Instagram\">Instagram<\/option><option value=\"Referral\">Verweisung<\/option><option value=\"Other\">Andere<\/option><\/select><\/span><\/label>\n\t<\/p>\n<\/div>\n<p><label>Bitte teilen Sie uns unten Ihre Bed\u00fcrfnisse oder speziellen W\u00fcnsche mit.<\/label><span class=\"wpcf7-form-control-wrap\" data-name=\"your-message\"><textarea cols=\"40\" rows=\"10\" maxlength=\"2000\" class=\"wpcf7-form-control wpcf7-textarea\" aria-invalid=\"false\" name=\"your-message\"><\/textarea><\/span>\n<\/p>\n<p><div class=\"cf7-cf-turnstile\" style=\"margin-top: 0px; margin-bottom: -15px;\"> <div id=\"cf-turnstile-cf7-2349510621\" class=\"cf-turnstile\" data-callback=\"turnstileCF7Callback\" data-sitekey=\"0x4AAAAAAA6tyyirfbfpLGRe\" data-theme=\"light\" data-language=\"auto\" data-size=\"normal\" data-retry=\"auto\" data-retry-interval=\"1000\" data-refresh-expired=\"auto\" data-refresh-timeout=\"auto\" data-action=\"contact-form-7\" data-appearance=\"always\"><\/div> <style>.wpcf7-submit { pointer-events: none; opacity: 0.5; }<\/style> <script>document.addEventListener(\"DOMContentLoaded\", function() { setTimeout(function(){ var e=document.getElementById(\"cf-turnstile-cf7-2349510621\"); if(e&&!e.innerHTML.trim()){turnstile.render(e, {sitekey:\"0x4AAAAAAA6tyyirfbfpLGRe\"});} }, 200); });<\/script> <br class=\"cf-turnstile-br cf-turnstile-br-cf7-2349510621\"> <style>#cf-turnstile-cf7-2349510621 { margin-left: -15px; }<\/style> <script>document.addEventListener(\"DOMContentLoaded\",function(){document.querySelectorAll('.wpcf7-form').forEach(function(e){e.addEventListener('submit',function(){if(document.getElementById('cf-turnstile-cf7-2349510621')){setTimeout(function(){turnstile.reset('#cf-turnstile-cf7-2349510621');},1000)}})})});<\/script> <\/div>\n<\/p>\n<p class=\"text-center pt-20\"><input class=\"wpcf7-form-control wpcf7-submit has-spinner\" type=\"submit\" value=\"Anfrage senden\" \/>\n<\/p><p style=\"display: none !important;\" class=\"akismet-fields-container\" data-prefix=\"_wpcf7_ak_\"><label>\u0394<textarea name=\"_wpcf7_ak_hp_textarea\" cols=\"45\" rows=\"8\" maxlength=\"100\"><\/textarea><\/label><input type=\"hidden\" id=\"ak_js_1\" name=\"_wpcf7_ak_js\" value=\"166\"\/><script>\ndocument.getElementById( \"ak_js_1\" ).setAttribute( \"value\", ( new Date() ).getTime() );\n<\/script>\n<\/p><div class=\"wpcf7-response-output\" aria-hidden=\"true\"><\/div>\n<input type=\"hidden\" name=\"trp-form-language\" value=\"de\"\/><\/form>\n<\/div>\n<\/div>\n\n\n\n<script>\ndocument.addEventListener( 'wpcf7mailsent', function( event ) {\n    setTimeout( () => {\n        location = 'https:\/\/kissinparis.com\/thank-you-contact-elopements\/';\n    }, 2000 ); \/\/ Wait for 2 seconds to redirect.\n}, false );\n<\/script>\n<\/div>\n<\/div>\n<\/div><\/div>","protected":false},"excerpt":{"rendered":"<p>Elopements Congratulations on your upcoming elopement in Paris. We&#8217;d be thrilled to join you and your sweetheart for such a special occasion. Use the form below to specify your preferred date and desired services. Once we receive your booking request, our studio manager will confirm availability and send you a booking link to make the [&hellip;]<\/p>\n","protected":false},"author":35,"featured_media":9029,"parent":4688,"menu_order":0,"comment_status":"closed","ping_status":"closed","template":"","meta":{"_acf_changed":false,"ub_ctt_via":"","footnotes":""},"class_list":["post-9999","page","type-page","status-publish","has-post-thumbnail","hentry"],"acf":[],"featured_image_src":"https:\/\/kissinparis.com\/wp-content\/uploads\/2023\/04\/Paris-elopement-photographer.jpg","_links":{"self":[{"href":"https:\/\/kissinparis.com\/de\/wp-json\/wp\/v2\/pages\/9999","targetHints":{"allow":["GET"]}}],"collection":[{"href":"https:\/\/kissinparis.com\/de\/wp-json\/wp\/v2\/pages"}],"about":[{"href":"https:\/\/kissinparis.com\/de\/wp-json\/wp\/v2\/types\/page"}],"author":[{"embeddable":true,"href":"https:\/\/kissinparis.com\/de\/wp-json\/wp\/v2\/users\/35"}],"replies":[{"embeddable":true,"href":"https:\/\/kissinparis.com\/de\/wp-json\/wp\/v2\/comments?post=9999"}],"version-history":[{"count":4,"href":"https:\/\/kissinparis.com\/de\/wp-json\/wp\/v2\/pages\/9999\/revisions"}],"predecessor-version":[{"id":28560,"href":"https:\/\/kissinparis.com\/de\/wp-json\/wp\/v2\/pages\/9999\/revisions\/28560"}],"up":[{"embeddable":true,"href":"https:\/\/kissinparis.com\/de\/wp-json\/wp\/v2\/pages\/4688"}],"wp:featuredmedia":[{"embeddable":true,"href":"https:\/\/kissinparis.com\/de\/wp-json\/wp\/v2\/media\/9029"}],"wp:attachment":[{"href":"https:\/\/kissinparis.com\/de\/wp-json\/wp\/v2\/media?parent=9999"}],"curies":[{"name":"wp","href":"https:\/\/api.w.org\/{rel}","templated":true}]}}