{"id":20023,"date":"2025-05-02T11:50:46","date_gmt":"2025-05-02T11:50:46","guid":{"rendered":"https:\/\/kissinparis.com\/?page_id=20023"},"modified":"2026-02-20T13:45:25","modified_gmt":"2026-02-20T13:45:25","slug":"politica-privacidad","status":"publish","type":"page","link":"https:\/\/kissinparis.com\/es\/privacy-policy\/","title":{"rendered":"Pol\u00edtica de privacidad | Propuestas y bodas de Kiss Me In Paris"},"content":{"rendered":"<div class=\"wp-block-group alignfull sec heror-section mt-0 mb-0 has-scroll-down has-background-color has-primary-background-color has-text-color has-background has-link-color wp-elements-cbd58c4a190c7636c73a8a194a918eea\"><div class=\"wp-block-group__inner-container is-layout-constrained wp-block-group-is-layout-constrained\">\n<h1 class=\"wp-block-heading alignwide has-text-align-left full has-background-color has-text-color has-link-color wp-elements-75cdb38b5350d0251bddeb49ad88849c\">Pol\u00edtica de Privacidad<\/h1>\n<\/div><\/div>\n\n\n\n<div class=\"wp-block-group alignfull sec mt-0 mb-0\"><div class=\"wp-block-group__inner-container is-layout-constrained wp-block-group-is-layout-constrained\">\n<p><strong>Fecha de entrada en vigor:<\/strong> 2 de mayo de 2025 <\/p>\n\n\n\n<p><strong>Titular y Responsable del Tratamiento de Datos:<\/strong> B\u00e9same en Par\u00eds SARL, 78 Avenue Raymond Poincar\u00e9, 75016 Par\u00eds, Francia <\/p>\n\n\n\n<p><strong>Contacto para asuntos de privacidad:<\/strong>  <a href=\"mailto:support@kissinparis.com\">support@kissinparis.com<\/a><\/p>\n\n\n\n<p>\u00a1Hola! En Kiss Me in Paris, tu privacidad es primordial. Solo recopilamos la informaci\u00f3n realmente necesaria para crear una experiencia parisina inolvidable y que nuestros servicios sean excepcionales. Aqu\u00ed tienes la primicia:<\/p>\n\n\n\n<h2 class=\"wp-block-heading\">\ud83d\udca1 <strong>Qu\u00e9 datos personales recopilamos<\/strong><\/h2>\n\n\n\n<p>Para ayudarnos a planificar el evento o sesi\u00f3n de fotos de sus sue\u00f1os, responder a sus solicitudes y administrar nuestro sitio web sin problemas, podemos recopilar:<\/p>\n\n\n\n<ul class=\"wp-block-list\">\n<li><strong>Datos de contacto:<\/strong> Su nombre, direcci\u00f3n de correo electr\u00f3nico y n\u00famero de tel\u00e9fono.<\/li>\n\n\n\n<li><strong>Detalles del evento:<\/strong> Informaci\u00f3n sobre el evento deseado (tipo, fecha, cantidad de invitados), preferencias y cualquier necesidad espec\u00edfica que comparta con nosotros durante la planificaci\u00f3n (como necesidades diet\u00e9ticas para la coordinaci\u00f3n del catering).<\/li>\n\n\n\n<li><strong>Informaci\u00f3n de reserva y pago:<\/strong> Direcci\u00f3n de facturaci\u00f3n y detalles de pago (procesados de forma segura a trav\u00e9s de nuestros socios de pago).<\/li>\n\n\n\n<li><strong>Comunicaciones:<\/strong> Registros de nuestros correos electr\u00f3nicos y potencialmente notas de llamadas relacionadas con su evento.<\/li>\n\n\n\n<li><strong>Informaci\u00f3n t\u00e9cnica (con su consentimiento):<\/strong> Direcci\u00f3n IP, datos de ubicaci\u00f3n general, tipo de navegador\/dispositivo a trav\u00e9s de cookies para an\u00e1lisis y funcionalidad del sitio web (\u00a1consulte nuestra Pol\u00edtica de cookies!).<\/li>\n\n\n\n<li><strong>Fotos y v\u00eddeos:<\/strong> Las hermosas im\u00e1genes y videos capturados durante su evento o sesi\u00f3n de fotos (el uso se detalla en nuestro contrato y requiere su consentimiento para marketing).<\/li>\n<\/ul>\n\n\n\n<p>Recopilamos esta informaci\u00f3n directamente de usted a trav\u00e9s de nuestros formularios de sitio web, correos electr\u00f3nicos, llamadas y cuestionarios de planificaci\u00f3n.<\/p>\n\n\n\n<p>\ud83d\udd27 <strong>C\u00f3mo y por qu\u00e9 usamos su informaci\u00f3n (nuestra base legal)<\/strong><\/p>\n\n\n\n<p>Utilizamos sus datos en base a fundamentos legales espec\u00edficos seg\u00fan el RGPD:<\/p>\n\n\n\n<ul class=\"wp-block-list\">\n<li><strong>Para cumplir nuestro contrato con usted:<\/strong> Planificar y ejecutar su propuesta, boda, fuga o sesi\u00f3n de fotos; comunicarnos con usted y los proveedores; procesar pagos.<strong>Base legal: Ejecuci\u00f3n del contrato<\/strong>)<\/li>\n\n\n\n<li><strong>Con su consentimiento expl\u00edcito:<\/strong> Env\u00edo de comunicaciones de marketing (si acepta, \u00a1actualmente no lo hacemos!) y almacenamiento de cookies de an\u00e1lisis y marketing en su dispositivo (consulte la Pol\u00edtica de Cookies). Puede retirar su consentimiento en cualquier momento.<strong>Base legal: Consentimiento<\/strong>)<\/li>\n\n\n\n<li><strong>Para nuestros leg\u00edtimos intereses comerciales:<\/strong> Responder a sus consultas antes de formalizar un contrato; mejorar nuestro sitio web y nuestros servicios; mantener registros internos; y prevenir el fraude. Siempre buscamos un equilibrio entre nuestros intereses y sus derechos.<strong>Base legal: Intereses leg\u00edtimos<\/strong>)<\/li>\n\n\n\n<li><strong>Para cumplir con las obligaciones legales:<\/strong> Mantener los registros requeridos por la legislaci\u00f3n contable y fiscal francesa.<strong>Base legal: Obligaci\u00f3n legal<\/strong>)<\/li>\n<\/ul>\n\n\n\n<p>Lo prometemos <strong>No env\u00ede boletines informativos spam<\/strong> \u00a1A menos que los pidas espec\u00edficamente!<\/p>\n\n\n\n<p>\ud83e\udd1d <strong>Con qui\u00e9n compartimos sus datos<\/strong><\/p>\n\n\n\n<p>Para que su evento se realice, a veces necesitamos compartir detalles necesarios con socios de confianza, siempre con cuidado:<\/p>\n\n\n\n<ul class=\"wp-block-list\">\n<li><strong>Proveedores de eventos:<\/strong> Fot\u00f3grafos, vide\u00f3grafos, locales, catering, floristas, estilistas, m\u00fasicos, etc., pero solo la informaci\u00f3n que necesitan para realizar su servicio. <em>su<\/em> evento.<\/li>\n\n\n\n<li><strong>Procesadores de pagos:<\/strong> Para gestionar pagos de forma segura (por ejemplo, Stripe, PayPal).<\/li>\n\n\n\n<li><strong>Proveedores de tecnolog\u00eda:<\/strong> Alojamiento de sitios web, almacenamiento en la nube (como Google Drive), proveedores de correo electr\u00f3nico, herramientas de an\u00e1lisis (Google Analytics), plataformas de marketing (Meta\/Facebook, LinkedIn) \u2013 <em>Sujeto a su consentimiento de cookies cuando corresponda<\/em>.<\/li>\n\n\n\n<li><strong>Asesores legales\/profesionales:<\/strong> Si es legalmente requerido o necesario.<\/li>\n<\/ul>\n\n\n\n<p>\ud83c\udf0d <strong>Transferencias internacionales de datos<\/strong><\/p>\n\n\n\n<p>Algunos de nuestros proveedores de tecnolog\u00eda (como Google, Meta\/Facebook y, potencialmente, de almacenamiento en la nube) tienen su sede fuera del Espacio Econ\u00f3mico Europeo (EEE), principalmente en EE. UU. Cuando se transfieren datos, nos basamos en mecanismos aprobados, como el Marco de Privacidad de Datos UE-EE. UU. o las Cl\u00e1usulas Contractuales Tipo, junto con medidas complementarias, para garantizar la protecci\u00f3n adecuada de sus datos.<\/p>\n\n\n\n<p>\u23f3 <strong>\u00bfDurante cu\u00e1nto tiempo conservamos su informaci\u00f3n?<\/strong><\/p>\n\n\n\n<p>Conservamos sus datos personales solo el tiempo necesario para la finalidad de su recopilaci\u00f3n, para prestar nuestros servicios y para cumplir con los requisitos legales (como la normativa contable francesa, que puede exigir la conservaci\u00f3n de los datos de transacciones durante varios a\u00f1os). Posteriormente, se eliminan de forma segura.<\/p>\n\n\n\n<p>\ud83d\udd12 <strong>Manteniendo sus datos seguros<\/strong><\/p>\n\n\n\n<p>Nos tomamos muy en serio la seguridad de sus datos y utilizamos medidas t\u00e9cnicas y organizativas razonables (como servidores seguros, controles de acceso, cifrado cuando corresponda) para protegerlos contra acceso no autorizado, p\u00e9rdida o mal uso.<\/p>\n\n\n\n<p id=\"data-deletion\">\u2728 <strong>Sus derechos de privacidad (\u00a1Usted tiene el control!)<\/strong><\/p>\n\n\n\n<p>Seg\u00fan el RGPD, usted tiene derechos con respecto a sus datos:<\/p>\n\n\n\n<ul class=\"wp-block-list\">\n<li><strong>Acceso:<\/strong> Solicite una copia de los datos que tenemos sobre usted.<\/li>\n\n\n\n<li><strong>Rectificaci\u00f3n:<\/strong> P\u00eddanos que corrijamos datos inexactos o incompletos.<\/li>\n\n\n\n<li><strong>Borrado (&#039;Derecho al olvido&#039;):<\/strong> Solicitar la eliminaci\u00f3n de sus datos, bajo determinadas condiciones.<\/li>\n\n\n\n<li><strong>Restricci\u00f3n:<\/strong> P\u00eddanos que limitemos el modo en que utilizamos sus datos, bajo determinadas condiciones.<\/li>\n\n\n\n<li><strong>Portabilidad:<\/strong> Solicitar que sus datos se le transfieran a usted o a otro servicio en un formato utilizable, bajo determinadas condiciones.<\/li>\n\n\n\n<li><span style=\"box-sizing: border-box; margin: 0px; padding: 0px;\"><strong>Objeto:<\/strong>&nbsp;Oponerse a nuestro procesamiento de sus datos en base a intereses leg\u00edtimos.<\/span><\/li>\n\n\n\n<li><strong>Retirar el consentimiento:<\/strong> Retire su consentimiento en cualquier momento para el procesamiento basado en el consentimiento (como cookies de marketing o uso de im\u00e1genes de portafolios).<\/li>\n<\/ul>\n\n\n\n<p>\ud83d\udce9 <strong>Para ejercer sus derechos,<\/strong> Por favor env\u00edenos un correo electr\u00f3nico a <strong><a href=\"mailto:support@kissinparis.com\">support@kissinparis.com<\/a><\/strong>Responderemos seg\u00fan lo exija la ley. Tambi\u00e9n tiene derecho a presentar una reclamaci\u00f3n ante la autoridad francesa de protecci\u00f3n de datos, la CNIL (www.cnil.fr).<\/p>\n\n\n\n<p><em>Esta pol\u00edtica puede actualizarse ocasionalmente. Por favor, consulte la versi\u00f3n m\u00e1s reciente.<\/em><\/p>\n<\/div><\/div>","protected":false},"excerpt":{"rendered":"<p>Privacy Policy Effective Date: May 2, 2025 Owner &amp; Data Controller: Kiss Me in Paris SARL, 78 Avenue Raymond Poincar\u00e9, 75016 Paris, France Contact for Privacy Matters: support@kissinparis.com Bonjour! At Kiss Me in Paris, your privacy is paramount. We only collect the information truly needed to craft your unforgettable Parisian experience and make our services [&hellip;]<\/p>\n","protected":false},"author":40,"featured_media":0,"parent":0,"menu_order":0,"comment_status":"closed","ping_status":"closed","template":"","meta":{"_acf_changed":false,"ub_ctt_via":"","footnotes":""},"class_list":["post-20023","page","type-page","status-publish","hentry"],"acf":[],"featured_image_src":null,"_links":{"self":[{"href":"https:\/\/kissinparis.com\/es\/wp-json\/wp\/v2\/pages\/20023","targetHints":{"allow":["GET"]}}],"collection":[{"href":"https:\/\/kissinparis.com\/es\/wp-json\/wp\/v2\/pages"}],"about":[{"href":"https:\/\/kissinparis.com\/es\/wp-json\/wp\/v2\/types\/page"}],"author":[{"embeddable":true,"href":"https:\/\/kissinparis.com\/es\/wp-json\/wp\/v2\/users\/40"}],"replies":[{"embeddable":true,"href":"https:\/\/kissinparis.com\/es\/wp-json\/wp\/v2\/comments?post=20023"}],"version-history":[{"count":6,"href":"https:\/\/kissinparis.com\/es\/wp-json\/wp\/v2\/pages\/20023\/revisions"}],"predecessor-version":[{"id":28558,"href":"https:\/\/kissinparis.com\/es\/wp-json\/wp\/v2\/pages\/20023\/revisions\/28558"}],"wp:attachment":[{"href":"https:\/\/kissinparis.com\/es\/wp-json\/wp\/v2\/media?parent=20023"}],"curies":[{"name":"wp","href":"https:\/\/api.w.org\/{rel}","templated":true}]}}