{"id":20031,"date":"2025-05-02T11:59:39","date_gmt":"2025-05-02T11:59:39","guid":{"rendered":"https:\/\/kissinparis.com\/?page_id=20031"},"modified":"2026-02-20T13:45:59","modified_gmt":"2026-02-20T13:45:59","slug":"terminos-servicio","status":"publish","type":"page","link":"https:\/\/kissinparis.com\/es\/terms-of-service\/","title":{"rendered":"T\u00e9rminos de Servicio"},"content":{"rendered":"<div class=\"wp-block-group alignfull sec heror-section mt-0 mb-0 has-scroll-down has-background-color has-primary-background-color has-text-color has-background has-link-color wp-elements-bed3a1231d28e1e6ee0ee751e8ef3f99\"><div class=\"wp-block-group__inner-container is-layout-constrained wp-block-group-is-layout-constrained\">\n<h1 class=\"wp-block-heading alignwide has-text-align-left full has-background-color has-text-color has-link-color wp-elements-c4321102cb035f8643bf507024481e3e\">T\u00e9rminos de Servicio<\/h1>\n<\/div><\/div>\n\n\n\n<div class=\"wp-block-group alignfull sec mt-0 mb-0\"><div class=\"wp-block-group__inner-container is-layout-constrained wp-block-group-is-layout-constrained\">\n<p>Bienvenidos a Kiss Me in Paris, \u00a1donde convertimos tus sue\u00f1os parisinos en realidad! Por favor, lee estos t\u00e9rminos: son la base de nuestra fant\u00e1stica relaci\u00f3n de trabajo al reservar nuestros servicios de planificaci\u00f3n o sesi\u00f3n fotogr\u00e1fica.<\/p>\n\n\n\n<p>\ud83c\uddeb\ud83c\uddf7 <strong>Nuestro Acuerdo<\/strong><\/p>\n\n\n\n<p>Estos t\u00e9rminos, junto con su propuesta o contrato firmado, constituyen el acuerdo entre usted (\u00abCliente\u00bb, \u00abUsted\u00bb) y Kiss Me in Paris SARL (\u00abKMIP\u00bb, \u00abNosotros\u00bb). Este acuerdo se rige por las leyes de Francia y cualquier disputa se resolver\u00e1 en los tribunales de Par\u00eds.<\/p>\n\n\n\n<h2 class=\"wp-block-heading\">\ud83d\udc8d <strong>Reservas y pagos<\/strong><\/h2>\n\n\n\n<ul class=\"wp-block-list\">\n<li><strong>Asegurando su cita:<\/strong> \u00bfListos para hacer magia? Para reservar oficialmente nuestros servicios de planificaci\u00f3n o sesi\u00f3n de fotos y reservar tu fecha, necesitamos un contrato\/propuesta firmado y una inicial. <strong>dep\u00f3sito<\/strong> (normalmente, el 50% del total de honorarios, seg\u00fan lo especificado en su propuesta). Este pago garantiza nuestra disponibilidad exclusiva para usted y nos permite comenzar el trabajo inicial y las consultas.<\/li>\n\n\n\n<li><strong>Reembolsabilidad:<\/strong> Por favor consulte la <strong>&#039;Cancelaciones y reembolsos&#039;<\/strong> secci\u00f3n a continuaci\u00f3n para conocer los t\u00e9rminos detallados sobre la posibilidad de reembolso de los pagos, que difieren entre los servicios de planificaci\u00f3n y las sesiones fotogr\u00e1ficas.<\/li>\n\n\n\n<li><strong>Pago final:<\/strong> El saldo restante deber\u00e1 ser pagado antes o el d\u00eda de su sesi\u00f3n de fotos o evento, de acuerdo al cronograma descrito en su contrato espec\u00edfico.<\/li>\n\n\n\n<li><strong>M\u00e9todos de pago:<\/strong> Los m\u00e9todos de pago aceptados (generalmente transferencia bancaria o pago seguro en l\u00ednea) y los detalles se proporcionar\u00e1n en su propuesta\/factura. Todos los precios se expresan generalmente en euros (\u20ac).<\/li>\n<\/ul>\n\n\n\n<p>\u274c <strong>Cancelaciones y reembolsos<\/strong><\/p>\n\n\n\n<p>Invertimos mucho tiempo y dedicaci\u00f3n desde el momento de su reserva. Entendemos que los planes pueden cambiar, as\u00ed que revise atentamente las pol\u00edticas de cancelaci\u00f3n espec\u00edficas de los servicios que ha reservado:<\/p>\n\n\n\n<p><strong>Pol\u00edtica de cancelaci\u00f3n de servicios de planificaci\u00f3n<\/strong><\/p>\n\n\n\n<ul class=\"wp-block-list\">\n<li><strong>Estrictamente no reembolsable:<\/strong> Debido a la naturaleza extensa de la planificaci\u00f3n de eventos, la coordinaci\u00f3n de proveedores, la obtenci\u00f3n de lugares y la asunci\u00f3n de compromisos financieros en su nombre, a menudo con meses o incluso a\u00f1os de anticipaci\u00f3n, <strong>Todos los pagos realizados expl\u00edcitamente para los Servicios de Planificaci\u00f3n (incluido el dep\u00f3sito\/anticipo inicial y cualquier cuota posterior) son estrictamente no reembolsables.<\/strong> desde el momento en que se pagan.<\/li>\n\n\n\n<li>Esto se aplica independientemente del motivo de la cancelaci\u00f3n o con cu\u00e1nta anticipaci\u00f3n se produzca la cancelaci\u00f3n, ya que nuestro trabajo dedicado para su evento a medida comienza inmediatamente despu\u00e9s de la reserva.<\/li>\n<\/ul>\n\n\n\n<p><strong>Pol\u00edtica de cancelaci\u00f3n de sesiones fotogr\u00e1ficas<\/strong><\/p>\n\n\n\n<ul class=\"wp-block-list\">\n<li><strong>Cancelaciones realizadas con M\u00c1S de 10 d\u00edas h\u00e1biles completos ANTES<\/strong> Fecha programada para su sesi\u00f3n de fotos: Recibir\u00e1 una <strong>reembolso completo<\/strong> del importe total pagado espec\u00edficamente por la sesi\u00f3n de fotos, <strong>menos una tarifa administrativa 10%.<\/strong> (Esta tarifa se calcula en funci\u00f3n del valor total de la reserva original de la sesi\u00f3n de fotos).<\/li>\n\n\n\n<li><strong>Cancelaciones realizadas con 10 d\u00edas h\u00e1biles completos o MENOS ANTES<\/strong> La fecha programada para su sesi\u00f3n de fotos: Los pagos realizados expl\u00edcitamente para la sesi\u00f3n de fotos son <strong>No reembolsable<\/strong> en este punto.<\/li>\n<\/ul>\n\n\n\n<p><strong>Condiciones Generales (Aplicables a Todos los Servicios)<\/strong><\/p>\n\n\n\n<ul class=\"wp-block-list\">\n<li><strong>Ausencias y problemas de \u00faltimo momento:<\/strong> No se otorgar\u00e1n reembolsos por inasistencias o cancelaciones que ocurran dentro de los 10 d\u00edas h\u00e1biles completos de la fecha de servicio programada\/hora de inicio del evento debido a cualquier circunstancia que incluya (pero no se limite a): problemas clim\u00e1ticos \ud83c\udf27\ufe0f, retrasos\/cancelaciones de vuelos \u2708\ufe0f, huelgas, pandemias, restricciones gubernamentales, embarazo, problemas de salud, cambios de opini\u00f3n, cambios de relaci\u00f3n, etc.<\/li>\n\n\n\n<li><strong>Cancelaci\u00f3n de KMIP (Fuerza Mayor):<\/strong> En el caso extremadamente improbable de que KMIP no pueda prestar los servicios acordados debido a circunstancias imprevistas totalmente ajenas a nuestro control razonable (casos de fuerza mayor declarados seg\u00fan la legislaci\u00f3n francesa, enfermedades debilitantes que impidan la prestaci\u00f3n del servicio), le notificaremos de inmediato. Nuestra responsabilidad se limitar\u00e1 al reembolso de los pagos realizados directamente. <em>a KMIP<\/em> Para los servicios espec\u00edficos que no podemos prestar, seg\u00fan lo determine la legislaci\u00f3n francesa aplicable. Intentaremos ayudarle a encontrar alternativas, aunque no podemos garantizarlo.<\/li>\n\n\n\n<li><strong>Reprogramaci\u00f3n:<\/strong> Si bien siempre intentamos ser flexibles, las solicitudes de reprogramaci\u00f3n est\u00e1n sujetas a nuestra disponibilidad y pueden generar cargos adicionales. La reprogramaci\u00f3n no est\u00e1 garantizada y no anula las condiciones de la pol\u00edtica de cancelaci\u00f3n seg\u00fan el... <em>original<\/em> fecha reservada<\/li>\n<\/ul>\n\n\n\n<p>\ud83d\udcf8 <strong>Entregables y uso de im\u00e1genes<\/strong><\/p>\n\n\n\n<ul class=\"wp-block-list\">\n<li><strong>Lo que obtienes:<\/strong> Para sesiones de fotos\/eventos con fotograf\u00eda\/videograf\u00eda, entregamos archivos digitales de alta resoluci\u00f3n (im\u00e1genes editadas, posiblemente material clave sin editar si se acuerda) a trav\u00e9s de una galer\u00eda en l\u00ednea segura o una transferencia. No se incluyen productos f\u00edsicos (impresiones, \u00e1lbumes) a menos que se especifique en su contrato.<\/li>\n\n\n\n<li><strong>Derechos de uso:<\/strong> Recibir\u00e1s una licencia para <strong>uso personal<\/strong> de sus im\u00e1genes\/videos (compartir con amigos\/familiares, redes sociales, imprimir para uso personal). No se permite el uso comercial sin consentimiento previo por escrito.<\/li>\n\n\n\n<li><strong>Derechos de autor:<\/strong> El fot\u00f3grafo\/vide\u00f3grafo conserva los derechos de autor de las im\u00e1genes\/v\u00eddeos creados.<\/li>\n\n\n\n<li><strong>Uso de la cartera de KMIP:<\/strong> \u00a1Nos encanta mostrar nuestro trabajo! Podr\u00edamos solicitar su permiso (mediante una cl\u00e1usula aparte en su contrato o una cesi\u00f3n de derechos de modelo) para usar im\u00e1genes\/videos seleccionados de su evento\/sesi\u00f3n fotogr\u00e1fica en nuestro sitio web, redes sociales y materiales promocionales. <strong>S\u00f3lo los utilizaremos con su consentimiento expl\u00edcito por escrito.<\/strong><\/li>\n<\/ul>\n\n\n\n<p>\ud83e\udd1d <strong>Nuestro rol y responsabilidades<\/strong><\/p>\n\n\n\n<ul class=\"wp-block-list\">\n<li><strong>KMIP:<\/strong> Prometemos proporcionar los servicios de planificaci\u00f3n, coordinaci\u00f3n o fotograf\u00eda descritos en su contrato espec\u00edfico con habilidad y cuidado profesional.<\/li>\n\n\n\n<li><strong>Cliente:<\/strong> Confiamos en usted para una comunicaci\u00f3n oportuna, para proporcionar informaci\u00f3n precisa, para tomar las decisiones\/aprobaciones necesarias con prontitud y para cumplir con el cronograma de pagos.<\/li>\n\n\n\n<li><strong>Proveedores externos:<\/strong> Como organizadores, nos coordinamos con diversos proveedores independientes (locales, empresas de catering, etc.). Si bien seleccionamos y recomendamos socios de confianza, no nos responsabilizamos del rendimiento, los fallos ni las acciones de estas empresas externas. Nuestra funci\u00f3n es la coordinaci\u00f3n y la planificaci\u00f3n.<\/li>\n<\/ul>\n\n\n\n<p>\ud83d\udc68\u200d\ud83d\udc69\u200d\ud83d\udc67 <strong>Menores<\/strong><\/p>\n\n\n\n<p>Podemos fotografiar a menores como parte de sesiones familiares o eventos, requiriendo siempre el permiso de un padre o tutor legal, quien idealmente debe estar presente durante la sesi\u00f3n.<\/p>\n\n\n\n<p>\ud83d\udee1\ufe0f <strong>L\u00edmites de responsabilidad<\/strong><\/p>\n\n\n\n<p>Salvo que la legislaci\u00f3n francesa lo proh\u00edba, la responsabilidad de KMIP es limitada. No nos responsabilizamos de circunstancias ajenas a nuestro control, como desastres naturales, condiciones meteorol\u00f3gicas, huelgas, problemas de transporte o circunstancias personales del cliente (enfermedad, p\u00e9rdida de vuelos, etc.). Nuestra responsabilidad total en relaci\u00f3n con los servicios prestados no superar\u00e1 el importe total pagado a KMIP por dichos servicios.<\/p>\n\n\n\n<p><em>\u00bfTiene alguna pregunta sobre estos t\u00e9rminos? \u00a1Pregunte antes de reservar! <a href=\"https:\/\/kissinparis.com\/es\/contacto-exitoso\/\">Puedes contactarnos aqu\u00ed<\/a> o env\u00edenos un correo electr\u00f3nico a support@kissinparis.com.<\/em><\/p>\n<\/div><\/div>\n\n\n\n<p><\/p>","protected":false},"excerpt":{"rendered":"<p>Terms of Service Welcome to Kiss Me in Paris, where we turn Parisian dreams into reality! Please read these terms \u2013 they form the basis of our fantastic working relationship when you book our planning or photoshoot services. \ud83c\uddeb\ud83c\uddf7 Our Agreement These terms, along with your signed proposal or contract, form the agreement between you [&hellip;]<\/p>\n","protected":false},"author":40,"featured_media":0,"parent":0,"menu_order":0,"comment_status":"closed","ping_status":"closed","template":"","meta":{"_acf_changed":false,"ub_ctt_via":"","footnotes":""},"class_list":["post-20031","page","type-page","status-publish","hentry"],"acf":[],"featured_image_src":null,"_links":{"self":[{"href":"https:\/\/kissinparis.com\/es\/wp-json\/wp\/v2\/pages\/20031","targetHints":{"allow":["GET"]}}],"collection":[{"href":"https:\/\/kissinparis.com\/es\/wp-json\/wp\/v2\/pages"}],"about":[{"href":"https:\/\/kissinparis.com\/es\/wp-json\/wp\/v2\/types\/page"}],"author":[{"embeddable":true,"href":"https:\/\/kissinparis.com\/es\/wp-json\/wp\/v2\/users\/40"}],"replies":[{"embeddable":true,"href":"https:\/\/kissinparis.com\/es\/wp-json\/wp\/v2\/comments?post=20031"}],"version-history":[{"count":4,"href":"https:\/\/kissinparis.com\/es\/wp-json\/wp\/v2\/pages\/20031\/revisions"}],"predecessor-version":[{"id":28556,"href":"https:\/\/kissinparis.com\/es\/wp-json\/wp\/v2\/pages\/20031\/revisions\/28556"}],"wp:attachment":[{"href":"https:\/\/kissinparis.com\/es\/wp-json\/wp\/v2\/media?parent=20031"}],"curies":[{"name":"wp","href":"https:\/\/api.w.org\/{rel}","templated":true}]}}