{"id":20032,"date":"2025-05-02T11:58:48","date_gmt":"2025-05-02T11:58:48","guid":{"rendered":"https:\/\/kissinparis.com\/?page_id=20032"},"modified":"2026-02-20T13:46:42","modified_gmt":"2026-02-20T13:46:42","slug":"politica-cookies","status":"publish","type":"page","link":"https:\/\/kissinparis.com\/es\/cookie-policy\/","title":{"rendered":"Pol\u00edtica de Cookies"},"content":{"rendered":"<div class=\"wp-block-group alignfull sec heror-section mt-0 mb-0 has-scroll-down has-background-color has-primary-background-color has-text-color has-background has-link-color wp-elements-1316ceccd1c5a1c713608d96d7a24773\"><div class=\"wp-block-group__inner-container is-layout-constrained wp-block-group-is-layout-constrained\">\n<h1 class=\"wp-block-heading alignwide has-text-align-left full has-background-color has-text-color has-link-color wp-elements-5bfd07e11c315872cfe257447c873d90\">Pol\u00edtica de Cookies<\/h1>\n<\/div><\/div>\n\n\n\n<div class=\"wp-block-group alignfull sec mt-0 mb-0\"><div class=\"wp-block-group__inner-container is-layout-constrained wp-block-group-is-layout-constrained\">\n<p>Esta p\u00e1gina explica c\u00f3mo Kiss Me in Paris utiliza las cookies en kissinparis.com y qu\u00e9 opciones tienes.<\/p>\n\n\n\n<p><strong>\u00bfQu\u00e9 son las cookies?<\/strong><\/p>\n\n\n\n<p>Las cookies son peque\u00f1os archivos de texto que se almacenan en tu dispositivo cuando visitas un sitio web. Ayudan al sitio a recordar tus preferencias, a funcionar correctamente y nos brindan informaci\u00f3n sobre c\u00f3mo lo utilizan los visitantes.<\/p>\n\n\n\n<p><strong>Cookies que utilizamos<\/strong><\/p>\n\n\n\n<p><em>Cookies estrictamente necesarias<\/em> Estas cookies mantienen el sitio web en funcionamiento, como recordar tu consentimiento de cookies y mantener tu sesi\u00f3n. No requieren tu consentimiento y no se pueden desactivar.<\/p>\n\n\n\n<p><em>Cookies anal\u00edticas (requieren su consentimiento)<\/em> Utilizamos Google Analytics para comprender qu\u00e9 p\u00e1ginas utilizan con m\u00e1s frecuencia los visitantes y c\u00f3mo navegan por el sitio. Estos datos son an\u00f3nimos y nos ayudan a mejorar la experiencia. Estas cookies solo se instalan tras su consentimiento.<\/p>\n\n\n\n<p><em>Cookies de marketing (requieren su consentimiento)<\/em> Utilizamos el p\u00edxel Meta (Facebook) y la etiqueta Insight Tag de LinkedIn para medir la eficacia de nuestra publicidad y llegar a clientes potenciales. Estas cookies solo se instalan tras su consentimiento. Si corresponde, las cookies relacionadas con herramientas integradas como el chat de WhatsApp tambi\u00e9n podr\u00edan incluirse en esta categor\u00eda.<\/p>\n\n\n\n<p><strong>Tus opciones<\/strong><\/p>\n\n\n\n<p>Cuando visites el sitio por primera vez, ver\u00e1s un banner de consentimiento. Puedes aceptar todas las cookies, rechazar las no esenciales o elegir qu\u00e9 categor\u00edas permitir.<\/p>\n\n\n\n<p>\u00bfCambiaste de opini\u00f3n? Puedes actualizar tus preferencias en cualquier momento a trav\u00e9s de la configuraci\u00f3n de tu navegador. La mayor\u00eda de los navegadores te permiten ver, administrar y eliminar las cookies individualmente. Consulta la secci\u00f3n de ayuda de tu navegador para obtener instrucciones espec\u00edficas.<\/p>\n\n\n\n<p><strong>Preguntas<\/strong> <\/p>\n\n\n\n<p>Para cualquier cosa relacionada con las cookies o la privacidad de los datos, cont\u00e1ctenos en <em><a href=\"mailto:support@kissinparis.com\">support@kissinparis.com<\/a><\/em> o lea nuestra Pol\u00edtica de Privacidad completa.<\/p>\n<\/div><\/div>","protected":false},"excerpt":{"rendered":"<p>Cookie Policy This page explains how Kiss Me in Paris uses cookies on kissinparis.com and what choices you have. What cookies are Cookies are small text files stored on your device when you visit a website. They help the site remember your preferences, function properly, and give us insight into how visitors use the site. [&hellip;]<\/p>\n","protected":false},"author":40,"featured_media":0,"parent":0,"menu_order":0,"comment_status":"closed","ping_status":"closed","template":"","meta":{"_acf_changed":false,"ub_ctt_via":"","footnotes":""},"class_list":["post-20032","page","type-page","status-publish","hentry"],"acf":[],"featured_image_src":null,"_links":{"self":[{"href":"https:\/\/kissinparis.com\/es\/wp-json\/wp\/v2\/pages\/20032","targetHints":{"allow":["GET"]}}],"collection":[{"href":"https:\/\/kissinparis.com\/es\/wp-json\/wp\/v2\/pages"}],"about":[{"href":"https:\/\/kissinparis.com\/es\/wp-json\/wp\/v2\/types\/page"}],"author":[{"embeddable":true,"href":"https:\/\/kissinparis.com\/es\/wp-json\/wp\/v2\/users\/40"}],"replies":[{"embeddable":true,"href":"https:\/\/kissinparis.com\/es\/wp-json\/wp\/v2\/comments?post=20032"}],"version-history":[{"count":6,"href":"https:\/\/kissinparis.com\/es\/wp-json\/wp\/v2\/pages\/20032\/revisions"}],"predecessor-version":[{"id":29443,"href":"https:\/\/kissinparis.com\/es\/wp-json\/wp\/v2\/pages\/20032\/revisions\/29443"}],"wp:attachment":[{"href":"https:\/\/kissinparis.com\/es\/wp-json\/wp\/v2\/media?parent=20032"}],"curies":[{"name":"wp","href":"https:\/\/api.w.org\/{rel}","templated":true}]}}