{"id":24428,"date":"2025-06-11T13:51:03","date_gmt":"2025-06-11T13:51:03","guid":{"rendered":"https:\/\/kissinparis.com\/?page_id=24428"},"modified":"2025-10-28T09:09:49","modified_gmt":"2025-10-28T09:09:49","slug":"planificacion-bodas","status":"publish","type":"page","link":"https:\/\/kissinparis.com\/es\/wedding-planning\/","title":{"rendered":"Centro de planificaci\u00f3n de bodas en Par\u00eds"},"content":{"rendered":"<div class=\"wp-block-group alignfull sec full-width pt-0 pb-0 mt-0 mb-0 bg-transition-light has-background-color has-primary-background-color has-text-color has-background has-link-color wp-elements-28aeafef70270eb1b53fe03ff8abc34d\"><div class=\"wp-block-group__inner-container is-layout-constrained wp-block-group-is-layout-constrained\">\n<div class=\"wp-block-group alignfull sec heror-section full-width mt-0 mb-0 has-scroll-down pb-0\"><div class=\"wp-block-group__inner-container is-layout-constrained wp-block-group-is-layout-constrained\">\n<div class=\"wp-block-columns alignfull summery is-layout-flex wp-container-core-columns-is-layout-9d6595d7 wp-block-columns-is-layout-flex\">\n<div class=\"wp-block-column is-layout-flow wp-block-column-is-layout-flow\">\n<h1 class=\"wp-block-heading has-text-align-left full has-background-color has-text-color has-link-color wp-elements-0606dfb4bf140e196f7cc8f88fdf859b\">Centro de planificaci\u00f3n de bodas en Par\u00eds<\/h1>\n\n\n\n<h2 class=\"wp-block-heading mt-0 has-large-font-size\">Empieza aqu\u00ed: lugares, gu\u00edas de expertos, ideas de elopement y servicio integral de planificaci\u00f3n.<\/h2>\n<\/div>\n\n\n\n<div class=\"wp-block-column lead is-layout-flow wp-block-column-is-layout-flow\">\n<p>Su punto de partida para planificar bodas y fugas rom\u00e1nticas en Par\u00eds, respaldado por nuestro acceso exclusivo a hoteles premium, castillos y proveedores desde 2013. Trabaje con nuestros organizadores de bodas, explore nuestras gu\u00edas de bodas y fugas en Par\u00eds, encuentre fot\u00f3grafos experimentados para cobertura completa, sesiones pre-boda o fotos de fuga, y obtenga consejos pr\u00e1cticos para su celebraci\u00f3n\u2014ya sea \u00edntima o lujosa.<\/p>\n<\/div>\n<\/div>\n<\/div><\/div>\n\n\n\n<div class=\"wp-block-group alignfull mt-0 mb-0 sec sec-fullwidth sec-packages sec-sm-pt\" id=\"packages\"><div class=\"wp-block-group__inner-container is-layout-constrained wp-block-group-is-layout-constrained\">\n<div class=\"filters v2 mt-0 mb-0 alignfull\"><\/div><div id=\"all-items\" class=\"is-layout-flex wp-block-columns works filtarable boxes v2 alignfull\"><div class=\"is-layout-flow wp-block-column work all\" data-price=\"\"><a href=\"https:\/\/kissinparis.com\/es\/organizador-bodas-paris\/\"  title=\"Contratar a un organizador de bodas\" aria-label=\"Contratar a un organizador de bodas\"><figure class=\"wp-block-image size-full\"><img loading=\"lazy\" decoding=\"async\" width=\"1600\" height=\"1067\" src=\"https:\/\/kissinparis.com\/wp-content\/uploads\/2025\/05\/paris-elopement-chateau-vaux-le-vicomte-luxury-vintage-car.webp\" class=\"figure figure-1\" alt=\"Lujosa escapada a Par\u00eds en el Ch\u00e2teau Vaux-le-Vicomte con novia en vestido de alta costura, novio en traje Tom Ford y descapotable blanco vintage\" title=\"Contratar a un organizador de bodas\" srcset=\"https:\/\/kissinparis.com\/wp-content\/uploads\/2025\/05\/paris-elopement-chateau-vaux-le-vicomte-luxury-vintage-car.webp 1600w, https:\/\/kissinparis.com\/wp-content\/uploads\/2025\/05\/paris-elopement-chateau-vaux-le-vicomte-luxury-vintage-car-300x200.webp 300w, https:\/\/kissinparis.com\/wp-content\/uploads\/2025\/05\/paris-elopement-chateau-vaux-le-vicomte-luxury-vintage-car-1024x683.webp 1024w, https:\/\/kissinparis.com\/wp-content\/uploads\/2025\/05\/paris-elopement-chateau-vaux-le-vicomte-luxury-vintage-car-768x512.webp 768w, https:\/\/kissinparis.com\/wp-content\/uploads\/2025\/05\/paris-elopement-chateau-vaux-le-vicomte-luxury-vintage-car-1536x1024.webp 1536w, https:\/\/kissinparis.com\/wp-content\/uploads\/2025\/05\/paris-elopement-chateau-vaux-le-vicomte-luxury-vintage-car-1200x800.webp 1200w\" sizes=\"auto, (max-width: 1600px) 100vw, 1600px\" \/><\/figure><div class=\"wp-block-group caption is-vertical is-layout-flex wp-container-core-group-layout-5 wp-block-group-is-layout-flex\"><h3 class=\"full\">Contratar a un organizador de bodas<\/h3><p class=\"full\">Planificaci\u00f3n de servicio completo desde la selecci\u00f3n del lugar hasta la gesti\u00f3n de invitados y el d\u00eda de la celebraci\u00f3n.<\/p><\/div><\/a><\/div><div class=\"is-layout-flow wp-block-column work all\" data-price=\"\"><a href=\"https:\/\/kissinparis.com\/es\/boda-intima-paris\/\"  title=\"Gu\u00eda para escapadas a Par\u00eds\" aria-label=\"Gu\u00eda para escapadas a Par\u00eds\"><figure class=\"wp-block-image size-full\"><img loading=\"lazy\" decoding=\"async\" width=\"1600\" height=\"1067\" src=\"https:\/\/kissinparis.com\/wp-content\/uploads\/2025\/06\/paris-elopement-sunrise-eiffel-tower-couple.webp\" class=\"figure figure-1\" alt=\"El novio lleva a la novia con un vestido blanco y zapatos Louboutin hacia la Torre Eiffel durante el amanecer dorado en el Pont d&#039;I\u00e9na.\" title=\"Gu\u00eda para escapadas a Par\u00eds\" srcset=\"https:\/\/kissinparis.com\/wp-content\/uploads\/2025\/06\/paris-elopement-sunrise-eiffel-tower-couple.webp 1600w, https:\/\/kissinparis.com\/wp-content\/uploads\/2025\/06\/paris-elopement-sunrise-eiffel-tower-couple-300x200.webp 300w, https:\/\/kissinparis.com\/wp-content\/uploads\/2025\/06\/paris-elopement-sunrise-eiffel-tower-couple-1024x683.webp 1024w, https:\/\/kissinparis.com\/wp-content\/uploads\/2025\/06\/paris-elopement-sunrise-eiffel-tower-couple-768x512.webp 768w, https:\/\/kissinparis.com\/wp-content\/uploads\/2025\/06\/paris-elopement-sunrise-eiffel-tower-couple-1536x1024.webp 1536w, https:\/\/kissinparis.com\/wp-content\/uploads\/2025\/06\/paris-elopement-sunrise-eiffel-tower-couple-1200x800.webp 1200w\" sizes=\"auto, (max-width: 1600px) 100vw, 1600px\" \/><\/figure><div class=\"wp-block-group caption is-vertical is-layout-flex wp-container-core-group-layout-5 wp-block-group-is-layout-flex\"><h3 class=\"full\">Gu\u00eda para escapadas a Par\u00eds<\/h3><p class=\"full\">Gu\u00eda definitiva para 2026: mejores ubicaciones, selecci\u00f3n de proveedores, paquetes y hoja de ruta de planificaci\u00f3n completa<\/p><\/div><\/a><\/div><div class=\"is-layout-flow wp-block-column work all\" data-price=\"\"><a href=\"https:\/\/kissinparis.com\/es\/boda-en-paris\/\"  title=\"Gu\u00eda de bodas en Par\u00eds\" aria-label=\"Gu\u00eda de bodas en Par\u00eds\"><figure class=\"wp-block-image size-full\"><img loading=\"lazy\" decoding=\"async\" width=\"1700\" height=\"1134\" src=\"https:\/\/kissinparis.com\/wp-content\/uploads\/2023\/03\/Chateau-de-Vaux-le-Vicomte-Wedding-in-Paris-83.jpg\" class=\"figure figure-1\" alt=\"Coche blanco en una boda en el castillo de Vaux-le-Vicomte, cerca de Par\u00eds\" title=\"Gu\u00eda de bodas en Par\u00eds\" srcset=\"https:\/\/kissinparis.com\/wp-content\/uploads\/2023\/03\/Chateau-de-Vaux-le-Vicomte-Wedding-in-Paris-83.jpg 1700w, https:\/\/kissinparis.com\/wp-content\/uploads\/2023\/03\/Chateau-de-Vaux-le-Vicomte-Wedding-in-Paris-83-300x200.jpg 300w, https:\/\/kissinparis.com\/wp-content\/uploads\/2023\/03\/Chateau-de-Vaux-le-Vicomte-Wedding-in-Paris-83-1024x683.jpg 1024w, https:\/\/kissinparis.com\/wp-content\/uploads\/2023\/03\/Chateau-de-Vaux-le-Vicomte-Wedding-in-Paris-83-768x512.jpg 768w, https:\/\/kissinparis.com\/wp-content\/uploads\/2023\/03\/Chateau-de-Vaux-le-Vicomte-Wedding-in-Paris-83-1536x1025.jpg 1536w, https:\/\/kissinparis.com\/wp-content\/uploads\/2023\/03\/Chateau-de-Vaux-le-Vicomte-Wedding-in-Paris-83-1200x800.jpg 1200w\" sizes=\"auto, (max-width: 1700px) 100vw, 1700px\" \/><\/figure><div class=\"wp-block-group caption is-vertical is-layout-flex wp-container-core-group-layout-5 wp-block-group-is-layout-flex\"><h3 class=\"full\">Gu\u00eda de bodas en Par\u00eds<\/h3><p class=\"full\">Gu\u00eda de planificaci\u00f3n completa con rese\u00f1as de lugares, listas de proveedores y consejos presupuestarios.<\/p><\/div><\/a><\/div><div class=\"is-layout-flow wp-block-column work all\" data-price=\"\"><a href=\"https:\/\/kissinparis.com\/es\/boda-en-paris\/preparativos\/\"  title=\"Fotograf\u00eda preboda\" aria-label=\"Fotograf\u00eda preboda\"><figure class=\"wp-block-image size-full\"><img loading=\"lazy\" decoding=\"async\" width=\"1500\" height=\"1001\" src=\"https:\/\/kissinparis.com\/wp-content\/uploads\/2025\/06\/pre-wedding-shoot-in-Paris-price-1.jpg\" class=\"figure figure-1\" alt=\"Paquete de sesi\u00f3n de fotos preboda en Par\u00eds\" title=\"Fotograf\u00eda preboda\" srcset=\"https:\/\/kissinparis.com\/wp-content\/uploads\/2025\/06\/pre-wedding-shoot-in-Paris-price-1.jpg 1500w, https:\/\/kissinparis.com\/wp-content\/uploads\/2025\/06\/pre-wedding-shoot-in-Paris-price-1-300x200.jpg 300w, https:\/\/kissinparis.com\/wp-content\/uploads\/2025\/06\/pre-wedding-shoot-in-Paris-price-1-1024x683.jpg 1024w, https:\/\/kissinparis.com\/wp-content\/uploads\/2025\/06\/pre-wedding-shoot-in-Paris-price-1-768x513.jpg 768w, https:\/\/kissinparis.com\/wp-content\/uploads\/2025\/06\/pre-wedding-shoot-in-Paris-price-1-1200x801.jpg 1200w\" sizes=\"auto, (max-width: 1500px) 100vw, 1500px\" \/><\/figure><div class=\"wp-block-group caption is-vertical is-layout-flex wp-container-core-group-layout-5 wp-block-group-is-layout-flex\"><h3 class=\"full\">Fotograf\u00eda preboda<\/h3><p class=\"full\">Fotograf\u00eda de pareja en m\u00e1s de 20 lugares emblem\u00e1ticos de Par\u00eds con alquiler de vestidos y asistencia para la planificaci\u00f3n.<\/p><\/div><\/a><\/div><div class=\"is-layout-flow wp-block-column work all\" data-price=\"\"><a href=\"https:\/\/kissinparis.com\/es\/boda-intima-paris\/shangri-la\/\"  title=\"Fugas en Shangri-La\" aria-label=\"Fugas en Shangri-La\"><figure class=\"wp-block-image size-full\"><img loading=\"lazy\" decoding=\"async\" width=\"1600\" height=\"1067\" src=\"https:\/\/kissinparis.com\/wp-content\/uploads\/2025\/06\/Eiffel-Tower-couple-pictures-under-the-Eiffel-Tower-1.jpg\" class=\"figure figure-1\" alt=\"Fotos de pareja bajo la Torre Eiffel\" title=\"Fugas en Shangri-La\" srcset=\"https:\/\/kissinparis.com\/wp-content\/uploads\/2025\/06\/Eiffel-Tower-couple-pictures-under-the-Eiffel-Tower-1.jpg 1600w, https:\/\/kissinparis.com\/wp-content\/uploads\/2025\/06\/Eiffel-Tower-couple-pictures-under-the-Eiffel-Tower-1-300x200.jpg 300w, https:\/\/kissinparis.com\/wp-content\/uploads\/2025\/06\/Eiffel-Tower-couple-pictures-under-the-Eiffel-Tower-1-1024x683.jpg 1024w, https:\/\/kissinparis.com\/wp-content\/uploads\/2025\/06\/Eiffel-Tower-couple-pictures-under-the-Eiffel-Tower-1-768x512.jpg 768w, https:\/\/kissinparis.com\/wp-content\/uploads\/2025\/06\/Eiffel-Tower-couple-pictures-under-the-Eiffel-Tower-1-1536x1024.jpg 1536w, https:\/\/kissinparis.com\/wp-content\/uploads\/2025\/06\/Eiffel-Tower-couple-pictures-under-the-Eiffel-Tower-1-1200x800.jpg 1200w\" sizes=\"auto, (max-width: 1600px) 100vw, 1600px\" \/><\/figure><div class=\"wp-block-group caption is-vertical is-layout-flex wp-container-core-group-layout-5 wp-block-group-is-layout-flex\"><h3 class=\"full\">Fugas en Shangri-La<\/h3><p class=\"full\">Ceremonias en hoteles Palace en terrazas privadas de la Torre Eiffel con servicio completo de planificaci\u00f3n.<\/p><\/div><\/a><\/div><\/div>\n<\/div><\/div>\n<\/div><\/div>\n\n\n\n<div class=\"wp-block-group alignfull mt-0 mb-0  sec sec-map\"><div class=\"wp-block-group__inner-container is-layout-constrained wp-block-group-is-layout-constrained\">\n<div class=\"wp-block-columns are-vertically-aligned-center mt-0 mb-0 is-layout-flex wp-container-core-columns-is-layout-9d6595d7 wp-block-columns-is-layout-flex\">\n<div class=\"wp-block-column is-vertically-aligned-center is-layout-flow wp-block-column-is-layout-flow\">\n<p class=\"title-v2 mb-20\">En el coraz\u00f3n de Par\u00eds.<\/p>\n\n\n\n<p>Kiss Me in Paris Proposals &amp; Weddings<br>78 Av. Raymond Poincar\u00e9, 75116 Par\u00eds, Francia<br><a href=\"tel:+33661351511\">+33 6 61 35 15 11<\/a><br><a href=\"mailto:support@kissinparis.com\">support@kissinparis.com<\/a><\/p>\n<\/div>\n\n\n\n<div class=\"wp-block-column is-vertically-aligned-center is-layout-flow wp-block-column-is-layout-flow\">\n<iframe title=\"Mapa que muestra la ubicaci\u00f3n de Kiss Me en Par\u00eds Propuestas y Bodas\" src=\"https:\/\/www.google.com\/maps\/embed?pb=!1m18!1m12!1m3!1d2624.433873533341!2d2.28082346080246!3d48.86900492627629!2m3!1f0!2f0!3f0!3m2!1i1024!2i768!4f13.1!3m3!1m2!1s0x47e66f84666f802f%3A0x7b03905155589b66!2sKiss%20Me%20in%20Paris%20Proposals%20%26%20Weddings!5e0!3m2!1sen!2sin!4v1744567332130!5m2!1sen!2sin\" width=\"600\" height=\"450\" style=\"border:0;\" allowfullscreen=\"\" loading=\"lazy\" referrerpolicy=\"no-referrer-when-downgrade\"><\/iframe>\n<\/div>\n<\/div>\n<\/div><\/div>\n\n\n\n<div class=\"wp-block-group popup-cta\"><div class=\"wp-block-group__inner-container is-layout-constrained wp-block-group-is-layout-constrained\">\n<figure class=\"wp-block-video\"><video height=\"960\" style=\"aspect-ratio: 686 \/ 960;\" width=\"686\" autoplay loop muted preload=\"none\" src=\"https:\/\/kissinparis.com\/wp-content\/uploads\/2025\/04\/Full-service-Paris-proposal-planner.mp4\" playsinline><\/video><\/figure>\n\n\n\n<p class=\"title\">\u00a1Inf\u00f3rmese!<\/p>\n\n\n\n<p class=\"has-link whatsapp\"><a href=\"https:\/\/api.whatsapp.com\/send?phone=19175134350\" data-type=\"link\" data-id=\"https:\/\/api.whatsapp.com\/send?phone=19175134350\" target=\"_blank\" rel=\"noopener\">WhatsApp<\/a><\/p>\n\n\n\n<p class=\"has-link booking\"><a href=\"mailto:support@kissinparis.com?subject=Your Paris Proposal Packages Inquiry\" data-type=\"link\" data-id=\"https:\/\/api.whatsapp.com\/send?phone=19175134350\">Consulta<\/a><\/p>\n<\/div><\/div>\n\n\n\n<p><\/p>","protected":false},"excerpt":{"rendered":"<p>Paris Wedding Planning Hub Start here: venues, expert guides, elopement ideas, and full-service planning. Your starting point for planning weddings and elopements in Paris, backed by our exclusive access to premier hotels, castles, and vendors since 2013. Work with our wedding planners, browse our Paris wedding and elopement guides, find experienced photographers for wedding coverage, [&hellip;]<\/p>\n","protected":false},"author":35,"featured_media":17929,"parent":0,"menu_order":0,"comment_status":"closed","ping_status":"closed","template":"","meta":{"_acf_changed":false,"ub_ctt_via":"","footnotes":""},"class_list":["post-24428","page","type-page","status-publish","has-post-thumbnail","hentry"],"acf":[],"featured_image_src":"https:\/\/kissinparis.com\/wp-content\/uploads\/2025\/04\/paris-luxury-wedding-planner-chateau-vaux-le-vicomte.avif","_links":{"self":[{"href":"https:\/\/kissinparis.com\/es\/wp-json\/wp\/v2\/pages\/24428","targetHints":{"allow":["GET"]}}],"collection":[{"href":"https:\/\/kissinparis.com\/es\/wp-json\/wp\/v2\/pages"}],"about":[{"href":"https:\/\/kissinparis.com\/es\/wp-json\/wp\/v2\/types\/page"}],"author":[{"embeddable":true,"href":"https:\/\/kissinparis.com\/es\/wp-json\/wp\/v2\/users\/35"}],"replies":[{"embeddable":true,"href":"https:\/\/kissinparis.com\/es\/wp-json\/wp\/v2\/comments?post=24428"}],"version-history":[{"count":22,"href":"https:\/\/kissinparis.com\/es\/wp-json\/wp\/v2\/pages\/24428\/revisions"}],"predecessor-version":[{"id":28677,"href":"https:\/\/kissinparis.com\/es\/wp-json\/wp\/v2\/pages\/24428\/revisions\/28677"}],"wp:featuredmedia":[{"embeddable":true,"href":"https:\/\/kissinparis.com\/es\/wp-json\/wp\/v2\/media\/17929"}],"wp:attachment":[{"href":"https:\/\/kissinparis.com\/es\/wp-json\/wp\/v2\/media?parent=24428"}],"curies":[{"name":"wp","href":"https:\/\/api.w.org\/{rel}","templated":true}]}}