{"id":24446,"date":"2025-06-11T14:07:27","date_gmt":"2025-06-11T14:07:27","guid":{"rendered":"https:\/\/kissinparis.com\/?page_id=24446"},"modified":"2025-10-14T14:41:03","modified_gmt":"2025-10-14T14:41:03","slug":"servicios-fotografia","status":"publish","type":"page","link":"https:\/\/kissinparis.com\/es\/photography-services\/","title":{"rendered":"Fot\u00f3grafo en Par\u00eds \u2013 Servicios y Reservas"},"content":{"rendered":"<div class=\"wp-block-group alignfull sec full-width pt-0 pb-0 mt-0 mb-0 bg-transition-light has-background-color has-primary-background-color has-text-color has-background has-link-color wp-elements-51b961eee554e4a2f3346ca8ed491149\"><div class=\"wp-block-group__inner-container is-layout-constrained wp-block-group-is-layout-constrained\">\n<div class=\"wp-block-group alignfull sec heror-section full-width mt-0 mb-0 has-scroll-down\"><div class=\"wp-block-group__inner-container is-layout-constrained wp-block-group-is-layout-constrained\">\n<div class=\"wp-block-columns alignfull summery is-layout-flex wp-container-core-columns-is-layout-9d6595d7 wp-block-columns-is-layout-flex\">\n<div class=\"wp-block-column is-layout-flow wp-block-column-is-layout-flow\">\n<h1 class=\"wp-block-heading has-text-align-left full has-background-color has-text-color has-link-color wp-elements-8e7693a238f097bf798f8998f9c80baa\">Fotograf\u00eda en Par\u00eds: recursos<\/h1>\n\n\n\n<h2 class=\"wp-block-heading mt-0 has-large-font-size\">Tu punto de partida para portafolios, precios y gu\u00edas \u2014 pedida, boda, familia, retrato y boudoir.<\/h2>\n\n\n\n<div class=\"wp-block-buttons is-layout-flex wp-block-buttons-is-layout-flex\">\n<div class=\"wp-block-button\"><a class=\"wp-block-button__link has-primary-color has-background-background-color has-text-color has-background has-link-color wp-element-button\" href=\"https:\/\/kissinparis.com\/es\/reservar\/\">Reservar una sesi\u00f3n de fotos<\/a><\/div>\n<\/div>\n<\/div>\n\n\n\n<div class=\"wp-block-column lead is-layout-flow wp-block-column-is-layout-flow\">\n<p>Encuentra al profesional adecuado para tus fotos en Par\u00eds\u2014m\u00e1s de 5.000 sesiones desde 2013. Nuestro equipo de habla inglesa en Par\u00eds ofrece propuesta, cobertura de boda, sesiones en pareja, retratos familiares, boudoir y videograf\u00eda profesional. Revisa portfolios, disponibilidad y precios claros para todos los servicios.<\/p>\n<\/div>\n<\/div>\n<\/div><\/div>\n\n\n\n<div class=\"wp-block-group alignfull mt-0 mb-0 sec sec-fullwidth sec-packages sec-sm-pt\" id=\"services\"><div class=\"wp-block-group__inner-container is-layout-constrained wp-block-group-is-layout-constrained\">\n<div class=\"filters v2 mt-0 mb-0 alignfull\"><\/div><div id=\"all-items\" class=\"is-layout-flex wp-block-columns works filtarable boxes v2 alignfull\"><div class=\"is-layout-flow wp-block-column work all\" data-price=\"\"><a href=\"https:\/\/kissinparis.com\/es\/pedida-de-mano-paris\/fotografo\/\"  title=\"Fotograf\u00eda de Pedida de Mano\" aria-label=\"Fotograf\u00eda de Pedida de Mano\"><figure class=\"wp-block-image size-full\"><img loading=\"lazy\" decoding=\"async\" width=\"2000\" height=\"1333\" src=\"https:\/\/kissinparis.com\/wp-content\/uploads\/2025\/06\/paris-proposal-ideas-eiffel-tower-trocadero-sunrise-violinist-fireworks.webp\" class=\"figure figure-1\" alt=\"Ideas para propuestas de matrimonio en Par\u00eds en Trocadero con la Torre Eiffel al amanecer, un caballero propone matrimonio con un violinista y fuentes de fuegos artificiales, elegantes arreglos florales.\" title=\"Fotograf\u00eda de Pedida de Mano\" srcset=\"https:\/\/kissinparis.com\/wp-content\/uploads\/2025\/06\/paris-proposal-ideas-eiffel-tower-trocadero-sunrise-violinist-fireworks.webp 2000w, https:\/\/kissinparis.com\/wp-content\/uploads\/2025\/06\/paris-proposal-ideas-eiffel-tower-trocadero-sunrise-violinist-fireworks-300x200.webp 300w, https:\/\/kissinparis.com\/wp-content\/uploads\/2025\/06\/paris-proposal-ideas-eiffel-tower-trocadero-sunrise-violinist-fireworks-1024x682.webp 1024w, https:\/\/kissinparis.com\/wp-content\/uploads\/2025\/06\/paris-proposal-ideas-eiffel-tower-trocadero-sunrise-violinist-fireworks-768x512.webp 768w, https:\/\/kissinparis.com\/wp-content\/uploads\/2025\/06\/paris-proposal-ideas-eiffel-tower-trocadero-sunrise-violinist-fireworks-1536x1024.webp 1536w, https:\/\/kissinparis.com\/wp-content\/uploads\/2025\/06\/paris-proposal-ideas-eiffel-tower-trocadero-sunrise-violinist-fireworks-1200x800.webp 1200w, https:\/\/kissinparis.com\/wp-content\/uploads\/2025\/06\/paris-proposal-ideas-eiffel-tower-trocadero-sunrise-violinist-fireworks-1980x1320.webp 1980w\" sizes=\"auto, (max-width: 2000px) 100vw, 2000px\" \/><\/figure><div class=\"wp-block-group caption is-vertical is-layout-flex wp-container-core-group-layout-5 wp-block-group-is-layout-flex\"><h3 class=\"full\">Fotograf\u00eda de Pedida de Mano<\/h3><p class=\"full\">Captura discreta de tu compromiso con coordinaci\u00f3n y planificaci\u00f3n incluidas.<\/p><\/div><\/a><\/div><div class=\"is-layout-flow wp-block-column work all\" data-price=\"\"><a href=\"https:\/\/kissinparis.com\/es\/sesion-fotos-pareja-paris\/\"  title=\"Fotograf\u00eda de Pareja\" aria-label=\"Fotograf\u00eda de Pareja\"><figure class=\"wp-block-image size-full\"><img loading=\"lazy\" decoding=\"async\" width=\"1600\" height=\"1067\" src=\"https:\/\/kissinparis.com\/wp-content\/uploads\/2025\/06\/paris-photoshoot-cafe-couple-pre-wedding-laduree-macarons-blue-suit.webp\" class=\"figure figure-1\" alt=\"Pareja elegante durante una sesi\u00f3n de fotos en un caf\u00e9 de Par\u00eds: el novio con traje azul y pajarita, la novia con un vestido de preboda con macarons Ladur\u00e9e y capuchinos.\" title=\"Fotograf\u00eda de Pareja\" srcset=\"https:\/\/kissinparis.com\/wp-content\/uploads\/2025\/06\/paris-photoshoot-cafe-couple-pre-wedding-laduree-macarons-blue-suit.webp 1600w, https:\/\/kissinparis.com\/wp-content\/uploads\/2025\/06\/paris-photoshoot-cafe-couple-pre-wedding-laduree-macarons-blue-suit-300x200.webp 300w, https:\/\/kissinparis.com\/wp-content\/uploads\/2025\/06\/paris-photoshoot-cafe-couple-pre-wedding-laduree-macarons-blue-suit-1024x683.webp 1024w, https:\/\/kissinparis.com\/wp-content\/uploads\/2025\/06\/paris-photoshoot-cafe-couple-pre-wedding-laduree-macarons-blue-suit-768x512.webp 768w, https:\/\/kissinparis.com\/wp-content\/uploads\/2025\/06\/paris-photoshoot-cafe-couple-pre-wedding-laduree-macarons-blue-suit-1536x1024.webp 1536w, https:\/\/kissinparis.com\/wp-content\/uploads\/2025\/06\/paris-photoshoot-cafe-couple-pre-wedding-laduree-macarons-blue-suit-1200x800.webp 1200w\" sizes=\"auto, (max-width: 1600px) 100vw, 1600px\" \/><\/figure><div class=\"wp-block-group caption is-vertical is-layout-flex wp-container-core-group-layout-5 wp-block-group-is-layout-flex\"><h3 class=\"full\">Fotograf\u00eda de Pareja<\/h3><p class=\"full\">Sesiones de fotos divertidas y relajadas para parejas: aniversarios, compromisos, preboda o simplemente por diversi\u00f3n.<\/p><\/div><\/a><\/div><div class=\"is-layout-flow wp-block-column work all\" data-price=\"\"><a href=\"https:\/\/kissinparis.com\/es\/boda-en-paris\/fotografo\/\"  title=\"Fotograf\u00eda de Boda\" aria-label=\"Fotograf\u00eda de Boda\"><figure class=\"wp-block-image size-full\"><img loading=\"lazy\" decoding=\"async\" width=\"1800\" height=\"1200\" src=\"https:\/\/kissinparis.com\/wp-content\/uploads\/2023\/06\/Luxury-Paris-wedding-photographer.jpg\" class=\"figure figure-1\" alt=\"Fot\u00f3grafo de bodas de lujo en Par\u00eds\" title=\"Fotograf\u00eda de Boda\" srcset=\"https:\/\/kissinparis.com\/wp-content\/uploads\/2023\/06\/Luxury-Paris-wedding-photographer.jpg 1800w, https:\/\/kissinparis.com\/wp-content\/uploads\/2023\/06\/Luxury-Paris-wedding-photographer-300x200.jpg 300w, https:\/\/kissinparis.com\/wp-content\/uploads\/2023\/06\/Luxury-Paris-wedding-photographer-1024x683.jpg 1024w, https:\/\/kissinparis.com\/wp-content\/uploads\/2023\/06\/Luxury-Paris-wedding-photographer-768x512.jpg 768w, https:\/\/kissinparis.com\/wp-content\/uploads\/2023\/06\/Luxury-Paris-wedding-photographer-1536x1024.jpg 1536w, https:\/\/kissinparis.com\/wp-content\/uploads\/2023\/06\/Luxury-Paris-wedding-photographer-1200x800.jpg 1200w\" sizes=\"auto, (max-width: 1800px) 100vw, 1800px\" \/><\/figure><div class=\"wp-block-group caption is-vertical is-layout-flex wp-container-core-group-layout-5 wp-block-group-is-layout-flex\"><h3 class=\"full\">Fotograf\u00eda de Boda<\/h3><p class=\"full\">Cobertura de d\u00eda completo por nuestro galardonado equipo de fot\u00f3grafos de bodas.<\/p><\/div><\/a><\/div><div class=\"is-layout-flow wp-block-column work all\" data-price=\"\"><a href=\"https:\/\/kissinparis.com\/es\/fotografia-boudoir-paris\/\"  title=\"Fotograf\u00eda Boudoir\" aria-label=\"Fotograf\u00eda Boudoir\"><figure class=\"wp-block-image size-full\"><img loading=\"lazy\" decoding=\"async\" width=\"1600\" height=\"1067\" src=\"https:\/\/kissinparis.com\/wp-content\/uploads\/2025\/05\/paris-boudoir-photography-luxury-haussmann-studio-chess-scene.webp\" class=\"figure figure-1\" alt=\"Sesi\u00f3n de boudoir discreta y l\u00fadica en nuestro estudio Haussmann de Par\u00eds: una mujer sostiene un cigarrillo frente a un tablero de ajedrez y la suave luz de la ventana acent\u00faa sus contornos.\" title=\"Fotograf\u00eda Boudoir\" srcset=\"https:\/\/kissinparis.com\/wp-content\/uploads\/2025\/05\/paris-boudoir-photography-luxury-haussmann-studio-chess-scene.webp 1600w, https:\/\/kissinparis.com\/wp-content\/uploads\/2025\/05\/paris-boudoir-photography-luxury-haussmann-studio-chess-scene-300x200.webp 300w, https:\/\/kissinparis.com\/wp-content\/uploads\/2025\/05\/paris-boudoir-photography-luxury-haussmann-studio-chess-scene-1024x683.webp 1024w, https:\/\/kissinparis.com\/wp-content\/uploads\/2025\/05\/paris-boudoir-photography-luxury-haussmann-studio-chess-scene-768x512.webp 768w, https:\/\/kissinparis.com\/wp-content\/uploads\/2025\/05\/paris-boudoir-photography-luxury-haussmann-studio-chess-scene-1536x1024.webp 1536w, https:\/\/kissinparis.com\/wp-content\/uploads\/2025\/05\/paris-boudoir-photography-luxury-haussmann-studio-chess-scene-1200x800.webp 1200w\" sizes=\"auto, (max-width: 1600px) 100vw, 1600px\" \/><\/figure><div class=\"wp-block-group caption is-vertical is-layout-flex wp-container-core-group-layout-5 wp-block-group-is-layout-flex\"><h3 class=\"full\">Fotograf\u00eda Boudoir<\/h3><p class=\"full\">Sesiones privadas que celebran la confianza y la sensualidad.<\/p><\/div><\/a><\/div><div class=\"is-layout-flow wp-block-column work all\" data-price=\"\"><a href=\"https:\/\/kissinparis.com\/es\/sesion-fotos-paris\/fotografo-familias\/\"  title=\"Fotograf\u00eda Familiar\" aria-label=\"Fotograf\u00eda Familiar\"><figure class=\"wp-block-image size-full\"><img loading=\"lazy\" decoding=\"async\" width=\"1600\" height=\"1067\" src=\"https:\/\/kissinparis.com\/wp-content\/uploads\/2023\/03\/Paris-Family-Photos-24.jpg\" class=\"figure figure-1\" alt=\"Lindos retratos familiares parisinos en el Trocadero, Torre Eiffel\" title=\"Fotograf\u00eda Familiar\" srcset=\"https:\/\/kissinparis.com\/wp-content\/uploads\/2023\/03\/Paris-Family-Photos-24.jpg 1600w, https:\/\/kissinparis.com\/wp-content\/uploads\/2023\/03\/Paris-Family-Photos-24-300x200.jpg 300w, https:\/\/kissinparis.com\/wp-content\/uploads\/2023\/03\/Paris-Family-Photos-24-1024x683.jpg 1024w, https:\/\/kissinparis.com\/wp-content\/uploads\/2023\/03\/Paris-Family-Photos-24-768x512.jpg 768w, https:\/\/kissinparis.com\/wp-content\/uploads\/2023\/03\/Paris-Family-Photos-24-1536x1024.jpg 1536w, https:\/\/kissinparis.com\/wp-content\/uploads\/2023\/03\/Paris-Family-Photos-24-1200x800.jpg 1200w\" sizes=\"auto, (max-width: 1600px) 100vw, 1600px\" \/><\/figure><div class=\"wp-block-group caption is-vertical is-layout-flex wp-container-core-group-layout-5 wp-block-group-is-layout-flex\"><h3 class=\"full\">Fotograf\u00eda Familiar<\/h3><p class=\"full\">Divertidas fotos de vacaciones en lugares ic\u00f3nicos de Par\u00eds con fot\u00f3grafos especializados en ni\u00f1os.<\/p><\/div><\/a><\/div><div class=\"is-layout-flow wp-block-column work all\" data-price=\"\"><a href=\"https:\/\/kissinparis.com\/es\/videografo-paris\/\"  title=\"Videograf\u00eda en Par\u00eds\" aria-label=\"Videograf\u00eda en Par\u00eds\"><figure class=\"wp-block-image size-full\"><img loading=\"lazy\" decoding=\"async\" width=\"1800\" height=\"1201\" src=\"https:\/\/kissinparis.com\/wp-content\/uploads\/2025\/06\/Skilled-experienced-Paris-videographer.webp\" class=\"figure figure-1\" alt=\"Vide\u00f3grafo parisino cualificado y experimentado\" title=\"Videograf\u00eda en Par\u00eds\" srcset=\"https:\/\/kissinparis.com\/wp-content\/uploads\/2025\/06\/Skilled-experienced-Paris-videographer.webp 1800w, https:\/\/kissinparis.com\/wp-content\/uploads\/2025\/06\/Skilled-experienced-Paris-videographer-300x200.webp 300w, https:\/\/kissinparis.com\/wp-content\/uploads\/2025\/06\/Skilled-experienced-Paris-videographer-1024x683.webp 1024w, https:\/\/kissinparis.com\/wp-content\/uploads\/2025\/06\/Skilled-experienced-Paris-videographer-768x512.webp 768w, https:\/\/kissinparis.com\/wp-content\/uploads\/2025\/06\/Skilled-experienced-Paris-videographer-1536x1025.webp 1536w, https:\/\/kissinparis.com\/wp-content\/uploads\/2025\/06\/Skilled-experienced-Paris-videographer-1200x801.webp 1200w\" sizes=\"auto, (max-width: 1800px) 100vw, 1800px\" \/><\/figure><div class=\"wp-block-group caption is-vertical is-layout-flex wp-container-core-group-layout-5 wp-block-group-is-layout-flex\"><h3 class=\"full\">Videograf\u00eda en Par\u00eds<\/h3><p class=\"full\">V\u00eddeos profesionales y reels para redes sociales para pedidas y bodas.<\/p><\/div><\/a><\/div><div class=\"is-layout-flow wp-block-column work all\" data-price=\"\"><a href=\"https:\/\/kissinparis.com\/es\/fotografo-paris\/\"  title=\"Servicios de Fotograf\u00eda en Par\u00eds\" aria-label=\"Servicios de Fotograf\u00eda en Par\u00eds\"><figure class=\"wp-block-image size-full\"><img loading=\"lazy\" decoding=\"async\" width=\"1600\" height=\"1067\" src=\"https:\/\/kissinparis.com\/wp-content\/uploads\/2025\/04\/paris-photographer-couple-eiffel-tower-pont-iena.webp\" class=\"figure figure-1\" alt=\"Fot\u00f3grafo parisino captura a una elegante pareja en Pont d&#039;I\u00e8na con la Torre Eiffel de fondo.\" title=\"Servicios de Fotograf\u00eda en Par\u00eds\" srcset=\"https:\/\/kissinparis.com\/wp-content\/uploads\/2025\/04\/paris-photographer-couple-eiffel-tower-pont-iena.webp 1600w, https:\/\/kissinparis.com\/wp-content\/uploads\/2025\/04\/paris-photographer-couple-eiffel-tower-pont-iena-300x200.webp 300w, https:\/\/kissinparis.com\/wp-content\/uploads\/2025\/04\/paris-photographer-couple-eiffel-tower-pont-iena-1024x683.webp 1024w, https:\/\/kissinparis.com\/wp-content\/uploads\/2025\/04\/paris-photographer-couple-eiffel-tower-pont-iena-768x512.webp 768w, https:\/\/kissinparis.com\/wp-content\/uploads\/2025\/04\/paris-photographer-couple-eiffel-tower-pont-iena-1536x1024.webp 1536w, https:\/\/kissinparis.com\/wp-content\/uploads\/2025\/04\/paris-photographer-couple-eiffel-tower-pont-iena-1200x800.webp 1200w\" sizes=\"auto, (max-width: 1600px) 100vw, 1600px\" \/><\/figure><div class=\"wp-block-group caption is-vertical is-layout-flex wp-container-core-group-layout-5 wp-block-group-is-layout-flex\"><h3 class=\"full\">Servicios de Fotograf\u00eda en Par\u00eds<\/h3><p class=\"full\">Sesiones de retratos profesionales para parejas, familias y viajeros en solitario.<\/p><\/div><\/a><\/div><div class=\"is-layout-flow wp-block-column work all\" data-price=\"\"><a href=\"https:\/\/kissinparis.com\/es\/sesion-fotos-paris\/faq\/\"  title=\"Preguntas Frecuentes de Fotograf\u00eda\" aria-label=\"Preguntas Frecuentes de Fotograf\u00eda\"><figure class=\"wp-block-image size-full\"><img loading=\"lazy\" decoding=\"async\" width=\"1600\" height=\"1067\" src=\"https:\/\/kissinparis.com\/wp-content\/uploads\/2023\/04\/Paris-elopement-photographer.jpg\" class=\"figure figure-1\" alt=\"Boda fugaz en Par\u00eds\" title=\"Preguntas Frecuentes de Fotograf\u00eda\" srcset=\"https:\/\/kissinparis.com\/wp-content\/uploads\/2023\/04\/Paris-elopement-photographer.jpg 1600w, https:\/\/kissinparis.com\/wp-content\/uploads\/2023\/04\/Paris-elopement-photographer-300x200.jpg 300w, https:\/\/kissinparis.com\/wp-content\/uploads\/2023\/04\/Paris-elopement-photographer-1024x683.jpg 1024w, https:\/\/kissinparis.com\/wp-content\/uploads\/2023\/04\/Paris-elopement-photographer-768x512.jpg 768w, https:\/\/kissinparis.com\/wp-content\/uploads\/2023\/04\/Paris-elopement-photographer-1536x1024.jpg 1536w, https:\/\/kissinparis.com\/wp-content\/uploads\/2023\/04\/Paris-elopement-photographer-1200x800.jpg 1200w\" sizes=\"auto, (max-width: 1600px) 100vw, 1600px\" \/><\/figure><div class=\"wp-block-group caption is-vertical is-layout-flex wp-container-core-group-layout-5 wp-block-group-is-layout-flex\"><h3 class=\"full\">Preguntas Frecuentes de Fotograf\u00eda<\/h3><p class=\"full\">Respuestas sobre precios, lugares, horarios y el proceso de reserva.<\/p><\/div><\/a><\/div><\/div>\n<\/div><\/div>\n<\/div><\/div>\n\n\n\n<div class=\"wp-block-group alignfull mt-0 mb-0  sec sec-map\"><div class=\"wp-block-group__inner-container is-layout-constrained wp-block-group-is-layout-constrained\">\n<div class=\"wp-block-columns are-vertically-aligned-center mt-0 mb-0 is-layout-flex wp-container-core-columns-is-layout-9d6595d7 wp-block-columns-is-layout-flex\">\n<div class=\"wp-block-column is-vertically-aligned-center is-layout-flow wp-block-column-is-layout-flow\">\n<p class=\"title-v2 mb-20\">En el coraz\u00f3n de Par\u00eds.<\/p>\n\n\n\n<p>Kiss Me in Paris Proposals &amp; Weddings<br>78 Av. Raymond Poincar\u00e9, 75116 Par\u00eds, Francia<br><a href=\"tel:+33661351511\">+33 6 61 35 15 11<\/a><br><a href=\"mailto:support@kissinparis.com\">support@kissinparis.com<\/a><\/p>\n<\/div>\n\n\n\n<div class=\"wp-block-column is-vertically-aligned-center is-layout-flow wp-block-column-is-layout-flow\">\n<iframe title=\"Mapa que muestra la ubicaci\u00f3n de Kiss Me en Par\u00eds Propuestas y Bodas\" src=\"https:\/\/www.google.com\/maps\/embed?pb=!1m18!1m12!1m3!1d2624.433873533341!2d2.28082346080246!3d48.86900492627629!2m3!1f0!2f0!3f0!3m2!1i1024!2i768!4f13.1!3m3!1m2!1s0x47e66f84666f802f%3A0x7b03905155589b66!2sKiss%20Me%20in%20Paris%20Proposals%20%26%20Weddings!5e0!3m2!1sen!2sin!4v1744567332130!5m2!1sen!2sin\" width=\"600\" height=\"450\" style=\"border:0;\" allowfullscreen=\"\" loading=\"lazy\" referrerpolicy=\"no-referrer-when-downgrade\"><\/iframe>\n<\/div>\n<\/div>\n<\/div><\/div>\n\n\n\n<div class=\"wp-block-group popup-cta\"><div class=\"wp-block-group__inner-container is-layout-constrained wp-block-group-is-layout-constrained\">\n<figure class=\"wp-block-video\"><video height=\"960\" style=\"aspect-ratio: 686 \/ 960;\" width=\"686\" autoplay loop muted preload=\"none\" src=\"https:\/\/kissinparis.com\/wp-content\/uploads\/2025\/04\/Full-service-Paris-proposal-planner.mp4\" playsinline><\/video><\/figure>\n\n\n\n<p class=\"title\">\u00a1Inf\u00f3rmese!<\/p>\n\n\n\n<p class=\"has-link whatsapp\"><a href=\"https:\/\/api.whatsapp.com\/send?phone=19175134350\" data-type=\"link\" data-id=\"https:\/\/api.whatsapp.com\/send?phone=19175134350\" target=\"_blank\" rel=\"noopener\">WhatsApp<\/a><\/p>\n\n\n\n<p class=\"has-link booking\"><a href=\"mailto:support@kissinparis.com?subject=Your Paris Proposal Packages Inquiry\" data-type=\"link\" data-id=\"https:\/\/api.whatsapp.com\/send?phone=19175134350\">Consulta<\/a><\/p>\n<\/div><\/div>","protected":false},"excerpt":{"rendered":"<p>Paris Photography Hub Your starting point for portfolios, pricing, and guides\u2014proposals, weddings, family, portraits &amp; boudoir. Find the right photographer for your Paris photos, with a team that&#8217;s captured over 5,000 sessions since 2013. Book proposal photography, wedding coverage, couple sessions, family portraits, boudoir shoots, or professional videography. View our artists&#8217; portfolios, check availability, and [&hellip;]<\/p>\n","protected":false},"author":35,"featured_media":19224,"parent":0,"menu_order":0,"comment_status":"closed","ping_status":"closed","template":"","meta":{"_acf_changed":false,"ub_ctt_via":"","footnotes":""},"class_list":["post-24446","page","type-page","status-publish","has-post-thumbnail","hentry"],"acf":[],"featured_image_src":"https:\/\/kissinparis.com\/wp-content\/uploads\/2025\/04\/paris-photographer-couple-eiffel-tower-pont-iena.webp","_links":{"self":[{"href":"https:\/\/kissinparis.com\/es\/wp-json\/wp\/v2\/pages\/24446","targetHints":{"allow":["GET"]}}],"collection":[{"href":"https:\/\/kissinparis.com\/es\/wp-json\/wp\/v2\/pages"}],"about":[{"href":"https:\/\/kissinparis.com\/es\/wp-json\/wp\/v2\/types\/page"}],"author":[{"embeddable":true,"href":"https:\/\/kissinparis.com\/es\/wp-json\/wp\/v2\/users\/35"}],"replies":[{"embeddable":true,"href":"https:\/\/kissinparis.com\/es\/wp-json\/wp\/v2\/comments?post=24446"}],"version-history":[{"count":21,"href":"https:\/\/kissinparis.com\/es\/wp-json\/wp\/v2\/pages\/24446\/revisions"}],"predecessor-version":[{"id":28505,"href":"https:\/\/kissinparis.com\/es\/wp-json\/wp\/v2\/pages\/24446\/revisions\/28505"}],"wp:featuredmedia":[{"embeddable":true,"href":"https:\/\/kissinparis.com\/es\/wp-json\/wp\/v2\/media\/19224"}],"wp:attachment":[{"href":"https:\/\/kissinparis.com\/es\/wp-json\/wp\/v2\/media?parent=24446"}],"curies":[{"name":"wp","href":"https:\/\/api.w.org\/{rel}","templated":true}]}}