{"id":24577,"date":"2025-06-12T14:39:52","date_gmt":"2025-06-12T14:39:52","guid":{"rendered":"https:\/\/kissinparis.com\/?page_id=24577"},"modified":"2026-02-19T17:40:11","modified_gmt":"2026-02-19T17:40:11","slug":"mapa-del-sitio","status":"publish","type":"page","link":"https:\/\/kissinparis.com\/es\/sitemap\/","title":{"rendered":"Mapa del sitio"},"content":{"rendered":"<div class=\"wp-block-group alignfull sec heror-section mt-0 mb-0 has-scroll-down has-background-color has-primary-background-color has-text-color has-background has-link-color wp-elements-aa88313a1056b2570b30498a0a4aca7d\"><div class=\"wp-block-group__inner-container is-layout-constrained wp-block-group-is-layout-constrained\">\n<h1 class=\"wp-block-heading alignwide has-text-align-left full has-background-color has-text-color has-link-color wp-elements-a7b081495257a8645e16111374bbb61b\">Directorio del sitio<\/h1>\n\n\n\n<p class=\"ml-0 container-sm\">Todo en nuestro sitio, organizado por servicio. Utilice las secciones a continuaci\u00f3n para encontrar lo que busca o visite nuestra p\u00e1gina &quot;Comience aqu\u00ed&quot; para obtener una gu\u00eda general.<\/p>\n<\/div><\/div>\n\n\n\n<div class=\"wp-block-group alignfull mt-0 mb-0 sec sec-sitemap\"><div class=\"wp-block-group__inner-container is-layout-constrained wp-block-group-is-layout-constrained\">\n<nav aria-label=\"Mapa completo del sitio\" itemscope itemtype=\"http:\/\/schema.org\/SiteNavigationElement\">\n\n\n\n<h2 class=\"wp-block-heading\">Propuestas<\/h2>\n\n\n\n<p>Recursos de planificaci\u00f3n, paquetes y gu\u00edas de ubicaci\u00f3n para propuestas en Par\u00eds.<\/p>\n\n\n\n<ul class=\"wp-block-list\">\n<li><a href=\"https:\/\/kissinparis.com\/es\/pedida-de-mano-paris\/organizador\/\">Pedidas de mano en Par\u00eds<\/a><\/li>\n\n\n\n<li><a href=\"https:\/\/kissinparis.com\/es\/pedida-de-mano-paris\/paquete-torre-eiffel\/\" data-type=\"link\" data-id=\"https:\/\/kissinparis.com\/paris-proposal\/eiffel-tower-proposal-package\/\">Paquete de propuesta para la Torre Eiffel<\/a><\/li>\n\n\n\n<li><a href=\"https:\/\/kissinparis.com\/es\/pedida-de-mano-paris\/paquetes\/\">Todos los paquetes de propuestas<\/a><\/li>\n\n\n\n<li><a href=\"https:\/\/kissinparis.com\/es\/pedida-de-mano-paris\/por-que-pedir-en-paris\/\">\u00bfPor qu\u00e9 proponer matrimonio en Par\u00eds?<\/a><\/li>\n\n\n\n<li><a href=\"https:\/\/kissinparis.com\/es\/pedida-de-mano-paris\/ideas-paris\/\">Ideas para propuestas en Par\u00eds<\/a><\/li>\n\n\n\n<li><a href=\"https:\/\/kissinparis.com\/es\/donde-pedir-la-mano-en-paris\/\">Los mejores lugares para proponer matrimonio en Par\u00eds<\/a><\/li>\n\n\n\n<li><a href=\"https:\/\/kissinparis.com\/es\/pedida-de-mano-azotea-paris\/\">Los mejores lugares para pedir matrimonio en azoteas de Par\u00eds<\/a><\/li>\n\n\n\n<li><a href=\"https:\/\/kissinparis.com\/es\/pedida-de-mano-paris\/letras-gigantes\/\">Cartas de propuesta de &#039;C\u00e1sate conmigo&#039;<\/a><\/li>\n\n\n\n<li><a href=\"https:\/\/kissinparis.com\/es\/pedida-de-mano-paris\/secret-garden-torre-eiffel\/\">Propuesta en la Torre Eiffel del Jard\u00edn Secreto<\/a><\/li>\n\n\n\n<li><a href=\"https:\/\/kissinparis.com\/es\/pedida-de-mano-paris\/sesion-fotos-sorpresa\/\">Sesi\u00f3n de fotos propuesta sorpresa<\/a><\/li>\n\n\n\n<li><a href=\"https:\/\/kissinparis.com\/es\/pedida-de-mano-paris\/picnic-romantico\/\">Propuesta de picnic en Par\u00eds<\/a><\/li>\n\n\n\n<li><a href=\"https:\/\/kissinparis.com\/es\/pedida-de-mano-paris\/picnic-romantico\/\">Costos de la propuesta de Par\u00eds<\/a><\/li>\n\n\n\n<li><a href=\"https:\/\/kissinparis.com\/es\/pedida-de-mano-paris\/picnic-romantico\/\">Propuesta para planificar una pen\u00ednsula parisina<\/a><\/li>\n\n\n\n<li><a href=\"https:\/\/kissinparis.com\/es\/pedida-de-mano-paris\/mejoras-champan\/\" data-type=\"link\" data-id=\"https:\/\/kissinparis.com\/paris-proposal\/paris-champagne-upgrades\/\">Mejoras de champ\u00e1n para celebraciones extraordinarias<\/a><\/li>\n<\/ul>\n\n\n\n<h2 class=\"wp-block-heading\">Bodas y Bodas \u00cdntimas<\/h2>\n\n\n\n<p>Gu\u00edas y planificaci\u00f3n para bodas de destino y escapadas en Par\u00eds y Francia.<\/p>\n\n\n\n<ul class=\"wp-block-list\">\n<li><a href=\"https:\/\/kissinparis.com\/es\/organizador-bodas-paris\/\">Organizador de bodas en Par\u00eds<\/a><\/li>\n\n\n\n<li><a href=\"https:\/\/kissinparis.com\/es\/boda-intima-paris\/shangri-la\/\">Fuga a Shangri-La en Par\u00eds<\/a><\/li>\n\n\n\n<li><a href=\"https:\/\/kissinparis.com\/es\/boda-en-paris\/preparativos\/\">Sesiones fotogr\u00e1ficas preboda en Par\u00eds<\/a><\/li>\n<\/ul>\n\n\n\n<h2 class=\"wp-block-heading\">Fotograf\u00eda y videograf\u00eda<\/h2>\n\n\n\n<p>Servicios de fotograf\u00eda y filmaci\u00f3n para parejas, familias, bodas y sesiones en solitario.<\/p>\n\n\n\n<ul class=\"wp-block-list\">\n<li><a href=\"https:\/\/kissinparis.com\/es\/fotografo-paris\/\">Fot\u00f3grafo en Par\u00eds (Todos los servicios)<\/a><\/li>\n\n\n\n<li><a href=\"https:\/\/kissinparis.com\/es\/reservar\/\">Reservar una sesi\u00f3n de fotos<\/a><\/li>\n\n\n\n<li><a href=\"https:\/\/kissinparis.com\/es\/pedida-de-mano-paris\/fotografo\/\">Fotograf\u00eda de Pedida de Mano<\/a><\/li>\n\n\n\n<li><a href=\"https:\/\/kissinparis.com\/es\/boda-en-paris\/fotografo\/\">Fotograf\u00eda de Boda<\/a><\/li>\n\n\n\n<li><a href=\"https:\/\/kissinparis.com\/es\/fotografia-boudoir-paris\/\">Fotograf\u00eda Boudoir<\/a><\/li>\n\n\n\n<li><a href=\"https:\/\/kissinparis.com\/es\/sesion-fotos-paris\/fotografo-familias\/\">Fotograf\u00eda Familiar<\/a><\/li>\n\n\n\n<li><a href=\"https:\/\/kissinparis.com\/es\/videografo-paris\/\">Videograf\u00eda en Par\u00eds<\/a><\/li>\n\n\n\n<li><a href=\"https:\/\/kissinparis.com\/es\/sesion-fotos-paris\/faq\/\">Preguntas frecuentes sobre sesiones de fotos en Par\u00eds<\/a><\/li>\n<\/ul>\n\n\n\n<h2 class=\"wp-block-heading\">Gu\u00edas e inspiraci\u00f3n<\/h2>\n\n\n\n<p>Gu\u00edas de ubicaci\u00f3n, consejos y recursos de planificaci\u00f3n.<\/p>\n\n\n\n<ul class=\"wp-block-list\">\n<li><a href=\"https:\/\/kissinparis.com\/es\/mejores-lugares-para-fotos-paris\/\">Los mejores lugares para fotografiar en Par\u00eds<\/a><\/li>\n\n\n\n<li><a href=\"https:\/\/kissinparis.com\/es\/poses-fotos-pareja\/\">Poses de sesi\u00f3n de fotos de pareja<\/a><\/li>\n\n\n\n<li><a href=\"https:\/\/kissinparis.com\/es\/restaurantes-vista-torre-eiffel\/\">Restaurantes con vistas a la Torre Eiffel<\/a><\/li>\n\n\n\n<li><a href=\"https:\/\/kissinparis.com\/es\/fotos-compromiso-paris\/\">Fotos de compromiso en Par\u00eds<\/a><\/li>\n\n\n\n<li><a href=\"https:\/\/kissinparis.com\/es\/recursos\/\">Todas las gu\u00edas y recursos<\/a><\/li>\n<\/ul>\n<\/div><\/div>\n\n\n\n<\/nav>","protected":false},"excerpt":{"rendered":"<p>Site Directory Everything on our site, organized by service. Use the sections below to find what you&#8217;re looking for, or visit our Start Here page for a guided overview. Proposals Planning resources, packages, and location guides for Paris proposals. Weddings &amp; Elopements Guides and planning for destination weddings and elopements in Paris and France. Photography [&hellip;]<\/p>\n","protected":false},"author":35,"featured_media":0,"parent":0,"menu_order":0,"comment_status":"closed","ping_status":"closed","template":"","meta":{"_acf_changed":false,"ub_ctt_via":"","footnotes":""},"class_list":["post-24577","page","type-page","status-publish","hentry"],"acf":[],"featured_image_src":null,"_links":{"self":[{"href":"https:\/\/kissinparis.com\/es\/wp-json\/wp\/v2\/pages\/24577","targetHints":{"allow":["GET"]}}],"collection":[{"href":"https:\/\/kissinparis.com\/es\/wp-json\/wp\/v2\/pages"}],"about":[{"href":"https:\/\/kissinparis.com\/es\/wp-json\/wp\/v2\/types\/page"}],"author":[{"embeddable":true,"href":"https:\/\/kissinparis.com\/es\/wp-json\/wp\/v2\/users\/35"}],"replies":[{"embeddable":true,"href":"https:\/\/kissinparis.com\/es\/wp-json\/wp\/v2\/comments?post=24577"}],"version-history":[{"count":18,"href":"https:\/\/kissinparis.com\/es\/wp-json\/wp\/v2\/pages\/24577\/revisions"}],"predecessor-version":[{"id":29439,"href":"https:\/\/kissinparis.com\/es\/wp-json\/wp\/v2\/pages\/24577\/revisions\/29439"}],"wp:attachment":[{"href":"https:\/\/kissinparis.com\/es\/wp-json\/wp\/v2\/media?parent=24577"}],"curies":[{"name":"wp","href":"https:\/\/api.w.org\/{rel}","templated":true}]}}