{"id":29274,"date":"2026-02-14T12:24:55","date_gmt":"2026-02-14T12:24:55","guid":{"rendered":"https:\/\/kissinparis.com\/?page_id=29274"},"modified":"2026-02-16T11:52:43","modified_gmt":"2026-02-16T11:52:43","slug":"propuestas-de-reuters-para-paris-2026","status":"publish","type":"page","link":"https:\/\/kissinparis.com\/es\/in-the-media\/reuters-2026-paris-proposals\/","title":{"rendered":"Reuters sobre el auge de las propuestas de Par\u00eds (2026)"},"content":{"rendered":"<div class=\"wp-block-group alignfull sec heror-section mt-0 mb-0 has-scroll-down has-background-color has-primary-background-color has-text-color has-background has-link-color wp-elements-d69c569ec0e1ee39588ce261d9f5b31c\"><div class=\"wp-block-group__inner-container is-layout-constrained wp-block-group-is-layout-constrained\">\n<h1 class=\"wp-block-heading alignwide has-text-align-left full has-background-color has-text-color has-link-color wp-elements-a24c116236abfc0e92ae447d826846ea\">Reuters sobre el auge de las propuestas de Par\u00eds (2026)<\/h1>\n\n\n\n<h2 class=\"wp-block-heading alignfull has-large-font-size\">Con comentarios de Chantelle Streete, cofundadora y planificadora ejecutiva.<\/h2>\n\n\n\n<p>En febrero de 2026, Reuters inform\u00f3 sobre el r\u00e1pido crecimiento de la planificaci\u00f3n de propuestas de matrimonio de lujo en Par\u00eds, destacando las experiencias de alta producci\u00f3n y la demanda de propuestas con un toque cinematogr\u00e1fico, pero con una ejecuci\u00f3n impecable. El art\u00edculo present\u00f3 Kiss Me in Paris en el contexto de este mercado premium y refleja la precisi\u00f3n operativa, la discreci\u00f3n y la direcci\u00f3n creativa que nuestro equipo, liderado por Chantelle Streete, aporta a momentos inolvidables.<\/p>\n<\/div><\/div>\n\n\n\n<div class=\"wp-block-group alignfull mt-0 mb-0 sec\" id=\"2026-highlights\"><div class=\"wp-block-group__inner-container is-layout-constrained wp-block-group-is-layout-constrained\">\n<h2 class=\"wp-block-heading\">Conclusiones clave<\/h2>\n\n\n\n<ul class=\"wp-block-list\">\n<li>La planificaci\u00f3n de propuestas en Par\u00eds es cada vez m\u00e1s una categor\u00eda de servicio premium con clientes globales y altas expectativas.<\/li>\n\n\n\n<li>La cobertura destaca el cambio hacia conceptos cinematogr\u00e1ficos y una ejecuci\u00f3n totalmente gestionada.<\/li>\n\n\n\n<li>La discreci\u00f3n, la log\u00edstica y la direcci\u00f3n creativa son fundamentales para ofrecer experiencias de lujo.<\/li>\n<\/ul>\n\n\n\n<hr class=\"wp-block-separator has-alpha-channel-opacity\"\/>\n\n\n\n<h2 class=\"wp-block-heading\">Explorar la planificaci\u00f3n de propuestas<\/h2>\n\n\n\n<p>Si est\u00e1 planeando una propuesta en Par\u00eds y desea un equipo que pueda gestionar cada detalle, desde el concepto hasta la ejecuci\u00f3n, explore nuestros servicios a continuaci\u00f3n.<\/p>\n\n\n\n<div class=\"wp-block-buttons is-layout-flex wp-block-buttons-is-layout-flex\">\n<div class=\"wp-block-button has-arrow\"><a class=\"wp-block-button__link wp-element-button\" href=\"https:\/\/kissinparis.com\/es\/pedida-de-mano-paris\/organizador\/\"><em>Explorar la planificaci\u00f3n de propuestas<\/em><\/a><\/div>\n<\/div>\n\n\n\n<hr class=\"wp-block-separator has-alpha-channel-opacity\"\/>\n\n\n\n<h2 class=\"wp-block-heading\" id=\"where-published\">D\u00f3nde se public\u00f3<\/h2>\n\n\n\n<p>Informaci\u00f3n original y fragmentos seleccionados de alta autoridad de la historia de Reuters:<\/p>\n\n\n\n<ul class=\"wp-block-list\">\n<li><a href=\"https:\/\/www.reuters.com\/world\/romantic-proposals-become-booming-business-city-love-2026-02-13\/\" target=\"_blank\" rel=\"noreferrer noopener\">Reuters (can\u00f3nico)<\/a><\/li>\n\n\n\n<li><a href=\"https:\/\/www.usnews.com\/news\/world\/articles\/2026-02-13\/romantic-proposals-become-a-booming-business-in-city-of-love\" target=\"_blank\" rel=\"noreferrer noopener\">Noticias de EE. UU. y reporte mundial<\/a><\/li>\n\n\n\n<li><a href=\"https:\/\/uk.news.yahoo.com\/romantic-proposals-become-booming-business-105214376.html\" target=\"_blank\" rel=\"noreferrer noopener\">Yahoo Noticias (Reino Unido)<\/a><\/li>\n\n\n\n<li><a href=\"https:\/\/www.investing.com\/news\/world-news\/romantic-proposals-become-a-booming-business-in-city-of-love-4504730\" target=\"_blank\" rel=\"noreferrer noopener\">Investing.com<\/a><\/li>\n\n\n\n<li><a href=\"https:\/\/www.boursorama.com\/actualite-economique\/actualites\/a-paris-la-ville-de-l-amour-le-marche-des-demandes-en-mariage-prospere-06958681710dd3180fae2927d1b5a651\" target=\"_blank\" rel=\"noreferrer noopener\">Boursorama<\/a><\/li>\n\n\n\n<li><a href=\"https:\/\/www.straitstimes.com\/world\/europe\/romantic-proposals-become-a-booming-business-in-city-of-love\" target=\"_blank\" rel=\"noreferrer noopener\">The Straits Times<\/a><\/li>\n<\/ul>\n<\/div><\/div>","protected":false},"excerpt":{"rendered":"<p>Reuters on the booming business of Paris proposals (2026) Featuring commentary from Chantelle Streete, co-founder and executive planner. In February 2026, Reuters reported on the rapid growth of luxury proposal planning in Paris\u2014highlighting high-production experiences and the demand for proposals that feel cinematic yet flawlessly executed. The story featured Kiss Me in Paris in the [&hellip;]<\/p>\n","protected":false},"author":40,"featured_media":0,"parent":29144,"menu_order":0,"comment_status":"closed","ping_status":"closed","template":"","meta":{"_acf_changed":false,"ub_ctt_via":"","footnotes":""},"class_list":["post-29274","page","type-page","status-publish","hentry"],"acf":[],"featured_image_src":null,"_links":{"self":[{"href":"https:\/\/kissinparis.com\/es\/wp-json\/wp\/v2\/pages\/29274","targetHints":{"allow":["GET"]}}],"collection":[{"href":"https:\/\/kissinparis.com\/es\/wp-json\/wp\/v2\/pages"}],"about":[{"href":"https:\/\/kissinparis.com\/es\/wp-json\/wp\/v2\/types\/page"}],"author":[{"embeddable":true,"href":"https:\/\/kissinparis.com\/es\/wp-json\/wp\/v2\/users\/40"}],"replies":[{"embeddable":true,"href":"https:\/\/kissinparis.com\/es\/wp-json\/wp\/v2\/comments?post=29274"}],"version-history":[{"count":5,"href":"https:\/\/kissinparis.com\/es\/wp-json\/wp\/v2\/pages\/29274\/revisions"}],"predecessor-version":[{"id":29412,"href":"https:\/\/kissinparis.com\/es\/wp-json\/wp\/v2\/pages\/29274\/revisions\/29412"}],"up":[{"embeddable":true,"href":"https:\/\/kissinparis.com\/es\/wp-json\/wp\/v2\/pages\/29144"}],"wp:attachment":[{"href":"https:\/\/kissinparis.com\/es\/wp-json\/wp\/v2\/media?parent=29274"}],"curies":[{"name":"wp","href":"https:\/\/api.w.org\/{rel}","templated":true}]}}