{"id":29279,"date":"2026-02-14T12:32:22","date_gmt":"2026-02-14T12:32:22","guid":{"rendered":"https:\/\/kissinparis.com\/?page_id=29279"},"modified":"2026-02-16T11:52:51","modified_gmt":"2026-02-16T11:52:51","slug":"afp-2026-amor-en-el-sena","status":"publish","type":"page","link":"https:\/\/kissinparis.com\/es\/in-the-media\/afp-2026-love-on-the-seine\/","title":{"rendered":"AFP\/France 24 sobre el auge de las propuestas pintorescas en Par\u00eds (2026)"},"content":{"rendered":"<div class=\"wp-block-group alignfull sec heror-section mt-0 mb-0 has-scroll-down has-background-color has-primary-background-color has-text-color has-background has-link-color wp-elements-32e273c2be9ecc59f41d639cfb4cfa4b\"><div class=\"wp-block-group__inner-container is-layout-constrained wp-block-group-is-layout-constrained\">\n<h1 class=\"wp-block-heading alignwide has-text-align-left full has-background-color has-text-color has-link-color wp-elements-38270cdf9a0f22141153ddb7de4efb97\">AFP\/France 24 sobre el auge de las propuestas pintorescas en Par\u00eds (2026)<\/h1>\n\n\n\n<h2 class=\"wp-block-heading alignfull has-large-font-size\">Con comentarios de Chantelle Streete, cofundadora y planificadora ejecutiva.<\/h2>\n\n\n\n<p>AFP, publicado por France 24, perfil\u00f3 Kiss Me in Paris en el contexto del auge de la planificaci\u00f3n de propuestas cinematogr\u00e1ficas en Par\u00eds, citando a Chantelle Streete sobre por qu\u00e9 los clientes quieren propuestas que se sientan personales, inmersivas y producidas impecablemente.<\/p>\n<\/div><\/div>\n\n\n\n<div class=\"wp-block-group alignfull mt-0 mb-0 sec\" id=\"2026-highlights\"><div class=\"wp-block-group__inner-container is-layout-constrained wp-block-group-is-layout-constrained\">\n<h2 class=\"wp-block-heading\">Descripci\u00f3n general<\/h2>\n\n\n\n<p>En febrero de 2026, el reportaje de AFP sobre el auge de las propuestas de matrimonio en Par\u00eds, publicado por France 24 y republicado internacionalmente, captur\u00f3 c\u00f3mo las parejas modernas est\u00e1n convirtiendo sus compromisos en experiencias cinematogr\u00e1ficas y profundamente personales. El art\u00edculo presenta Kiss Me in Paris y destaca la perspectiva de Chantelle Streete sobre lo que m\u00e1s valoran los clientes: un concepto s\u00f3lido, un entorno hermoso y una producci\u00f3n experta que logra que cada detalle encaje a la perfecci\u00f3n.<\/p>\n\n\n\n<hr class=\"wp-block-separator has-alpha-channel-opacity\"\/>\n\n\n\n<h2 class=\"wp-block-heading\">Conclusiones clave<\/h2>\n\n\n\n<ul class=\"wp-block-list\">\n<li>Las propuestas parisinas est\u00e1n dise\u00f1adas cada vez m\u00e1s como experiencias inmersivas: personales, cinematogr\u00e1ficas y altamente planificadas.<\/li>\n\n\n\n<li>La ejecuci\u00f3n importa tanto como la ubicaci\u00f3n: el momento, la discreci\u00f3n y la calidad de la producci\u00f3n determinan el momento.<\/li>\n\n\n\n<li>La cobertura refleja la demanda mundial de especialistas que gestionen propuestas de principio a fin.<\/li>\n<\/ul>\n\n\n\n<hr class=\"wp-block-separator has-alpha-channel-opacity\"\/>\n\n\n\n<h2 class=\"wp-block-heading\">Explorar la planificaci\u00f3n de propuestas<\/h2>\n\n\n\n<p>Si desea una propuesta que parezca sencilla el d\u00eda de la boda, pero que est\u00e9 dise\u00f1ada impecablemente detr\u00e1s de escena, nuestro equipo puede dise\u00f1ar y producir la experiencia completa.<\/p>\n\n\n\n<div class=\"wp-block-buttons is-layout-flex wp-block-buttons-is-layout-flex\">\n<div class=\"wp-block-button has-arrow\"><a class=\"wp-block-button__link wp-element-button\" href=\"https:\/\/kissinparis.com\/es\/pedida-de-mano-paris\/organizador\/\"><em>Explorar la planificaci\u00f3n de propuestas<\/em><\/a><\/div>\n<\/div>\n\n\n\n<hr class=\"wp-block-separator has-alpha-channel-opacity\"\/>\n\n\n\n<h2 class=\"wp-block-heading\" id=\"where-published\">D\u00f3nde se public\u00f3<\/h2>\n\n\n\n<p>Publicaci\u00f3n original y fragmentos seleccionados del reportaje de AFP\/France 24:<\/p>\n\n\n\n<ul class=\"wp-block-list\">\n<li><a href=\"https:\/\/www.france24.com\/en\/live-news\/20260212-love-on-the-seine-the-rise-of-picturesque-paris-proposals\" target=\"_blank\" rel=\"noreferrer noopener\">Francia 24 (ES)<\/a><\/li>\n\n\n\n<li><a href=\"https:\/\/www.france24.com\/es\/minuto-a-minuto\/20260212-las-pedidas-de-mano-con-aires-de-pel%C3%ADcula-conquistan-la-ciudad-del-amor\" target=\"_blank\" rel=\"noreferrer noopener\">Francia 24 (ES)<\/a><\/li>\n\n\n\n<li><a href=\"https:\/\/www.hindustantimes.com\/lifestyle\/relationships\/love-on-the-seine-the-rise-of-picturesque-paris-proposals-101770906496507.html?\" target=\"_blank\" data-type=\"link\" data-id=\"https:\/\/www.hindustantimes.com\/lifestyle\/relationships\/love-on-the-seine-the-rise-of-picturesque-paris-proposals-101770906496507.html?\" rel=\"noreferrer noopener\">Tiempos del Hindustan<\/a><\/li>\n\n\n\n<li><a href=\"https:\/\/www.thelocal.fr\/20260212\/a-ritual-shaped-by-an-industry-the-rise-of-the-pricey-paris-proposals\" target=\"_blank\" rel=\"noreferrer noopener\">El Local (Francia)<\/a><\/li>\n\n\n\n<li><a href=\"https:\/\/www.lanacion.com.ar\/agencias\/las-pedidas-de-mano-con-aires-de-pelicula-conquistan-la-ciudad-del-amor-nid12022026\/\" target=\"_blank\" rel=\"noreferrer noopener\">La Naci\u00f3n (Argentina)<\/a><\/li>\n\n\n\n<li><a href=\"https:\/\/www.primicias.ec\/entretenimiento\/pedidas-mano-paris-precios-agencias-hoteles-compromiso-matrimonio-116007\/\" target=\"_blank\" rel=\"noreferrer noopener\">Primicias (Ecuador)<\/a><\/li>\n\n\n\n<li><a href=\"https:\/\/www.dailysabah.com\/life\/marry-me-in-paris-luxury-proposals-draw-global-clients\/news\" target=\"_blank\" data-type=\"link\" data-id=\"https:\/\/www.dailysabah.com\/life\/marry-me-in-paris-luxury-proposals-draw-global-clients\/news\" rel=\"noreferrer noopener\">Sabah diario<\/a><\/li>\n<\/ul>\n\n\n\n<p class=\"has-small-font-size\">Las recolecciones regionales adicionales se rastrean en nuestra p\u00e1gina principal de Medios.<\/p>\n<\/div><\/div>","protected":false},"excerpt":{"rendered":"<p>AFP \/ France 24 on the rise of picturesque Paris proposals (2026) Featuring commentary from Chantelle Streete, co-founder and executive planner. AFP, published by&nbsp;France 24, profiled&nbsp;Kiss Me in Paris&nbsp;in the context of the rise of cinematic Paris proposal planning, quoting Chantelle Streete on why clients want proposals that feel personal, immersive, and flawlessly produced. Overview [&hellip;]<\/p>\n","protected":false},"author":40,"featured_media":0,"parent":29144,"menu_order":0,"comment_status":"closed","ping_status":"closed","template":"","meta":{"_acf_changed":false,"ub_ctt_via":"","footnotes":""},"class_list":["post-29279","page","type-page","status-publish","hentry"],"acf":[],"featured_image_src":null,"_links":{"self":[{"href":"https:\/\/kissinparis.com\/es\/wp-json\/wp\/v2\/pages\/29279","targetHints":{"allow":["GET"]}}],"collection":[{"href":"https:\/\/kissinparis.com\/es\/wp-json\/wp\/v2\/pages"}],"about":[{"href":"https:\/\/kissinparis.com\/es\/wp-json\/wp\/v2\/types\/page"}],"author":[{"embeddable":true,"href":"https:\/\/kissinparis.com\/es\/wp-json\/wp\/v2\/users\/40"}],"replies":[{"embeddable":true,"href":"https:\/\/kissinparis.com\/es\/wp-json\/wp\/v2\/comments?post=29279"}],"version-history":[{"count":5,"href":"https:\/\/kissinparis.com\/es\/wp-json\/wp\/v2\/pages\/29279\/revisions"}],"predecessor-version":[{"id":29413,"href":"https:\/\/kissinparis.com\/es\/wp-json\/wp\/v2\/pages\/29279\/revisions\/29413"}],"up":[{"embeddable":true,"href":"https:\/\/kissinparis.com\/es\/wp-json\/wp\/v2\/pages\/29144"}],"wp:attachment":[{"href":"https:\/\/kissinparis.com\/es\/wp-json\/wp\/v2\/media?parent=29279"}],"curies":[{"name":"wp","href":"https:\/\/api.w.org\/{rel}","templated":true}]}}