{"id":4359,"date":"2023-03-07T13:26:40","date_gmt":"2023-03-07T13:26:40","guid":{"rendered":"https:\/\/kissinparis.com\/?page_id=4359"},"modified":"2025-08-01T13:24:48","modified_gmt":"2025-08-01T13:24:48","slug":"equipo-creativo","status":"publish","type":"page","link":"https:\/\/kissinparis.com\/es\/artists\/","title":{"rendered":"Equipo"},"content":{"rendered":"<div class=\"wp-block-group alignfull sec full-width pt-0 pb-0 mt-0 mb-0 bg-transition-light has-background-color has-primary-background-color has-text-color has-background has-link-color wp-elements-2b384c2f618de255ebd17bf54bf0266b\"><div class=\"wp-block-group__inner-container is-layout-constrained wp-block-group-is-layout-constrained\">\n<div class=\"wp-block-group alignfull sec heror-section full-width mt-0 mb-0 has-scroll-down\"><div class=\"wp-block-group__inner-container is-layout-constrained wp-block-group-is-layout-constrained\">\n<div class=\"wp-block-columns alignfull summery is-layout-flex wp-container-core-columns-is-layout-9d6595d7 wp-block-columns-is-layout-flex\">\n<div class=\"wp-block-column is-layout-flow wp-block-column-is-layout-flow\">\n<h1 class=\"wp-block-heading has-text-align-left full has-background-color has-text-color has-link-color wp-elements-80ee750baeca44bf27821505131f9630\">Nuestro equipo en Par\u00eds<\/h1>\n\n\n\n<h2 class=\"wp-block-heading mt-0 has-large-font-size\">Planificadores, fot\u00f3grafos y vide\u00f3grafos galardonados<\/h2>\n<\/div>\n\n\n\n<div class=\"wp-block-column lead is-layout-flow wp-block-column-is-layout-flow\">\n<p>Nuestro equipo es de los m\u00e1s agradables que encontrar\u00e1s en Par\u00eds. Son talentosos, en\u00e9rgicos y reciben constantemente premios y&nbsp;<a href=\"https:\/\/kissinparis.com\/es\/opiniones\/\">excelentes rese\u00f1as<\/a>.<\/p>\n\n\n\n<p>Les encanta conocer gente nueva y se comunican con facilidad en ingl\u00e9s, franc\u00e9s y otros idiomas. Se preocupan por tu experiencia y te ayudan a prepararte bien antes de llegar a Francia.<\/p>\n\n\n\n<p>Haz clic en cada perfil para conocer a quienes est\u00e1n detr\u00e1s de Kiss Me in Paris.<\/p>\n<\/div>\n<\/div>\n<\/div><\/div>\n\n\n\n<div class=\"wp-block-group alignfull mt-0 mb-0 sec sec-fullwidth sec-artists  sec-sm-pt\" id=\"artists\"><div class=\"wp-block-group__inner-container is-layout-constrained wp-block-group-is-layout-constrained\">\n<div class=\"filters v2 mt-0 mb-0 alignfull\"><h5>Filtros<\/h5><ul class=\"full\"><li><label class=\"checkbox\"><input type=\"checkbox\" checked name=\"type\" value=\"all\"> <span class=\"text\"><span class=\"text-inner\">Todos<\/span> <small class=\"count\"> <em>08<\/em><\/small><\/span><\/label><\/li><li><label class=\"checkbox\"><input type=\"checkbox\" name=\"type\" value=\"event-planning\"> <span class=\"text\"><span class=\"text-inner\">Planificaci\u00f3n de Eventos<\/span>  <small class=\"count\"><em>03<\/em><\/small><\/span><\/label><\/li><li><label class=\"checkbox\"><input type=\"checkbox\" name=\"type\" value=\"photography\"> <span class=\"text\"><span class=\"text-inner\">Fotograf\u00eda<\/span>  <small class=\"count\"><em>04<\/em><\/small><\/span><\/label><\/li><li><label class=\"checkbox\"><input type=\"checkbox\" name=\"type\" value=\"videography\"> <span class=\"text\"><span class=\"text-inner\">Videograf\u00eda<\/span>  <small class=\"count\"><em>02<\/em><\/small><\/span><\/label><\/li><\/ul><\/div><div id=\"all-items\" class=\"is-layout-flex wp-block-columns works filtarable boxes v2 alignfull\"><div class=\"is-layout-flow wp-block-column work all event-planning\" data-price=\"\"><a href=\"https:\/\/kissinparis.com\/es\/chantelle\/\"  title=\"Chantelle\" aria-label=\"Chantelle\"><figure class=\"wp-block-image size-full\"><img loading=\"lazy\" decoding=\"async\" width=\"1400\" height=\"1400\" src=\"https:\/\/kissinparis.com\/wp-content\/uploads\/2025\/06\/Chantelle-Streete-Paris-Wedding-Planner.avif\" class=\"figure figure-1\" alt=\"Organizadora de bodas en Par\u00eds, Chantelle Streete\" title=\"Chantelle\" srcset=\"https:\/\/kissinparis.com\/wp-content\/uploads\/2025\/06\/Chantelle-Streete-Paris-Wedding-Planner.avif 1400w, https:\/\/kissinparis.com\/wp-content\/uploads\/2025\/06\/Chantelle-Streete-Paris-Wedding-Planner-300x300.avif 300w, https:\/\/kissinparis.com\/wp-content\/uploads\/2025\/06\/Chantelle-Streete-Paris-Wedding-Planner-1024x1024.avif 1024w, https:\/\/kissinparis.com\/wp-content\/uploads\/2025\/06\/Chantelle-Streete-Paris-Wedding-Planner-150x150.avif 150w, https:\/\/kissinparis.com\/wp-content\/uploads\/2025\/06\/Chantelle-Streete-Paris-Wedding-Planner-768x768.avif 768w, https:\/\/kissinparis.com\/wp-content\/uploads\/2025\/06\/Chantelle-Streete-Paris-Wedding-Planner-1200x1200.avif 1200w\" sizes=\"auto, (max-width: 1400px) 100vw, 1400px\" \/><\/figure><div class=\"wp-block-group caption is-vertical is-layout-flex wp-container-core-group-layout-5 wp-block-group-is-layout-flex\"><h3 class=\"full\">Chantelle<\/h3><p class=\"full\">Planificador ejecutivo de eventos<\/p><\/div><\/a><\/div><div class=\"is-layout-flow wp-block-column work all event-planning\" data-price=\"\"><a href=\"https:\/\/kissinparis.com\/es\/eden\/\"  title=\"Ed\u00e9n\" aria-label=\"Ed\u00e9n\"><figure class=\"wp-block-image size-full\"><img loading=\"lazy\" decoding=\"async\" width=\"1400\" height=\"1400\" src=\"https:\/\/kissinparis.com\/wp-content\/uploads\/2025\/06\/Paris-Wedding-Planner-Eden.avif\" class=\"figure figure-1\" alt=\"Organizador de bodas en Par\u00eds Eden\" title=\"Ed\u00e9n\" srcset=\"https:\/\/kissinparis.com\/wp-content\/uploads\/2025\/06\/Paris-Wedding-Planner-Eden.avif 1400w, https:\/\/kissinparis.com\/wp-content\/uploads\/2025\/06\/Paris-Wedding-Planner-Eden-300x300.avif 300w, https:\/\/kissinparis.com\/wp-content\/uploads\/2025\/06\/Paris-Wedding-Planner-Eden-1024x1024.avif 1024w, https:\/\/kissinparis.com\/wp-content\/uploads\/2025\/06\/Paris-Wedding-Planner-Eden-150x150.avif 150w, https:\/\/kissinparis.com\/wp-content\/uploads\/2025\/06\/Paris-Wedding-Planner-Eden-768x768.avif 768w, https:\/\/kissinparis.com\/wp-content\/uploads\/2025\/06\/Paris-Wedding-Planner-Eden-1200x1200.avif 1200w\" sizes=\"auto, (max-width: 1400px) 100vw, 1400px\" \/><\/figure><div class=\"wp-block-group caption is-vertical is-layout-flex wp-container-core-group-layout-5 wp-block-group-is-layout-flex\"><h3 class=\"full\">Ed\u00e9n<\/h3><p class=\"full\">Planificador de eventos<\/p><\/div><\/a><\/div><div class=\"is-layout-flow wp-block-column work all event-planning\" data-price=\"\"><a href=\"https:\/\/kissinparis.com\/es\/margaux\/\"  title=\"Margaux\" aria-label=\"Margaux\"><figure class=\"wp-block-image size-full\"><img loading=\"lazy\" decoding=\"async\" width=\"1400\" height=\"1400\" src=\"https:\/\/kissinparis.com\/wp-content\/uploads\/2025\/04\/Margaux-best-Paris-proposal-planner.jpg\" class=\"figure figure-1\" alt=\"Margaux, la mejor planificadora de propuestas de Par\u00eds\" title=\"Margaux\" srcset=\"https:\/\/kissinparis.com\/wp-content\/uploads\/2025\/04\/Margaux-best-Paris-proposal-planner.jpg 1400w, https:\/\/kissinparis.com\/wp-content\/uploads\/2025\/04\/Margaux-best-Paris-proposal-planner-300x300.jpg 300w, https:\/\/kissinparis.com\/wp-content\/uploads\/2025\/04\/Margaux-best-Paris-proposal-planner-1024x1024.jpg 1024w, https:\/\/kissinparis.com\/wp-content\/uploads\/2025\/04\/Margaux-best-Paris-proposal-planner-150x150.jpg 150w, https:\/\/kissinparis.com\/wp-content\/uploads\/2025\/04\/Margaux-best-Paris-proposal-planner-768x768.jpg 768w, https:\/\/kissinparis.com\/wp-content\/uploads\/2025\/04\/Margaux-best-Paris-proposal-planner-1200x1200.jpg 1200w\" sizes=\"auto, (max-width: 1400px) 100vw, 1400px\" \/><\/figure><div class=\"wp-block-group caption is-vertical is-layout-flex wp-container-core-group-layout-5 wp-block-group-is-layout-flex\"><h3 class=\"full\">Margaux<\/h3><p class=\"full\">Planificador de eventos<\/p><\/div><\/a><\/div><div class=\"is-layout-flow wp-block-column work all photography\" data-price=\"\"><a href=\"https:\/\/kissinparis.com\/es\/equipo-creativo\/juliana\/\"  title=\"Juliana\" aria-label=\"Juliana\"><figure class=\"wp-block-image size-full\"><img loading=\"lazy\" decoding=\"async\" width=\"1400\" height=\"1400\" src=\"https:\/\/kissinparis.com\/wp-content\/uploads\/2025\/06\/paris-photographer-juliana-vacation-boudoir-family.avif\" class=\"figure figure-1\" alt=\"Fot\u00f3grafa parisina portuguesa Juliana\" title=\"Juliana\" srcset=\"https:\/\/kissinparis.com\/wp-content\/uploads\/2025\/06\/paris-photographer-juliana-vacation-boudoir-family.avif 1400w, https:\/\/kissinparis.com\/wp-content\/uploads\/2025\/06\/paris-photographer-juliana-vacation-boudoir-family-300x300.avif 300w, https:\/\/kissinparis.com\/wp-content\/uploads\/2025\/06\/paris-photographer-juliana-vacation-boudoir-family-1024x1024.avif 1024w, https:\/\/kissinparis.com\/wp-content\/uploads\/2025\/06\/paris-photographer-juliana-vacation-boudoir-family-150x150.avif 150w, https:\/\/kissinparis.com\/wp-content\/uploads\/2025\/06\/paris-photographer-juliana-vacation-boudoir-family-768x768.avif 768w, https:\/\/kissinparis.com\/wp-content\/uploads\/2025\/06\/paris-photographer-juliana-vacation-boudoir-family-1200x1200.avif 1200w\" sizes=\"auto, (max-width: 1400px) 100vw, 1400px\" \/><\/figure><div class=\"wp-block-group caption is-vertical is-layout-flex wp-container-core-group-layout-5 wp-block-group-is-layout-flex\"><h3 class=\"full\">Juliana<\/h3><p class=\"full\">Fot\u00f3grafo profesional<\/p><\/div><\/a><\/div><div class=\"is-layout-flow wp-block-column work all photography videography\" data-price=\"\"><a href=\"https:\/\/kissinparis.com\/es\/equipo-creativo\/vincent\/\"  title=\"Vicente\" aria-label=\"Vicente\"><figure class=\"wp-block-image size-full\"><img loading=\"lazy\" decoding=\"async\" width=\"1400\" height=\"1400\" src=\"https:\/\/kissinparis.com\/wp-content\/uploads\/2025\/06\/paris-videographer-vincent-proposals-weddings.avif\" class=\"figure figure-1\" alt=\"Vide\u00f3grafo parisino Vincent\" title=\"Vicente\" srcset=\"https:\/\/kissinparis.com\/wp-content\/uploads\/2025\/06\/paris-videographer-vincent-proposals-weddings.avif 1400w, https:\/\/kissinparis.com\/wp-content\/uploads\/2025\/06\/paris-videographer-vincent-proposals-weddings-300x300.avif 300w, https:\/\/kissinparis.com\/wp-content\/uploads\/2025\/06\/paris-videographer-vincent-proposals-weddings-1024x1024.avif 1024w, https:\/\/kissinparis.com\/wp-content\/uploads\/2025\/06\/paris-videographer-vincent-proposals-weddings-150x150.avif 150w, https:\/\/kissinparis.com\/wp-content\/uploads\/2025\/06\/paris-videographer-vincent-proposals-weddings-768x768.avif 768w, https:\/\/kissinparis.com\/wp-content\/uploads\/2025\/06\/paris-videographer-vincent-proposals-weddings-1200x1200.avif 1200w\" sizes=\"auto, (max-width: 1400px) 100vw, 1400px\" \/><\/figure><div class=\"wp-block-group caption is-vertical is-layout-flex wp-container-core-group-layout-5 wp-block-group-is-layout-flex\"><h3 class=\"full\">Vicente<\/h3><p class=\"full\">Fot\u00f3grafo profesional<\/p><\/div><\/a><\/div><div class=\"is-layout-flow wp-block-column work all photography\" data-price=\"\"><a href=\"https:\/\/kissinparis.com\/es\/equipo-creativo\/scander\/\"  title=\"Esc\u00e1ner\" aria-label=\"Esc\u00e1ner\"><figure class=\"wp-block-image size-full\"><img loading=\"lazy\" decoding=\"async\" width=\"1400\" height=\"1400\" src=\"https:\/\/kissinparis.com\/wp-content\/uploads\/2025\/06\/paris-photographer-scander-weddings-engagements.avif\" class=\"figure figure-1\" alt=\"Scander, fot\u00f3grafo de bodas de Par\u00eds\" title=\"Esc\u00e1ner\" srcset=\"https:\/\/kissinparis.com\/wp-content\/uploads\/2025\/06\/paris-photographer-scander-weddings-engagements.avif 1400w, https:\/\/kissinparis.com\/wp-content\/uploads\/2025\/06\/paris-photographer-scander-weddings-engagements-300x300.avif 300w, https:\/\/kissinparis.com\/wp-content\/uploads\/2025\/06\/paris-photographer-scander-weddings-engagements-1024x1024.avif 1024w, https:\/\/kissinparis.com\/wp-content\/uploads\/2025\/06\/paris-photographer-scander-weddings-engagements-150x150.avif 150w, https:\/\/kissinparis.com\/wp-content\/uploads\/2025\/06\/paris-photographer-scander-weddings-engagements-768x768.avif 768w, https:\/\/kissinparis.com\/wp-content\/uploads\/2025\/06\/paris-photographer-scander-weddings-engagements-1200x1200.avif 1200w\" sizes=\"auto, (max-width: 1400px) 100vw, 1400px\" \/><\/figure><div class=\"wp-block-group caption is-vertical is-layout-flex wp-container-core-group-layout-5 wp-block-group-is-layout-flex\"><h3 class=\"full\">Esc\u00e1ner<\/h3><p class=\"full\">Fot\u00f3grafo profesional<\/p><\/div><\/a><\/div><div class=\"is-layout-flow wp-block-column work all photography\" data-price=\"\"><a href=\"https:\/\/kissinparis.com\/es\/equipo-creativo\/cengiz\/\"  title=\"Cengiz\" aria-label=\"Cengiz\"><figure class=\"wp-block-image size-full\"><img loading=\"lazy\" decoding=\"async\" width=\"1400\" height=\"1400\" src=\"https:\/\/kissinparis.com\/wp-content\/uploads\/2025\/06\/paris-wedding-photographer-cengiz-award-winning.avif\" class=\"figure figure-1\" alt=\"Fot\u00f3grafo de bodas en Par\u00eds Cengiz\" title=\"Cengiz\" srcset=\"https:\/\/kissinparis.com\/wp-content\/uploads\/2025\/06\/paris-wedding-photographer-cengiz-award-winning.avif 1400w, https:\/\/kissinparis.com\/wp-content\/uploads\/2025\/06\/paris-wedding-photographer-cengiz-award-winning-300x300.avif 300w, https:\/\/kissinparis.com\/wp-content\/uploads\/2025\/06\/paris-wedding-photographer-cengiz-award-winning-1024x1024.avif 1024w, https:\/\/kissinparis.com\/wp-content\/uploads\/2025\/06\/paris-wedding-photographer-cengiz-award-winning-150x150.avif 150w, https:\/\/kissinparis.com\/wp-content\/uploads\/2025\/06\/paris-wedding-photographer-cengiz-award-winning-768x768.avif 768w, https:\/\/kissinparis.com\/wp-content\/uploads\/2025\/06\/paris-wedding-photographer-cengiz-award-winning-1200x1200.avif 1200w\" sizes=\"auto, (max-width: 1400px) 100vw, 1400px\" \/><\/figure><div class=\"wp-block-group caption is-vertical is-layout-flex wp-container-core-group-layout-5 wp-block-group-is-layout-flex\"><h3 class=\"full\">Cengiz<\/h3><p class=\"full\">Fot\u00f3grafo profesional<\/p><\/div><\/a><\/div><div class=\"is-layout-flow wp-block-column work all videography\" data-price=\"\"><a href=\"https:\/\/kissinparis.com\/es\/equipo-creativo\/julia\/\"  title=\"Julia\" aria-label=\"Julia\"><figure class=\"wp-block-image size-full\"><img loading=\"lazy\" decoding=\"async\" width=\"1400\" height=\"1400\" src=\"https:\/\/kissinparis.com\/wp-content\/uploads\/2025\/06\/Paris-Videographer-Julia.avif\" class=\"figure figure-1\" alt=\"Vide\u00f3grafa parisina Julia\" title=\"Julia\" srcset=\"https:\/\/kissinparis.com\/wp-content\/uploads\/2025\/06\/Paris-Videographer-Julia.avif 1400w, https:\/\/kissinparis.com\/wp-content\/uploads\/2025\/06\/Paris-Videographer-Julia-300x300.avif 300w, https:\/\/kissinparis.com\/wp-content\/uploads\/2025\/06\/Paris-Videographer-Julia-1024x1024.avif 1024w, https:\/\/kissinparis.com\/wp-content\/uploads\/2025\/06\/Paris-Videographer-Julia-150x150.avif 150w, https:\/\/kissinparis.com\/wp-content\/uploads\/2025\/06\/Paris-Videographer-Julia-768x768.avif 768w, https:\/\/kissinparis.com\/wp-content\/uploads\/2025\/06\/Paris-Videographer-Julia-1200x1200.avif 1200w\" sizes=\"auto, (max-width: 1400px) 100vw, 1400px\" \/><\/figure><div class=\"wp-block-group caption is-vertical is-layout-flex wp-container-core-group-layout-5 wp-block-group-is-layout-flex\"><h3 class=\"full\">Julia<\/h3><p class=\"full\">cineasta profesional<\/p><\/div><\/a><\/div><\/div>\n<\/div><\/div>\n<\/div><\/div>\n\n\n\n<div class=\"wp-block-group alignfull mt-0 mb-0 sec sec-team pt-0 pb-0\"><div class=\"wp-block-group__inner-container is-layout-constrained wp-block-group-is-layout-constrained\">\n<div class=\"wp-block-columns are-vertically-aligned-top navigator container-sm is-layout-flex wp-container-core-columns-is-layout-9d6595d7 wp-block-columns-is-layout-flex\">\n<div class=\"wp-block-column is-vertically-aligned-top is-layout-flow wp-block-column-is-layout-flow\">\n<h3 class=\"wp-block-heading has-text-align-center mb-15\">Sobre Chantelle<\/h3>\n\n\n\n<p class=\"has-text-align-center\"><a href=\"https:\/\/kissinparis.com\/es\/sobre-nosotros\/\" data-type=\"page\" data-id=\"15\">Saber m\u00e1s \u2192<\/a><\/p>\n<\/div>\n\n\n\n<div class=\"wp-block-column is-vertically-aligned-top is-layout-flow wp-block-column-is-layout-flow\">\n<h3 class=\"wp-block-heading has-text-align-center mb-15\">Testimonios<\/h3>\n\n\n\n<p class=\"has-text-align-center\"><a href=\"https:\/\/kissinparis.com\/es\/opiniones\/\" data-type=\"page\" data-id=\"1029\">Lo que dicen nuestros clientes  \u2192<\/a><\/p>\n<\/div>\n<\/div>\n<\/div><\/div>","protected":false},"excerpt":{"rendered":"<p>Meet Our Paris Team Award-winning planners, photographers, and videographers Our artists are simply the most fun you\u2019ll find in Paris. They\u2019re talented, energetic, and consistently earn awards and&nbsp;glowing reviews. They love to meet new people and communicate well in English, French, and other languages. They genuinely care about your experience and will help you to [&hellip;]<\/p>\n","protected":false},"author":35,"featured_media":5229,"parent":0,"menu_order":0,"comment_status":"closed","ping_status":"closed","template":"","meta":{"_acf_changed":false,"ub_ctt_via":"","footnotes":""},"class_list":["post-4359","page","type-page","status-publish","has-post-thumbnail","hentry"],"acf":[],"featured_image_src":"https:\/\/kissinparis.com\/wp-content\/uploads\/2023\/03\/Meet-the-Kiss-Me-in-Paris-team.jpg","_links":{"self":[{"href":"https:\/\/kissinparis.com\/es\/wp-json\/wp\/v2\/pages\/4359","targetHints":{"allow":["GET"]}}],"collection":[{"href":"https:\/\/kissinparis.com\/es\/wp-json\/wp\/v2\/pages"}],"about":[{"href":"https:\/\/kissinparis.com\/es\/wp-json\/wp\/v2\/types\/page"}],"author":[{"embeddable":true,"href":"https:\/\/kissinparis.com\/es\/wp-json\/wp\/v2\/users\/35"}],"replies":[{"embeddable":true,"href":"https:\/\/kissinparis.com\/es\/wp-json\/wp\/v2\/comments?post=4359"}],"version-history":[{"count":33,"href":"https:\/\/kissinparis.com\/es\/wp-json\/wp\/v2\/pages\/4359\/revisions"}],"predecessor-version":[{"id":27256,"href":"https:\/\/kissinparis.com\/es\/wp-json\/wp\/v2\/pages\/4359\/revisions\/27256"}],"wp:featuredmedia":[{"embeddable":true,"href":"https:\/\/kissinparis.com\/es\/wp-json\/wp\/v2\/media\/5229"}],"wp:attachment":[{"href":"https:\/\/kissinparis.com\/es\/wp-json\/wp\/v2\/media?parent=4359"}],"curies":[{"name":"wp","href":"https:\/\/api.w.org\/{rel}","templated":true}]}}