{"id":4485,"date":"2023-03-07T16:28:21","date_gmt":"2023-03-07T16:28:21","guid":{"rendered":"https:\/\/kissinparis.com\/?page_id=4485"},"modified":"2025-06-10T09:05:39","modified_gmt":"2025-06-10T09:05:39","slug":"puente-artes","status":"publish","type":"page","link":"https:\/\/kissinparis.com\/es\/pont-des-arts\/","title":{"rendered":"Puente de las Artes"},"content":{"rendered":"<div class=\"wp-block-group alignfull sec heror-section mt-0 mb-0 has-scroll-down has-background-color has-primary-background-color has-text-color has-background has-link-color wp-elements-4beac8673f2382d3e829383563c71ce5\"><div class=\"wp-block-group__inner-container is-layout-constrained wp-block-group-is-layout-constrained\">\n<h1 class=\"wp-block-heading alignwide has-text-align-left full has-background-color has-text-color has-link-color wp-elements-020ed5318d5aaedc5f25a5f2452d66b0\">Pont des Arts: vistas parisinas de ensue\u00f1o desde el puente m\u00e1s rom\u00e1ntico de la ciudad<\/h1>\n<\/div><\/div>\n\n\n\n<div class=\"wp-block-cover alignfull is-light mt-0 mb-0 banner banner-resources\"><img loading=\"lazy\" decoding=\"async\" width=\"1600\" height=\"1067\" class=\"wp-block-cover__image-background wp-image-4488\" alt=\"Fot\u00f3grafo de Par\u00eds para fotos de compromiso.\" src=\"https:\/\/kissinparis.com\/wp-content\/uploads\/2023\/03\/Pont-des-Arts-best-Paris-photo-location-4-1.jpg\" data-object-fit=\"cover\" srcset=\"https:\/\/kissinparis.com\/wp-content\/uploads\/2023\/03\/Pont-des-Arts-best-Paris-photo-location-4-1.jpg 1600w, https:\/\/kissinparis.com\/wp-content\/uploads\/2023\/03\/Pont-des-Arts-best-Paris-photo-location-4-1-300x200.jpg 300w, https:\/\/kissinparis.com\/wp-content\/uploads\/2023\/03\/Pont-des-Arts-best-Paris-photo-location-4-1-1024x683.jpg 1024w, https:\/\/kissinparis.com\/wp-content\/uploads\/2023\/03\/Pont-des-Arts-best-Paris-photo-location-4-1-768x512.jpg 768w, https:\/\/kissinparis.com\/wp-content\/uploads\/2023\/03\/Pont-des-Arts-best-Paris-photo-location-4-1-1536x1024.jpg 1536w, https:\/\/kissinparis.com\/wp-content\/uploads\/2023\/03\/Pont-des-Arts-best-Paris-photo-location-4-1-1200x800.jpg 1200w\" sizes=\"auto, (max-width: 1600px) 100vw, 1600px\" \/><span aria-hidden=\"true\" class=\"wp-block-cover__background has-primary-background-color has-background-dim-0 has-background-dim\"><\/span><div class=\"wp-block-cover__inner-container is-layout-flow wp-block-cover-is-layout-flow\">\n<div class=\"banner-video\">\n<img decoding=\"async\" src=\"https:\/\/kissinparis.com\/wp-content\/uploads\/2023\/02\/placeholder_16x9.png\" alt=\"\u00c1rea del h\u00e9roe\">\n<\/div>\n<\/div><\/div>\n\n\n\n<div class=\"wp-block-group alignfull mt-0 mb-0 sec sec-content has-white-background-color has-background\" id=\"sec-1\"><div class=\"wp-block-group__inner-container is-layout-constrained wp-block-group-is-layout-constrained\">\n<h2 class=\"wp-block-heading title-v2\">Todo lo que necesitas saber sobre el Pont des Arts<\/h2>\n\n\n\n<p>Aunque ya no es posible colocar candados grabados en el puente peatonal, los enamorados no quedar\u00e1n decepcionados.<\/p>\n\n\n\n<p>El Pont des Arts ofrece algunas de las vistas m\u00e1s pintorescas de todo Par\u00eds. Cuando te sientas c\u00f3modo, ac\u00e9rcate y sella el amor que comparten con tu alma gemela con un beso especial.<\/p>\n\n\n<p><div class=\"sc-box tips\"><div class=\"sc-title\"><svg viewbox=\"0 0 512 512\" class=\"icon icon-tip\" role=\"presentation\"><path d=\" M466.27 286.69C475.04 271.84 480 256 480 236.85c0-44.015-37.218-85.58 -85.82-85.58H357.7c4.92-12.81 8.85-28.13 8.85-46.54C366.55 31.936 328.86 0 271.28 0c-61.607 0-58.093 94.933-71.76 108.6-22.747 22.747 -49.615 66.447-68.76 83.4H32c-17.673 0-32 14.327-32 32v240c0 17.673 14.327 32 32 32h64c14.893 0 27.408-10.174 30.978-23.95 44.509 1.001 75.06 39.94 177.802 39.94 7.22 0 15.22.01 22.22.01 77.117 0 111.986 -39.423 112.94-95.33 13.319-18.425 20.299-43.122 17.34-66.99 9.854 -18.452 13.664-40.343 8.99-62.99zm-61.75 53.83c12.56 21.13 1.26 49.41 -13.94 57.57 7.7 48.78-17.608 65.9-53.12 65.9h-37.82c-71.639 0-118.029 -37.82-171.64-37.82V240h10.92c28.36 0 67.98-70.89 94.54-97.46 28.36 -28.36 18.91-75.63 37.82-94.54 47.27 0 47.27 32.98 47.27 56.73 0 39.17 -28.36 56.72-28.36 94.54h103.99c21.11 0 37.73 18.91 37.82 37.82.09 18.9-12.82 37.81-22.27 37.81 13.489 14.555 16.371 45.236-5.21 65.62zM 88 432c0 13.255-10.745 24-24 24s-24-10.745-24-24 10.745-24 24-24 24 10.745 24 24z \" fill=\"currentColor\"><\/path><\/svg><span class=\"sc-label\">Consejo<\/span><\/div><span class=\"sc-content\"><span style=\"font-size: 16px;\">El acceso al Puente de las Artes es facil\u00edsimo desde el patio trasero del Louvre. As\u00ed que quiz\u00e1s puedas colar algunas piezas invaluables. <a class=\"wpil_keyword_link\" title=\"fotos\" href=\"https:\/\/kissinparis.com\/es\/portfolio\/\" data-wpil-keyword-link=\"linked\">fotos<\/a> Mientras espero el Uber.<\/span><\/div><\/span><\/p>\n\n\n\n<p><strong>El mejor momento para <a href=\"https:\/\/kissinparis.com\/es\/sesion-fotos-paris\/\">Sesi\u00f3n de fotos<\/a> <\/strong>: todo el d\u00eda<br><strong>Escala rom\u00e1ntica<\/strong>: moderado<br><strong>Idoneidad para la lluvia<\/strong>: pobre<br><strong>Ubicaciones cercanas: <\/strong><a href=\"https:\/\/kissinparis.com\/es\/museo-del-louvre\/\">Museo del Louvre<\/a>, Jard\u00edn de las Tuller\u00edas, Museo de Orsay, Plaza del Vert-Galant, R\u00edo Sena, Palacio Real, Cafeter\u00edas<br><strong>Costo<\/strong>: gratis<br><strong>Latitud y longitud<\/strong>: 48.8583\u00b0 N, 2.3375\u00b0 E<\/p>\n<\/div><\/div>","protected":false},"excerpt":{"rendered":"<p>Pont des Arts \u2013 Dreamy Parisian Views from the City\u2019s Most Romantic Bridge All You Need To Know About Pont Des Arts While attaching engraved padlocks to the pedestrian bridge is no longer possible, lovers will definitely not be disappointed. Pont des Arts offers some of the most picturesque views in all of Paris. When [&hellip;]<\/p>\n","protected":false},"author":35,"featured_media":4488,"parent":0,"menu_order":0,"comment_status":"closed","ping_status":"closed","template":"","meta":{"_acf_changed":false,"ub_ctt_via":"","footnotes":""},"class_list":["post-4485","page","type-page","status-publish","has-post-thumbnail","hentry"],"acf":[],"featured_image_src":"https:\/\/kissinparis.com\/wp-content\/uploads\/2023\/03\/Pont-des-Arts-best-Paris-photo-location-4-1.jpg","_links":{"self":[{"href":"https:\/\/kissinparis.com\/es\/wp-json\/wp\/v2\/pages\/4485","targetHints":{"allow":["GET"]}}],"collection":[{"href":"https:\/\/kissinparis.com\/es\/wp-json\/wp\/v2\/pages"}],"about":[{"href":"https:\/\/kissinparis.com\/es\/wp-json\/wp\/v2\/types\/page"}],"author":[{"embeddable":true,"href":"https:\/\/kissinparis.com\/es\/wp-json\/wp\/v2\/users\/35"}],"replies":[{"embeddable":true,"href":"https:\/\/kissinparis.com\/es\/wp-json\/wp\/v2\/comments?post=4485"}],"version-history":[{"count":5,"href":"https:\/\/kissinparis.com\/es\/wp-json\/wp\/v2\/pages\/4485\/revisions"}],"predecessor-version":[{"id":24206,"href":"https:\/\/kissinparis.com\/es\/wp-json\/wp\/v2\/pages\/4485\/revisions\/24206"}],"wp:featuredmedia":[{"embeddable":true,"href":"https:\/\/kissinparis.com\/es\/wp-json\/wp\/v2\/media\/4488"}],"wp:attachment":[{"href":"https:\/\/kissinparis.com\/es\/wp-json\/wp\/v2\/media?parent=4485"}],"curies":[{"name":"wp","href":"https:\/\/api.w.org\/{rel}","templated":true}]}}