{"id":4504,"date":"2025-01-07T16:19:00","date_gmt":"2025-01-07T16:19:00","guid":{"rendered":"https:\/\/kissinparis.com\/?page_id=4504"},"modified":"2025-10-14T14:54:30","modified_gmt":"2025-10-14T14:54:30","slug":"letras-gigantes","status":"publish","type":"page","link":"https:\/\/kissinparis.com\/es\/paris-proposal\/marry-me-letters-proposal\/","title":{"rendered":"Letras \u00abMarry Me\u00bb en Par\u00eds \u2014 Montaje Premium para Propuestas"},"content":{"rendered":"<div class=\"wp-block-group alignfull sec heror-section mt-0 mb-0 has-scroll-down has-background-color has-primary-background-color has-text-color has-background has-link-color wp-elements-da73b8a333f26f95d539c8292589b3f8\"><div class=\"wp-block-group__inner-container is-layout-constrained wp-block-group-is-layout-constrained\">\n<h1 class=\"wp-block-heading alignwide has-text-align-left full has-background-color has-text-color has-link-color wp-elements-e097c79adb65096f3da5b4e97a9346de\">Letras \u00abMarry Me\u00bb en Par\u00eds \u2014 Montaje Premium para Propuestas<\/h1>\n\n\n\n<h2 class=\"wp-block-heading alignwide has-large-font-size\">Reserva en minutos. Letras blancas, rojas o rosas con entrega, colocaci\u00f3n y retirada profesionales, coordinadas con tu fot\u00f3grafo.<\/h2>\n\n\n\n<div class=\"wp-block-buttons alignfull mt-0 mb-0 pt-10 is-layout-flex wp-block-buttons-is-layout-flex\">\n<div class=\"wp-block-button\"><a class=\"wp-block-button__link has-primary-color has-background-background-color has-text-color has-background wp-element-button\" href=\"https:\/\/kissinparis.com\/es\/consulta\/\">Consultas<\/a><\/div>\n<\/div>\n<\/div><\/div>\n\n\n\n<div class=\"wp-block-cover alignfull is-light mt-0 mb-0 banner banner-resources\"><img loading=\"lazy\" decoding=\"async\" width=\"1600\" height=\"1067\" class=\"wp-block-cover__image-background wp-image-781\" alt=\"Cartas de matrimonio en Par\u00eds: propuesta de matrimonio por el Sena con una suntuosa alfombra roja.\" src=\"https:\/\/kissinparis.com\/wp-content\/uploads\/2023\/03\/Propose-in-Paris-Eiffel-Tower-engagement-with-Marry-Me-sign.jpg\" style=\"object-position:51% 59%\" data-object-fit=\"cover\" data-object-position=\"51% 59%\" srcset=\"https:\/\/kissinparis.com\/wp-content\/uploads\/2023\/03\/Propose-in-Paris-Eiffel-Tower-engagement-with-Marry-Me-sign.jpg 1600w, https:\/\/kissinparis.com\/wp-content\/uploads\/2023\/03\/Propose-in-Paris-Eiffel-Tower-engagement-with-Marry-Me-sign-300x200.jpg 300w, https:\/\/kissinparis.com\/wp-content\/uploads\/2023\/03\/Propose-in-Paris-Eiffel-Tower-engagement-with-Marry-Me-sign-1024x683.jpg 1024w, https:\/\/kissinparis.com\/wp-content\/uploads\/2023\/03\/Propose-in-Paris-Eiffel-Tower-engagement-with-Marry-Me-sign-768x512.jpg 768w, https:\/\/kissinparis.com\/wp-content\/uploads\/2023\/03\/Propose-in-Paris-Eiffel-Tower-engagement-with-Marry-Me-sign-1536x1024.jpg 1536w, https:\/\/kissinparis.com\/wp-content\/uploads\/2023\/03\/Propose-in-Paris-Eiffel-Tower-engagement-with-Marry-Me-sign-1200x800.jpg 1200w\" sizes=\"auto, (max-width: 1600px) 100vw, 1600px\" \/><span aria-hidden=\"true\" class=\"wp-block-cover__background has-primary-background-color has-background-dim-0 has-background-dim\"><\/span><div class=\"wp-block-cover__inner-container is-layout-flow wp-block-cover-is-layout-flow\">\n<div class=\"banner-video\">\n<img decoding=\"async\" src=\"https:\/\/kissinparis.com\/wp-content\/uploads\/2023\/02\/placeholder_16x9.png\" alt=\"\u00c1rea del h\u00e9roe\">\n<\/div>\n<\/div><\/div>\n\n\n\n<div class=\"wp-block-group alignfull mt-0 mb-0 sec sec-content has-background-background-color has-background\" id=\"sec-1\"><div class=\"wp-block-group__inner-container is-layout-constrained wp-block-group-is-layout-constrained\">\n<h2 class=\"wp-block-heading title-v2\">Una espectacular propuesta de matrimonio a orillas del Sena (garantizada)<\/h2>\n\n\n\n<p>Para un gesto audaz pero \u00edntimo en Par\u00eds, nada se compara con esta experiencia a orillas del Sena. La velada comienza con un tranquilo paseo al atardecer por la orilla izquierda, donde un violinista llena el aire con la melod\u00eda favorita de su pareja.<\/p>\n\n\n\n<p>La m\u00fasica te gu\u00eda a una escena hecha solo para ti: una lujosa alfombra roja bordeada de p\u00e9talos de rosa y velas, que conduce directamente a una imponente <strong>C\u00c1SATE CONMIGO<\/strong> letras (disponibles en rojo, blanco o rosa e incluso iluminadas). Ya sea en un <a href=\"https:\/\/kissinparis.com\/es\/pedida-de-mano-azotea-paris\/\">terraza privada en la azotea<\/a>Ya sea un barco fluvial de lujo o cualquier otro punto estrat\u00e9gico parisino, estas llamativas letras enmarcan su propuesta bajo el brillo nocturno de la Torre Eiffel.<\/p>\n\n\n\n<p>Nos encargaremos de todo, de principio a fin (iluminaci\u00f3n, flores, m\u00fasica y limpieza) para que usted pueda concentrarse en lo \u00fanico que importa: su respuesta.<\/p>\n\n\n\n<figure class=\"wp-block-image alignwide size-large size-full wp-image-45174\"><img loading=\"lazy\" decoding=\"async\" width=\"1024\" height=\"683\" src=\"https:\/\/kissinparis.com\/wp-content\/uploads\/2023\/03\/Marry-Me-Letters-Paris-Secret-Table-Peninsula-Hotel-1024x683.jpg\" alt=\"Impresionantes letras de &quot;C\u00e1sate conmigo&quot; en un suntuoso rojo en la Mesa Secreta (Hotel Peninsula) de Par\u00eds, complementadas con una preciosa alfombra roja, encantadoras velas decorativas y una impresionante mesa de champ\u00e1n. Todo este decorado se desarrolla frente a la cautivadora silueta de la ic\u00f3nica Torre Eiffel, creando una inolvidable escena rom\u00e1ntica.\" class=\"wp-image-3730\" srcset=\"https:\/\/kissinparis.com\/wp-content\/uploads\/2023\/03\/Marry-Me-Letters-Paris-Secret-Table-Peninsula-Hotel-1024x683.jpg 1024w, https:\/\/kissinparis.com\/wp-content\/uploads\/2023\/03\/Marry-Me-Letters-Paris-Secret-Table-Peninsula-Hotel-300x200.jpg 300w, https:\/\/kissinparis.com\/wp-content\/uploads\/2023\/03\/Marry-Me-Letters-Paris-Secret-Table-Peninsula-Hotel-768x512.jpg 768w, https:\/\/kissinparis.com\/wp-content\/uploads\/2023\/03\/Marry-Me-Letters-Paris-Secret-Table-Peninsula-Hotel-1536x1024.jpg 1536w, https:\/\/kissinparis.com\/wp-content\/uploads\/2023\/03\/Marry-Me-Letters-Paris-Secret-Table-Peninsula-Hotel-1200x800.jpg 1200w, https:\/\/kissinparis.com\/wp-content\/uploads\/2023\/03\/Marry-Me-Letters-Paris-Secret-Table-Peninsula-Hotel.jpg 1920w\" sizes=\"auto, (max-width: 1024px) 100vw, 1024px\" \/><figcaption class=\"wp-element-caption\">Impresionantes letras de &quot;C\u00e1sate conmigo&quot; en un suntuoso rojo en la Mesa Secreta (Hotel Peninsula) de Par\u00eds, complementadas con una preciosa alfombra roja, encantadoras velas decorativas y una impresionante mesa de champ\u00e1n. Todo este decorado se desarrolla frente a la cautivadora silueta de la ic\u00f3nica Torre Eiffel, creando una inolvidable escena rom\u00e1ntica.<\/figcaption><\/figure>\n\n\n\n<figure class=\"wp-block-image alignwide size-full wp-image-37286\"><img loading=\"lazy\" decoding=\"async\" width=\"1000\" height=\"667\" src=\"https:\/\/kissinparis.com\/wp-content\/uploads\/2023\/03\/Private-Eiffel-Tower-Proposal-setting.jpg\" alt=\"Cartas de matrimonio en Par\u00eds, propuesta de matrimonio en la azotea privada del hotel Shangri-La\" class=\"wp-image-3848\" srcset=\"https:\/\/kissinparis.com\/wp-content\/uploads\/2023\/03\/Private-Eiffel-Tower-Proposal-setting.jpg 1000w, https:\/\/kissinparis.com\/wp-content\/uploads\/2023\/03\/Private-Eiffel-Tower-Proposal-setting-300x200.jpg 300w, https:\/\/kissinparis.com\/wp-content\/uploads\/2023\/03\/Private-Eiffel-Tower-Proposal-setting-768x512.jpg 768w\" sizes=\"auto, (max-width: 1000px) 100vw, 1000px\" \/><figcaption class=\"wp-element-caption\">Una rom\u00e1ntica propuesta entre personas del mismo sexo en una terraza privada del Peninsula Paris, con deslumbrantes letras blancas de &quot;C\u00e1sate conmigo&quot;, globos blancos de gran tama\u00f1o y velas parpadeantes.<\/figcaption><\/figure>\n<\/div><\/div>\n\n\n\n<div class=\"wp-block-group alignfull mt-0 mb-0 sec sec-faq has-subtle-background-background-color has-background\"><div class=\"wp-block-group__inner-container is-layout-constrained wp-block-group-is-layout-constrained\">\n<p class=\"sec-header has-normal-font-size\" style=\"text-transform:none\"><strong>Desde 1.100\u20ac<\/strong><\/p>\n\n\n<div id=\"rank-math-faq\" class=\"rank-math-block\">\n<div class=\"rank-math-list\">\n<div id=\"faq-question-1748532360674\" class=\"rank-math-list-item\">\n<h3 class=\"rank-math-question\">\u00bfQu\u00e9 incluye nuestra propuesta de Cartas de C\u00e1sate Conmigo?<\/h3>\n<div class=\"rank-math-answer\">\n<img loading=\"lazy\" decoding=\"async\" width=\"150\" height=\"150\" src=\"https:\/\/kissinparis.com\/wp-content\/uploads\/2023\/03\/5_Marry-Me-Letters-Paris-proposal-bad-set-up-666x1024-150x150.jpg\" class=\"alignright\" alt=\"Configuraci\u00f3n sencilla y econ\u00f3mica de la carta &quot;C\u00e1sate conmigo&quot; para una propuesta de matrimonio, con letras blancas grandes dispuestas al aire libre con decoraciones m\u00ednimas.\" \/>\n<p>Nuestro paquete todo incluido le ofrece todo lo que necesita para una propuesta espectacular en Par\u00eds:<\/p>\n<p>\u2014 Entrega, instalaci\u00f3n y retiro de tus letras Marry Me (elige rojo, blanco o rosa)<br \/>\u2014 Pasarela de alfombra roja o blanca de felpa<br \/>\u2014 24 velas m\u00e1s faroles decorativos<br \/>\u2014 P\u00e9talos de rosa de m\u00e1s de 100 rosas.<\/p>\n<p>Actualizaciones de GPS en vivo v\u00eda WhatsApp el d\u00eda de tu evento<em>.<\/em><\/p>\n\n<\/div>\n<\/div>\n<div id=\"faq-question-1748532458947\" class=\"rank-math-list-item\">\n<h3 class=\"rank-math-question\">Mejora tu propuesta de cartas de matrimonio<\/h3>\n<div class=\"rank-math-answer\">\n\n<p>- <strong>Al estilo paparazzi <a href=\"https:\/\/kissinparis.com\/es\/pedida-de-mano-paris\/fotografo\/\">fotograf\u00eda<\/a> (60 minutos):<\/strong> desde 300\u20ac<br \/>- <strong>Reel de v\u00eddeo estilo Instagram de 60 segundos:<\/strong> \u20ac375<br \/>- <strong><a href=\"https:\/\/kissinparis.com\/es\/videografo-paris\/\">Vide\u00f3grafo<\/a>:<\/strong> 500 \u20ac\/hora<br \/>- <strong><a href=\"https:\/\/kissinparis.com\/es\/pedida-de-mano-paris\/organizador\/\">Planificaci\u00f3n de servicios integrales<\/a>:<\/strong> Desde 950\u20ac (solo el d\u00eda de la coordinaci\u00f3n: 450\u20ac)<br \/>- <strong>M\u00fasico maestro en vivo<\/strong> (guitarra, viol\u00edn, violonchelo, arpa): desde 375 \u20ac<br \/>- <strong>Paquete champ\u00e1n y rosas:<\/strong> desde 325\u20ac (copas de cristal + ramo premium)<br \/>- <strong>Iluminaci\u00f3n profesional y gesti\u00f3n de multitudes:<\/strong> 225\u20ac (requerido despu\u00e9s de la puesta del sol)<\/p>\n<p><strong>Fuentes de fuegos artificiales:<\/strong><br \/>\u2014 2 unidades, 30 segundos: 120 \u20ac<br \/>\u2014 4 unidades, 30 segundos: 200 \u20ac<br \/>\u2014 2 unidades, 60 segundos: 160 \u20ac<br \/>\u2014 4 unidades, 60 segundos: 240 \u20ac<br \/><em>(No disponible en el <a href=\"https:\/\/kissinparis.com\/es\/secret-table-peninsula-paris\/\">Azotea de la pen\u00ednsula<\/a>)<\/em><\/p>\n<p><strong>Acentos de rosal:<\/strong> 800 \u20ac\/m (100 rosas por metro; presupuestos florales personalizados disponibles)<\/p>\n\n<\/div>\n<\/div>\n<div id=\"faq-question-1748532535424\" class=\"rank-math-list-item\">\n<h3 class=\"rank-math-question\">T\u00e9rminos y condiciones importantes<\/h3>\n<div class=\"rank-math-answer\">\n\n<p>- <strong>Clima y viento:<\/strong> No podemos controlar la lluvia ni el viento. Si llueve mucho, intentaremos reprogramar la sesi\u00f3n (sujeto a nuestro calendario). Los vientos fuertes podr\u00edan da\u00f1ar los p\u00e9talos, la decoraci\u00f3n, la iluminaci\u00f3n o las letras.<br \/>\u2014 Permisos p\u00fablicos: Algunos sitios (por ejemplo, a lo largo del Sena) pueden requerir permisos locales. Cualquier tarifa o retraso relacionado es su responsabilidad.<br \/>- <strong>Tarifas no reembolsables:<\/strong> Todos los costos de planificaci\u00f3n y montaje, incluidas cartas, flores y decoraci\u00f3n, son definitivos y no reembolsables una vez reservados.<\/p>\n\n<\/div>\n<\/div>\n<\/div>\n<\/div>\n\n\n<div style=\"height:50px\" aria-hidden=\"true\" class=\"wp-block-spacer\"><\/div>\n\n\n\n<div class=\"wp-block-buttons is-layout-flex wp-block-buttons-is-layout-flex\">\n<div class=\"wp-block-button\"><a class=\"wp-block-button__link wp-element-button\" href=\"https:\/\/kissinparis.com\/es\/consulta\/\">Consultas<\/a><\/div>\n\n\n\n<div class=\"wp-block-button is-style-fill\"><a class=\"wp-block-button__link wp-element-button\" href=\"https:\/\/kissinparis.com\/es\/pedida-de-mano-paris\/paquetes\/\">paquetes de propuestas<\/a><\/div>\n<\/div>\n<\/div><\/div>\n\n\n\n<div class=\"wp-block-group alignfull mt-0 mb-0  sec sec-map\"><div class=\"wp-block-group__inner-container is-layout-constrained wp-block-group-is-layout-constrained\">\n<div class=\"wp-block-columns are-vertically-aligned-center mt-0 mb-0 is-layout-flex wp-container-core-columns-is-layout-9d6595d7 wp-block-columns-is-layout-flex\">\n<div class=\"wp-block-column is-vertically-aligned-center is-layout-flow wp-block-column-is-layout-flow\">\n<p class=\"title-v2 mb-20\">En el coraz\u00f3n de Par\u00eds.<\/p>\n\n\n\n<p>Kiss Me in Paris Proposals &amp; Weddings<br>78 Av. Raymond Poincar\u00e9, 75116 Par\u00eds, Francia<br><a href=\"tel:+33661351511\">+33 6 61 35 15 11<\/a><br><a href=\"mailto:support@kissinparis.com\">support@kissinparis.com<\/a><\/p>\n<\/div>\n\n\n\n<div class=\"wp-block-column is-vertically-aligned-center is-layout-flow wp-block-column-is-layout-flow\">\n<iframe title=\"Mapa que muestra la ubicaci\u00f3n de Kiss Me en Par\u00eds Propuestas y Bodas\" src=\"https:\/\/www.google.com\/maps\/embed?pb=!1m18!1m12!1m3!1d2624.433873533341!2d2.28082346080246!3d48.86900492627629!2m3!1f0!2f0!3f0!3m2!1i1024!2i768!4f13.1!3m3!1m2!1s0x47e66f84666f802f%3A0x7b03905155589b66!2sKiss%20Me%20in%20Paris%20Proposals%20%26%20Weddings!5e0!3m2!1sen!2sin!4v1744567332130!5m2!1sen!2sin\" width=\"600\" height=\"450\" style=\"border:0;\" allowfullscreen=\"\" loading=\"lazy\" referrerpolicy=\"no-referrer-when-downgrade\"><\/iframe>\n<\/div>\n<\/div>\n<\/div><\/div>","protected":false},"excerpt":{"rendered":"<p>Marry Me Letters Paris \u2014 Premium Proposal Setup Book in minutes. Premium white, red, or pink letters with professional delivery, placement &amp; removal, timed with your photographer. A Spectacular \u2018Marry Me\u2019 Letters Proposal by the Seine\u2014Guaranteed For a bold yet intimate gesture in Paris, nothing matches this experience along the River Seine. Your evening begins [&hellip;]<\/p>\n","protected":false},"author":35,"featured_media":9068,"parent":293,"menu_order":0,"comment_status":"closed","ping_status":"closed","template":"","meta":{"_acf_changed":false,"ub_ctt_via":"","footnotes":""},"class_list":["post-4504","page","type-page","status-publish","has-post-thumbnail","hentry"],"acf":[],"featured_image_src":"https:\/\/kissinparis.com\/wp-content\/uploads\/2023\/04\/Romantic-Paris-proposal-packages.jpg","_links":{"self":[{"href":"https:\/\/kissinparis.com\/es\/wp-json\/wp\/v2\/pages\/4504","targetHints":{"allow":["GET"]}}],"collection":[{"href":"https:\/\/kissinparis.com\/es\/wp-json\/wp\/v2\/pages"}],"about":[{"href":"https:\/\/kissinparis.com\/es\/wp-json\/wp\/v2\/types\/page"}],"author":[{"embeddable":true,"href":"https:\/\/kissinparis.com\/es\/wp-json\/wp\/v2\/users\/35"}],"replies":[{"embeddable":true,"href":"https:\/\/kissinparis.com\/es\/wp-json\/wp\/v2\/comments?post=4504"}],"version-history":[{"count":17,"href":"https:\/\/kissinparis.com\/es\/wp-json\/wp\/v2\/pages\/4504\/revisions"}],"predecessor-version":[{"id":28509,"href":"https:\/\/kissinparis.com\/es\/wp-json\/wp\/v2\/pages\/4504\/revisions\/28509"}],"up":[{"embeddable":true,"href":"https:\/\/kissinparis.com\/es\/wp-json\/wp\/v2\/pages\/293"}],"wp:featuredmedia":[{"embeddable":true,"href":"https:\/\/kissinparis.com\/es\/wp-json\/wp\/v2\/media\/9068"}],"wp:attachment":[{"href":"https:\/\/kissinparis.com\/es\/wp-json\/wp\/v2\/media?parent=4504"}],"curies":[{"name":"wp","href":"https:\/\/api.w.org\/{rel}","templated":true}]}}