{"id":4625,"date":"2025-01-08T13:56:00","date_gmt":"2025-01-08T13:56:00","guid":{"rendered":"https:\/\/kissinparis.com\/?page_id=4625"},"modified":"2025-10-14T14:32:00","modified_gmt":"2025-10-14T14:32:00","slug":"violinista","status":"publish","type":"page","link":"https:\/\/kissinparis.com\/es\/paris-proposal\/paris-violinist\/","title":{"rendered":"Violinista en Par\u00eds para pedidas y bodas"},"content":{"rendered":"<div class=\"wp-block-group alignfull sec heror-section mt-0 mb-0 has-scroll-down has-background-color has-primary-background-color has-text-color has-background has-link-color wp-elements-f43bcc5897167eed0986af23d5c7ee90\"><div class=\"wp-block-group__inner-container is-layout-constrained wp-block-group-is-layout-constrained\">\n<h1 class=\"wp-block-heading alignwide has-text-align-left full has-background-color has-text-color has-link-color wp-elements-692186eb6cf8757788dd8e6b9fc402d3\">Violinista en Par\u00eds para pedidas y bodas<\/h1>\n\n\n\n<p class=\"has-large-font-size\">Violinistas de nivel orquesta y de habla inglesa, con experiencia en eventos de lujo\u2014elegantes, puntuales y capaces de preparar arreglos a medida (incluidos en otros idiomas) con poca antelaci\u00f3n. Seleccionados por nuestro equipo y coordinados con su planner\/fot\u00f3grafo.<\/p>\n\n\n\n<div class=\"wp-block-buttons alignfull mt-0 mb-0 pt-10 is-layout-flex wp-block-buttons-is-layout-flex\">\n<div class=\"wp-block-button\"><a class=\"wp-block-button__link has-primary-color has-background-background-color has-text-color has-background wp-element-button\" href=\"https:\/\/kissinparis.com\/es\/consulta\/\">Consultas<\/a><\/div>\n<\/div>\n<\/div><\/div>\n\n\n\n<div class=\"wp-block-cover alignfull is-light mt-0 mb-0 banner banner-resources  banner-contact\"><img loading=\"lazy\" decoding=\"async\" width=\"1800\" height=\"1200\" class=\"wp-block-cover__image-background wp-image-24086 size-full\" alt=\"Propuesta de matrimonio al amanecer en Trocadero, Par\u00eds, con un violinista tocando su canci\u00f3n favorita mientras un hombre se arrodilla y una mujer lo abraza con la Torre Eiffel de fondo.\" src=\"https:\/\/kissinparis.com\/wp-content\/uploads\/2025\/06\/Musician-Violinist-Paris-proposal.webp\" style=\"object-position:64% 73%\" data-object-fit=\"cover\" data-object-position=\"64% 73%\" srcset=\"https:\/\/kissinparis.com\/wp-content\/uploads\/2025\/06\/Musician-Violinist-Paris-proposal.webp 1800w, https:\/\/kissinparis.com\/wp-content\/uploads\/2025\/06\/Musician-Violinist-Paris-proposal-300x200.webp 300w, https:\/\/kissinparis.com\/wp-content\/uploads\/2025\/06\/Musician-Violinist-Paris-proposal-1024x683.webp 1024w, https:\/\/kissinparis.com\/wp-content\/uploads\/2025\/06\/Musician-Violinist-Paris-proposal-768x512.webp 768w, https:\/\/kissinparis.com\/wp-content\/uploads\/2025\/06\/Musician-Violinist-Paris-proposal-1536x1024.webp 1536w, https:\/\/kissinparis.com\/wp-content\/uploads\/2025\/06\/Musician-Violinist-Paris-proposal-1200x800.webp 1200w\" sizes=\"auto, (max-width: 1800px) 100vw, 1800px\" \/><span aria-hidden=\"true\" class=\"wp-block-cover__background has-primary-background-color has-background-dim-0 has-background-dim\"><\/span><div class=\"wp-block-cover__inner-container is-layout-flow wp-block-cover-is-layout-flow\">\n<p class=\"has-text-align-center has-large-font-size\"><\/p>\n\n\n\n<div class=\"banner-video\">\n<img decoding=\"async\" src=\"https:\/\/kissinparis.com\/wp-content\/uploads\/2023\/02\/placeholder_16x9.png\" alt=\"\u00c1rea del h\u00e9roe\">\n<\/div>\n<\/div><\/div>\n\n\n\n<div class=\"wp-block-group alignfull mt-0 mb-0 sec sec-content\" id=\"sec-1\"><div class=\"wp-block-group__inner-container is-layout-constrained wp-block-group-is-layout-constrained\">\n<p>Nuestra propuesta de matrimonio con violinista adivina crea un momento inolvidable en Par\u00eds. Mientras pasean por las calles de la ciudad, se encuentran con un maestro violinista que toca la canci\u00f3n favorita de su pareja. Tras una breve conversaci\u00f3n, el m\u00fasico dice: &quot;Una adivina me dijo que nos ver\u00edamos hoy y me pidi\u00f3 que le entregara esta nota&quot;. Mientras su pareja lee su sincero mensaje, le proponen matrimonio con el anillo mientras el violinista sigue tocando durante la celebraci\u00f3n con champ\u00e1n.<\/p>\n\n\n\n<h2 class=\"wp-block-heading\"><strong>\u00bfPor qu\u00e9 elegir un violinista parisino para tu propuesta?<\/strong><\/h2>\n\n\n\n<p><strong>Impacto emocional:<\/strong> La m\u00fasica de viol\u00edn en vivo tocando la canci\u00f3n favorita de tu pareja crea un romance que la m\u00fasica grabada no puede igualar.<\/p>\n\n\n\n<p><strong>Planificaci\u00f3n cuidadosa:<\/strong> Nuestros expertos violinistas aprenden la canci\u00f3n que usted solicita de antemano, incluso con poca antelaci\u00f3n y en idiomas extranjeros, mostrando un cuidado y una atenci\u00f3n excepcionales.<\/p>\n\n\n\n<p><strong>Calidad Profesional:<\/strong> Un m\u00fasico bien vestido realza tus fotos y v\u00eddeos de propuesta, creando una escena extraordinaria en lugar de un momento ordinario.<\/p>\n\n\n\n<p><strong>Beneficios pr\u00e1cticos:<\/strong> El violinista gu\u00eda a su fot\u00f3grafo, gestiona a los espectadores y se asegura de que su ubicaci\u00f3n sea f\u00e1cilmente identificable.<\/p>\n\n\n\n<div class=\"wp-block-buttons is-content-justification-center is-layout-flex wp-container-core-buttons-is-layout-16018d1d wp-block-buttons-is-layout-flex\">\n<div class=\"wp-block-button\"><a class=\"wp-block-button__link wp-element-button\" href=\"https:\/\/kissinparis.com\/es\/consulta\/\">Reserva ahora<\/a><\/div>\n\n\n\n<div class=\"wp-block-button is-style-fill\"><a class=\"wp-block-button__link wp-element-button\" href=\"https:\/\/kissinparis.com\/es\/pedida-de-mano-paris\/paquetes\/\">paquetes de propuestas<\/a><\/div>\n<\/div>\n\n\n\n<h2 class=\"wp-block-heading title-v2\">Qu\u00e9 incluye tu propuesta de Violinista Adivino: 1.125\u20ac+<\/h2>\n\n\n\n<ul class=\"wp-block-list\">\n<li><strong>Coordinaci\u00f3n del d\u00eda de expertos<\/strong>:Nuestro dedicado <a href=\"https:\/\/kissinparis.com\/es\/pedida-de-mano-paris\/organizador\/\">Planificador de propuestas para Par\u00eds<\/a> garantiza que todos los proveedores comprendan sus roles y tiempos, brind\u00e1ndole una experiencia lista para usar y sin estr\u00e9s.<\/li>\n\n\n\n<li><strong>Maestro violinista parisino<\/strong>:Un m\u00fasico elegante interpreta la canci\u00f3n favorita de tu pareja y contin\u00faa con selecciones rom\u00e1nticas de su repertorio.<\/li>\n\n\n\n<li><strong>Fotograf\u00eda de propuestas profesionales<\/strong>:Un amigable, <a href=\"https:\/\/kissinparis.com\/es\/pedida-de-mano-paris\/fotografo\/\">Fot\u00f3grafo experimentado de Par\u00eds<\/a> Captura expertamente su compromiso de principio a fin, entregando 20 im\u00e1genes editadas de alta calidad.<\/li>\n\n\n\n<li><strong>Mensaje de propuesta personalizado<\/strong>Te ayudamos a escribir una nota rom\u00e1ntica (que tambi\u00e9n puede servir como discurso de propuesta) para que tu violinista la entregue.<\/li>\n\n\n\n<li><strong>Champ\u00e1n Premium (Ruinart)<\/strong>Brinde por su nuevo compromiso con una botella fr\u00eda de excepcional champ\u00e1n franc\u00e9s.<\/li>\n<\/ul>\n\n\n\n<p class=\"sec-header\"><em>Para parejas con presupuesto limitado, ofrecemos un Paquete de Violinista Cl\u00e1sico simplificado (\u20ac 675+) que excluye la historia de la Adivina y la coordinaci\u00f3n del d\u00eda.<\/em><\/p>\n\n\n\n<figure class=\"wp-block-image size-large\"><a href=\"https:\/\/kissinparis.com\/wp-content\/uploads\/2025\/04\/paris-violinist-proposal-peninsula-secret-table.webp\" aria-label=\"Lea m\u00e1s sobre la actuaci\u00f3n de una violinista parisina en una rom\u00e1ntica propuesta en la Torre Eiffel en Peninsula.\"><img loading=\"lazy\" decoding=\"async\" width=\"1024\" height=\"683\" src=\"https:\/\/kissinparis.com\/wp-content\/uploads\/2025\/04\/paris-violinist-proposal-peninsula-secret-table-1024x683.webp\" alt=\"Una violinista parisina actu\u00f3 en una rom\u00e1ntica propuesta en la Torre Eiffel en Peninsula.\" class=\"wp-image-18292\" srcset=\"https:\/\/kissinparis.com\/wp-content\/uploads\/2025\/04\/paris-violinist-proposal-peninsula-secret-table-1024x683.webp 1024w, https:\/\/kissinparis.com\/wp-content\/uploads\/2025\/04\/paris-violinist-proposal-peninsula-secret-table-300x200.webp 300w, https:\/\/kissinparis.com\/wp-content\/uploads\/2025\/04\/paris-violinist-proposal-peninsula-secret-table-768x512.webp 768w, https:\/\/kissinparis.com\/wp-content\/uploads\/2025\/04\/paris-violinist-proposal-peninsula-secret-table-1536x1024.webp 1536w, https:\/\/kissinparis.com\/wp-content\/uploads\/2025\/04\/paris-violinist-proposal-peninsula-secret-table-1200x800.webp 1200w, https:\/\/kissinparis.com\/wp-content\/uploads\/2025\/04\/paris-violinist-proposal-peninsula-secret-table.webp 1600w\" sizes=\"auto, (max-width: 1024px) 100vw, 1024px\" \/><\/a><figcaption class=\"wp-element-caption\">Una m\u00e1gica propuesta de matrimonio con un violinista parisino. Podemos organizar su boda con un violinista maestro en cualquier lugar, desde terrazas en la Torre Eiffel hasta yates privados o castillos franceses. Tenga en cuenta que el lugar y la decoraci\u00f3n que se muestran en esta foto no est\u00e1n incluidos en el paquete est\u00e1ndar.<\/figcaption><\/figure>\n\n\n\n<h2 class=\"wp-block-heading title-v2\">Hazlo a\u00fan m\u00e1s especial: mejoras de paquetes opcionales<\/h2>\n\n\n\n<p><strong>Mejoras adicionales<\/strong>:<\/p>\n\n\n\n<ul class=\"wp-block-list\">\n<li><strong>V\u00eddeo cinematogr\u00e1fico<\/strong>:500\u20ac \u2013 Documentaci\u00f3n profesional de su <a href=\"https:\/\/kissinparis.com\/es\/videografo-paris\/\">propuesta en pel\u00edcula<\/a>.<\/li>\n\n\n\n<li><strong>Fotograf\u00eda extendida<\/strong>:A partir de 250\u20ac la hora.<\/li>\n\n\n\n<li><strong>Rosas frescas de tallo largo<\/strong>:200\u20ac \u2013 Un impresionante ramo de 20 elegantes rosas.<\/li>\n\n\n\n<li><strong>Champ\u00e1n premium fr\u00edo<\/strong>:125\u20ac: Celebra tu nuevo compromiso con un regalo premium <a href=\"https:\/\/kissinparis.com\/es\/pedida-de-mano-paris\/propuesta-champan-macarons\/\">brindis con champ\u00e1n<\/a>.<\/li>\n<\/ul>\n\n\n\n<p><em><strong>Nota: Se aplicar\u00e1 un cargo de 50 \u20ac por entrega en mano.<\/strong> Se aplica cuando se reservan art\u00edculos como rosas o champ\u00e1n fr\u00edo sin paquete.<\/em><\/p>\n\n\n\n<p><strong>Opciones de champ\u00e1n premium<\/strong> (reemplaza a Ruinart si se agrega):<\/p>\n\n\n\n<ul class=\"wp-block-list\">\n<li><strong>Dom P\u00e9rignon<\/strong>: +\u20ac350<\/li>\n\n\n\n<li><strong>Armand de Brignac<\/strong> (As de Picas): +525\u20ac<\/li>\n\n\n\n<li>Precios para <strong>Cosechas raras y opciones de champ\u00e1n premium<\/strong> (como Dom P\u00e9rignon Ros\u00e9, Pl\u00e9nitude 2 o Salon) est\u00e1n disponibles bajo petici\u00f3n.<\/li>\n<\/ul>\n\n\n\n<h2 class=\"wp-block-heading title-v2\">Reservar tu propuesta es sencillo.<\/h2>\n\n\n\n<p>Nuestro sencillo proceso hace que reservar tu fecha sea f\u00e1cil:<\/p>\n\n\n\n<ol class=\"wp-block-list\">\n<li><strong>Consultar disponibilidad<\/strong>Comun\u00edquese con nosotros con las fechas preferidas para una confirmaci\u00f3n r\u00e1pida.<\/li>\n\n\n\n<li><strong>Confirmar y asegurar<\/strong>:Firme nuestro contrato digital y env\u00ede el dep\u00f3sito 50%.<\/li>\n\n\n\n<li><strong>Compartir detalles<\/strong>Cu\u00e9ntanos cu\u00e1l es la canci\u00f3n favorita de tu pareja y comparte tu visi\u00f3n.<\/li>\n\n\n\n<li><strong>Desarrolla tu plan<\/strong>:Crea un escenario de adivino completo, incluida tu nota de amor.<\/li>\n\n\n\n<li><span style=\"box-sizing: border-box; margin: 0px; padding: 0px;\"><strong>Pago final<\/strong>:El saldo restante deber\u00e1 abonarse a m\u00e1s tardar en la fecha de su propuesta.<\/span><\/li>\n<\/ol>\n\n\n\n<p><strong>Importante<\/strong>:Su dep\u00f3sito se convertir\u00e1 en un anticipo no reembolsable 10 d\u00edas antes de la fecha programada.<\/p>\n\n\n\n<figure class=\"wp-block-image size-large\"><a href=\"https:\/\/kissinparis.com\/wp-content\/uploads\/2025\/04\/signature-paris-proposal-master-violinist-eiffel.webp\" aria-label=\"Lea m\u00e1s sobre una talentosa violinista que aparece aqu\u00ed tocando con un elegante vestido rojo durante una propuesta de matrimonio en Par\u00eds. Podemos organizar a su maestro violinista en el lugar que desee.\"><img loading=\"lazy\" decoding=\"async\" width=\"1024\" height=\"683\" src=\"https:\/\/kissinparis.com\/wp-content\/uploads\/2025\/04\/signature-paris-proposal-master-violinist-eiffel-1024x683.webp\" alt=\"Una violinista de gran talento se ve aqu\u00ed tocando con un elegante vestido rojo durante una propuesta de matrimonio en Par\u00eds. Podemos organizar a su violinista maestro en el lugar que desee.\" class=\"wp-image-18293\" srcset=\"https:\/\/kissinparis.com\/wp-content\/uploads\/2025\/04\/signature-paris-proposal-master-violinist-eiffel-1024x683.webp 1024w, https:\/\/kissinparis.com\/wp-content\/uploads\/2025\/04\/signature-paris-proposal-master-violinist-eiffel-300x200.webp 300w, https:\/\/kissinparis.com\/wp-content\/uploads\/2025\/04\/signature-paris-proposal-master-violinist-eiffel-768x512.webp 768w, https:\/\/kissinparis.com\/wp-content\/uploads\/2025\/04\/signature-paris-proposal-master-violinist-eiffel-1536x1024.webp 1536w, https:\/\/kissinparis.com\/wp-content\/uploads\/2025\/04\/signature-paris-proposal-master-violinist-eiffel-1200x800.webp 1200w, https:\/\/kissinparis.com\/wp-content\/uploads\/2025\/04\/signature-paris-proposal-master-violinist-eiffel.webp 1600w\" sizes=\"auto, (max-width: 1024px) 100vw, 1024px\" \/><\/a><figcaption class=\"wp-element-caption\">Una violinista de gran talento se ve aqu\u00ed tocando con un elegante vestido rojo durante una propuesta de matrimonio en Par\u00eds. Podemos organizar un violinista experto en el lugar que desee. Tenga en cuenta que el lugar y la decoraci\u00f3n que se muestran en esta foto no est\u00e1n incluidos en el paquete est\u00e1ndar.<\/figcaption><\/figure>\n\n\n\n<h2 class=\"wp-block-heading title-v2\">Preguntas frecuentes sobre nuestra propuesta de matrimonio con la violinista adivina de Par\u00eds<\/h2>\n\n\n\n<p><strong>\u00bfQu\u00e9 canciones puede tocar el violinista parisino para mi propuesta?<\/strong> Nuestros violinistas pueden interpretar casi todas las canciones de amor populares, piezas cl\u00e1sicas, <strong>Y con previo aviso, incluso canciones extranjeras.<\/strong>Este toque personal crea una coincidencia extraordinaria cuando tu pareja escucha su canci\u00f3n favorita sonando &quot;al azar&quot; en Par\u00eds.<\/p>\n\n\n\n<p><strong>\u00bfC\u00f3mo har\u00e1 mi pareja para no sospechar nada?<\/strong> La Experiencia del Adivino est\u00e1 dise\u00f1ada para sorprender por completo. El violinista se presenta como un t\u00edpico m\u00fasico callejero parisino hasta el momento justo. El encuentro casual se siente completamente natural, y la interpretaci\u00f3n de las notas tiene un giro sorprendente.<\/p>\n\n\n\n<p><strong>\u00bfPodemos elegir la ubicaci\u00f3n de nuestra propuesta en Par\u00eds?<\/strong> \u00a1Por supuesto! Elige cualquier lugar de Par\u00eds que te guste. Nuestros planificadores de propuestas tambi\u00e9n pueden sugerir impresionantes terrazas privadas en la azotea de la Torre Eiffel que quedan de maravilla.<\/p>\n\n\n\n<p><strong>\u00bfQu\u00e9 pasar\u00eda si lloviera durante nuestra propuesta en Par\u00eds?<\/strong> Monitoreamos los pron\u00f3sticos del tiempo y sugerimos hermosas alternativas cubiertas cuando es necesario. La lluvia ligera suele resultar en menos gente y fotos realmente m\u00e1gicas.<\/p>\n\n\n\n<p><strong>\u00bfQu\u00e9 tan r\u00e1pido podemos esperar recibir fotos de nuestra propuesta en Par\u00eds?<\/strong> Ver\u00e1s todas las im\u00e1genes sin editar en las 24 horas siguientes a tu propuesta. Tu colecci\u00f3n incluye 20 fotos editadas profesionalmente, disponibles a trav\u00e9s de una galer\u00eda en l\u00ednea f\u00e1cil de usar.<\/p>\n\n\n\n<h2 class=\"wp-block-heading title-v2\">Testimonios reales de propuestas de adivinas de Par\u00eds<\/h2>\n\n\n\n<p>Julianna hace un trabajo excepcional. Todo se adapt\u00f3 a nuestras especificaciones exactas y la sesi\u00f3n fotogr\u00e1fica fue perfecta. Muchas gracias por esta maravillosa experiencia. <strong>Kyle Schultz<\/strong><\/p>\n\n\n\n<p>Trabajar con Scander fue un aut\u00e9ntico placer. Toda la experiencia con esta empresa, de principio a fin, ha sido incre\u00edble. Viniendo de California sin haber estado en Par\u00eds, uno puede preocuparse por elegir al fot\u00f3grafo adecuado para una ocasi\u00f3n especial. Scander fue muy servicial, comunicativo, divertido y nos ayud\u00f3 a conseguir fotos incre\u00edbles que jam\u00e1s olvidaremos. Realmente ayud\u00f3 a crear una experiencia positiva en general. \u00a1Le estoy infinitamente agradecido! <strong>Kyle Stephens<\/strong><\/p>\n<\/div><\/div>\n\n\n\n<div class=\"wp-block-group alignfull mt-0 mb-0  sec sec-map\"><div class=\"wp-block-group__inner-container is-layout-constrained wp-block-group-is-layout-constrained\">\n<div class=\"wp-block-columns are-vertically-aligned-center mt-0 mb-0 is-layout-flex wp-container-core-columns-is-layout-9d6595d7 wp-block-columns-is-layout-flex\">\n<div class=\"wp-block-column is-vertically-aligned-center is-layout-flow wp-block-column-is-layout-flow\">\n<p class=\"title-v2 mb-20\">En el coraz\u00f3n de Par\u00eds.<\/p>\n\n\n\n<p>Kiss Me in Paris Proposals &amp; Weddings<br>78 Av. Raymond Poincar\u00e9, 75116 Par\u00eds, Francia<br><a href=\"tel:+33661351511\">+33 6 61 35 15 11<\/a><br><a href=\"mailto:support@kissinparis.com\">support@kissinparis.com<\/a><\/p>\n<\/div>\n\n\n\n<div class=\"wp-block-column is-vertically-aligned-center is-layout-flow wp-block-column-is-layout-flow\">\n<iframe title=\"Mapa que muestra la ubicaci\u00f3n de Kiss Me en Par\u00eds Propuestas y Bodas\" src=\"https:\/\/www.google.com\/maps\/embed?pb=!1m18!1m12!1m3!1d2624.433873533341!2d2.28082346080246!3d48.86900492627629!2m3!1f0!2f0!3f0!3m2!1i1024!2i768!4f13.1!3m3!1m2!1s0x47e66f84666f802f%3A0x7b03905155589b66!2sKiss%20Me%20in%20Paris%20Proposals%20%26%20Weddings!5e0!3m2!1sen!2sin!4v1744567332130!5m2!1sen!2sin\" width=\"600\" height=\"450\" style=\"border:0;\" allowfullscreen=\"\" loading=\"lazy\" referrerpolicy=\"no-referrer-when-downgrade\"><\/iframe>\n<\/div>\n<\/div>\n<\/div><\/div>","protected":false},"excerpt":{"rendered":"<p>Paris Violinist for Proposals &amp; Weddings Orchestra-level, English-speaking violinists with luxury-event experience\u2014stylish, punctual, and able to prepare custom arrangements (incl. foreign-language songs) on short notice. Handpicked by our team and aligned with your planner\/photographer. Our Fortune Teller Violinist Proposal creates an unforgettable moment in Paris. As you stroll the city streets, you &#8220;encounter&#8221; a master [&hellip;]<\/p>\n","protected":false},"author":35,"featured_media":24086,"parent":293,"menu_order":0,"comment_status":"closed","ping_status":"closed","template":"","meta":{"_acf_changed":false,"ub_ctt_via":"","footnotes":""},"class_list":["post-4625","page","type-page","status-publish","has-post-thumbnail","hentry"],"acf":[],"featured_image_src":"https:\/\/kissinparis.com\/wp-content\/uploads\/2025\/06\/Musician-Violinist-Paris-proposal.webp","_links":{"self":[{"href":"https:\/\/kissinparis.com\/es\/wp-json\/wp\/v2\/pages\/4625","targetHints":{"allow":["GET"]}}],"collection":[{"href":"https:\/\/kissinparis.com\/es\/wp-json\/wp\/v2\/pages"}],"about":[{"href":"https:\/\/kissinparis.com\/es\/wp-json\/wp\/v2\/types\/page"}],"author":[{"embeddable":true,"href":"https:\/\/kissinparis.com\/es\/wp-json\/wp\/v2\/users\/35"}],"replies":[{"embeddable":true,"href":"https:\/\/kissinparis.com\/es\/wp-json\/wp\/v2\/comments?post=4625"}],"version-history":[{"count":7,"href":"https:\/\/kissinparis.com\/es\/wp-json\/wp\/v2\/pages\/4625\/revisions"}],"predecessor-version":[{"id":28500,"href":"https:\/\/kissinparis.com\/es\/wp-json\/wp\/v2\/pages\/4625\/revisions\/28500"}],"up":[{"embeddable":true,"href":"https:\/\/kissinparis.com\/es\/wp-json\/wp\/v2\/pages\/293"}],"wp:featuredmedia":[{"embeddable":true,"href":"https:\/\/kissinparis.com\/es\/wp-json\/wp\/v2\/media\/24086"}],"wp:attachment":[{"href":"https:\/\/kissinparis.com\/es\/wp-json\/wp\/v2\/media?parent=4625"}],"curies":[{"name":"wp","href":"https:\/\/api.w.org\/{rel}","templated":true}]}}