{"id":4635,"date":"2023-03-08T14:32:01","date_gmt":"2023-03-08T14:32:01","guid":{"rendered":"https:\/\/kissinparis.com\/?page_id=4635"},"modified":"2025-07-06T17:41:41","modified_gmt":"2025-07-06T17:41:41","slug":"conserje-lujo-paris","status":"publish","type":"page","link":"https:\/\/kissinparis.com\/es\/paris-luxury-concierge\/","title":{"rendered":"Servicios de conserjer\u00eda y dise\u00f1o de lujo en Par\u00eds para la \u00e9lite global"},"content":{"rendered":"<div class=\"wp-block-group alignfull sec heror-section mt-0 mb-0 has-scroll-down has-background-color has-primary-background-color has-text-color has-background has-link-color wp-elements-cd90751d3cc54aa981d94670eb58c07b\"><div class=\"wp-block-group__inner-container is-layout-constrained wp-block-group-is-layout-constrained\">\n<h1 class=\"wp-block-heading alignwide has-text-align-left full has-background-color has-text-color has-link-color wp-elements-200bc4391bb56ad577c32072383eda1f\">Servicios de conserjer\u00eda y dise\u00f1o de lujo en Par\u00eds | Global Elite<\/h1>\n<\/div><\/div>\n\n\n\n<div class=\"wp-block-cover alignfull mt-0 mb-0 banner banner-resources\"><img loading=\"lazy\" decoding=\"async\" width=\"1600\" height=\"1067\" class=\"wp-block-cover__image-background wp-image-17286 size-full\" alt=\"Propuesta de matrimonio en Par\u00eds en el Ch\u00e2teau de Villette iluminado con velas rom\u00e1nticas por la noche: una alternativa de compromiso en un castillo de lujo privado a la Torre Eiffel.\" src=\"https:\/\/kissinparis.com\/wp-content\/uploads\/2025\/03\/Paris-proposal-package-chateau-villette-night.avif\" style=\"object-position:52% 47%\" data-object-fit=\"cover\" data-object-position=\"52% 47%\" srcset=\"https:\/\/kissinparis.com\/wp-content\/uploads\/2025\/03\/Paris-proposal-package-chateau-villette-night.avif 1600w, https:\/\/kissinparis.com\/wp-content\/uploads\/2025\/03\/Paris-proposal-package-chateau-villette-night-300x200.avif 300w, https:\/\/kissinparis.com\/wp-content\/uploads\/2025\/03\/Paris-proposal-package-chateau-villette-night-1024x683.avif 1024w, https:\/\/kissinparis.com\/wp-content\/uploads\/2025\/03\/Paris-proposal-package-chateau-villette-night-768x512.avif 768w, https:\/\/kissinparis.com\/wp-content\/uploads\/2025\/03\/Paris-proposal-package-chateau-villette-night-1536x1024.avif 1536w, https:\/\/kissinparis.com\/wp-content\/uploads\/2025\/03\/Paris-proposal-package-chateau-villette-night-1200x800.avif 1200w\" sizes=\"auto, (max-width: 1600px) 100vw, 1600px\" \/><span aria-hidden=\"true\" class=\"wp-block-cover__background has-primary-background-color has-background-dim-0 has-background-dim\"><\/span><div class=\"wp-block-cover__inner-container is-layout-flow wp-block-cover-is-layout-flow\">\n<div class=\"banner-video\">\n<img decoding=\"async\" src=\"https:\/\/kissinparis.com\/wp-content\/uploads\/2023\/02\/placeholder_16x9.png\" alt=\"\u00c1rea del h\u00e9roe\">\n<\/div>\n<\/div><\/div>\n\n\n\n<div class=\"wp-block-group alignfull mt-0 mb-0 sec sec-content\" id=\"sec-1\"><div class=\"wp-block-group__inner-container is-layout-constrained wp-block-group-is-layout-constrained\">\n<p>Planificar un evento extraordinario en Par\u00eds desde el extranjero exige m\u00e1s que una simple coordinaci\u00f3n; requiere conocimiento experto. Como sus socios dedicados con sede en Par\u00eds, ofrecemos una experiencia excepcional y contactos valiosos, abri\u00e9ndoles puertas a lugares y experiencias exclusivas que normalmente son inaccesibles. Nos especializamos en atender a clientes internacionales exigentes, integrando nuestros servicios de conserjer\u00eda de \u00e9lite y dise\u00f1o y producci\u00f3n con una gesti\u00f3n integral de eventos para garantizar que su celebraci\u00f3n se gestione con sofisticaci\u00f3n y delicadeza.<\/p>\n\n\n\n<figure class=\"wp-block-image size-large\"><img loading=\"lazy\" decoding=\"async\" width=\"1024\" height=\"683\" src=\"https:\/\/kissinparis.com\/wp-content\/uploads\/2025\/04\/Paris-Luxury-Concierge-Luxury-Transportation-1024x683.webp\" alt=\"Conserje de lujo en Par\u00eds Transporte de lujo\" class=\"wp-image-18703\" srcset=\"https:\/\/kissinparis.com\/wp-content\/uploads\/2025\/04\/Paris-Luxury-Concierge-Luxury-Transportation-1024x683.webp 1024w, https:\/\/kissinparis.com\/wp-content\/uploads\/2025\/04\/Paris-Luxury-Concierge-Luxury-Transportation-300x200.webp 300w, https:\/\/kissinparis.com\/wp-content\/uploads\/2025\/04\/Paris-Luxury-Concierge-Luxury-Transportation-768x512.webp 768w, https:\/\/kissinparis.com\/wp-content\/uploads\/2025\/04\/Paris-Luxury-Concierge-Luxury-Transportation-1536x1024.webp 1536w, https:\/\/kissinparis.com\/wp-content\/uploads\/2025\/04\/Paris-Luxury-Concierge-Luxury-Transportation-1200x800.webp 1200w, https:\/\/kissinparis.com\/wp-content\/uploads\/2025\/04\/Paris-Luxury-Concierge-Luxury-Transportation.webp 1600w\" sizes=\"auto, (max-width: 1024px) 100vw, 1024px\" \/><figcaption class=\"wp-element-caption\">Exclusiva limusina blanca organizada por un conserje de lujo de Par\u00eds: una experiencia de llegada elegante con el glamour de una mujer bonita.<\/figcaption><\/figure>\n\n\n\n<h2 class=\"wp-block-heading\">Servicios de conserjer\u00eda de \u00e9lite en Par\u00eds: m\u00e1s all\u00e1 de lo esperado<\/h2>\n\n\n\n<p>Nuestro equipo de conserjer\u00eda est\u00e1 especializado en experiencias parisinas inolvidables para usted y sus invitados, gestionando todos los detalles con discreci\u00f3n y lujo.<\/p>\n\n\n\n<ul class=\"wp-block-list\">\n<li><strong>Acceso exclusivo al lugar y ubicaci\u00f3n<\/strong>:Obtenga acceso a castillos hist\u00f3ricos privados, jardines apartados y espacios \u00fanicos que a menudo est\u00e1n cerrados al p\u00fablico.<\/li>\n\n\n\n<li><strong>Inmersiones parisinas dise\u00f1adas a medida<\/strong>Disfrute de experiencias que reflejen sus intereses, desde presentaciones privadas de alta costura hasta recorridos con champ\u00e1n y talleres culinarios.<\/li>\n\n\n\n<li><strong>Reservas para cenas VIP<\/strong>:Consiga mesas en el restaurante con estrella Michelin m\u00e1s solicitado de Par\u00eds. <a href=\"https:\/\/kissinparis.com\/es\/restaurantes-vista-torre-eiffel\/\"  >restaurantes<\/a>, donde es casi imposible obtener reservas.<\/li>\n\n\n\n<li><strong>Charters privados elegantes<\/strong>:Organice reuniones sofisticadas en yates privados sobre el r\u00edo Sena.<\/li>\n\n\n\n<li><strong>Soluciones de transporte \u00fanicas<\/strong>Viaje con estilo con transporte terrestre de lujo, autos antiguos o autobuses de fiesta adaptados para su grupo.<\/li>\n\n\n\n<li><strong>Compras de lujo personalizadas<\/strong>:Programe citas privadas en boutiques de alta gama y talleres artesanales con tratamiento VIP.<\/li>\n\n\n\n<li><strong>Abastecimiento de champ\u00e1n y vino raros<\/strong>:Acceda a etiquetas exclusivas, cosechas limitadas y pedidos especiales.<\/li>\n\n\n\n<li><strong>Soporte dedicado para hu\u00e9spedes<\/strong>Con\u00e9ctese con un punto de contacto biling\u00fce (a trav\u00e9s de correo electr\u00f3nico personalizado) para todas las consultas de los hu\u00e9spedes, disponible las 24 horas, los 7 d\u00edas de la semana.<\/li>\n\n\n\n<li><strong>Coordinaci\u00f3n Integral de Itinerarios<\/strong>:Viva la experiencia de un lujo sin preocupaciones con recogidas en el aeropuerto, alojamiento, restaurantes elegantes y actividades culturales gestionadas por expertos.<\/li>\n<\/ul>\n\n\n\n<figure class=\"wp-block-image size-large\"><img loading=\"lazy\" decoding=\"async\" width=\"1024\" height=\"683\" src=\"https:\/\/kissinparis.com\/wp-content\/uploads\/2025\/04\/Luxury-Concierge-Hotel-Room-Surprises-1024x683.webp\" alt=\"Suite de propuesta parisina Sorpresa en Shangri-La con regalos de lujo\" class=\"wp-image-18710\" srcset=\"https:\/\/kissinparis.com\/wp-content\/uploads\/2025\/04\/Luxury-Concierge-Hotel-Room-Surprises-1024x683.webp 1024w, https:\/\/kissinparis.com\/wp-content\/uploads\/2025\/04\/Luxury-Concierge-Hotel-Room-Surprises-300x200.webp 300w, https:\/\/kissinparis.com\/wp-content\/uploads\/2025\/04\/Luxury-Concierge-Hotel-Room-Surprises-768x512.webp 768w, https:\/\/kissinparis.com\/wp-content\/uploads\/2025\/04\/Luxury-Concierge-Hotel-Room-Surprises-1536x1024.webp 1536w, https:\/\/kissinparis.com\/wp-content\/uploads\/2025\/04\/Luxury-Concierge-Hotel-Room-Surprises-1200x800.webp 1200w, https:\/\/kissinparis.com\/wp-content\/uploads\/2025\/04\/Luxury-Concierge-Hotel-Room-Surprises.webp 1600w\" sizes=\"auto, (max-width: 1024px) 100vw, 1024px\" \/><figcaption class=\"wp-element-caption\">Suite sorpresa Shangri-La Paris con regalos de Dom Perignon, Hermes y Chanel, rosas rojas y un llamativo osito de peluche de gran tama\u00f1o.<\/figcaption><\/figure>\n\n\n\n<h2 class=\"wp-block-heading\">Su ventaja parisina: \u00bfpor qu\u00e9 elegir nuestra experiencia?<\/h2>\n\n\n\n<h3 class=\"wp-block-heading\">Presencia local y acceso exclusivo<\/h3>\n\n\n\n<p>Nuestro equipo, con sede en Par\u00eds, ofrece ventajas inigualables para agencias remotas. Con m\u00e1s de una d\u00e9cada de experiencia en eventos de lujo, hemos forjado relaciones directas con hoteles palaciegos, directores de museos, propietarios de castillos y chefs con estrellas Michelin. Esto nos permite organizar eventos privados fuera del horario laboral y acceder a espacios que normalmente no est\u00e1n disponibles sin nuestros contactos locales.<\/p>\n\n\n\n<h3 class=\"wp-block-heading\">Enfoque de gesti\u00f3n unificado<\/h3>\n\n\n\n<p>Combinamos planificaci\u00f3n, conserjer\u00eda y dise\u00f1o en una estructura cohesiva. Su l\u00edder de proyecto dedicado coordina todos los aspectos de su evento, garantizando una calidad constante en todo momento. Este enfoque, perfeccionado tras m\u00e1s de 500 eventos de lujo, elimina los problemas de comunicaci\u00f3n que suelen surgir al trabajar con varias agencias independientes.<\/p>\n\n\n\n<h3 class=\"wp-block-heading\">Atenci\u00f3n al cliente internacional<\/h3>\n\n\n\n<ul class=\"wp-block-list\">\n<li><strong>Equipo multiling\u00fce<\/strong>Nuestro personal habla ingl\u00e9s y franc\u00e9s con fluidez y maneja las diferencias culturales con experiencia.<\/li>\n\n\n\n<li><strong>Comunicaci\u00f3n dedicada<\/strong>:Proporcionamos una direcci\u00f3n de correo electr\u00f3nico personalizada espec\u00edficamente para su evento.<\/li>\n\n\n\n<li><strong>Soporte 24\/7<\/strong>Nuestro equipo de conserjer\u00eda estar\u00e1 disponible las 24 horas del d\u00eda durante toda su visita a Par\u00eds.<\/li>\n\n\n\n<li><strong>Atenci\u00f3n al hu\u00e9sped<\/strong>Todos los asistentes reciben paquetes de bienvenida opcionales, consejos locales, contactos de emergencia e itinerarios dise\u00f1ados individualmente adaptados a sus preferencias.<\/li>\n<\/ul>\n\n\n\n<h3 class=\"wp-block-heading\">Experiencias exclusivas<\/h3>\n\n\n\n<p>Nos especializamos en crear experiencias parisinas \u00fanicas que no est\u00e1n disponibles en los canales est\u00e1ndar. Nuestro equipo puede garantizar el acceso a castillos franceses, organizar cenas privadas de lujo y organizar actividades especiales para grupos, todo ello adaptado a sus necesidades espec\u00edficas.<\/p>\n\n\n\n<p>Conf\u00ede su evento en Par\u00eds a especialistas que conocen el lujo de la ciudad. Nuestros servicios de eficacia comprobada son la mejor manera de garantizar el \u00e9xito de su evento y la satisfacci\u00f3n de sus invitados.<\/p>\n\n\n\n<div class=\"wp-block-buttons is-content-justification-center is-layout-flex wp-container-core-buttons-is-layout-16018d1d wp-block-buttons-is-layout-flex\">\n<div class=\"wp-block-button\"><a class=\"wp-block-button__link wp-element-button\" href=\"https:\/\/kissinparis.com\/es\/consulta\/\"  >Consulta<\/a><\/div>\n<\/div>\n<\/div><\/div>\n\n\n\n<div class=\"wp-block-group alignfull mt-0 mb-0  sec sec-map\"><div class=\"wp-block-group__inner-container is-layout-constrained wp-block-group-is-layout-constrained\">\n<div class=\"wp-block-columns are-vertically-aligned-center mt-0 mb-0 is-layout-flex wp-container-core-columns-is-layout-9d6595d7 wp-block-columns-is-layout-flex\">\n<div class=\"wp-block-column is-vertically-aligned-center is-layout-flow wp-block-column-is-layout-flow\">\n<p class=\"title-v2 mb-20\">En el coraz\u00f3n de Par\u00eds.<\/p>\n\n\n\n<p>Kiss Me in Paris Proposals &amp; Weddings<br>78 Av. Raymond Poincar\u00e9, 75116 Par\u00eds, Francia<br><a href=\"tel:+33661351511\">+33 6 61 35 15 11<\/a><br><a href=\"mailto:support@kissinparis.com\">support@kissinparis.com<\/a><\/p>\n<\/div>\n\n\n\n<div class=\"wp-block-column is-vertically-aligned-center is-layout-flow wp-block-column-is-layout-flow\">\n<iframe title=\"Mapa que muestra la ubicaci\u00f3n de Kiss Me en Par\u00eds Propuestas y Bodas\" src=\"https:\/\/www.google.com\/maps\/embed?pb=!1m18!1m12!1m3!1d2624.433873533341!2d2.28082346080246!3d48.86900492627629!2m3!1f0!2f0!3f0!3m2!1i1024!2i768!4f13.1!3m3!1m2!1s0x47e66f84666f802f%3A0x7b03905155589b66!2sKiss%20Me%20in%20Paris%20Proposals%20%26%20Weddings!5e0!3m2!1sen!2sin!4v1744567332130!5m2!1sen!2sin\" width=\"600\" height=\"450\" style=\"border:0;\" allowfullscreen=\"\" loading=\"lazy\" referrerpolicy=\"no-referrer-when-downgrade\"><\/iframe>\n<\/div>\n<\/div>\n<\/div><\/div>\n\n\n\n<div class=\"wp-block-group popup-cta\"><div class=\"wp-block-group__inner-container is-layout-constrained wp-block-group-is-layout-constrained\">\n<figure class=\"wp-block-video\"><video height=\"960\" style=\"aspect-ratio: 686 \/ 960;\" width=\"686\" autoplay loop muted preload=\"none\" src=\"https:\/\/kissinparis.com\/wp-content\/uploads\/2025\/04\/Full-service-Paris-proposal-planner.mp4\" playsinline><\/video><\/figure>\n\n\n\n<p class=\"title\">\u00a1Inf\u00f3rmese!<\/p>\n\n\n\n<p class=\"has-link whatsapp\"><a href=\"https:\/\/api.whatsapp.com\/send?phone=19175134350\" data-type=\"link\" data-id=\"https:\/\/api.whatsapp.com\/send?phone=19175134350\" target=\"_blank\" rel=\"noopener\">WhatsApp<\/a><\/p>\n\n\n\n<p class=\"has-link booking\"><a href=\"mailto:support@kissinparis.com?subject=Paris Luxury Concierge Services\"  data-type=\"link\" data-id=\"https:\/\/api.whatsapp.com\/send?phone=19175134350\" >Consulta<\/a><\/p>\n<\/div><\/div>","protected":false},"excerpt":{"rendered":"<p>Paris Luxury Concierge &amp; Design Services | Global Elite Planning an extraordinary event in Paris from abroad demands more than coordination; it requires insider knowledge. As your dedicated Paris-based partners, we offer exceptional expertise and valuable connections, opening doors to exclusive venues and experiences typically inaccessible. We specialize in serving discerning international clients, integrating our [&hellip;]<\/p>\n","protected":false},"author":35,"featured_media":17286,"parent":0,"menu_order":0,"comment_status":"closed","ping_status":"closed","template":"","meta":{"_acf_changed":false,"ub_ctt_via":"","footnotes":""},"class_list":["post-4635","page","type-page","status-publish","has-post-thumbnail","hentry"],"acf":[],"featured_image_src":"https:\/\/kissinparis.com\/wp-content\/uploads\/2025\/03\/Paris-proposal-package-chateau-villette-night.avif","_links":{"self":[{"href":"https:\/\/kissinparis.com\/es\/wp-json\/wp\/v2\/pages\/4635","targetHints":{"allow":["GET"]}}],"collection":[{"href":"https:\/\/kissinparis.com\/es\/wp-json\/wp\/v2\/pages"}],"about":[{"href":"https:\/\/kissinparis.com\/es\/wp-json\/wp\/v2\/types\/page"}],"author":[{"embeddable":true,"href":"https:\/\/kissinparis.com\/es\/wp-json\/wp\/v2\/users\/35"}],"replies":[{"embeddable":true,"href":"https:\/\/kissinparis.com\/es\/wp-json\/wp\/v2\/comments?post=4635"}],"version-history":[{"count":2,"href":"https:\/\/kissinparis.com\/es\/wp-json\/wp\/v2\/pages\/4635\/revisions"}],"predecessor-version":[{"id":26197,"href":"https:\/\/kissinparis.com\/es\/wp-json\/wp\/v2\/pages\/4635\/revisions\/26197"}],"wp:featuredmedia":[{"embeddable":true,"href":"https:\/\/kissinparis.com\/es\/wp-json\/wp\/v2\/media\/17286"}],"wp:attachment":[{"href":"https:\/\/kissinparis.com\/es\/wp-json\/wp\/v2\/media?parent=4635"}],"curies":[{"name":"wp","href":"https:\/\/api.w.org\/{rel}","templated":true}]}}