{"id":4643,"date":"2023-03-08T14:41:00","date_gmt":"2023-03-08T14:41:00","guid":{"rendered":"https:\/\/kissinparis.com\/?page_id=4643"},"modified":"2025-10-16T09:50:59","modified_gmt":"2025-10-16T09:50:59","slug":"empezar-aqui","status":"publish","type":"page","link":"https:\/\/kissinparis.com\/es\/start-here\/","title":{"rendered":"Encuentre su servicio ideal en Par\u00eds: una gu\u00eda r\u00e1pida de nuestras ofertas"},"content":{"rendered":"<div class=\"wp-block-group alignfull sec heror-section full-width mt-0 mb-0 has-scroll-down has-background-color has-primary-background-color has-text-color has-background has-link-color wp-elements-a05e0e41df26d6dfa72f130619089ea2\"><div class=\"wp-block-group__inner-container is-layout-constrained wp-block-group-is-layout-constrained\">\n<div class=\"wp-block-columns alignfull summery is-layout-flex wp-container-core-columns-is-layout-9d6595d7 wp-block-columns-is-layout-flex\">\n<div class=\"wp-block-column is-layout-flow wp-block-column-is-layout-flow\">\n<h1 class=\"wp-block-heading has-text-align-left full has-background-color has-text-color has-link-color wp-elements-af6b45e41e15ca4611e53fe0fca01918\">Empiece aqu\u00ed: pedidas de mano, bodas y sesiones de fotos en Par\u00eds<\/h1>\n<\/div>\n\n\n\n<div class=\"wp-block-column lead is-layout-flow wp-block-column-is-layout-flow\">\n<p>\u00a1Hola y felicidades por tu pr\u00f3xima aventura en Par\u00eds! Esta p\u00e1gina te gu\u00eda directamente al servicio que buscas, ya sea que est\u00e9s planeando una propuesta de matrimonio, organizando una boda o simplemente quieras una sesi\u00f3n de fotos divertida e inolvidable para tus vacaciones.<\/p>\n\n\n\n<p class=\"translation-block\">Considere esto como una gu\u00eda para acceder a nuestros servicios m\u00e1s populares, inspiraci\u00f3n y asesoramiento experto. Nuestro equipo est\u00e1 disponible por <a href=\"mailto:support@kissinparis.com?subject=Your Paris Inquiry | Kiss Me in Paris\" target=\"_self\">correo electr\u00f3nico<\/a> o <a href=\"https:\/\/api.whatsapp.com\/send?phone=33699061974\" data-type=\"link\" data-id=\"https:\/\/api.whatsapp.com\/send?phone=33699061974\" target=\"_blank\" rel=\"noopener\">WhatsApp<\/a> si necesita ayuda.<\/p>\n<\/div>\n<\/div>\n<\/div><\/div>\n\n\n\n<div class=\"wp-block-group alignfull mt-0 mb-0 sec sec-service-rows start-here has-subtle-background-background-color has-background\"><div class=\"wp-block-group__inner-container is-layout-constrained wp-block-group-is-layout-constrained\">\n<div class=\"wp-block-columns alignfull gap service-row is-layout-flex wp-container-core-columns-is-layout-9d6595d7 wp-block-columns-is-layout-flex\">\n<div class=\"wp-block-column has-figure is-layout-flow wp-block-column-is-layout-flow\">\n<figure class=\"wp-block-image size-full\"><img loading=\"lazy\" decoding=\"async\" width=\"933\" height=\"1400\" src=\"https:\/\/kissinparis.com\/wp-content\/uploads\/2025\/04\/paris-proposal-photographer-peninsula-eiffel-tower-secret-table.webp\" alt=\"Fot\u00f3grafo de proposiciones de matrimonio en Par\u00eds captura una rom\u00e1ntica proposici\u00f3n de matrimonio en Peninsula Secret Table con vistas a la Torre Eiffel\" class=\"wp-image-19274\" srcset=\"https:\/\/kissinparis.com\/wp-content\/uploads\/2025\/04\/paris-proposal-photographer-peninsula-eiffel-tower-secret-table.webp 933w, https:\/\/kissinparis.com\/wp-content\/uploads\/2025\/04\/paris-proposal-photographer-peninsula-eiffel-tower-secret-table-200x300.webp 200w, https:\/\/kissinparis.com\/wp-content\/uploads\/2025\/04\/paris-proposal-photographer-peninsula-eiffel-tower-secret-table-682x1024.webp 682w, https:\/\/kissinparis.com\/wp-content\/uploads\/2025\/04\/paris-proposal-photographer-peninsula-eiffel-tower-secret-table-768x1152.webp 768w\" sizes=\"auto, (max-width: 933px) 100vw, 933px\" \/><figcaption class=\"wp-element-caption\">Un momento m\u00e1gico capturado por nuestros fot\u00f3grafos de propuestas de matrimonio en Par\u00eds: \u00e9l se arrodilla en la Mesa Secreta de The Peninsula, rodeado de rosas rojas y con la Torre Eiffel como testigo. Documentamos discretamente cada reacci\u00f3n durante estas propuestas \u00fanicas en Par\u00eds.<\/figcaption><\/figure>\n<\/div>\n\n\n\n<div class=\"wp-block-column is-vertically-aligned-stretch has-content is-layout-flow wp-block-column-is-layout-flow\">\n<h2 class=\"wp-block-heading title full\"><em>(01)<\/em> <strong>Quiero proponerle matrimonio en Par\u00eds<\/strong><\/h2>\n\n\n\n<figure class=\"wp-block-image size-full\"><img loading=\"lazy\" decoding=\"async\" width=\"933\" height=\"1400\" src=\"https:\/\/kissinparis.com\/wp-content\/uploads\/2025\/04\/paris-proposal-photographer-peninsula-eiffel-tower-secret-table.webp\" alt=\"Fot\u00f3grafo de proposiciones de matrimonio en Par\u00eds captura una rom\u00e1ntica proposici\u00f3n de matrimonio en Peninsula Secret Table con vistas a la Torre Eiffel\" class=\"wp-image-19274\" srcset=\"https:\/\/kissinparis.com\/wp-content\/uploads\/2025\/04\/paris-proposal-photographer-peninsula-eiffel-tower-secret-table.webp 933w, https:\/\/kissinparis.com\/wp-content\/uploads\/2025\/04\/paris-proposal-photographer-peninsula-eiffel-tower-secret-table-200x300.webp 200w, https:\/\/kissinparis.com\/wp-content\/uploads\/2025\/04\/paris-proposal-photographer-peninsula-eiffel-tower-secret-table-682x1024.webp 682w, https:\/\/kissinparis.com\/wp-content\/uploads\/2025\/04\/paris-proposal-photographer-peninsula-eiffel-tower-secret-table-768x1152.webp 768w\" sizes=\"auto, (max-width: 933px) 100vw, 933px\" \/><figcaption class=\"wp-element-caption\">Un momento m\u00e1gico capturado por nuestros fot\u00f3grafos de propuestas de matrimonio en Par\u00eds: \u00e9l se arrodilla en la Mesa Secreta de The Peninsula, rodeado de rosas rojas y con la Torre Eiffel como testigo. Documentamos discretamente cada reacci\u00f3n durante estas propuestas \u00fanicas en Par\u00eds.<\/figcaption><\/figure>\n\n\n\n<div class=\"wp-block-group content\"><div class=\"wp-block-group__inner-container is-layout-constrained wp-block-group-is-layout-constrained\">\n<p class=\"full\">Planifique una propuesta de matrimonio inolvidable en Par\u00eds con orientaci\u00f3n experta, acceso a lugares impresionantes y un d\u00eda de ejecuci\u00f3n confiable, para que usted (y su futura prometida) puedan disfrutar de una experiencia perfecta y sin estr\u00e9s que atesorar\u00e1 por siempre.<\/p>\n\n\n\n<ol class=\"wp-block-list\">\n<li><a href=\"https:\/\/kissinparis.com\/es\/pedida-de-mano-paris\/paquete-torre-eiffel\/\" data-type=\"link\" data-id=\"https:\/\/kissinparis.com\/paris-proposal\/eiffel-tower-proposal-package\/\">Paquete de propuesta para la Torre Eiffel<\/a>&nbsp;\u2014 Terraza privada en la azotea, vista directa a la Torre, configuraci\u00f3n rom\u00e1ntica y fotograf\u00eda profesional de 30 minutos desde 1.750 \u20ac.<\/li>\n\n\n\n<li><a href=\"https:\/\/kissinparis.com\/es\/pedida-de-mano-paris\/paquetes\/\" data-type=\"link\" data-id=\"https:\/\/kissinparis.com\/paris-proposal\/packages\/\">Todos los paquetes de propuestas de Par\u00eds<\/a> \u2014 Opciones listas para reservar dise\u00f1adas para lograr el m\u00e1ximo impacto y valor<\/li>\n\n\n\n<li><a href=\"https:\/\/kissinparis.com\/es\/pedida-de-mano-paris\/organizador\/\" data-type=\"link\" data-id=\"https:\/\/kissinparis.com\/paris-proposal\/planner\/\">Pedidas de mano en Par\u00eds<\/a> \u2014 Asociese con nuestros expertos que hablan ingl\u00e9s para una experiencia personalizada<\/li>\n\n\n\n<li><a href=\"https:\/\/kissinparis.com\/es\/pedida-de-mano-paris\/\" data-type=\"link\" data-id=\"https:\/\/kissinparis.com\/paris-proposal\/\">Gu\u00eda de propuestas de Par\u00eds<\/a> \u2014 Descubra los lugares m\u00e1s bonitos, el momento ideal y consejos de expertos para el compromiso perfecto en Par\u00eds.<\/li>\n\n\n\n<li><a href=\"https:\/\/kissinparis.com\/es\/pedida-de-mano-paris\/ideas-paris\/\" data-type=\"link\" data-id=\"https:\/\/kissinparis.com\/paris-proposal\/ideas-paris\/\">Ideas \u00fanicas para propuestas de matrimonio en Par\u00eds<\/a> \u2014 Insp\u00edrate con conceptos de propuestas probados con ejemplos del mundo real y consejos de ejecuci\u00f3n.<\/li>\n\n\n\n<li><a href=\"https:\/\/kissinparis.com\/es\/pedida-de-mano-azotea-paris\/\">Lugares para propuestas de matrimonio en azoteas de Par\u00eds<\/a> \u2014 Descubra terrazas privadas que ofrecen vistas despejadas a la Torre Eiffel, absoluta discreci\u00f3n y la libertad de dise\u00f1ar a medida su propuesta de matrimonio.<\/li>\n<\/ol>\n<\/div><\/div>\n<\/div>\n\n\n\n<div class=\"wp-block-column is-vertically-aligned-bottom has-action is-layout-flow wp-block-column-is-layout-flow\"><\/div>\n<\/div>\n\n\n\n<div class=\"wp-block-columns alignfull gap service-row is-layout-flex wp-container-core-columns-is-layout-9d6595d7 wp-block-columns-is-layout-flex\">\n<div class=\"wp-block-column has-figure is-layout-flow wp-block-column-is-layout-flow\">\n<figure class=\"wp-block-image size-large\"><img loading=\"lazy\" decoding=\"async\" width=\"682\" height=\"1024\" src=\"https:\/\/kissinparis.com\/wp-content\/uploads\/2025\/04\/paris-wedding-photographer-dior-bride-chateau-vaux-le-vicomte-682x1024.webp\" alt=\"Fot\u00f3grafo de bodas de lujo en Par\u00eds capta a la novia con un vestido de Dior Couture en Chateau Vaux le Vicomte\" class=\"wp-image-19226\" srcset=\"https:\/\/kissinparis.com\/wp-content\/uploads\/2025\/04\/paris-wedding-photographer-dior-bride-chateau-vaux-le-vicomte-682x1024.webp 682w, https:\/\/kissinparis.com\/wp-content\/uploads\/2025\/04\/paris-wedding-photographer-dior-bride-chateau-vaux-le-vicomte-200x300.webp 200w, https:\/\/kissinparis.com\/wp-content\/uploads\/2025\/04\/paris-wedding-photographer-dior-bride-chateau-vaux-le-vicomte-768x1152.webp 768w, https:\/\/kissinparis.com\/wp-content\/uploads\/2025\/04\/paris-wedding-photographer-dior-bride-chateau-vaux-le-vicomte.webp 933w\" sizes=\"auto, (max-width: 682px) 100vw, 682px\" \/><figcaption class=\"wp-element-caption\">Un momento impresionante capturado por nuestro equipo de fot\u00f3grafos de bodas en Par\u00eds: una elegante novia con un vestido de Dior Couture se ajusta su collar de diamantes en el magn\u00edfico Ch\u00e2teau de Vaux-le-Vicomte. Nuestro enfoque de lujo combina la experiencia editorial en moda con una emoci\u00f3n aut\u00e9ntica, y celebridades y parejas exigentes conf\u00edan en nosotros para una fotograf\u00eda de boda inolvidable.<\/figcaption><\/figure>\n<\/div>\n\n\n\n<div class=\"wp-block-column is-vertically-aligned-stretch has-content is-layout-flow wp-block-column-is-layout-flow\">\n<h2 class=\"wp-block-heading title full\"><em>(02)<\/em> <strong>Estoy planeando una boda o una fuga<\/strong><\/h2>\n\n\n\n<figure class=\"wp-block-image size-large\"><img loading=\"lazy\" decoding=\"async\" width=\"682\" height=\"1024\" src=\"https:\/\/kissinparis.com\/wp-content\/uploads\/2025\/04\/paris-wedding-photographer-dior-bride-chateau-vaux-le-vicomte-682x1024.webp\" alt=\"Fot\u00f3grafo de bodas de lujo en Par\u00eds capta a la novia con un vestido de Dior Couture en Chateau Vaux le Vicomte\" class=\"wp-image-19226\" srcset=\"https:\/\/kissinparis.com\/wp-content\/uploads\/2025\/04\/paris-wedding-photographer-dior-bride-chateau-vaux-le-vicomte-682x1024.webp 682w, https:\/\/kissinparis.com\/wp-content\/uploads\/2025\/04\/paris-wedding-photographer-dior-bride-chateau-vaux-le-vicomte-200x300.webp 200w, https:\/\/kissinparis.com\/wp-content\/uploads\/2025\/04\/paris-wedding-photographer-dior-bride-chateau-vaux-le-vicomte-768x1152.webp 768w, https:\/\/kissinparis.com\/wp-content\/uploads\/2025\/04\/paris-wedding-photographer-dior-bride-chateau-vaux-le-vicomte.webp 933w\" sizes=\"auto, (max-width: 682px) 100vw, 682px\" \/><figcaption class=\"wp-element-caption\">Un momento impresionante capturado por nuestro equipo de fot\u00f3grafos de bodas en Par\u00eds: una elegante novia con un vestido de Dior Couture se ajusta su collar de diamantes en el magn\u00edfico Ch\u00e2teau de Vaux-le-Vicomte. Nuestro enfoque de lujo combina la experiencia editorial en moda con una emoci\u00f3n aut\u00e9ntica, y celebridades y parejas exigentes conf\u00edan en nosotros para una fotograf\u00eda de boda inolvidable.<\/figcaption><\/figure>\n\n\n\n<div class=\"wp-block-group content\"><div class=\"wp-block-group__inner-container is-layout-constrained wp-block-group-is-layout-constrained\">\n<p>Ya sea que sue\u00f1e con una elegante celebraci\u00f3n en un castillo, una escapada \u00edntima o un evento glamuroso en el coraz\u00f3n de Par\u00eds, nuestros amables organizadores angloparlantes le guiar\u00e1n. Disfrute de acceso exclusivo al lugar, contactos con proveedores de confianza y una comunicaci\u00f3n clara y receptiva durante todo el proceso de planificaci\u00f3n.<\/p>\n\n\n\n<ol class=\"wp-block-list\">\n<li><a href=\"https:\/\/kissinparis.com\/es\/organizador-bodas-paris\/\" data-type=\"link\" data-id=\"https:\/\/kissinparis.com\/paris-wedding-planner\/\">Organizador de bodas en Par\u00eds<\/a>&nbsp;\u2014 Experiencia en planificaci\u00f3n integral de bodas<\/li>\n\n\n\n<li><a href=\"https:\/\/kissinparis.com\/es\/boda-en-paris\/\" data-type=\"link\" data-id=\"https:\/\/kissinparis.com\/paris-wedding\/\">Gu\u00eda de bodas en Par\u00eds<\/a>&nbsp;\u2014 Opciones de lugares, consejos de planificaci\u00f3n y perspectivas privilegiadas<\/li>\n\n\n\n<li><a href=\"https:\/\/kissinparis.com\/es\/boda-intima-paris\/\" data-type=\"link\" data-id=\"https:\/\/kissinparis.com\/paris-elopement\/\">Gu\u00eda para escapadas a Par\u00eds<\/a>&nbsp;\u2014 Informaci\u00f3n esencial para una ceremonia \u00edntima y deslumbrante<\/li>\n<\/ol>\n<\/div><\/div>\n<\/div>\n\n\n\n<div class=\"wp-block-column is-vertically-aligned-bottom has-action is-layout-flow wp-block-column-is-layout-flow\"><\/div>\n<\/div>\n\n\n\n<div class=\"wp-block-columns alignfull gap service-row is-layout-flex wp-container-core-columns-is-layout-9d6595d7 wp-block-columns-is-layout-flex\">\n<div class=\"wp-block-column has-figure is-layout-flow wp-block-column-is-layout-flow\">\n<figure class=\"wp-block-image size-large\"><img loading=\"lazy\" decoding=\"async\" width=\"682\" height=\"1024\" src=\"https:\/\/kissinparis.com\/wp-content\/uploads\/2025\/04\/paris-couple-photography-intimate-romantic-flower-682x1024.webp\" alt=\"Fotograf\u00eda \u00edntima de pareja en Par\u00eds con hombre sosteniendo flor abrazando a mujer\" class=\"wp-image-19225\" srcset=\"https:\/\/kissinparis.com\/wp-content\/uploads\/2025\/04\/paris-couple-photography-intimate-romantic-flower-682x1024.webp 682w, https:\/\/kissinparis.com\/wp-content\/uploads\/2025\/04\/paris-couple-photography-intimate-romantic-flower-200x300.webp 200w, https:\/\/kissinparis.com\/wp-content\/uploads\/2025\/04\/paris-couple-photography-intimate-romantic-flower-768x1152.webp 768w, https:\/\/kissinparis.com\/wp-content\/uploads\/2025\/04\/paris-couple-photography-intimate-romantic-flower.webp 933w\" sizes=\"auto, (max-width: 682px) 100vw, 682px\" \/><figcaption class=\"wp-element-caption\">Nuestro fot\u00f3grafo de Par\u00eds crea retratos de pareja \u00edntimos y naturales que muestran su conexi\u00f3n genuina, perfectos para compromisos, aniversarios o simplemente para celebrar su historia de amor.<\/figcaption><\/figure>\n<\/div>\n\n\n\n<div class=\"wp-block-column is-vertically-aligned-stretch has-content is-layout-flow wp-block-column-is-layout-flow\">\n<h2 class=\"wp-block-heading title full\"><em>(03)<\/em> <strong>Quiero una hermosa sesi\u00f3n de fotos en Par\u00eds<\/strong><\/h2>\n\n\n\n<figure class=\"wp-block-image size-large\"><img loading=\"lazy\" decoding=\"async\" width=\"682\" height=\"1024\" src=\"https:\/\/kissinparis.com\/wp-content\/uploads\/2025\/04\/paris-couple-photography-intimate-romantic-flower-682x1024.webp\" alt=\"Fotograf\u00eda \u00edntima de pareja en Par\u00eds con hombre sosteniendo flor abrazando a mujer\" class=\"wp-image-19225\" srcset=\"https:\/\/kissinparis.com\/wp-content\/uploads\/2025\/04\/paris-couple-photography-intimate-romantic-flower-682x1024.webp 682w, https:\/\/kissinparis.com\/wp-content\/uploads\/2025\/04\/paris-couple-photography-intimate-romantic-flower-200x300.webp 200w, https:\/\/kissinparis.com\/wp-content\/uploads\/2025\/04\/paris-couple-photography-intimate-romantic-flower-768x1152.webp 768w, https:\/\/kissinparis.com\/wp-content\/uploads\/2025\/04\/paris-couple-photography-intimate-romantic-flower.webp 933w\" sizes=\"auto, (max-width: 682px) 100vw, 682px\" \/><figcaption class=\"wp-element-caption\">Nuestro fot\u00f3grafo de Par\u00eds crea retratos de pareja \u00edntimos y naturales que muestran su conexi\u00f3n genuina, perfectos para compromisos, aniversarios o simplemente para celebrar su historia de amor.<\/figcaption><\/figure>\n\n\n\n<div class=\"wp-block-group content\"><div class=\"wp-block-group__inner-container is-layout-constrained wp-block-group-is-layout-constrained\">\n<p class=\"full\">Conmemora tu visita a la Ciudad de la Luz con una elegante y agradable sesi\u00f3n de fotos de vacaciones con nuestros artistas locales que saben c\u00f3mo hacerte lucir y sentir incre\u00edble.<\/p>\n\n\n\n<p>Enlaces \u00fatiles para comenzar:<\/p>\n\n\n\n<ol class=\"wp-block-list\">\n<li><a href=\"https:\/\/kissinparis.com\/es\/reservar\/sesion-de-fotos\/\">Reservar sesi\u00f3n de fotos<\/a> \u2014 Reserva tu sesi\u00f3n hoy<\/li>\n\n\n\n<li><a href=\"https:\/\/kissinparis.com\/es\/equipo-creativo\/\">Conozca a nuestros fot\u00f3grafos<\/a>&nbsp;\u2014 Descubre a los artistas detr\u00e1s del lente<\/li>\n\n\n\n<li><a href=\"https:\/\/kissinparis.com\/es\/servicios-fotografia\/\">Explora nuestros servicios de fotograf\u00eda<\/a>&nbsp;\u2014 Parejas, bodas, boudoir, familias y sesiones en solitario.<\/li>\n\n\n\n<li><a href=\"https:\/\/kissinparis.com\/es\/portfolio\/\" data-type=\"link\" data-id=\"https:\/\/kissinparis.com\/portfolio\/\">Vea nuestro portafolio&nbsp;<\/a>\u2014 Inspiraci\u00f3n de Par\u00eds y m\u00e1s all\u00e1<\/li>\n\n\n\n<li><a href=\"https:\/\/kissinparis.com\/es\/sesion-fotos-paris\/\" data-type=\"link\" data-id=\"https:\/\/kissinparis.com\/paris-photoshoot\/\">Gu\u00eda de sesi\u00f3n de fotos<\/a>&nbsp;\u2014 Consejos sobre vestimenta, lugares privilegiados para tomar fotograf\u00edas y asesoramiento de expertos.<\/li>\n<\/ol>\n<\/div><\/div>\n<\/div>\n\n\n\n<div class=\"wp-block-column is-vertically-aligned-bottom has-action is-layout-flow wp-block-column-is-layout-flow\"><\/div>\n<\/div>\n<\/div><\/div>\n\n\n\n<div class=\"wp-block-group alignfull mt-0 mb-0 sec sec-cta sec-cta-2025 fullscreen border-0 has-base-2-color has-subtle-background-background-color has-text-color has-background has-link-color wp-elements-7eb9fad225c988c0104ef9ffcb8ab40b\"><div class=\"wp-block-group__inner-container is-layout-constrained wp-block-group-is-layout-constrained\">\n<div class=\"wp-block-group alignfull\"><div class=\"wp-block-group__inner-container is-layout-constrained wp-block-group-is-layout-constrained\">\n<h2 class=\"wp-block-heading alignfull has-text-align-center\">\u00bfListos para el<br>siguiente paso?<\/h2>\n\n\n\n<p class=\"has-text-align-center big-text alignwide animated-letters-v2 has-primary-color has-text-color has-link-color wp-elements-f311ce14ce04f075a6b05113fdf89593\"><strong>\u00a1Trabajemos <\/strong><strong>juntos!<\/strong><\/p>\n\n\n\n<div class=\"wp-block-buttons is-content-justification-center is-layout-flex wp-container-core-buttons-is-layout-16018d1d wp-block-buttons-is-layout-flex\">\n<div class=\"wp-block-button btn-lg get-popup has-dot_0 has-text-hover\"><a class=\"wp-block-button__link has-background-color has-text-color has-link-color wp-element-button\" href=\"#contact-info\"><em>Contacto<\/em><\/a><\/div>\n<\/div>\n<\/div><\/div>\n<\/div><\/div>\n\n\n\n<div class=\"wp-block-group alignfull mt-0 mb-0  sec sec-map\"><div class=\"wp-block-group__inner-container is-layout-constrained wp-block-group-is-layout-constrained\">\n<div class=\"wp-block-columns are-vertically-aligned-center mt-0 mb-0 is-layout-flex wp-container-core-columns-is-layout-9d6595d7 wp-block-columns-is-layout-flex\">\n<div class=\"wp-block-column is-vertically-aligned-center is-layout-flow wp-block-column-is-layout-flow\">\n<p class=\"title-v2 mb-20\">En el coraz\u00f3n de Par\u00eds.<\/p>\n\n\n\n<p>Kiss Me in Paris Proposals &amp; Weddings<br>78 Av. Raymond Poincar\u00e9, 75116 Par\u00eds, Francia<br><a href=\"tel:+33661351511\">+33 6 61 35 15 11<\/a><br><a href=\"mailto:support@kissinparis.com\">support@kissinparis.com<\/a><\/p>\n<\/div>\n\n\n\n<div class=\"wp-block-column is-vertically-aligned-center is-layout-flow wp-block-column-is-layout-flow\">\n<iframe title=\"Mapa que muestra la ubicaci\u00f3n de Kiss Me en Par\u00eds Propuestas y Bodas\" src=\"https:\/\/www.google.com\/maps\/embed?pb=!1m18!1m12!1m3!1d2624.433873533341!2d2.28082346080246!3d48.86900492627629!2m3!1f0!2f0!3f0!3m2!1i1024!2i768!4f13.1!3m3!1m2!1s0x47e66f84666f802f%3A0x7b03905155589b66!2sKiss%20Me%20in%20Paris%20Proposals%20%26%20Weddings!5e0!3m2!1sen!2sin!4v1744567332130!5m2!1sen!2sin\" width=\"600\" height=\"450\" style=\"border:0;\" allowfullscreen=\"\" loading=\"lazy\" referrerpolicy=\"no-referrer-when-downgrade\"><\/iframe>\n<\/div>\n<\/div>\n<\/div><\/div>\n\n\n\n<div class=\"wp-block-group popup-cta\"><div class=\"wp-block-group__inner-container is-layout-constrained wp-block-group-is-layout-constrained\">\n<figure class=\"wp-block-video\"><video height=\"960\" style=\"aspect-ratio: 686 \/ 960;\" width=\"686\" autoplay loop muted poster=\"https:\/\/kissinparis.com\/wp-content\/uploads\/2025\/04\/Kiss-Me-in-Paris-Proposals-Weddings-Planning.webp\" preload=\"none\" src=\"https:\/\/kissinparis.com\/wp-content\/uploads\/2025\/04\/Full-service-Paris-proposal-planner.mp4\" playsinline><\/video><\/figure>\n\n\n\n<p class=\"title\">\u00a1Inf\u00f3rmese!<\/p>\n\n\n\n<p class=\"has-link whatsapp\"><a href=\"https:\/\/api.whatsapp.com\/send?phone=19175134350\" target=\"_blank\" data-type=\"link\" data-id=\"https:\/\/api.whatsapp.com\/send?phone=19175134350\" rel=\"noreferrer noopener nofollow\">WhatsApp<\/a><\/p>\n\n\n\n<p class=\"has-link booking\"><a href=\"mailto:support@kissinparis.com?subject=Your Paris Inquiry | Kiss Me in Paris\" target=\"_blank\" data-type=\"link\" data-id=\"https:\/\/api.whatsapp.com\/send?phone=19175134350\" rel=\"noreferrer noopener\">Consulta<\/a><\/p>\n<\/div><\/div>","protected":false},"excerpt":{"rendered":"<p>Start Here: Paris Proposals, Weddings &amp; Photoshoots Made Easy Bonjour and congratulations on your upcoming Paris adventure. This page guides you directly to the service you\u2019re looking for\u2014whether you&#8217;re planning a proposal, organizing a wedding, or just want a fun and memorable vacation photoshoot. Consider this a roadmap to our most popular services, inspiration, and [&hellip;]<\/p>\n","protected":false},"author":35,"featured_media":19995,"parent":0,"menu_order":0,"comment_status":"closed","ping_status":"closed","template":"","meta":{"_acf_changed":false,"ub_ctt_via":"","footnotes":""},"class_list":["post-4643","page","type-page","status-publish","has-post-thumbnail","hentry"],"acf":[],"featured_image_src":"https:\/\/kissinparis.com\/wp-content\/uploads\/2025\/05\/Kiss-Me-in-Paris-Start-Here.webp","_links":{"self":[{"href":"https:\/\/kissinparis.com\/es\/wp-json\/wp\/v2\/pages\/4643","targetHints":{"allow":["GET"]}}],"collection":[{"href":"https:\/\/kissinparis.com\/es\/wp-json\/wp\/v2\/pages"}],"about":[{"href":"https:\/\/kissinparis.com\/es\/wp-json\/wp\/v2\/types\/page"}],"author":[{"embeddable":true,"href":"https:\/\/kissinparis.com\/es\/wp-json\/wp\/v2\/users\/35"}],"replies":[{"embeddable":true,"href":"https:\/\/kissinparis.com\/es\/wp-json\/wp\/v2\/comments?post=4643"}],"version-history":[{"count":7,"href":"https:\/\/kissinparis.com\/es\/wp-json\/wp\/v2\/pages\/4643\/revisions"}],"predecessor-version":[{"id":28540,"href":"https:\/\/kissinparis.com\/es\/wp-json\/wp\/v2\/pages\/4643\/revisions\/28540"}],"wp:featuredmedia":[{"embeddable":true,"href":"https:\/\/kissinparis.com\/es\/wp-json\/wp\/v2\/media\/19995"}],"wp:attachment":[{"href":"https:\/\/kissinparis.com\/es\/wp-json\/wp\/v2\/media?parent=4643"}],"curies":[{"name":"wp","href":"https:\/\/api.w.org\/{rel}","templated":true}]}}