{"id":4726,"date":"2023-03-08T18:19:16","date_gmt":"2023-03-08T18:19:16","guid":{"rendered":"https:\/\/kissinparis.com\/?page_id=4726"},"modified":"2025-06-10T09:04:27","modified_gmt":"2025-06-10T09:04:27","slug":"jardines-luxemburgo","status":"publish","type":"page","link":"https:\/\/kissinparis.com\/es\/luxembourg-gardens\/","title":{"rendered":"Jardines de Luxemburgo"},"content":{"rendered":"<div class=\"wp-block-group alignfull sec heror-section mt-0 mb-0 has-scroll-down has-background-color has-primary-background-color has-text-color has-background has-link-color wp-elements-4305761c6ecc3ae6a70fbc42f2fa7723\"><div class=\"wp-block-group__inner-container is-layout-constrained wp-block-group-is-layout-constrained\">\n<h1 class=\"wp-block-heading alignwide has-text-align-left full has-background-color has-text-color has-link-color wp-elements-95b7e4681a46b41f063f14cc28827c61\">Jardines de Luxemburgo: un elegante escenario fotogr\u00e1fico en el hist\u00f3rico parque de Par\u00eds<\/h1>\n<\/div><\/div>\n\n\n\n<div class=\"wp-block-cover alignfull mt-0 mb-0 banner banner-resources\"><img loading=\"lazy\" decoding=\"async\" width=\"1024\" height=\"684\" class=\"wp-block-cover__image-background wp-image-179\" alt=\"Fot\u00f3grafo de bodas en Par\u00eds\" src=\"https:\/\/kissinparis.com\/wp-content\/uploads\/2023\/02\/Luxembourg-Gardens-Best-Photo-Spots-in-Paris-1024x684.jpg\" data-object-fit=\"cover\" srcset=\"https:\/\/kissinparis.com\/wp-content\/uploads\/2023\/02\/Luxembourg-Gardens-Best-Photo-Spots-in-Paris-1024x684.jpg 1024w, https:\/\/kissinparis.com\/wp-content\/uploads\/2023\/02\/Luxembourg-Gardens-Best-Photo-Spots-in-Paris-1024x684-300x200.jpg 300w, https:\/\/kissinparis.com\/wp-content\/uploads\/2023\/02\/Luxembourg-Gardens-Best-Photo-Spots-in-Paris-1024x684-768x513.jpg 768w\" sizes=\"auto, (max-width: 1024px) 100vw, 1024px\" \/><span aria-hidden=\"true\" class=\"wp-block-cover__background has-primary-background-color has-background-dim-10 has-background-dim\"><\/span><div class=\"wp-block-cover__inner-container is-layout-flow wp-block-cover-is-layout-flow\">\n<div class=\"banner-video\">\n<img decoding=\"async\" src=\"https:\/\/kissinparis.com\/wp-content\/uploads\/2023\/02\/placeholder_16x9.png\" alt=\"\u00c1rea del h\u00e9roe\">\n<\/div>\n<\/div><\/div>\n\n\n\n<div class=\"wp-block-group alignfull mt-0 mb-0 sec sec-content has-white-background-color has-background\" id=\"sec-1\"><div class=\"wp-block-group__inner-container is-layout-constrained wp-block-group-is-layout-constrained\">\n<h2 class=\"wp-block-heading title-v2\">Razones para visitar los Jardines de Luxemburgo<\/h2>\n\n\n\n<p>Un lugar tranquilo de exuberante belleza natural, esculturas y arquitectura centenarias, el Jard\u00edn de Luxemburgo encantar\u00e1 su cita con sus id\u00edlicos jardines, callejones bordeados de \u00e1rboles, parterres de flores y la hist\u00f3rica Fuente de los Medici.<\/p>\n\n\n\n<p>El parque es un oasis de tranquilidad frente al bullicio del Barrio Latino, con Saint-Germain-des-Pr\u00e9s cerca.<\/p>\n\n\n\n<p>As\u00ed que trae una manta para deleitar a tu ser querido con vino y queso franceses\u2026 y, por supuesto, con la baguette parisina por excelencia. Luego, acurr\u00faquense para disfrutar del paisaje y compartir un beso eterno, a partes iguales de poes\u00eda y pasi\u00f3n.<\/p>\n\n\n<div class=\"sc-box notes\"><div class=\"sc-title\">\n<svg viewbox=\"0 0 512 512\" class=\"icon icon-note\" xmlns=\"http:\/\/www.w3.org\/2000\/svg\"><g id=\"Outline\"><path d=\"m448 480h-16v-232h-16v232h-56v16h96a8 8 0 0 0 8-8v-272h-16z\"\/><path d=\"m400 424v-144h-16v136h-56a8 8 0 0 0 -8 8v56h-264v-40h24v-16h-24v-56h24v-16h-24v-56h24v-16h-24v-56h24v-16h-24v-56h24v-16h-24v-40h-16v40h-24v16h24v56h-24v16h24v56h-24v16h24v56h-24v16h24v56h-24v16h24v48a8 8 0 0 0 8 8h280a8 8 0 0 0 5.657-2.343l64-64a8 8 0 0 0 2.343-5.657zm-27.314 8-36.686 36.686v-36.686z\"\/><path d=\"m80 64h-24v-32h328v64h16v-64h16v48h16v-48h16v48h16v-56a8 8 0 0 0 -8-8h-408a8 8 0 0 0 -8 8v40h-24v16h64z\"\/><path d=\"m184 96h160v16h-160z\"\/><path d=\"m184 160h144v16h-144z\"\/><path d=\"m184 224h112v16h-112z\"\/><path d=\"m136 272a24 24 0 1 0 24 24 24.027 24.027 0 0 0 -24-24zm0 32a8 8 0 1 1 8-8 8.009 8.009 0 0 1 -8 8z\"\/><path d=\"m184 288h72v16h-72z\"\/><path d=\"m136 336a24 24 0 1 0 24 24 24.027 24.027 0 0 0 -24-24zm0 32a8 8 0 1 1 8-8 8.009 8.009 0 0 1 -8 8z\"\/><path d=\"m184 352h160v16h-160z\"\/><path d=\"m136 400a24 24 0 1 0 24 24 24.027 24.027 0 0 0 -24-24zm0 32a8 8 0 1 1 8-8 8.009 8.009 0 0 1 -8 8z\"\/><path d=\"m184 416h120v16h-120z\"\/><path d=\"m162.343 66.343-16 16a24.008 24.008 0 1 0 11.314 11.314l16-16zm-34.343 37.657a7.971 7.971 0 0 1 2.346-5.654l11.308 11.308a8 8 0 0 1 -13.654-5.654z\"\/><path d=\"m162.343 130.343-16 16a24.008 24.008 0 1 0 11.314 11.314l16-16zm-34.343 37.657a7.971 7.971 0 0 1 2.346-5.654l11.308 11.308a8 8 0 0 1 -13.654-5.654z\"\/><path d=\"m162.343 194.343-16 16a24.008 24.008 0 1 0 11.314 11.314l16-16zm-34.343 37.657a7.971 7.971 0 0 1 2.346-5.654l11.308 11.308a8 8 0 0 1 -13.654-5.654z\"\/><path d=\"m465.373 104a30.43 30.43 0 0 0 -21.657 8.97l-3.716 3.716-7.03-7.03a24 24 0 0 0 -33.94 0l-52.687 52.687 11.314 11.314 52.686-52.686a8.01 8.01 0 0 1 11.314 0l7.029 7.029-154.343 154.343a7.966 7.966 0 0 0 -2.187 4.088v.027.025l-7.99 39.948a8 8 0 0 0 9.414 9.414l40-8a8.006 8.006 0 0 0 4.088-2.188l169.361-169.373a30.627 30.627 0 0 0 -21.656-52.284zm-25.373 35.314 20.686 20.686-48.686 48.686-20.686-20.686zm-155.087 164.913 10.86 10.86-13.573 2.713zm27.087 4.46-20.687-20.687 88.687-88.686 20.686 20.686zm163.716-163.717-3.716 3.716-20.686-20.686 3.715-3.716a14.628 14.628 0 0 1 20.687 20.686z\"\/><\/g><\/svg><span class=\"sc-label\">Nota<\/span><\/div><span class=\"sc-content\">Verifique el horario de apertura y llegue temprano para evitar a los turistas.<\/span><\/div>\n\n\n\n<p><strong>El mejor momento para <a href=\"https:\/\/kissinparis.com\/es\/sesion-fotos-paris\/\">Sesi\u00f3n de fotos<\/a><\/strong>:amanecer y madrugada<br><strong>Escala rom\u00e1ntica<\/strong>: alto<br><strong>Idoneidad para la lluvia<\/strong>: pobre<br><strong>Ubicaciones cercanas: <\/strong><a href=\"https:\/\/kissinparis.com\/es\/catedral-notre-dame\/\">Catedral de Notre-Dame de Par\u00eds<\/a><br><strong>Costo<\/strong>: gratis<br><strong>Latitud y longitud<\/strong>: 48.8462\u00b0 N, 2.3372\u00b0 E<\/p>\n<\/div><\/div>","protected":false},"excerpt":{"rendered":"<p>Luxembourg Gardens \u2013 Elegant Photo Setting in Paris\u2019s Historic Park Reasons Why You Should Visit Luxembourg Gardens A quiet place of luxuriant natural beauty, centuries-old sculpture, and architecture, the Jardin du Luxembourg will charm your date with its idyllic lawns, tree-lined alleys, flowerbeds, and the historic Medici Fountain. The park is an oasis of calm [&hellip;]<\/p>\n","protected":false},"author":35,"featured_media":179,"parent":0,"menu_order":0,"comment_status":"closed","ping_status":"closed","template":"","meta":{"_acf_changed":false,"ub_ctt_via":"","footnotes":""},"class_list":["post-4726","page","type-page","status-publish","has-post-thumbnail","hentry"],"acf":[],"featured_image_src":"https:\/\/kissinparis.com\/wp-content\/uploads\/2023\/02\/Luxembourg-Gardens-Best-Photo-Spots-in-Paris-1024x684.jpg","_links":{"self":[{"href":"https:\/\/kissinparis.com\/es\/wp-json\/wp\/v2\/pages\/4726","targetHints":{"allow":["GET"]}}],"collection":[{"href":"https:\/\/kissinparis.com\/es\/wp-json\/wp\/v2\/pages"}],"about":[{"href":"https:\/\/kissinparis.com\/es\/wp-json\/wp\/v2\/types\/page"}],"author":[{"embeddable":true,"href":"https:\/\/kissinparis.com\/es\/wp-json\/wp\/v2\/users\/35"}],"replies":[{"embeddable":true,"href":"https:\/\/kissinparis.com\/es\/wp-json\/wp\/v2\/comments?post=4726"}],"version-history":[{"count":4,"href":"https:\/\/kissinparis.com\/es\/wp-json\/wp\/v2\/pages\/4726\/revisions"}],"predecessor-version":[{"id":24205,"href":"https:\/\/kissinparis.com\/es\/wp-json\/wp\/v2\/pages\/4726\/revisions\/24205"}],"wp:featuredmedia":[{"embeddable":true,"href":"https:\/\/kissinparis.com\/es\/wp-json\/wp\/v2\/media\/179"}],"wp:attachment":[{"href":"https:\/\/kissinparis.com\/es\/wp-json\/wp\/v2\/media?parent=4726"}],"curies":[{"name":"wp","href":"https:\/\/api.w.org\/{rel}","templated":true}]}}