{"id":4772,"date":"2023-03-08T22:08:46","date_gmt":"2023-03-08T22:08:46","guid":{"rendered":"https:\/\/kissinparis.com\/?page_id=4772"},"modified":"2025-06-03T12:02:49","modified_gmt":"2025-06-03T12:02:49","slug":"propuesta-exposicion-arte","status":"publish","type":"page","link":"https:\/\/kissinparis.com\/es\/paris-proposal\/art-show-marriage-proposal\/","title":{"rendered":"Exposici\u00f3n de arte Propuesta de matrimonio"},"content":{"rendered":"<div class=\"wp-block-group alignfull sec heror-section mt-0 mb-0 has-scroll-down has-background-color has-primary-background-color has-text-color has-background has-link-color wp-elements-a7d57a88e856f4628d710fc78a782c1b\"><div class=\"wp-block-group__inner-container is-layout-constrained wp-block-group-is-layout-constrained\">\n<h1 class=\"wp-block-heading alignwide has-text-align-left full has-background-color has-text-color has-link-color wp-elements-1f42dbda5d7a059990dff82fa124ca24\">La propuesta de Art Show Paris<\/h1>\n\n\n\n<div class=\"wp-block-buttons alignfull mt-0 mb-0 pt-10 is-layout-flex wp-block-buttons-is-layout-flex\">\n<div class=\"wp-block-button\"><a class=\"wp-block-button__link has-primary-color has-background-background-color has-text-color has-background wp-element-button\" href=\"https:\/\/kissinparis.com\/es\/consulta\/\">Consultas<\/a><\/div>\n<\/div>\n<\/div><\/div>\n\n\n\n<div class=\"wp-block-cover alignfull is-light mt-0 mb-0 banner banner-resources\"><img loading=\"lazy\" decoding=\"async\" width=\"1500\" height=\"1001\" class=\"wp-block-cover__image-background wp-image-4774\" alt=\"La propuesta de la exposici\u00f3n de arte de la Torre Eiffel\" src=\"https:\/\/kissinparis.com\/wp-content\/uploads\/2023\/03\/art-show-marriage-proposal-in-Paris.jpg\" style=\"object-position:41% 67%\" data-object-fit=\"cover\" data-object-position=\"41% 67%\" srcset=\"https:\/\/kissinparis.com\/wp-content\/uploads\/2023\/03\/art-show-marriage-proposal-in-Paris.jpg 1500w, https:\/\/kissinparis.com\/wp-content\/uploads\/2023\/03\/art-show-marriage-proposal-in-Paris-300x200.jpg 300w, https:\/\/kissinparis.com\/wp-content\/uploads\/2023\/03\/art-show-marriage-proposal-in-Paris-1024x683.jpg 1024w, https:\/\/kissinparis.com\/wp-content\/uploads\/2023\/03\/art-show-marriage-proposal-in-Paris-768x513.jpg 768w, https:\/\/kissinparis.com\/wp-content\/uploads\/2023\/03\/art-show-marriage-proposal-in-Paris-1200x801.jpg 1200w\" sizes=\"auto, (max-width: 1500px) 100vw, 1500px\" \/><span aria-hidden=\"true\" class=\"wp-block-cover__background has-primary-background-color has-background-dim-0 has-background-dim\"><\/span><div class=\"wp-block-cover__inner-container is-layout-flow wp-block-cover-is-layout-flow\">\n<div class=\"banner-video\">\n<img decoding=\"async\" src=\"https:\/\/kissinparis.com\/wp-content\/uploads\/2023\/02\/placeholder_16x9.png\" alt=\"\u00c1rea del h\u00e9roe\">\n<\/div>\n<\/div><\/div>\n\n\n\n<div class=\"wp-block-group alignfull mt-0 mb-0 sec sec-content\" id=\"sec-1\"><div class=\"wp-block-group__inner-container is-layout-constrained wp-block-group-is-layout-constrained\">\n<h2 class=\"wp-block-heading title-v2\">Hazle la pregunta a tu pareja con el pretexto de una exposici\u00f3n de arte.<\/h2>\n\n\n\n<p>Esta propuesta de Exposici\u00f3n de Arte funciona mejor en horas de la ma\u00f1ana cuando hay menos gente.<\/p>\n\n\n\n<p>Le dices a tu pareja que un famoso artista franc\u00e9s presenta una exposici\u00f3n gratuita y que te encantar\u00eda verla. Tu pareja no sabe que es una exposici\u00f3n personal, concebida solo para ella.<\/p>\n\n\n\n<figure class=\"wp-block-image size-large\"><img loading=\"lazy\" decoding=\"async\" width=\"1024\" height=\"683\" src=\"https:\/\/kissinparis.com\/wp-content\/uploads\/2023\/05\/Art-Show-Paris-proposal-with-Eiffel-Tower-view-1024x683.jpg\" alt=\"Propuesta de Art Show Paris con vista a la Torre Eiffel\" class=\"wp-image-12375\" srcset=\"https:\/\/kissinparis.com\/wp-content\/uploads\/2023\/05\/Art-Show-Paris-proposal-with-Eiffel-Tower-view-1024x683.jpg 1024w, https:\/\/kissinparis.com\/wp-content\/uploads\/2023\/05\/Art-Show-Paris-proposal-with-Eiffel-Tower-view-300x200.jpg 300w, https:\/\/kissinparis.com\/wp-content\/uploads\/2023\/05\/Art-Show-Paris-proposal-with-Eiffel-Tower-view-768x512.jpg 768w, https:\/\/kissinparis.com\/wp-content\/uploads\/2023\/05\/Art-Show-Paris-proposal-with-Eiffel-Tower-view.jpg 1200w\" sizes=\"auto, (max-width: 1024px) 100vw, 1024px\" \/><figcaption class=\"wp-element-caption\">Propuesta de Art Show Paris: disfruta de una fabulosa exposici\u00f3n de arte sobre \u201cT\u00fa\u201d\u2026 y ella comprender\u00e1 cu\u00e1nto esfuerzo y previsi\u00f3n se invirti\u00f3 en planificar un compromiso tan \u00fanico cuando lea tus mensajes de devoci\u00f3n y amor.<\/figcaption><\/figure>\n\n\n\n<p>Ambos se dirigen a los caballetes. Las palabras del \u00faltimo caballete empiezan con el nombre de su pareja y un mensaje personalizado de amor, que termina con &quot;\u00bfQuieres casarte conmigo?&quot;.<\/p>\n\n\n\n<figure class=\"wp-block-image size-large\"><img loading=\"lazy\" decoding=\"async\" width=\"1024\" height=\"683\" src=\"https:\/\/kissinparis.com\/wp-content\/uploads\/2023\/05\/Art-Show-Eiffel-Tower-proposal-at-Trocadero-1024x683.jpg\" alt=\"Propuesta de Art Show Paris con vista a la Torre Eiffel\" class=\"wp-image-12376\" srcset=\"https:\/\/kissinparis.com\/wp-content\/uploads\/2023\/05\/Art-Show-Eiffel-Tower-proposal-at-Trocadero-1024x683.jpg 1024w, https:\/\/kissinparis.com\/wp-content\/uploads\/2023\/05\/Art-Show-Eiffel-Tower-proposal-at-Trocadero-300x200.jpg 300w, https:\/\/kissinparis.com\/wp-content\/uploads\/2023\/05\/Art-Show-Eiffel-Tower-proposal-at-Trocadero-768x512.jpg 768w, https:\/\/kissinparis.com\/wp-content\/uploads\/2023\/05\/Art-Show-Eiffel-Tower-proposal-at-Trocadero.jpg 1200w\" sizes=\"auto, (max-width: 1024px) 100vw, 1024px\" \/><figcaption class=\"wp-element-caption\">Propuesta de matrimonio en Art Show Paris: si buscas formas creativas de presentar tu propuesta de matrimonio, escr\u00edbela. Despu\u00e9s, puedes tomar un respiro y continuar con un discurso m\u00e1s tradicional.<\/figcaption><\/figure>\n\n\n\n<p>Mientras lo lee, un m\u00fasico experto aparece para tocar su canci\u00f3n favorita. Se da la vuelta y t\u00fa ya est\u00e1s de rodillas, present\u00e1ndole un anillo de compromiso de diamantes.<\/p>\n\n\n\n<p class=\"sec-header has-normal-font-size\">A partir de 1.750 \u20ac<\/p>\n\n\n<div id=\"rank-math-faq\" class=\"rank-math-block\">\n<div class=\"rank-math-list\">\n<div id=\"faq-question-1748553531258\" class=\"rank-math-list-item\">\n<h3 class=\"rank-math-question\">Qu\u00e9 incluye<\/h3>\n<div class=\"rank-math-answer\">\n\n<p>Planificador de propuestas en el lugar para garantizar una experiencia de propuesta memorable y sin estr\u00e9s;<\/p>\n<p>Concepto de propuesta detallada;<\/p>\n<p>Seis grandes l\u00e1minas sobre el amor, incluida una l\u00e1mina final s\u00faper personalizada;<\/p>\n<p>6 caballetes resistentes y de alta calidad para mostrar tus mensajes de devoci\u00f3n y amor;<\/p>\n<p>Fot\u00f3grafo de propuestas parisino con experiencia, estilo paparazzi, para capturar el momento \u00edntimo y las reacciones inmediatas (aproximadamente 60 minutos de cobertura fotogr\u00e1fica total);<\/p>\n<p>Creaci\u00f3n de un grupo de WhatsApp para facilitar la comunicaci\u00f3n con su equipo principal de proveedores;<\/p>\n<p>Mapeo de ubicaci\u00f3n GPS en vivo del d\u00eda a trav\u00e9s de WhatsApp.<\/p>\n\n<\/div>\n<\/div>\n<div id=\"faq-question-1748553571357\" class=\"rank-math-list-item\">\n<h3 class=\"rank-math-question\">Actualizaciones recomendadas<\/h3>\n<div class=\"rank-math-answer\">\n\n<p><strong>NUEVO<\/strong>: un fenomenal video vertical estilo Instagram de 60 segundos, que incluye im\u00e1genes de la propuesta real y reacciones invaluables (visita la p\u00e1gina de Juliana para ver una muestra)\u00a0<a href=\"https:\/\/kissinparis.com\/es\/equipo-creativo\/juliana\/\">carretes de v\u00eddeo<\/a>)\u2014375 \u20ac;<\/p>\n<p><a href=\"https:\/\/kissinparis.com\/es\/videografo-paris\/\">Vide\u00f3grafo parisino<\/a>\u00a0para capturar el momento y reacciones invaluables: a partir de 500 \u20ac por la primera hora de cobertura de video;<\/p>\n<p>Planificaci\u00f3n de propuestas personalizadas: desde 750 \u20ac;<br \/>M\u00fasico experto que interpretar\u00e1 la canci\u00f3n favorita de tu pareja (guitarrista, violonchelista, violinista o arpista): a partir de 375 \u20ac;<\/p>\n<p>Champ\u00e1n franc\u00e9s fr\u00edo, copas de cristal aut\u00e9ntico y un impresionante ramo de rosas rojas de tallo largo entregados a mano en el lugar de su propuesta, a partir de 295 \u20ac (seg\u00fan su elecci\u00f3n de champ\u00e1n);<\/p>\n<p>Paquete de iluminaci\u00f3n profesional, que incluye un asociado para gestionar las luces y la multitud (muy recomendable para montajes nocturnos cuando se busca un cielo azul intenso): 225 \u20ac;<\/p>\n<p>Llamativos fuegos artificiales que se encienden al decir &quot;S\u00ed&quot; o en cualquier otro momento de la propuesta de matrimonio: 120 \u20ac (2 fuegos artificiales) o 200 \u20ac (4 fuegos artificiales) por treinta (30) segundos. Ampliar a sesenta (60) segundos por 160 \u20ac (2 fuegos artificiales) o 240 \u20ac (4 fuegos artificiales).<\/p>\n\n<\/div>\n<\/div>\n<div id=\"faq-question-1748553629223\" class=\"rank-math-list-item\">\n<h3 class=\"rank-math-question\">T\u00e9rminos y condiciones importantes<\/h3>\n<div class=\"rank-math-answer\">\n\n<p>Podemos controlar casi cualquier aspecto de la planificaci\u00f3n de tu propuesta de matrimonio en Par\u00eds, excepto el clima y evitar que se unan curiosos (un lugar p\u00fablico). Aun as\u00ed, al trabajar con Kiss Me in Paris, la probabilidad de interrupciones indeseadas es m\u00ednima.<\/p>\n<p>Sin embargo, es fundamental tener en cuenta los posibles riesgos al proponer matrimonio en un lugar p\u00fablico. En el improbable caso de lluvia intensa, haremos todo lo posible por adaptarnos a un cambio de fecha o hora, pero\u00a0<strong>No hay garant\u00eda de disponibilidad<\/strong>.<\/p>\n<p>El segundo factor meteorol\u00f3gico que escapa a nuestro control es el viento. Este puede volar p\u00e9talos de rosa, da\u00f1ar globos e incluso, en casos extremos, afectar la estabilidad de nuestra iluminaci\u00f3n premium o nuestras enormes cartas de &quot;C\u00e1sate conmigo&quot;.<\/p>\n<p>Planificaci\u00f3n de propuestas Y cualquier tarifa relacionada con la instalaci\u00f3n, incluyendo\u00a0<a href=\"https:\/\/kissinparis.com\/es\/pedida-de-mano-paris\/letras-gigantes\/\">Cartas de C\u00e1sate Conmigo<\/a>, flores y decoraci\u00f3n, no son reembolsables ya que gran parte del trabajo se habr\u00e1 realizado para la fecha de su propuesta.<\/p>\n\n<\/div>\n<\/div>\n<\/div>\n<\/div>\n\n\n<div style=\"height:50px\" aria-hidden=\"true\" class=\"wp-block-spacer\"><\/div>\n\n\n\n<div class=\"wp-block-buttons is-layout-flex wp-block-buttons-is-layout-flex\">\n<div class=\"wp-block-button\"><a class=\"wp-block-button__link wp-element-button\" href=\"https:\/\/kissinparis.com\/es\/consulta\/\">Reservar ahora<\/a><\/div>\n\n\n\n<div class=\"wp-block-button is-style-fill\"><a class=\"wp-block-button__link wp-element-button\" href=\"https:\/\/kissinparis.com\/es\/pedida-de-mano-paris\/paquetes\/\">paquetes de propuestas<\/a><\/div>\n<\/div>\n<\/div><\/div>\n\n\n\n<div class=\"wp-block-group alignfull mt-0 mb-0  sec sec-map\"><div class=\"wp-block-group__inner-container is-layout-constrained wp-block-group-is-layout-constrained\">\n<div class=\"wp-block-columns are-vertically-aligned-center mt-0 mb-0 is-layout-flex wp-container-core-columns-is-layout-9d6595d7 wp-block-columns-is-layout-flex\">\n<div class=\"wp-block-column is-vertically-aligned-center is-layout-flow wp-block-column-is-layout-flow\">\n<p class=\"title-v2 mb-20\">En el coraz\u00f3n de Par\u00eds.<\/p>\n\n\n\n<p>Kiss Me in Paris Proposals &amp; Weddings<br>78 Av. Raymond Poincar\u00e9, 75116 Par\u00eds, Francia<br><a href=\"tel:+33661351511\">+33 6 61 35 15 11<\/a><br><a href=\"mailto:support@kissinparis.com\">support@kissinparis.com<\/a><\/p>\n<\/div>\n\n\n\n<div class=\"wp-block-column is-vertically-aligned-center is-layout-flow wp-block-column-is-layout-flow\">\n<iframe title=\"Mapa que muestra la ubicaci\u00f3n de Kiss Me en Par\u00eds Propuestas y Bodas\" src=\"https:\/\/www.google.com\/maps\/embed?pb=!1m18!1m12!1m3!1d2624.433873533341!2d2.28082346080246!3d48.86900492627629!2m3!1f0!2f0!3f0!3m2!1i1024!2i768!4f13.1!3m3!1m2!1s0x47e66f84666f802f%3A0x7b03905155589b66!2sKiss%20Me%20in%20Paris%20Proposals%20%26%20Weddings!5e0!3m2!1sen!2sin!4v1744567332130!5m2!1sen!2sin\" width=\"600\" height=\"450\" style=\"border:0;\" allowfullscreen=\"\" loading=\"lazy\" referrerpolicy=\"no-referrer-when-downgrade\"><\/iframe>\n<\/div>\n<\/div>\n<\/div><\/div>","protected":false},"excerpt":{"rendered":"<p>The Art Show Paris Proposal Pop the Question to Your Sweetheart Under the Pretext of an Art Show. This Art Show proposal works best in the morning when there are fewer crowds. You tell your partner that a famous French artist is hosting a &#8220;free&#8221; exhibition, and you&#8217;d love to check it out.&nbsp;Your partner doesn&#8217;t [&hellip;]<\/p>\n","protected":false},"author":35,"featured_media":7202,"parent":293,"menu_order":0,"comment_status":"closed","ping_status":"closed","template":"","meta":{"_acf_changed":false,"ub_ctt_via":"","footnotes":""},"class_list":["post-4772","page","type-page","status-publish","has-post-thumbnail","hentry"],"acf":[],"featured_image_src":"https:\/\/kissinparis.com\/wp-content\/uploads\/2023\/03\/Art-show-marriage-proposal-in-Paris-at-Trocadero-Eiffel-Tower.jpg","_links":{"self":[{"href":"https:\/\/kissinparis.com\/es\/wp-json\/wp\/v2\/pages\/4772","targetHints":{"allow":["GET"]}}],"collection":[{"href":"https:\/\/kissinparis.com\/es\/wp-json\/wp\/v2\/pages"}],"about":[{"href":"https:\/\/kissinparis.com\/es\/wp-json\/wp\/v2\/types\/page"}],"author":[{"embeddable":true,"href":"https:\/\/kissinparis.com\/es\/wp-json\/wp\/v2\/users\/35"}],"replies":[{"embeddable":true,"href":"https:\/\/kissinparis.com\/es\/wp-json\/wp\/v2\/comments?post=4772"}],"version-history":[{"count":6,"href":"https:\/\/kissinparis.com\/es\/wp-json\/wp\/v2\/pages\/4772\/revisions"}],"predecessor-version":[{"id":23639,"href":"https:\/\/kissinparis.com\/es\/wp-json\/wp\/v2\/pages\/4772\/revisions\/23639"}],"up":[{"embeddable":true,"href":"https:\/\/kissinparis.com\/es\/wp-json\/wp\/v2\/pages\/293"}],"wp:featuredmedia":[{"embeddable":true,"href":"https:\/\/kissinparis.com\/es\/wp-json\/wp\/v2\/media\/7202"}],"wp:attachment":[{"href":"https:\/\/kissinparis.com\/es\/wp-json\/wp\/v2\/media?parent=4772"}],"curies":[{"name":"wp","href":"https:\/\/api.w.org\/{rel}","templated":true}]}}