{"id":4776,"date":"2023-03-08T22:19:35","date_gmt":"2023-03-08T22:19:35","guid":{"rendered":"https:\/\/kissinparis.com\/?page_id=4776"},"modified":"2025-06-04T10:04:13","modified_gmt":"2025-06-04T10:04:13","slug":"propuesta-champan-macarons","status":"publish","type":"page","link":"https:\/\/kissinparis.com\/es\/paris-proposal\/champagne-macaron-proposal\/","title":{"rendered":"La propuesta de champ\u00e1n y macarrones a orillas del Sena"},"content":{"rendered":"<div class=\"wp-block-group alignfull sec heror-section mt-0 mb-0 has-scroll-down has-background-color has-primary-background-color has-text-color has-background has-link-color wp-elements-89e05ec967da2280072021c5cddb7f6e\"><div class=\"wp-block-group__inner-container is-layout-constrained wp-block-group-is-layout-constrained\">\n<h1 class=\"wp-block-heading alignwide has-text-align-left full has-background-color has-text-color has-link-color wp-elements-586b050f0a8f0c145cacf7224dfee008\">La propuesta de champ\u00e1n y macarrones a orillas del Sena<\/h1>\n\n\n\n<div class=\"wp-block-buttons alignfull mt-0 mb-0 pt-10 is-layout-flex wp-block-buttons-is-layout-flex\">\n<div class=\"wp-block-button\"><a class=\"wp-block-button__link has-primary-color has-background-background-color has-text-color has-background wp-element-button\" href=\"https:\/\/kissinparis.com\/es\/consulta\/\">Consulta<\/a><\/div>\n<\/div>\n<\/div><\/div>\n\n\n\n<div class=\"wp-block-cover alignfull is-light mt-0 mb-0 banner banner-resources\"><img loading=\"lazy\" decoding=\"async\" width=\"1600\" height=\"1067\" class=\"wp-block-cover__image-background wp-image-23665 size-full\" alt=\"Propuesta de macarrones con champ\u00e1n en Par\u00eds\" src=\"https:\/\/kissinparis.com\/wp-content\/uploads\/2025\/06\/Paris-proposal-planning-ideas.webp\" data-object-fit=\"cover\" srcset=\"https:\/\/kissinparis.com\/wp-content\/uploads\/2025\/06\/Paris-proposal-planning-ideas.webp 1600w, https:\/\/kissinparis.com\/wp-content\/uploads\/2025\/06\/Paris-proposal-planning-ideas-300x200.webp 300w, https:\/\/kissinparis.com\/wp-content\/uploads\/2025\/06\/Paris-proposal-planning-ideas-1024x683.webp 1024w, https:\/\/kissinparis.com\/wp-content\/uploads\/2025\/06\/Paris-proposal-planning-ideas-768x512.webp 768w, https:\/\/kissinparis.com\/wp-content\/uploads\/2025\/06\/Paris-proposal-planning-ideas-1536x1024.webp 1536w, https:\/\/kissinparis.com\/wp-content\/uploads\/2025\/06\/Paris-proposal-planning-ideas-1200x800.webp 1200w\" sizes=\"auto, (max-width: 1600px) 100vw, 1600px\" \/><span aria-hidden=\"true\" class=\"wp-block-cover__background has-primary-background-color has-background-dim-0 has-background-dim\"><\/span><div class=\"wp-block-cover__inner-container is-layout-flow wp-block-cover-is-layout-flow\">\n<div class=\"banner-video\">\n<img decoding=\"async\" src=\"https:\/\/kissinparis.com\/wp-content\/uploads\/2023\/02\/placeholder_16x9.png\" alt=\"\u00c1rea del h\u00e9roe\">\n<\/div>\n<\/div><\/div>\n\n\n\n<div class=\"wp-block-group alignfull mt-0 mb-0 sec sec-content has-white-background-color has-background\" id=\"sec-1\"><div class=\"wp-block-group__inner-container is-layout-constrained wp-block-group-is-layout-constrained\">\n<h2 class=\"wp-block-heading title-v2\">Tu mesa de propuesta en Par\u00eds: champ\u00e1n, macarons y m\u00e1s<\/h2>\n\n\n\n<p>Una botella fr\u00eda de champ\u00e1n franc\u00e9s y delicados macarons encarnan el aut\u00e9ntico romance parisino. Incorporemos estas cl\u00e1sicas delicias francesas a tu propuesta de matrimonio en Par\u00eds.<\/p>\n\n\n\n<p>Prepararemos una mesa espectacular para dos en el entorno que elijan, ya sea junto al Sena, en un jard\u00edn secreto o en una exclusiva terraza en la azotea. All\u00ed, una botella de champ\u00e1n premium reposar\u00e1 sobre hielo junto a una torre de macarons artesanales en tonos pastel. Frutas frescas de temporada, una foto enmarcada suya y un elegante ramo completan este ambiente \u00edntimo.<\/p>\n\n\n\n<p>Para aquellos que buscan lo extraordinario, ofrecemos cosechas raras y colaboraciones especiales de las mejores casas de champ\u00e1n del mundo, desde Dom P\u00e9rignon y Krug hasta el legendario Salon.<\/p>\n\n\n\n<p class=\"sec-header has-normal-font-size\">A partir de 1.750 \u20ac<\/p>\n\n\n<div id=\"rank-math-faq\" class=\"rank-math-block\">\n<div class=\"rank-math-list\">\n<div id=\"faq-question-1749031139590\" class=\"rank-math-list-item\">\n<h3 class=\"rank-math-question\">\u00bfQu\u00e9 incluye?<\/h3>\n<div class=\"rank-math-answer\">\n\n<p>Elegante mesa para dos junto al Sena<\/p>\n<p>Fot\u00f3grafo profesional capturando tu propuesta y emociones (60 minutos)<\/p>\n<p>Arreglo floral fresco<\/p>\n<p>Foto enmarcada personalizada de ustedes dos<\/p>\n<p>Champ\u00e1n franc\u00e9s premium con frutas de temporada<\/p>\n<p>Torre de macarrones personalizada &quot;\u00bfQuieres casarte conmigo?&quot;<\/p>\n<p>Grupo de WhatsApp que te conecta con tu equipo de proveedores<\/p>\n<p>Compartir ubicaci\u00f3n GPS en vivo el d\u00eda de la propuesta<\/p>\n\n<\/div>\n<\/div>\n<div id=\"faq-question-1749031187220\" class=\"rank-math-list-item\">\n<h3 class=\"rank-math-question\">Actualizaciones recomendadas<\/h3>\n<div class=\"rank-math-answer\">\n<img loading=\"lazy\" decoding=\"async\" width=\"150\" height=\"150\" src=\"https:\/\/kissinparis.com\/wp-content\/uploads\/2023\/05\/Fairytale-river-proposal-Paris-Eiffel-Tower-150x150.jpg\" class=\"alignright\" alt=\"Propuesta de matrimonio en el r\u00edo de la Torre Eiffel de Par\u00eds\" \/>\n<p>Reel de Instagram de 60 segundos que captura tu propuesta y reacciones: 375 \u20ac;<\/p>\n<p>Vide\u00f3grafo profesional documentando tu momento especial \u2013 desde 500 \u20ac\/hora;<\/p>\n<p>Planificaci\u00f3n y coordinaci\u00f3n de propuestas personalizadas: desde 950 \u20ac;<\/p>\n<p>M\u00fasico en vivo interpretando la canci\u00f3n elegida (guitarra, violonchelo, viol\u00edn o arpa): desde 375 \u20ac;<\/p>\n<p>Instalaci\u00f3n de iluminaci\u00f3n profesional \u2013 225\u20ac;<\/p>\n<p>Fuentes de fuegos artificiales de celebraci\u00f3n:<\/p>\n<p>\u2013 30 segundos: 2 fuentes 120\u20ac o 4 fuentes 200\u20ac<br \/>\u2013 60 segundos: 2 fuentes 160\u20ac o 4 fuentes 240\u20ac;<\/p>\n<p>Privado\u00a0<a href=\"https:\/\/kissinparis.com\/es\/pedida-de-mano-paris\/secret-garden-torre-eiffel\/\">Terraza en la azotea de la Torre Eiffel<\/a>\u00a0acceso \u2013 desde 950\u20ac<\/p>\n\n<\/div>\n<\/div>\n<div id=\"faq-question-1749031287692\" class=\"rank-math-list-item\">\n<h3 class=\"rank-math-question\">T\u00e9rminos y condiciones importantes<\/h3>\n<div class=\"rank-math-answer\">\n\n<p><strong>Clima y ubicaciones p\u00fablicas<\/strong>:<\/p>\n<p>Aunque planificamos con maestr\u00eda su propuesta de matrimonio en Par\u00eds, algunos elementos escapan a nuestro control. Lugares p\u00fablicos como parques, puentes y miradores de la ciudad est\u00e1n abiertos a todos; no podemos impedir la presencia de otros visitantes o turistas durante su momento especial. Sin embargo, nuestra experiencia con la planificaci\u00f3n y el posicionamiento nos ayuda a crear ambientes m\u00e1s \u00edntimos.<\/p>\n<p><strong>Consideraciones clim\u00e1ticas<\/strong>:<\/p>\n<p>En caso de lluvia intensa, podemos intentar adelantar o retrasar su cita el mismo d\u00eda, seg\u00fan la disponibilidad del proveedor. No se garantiza la reprogramaci\u00f3n.<\/p>\n<p>Los vientos fuertes pueden afectar elementos decorativos como p\u00e9talos de rosa, globos y sistemas de iluminaci\u00f3n.<\/p>\n<p><strong>Nota importante:\u00a0<\/strong>Todos los honorarios de planificaci\u00f3n de propuestas, costos de instalaci\u00f3n y elementos de decoraci\u00f3n (incluidas las cartas de &quot;C\u00e1sate conmigo&quot; y las flores) no son reembolsables ya que estos servicios se preparan espec\u00edficamente para su fecha.<\/p>\n\n<\/div>\n<\/div>\n<\/div>\n<\/div>\n\n\n<div style=\"height:50px\" aria-hidden=\"true\" class=\"wp-block-spacer\"><\/div>\n\n\n\n<div class=\"wp-block-buttons is-layout-flex wp-block-buttons-is-layout-flex\">\n<div class=\"wp-block-button\"><a class=\"wp-block-button__link wp-element-button\" href=\"https:\/\/kissinparis.com\/es\/consulta\/\">Reservar ahora<\/a><\/div>\n\n\n\n<div class=\"wp-block-button is-style-fill\"><a class=\"wp-block-button__link wp-element-button\" href=\"https:\/\/kissinparis.com\/es\/pedida-de-mano-paris\/paquetes\/\">paquetes de propuestas<\/a><\/div>\n<\/div>\n<\/div><\/div>","protected":false},"excerpt":{"rendered":"<p>The Champagne &amp; Macaron Proposal Along the Seine River Your Paris Proposal Table: Champagne, Macarons &amp; More A chilled bottle of French Champagne and delicate macarons embody true Parisian romance. Let us weave these classic French treats into your proposal in Paris. We&#8217;ll set up a stunning table for two in your chosen setting\u2014whether it&#8217;s [&hellip;]<\/p>\n","protected":false},"author":35,"featured_media":23665,"parent":293,"menu_order":0,"comment_status":"closed","ping_status":"closed","template":"","meta":{"_acf_changed":false,"ub_ctt_via":"","footnotes":""},"class_list":["post-4776","page","type-page","status-publish","has-post-thumbnail","hentry"],"acf":[],"featured_image_src":"https:\/\/kissinparis.com\/wp-content\/uploads\/2025\/06\/Paris-proposal-planning-ideas.webp","_links":{"self":[{"href":"https:\/\/kissinparis.com\/es\/wp-json\/wp\/v2\/pages\/4776","targetHints":{"allow":["GET"]}}],"collection":[{"href":"https:\/\/kissinparis.com\/es\/wp-json\/wp\/v2\/pages"}],"about":[{"href":"https:\/\/kissinparis.com\/es\/wp-json\/wp\/v2\/types\/page"}],"author":[{"embeddable":true,"href":"https:\/\/kissinparis.com\/es\/wp-json\/wp\/v2\/users\/35"}],"replies":[{"embeddable":true,"href":"https:\/\/kissinparis.com\/es\/wp-json\/wp\/v2\/comments?post=4776"}],"version-history":[{"count":10,"href":"https:\/\/kissinparis.com\/es\/wp-json\/wp\/v2\/pages\/4776\/revisions"}],"predecessor-version":[{"id":23671,"href":"https:\/\/kissinparis.com\/es\/wp-json\/wp\/v2\/pages\/4776\/revisions\/23671"}],"up":[{"embeddable":true,"href":"https:\/\/kissinparis.com\/es\/wp-json\/wp\/v2\/pages\/293"}],"wp:featuredmedia":[{"embeddable":true,"href":"https:\/\/kissinparis.com\/es\/wp-json\/wp\/v2\/media\/23665"}],"wp:attachment":[{"href":"https:\/\/kissinparis.com\/es\/wp-json\/wp\/v2\/media?parent=4776"}],"curies":[{"name":"wp","href":"https:\/\/api.w.org\/{rel}","templated":true}]}}