{"id":4779,"date":"2023-03-08T22:24:38","date_gmt":"2023-03-08T22:24:38","guid":{"rendered":"https:\/\/kissinparis.com\/?page_id=4779"},"modified":"2025-06-05T10:52:12","modified_gmt":"2025-06-05T10:52:12","slug":"propuesta-con-artista","status":"publish","type":"page","link":"https:\/\/kissinparis.com\/es\/paris-proposal\/artist-proposal\/","title":{"rendered":"Paquete de propuesta de artista en Par\u00eds | La sorpresa del compromiso creativo"},"content":{"rendered":"<div class=\"wp-block-group alignfull sec heror-section mt-0 mb-0 has-scroll-down has-background-color has-primary-background-color has-text-color has-background has-link-color wp-elements-a3232cb9f6b446b0f4a5f1aeb73be8f7\"><div class=\"wp-block-group__inner-container is-layout-constrained wp-block-group-is-layout-constrained\">\n<h1 class=\"wp-block-heading alignwide has-text-align-left full has-background-color has-text-color has-link-color wp-elements-291ce9c4c1b9565ba8ddfd3c4d5cc37e\">La propuesta del artista<\/h1>\n\n\n\n<div class=\"wp-block-buttons alignfull mt-0 mb-0 is-layout-flex wp-block-buttons-is-layout-flex\">\n<div class=\"wp-block-button\"><a class=\"wp-block-button__link has-primary-color has-background-background-color has-text-color has-background wp-element-button\" href=\"https:\/\/kissinparis.com\/es\/consulta\/\">Consultas<\/a><\/div>\n<\/div>\n<\/div><\/div>\n\n\n\n<div class=\"wp-block-cover alignfull is-light mt-0 mb-0 banner banner-resources\"><img loading=\"lazy\" decoding=\"async\" width=\"1500\" height=\"1000\" class=\"wp-block-cover__image-background wp-image-23787 size-full\" alt=\"Propuesta en Par\u00eds con artista\" src=\"https:\/\/kissinparis.com\/wp-content\/uploads\/2025\/06\/Paris-proposal-with-artist.webp\" style=\"object-position:44% 62%\" data-object-fit=\"cover\" data-object-position=\"44% 62%\" srcset=\"https:\/\/kissinparis.com\/wp-content\/uploads\/2025\/06\/Paris-proposal-with-artist.webp 1500w, https:\/\/kissinparis.com\/wp-content\/uploads\/2025\/06\/Paris-proposal-with-artist-300x200.webp 300w, https:\/\/kissinparis.com\/wp-content\/uploads\/2025\/06\/Paris-proposal-with-artist-1024x683.webp 1024w, https:\/\/kissinparis.com\/wp-content\/uploads\/2025\/06\/Paris-proposal-with-artist-768x512.webp 768w, https:\/\/kissinparis.com\/wp-content\/uploads\/2025\/06\/Paris-proposal-with-artist-1200x800.webp 1200w\" sizes=\"auto, (max-width: 1500px) 100vw, 1500px\" \/><span aria-hidden=\"true\" class=\"wp-block-cover__background has-primary-background-color has-background-dim-0 has-background-dim\"><\/span><div class=\"wp-block-cover__inner-container is-layout-flow wp-block-cover-is-layout-flow\">\n<div class=\"banner-video\">\n<img decoding=\"async\" src=\"https:\/\/kissinparis.com\/wp-content\/uploads\/2023\/02\/placeholder_16x9.png\" alt=\"\u00c1rea del h\u00e9roe\">\n<\/div>\n<\/div><\/div>\n\n\n\n<div class=\"wp-block-group alignfull mt-0 mb-0 sec sec-content\" id=\"sec-1\"><div class=\"wp-block-group__inner-container is-layout-constrained wp-block-group-is-layout-constrained\">\n<h2 class=\"wp-block-heading title-v2\">La propuesta del &#039;Artista&#039; seguramente le traer\u00e1 l\u00e1grimas de alegr\u00eda a los ojos.<\/h2>\n\n\n\n<p>Animas a tu pareja a pasear por Par\u00eds antes de ir a un elegante brunch, una cena o un crucero en barco (tu pareja lo sabe y se viste para la ocasi\u00f3n).<\/p>\n\n\n\n<p>Casi por casualidad, te encuentras con un artista franc\u00e9s local que te ofrece dibujar una caricatura (o una pintura sorpresa) por una peque\u00f1a tarifa. Aceptas.<\/p>\n\n\n\n<p>Sin embargo, tu pareja no sabe que dicho artista ya ha realizado un dibujo fabuloso de ti (basado en una foto que previamente compartimos con el artista).<\/p>\n\n\n\n<p>La caricatura es genial y lleva un globo de &quot;\u00bfTe casar\u00edas conmigo?&quot; sobre sus cabezas pintadas. El dibujo puede ser en blanco y negro o a color (costo adicional). Como alternativa, un maestro pintor puede crear un dibujo exacto del entorno de su propuesta, incluyendo incluso los detalles de su vestimenta.<\/p>\n\n\n\n<figure class=\"wp-block-image alignwide size-full wp-image-43326\"><img loading=\"lazy\" decoding=\"async\" width=\"800\" height=\"533\" src=\"https:\/\/kissinparis.com\/wp-content\/uploads\/2023\/03\/The-Artist-proposal-in-Paris-2.jpg\" alt=\"Ideas para propuestas de matrimonio en Par\u00eds con un entorno dibujado por un maestro pintor.\" class=\"wp-image-4782\" srcset=\"https:\/\/kissinparis.com\/wp-content\/uploads\/2023\/03\/The-Artist-proposal-in-Paris-2.jpg 800w, https:\/\/kissinparis.com\/wp-content\/uploads\/2023\/03\/The-Artist-proposal-in-Paris-2-300x200.jpg 300w, https:\/\/kissinparis.com\/wp-content\/uploads\/2023\/03\/The-Artist-proposal-in-Paris-2-768x512.jpg 768w\" sizes=\"auto, (max-width: 800px) 100vw, 800px\" \/><figcaption class=\"wp-element-caption\">Demuestre previsi\u00f3n y esfuerzo contratando a un maestro pintor \u201csorpresa\u201d para crear una representaci\u00f3n exacta del entorno de su propuesta.<\/figcaption><\/figure>\n\n\n\n<figure class=\"wp-block-image alignwide size-full wp-image-43327\"><img loading=\"lazy\" decoding=\"async\" width=\"800\" height=\"533\" src=\"https:\/\/kissinparis.com\/wp-content\/uploads\/2023\/03\/9_The-Artist-proposal-in-Paris-3.jpg\" alt=\"Ideas para propuestas de matrimonio en Par\u00eds con un dise\u00f1o de lujo\" class=\"wp-image-4783\" srcset=\"https:\/\/kissinparis.com\/wp-content\/uploads\/2023\/03\/9_The-Artist-proposal-in-Paris-3.jpg 800w, https:\/\/kissinparis.com\/wp-content\/uploads\/2023\/03\/9_The-Artist-proposal-in-Paris-3-300x200.jpg 300w, https:\/\/kissinparis.com\/wp-content\/uploads\/2023\/03\/9_The-Artist-proposal-in-Paris-3-768x512.jpg 768w\" sizes=\"auto, (max-width: 800px) 100vw, 800px\" \/><figcaption class=\"wp-element-caption\">Aqu\u00ed est\u00e1 la verdadera propuesta sorpresa en una azotea privada de Par\u00eds.<\/figcaption><\/figure>\n\n\n\n<figure class=\"wp-block-image alignwide size-full wp-image-43328\"><img loading=\"lazy\" decoding=\"async\" width=\"800\" height=\"533\" src=\"https:\/\/kissinparis.com\/wp-content\/uploads\/2023\/03\/The-Artist-proposal-in-Paris.jpg\" alt=\"Ideas para propuestas de matrimonio en Par\u00eds con un entorno dibujado por un maestro pintor.\" class=\"wp-image-4784\" srcset=\"https:\/\/kissinparis.com\/wp-content\/uploads\/2023\/03\/The-Artist-proposal-in-Paris.jpg 800w, https:\/\/kissinparis.com\/wp-content\/uploads\/2023\/03\/The-Artist-proposal-in-Paris-300x200.jpg 300w, https:\/\/kissinparis.com\/wp-content\/uploads\/2023\/03\/The-Artist-proposal-in-Paris-768x512.jpg 768w\" sizes=\"auto, (max-width: 800px) 100vw, 800px\" \/><figcaption class=\"wp-element-caption\">Y aqu\u00ed est\u00e1 la interpretaci\u00f3n que el pintor hizo de su propuesta\u2026 dibujada incluso antes de que llegara a Par\u00eds.<\/figcaption><\/figure>\n\n\n\n<p>Aqu\u00ed puedes llevar tu propuesta de matrimonio en Par\u00eds en cualquier direcci\u00f3n. Podemos exhibir la pintura en un caballete de forma discreta como parte de tu dise\u00f1o y decoraci\u00f3n.<\/p>\n\n\n\n<p>O puede que la artista te pregunte ah\u00ed mismo si est\u00e1s lista para ver su obra maestra. Te colocas detr\u00e1s de tu pareja, sacas la caja del anillo de tu chaqueta y te arrodillas. Cuando tu pareja procese el dibujo y se gire hacia ti, \u00a1se te pondr\u00e1 la piel de gallina!<\/p>\n\n\n\n<p>\u00a1Listo! Ella dice: &quot;\u00a1S\u00ed!&quot;. Y nosotros sugerimos que consideres a\u00f1adir una fant\u00e1stica fuente de fuegos artificiales que se encienda cuando se d\u00e9 la vuelta... o cuando le pongas el anillo en el dedo.<\/p>\n\n\n\n<p class=\"sec-header has-normal-font-size\">A partir de 850 \u20ac (caricatura l\u00fadica en blanco y negro)<br>A partir de 1.100\u20ac (maestro pintor)<\/p>\n\n\n\n<div style=\"height:50px\" aria-hidden=\"true\" class=\"wp-block-spacer\"><\/div>\n\n\n<div id=\"rank-math-faq\" class=\"rank-math-block\">\n<div class=\"rank-math-list\">\n<div id=\"faq-question-1749120241109\" class=\"rank-math-list-item\">\n<h3 class=\"rank-math-question\">\u00bfQu\u00e9 est\u00e1 incluido?<\/h3>\n<div class=\"rank-math-answer\">\n\n<p>Talentoso caricaturista franc\u00e9s o maestro pintor;<\/p>\n<p>Informaci\u00f3n detallada del artista sobre el tema deseado, incluidos objetos, personas (es decir, normalmente usted, la pareja), escenas y otros elementos.<\/p>\n<p>Creaci\u00f3n de un grupo de WhatsApp para facilitar la comunicaci\u00f3n con su equipo principal de proveedores.<\/p>\n<p>Mapeo de ubicaci\u00f3n GPS en vivo del d\u00eda a trav\u00e9s de WhatsApp.<\/p>\n\n<\/div>\n<\/div>\n<div id=\"faq-question-1749120259695\" class=\"rank-math-list-item\">\n<h3 class=\"rank-math-question\">Actualizaciones recomendadas<\/h3>\n<div class=\"rank-math-answer\">\n\n<p><em>Aplicamos una tarifa de coordinaci\u00f3n de 450\u20ac para cualquier propuesta en la azotea o cuando reserva tres o m\u00e1s proveedores o servicios.<\/em><\/p>\n<p>Al estilo paparazzi,\u00a0<a href=\"https:\/\/kissinparis.com\/es\/pedida-de-mano-paris\/fotografo\/\">Fot\u00f3grafo de propuestas experimentado en Par\u00eds<\/a>\u00a0para capturar el momento y las reacciones inmediatas (aproximadamente 60 minutos de cobertura total), a partir de 300 \u20ac;<\/p>\n<p>Premium fr\u00eda francesa\u00a0<a href=\"https:\/\/kissinparis.com\/es\/pedida-de-mano-paris\/propuesta-champan-macarons\/\">Champ\u00e1n<\/a>copas de cristal y un impresionante ramo de rosas rojas de tallo largo entregados a mano en el lugar de su propuesta, a partir de 295 \u20ac (dependiendo de su elecci\u00f3n de champ\u00e1n);<\/p>\n<p><strong>NUEVO<\/strong>: un fenomenal video vertical estilo Instagram de 60 segundos, que incluye im\u00e1genes de la propuesta real y reacciones invaluables (visita la p\u00e1gina de Juliana para ver una muestra)\u00a0<a href=\"https:\/\/kissinparis.com\/es\/equipo-creativo\/juliana\/\">carretes de v\u00eddeo<\/a>)\u2014375 \u20ac;<\/p>\n<p><a href=\"https:\/\/kissinparis.com\/es\/videografo-paris\/\">Vide\u00f3grafo parisino<\/a>\u00a0para capturar el momento y reacciones invaluables: a partir de 500 \u20ac por la primera hora de cobertura de video;<\/p>\n<p>Planificaci\u00f3n de propuestas personalizadas: desde 750 \u20ac;<\/p>\n<p>Paquete de iluminaci\u00f3n profesional, que incluye un asociado para gestionar las luces y la multitud (muy recomendable para montajes nocturnos cuando se busca un cielo azul intenso): 225 \u20ac;<\/p>\n<p>Llamativos fuegos artificiales que se encienden al decir &quot;S\u00ed&quot; o en cualquier otro momento de la propuesta de matrimonio: 120 \u20ac (2 fuegos artificiales) o 200 \u20ac (4 fuegos artificiales) por treinta (30) segundos. Ampliar a sesenta (60) segundos por 160 \u20ac (2 fuegos artificiales) o 240 \u20ac (4 fuegos artificiales).<\/p>\n\n<\/div>\n<\/div>\n<div id=\"faq-question-1749120326428\" class=\"rank-math-list-item\">\n<h3 class=\"rank-math-question\">T\u00e9rminos y condiciones importantes<\/h3>\n<div class=\"rank-math-answer\">\n\n<p>Podemos controlar casi cualquier elemento de su experiencia de propuesta de matrimonio, excepto el clima y los transe\u00fantes que puedan interrumpir su propuesta.<br \/>Cuando trabajas con Kiss Me in Paris, las probabilidades de que haya interrupciones no deseadas son bajas.<\/p>\n<p>Aun as\u00ed, es fundamental comprender los posibles riesgos al proponer matrimonio en un lugar p\u00fablico. Haremos todo lo posible por adaptarnos a un cambio de fecha o hora en el improbable caso de lluvias intensas.<\/p>\n<p>Adem\u00e1s, siempre existe la peque\u00f1a posibilidad de que su pintor est\u00e9 enfermo. En ese caso, haremos todo lo posible por encontrar un sustituto adecuado con poca antelaci\u00f3n.<\/p>\n<p><em>La tarifa de coordinaci\u00f3n de la propuesta no es reembolsable ya que gran parte del trabajo se habr\u00e1 realizado para la fecha de la propuesta.<\/em><\/p>\n\n<\/div>\n<\/div>\n<\/div>\n<\/div>\n\n\n<div style=\"height:50px\" aria-hidden=\"true\" class=\"wp-block-spacer\"><\/div>\n\n\n\n<div class=\"wp-block-buttons is-layout-flex wp-block-buttons-is-layout-flex\">\n<div class=\"wp-block-button\"><a class=\"wp-block-button__link wp-element-button\" href=\"https:\/\/kissinparis.com\/es\/consulta\/\">Reservar ahora<\/a><\/div>\n\n\n\n<div class=\"wp-block-button is-style-fill\"><a class=\"wp-block-button__link wp-element-button\" href=\"https:\/\/kissinparis.com\/es\/pedida-de-mano-paris\/paquetes\/\">paquetes de propuestas<\/a><\/div>\n<\/div>\n<\/div><\/div>\n\n\n\n<div class=\"wp-block-group alignfull mt-0 mb-0  sec sec-map\"><div class=\"wp-block-group__inner-container is-layout-constrained wp-block-group-is-layout-constrained\">\n<div class=\"wp-block-columns are-vertically-aligned-center mt-0 mb-0 is-layout-flex wp-container-core-columns-is-layout-9d6595d7 wp-block-columns-is-layout-flex\">\n<div class=\"wp-block-column is-vertically-aligned-center is-layout-flow wp-block-column-is-layout-flow\">\n<p class=\"title-v2 mb-20\">En el coraz\u00f3n de Par\u00eds.<\/p>\n\n\n\n<p>Kiss Me in Paris Proposals &amp; Weddings<br>78 Av. Raymond Poincar\u00e9, 75116 Par\u00eds, Francia<br><a href=\"tel:+33661351511\">+33 6 61 35 15 11<\/a><br><a href=\"mailto:support@kissinparis.com\">support@kissinparis.com<\/a><\/p>\n<\/div>\n\n\n\n<div class=\"wp-block-column is-vertically-aligned-center is-layout-flow wp-block-column-is-layout-flow\">\n<iframe title=\"Mapa que muestra la ubicaci\u00f3n de Kiss Me en Par\u00eds Propuestas y Bodas\" src=\"https:\/\/www.google.com\/maps\/embed?pb=!1m18!1m12!1m3!1d2624.433873533341!2d2.28082346080246!3d48.86900492627629!2m3!1f0!2f0!3f0!3m2!1i1024!2i768!4f13.1!3m3!1m2!1s0x47e66f84666f802f%3A0x7b03905155589b66!2sKiss%20Me%20in%20Paris%20Proposals%20%26%20Weddings!5e0!3m2!1sen!2sin!4v1744567332130!5m2!1sen!2sin\" width=\"600\" height=\"450\" style=\"border:0;\" allowfullscreen=\"\" loading=\"lazy\" referrerpolicy=\"no-referrer-when-downgrade\"><\/iframe>\n<\/div>\n<\/div>\n<\/div><\/div>","protected":false},"excerpt":{"rendered":"<p>The Artist Proposal The &#8216;Artist&#8217; Proposal is sure to bring tears of joy to her eyes.\u200b You encourage your partner to stroll around Paris before heading to an elegant brunch, dinner, or boat cruise (your significant other is aware of this and dresses to the occasion). Almost fortuitously, you stumble upon a local French artist [&hellip;]<\/p>\n","protected":false},"author":35,"featured_media":23787,"parent":293,"menu_order":0,"comment_status":"closed","ping_status":"closed","template":"","meta":{"_acf_changed":false,"ub_ctt_via":"","footnotes":""},"class_list":["post-4779","page","type-page","status-publish","has-post-thumbnail","hentry"],"acf":[],"featured_image_src":"https:\/\/kissinparis.com\/wp-content\/uploads\/2025\/06\/Paris-proposal-with-artist.webp","_links":{"self":[{"href":"https:\/\/kissinparis.com\/es\/wp-json\/wp\/v2\/pages\/4779","targetHints":{"allow":["GET"]}}],"collection":[{"href":"https:\/\/kissinparis.com\/es\/wp-json\/wp\/v2\/pages"}],"about":[{"href":"https:\/\/kissinparis.com\/es\/wp-json\/wp\/v2\/types\/page"}],"author":[{"embeddable":true,"href":"https:\/\/kissinparis.com\/es\/wp-json\/wp\/v2\/users\/35"}],"replies":[{"embeddable":true,"href":"https:\/\/kissinparis.com\/es\/wp-json\/wp\/v2\/comments?post=4779"}],"version-history":[{"count":8,"href":"https:\/\/kissinparis.com\/es\/wp-json\/wp\/v2\/pages\/4779\/revisions"}],"predecessor-version":[{"id":23791,"href":"https:\/\/kissinparis.com\/es\/wp-json\/wp\/v2\/pages\/4779\/revisions\/23791"}],"up":[{"embeddable":true,"href":"https:\/\/kissinparis.com\/es\/wp-json\/wp\/v2\/pages\/293"}],"wp:featuredmedia":[{"embeddable":true,"href":"https:\/\/kissinparis.com\/es\/wp-json\/wp\/v2\/media\/23787"}],"wp:attachment":[{"href":"https:\/\/kissinparis.com\/es\/wp-json\/wp\/v2\/media?parent=4779"}],"curies":[{"name":"wp","href":"https:\/\/api.w.org\/{rel}","templated":true}]}}