{"id":4913,"date":"2023-03-09T16:56:45","date_gmt":"2023-03-09T16:56:45","guid":{"rendered":"https:\/\/kissinparis.com\/?page_id=4913"},"modified":"2025-06-03T09:56:47","modified_gmt":"2025-06-03T09:56:47","slug":"passerelle-leopold-sedar-senghor","status":"publish","type":"page","link":"https:\/\/kissinparis.com\/es\/passerelle-leopold-sedar-senghor\/","title":{"rendered":"Passerelle Leopold Sedar Senghor Punto fotogr\u00e1fico de Par\u00eds"},"content":{"rendered":"<div class=\"wp-block-group alignfull sec heror-section mt-0 mb-0 has-scroll-down has-background-color has-primary-background-color has-text-color has-background has-link-color wp-elements-cc2acbc9ce2c0be2d5b38ae611669db8\"><div class=\"wp-block-group__inner-container is-layout-constrained wp-block-group-is-layout-constrained\">\n<h1 class=\"wp-block-heading alignwide has-text-align-left full has-background-color has-text-color has-link-color wp-elements-8f59432b7fe51121292ba7068b61ae56\">Revisi\u00f3n del lugar fotogr\u00e1fico de Passerelle Leopold Sedar Senghor<\/h1>\n<\/div><\/div>\n\n\n\n<div class=\"wp-block-cover alignfull mt-0 mb-0 banner banner-resources\"><img loading=\"lazy\" decoding=\"async\" width=\"1400\" height=\"788\" class=\"wp-block-cover__image-background wp-image-4919\" alt=\"Fotograf\u00eda de Par\u00eds Pasarela Leopold-Sedar-Senghor\" src=\"https:\/\/kissinparis.com\/wp-content\/uploads\/2023\/03\/Passerelle-Leopold-Sedar-Senghor-best-photo-spots-Paris.jpg\" data-object-fit=\"cover\" srcset=\"https:\/\/kissinparis.com\/wp-content\/uploads\/2023\/03\/Passerelle-Leopold-Sedar-Senghor-best-photo-spots-Paris.jpg 1400w, https:\/\/kissinparis.com\/wp-content\/uploads\/2023\/03\/Passerelle-Leopold-Sedar-Senghor-best-photo-spots-Paris-300x169.jpg 300w, https:\/\/kissinparis.com\/wp-content\/uploads\/2023\/03\/Passerelle-Leopold-Sedar-Senghor-best-photo-spots-Paris-1024x576.jpg 1024w, https:\/\/kissinparis.com\/wp-content\/uploads\/2023\/03\/Passerelle-Leopold-Sedar-Senghor-best-photo-spots-Paris-768x432.jpg 768w, https:\/\/kissinparis.com\/wp-content\/uploads\/2023\/03\/Passerelle-Leopold-Sedar-Senghor-best-photo-spots-Paris-1200x675.jpg 1200w\" sizes=\"auto, (max-width: 1400px) 100vw, 1400px\" \/><span aria-hidden=\"true\" class=\"wp-block-cover__background has-primary-background-color has-background-dim-0 has-background-dim\"><\/span><div class=\"wp-block-cover__inner-container is-layout-flow wp-block-cover-is-layout-flow\">\n<div class=\"banner-video\">\n<img decoding=\"async\" src=\"https:\/\/kissinparis.com\/wp-content\/uploads\/2023\/02\/placeholder_16x9.png\" alt=\"\u00c1rea del h\u00e9roe\">\n<\/div>\n<\/div><\/div>\n\n\n\n<div class=\"wp-block-group alignfull mt-0 mb-0 sec sec-content has-white-background-color has-background\" id=\"sec-1\"><div class=\"wp-block-group__inner-container is-layout-constrained wp-block-group-is-layout-constrained\">\n<h2 class=\"wp-block-heading title-v2\">La pasarela Leopold S\u00e9dar Senghor garantiza unas vistas de Par\u00eds pr\u00e1cticamente dignas de una postal.<\/h2>\n\n\n\n<p>Como <a href=\"https:\/\/kissinparis.com\/es\/puente-artes\/\" data-type=\"link\" data-id=\"https:\/\/kissinparis.com\/pont-des-arts\/\">Puente de las Artes<\/a>La Pasarela Leopold S\u00e9dar Senghor no es un lugar principal. Todo lo contrario: es el lugar perfecto para pasar el rato mientras esperas para pedir matrimonio en el cercano Jard\u00edn de las Tuller\u00edas.<\/p>\n\n\n\n<p>La arquitectura distintiva del puente de acero y su amplio mirador sobre Par\u00eds lo convierten en un lugar parisino digno, aunque apartado de las rutas tur\u00edsticas m\u00e1s transitadas, para tomar fotograf\u00edas.<\/p>\n\n\n<div class=\"sc-box tips\"><div class=\"sc-title\"><svg viewbox=\"0 0 512 512\" class=\"icon icon-tip\" role=\"presentation\"><path d=\" M466.27 286.69C475.04 271.84 480 256 480 236.85c0-44.015-37.218-85.58 -85.82-85.58H357.7c4.92-12.81 8.85-28.13 8.85-46.54C366.55 31.936 328.86 0 271.28 0c-61.607 0-58.093 94.933-71.76 108.6-22.747 22.747 -49.615 66.447-68.76 83.4H32c-17.673 0-32 14.327-32 32v240c0 17.673 14.327 32 32 32h64c14.893 0 27.408-10.174 30.978-23.95 44.509 1.001 75.06 39.94 177.802 39.94 7.22 0 15.22.01 22.22.01 77.117 0 111.986 -39.423 112.94-95.33 13.319-18.425 20.299-43.122 17.34-66.99 9.854 -18.452 13.664-40.343 8.99-62.99zm-61.75 53.83c12.56 21.13 1.26 49.41 -13.94 57.57 7.7 48.78-17.608 65.9-53.12 65.9h-37.82c-71.639 0-118.029 -37.82-171.64-37.82V240h10.92c28.36 0 67.98-70.89 94.54-97.46 28.36 -28.36 18.91-75.63 37.82-94.54 47.27 0 47.27 32.98 47.27 56.73 0 39.17 -28.36 56.72-28.36 94.54h103.99c21.11 0 37.73 18.91 37.82 37.82.09 18.9-12.82 37.81-22.27 37.81 13.489 14.555 16.371 45.236-5.21 65.62zM 88 432c0 13.255-10.745 24-24 24s-24-10.745-24-24 10.745-24 24-24 24 10.745 24 24z \" fill=\"currentColor\"><\/path><\/svg><span class=\"sc-label\">Consejo<\/span><\/div><span class=\"sc-content\">Supongamos que est\u00e1s en la ciudad con ni\u00f1os o simplemente tienes gusto por lo dulce, entonces cruza el parque para disfrutar de un delicioso chocolate caliente en <a title=\"El mejor chocolate caliente de Par\u00eds Angelina\" href=\"https:\/\/www.angelina-paris.fr\/\" target=\"_blank\" rel=\"noreferrer noopener\">Angelina Par\u00eds<\/a>.<\/span><\/div>\n\n\n\n<p><strong>El mejor momento para <a href=\"https:\/\/kissinparis.com\/es\/portfolio\/\">fotos<\/a><\/strong>:temprano en la ma\u00f1ana<br><strong>Cobertura fotogr\u00e1fica recomendada<\/strong>:10-15 minutos<br><strong>Escala rom\u00e1ntica<\/strong>: moderado<br><strong>Idoneidad para la lluvia<\/strong>: moderado<br><strong>Ubicaciones cercanas: <\/strong><a href=\"https:\/\/kissinparis.com\/es\/jardin-tullerias\/\" data-type=\"link\" data-id=\"https:\/\/kissinparis.com\/tuileries-garden\/\">Jard\u00edn de las Tuller\u00edas<\/a>, Museo de Orsay, <a href=\"https:\/\/kissinparis.com\/es\/museo-del-louvre\/\" data-type=\"link\" data-id=\"https:\/\/kissinparis.com\/louvre-museum\/\">Museo del Louvre<\/a>, R\u00edo Sena, <a href=\"https:\/\/kissinparis.com\/es\/palais-royal\/\" data-type=\"link\" data-id=\"https:\/\/kissinparis.com\/palais-royal\/\">Palacio Real<\/a>, Caf\u00e9s<br><strong>Costo<\/strong>: gratis<br><strong>Latitud y longitud<\/strong>: 48.8619\u00b0 N, 2.3247\u00b0 E<\/p>\n<\/div><\/div>","protected":false},"excerpt":{"rendered":"<p>Passerelle Leopold Sedar Senghor Photo Spot Review Passerelle Leopold Sedar Senghor virtually ensures postcard-worthy views of Paris. Like Pont des Arts, Passerelle Leopold Sedar Senghor is not a primary location. Quite the opposite: it&#8217;s the perfect spot to kill time while you&#8217;re waiting to propose in the adjacent Tuileries Garden. The steel bridge&#8217;s distinctive architecture [&hellip;]<\/p>\n","protected":false},"author":35,"featured_media":0,"parent":0,"menu_order":0,"comment_status":"closed","ping_status":"closed","template":"","meta":{"_acf_changed":false,"ub_ctt_via":"","footnotes":""},"class_list":["post-4913","page","type-page","status-publish","hentry"],"acf":[],"featured_image_src":null,"_links":{"self":[{"href":"https:\/\/kissinparis.com\/es\/wp-json\/wp\/v2\/pages\/4913","targetHints":{"allow":["GET"]}}],"collection":[{"href":"https:\/\/kissinparis.com\/es\/wp-json\/wp\/v2\/pages"}],"about":[{"href":"https:\/\/kissinparis.com\/es\/wp-json\/wp\/v2\/types\/page"}],"author":[{"embeddable":true,"href":"https:\/\/kissinparis.com\/es\/wp-json\/wp\/v2\/users\/35"}],"replies":[{"embeddable":true,"href":"https:\/\/kissinparis.com\/es\/wp-json\/wp\/v2\/comments?post=4913"}],"version-history":[{"count":3,"href":"https:\/\/kissinparis.com\/es\/wp-json\/wp\/v2\/pages\/4913\/revisions"}],"predecessor-version":[{"id":23567,"href":"https:\/\/kissinparis.com\/es\/wp-json\/wp\/v2\/pages\/4913\/revisions\/23567"}],"wp:attachment":[{"href":"https:\/\/kissinparis.com\/es\/wp-json\/wp\/v2\/media?parent=4913"}],"curies":[{"name":"wp","href":"https:\/\/api.w.org\/{rel}","templated":true}]}}