{"id":4975,"date":"2023-03-09T17:50:58","date_gmt":"2023-03-09T17:50:58","guid":{"rendered":"https:\/\/kissinparis.com\/?page_id=4975"},"modified":"2025-05-26T08:19:40","modified_gmt":"2025-05-26T08:19:40","slug":"passerelle-debilly","status":"publish","type":"page","link":"https:\/\/kissinparis.com\/es\/passerelle-debilly\/","title":{"rendered":"Pasarela Debilly"},"content":{"rendered":"<div class=\"wp-block-group alignfull sec heror-section mt-0 mb-0 has-scroll-down has-background-color has-primary-background-color has-text-color has-background has-link-color wp-elements-14c1a9f49f1c8dca52cbf69dc9d98f84\"><div class=\"wp-block-group__inner-container is-layout-constrained wp-block-group-is-layout-constrained\">\n<h1 class=\"wp-block-heading alignwide has-text-align-left full has-background-color has-text-color has-link-color wp-elements-a82d415c1caa2c5286b75fb7e4c59cf3\">Pasarela Debilly<\/h1>\n<\/div><\/div>\n\n\n\n<div class=\"wp-block-cover alignfull is-light mt-0 mb-0 banner banner-resources\"><img loading=\"lazy\" decoding=\"async\" width=\"1400\" height=\"788\" class=\"wp-block-cover__image-background wp-image-4977\" alt=\"Pasarela Debilly: los mejores lugares para fotografiar en Par\u00eds\" src=\"https:\/\/kissinparis.com\/wp-content\/uploads\/2023\/03\/Passerelle-Debilly-best-photography-spots-Paris.jpg\" data-object-fit=\"cover\" srcset=\"https:\/\/kissinparis.com\/wp-content\/uploads\/2023\/03\/Passerelle-Debilly-best-photography-spots-Paris.jpg 1400w, https:\/\/kissinparis.com\/wp-content\/uploads\/2023\/03\/Passerelle-Debilly-best-photography-spots-Paris-300x169.jpg 300w, https:\/\/kissinparis.com\/wp-content\/uploads\/2023\/03\/Passerelle-Debilly-best-photography-spots-Paris-1024x576.jpg 1024w, https:\/\/kissinparis.com\/wp-content\/uploads\/2023\/03\/Passerelle-Debilly-best-photography-spots-Paris-768x432.jpg 768w, https:\/\/kissinparis.com\/wp-content\/uploads\/2023\/03\/Passerelle-Debilly-best-photography-spots-Paris-1200x675.jpg 1200w\" sizes=\"auto, (max-width: 1400px) 100vw, 1400px\" \/><span aria-hidden=\"true\" class=\"wp-block-cover__background has-primary-background-color has-background-dim-0 has-background-dim\"><\/span><div class=\"wp-block-cover__inner-container is-layout-flow wp-block-cover-is-layout-flow\">\n<div class=\"banner-video\">\n<img decoding=\"async\" src=\"https:\/\/kissinparis.com\/wp-content\/uploads\/2023\/02\/placeholder_16x9.png\" alt=\"\u00c1rea del h\u00e9roe\">\n<\/div>\n<\/div><\/div>\n\n\n\n<div class=\"wp-block-group alignfull mt-0 mb-0 sec sec-content has-white-background-color has-background\" id=\"sec-1\"><div class=\"wp-block-group__inner-container is-layout-constrained wp-block-group-is-layout-constrained\">\n<h2 class=\"wp-block-heading title-v2\">Passerelle D\u00e9billy es un puente peatonal con una vista inesperada de la Torre Eiffel.<\/h2>\n\n\n\n<p>La modesta pasarela no es especialmente rom\u00e1ntica ni adecuada para la lluvia y, por lo tanto, no es una gran opci\u00f3n para propuestas de matrimonio.<\/p>\n\n\n\n<p>Aun as\u00ed, supongamos que su fot\u00f3grafo parisino sabe lo que hace. Entonces deber\u00eda esperar obtener un conjunto de fotos muy diferente. <a href=\"https:\/\/kissinparis.com\/es\/pedida-de-mano-paris\/sesion-fotos-torre-eiffel\/\">Torre Eiffel<\/a> fotograf\u00edas que la mayor\u00eda de la gente consigue en Trocadero.<\/p>\n\n\n\n<p><strong>El mejor momento para <a href=\"https:\/\/kissinparis.com\/es\/portfolio\/\">fotos<\/a><\/strong>: todo el d\u00eda<br><strong>Escala rom\u00e1ntica<\/strong>: moderado<br><strong>Idoneidad para la lluvia<\/strong>: pobre<br><strong>Ubicaciones cercanas: <\/strong><a href=\"https:\/\/kissinparis.com\/es\/trocadero-torre-eiffel\/\" data-type=\"link\" data-id=\"https:\/\/kissinparis.com\/trocadero-eiffel-tower\/\">Trocadero<\/a>, R\u00edo Sena, <a href=\"https:\/\/kissinparis.com\/es\/puente-bir-hakeim\/\" data-type=\"link\" data-id=\"https:\/\/kissinparis.com\/bir-hakeim-bridge\/\">Puente Bir-Hakeim<\/a>, Caf\u00e9s<br><strong>Costo<\/strong>: gratis<br><strong>Latitud y longitud<\/strong>: 48.8626\u00b0 N, 2.2969\u00b0 E<\/p>\n<\/div><\/div>","protected":false},"excerpt":{"rendered":"<p>Passerelle Debilly Passerelle Debilly is a pedestrian-only bridge with an unexpected vantage point of the Eiffel Tower. The unassuming footbridge is neither particularly romantic nor suitable for rain and hence not a great option for marriage proposals. Still, suppose your Paris photographer knows what she is doing. Then you should expect to come away with [&hellip;]<\/p>\n","protected":false},"author":35,"featured_media":4977,"parent":0,"menu_order":0,"comment_status":"closed","ping_status":"closed","template":"","meta":{"_acf_changed":false,"ub_ctt_via":"","footnotes":""},"class_list":["post-4975","page","type-page","status-publish","has-post-thumbnail","hentry"],"acf":[],"featured_image_src":"https:\/\/kissinparis.com\/wp-content\/uploads\/2023\/03\/Passerelle-Debilly-best-photography-spots-Paris.jpg","_links":{"self":[{"href":"https:\/\/kissinparis.com\/es\/wp-json\/wp\/v2\/pages\/4975","targetHints":{"allow":["GET"]}}],"collection":[{"href":"https:\/\/kissinparis.com\/es\/wp-json\/wp\/v2\/pages"}],"about":[{"href":"https:\/\/kissinparis.com\/es\/wp-json\/wp\/v2\/types\/page"}],"author":[{"embeddable":true,"href":"https:\/\/kissinparis.com\/es\/wp-json\/wp\/v2\/users\/35"}],"replies":[{"embeddable":true,"href":"https:\/\/kissinparis.com\/es\/wp-json\/wp\/v2\/comments?post=4975"}],"version-history":[{"count":2,"href":"https:\/\/kissinparis.com\/es\/wp-json\/wp\/v2\/pages\/4975\/revisions"}],"predecessor-version":[{"id":22825,"href":"https:\/\/kissinparis.com\/es\/wp-json\/wp\/v2\/pages\/4975\/revisions\/22825"}],"wp:featuredmedia":[{"embeddable":true,"href":"https:\/\/kissinparis.com\/es\/wp-json\/wp\/v2\/media\/4977"}],"wp:attachment":[{"href":"https:\/\/kissinparis.com\/es\/wp-json\/wp\/v2\/media?parent=4975"}],"curies":[{"name":"wp","href":"https:\/\/api.w.org\/{rel}","templated":true}]}}