{"id":4980,"date":"2023-03-09T17:56:10","date_gmt":"2023-03-09T17:56:10","guid":{"rendered":"https:\/\/kissinparis.com\/?page_id=4980"},"modified":"2025-07-06T19:02:10","modified_gmt":"2025-07-06T19:02:10","slug":"moulin-rouge","status":"publish","type":"page","link":"https:\/\/kissinparis.com\/es\/moulin-rouge\/","title":{"rendered":"El ic\u00f3nico Moulin Rouge de Par\u00eds: fotos nocturnas impresionantes"},"content":{"rendered":"<div class=\"wp-block-group alignfull sec heror-section mt-0 mb-0 has-scroll-down has-background-color has-primary-background-color has-text-color has-background has-link-color wp-elements-eea77da0172fa92644d586298945a40a\"><div class=\"wp-block-group__inner-container is-layout-constrained wp-block-group-is-layout-constrained\">\n<h1 class=\"wp-block-heading alignwide has-text-align-left full has-background-color has-text-color has-link-color wp-elements-073f22bd0055d55cfbc02b28b85d3f0b\">Moulin Rouge: el lugar de fotograf\u00eda nocturna m\u00e1s atrevido de Par\u00eds<\/h1>\n<\/div><\/div>\n\n\n\n<div class=\"wp-block-cover alignfull mt-0 mb-0 banner banner-resources\"><img loading=\"lazy\" decoding=\"async\" width=\"1400\" height=\"788\" class=\"wp-block-cover__image-background wp-image-4982 size-full\" alt=\"Los mejores lugares para fotografiar el Moulin Rouge en Par\u00eds\" src=\"https:\/\/kissinparis.com\/wp-content\/uploads\/2023\/03\/Moulin-Rouge-best-photography-spots-Paris.jpg\" data-object-fit=\"cover\" srcset=\"https:\/\/kissinparis.com\/wp-content\/uploads\/2023\/03\/Moulin-Rouge-best-photography-spots-Paris.jpg 1400w, https:\/\/kissinparis.com\/wp-content\/uploads\/2023\/03\/Moulin-Rouge-best-photography-spots-Paris-300x169.jpg 300w, https:\/\/kissinparis.com\/wp-content\/uploads\/2023\/03\/Moulin-Rouge-best-photography-spots-Paris-1024x576.jpg 1024w, https:\/\/kissinparis.com\/wp-content\/uploads\/2023\/03\/Moulin-Rouge-best-photography-spots-Paris-768x432.jpg 768w, https:\/\/kissinparis.com\/wp-content\/uploads\/2023\/03\/Moulin-Rouge-best-photography-spots-Paris-1200x675.jpg 1200w\" sizes=\"auto, (max-width: 1400px) 100vw, 1400px\" \/><span aria-hidden=\"true\" class=\"wp-block-cover__background has-primary-background-color has-background-dim-0 has-background-dim\"><\/span><div class=\"wp-block-cover__inner-container is-layout-flow wp-block-cover-is-layout-flow\">\n<div class=\"banner-video\">\n<img decoding=\"async\" src=\"https:\/\/kissinparis.com\/wp-content\/uploads\/2023\/02\/placeholder_16x9.png\" alt=\"\u00c1rea del h\u00e9roe\">\n<\/div>\n<\/div><\/div>\n\n\n\n<div class=\"wp-block-group alignfull mt-0 mb-0 sec sec-content has-white-background-color has-background\" id=\"sec-1\"><div class=\"wp-block-group__inner-container is-layout-constrained wp-block-group-is-layout-constrained\">\n<h2 class=\"wp-block-heading title-v2\">Luces, m\u00fasica, escenario, extravagancia\u2026 ninguna sesi\u00f3n fotogr\u00e1fica nocturna en Par\u00eds estar\u00eda completa sin un destellado de champ\u00e1n en el Moulin Rouge.<\/h2>\n\n\n\n<p>Esta infame y llamativa discoteca es quiz\u00e1s m\u00e1s conocida por sus espectaculares espect\u00e1culos de cabaret. Sin embargo, tambi\u00e9n es uno de los puntos de referencia parisinos m\u00e1s reconocibles, perfecto para fotos \u00e9picas.<\/p>\n\n\n\n<p>Le sugerimos comenzar su sesi\u00f3n nocturna cerca del Sacr\u00e9-C\u0153ur, seguido de un lindo Caf\u00e9. <a href=\"https:\/\/kissinparis.com\/es\/sesion-fotos-paris\/\">Sesi\u00f3n de fotos en Par\u00eds<\/a> en la plaza Place du Tertre. A continuaci\u00f3n, dir\u00edgete a <a href=\"https:\/\/kissinparis.com\/es\/la-maison-rose\/\" data-type=\"link\" data-id=\"https:\/\/kissinparis.com\/la-maison-rose\/\">La Maison Rose<\/a> por infinitamente&nbsp;<em>Se puede fijar con alfileres<\/em>&nbsp;fotograf\u00edas rom\u00e1nticas antes de terminar con estilo en el Moulin Rouge.<\/p>\n\n\n\n<p><strong>El mejor momento para <a href=\"https:\/\/kissinparis.com\/es\/portfolio\/\">fotos<\/a><\/strong>:Hora azul y noche<br><strong>Escala rom\u00e1ntica<\/strong>: bajo<br><strong>Idoneidad para la lluvia<\/strong>: moderado<br><strong>Ubicaciones cercanas: <\/strong>Montmartre, Sagrado Coraz\u00f3n, La Maison Rose<br><strong>Costo<\/strong>: gratis<br><strong>Latitud y longitud<\/strong>: 48.8841\u00b0 N, 2.3323\u00b0 E<\/p>\n<\/div><\/div>","protected":false},"excerpt":{"rendered":"<p>Moulin Rouge \u2013 Paris\u2019s Boldest Nighttime Photography Spot Lights, music, stage, extravaganza \u2026 no nighttime Paris photoshoot would be complete without a bigger-than-life Champagne pop at Moulin Rouge. This infamous and flashy nightclub might be most renowned for its spectacular cabaret performances. Still, it&#8217;s also one of the most instantly recognizable Parisian reference points, perfect [&hellip;]<\/p>\n","protected":false},"author":35,"featured_media":4982,"parent":0,"menu_order":0,"comment_status":"closed","ping_status":"closed","template":"","meta":{"_acf_changed":false,"ub_ctt_via":"","footnotes":""},"class_list":["post-4980","page","type-page","status-publish","has-post-thumbnail","hentry"],"acf":[],"featured_image_src":"https:\/\/kissinparis.com\/wp-content\/uploads\/2023\/03\/Moulin-Rouge-best-photography-spots-Paris.jpg","_links":{"self":[{"href":"https:\/\/kissinparis.com\/es\/wp-json\/wp\/v2\/pages\/4980","targetHints":{"allow":["GET"]}}],"collection":[{"href":"https:\/\/kissinparis.com\/es\/wp-json\/wp\/v2\/pages"}],"about":[{"href":"https:\/\/kissinparis.com\/es\/wp-json\/wp\/v2\/types\/page"}],"author":[{"embeddable":true,"href":"https:\/\/kissinparis.com\/es\/wp-json\/wp\/v2\/users\/35"}],"replies":[{"embeddable":true,"href":"https:\/\/kissinparis.com\/es\/wp-json\/wp\/v2\/comments?post=4980"}],"version-history":[{"count":8,"href":"https:\/\/kissinparis.com\/es\/wp-json\/wp\/v2\/pages\/4980\/revisions"}],"predecessor-version":[{"id":26205,"href":"https:\/\/kissinparis.com\/es\/wp-json\/wp\/v2\/pages\/4980\/revisions\/26205"}],"wp:featuredmedia":[{"embeddable":true,"href":"https:\/\/kissinparis.com\/es\/wp-json\/wp\/v2\/media\/4982"}],"wp:attachment":[{"href":"https:\/\/kissinparis.com\/es\/wp-json\/wp\/v2\/media?parent=4980"}],"curies":[{"name":"wp","href":"https:\/\/api.w.org\/{rel}","templated":true}]}}