{"id":5155,"date":"2023-03-10T11:19:02","date_gmt":"2023-03-10T11:19:02","guid":{"rendered":"https:\/\/kissinparis.com\/?page_id=5155"},"modified":"2026-02-20T13:39:49","modified_gmt":"2026-02-20T13:39:49","slug":"consulta","status":"publish","type":"page","link":"https:\/\/kissinparis.com\/es\/consultation\/","title":{"rendered":"Consulta"},"content":{"rendered":"<div class=\"wp-block-cover alignfull mt-0 mb-0 banner banner-contact\" style=\"min-height:700px;aspect-ratio:unset;\"><img loading=\"lazy\" decoding=\"async\" width=\"1600\" height=\"1067\" class=\"wp-block-cover__image-background wp-image-5180\" alt=\"Contrata a un planificador de propuestas de Par\u00eds con servicio completo\" src=\"https:\/\/kissinparis.com\/wp-content\/uploads\/2023\/03\/Hire-a-full-service-paris-proposal-planner.jpg\" style=\"object-position:63% 59%\" data-object-fit=\"cover\" data-object-position=\"63% 59%\" srcset=\"https:\/\/kissinparis.com\/wp-content\/uploads\/2023\/03\/Hire-a-full-service-paris-proposal-planner.jpg 1600w, https:\/\/kissinparis.com\/wp-content\/uploads\/2023\/03\/Hire-a-full-service-paris-proposal-planner-300x200.jpg 300w, https:\/\/kissinparis.com\/wp-content\/uploads\/2023\/03\/Hire-a-full-service-paris-proposal-planner-1024x683.jpg 1024w, https:\/\/kissinparis.com\/wp-content\/uploads\/2023\/03\/Hire-a-full-service-paris-proposal-planner-768x512.jpg 768w, https:\/\/kissinparis.com\/wp-content\/uploads\/2023\/03\/Hire-a-full-service-paris-proposal-planner-1536x1024.jpg 1536w, https:\/\/kissinparis.com\/wp-content\/uploads\/2023\/03\/Hire-a-full-service-paris-proposal-planner-1200x800.jpg 1200w\" sizes=\"auto, (max-width: 1600px) 100vw, 1600px\" \/><span aria-hidden=\"true\" class=\"wp-block-cover__background has-primary-background-color has-background-dim-20 has-background-dim\"><\/span><div class=\"wp-block-cover__inner-container is-layout-flow wp-block-cover-is-layout-flow\">\n<div class=\"wp-block-group content mt-0 mb-0\"><div class=\"wp-block-group__inner-container is-layout-constrained wp-block-group-is-layout-constrained\">\n<h1 class=\"wp-block-heading has-text-align-center pb-10 has-background-color has-text-color\">Vamos a tener una cita.<\/h1>\n<\/div><\/div>\n<\/div><\/div>\n\n\n\n<div class=\"wp-block-group alignfull mt-0 mb-0 sec sec-contact has-container-md has-subtle-background-background-color has-background\"><div class=\"wp-block-group__inner-container is-layout-constrained wp-block-group-is-layout-constrained\">\n<div class=\"wp-block-group mt-0 mb-0 sub-title\"><div class=\"wp-block-group__inner-container is-layout-constrained wp-block-group-is-layout-constrained\">\n<h2 class=\"wp-block-heading\">Por favor complete el formulario de contacto. <\/h2>\n\n\n\n<p>Uno de nuestros amables organizadores de eventos se pondr\u00e1 en contacto con usted en 24 horas. Para consultas urgentes, contacte directamente con Chantelle a trav\u00e9s de <a href=\"https:\/\/api.whatsapp.com\/send\/?phone=%2B19175134350&amp;text&amp;type=phone_number&amp;app_absent=0\" data-type=\"URL\" data-id=\"https:\/\/api.whatsapp.com\/send\/?phone=%2B19175134350&amp;text&amp;type=phone_number&amp;app_absent=0\" target=\"_blank\" rel=\"noopener\">WhatsApp<\/a>.<\/p>\n<\/div><\/div>\n\n\n\n<div class=\"wp-block-columns is-layout-flex wp-container-core-columns-is-layout-9d6595d7 wp-block-columns-is-layout-flex\">\n<div class=\"wp-block-column is-layout-flow wp-block-column-is-layout-flow\">\n<div class=\"wp-block-contact-form-7-contact-form-selector\">\n<div class=\"wpcf7 no-js\" id=\"wpcf7-f5159-o1\" lang=\"en-US\" dir=\"ltr\" data-wpcf7-id=\"5159\">\n<div class=\"screen-reader-response\"><p role=\"status\" aria-live=\"polite\" aria-atomic=\"true\"><\/p> <ul><\/ul><\/div>\n<form action=\"\/es\/wp-json\/wp\/v2\/pages\/5155#wpcf7-f5159-o1\" method=\"post\" class=\"wpcf7-form init\" aria-label=\"Formulario de contacto\" novalidate=\"novalidate\" data-status=\"init\" data-trp-original-action=\"\/es\/wp-json\/wp\/v2\/pages\/5155#wpcf7-f5159-o1\">\n<fieldset class=\"hidden-fields-container\"><input type=\"hidden\" name=\"_wpcf7\" value=\"5159\" \/><input type=\"hidden\" name=\"_wpcf7_version\" value=\"6.1.5\" \/><input type=\"hidden\" name=\"_wpcf7_locale\" value=\"en_US\" \/><input type=\"hidden\" name=\"_wpcf7_unit_tag\" value=\"wpcf7-f5159-o1\" \/><input type=\"hidden\" name=\"_wpcf7_container_post\" value=\"0\" \/><input type=\"hidden\" name=\"_wpcf7_posted_data_hash\" value=\"\" \/>\n<\/fieldset>\n<div class=\"row\">\n\t<p class=\"col col50\"><label><span class=\"wpcf7-form-control-wrap\" data-name=\"your-name\"><input size=\"40\" maxlength=\"400\" class=\"wpcf7-form-control wpcf7-text wpcf7-validates-as-required\" autocomplete=\"name\" aria-required=\"true\" aria-invalid=\"false\" placeholder=\"Nombre de pila*\" value=\"\" type=\"text\" name=\"your-name\" \/><\/span><\/label>\n\t<\/p>\n\t<p class=\"col col50\"><label><span class=\"wpcf7-form-control-wrap\" data-name=\"your-name-last\"><input size=\"40\" maxlength=\"400\" class=\"wpcf7-form-control wpcf7-text wpcf7-validates-as-required\" autocomplete=\"name\" aria-required=\"true\" aria-invalid=\"false\" placeholder=\"Apellido*\" value=\"\" type=\"text\" name=\"your-name-last\" \/><\/span><\/label>\n\t<\/p>\n<\/div>\n<div class=\"row\">\n\t<p class=\"col col50\"><label><span class=\"wpcf7-form-control-wrap\" data-name=\"your-phone\"><input size=\"40\" maxlength=\"400\" class=\"wpcf7-form-control wpcf7-tel wpcf7-text wpcf7-validates-as-tel\" autocomplete=\"phone\" aria-invalid=\"false\" placeholder=\"Tel\u00e9fono\" value=\"\" type=\"tel\" name=\"your-phone\" \/><\/span><\/label>\n\t<\/p>\n\t<p class=\"col col50\"><label><span class=\"wpcf7-form-control-wrap\" data-name=\"your-email\"><input size=\"40\" maxlength=\"400\" class=\"wpcf7-form-control wpcf7-email wpcf7-validates-as-required wpcf7-text wpcf7-validates-as-email\" autocomplete=\"email\" aria-required=\"true\" aria-invalid=\"false\" placeholder=\"Correo electr\u00f3nico*\" value=\"\" type=\"email\" name=\"your-email\" \/><\/span><\/label>\n\t<\/p>\n<\/div>\n<div class=\"row\">\n\t<p class=\"col col50\"><label><span class=\"wpcf7-form-control-wrap\" data-name=\"your-date\"><input size=\"40\" maxlength=\"400\" class=\"wpcf7-form-control wpcf7-text wpcf7-validates-as-required\" aria-required=\"true\" aria-invalid=\"false\" placeholder=\"Fecha*\" value=\"\" type=\"text\" name=\"your-date\" \/><\/span><\/label>\n\t<\/p>\n\t<p class=\"col col50\"><label><span class=\"wpcf7-form-control-wrap\" data-name=\"your-proposal-budget\"><input size=\"40\" maxlength=\"400\" class=\"wpcf7-form-control wpcf7-text wpcf7-validates-as-required\" aria-required=\"true\" aria-invalid=\"false\" placeholder=\"Presupuesto*\" value=\"\" type=\"text\" name=\"your-proposal-budget\" \/><\/span><\/label>\n\t<\/p>\n<\/div>\n<div class=\"row pb-30\">\n\t<p class=\"col col50\"><label><span class=\"wpcf7-form-control-wrap\" data-name=\"your-referral\"><select class=\"wpcf7-form-control wpcf7-select\" aria-invalid=\"false\" name=\"your-referral\"><option value=\"\">\u00bfC\u00f3mo se enter\u00f3 de nosotros?<\/option><option value=\"Google\">Google<\/option><option value=\"Instagram\">Instagram<\/option><option value=\"Referral\">Remisi\u00f3n<\/option><option value=\"Other\">Otro<\/option><\/select><\/span><\/label>\n\t<\/p>\n<\/div>\n<p><label>Cu\u00e9ntenos sobre sus necesidades o solicitudes espec\u00edficas a continuaci\u00f3n.<\/label><span class=\"wpcf7-form-control-wrap\" data-name=\"your-message\"><textarea cols=\"40\" rows=\"10\" maxlength=\"2000\" class=\"wpcf7-form-control wpcf7-textarea\" aria-invalid=\"false\" name=\"your-message\"><\/textarea><\/span>\n<\/p>\n<p><div class=\"cf7-cf-turnstile\" style=\"margin-top: 0px; margin-bottom: -15px;\"> <div id=\"cf-turnstile-cf7-1255186545\" class=\"cf-turnstile\" data-callback=\"turnstileCF7Callback\" data-sitekey=\"0x4AAAAAAA6tyyirfbfpLGRe\" data-theme=\"light\" data-language=\"auto\" data-size=\"normal\" data-retry=\"auto\" data-retry-interval=\"1000\" data-refresh-expired=\"auto\" data-action=\"contact-form-7\" data-appearance=\"always\"><\/div> <style>.wpcf7-submit { pointer-events: none; opacity: 0.5; }<\/style> <script>document.addEventListener(\"DOMContentLoaded\", function() { setTimeout(function(){ var e=document.getElementById(\"cf-turnstile-cf7-1255186545\"); e&&!e.innerHTML.trim()&&(turnstile.remove(\"#cf-turnstile-cf7-1255186545\"), turnstile.render(\"#cf-turnstile-cf7-1255186545\", {sitekey:\"0x4AAAAAAA6tyyirfbfpLGRe\"})); }, 100); });<\/script> <br class=\"cf-turnstile-br cf-turnstile-br-cf7-1255186545\"> <style>#cf-turnstile-cf7-1255186545 { margin-left: -15px; }<\/style> <script>document.addEventListener(\"DOMContentLoaded\",function(){document.querySelectorAll('.wpcf7-form').forEach(function(e){e.addEventListener('submit',function(){if(document.getElementById('cf-turnstile-cf7-1255186545')){setTimeout(function(){turnstile.reset('#cf-turnstile-cf7-1255186545');},1000)}})})});<\/script> <\/div>\n<\/p>\n<p class=\"text-center pt-20\"><input class=\"wpcf7-form-control wpcf7-submit has-spinner\" type=\"submit\" value=\"Enviar consulta\" \/>\n<\/p><p style=\"display: none !important;\" class=\"akismet-fields-container\" data-prefix=\"_wpcf7_ak_\"><label>\u0394<textarea name=\"_wpcf7_ak_hp_textarea\" cols=\"45\" rows=\"8\" maxlength=\"100\"><\/textarea><\/label><input type=\"hidden\" id=\"ak_js_1\" name=\"_wpcf7_ak_js\" value=\"135\"\/><script>document.getElementById( \"ak_js_1\" ).setAttribute( \"value\", ( new Date() ).getTime() );<\/script><\/p><div class=\"wpcf7-response-output\" aria-hidden=\"true\"><\/div>\n<input type=\"hidden\" name=\"trp-form-language\" value=\"es\"\/><\/form>\n<\/div>\n<\/div>\n\n\n\n<script>\ndocument.addEventListener( 'wpcf7mailsent', function( event ) {\n    setTimeout( () => {\n        location = 'https:\/\/kissinparis.com\/thank-you-consultation\/';\n    }, 2000 ); \/\/ Wait for 2 seconds to redirect.\n}, false );\n<\/script>\n<\/div>\n<\/div>\n<\/div><\/div>","protected":false},"excerpt":{"rendered":"<p>Por favor, complete el formulario de contacto. Uno de nuestros amables organizadores de eventos se pondr\u00e1 en contacto con usted en 24 horas. Para consultas urgentes, contacte directamente con Chantelle por WhatsApp.<\/p>","protected":false},"author":35,"featured_media":5180,"parent":0,"menu_order":0,"comment_status":"closed","ping_status":"closed","template":"","meta":{"_acf_changed":false,"ub_ctt_via":"","footnotes":""},"class_list":["post-5155","page","type-page","status-publish","has-post-thumbnail","hentry"],"acf":[],"featured_image_src":"https:\/\/kissinparis.com\/wp-content\/uploads\/2023\/03\/Hire-a-full-service-paris-proposal-planner.jpg","_links":{"self":[{"href":"https:\/\/kissinparis.com\/es\/wp-json\/wp\/v2\/pages\/5155","targetHints":{"allow":["GET"]}}],"collection":[{"href":"https:\/\/kissinparis.com\/es\/wp-json\/wp\/v2\/pages"}],"about":[{"href":"https:\/\/kissinparis.com\/es\/wp-json\/wp\/v2\/types\/page"}],"author":[{"embeddable":true,"href":"https:\/\/kissinparis.com\/es\/wp-json\/wp\/v2\/users\/35"}],"replies":[{"embeddable":true,"href":"https:\/\/kissinparis.com\/es\/wp-json\/wp\/v2\/comments?post=5155"}],"version-history":[{"count":6,"href":"https:\/\/kissinparis.com\/es\/wp-json\/wp\/v2\/pages\/5155\/revisions"}],"predecessor-version":[{"id":28559,"href":"https:\/\/kissinparis.com\/es\/wp-json\/wp\/v2\/pages\/5155\/revisions\/28559"}],"wp:featuredmedia":[{"embeddable":true,"href":"https:\/\/kissinparis.com\/es\/wp-json\/wp\/v2\/media\/5180"}],"wp:attachment":[{"href":"https:\/\/kissinparis.com\/es\/wp-json\/wp\/v2\/media?parent=5155"}],"curies":[{"name":"wp","href":"https:\/\/api.w.org\/{rel}","templated":true}]}}