{"id":5323,"date":"2023-03-10T14:02:39","date_gmt":"2023-03-10T14:02:39","guid":{"rendered":"https:\/\/kissinparis.com\/?page_id=5323"},"modified":"2025-05-29T12:57:24","modified_gmt":"2025-05-29T12:57:24","slug":"ideas-sesion-fotos-pareja","status":"publish","type":"page","link":"https:\/\/kissinparis.com\/es\/couple-photoshoot-ideas\/","title":{"rendered":"3 ideas divertidas para sesiones de fotos en pareja que puedes probar en tu propia sesi\u00f3n"},"content":{"rendered":"<div class=\"wp-block-group alignfull sec heror-section mt-0 mb-0 has-scroll-down has-background-color has-primary-background-color has-text-color has-background has-link-color wp-elements-e0ba94e5e6919d89c7e935254bb690f2\"><div class=\"wp-block-group__inner-container is-layout-constrained wp-block-group-is-layout-constrained\">\n<h1 class=\"wp-block-heading alignwide has-text-align-left full has-background-color has-text-color has-link-color wp-elements-5ab80d1189b36109b4585440d2e7520c\">3 ideas incre\u00edbles para sesiones de fotos en pareja que puedes probar en tu propia sesi\u00f3n<\/h1>\n<\/div><\/div>\n\n\n\n<div class=\"wp-block-cover alignfull is-light mt-0 mb-0 banner banner-resources\"><img loading=\"lazy\" decoding=\"async\" width=\"1400\" height=\"933\" class=\"wp-block-cover__image-background wp-image-5467\" alt=\"Ideas divertidas para sesiones de fotos en pareja. Reserva la fecha.\" src=\"https:\/\/kissinparis.com\/wp-content\/uploads\/2023\/03\/Fun-couple-photoshoot-ideas-Save-the-Date.jpg\" data-object-fit=\"cover\" srcset=\"https:\/\/kissinparis.com\/wp-content\/uploads\/2023\/03\/Fun-couple-photoshoot-ideas-Save-the-Date.jpg 1400w, https:\/\/kissinparis.com\/wp-content\/uploads\/2023\/03\/Fun-couple-photoshoot-ideas-Save-the-Date-300x200.jpg 300w, https:\/\/kissinparis.com\/wp-content\/uploads\/2023\/03\/Fun-couple-photoshoot-ideas-Save-the-Date-1024x682.jpg 1024w, https:\/\/kissinparis.com\/wp-content\/uploads\/2023\/03\/Fun-couple-photoshoot-ideas-Save-the-Date-768x512.jpg 768w, https:\/\/kissinparis.com\/wp-content\/uploads\/2023\/03\/Fun-couple-photoshoot-ideas-Save-the-Date-1200x800.jpg 1200w\" sizes=\"auto, (max-width: 1400px) 100vw, 1400px\" \/><span aria-hidden=\"true\" class=\"wp-block-cover__background has-primary-background-color has-background-dim-0 has-background-dim\"><\/span><div class=\"wp-block-cover__inner-container is-layout-flow wp-block-cover-is-layout-flow\">\n<div class=\"banner-video\">\n<img decoding=\"async\" src=\"https:\/\/kissinparis.com\/wp-content\/uploads\/2023\/02\/placeholder_16x9.png\" alt=\"\u00c1rea del h\u00e9roe\">\n<\/div>\n<\/div><\/div>\n\n\n\n<div class=\"wp-block-group alignfull mt-0 mb-0 sec sec-content has-white-background-color has-background\" id=\"sec-0\"><div class=\"wp-block-group__inner-container is-layout-constrained wp-block-group-is-layout-constrained\">\n<p>Las fotograf\u00edas profesionales de pareja representan una inversi\u00f3n importante de tiempo y dinero, pero m\u00e1s importante a\u00fan, son una oportunidad \u00fanica para que dos personas profundamente enamoradas se alejen de la vida cotidiana y se concentren por completo en su relaci\u00f3n.<\/p>\n\n\n\n<p>Estas tres ideas destacadas seguramente aportar\u00e1n espontaneidad, alegr\u00eda y conexi\u00f3n a su sesi\u00f3n: accesorios extravagantes que combinen con sus personalidades, espectaculares estallidos de champ\u00e1n para retratos m\u00e1s grandes que la vida y configuraciones de picnic con un estilo divertido, junto con consejos profesionales para ahorrarle tiempo y potenciar su experiencia llena de diversi\u00f3n.<\/p>\n\n\n\n<figure class=\"wp-block-image alignwide size-large\"><img loading=\"lazy\" decoding=\"async\" width=\"1024\" height=\"682\" src=\"https:\/\/kissinparis.com\/wp-content\/uploads\/2023\/03\/Creative-Couple-Photography-Ideas-11-1024x682.jpg\" alt=\"Ideas para sesiones de fotos de pareja, accesorios creativos, fotos de compromiso con chicle, estructura art\u00edstica amarilla\" class=\"wp-image-2371\" srcset=\"https:\/\/kissinparis.com\/wp-content\/uploads\/2023\/03\/Creative-Couple-Photography-Ideas-11-1024x682.jpg 1024w, https:\/\/kissinparis.com\/wp-content\/uploads\/2023\/03\/Creative-Couple-Photography-Ideas-11-300x200.jpg 300w, https:\/\/kissinparis.com\/wp-content\/uploads\/2023\/03\/Creative-Couple-Photography-Ideas-11-768x512.jpg 768w, https:\/\/kissinparis.com\/wp-content\/uploads\/2023\/03\/Creative-Couple-Photography-Ideas-11-1200x800.jpg 1200w, https:\/\/kissinparis.com\/wp-content\/uploads\/2023\/03\/Creative-Couple-Photography-Ideas-11.jpg 1400w\" sizes=\"auto, (max-width: 1024px) 100vw, 1024px\" \/><figcaption class=\"wp-element-caption\">Ideas para sesiones de fotos en pareja: \u00a1juguen con accesorios creativos! Esta divertida foto de compromiso muestra c\u00f3mo elementos originales como el chicle pueden crear im\u00e1genes \u00fanicas y llenas de personalidad que muestran su lado travieso y aportan variedad a sus fotos de compromiso.<\/figcaption><\/figure>\n\n\n\n<h2 class=\"wp-block-heading\">Accesorios extravagantes que cuentan tu historia<\/h2>\n\n\n\n<p>El accesorio adecuado distrae de la atenci\u00f3n indeseable de la c\u00e1mara, fomenta la diversi\u00f3n y resalta tu personalidad. Quiz\u00e1s sea una guitarra desgastada si se conocieron en un micr\u00f3fono abierto, una pila de sus novelas favoritas si conectaron leyendo, o patinetas a juego si les encanta la aventura.<\/p>\n\n\n\n<p>El atrezo no es el objetivo, sino la interacci\u00f3n y la variedad de fotos que crea. Dense unos besos cari\u00f1osos mientras leen juntos, se acercan para tocar la guitarra o pasean juntos en sus tablas. Elegir atrezo que realmente les guste a ambos (en lugar de sostener globos que quiz\u00e1s no encajen con su estilo) crea... <a href=\"https:\/\/kissinparis.com\/es\/fotos-compromiso-paris\/\">Fotos de compromiso que se sienten divertidas<\/a> y lucen incre\u00edbles.<\/p>\n\n\n\n<p><strong>La planificaci\u00f3n es importante.<\/strong> T\u00f3mate tu tiempo para considerar qu\u00e9 accesorios se adaptan a tu relaci\u00f3n, aseg\u00faralos con suficiente antelaci\u00f3n a la sesi\u00f3n y planifica el transporte de los art\u00edculos voluminosos. Nos encanta c\u00f3mo se fotograf\u00edan los globos gigantes, pero a menos que se adapten a tu estilo (\u00a1y no haga mucho viento!), elige algo realmente... <em>tuyo<\/em>.<\/p>\n\n\n\n<figure class=\"wp-block-image alignwide size-full\"><img loading=\"lazy\" decoding=\"async\" width=\"1000\" height=\"667\" src=\"https:\/\/kissinparis.com\/wp-content\/uploads\/2023\/03\/Fun-couple-photoshoot-ideas-you-can-try-now.jpg\" alt=\"Ideas para sesiones de fotos de pareja usando discos de vinilo como accesorios durante fotos de compromiso en el sof\u00e1 del apartamento.\" class=\"wp-image-5468\" srcset=\"https:\/\/kissinparis.com\/wp-content\/uploads\/2023\/03\/Fun-couple-photoshoot-ideas-you-can-try-now.jpg 1000w, https:\/\/kissinparis.com\/wp-content\/uploads\/2023\/03\/Fun-couple-photoshoot-ideas-you-can-try-now-300x200.jpg 300w, https:\/\/kissinparis.com\/wp-content\/uploads\/2023\/03\/Fun-couple-photoshoot-ideas-you-can-try-now-768x512.jpg 768w\" sizes=\"auto, (max-width: 1000px) 100vw, 1000px\" \/><figcaption class=\"wp-element-caption\">Las ideas para sesiones de fotos en pareja no tienen por qu\u00e9 ser elaboradas: \u00a1a veces los mejores accesorios est\u00e1n escondidos en casa! Esta divertida foto de compromiso usa discos de vinilo gigantes de sus m\u00fasicos favoritos para crear una toma divertida y llena de personalidad que narra su singular historia de amor.<\/figcaption><\/figure>\n\n\n\n<h2 class=\"wp-block-heading\">El champ\u00e1n desbordante para un toque dram\u00e1tico<\/h2>\n\n\n\n<p>No hay nada como la efervescencia de la celebraci\u00f3n congelada en el aire. <a href=\"https:\/\/kissinparis.com\/es\/como-abrir-champan\/\">Planifica tu descorche con champ\u00e1n<\/a> para que al comienzo de la sesi\u00f3n puedas relajarte y comenzar con algo divertido, o gu\u00e1rdalo para el final para que puedas disfrutar del champ\u00e1n y pasar a una velada rom\u00e1ntica juntos.<\/p>\n\n\n\n<p><strong>T\u00e9cnica que funciona:<\/strong> Mant\u00e9n la botella bien fr\u00eda y alejada de tu pareja (sobre todo cuando salte el corcho, pero tambi\u00e9n para evitar salpicar su ropa). Agita la botella con movimientos circulares para crear un roc\u00edo digno de una foto. A medida que las diminutas gotas reflejen la luz, presta atenci\u00f3n a la posici\u00f3n del fot\u00f3grafo, ya que repetir el proceso puede ser costoso y llevar mucho tiempo.<\/p>\n\n\n\n<p>El roc\u00edo se fotograf\u00eda hermosamente durante la hora dorada o la hora azul, pero evite la luz brillante del d\u00eda cuando el roc\u00edo se vuelve casi invisible en las fotos.<\/p>\n\n\n\n<figure class=\"wp-block-image alignwide size-full\"><img loading=\"lazy\" decoding=\"async\" width=\"1800\" height=\"1201\" src=\"https:\/\/kissinparis.com\/wp-content\/uploads\/2023\/03\/Fun-Paris-photo-shoot-ideas-epic-Champagne-pop-in-front-of-Moulin-Rouge.jpg\" alt=\"Ideas para sesiones de fotos de pareja con champ\u00e1n y fotos de compromiso en el Moulin Rouge de Par\u00eds por la noche.\" class=\"wp-image-7706\" srcset=\"https:\/\/kissinparis.com\/wp-content\/uploads\/2023\/03\/Fun-Paris-photo-shoot-ideas-epic-Champagne-pop-in-front-of-Moulin-Rouge.jpg 1800w, https:\/\/kissinparis.com\/wp-content\/uploads\/2023\/03\/Fun-Paris-photo-shoot-ideas-epic-Champagne-pop-in-front-of-Moulin-Rouge-300x200.jpg 300w, https:\/\/kissinparis.com\/wp-content\/uploads\/2023\/03\/Fun-Paris-photo-shoot-ideas-epic-Champagne-pop-in-front-of-Moulin-Rouge-1024x683.jpg 1024w, https:\/\/kissinparis.com\/wp-content\/uploads\/2023\/03\/Fun-Paris-photo-shoot-ideas-epic-Champagne-pop-in-front-of-Moulin-Rouge-768x512.jpg 768w, https:\/\/kissinparis.com\/wp-content\/uploads\/2023\/03\/Fun-Paris-photo-shoot-ideas-epic-Champagne-pop-in-front-of-Moulin-Rouge-1536x1025.jpg 1536w, https:\/\/kissinparis.com\/wp-content\/uploads\/2023\/03\/Fun-Paris-photo-shoot-ideas-epic-Champagne-pop-in-front-of-Moulin-Rouge-1200x801.jpg 1200w\" sizes=\"auto, (max-width: 1800px) 100vw, 1800px\" \/><figcaption class=\"wp-element-caption\">\u00a1Ideas para sesiones de fotos en pareja que cobran vida con champ\u00e1n! Esta impactante foto de compromiso en el ic\u00f3nico Moulin Rouge de Par\u00eds muestra c\u00f3mo el momento y la t\u00e9cnica adecuados crean im\u00e1genes dignas de guardar la fecha, llenas de pura celebraci\u00f3n y alegr\u00eda.<\/figcaption><\/figure>\n\n\n\n<h2 class=\"wp-block-heading\">Un picnic con estilo para capturar un romance acogedor<\/h2>\n\n\n\n<p>Convierte tu picnic en un bodeg\u00f3n viviente: una manta suave o una mesa baja con manteler\u00eda, cojines de felpa y un peque\u00f1o ramo para darle color. Coloca bocados artesanales \u2014como macarons, charcuter\u00eda, frutos rojos frescos y una deliciosa tabla de quesos\u2014 en cajas vintage o bandejas de madera.<\/p>\n\n\n\n<p>Convierte este montaje en el centro de tu sesi\u00f3n de fotos en pareja, idealmente plane\u00e1ndolo hacia el final. Esto te permitir\u00e1 pasar con naturalidad de retratos posados a momentos relajados y disfrutando de tu comida. No olvides inclinarte para dar besos que suenen a poes\u00eda y disfrutar de este fant\u00e1stico d\u00eda juntos mientras otros probablemente est\u00e9n en el trabajo.<\/p>\n\n\n\n<p><strong>Consejo de planificaci\u00f3n profesional:<\/strong> Podemos organizar eventos impresionantes <a href=\"https:\/\/kissinparis.com\/es\/pedida-de-mano-paris\/picnic-romantico\/\">montajes de picnic personalizados<\/a>, o puedes crear el tuyo propio con detalles bien pensados que queden maravillosamente fotografiados.<\/p>\n\n\n\n<figure class=\"wp-block-image alignwide size-large\"><img loading=\"lazy\" decoding=\"async\" width=\"1024\" height=\"683\" src=\"https:\/\/kissinparis.com\/wp-content\/uploads\/2025\/04\/paris-picnic-proposal-package-cherry-blossom-parc-sceaux-99-1024x683.webp\" alt=\"Ideas para sesiones de fotos de pareja con estilo de picnic en el Parque de las Secciones, Par\u00eds, fotos de compromiso con flores de cerezo\" class=\"wp-image-18302\" srcset=\"https:\/\/kissinparis.com\/wp-content\/uploads\/2025\/04\/paris-picnic-proposal-package-cherry-blossom-parc-sceaux-99-1024x683.webp 1024w, https:\/\/kissinparis.com\/wp-content\/uploads\/2025\/04\/paris-picnic-proposal-package-cherry-blossom-parc-sceaux-99-300x200.webp 300w, https:\/\/kissinparis.com\/wp-content\/uploads\/2025\/04\/paris-picnic-proposal-package-cherry-blossom-parc-sceaux-99-768x512.webp 768w, https:\/\/kissinparis.com\/wp-content\/uploads\/2025\/04\/paris-picnic-proposal-package-cherry-blossom-parc-sceaux-99-1536x1025.webp 1536w, https:\/\/kissinparis.com\/wp-content\/uploads\/2025\/04\/paris-picnic-proposal-package-cherry-blossom-parc-sceaux-99-1200x801.webp 1200w, https:\/\/kissinparis.com\/wp-content\/uploads\/2025\/04\/paris-picnic-proposal-package-cherry-blossom-parc-sceaux-99.webp 1800w\" sizes=\"auto, (max-width: 1024px) 100vw, 1024px\" \/><figcaption class=\"wp-element-caption\">\u00a1Las ideas para sesiones de fotos de compromiso alcanzan nuevas cotas con picnics con estilo! Este lujoso picnic parisino en el Parc de Sceaux durante la temporada de los cerezos en flor demuestra c\u00f3mo los detalles cuidados (flores rosas, vajilla elegante y exquisiteces francesas) crean fotos de compromiso deliciosas y rom\u00e1nticas.<\/figcaption><\/figure>\n\n\n\n<h2 class=\"wp-block-heading\">Antes de tu sesi\u00f3n de fotos: Pasos de preparaci\u00f3n esenciales<\/h2>\n\n\n\n<p><strong>Entusiasmarse igualmente.<\/strong> Ambos socios deben estar entusiasmados con la experiencia: se nota en las fotograf\u00edas cuando una persona est\u00e1 m\u00e1s involucrada que la otra.<\/p>\n\n\n\n<p><strong>Planifica atuendos dignos de fotograf\u00edas.<\/strong> Elige looks que se complementen entre s\u00ed y <a href=\"https:\/\/kissinparis.com\/es\/lugares-mas-romanticos-paris\/\">tu ubicaci\u00f3n<\/a> Sin parecer demasiado a juego. V\u00edstete con varias capas si prev\u00e9s cambios de clima.<\/p>\n\n\n\n<p><strong>Comuniquese con su fot\u00f3grafo.<\/strong> Comparte tu visi\u00f3n, habla sobre las poses que prefieres y menciona cualquier inquietud para gestionar las expectativas. A los fot\u00f3grafos profesionales les encantan las parejas preparadas, ya que les facilita el trabajo y demuestra tu compromiso con los resultados incre\u00edbles.<\/p>\n\n\n\n<p><strong>Crear tableros de inspiraci\u00f3n.<\/strong> Comparte fotos de ejemplo con tu fot\u00f3grafo (por WhatsApp o Pinterest) para comunicar tus preferencias de estilo y el look que buscas. Incluye una foto tuya que te encante para que tu fot\u00f3grafo entienda tus \u00e1ngulos favoritos al instante.<\/p>\n\n\n\n<p><strong>Practica en casa.<\/strong> Prueba diferentes poses, elevaciones, inmersiones y besos al estilo Hollywood antes de que llegue el d\u00eda de la sesi\u00f3n fotogr\u00e1fica.<\/p>\n\n\n\n<h2 class=\"wp-block-heading\">Consejos para el d\u00eda del \u00e9xito<\/h2>\n\n\n\n<ul class=\"wp-block-list\">\n<li><strong>Llegar a tiempo<\/strong> y bien descansado para la mejor energ\u00eda<\/li>\n\n\n\n<li><strong>Conf\u00eda en tu fot\u00f3grafo<\/strong>\u2014Quieren resultados asombrosos tanto como t\u00fa<\/li>\n\n\n\n<li><strong>Mant\u00e9ngase flexible<\/strong> Si el clima o el horario requieren ajustes<\/li>\n\n\n\n<li><strong>Centrarnos el uno en el otro<\/strong>, no la c\u00e1mara<\/li>\n<\/ul>\n\n\n\n<p>Al fotografiar en lugares impresionantes como Par\u00eds o <a href=\"https:\/\/kissinparis.com\/es\/sesion-fotos-campo-lavanda\/\">Los campos de lavanda de Provenza<\/a>Reserve alojamiento cercano para minimizar el estr\u00e9s del viaje y maximizar las oportunidades fotogr\u00e1ficas.<\/p>\n\n\n\n<p>Recuerda: la preparaci\u00f3n hace la diferencia entre buenas fotos e incre\u00edbles.<\/p>\n\n\n\n<p><em>\u00bfListos para planificar la sesi\u00f3n de fotos de pareja de tus sue\u00f1os? Nuestro equipo de fotograf\u00eda de Par\u00eds se especializa en crear experiencias inolvidables.<\/em><\/p>\n<\/div><\/div>\n\n\n\n<div class=\"wp-block-group alignfull mt-0 mb-0 sec sec-services has-subtle-background-background-color has-background\"><div class=\"wp-block-group__inner-container is-layout-constrained wp-block-group-is-layout-constrained\">\n<h2 class=\"wp-block-heading title-v2\">\u00bfQu\u00e9 sigue?<\/h2>\n\n\n\n<div class=\"wp-block-columns boxes plans is-layout-flex wp-container-core-columns-is-layout-9d6595d7 wp-block-columns-is-layout-flex\">\n<div class=\"wp-block-column is-layout-flow wp-block-column-is-layout-flow\">\n<figure class=\"wp-block-image size-full\"><a href=\"https:\/\/kissinparis.com\/es\/restaurantes-vista-torre-eiffel\/\" aria-label=\"Leer m\u00e1s sobre Par\u00eds paquete en pareja mejores restaurantes con vistas a la Torre Eiffel\"><img loading=\"lazy\" decoding=\"async\" width=\"300\" height=\"400\" src=\"https:\/\/kissinparis.com\/wp-content\/uploads\/2023\/03\/Paris-couple-package-best-restaurants-with-Eiffel-Tower-view.jpg\" alt=\"Par\u00eds paquete de pareja mejores restaurantes con vistas a la Torre Eiffel\" class=\"wp-image-1027\" srcset=\"https:\/\/kissinparis.com\/wp-content\/uploads\/2023\/03\/Paris-couple-package-best-restaurants-with-Eiffel-Tower-view.jpg 300w, https:\/\/kissinparis.com\/wp-content\/uploads\/2023\/03\/Paris-couple-package-best-restaurants-with-Eiffel-Tower-view-225x300.jpg 225w\" sizes=\"auto, (max-width: 300px) 100vw, 300px\" \/><\/a><\/figure>\n\n\n\n<div class=\"wp-block-group mt-0 mb-0 content\"><div class=\"wp-block-group__inner-container is-layout-constrained wp-block-group-is-layout-constrained\">\n<h3 class=\"wp-block-heading\"><a href=\"https:\/\/kissinparis.com\/es\/restaurantes-vista-torre-eiffel\/\">D\u00f3nde comer en Par\u00eds<\/a><\/h3>\n\n\n\n<p class=\"sec-header\"><a href=\"https:\/\/kissinparis.com\/es\/restaurantes-vista-torre-eiffel\/\">Los mejores restaurantes con vistas a la Torre Eiffel<\/a><\/p>\n<\/div><\/div>\n<\/div>\n\n\n\n<div class=\"wp-block-column is-layout-flow wp-block-column-is-layout-flow\">\n<figure class=\"wp-block-image size-full\"><a href=\"https:\/\/kissinparis.com\/es\/fotografo-parejas-paris-noche\/\" aria-label=\"Leer m\u00e1s sobre Las fotos nocturnas en Par\u00eds son m\u00e1s rom\u00e1nticas\"><img loading=\"lazy\" decoding=\"async\" width=\"300\" height=\"400\" src=\"https:\/\/kissinparis.com\/wp-content\/uploads\/2023\/03\/Nighttime-photos-in-Paris-are-more-romantic.jpg\" alt=\"Las fotos nocturnas en Par\u00eds son m\u00e1s rom\u00e1nticas\" class=\"wp-image-1028\" srcset=\"https:\/\/kissinparis.com\/wp-content\/uploads\/2023\/03\/Nighttime-photos-in-Paris-are-more-romantic.jpg 300w, https:\/\/kissinparis.com\/wp-content\/uploads\/2023\/03\/Nighttime-photos-in-Paris-are-more-romantic-225x300.jpg 225w\" sizes=\"auto, (max-width: 300px) 100vw, 300px\" \/><\/a><\/figure>\n\n\n\n<div class=\"wp-block-group mt-0 mb-0 content\"><div class=\"wp-block-group__inner-container is-layout-constrained wp-block-group-is-layout-constrained\">\n<h3 class=\"wp-block-heading\"><a href=\"https:\/\/kissinparis.com\/es\/fotografo-parejas-paris-noche\/\">Fotos de pareja por la noche<\/a><\/h3>\n\n\n\n<p class=\"sec-header\"><a href=\"https:\/\/kissinparis.com\/es\/fotografo-parejas-paris-noche\/\">Reserva un fot\u00f3grafo de compromiso en Par\u00eds<\/a><\/p>\n<\/div><\/div>\n<\/div>\n\n\n\n<div class=\"wp-block-column is-layout-flow wp-block-column-is-layout-flow\">\n<figure class=\"wp-block-image size-full\"><a href=\"https:\/\/kissinparis.com\/es\/fotos-pareja-torre-eiffel\/\" aria-label=\"Lea m\u00e1s sobre ideas para fotos de parejas en la Torre Eiffel.\"><img loading=\"lazy\" decoding=\"async\" width=\"300\" height=\"400\" src=\"https:\/\/kissinparis.com\/wp-content\/uploads\/2023\/03\/Eiffel-Tower-couple-picture-ideas.jpg\" alt=\"Ideas para fotos de parejas en la Torre Eiffel\" class=\"wp-image-1030\" srcset=\"https:\/\/kissinparis.com\/wp-content\/uploads\/2023\/03\/Eiffel-Tower-couple-picture-ideas.jpg 300w, https:\/\/kissinparis.com\/wp-content\/uploads\/2023\/03\/Eiffel-Tower-couple-picture-ideas-225x300.jpg 225w\" sizes=\"auto, (max-width: 300px) 100vw, 300px\" \/><\/a><\/figure>\n\n\n\n<div class=\"wp-block-group mt-0 mb-0 content\"><div class=\"wp-block-group__inner-container is-layout-constrained wp-block-group-is-layout-constrained\">\n<h3 class=\"wp-block-heading\"><a href=\"https:\/\/kissinparis.com\/es\/fotos-pareja-torre-eiffel\/\">Fotos de pareja en la Torre Eiffel<\/a><\/h3>\n\n\n\n<p class=\"sec-header\"><a href=\"https:\/\/kissinparis.com\/es\/fotos-pareja-torre-eiffel\/\">Cuando la Torre Eiffel es una visita obligada<\/a><\/p>\n<\/div><\/div>\n<\/div>\n\n\n\n<div class=\"wp-block-column is-layout-flow wp-block-column-is-layout-flow\">\n<figure class=\"wp-block-image size-full\"><a href=\"https:\/\/kissinparis.com\/es\/sesion-fotos-paris\/\" aria-label=\"Lea m\u00e1s sobre C\u00f3mo posar como pareja para deslumbrantes fotos de compromiso en Par\u00eds.\"><img loading=\"lazy\" decoding=\"async\" width=\"300\" height=\"400\" src=\"https:\/\/kissinparis.com\/wp-content\/uploads\/2023\/03\/How-to-pose-as-a-couple-for-dazzling-Paris-Engagement-photos.jpg\" alt=\"C\u00f3mo posar como pareja para unas deslumbrantes fotos de compromiso en Par\u00eds\" class=\"wp-image-1032\" srcset=\"https:\/\/kissinparis.com\/wp-content\/uploads\/2023\/03\/How-to-pose-as-a-couple-for-dazzling-Paris-Engagement-photos.jpg 300w, https:\/\/kissinparis.com\/wp-content\/uploads\/2023\/03\/How-to-pose-as-a-couple-for-dazzling-Paris-Engagement-photos-225x300.jpg 225w\" sizes=\"auto, (max-width: 300px) 100vw, 300px\" \/><\/a><\/figure>\n\n\n\n<div class=\"wp-block-group mt-0 mb-0 content\"><div class=\"wp-block-group__inner-container is-layout-constrained wp-block-group-is-layout-constrained\">\n<h3 class=\"wp-block-heading\"><a href=\"https:\/\/kissinparis.com\/es\/sesion-fotos-paris\/\">C\u00f3mo tener \u00e9xito en tus sesiones de fotos en pareja<\/a><\/h3>\n\n\n\n<p class=\"sec-header\"><a href=\"https:\/\/kissinparis.com\/es\/poses-fotos-pareja\/\">Poses impactantes, qu\u00e9 ponerse, desplazamientos y m\u00e1s<\/a><\/p>\n<\/div><\/div>\n<\/div>\n<\/div>\n<\/div><\/div>","protected":false},"excerpt":{"rendered":"<p>3 Amazing Couple Photoshoot Ideas to Try on Your Own Shoot Professional couple photos represent a significant investment of time and money\u2014but more importantly, they&#8217;re a rare opportunity for two people deeply in love to step away from everyday life and focus entirely on their relationship. These three standout ideas are sure to bring spontaneity, [&hellip;]<\/p>\n","protected":false},"author":35,"featured_media":0,"parent":0,"menu_order":0,"comment_status":"closed","ping_status":"closed","template":"","meta":{"_acf_changed":false,"ub_ctt_via":"","footnotes":""},"class_list":["post-5323","page","type-page","status-publish","hentry"],"acf":[],"featured_image_src":null,"_links":{"self":[{"href":"https:\/\/kissinparis.com\/es\/wp-json\/wp\/v2\/pages\/5323","targetHints":{"allow":["GET"]}}],"collection":[{"href":"https:\/\/kissinparis.com\/es\/wp-json\/wp\/v2\/pages"}],"about":[{"href":"https:\/\/kissinparis.com\/es\/wp-json\/wp\/v2\/types\/page"}],"author":[{"embeddable":true,"href":"https:\/\/kissinparis.com\/es\/wp-json\/wp\/v2\/users\/35"}],"replies":[{"embeddable":true,"href":"https:\/\/kissinparis.com\/es\/wp-json\/wp\/v2\/comments?post=5323"}],"version-history":[{"count":16,"href":"https:\/\/kissinparis.com\/es\/wp-json\/wp\/v2\/pages\/5323\/revisions"}],"predecessor-version":[{"id":26143,"href":"https:\/\/kissinparis.com\/es\/wp-json\/wp\/v2\/pages\/5323\/revisions\/26143"}],"wp:attachment":[{"href":"https:\/\/kissinparis.com\/es\/wp-json\/wp\/v2\/media?parent=5323"}],"curies":[{"name":"wp","href":"https:\/\/api.w.org\/{rel}","templated":true}]}}