{"id":5473,"date":"2023-03-10T16:32:06","date_gmt":"2023-03-10T16:32:06","guid":{"rendered":"https:\/\/kissinparis.com\/?page_id=5473"},"modified":"2025-05-28T08:21:29","modified_gmt":"2025-05-28T08:21:29","slug":"como-abrir-champan","status":"publish","type":"page","link":"https:\/\/kissinparis.com\/es\/how-champagne-pop\/","title":{"rendered":"C\u00f3mo dominar el descorche del champ\u00e1n y conseguir fotos \u00e9picas"},"content":{"rendered":"<div class=\"wp-block-group alignfull sec heror-section mt-0 mb-0 has-scroll-down has-background-color has-primary-background-color has-text-color has-background has-link-color wp-elements-e7d1437c353a92f30d799d3e3b05c373\"><div class=\"wp-block-group__inner-container is-layout-constrained wp-block-group-is-layout-constrained\">\n<h1 class=\"wp-block-heading alignwide has-text-align-left full has-background-color has-text-color has-link-color wp-elements-cf21d486a8da28f7f28649478f6cfdb5\">C\u00f3mo dominar el descorche del champ\u00e1n y conseguir fotos \u00e9picas<\/h1>\n<\/div><\/div>\n\n\n\n<div class=\"wp-block-cover alignfull mt-0 mb-0 banner banner-resources\"><img loading=\"lazy\" decoding=\"async\" width=\"1400\" height=\"934\" class=\"wp-block-cover__image-background wp-image-5475\" alt=\"\u00c9pica explosi\u00f3n de champ\u00e1n en el Moulin Rouge de Par\u00eds\" src=\"https:\/\/kissinparis.com\/wp-content\/uploads\/2023\/03\/How-to-do-an-epic-Champagne-Pop-for-amazing-photos.jpg\" data-object-fit=\"cover\" srcset=\"https:\/\/kissinparis.com\/wp-content\/uploads\/2023\/03\/How-to-do-an-epic-Champagne-Pop-for-amazing-photos.jpg 1400w, https:\/\/kissinparis.com\/wp-content\/uploads\/2023\/03\/How-to-do-an-epic-Champagne-Pop-for-amazing-photos-300x200.jpg 300w, https:\/\/kissinparis.com\/wp-content\/uploads\/2023\/03\/How-to-do-an-epic-Champagne-Pop-for-amazing-photos-1024x683.jpg 1024w, https:\/\/kissinparis.com\/wp-content\/uploads\/2023\/03\/How-to-do-an-epic-Champagne-Pop-for-amazing-photos-768x512.jpg 768w, https:\/\/kissinparis.com\/wp-content\/uploads\/2023\/03\/How-to-do-an-epic-Champagne-Pop-for-amazing-photos-1200x801.jpg 1200w\" sizes=\"auto, (max-width: 1400px) 100vw, 1400px\" \/><span aria-hidden=\"true\" class=\"wp-block-cover__background has-primary-background-color has-background-dim-0 has-background-dim\"><\/span><div class=\"wp-block-cover__inner-container is-layout-flow wp-block-cover-is-layout-flow\">\n<div class=\"banner-video\">\n<img decoding=\"async\" src=\"https:\/\/kissinparis.com\/wp-content\/uploads\/2023\/02\/placeholder_16x9.png\" alt=\"\u00c1rea del h\u00e9roe\">\n<\/div>\n<\/div><\/div>\n\n\n\n<div class=\"wp-block-group alignfull mt-0 mb-0 sec sec-content has-white-background-color has-background\" id=\"sec-0\"><div class=\"wp-block-group__inner-container is-layout-constrained wp-block-group-is-layout-constrained\">\n<h2 class=\"wp-block-heading\">C\u00f3mo descorchar una botella de champ\u00e1n como una estrella de rock (mientras obtienes fotos alucinantes).<\/h2>\n\n\n<p><div class=\"sc-box notes\"><div class=\"sc-title\">\n<svg viewbox=\"0 0 512 512\" class=\"icon icon-note\" xmlns=\"http:\/\/www.w3.org\/2000\/svg\"><g id=\"Outline\"><path d=\"m448 480h-16v-232h-16v232h-56v16h96a8 8 0 0 0 8-8v-272h-16z\"\/><path d=\"m400 424v-144h-16v136h-56a8 8 0 0 0 -8 8v56h-264v-40h24v-16h-24v-56h24v-16h-24v-56h24v-16h-24v-56h24v-16h-24v-56h24v-16h-24v-40h-16v40h-24v16h24v56h-24v16h24v56h-24v16h24v56h-24v16h24v56h-24v16h24v48a8 8 0 0 0 8 8h280a8 8 0 0 0 5.657-2.343l64-64a8 8 0 0 0 2.343-5.657zm-27.314 8-36.686 36.686v-36.686z\"\/><path d=\"m80 64h-24v-32h328v64h16v-64h16v48h16v-48h16v48h16v-56a8 8 0 0 0 -8-8h-408a8 8 0 0 0 -8 8v40h-24v16h64z\"\/><path d=\"m184 96h160v16h-160z\"\/><path d=\"m184 160h144v16h-144z\"\/><path d=\"m184 224h112v16h-112z\"\/><path d=\"m136 272a24 24 0 1 0 24 24 24.027 24.027 0 0 0 -24-24zm0 32a8 8 0 1 1 8-8 8.009 8.009 0 0 1 -8 8z\"\/><path d=\"m184 288h72v16h-72z\"\/><path d=\"m136 336a24 24 0 1 0 24 24 24.027 24.027 0 0 0 -24-24zm0 32a8 8 0 1 1 8-8 8.009 8.009 0 0 1 -8 8z\"\/><path d=\"m184 352h160v16h-160z\"\/><path d=\"m136 400a24 24 0 1 0 24 24 24.027 24.027 0 0 0 -24-24zm0 32a8 8 0 1 1 8-8 8.009 8.009 0 0 1 -8 8z\"\/><path d=\"m184 416h120v16h-120z\"\/><path d=\"m162.343 66.343-16 16a24.008 24.008 0 1 0 11.314 11.314l16-16zm-34.343 37.657a7.971 7.971 0 0 1 2.346-5.654l11.308 11.308a8 8 0 0 1 -13.654-5.654z\"\/><path d=\"m162.343 130.343-16 16a24.008 24.008 0 1 0 11.314 11.314l16-16zm-34.343 37.657a7.971 7.971 0 0 1 2.346-5.654l11.308 11.308a8 8 0 0 1 -13.654-5.654z\"\/><path d=\"m162.343 194.343-16 16a24.008 24.008 0 1 0 11.314 11.314l16-16zm-34.343 37.657a7.971 7.971 0 0 1 2.346-5.654l11.308 11.308a8 8 0 0 1 -13.654-5.654z\"\/><path d=\"m465.373 104a30.43 30.43 0 0 0 -21.657 8.97l-3.716 3.716-7.03-7.03a24 24 0 0 0 -33.94 0l-52.687 52.687 11.314 11.314 52.686-52.686a8.01 8.01 0 0 1 11.314 0l7.029 7.029-154.343 154.343a7.966 7.966 0 0 0 -2.187 4.088v.027.025l-7.99 39.948a8 8 0 0 0 9.414 9.414l40-8a8.006 8.006 0 0 0 4.088-2.188l169.361-169.373a30.627 30.627 0 0 0 -21.656-52.284zm-25.373 35.314 20.686 20.686-48.686 48.686-20.686-20.686zm-155.087 164.913 10.86 10.86-13.573 2.713zm27.087 4.46-20.687-20.687 88.687-88.686 20.686 20.686zm163.716-163.717-3.716 3.716-20.686-20.686 3.715-3.716a14.628 14.628 0 0 1 20.687 20.686z\"\/><\/g><\/svg><span class=\"sc-label\">Nota<\/span><\/div><span class=\"sc-content\">Si est\u00e1s considerando el champ\u00e1n como parte de una pr\u00f3xima sesi\u00f3n de fotos, es posible que tambi\u00e9n te gusten estos <a href=\"https:\/\/kissinparis.com\/es\/ideas-sesion-fotos-pareja\/\">Tres ideas de sesiones de fotos rid\u00edculamente divertidas<\/a><span data-preserver-spaces=\"true\">.<\/span><\/div><\/span><\/p>\n\n\n\n<p><strong>El estallido de champ\u00e1n:<\/strong>&nbsp;Brindar con un champ\u00e1n bien fr\u00edo y espumoso siempre es una buena idea.<\/p>\n\n\n\n<p>Lo m\u00e1s probable es que tu pareja <a href=\"https:\/\/kissinparis.com\/es\/sesion-fotos-paris\/\">Sesi\u00f3n de fotos<\/a> marca una ocasi\u00f3n alegre\u2026 y el vino espumoso y de color claro se ha asociado hist\u00f3ricamente con la celebraci\u00f3n.<\/p>\n\n\n\n<p>Pero lo que quiz\u00e1s no te des cuenta es que el acto en s\u00ed, de hacer estallar y rociar un <a href=\"https:\/\/kissinparis.com\/es\/pedida-de-mano-paris\/propuesta-champan-macarons\/\">Champ\u00e1n<\/a>, puede ser sorprendentemente divertido y dar lugar a fotograf\u00edas realmente alucinantes.<\/p>\n\n\n\n<figure class=\"wp-block-image alignwide size-full\"><img loading=\"lazy\" decoding=\"async\" width=\"1000\" height=\"668\" src=\"https:\/\/kissinparis.com\/wp-content\/uploads\/2023\/03\/How-do-do-the-Champagne-pop-in-photos-2.jpg\" alt=\"\u00bfC\u00f3mo hacer que el champ\u00e1n destaque en las fotos?\" class=\"wp-image-5476\" srcset=\"https:\/\/kissinparis.com\/wp-content\/uploads\/2023\/03\/How-do-do-the-Champagne-pop-in-photos-2.jpg 1000w, https:\/\/kissinparis.com\/wp-content\/uploads\/2023\/03\/How-do-do-the-Champagne-pop-in-photos-2-300x200.jpg 300w, https:\/\/kissinparis.com\/wp-content\/uploads\/2023\/03\/How-do-do-the-Champagne-pop-in-photos-2-768x513.jpg 768w\" sizes=\"auto, (max-width: 1000px) 100vw, 1000px\" \/><figcaption class=\"wp-element-caption\">\u00bfC\u00f3mo hacer que el champ\u00e1n destaque en las fotos?<\/figcaption><\/figure>\n\n\n\n<p>Pero \u2026<\/p>\n\n\n\n<p>Hay una peque\u00f1a curva de aprendizaje, as\u00ed que aqu\u00ed hay algunos <a href=\"https:\/\/kissinparis.com\/es\/pedida-de-mano-paris\/consejos\/\">consejos<\/a> Para ayudarte a dominar el delicado y elevado arte del descorche del champ\u00e1n:<\/p>\n\n\n\n<ul class=\"wp-block-list\">\n<li>A menos que hayas ganado la loter\u00eda, no uses champ\u00e1n aut\u00e9ntico. Simplemente cubre la etiqueta con las manos y nadie lo notar\u00e1.<\/li>\n\n\n\n<li>Retire el papel de aluminio que cubre el corcho, pero deje la jaula de alambre (muselet) en la botella por ahora.<\/li>\n\n\n\n<li>Aseg\u00farese de que su fot\u00f3grafo y <a href=\"https:\/\/kissinparis.com\/es\/videografo-paris\/\">camar\u00f3grafo<\/a> est\u00e1n listos<\/li>\n\n\n\n<li>Ahora, retira la jaula de alambre desenrollando el peque\u00f1o lazo de alambre.<\/li>\n\n\n\n<li>Si bien es posible hacer un llamado &quot;pop suave&quot; (donde giras y mueves suavemente el corcho para sacarlo de la botella y lo mantienes en tu mano), somos grandes fan\u00e1ticos de simplemente dejar que el corcho vuele.<\/li>\n\n\n\n<li>Coloque el pulgar sobre la boca de la botella, pero no la cubra por completo.<\/li>\n\n\n\n<li>No roc\u00edes el champ\u00e1n directamente frente a ti, o tus rostros no se mostrar\u00e1n en las im\u00e1genes.<\/li>\n\n\n\n<li>Y, por \u00faltimo, agita la botella con fuerza, de arriba a abajo, idealmente con un poco de rotaci\u00f3n. Divi\u00e9rtete y no dejes de agitar hasta que deje de salir el chorro.<\/li>\n<\/ul>\n<\/div><\/div>\n\n\n\n<div class=\"wp-block-group alignfull mt-0 mb-0 sec sec-services has-subtle-background-background-color has-background\"><div class=\"wp-block-group__inner-container is-layout-constrained wp-block-group-is-layout-constrained\">\n<h2 class=\"wp-block-heading title-v2\">\u00bfQu\u00e9 sigue?<\/h2>\n\n\n\n<div class=\"wp-block-columns boxes plans is-layout-flex wp-container-core-columns-is-layout-9d6595d7 wp-block-columns-is-layout-flex\">\n<div class=\"wp-block-column is-layout-flow wp-block-column-is-layout-flow\">\n<figure class=\"wp-block-image size-full\"><a href=\"https:\/\/kissinparis.com\/es\/restaurantes-vista-torre-eiffel\/\" aria-label=\"Leer m\u00e1s sobre Par\u00eds paquete en pareja mejores restaurantes con vistas a la Torre Eiffel\"><img loading=\"lazy\" decoding=\"async\" width=\"300\" height=\"400\" src=\"https:\/\/kissinparis.com\/wp-content\/uploads\/2023\/03\/Paris-couple-package-best-restaurants-with-Eiffel-Tower-view.jpg\" alt=\"Par\u00eds paquete de pareja mejores restaurantes con vistas a la Torre Eiffel\" class=\"wp-image-1027\" srcset=\"https:\/\/kissinparis.com\/wp-content\/uploads\/2023\/03\/Paris-couple-package-best-restaurants-with-Eiffel-Tower-view.jpg 300w, https:\/\/kissinparis.com\/wp-content\/uploads\/2023\/03\/Paris-couple-package-best-restaurants-with-Eiffel-Tower-view-225x300.jpg 225w\" sizes=\"auto, (max-width: 300px) 100vw, 300px\" \/><\/a><\/figure>\n\n\n\n<div class=\"wp-block-group mt-0 mb-0 content\"><div class=\"wp-block-group__inner-container is-layout-constrained wp-block-group-is-layout-constrained\">\n<h3 class=\"wp-block-heading\"><a href=\"https:\/\/kissinparis.com\/es\/restaurantes-vista-torre-eiffel\/\">D\u00f3nde comer en Par\u00eds<\/a><\/h3>\n\n\n\n<p class=\"sec-header\"><a href=\"https:\/\/kissinparis.com\/es\/restaurantes-vista-torre-eiffel\/\">Los mejores restaurantes con vistas a la Torre Eiffel<\/a><\/p>\n<\/div><\/div>\n<\/div>\n\n\n\n<div class=\"wp-block-column is-layout-flow wp-block-column-is-layout-flow\">\n<figure class=\"wp-block-image size-full\"><a href=\"https:\/\/kissinparis.com\/es\/fotografo-parejas-paris-noche\/\" aria-label=\"Leer m\u00e1s sobre Las fotos nocturnas en Par\u00eds son m\u00e1s rom\u00e1nticas\"><img loading=\"lazy\" decoding=\"async\" width=\"300\" height=\"400\" src=\"https:\/\/kissinparis.com\/wp-content\/uploads\/2023\/03\/Nighttime-photos-in-Paris-are-more-romantic.jpg\" alt=\"Las fotos nocturnas en Par\u00eds son m\u00e1s rom\u00e1nticas\" class=\"wp-image-1028\" srcset=\"https:\/\/kissinparis.com\/wp-content\/uploads\/2023\/03\/Nighttime-photos-in-Paris-are-more-romantic.jpg 300w, https:\/\/kissinparis.com\/wp-content\/uploads\/2023\/03\/Nighttime-photos-in-Paris-are-more-romantic-225x300.jpg 225w\" sizes=\"auto, (max-width: 300px) 100vw, 300px\" \/><\/a><\/figure>\n\n\n\n<div class=\"wp-block-group mt-0 mb-0 content\"><div class=\"wp-block-group__inner-container is-layout-constrained wp-block-group-is-layout-constrained\">\n<h3 class=\"wp-block-heading\"><a href=\"https:\/\/kissinparis.com\/es\/fotografo-parejas-paris-noche\/\">Fotos de pareja por la noche<\/a><\/h3>\n\n\n\n<p class=\"sec-header\"><a href=\"https:\/\/kissinparis.com\/es\/fotografo-parejas-paris-noche\/\">Reserva un fot\u00f3grafo de compromiso en Par\u00eds<\/a><\/p>\n<\/div><\/div>\n<\/div>\n\n\n\n<div class=\"wp-block-column is-layout-flow wp-block-column-is-layout-flow\">\n<figure class=\"wp-block-image size-full\"><a href=\"https:\/\/kissinparis.com\/es\/fotos-pareja-torre-eiffel\/\" aria-label=\"Lea m\u00e1s sobre ideas para fotos de parejas en la Torre Eiffel.\"><img loading=\"lazy\" decoding=\"async\" width=\"300\" height=\"400\" src=\"https:\/\/kissinparis.com\/wp-content\/uploads\/2023\/03\/Eiffel-Tower-couple-picture-ideas.jpg\" alt=\"Ideas para fotos de parejas en la Torre Eiffel\" class=\"wp-image-1030\" srcset=\"https:\/\/kissinparis.com\/wp-content\/uploads\/2023\/03\/Eiffel-Tower-couple-picture-ideas.jpg 300w, https:\/\/kissinparis.com\/wp-content\/uploads\/2023\/03\/Eiffel-Tower-couple-picture-ideas-225x300.jpg 225w\" sizes=\"auto, (max-width: 300px) 100vw, 300px\" \/><\/a><\/figure>\n\n\n\n<div class=\"wp-block-group mt-0 mb-0 content\"><div class=\"wp-block-group__inner-container is-layout-constrained wp-block-group-is-layout-constrained\">\n<h3 class=\"wp-block-heading\"><a href=\"https:\/\/kissinparis.com\/es\/fotos-pareja-torre-eiffel\/\">Fotos de pareja en la Torre Eiffel<\/a><\/h3>\n\n\n\n<p class=\"sec-header\"><a href=\"https:\/\/kissinparis.com\/es\/fotos-pareja-torre-eiffel\/\">Cuando la Torre Eiffel es una visita obligada<\/a><\/p>\n<\/div><\/div>\n<\/div>\n\n\n\n<div class=\"wp-block-column is-layout-flow wp-block-column-is-layout-flow\">\n<figure class=\"wp-block-image size-full\"><a href=\"https:\/\/kissinparis.com\/es\/poses-fotos-pareja\/\" aria-label=\"Lea m\u00e1s sobre C\u00f3mo posar como pareja para deslumbrantes fotos de compromiso en Par\u00eds.\"><img loading=\"lazy\" decoding=\"async\" width=\"300\" height=\"400\" src=\"https:\/\/kissinparis.com\/wp-content\/uploads\/2023\/03\/How-to-pose-as-a-couple-for-dazzling-Paris-Engagement-photos.jpg\" alt=\"C\u00f3mo posar como pareja para unas deslumbrantes fotos de compromiso en Par\u00eds\" class=\"wp-image-1032\" srcset=\"https:\/\/kissinparis.com\/wp-content\/uploads\/2023\/03\/How-to-pose-as-a-couple-for-dazzling-Paris-Engagement-photos.jpg 300w, https:\/\/kissinparis.com\/wp-content\/uploads\/2023\/03\/How-to-pose-as-a-couple-for-dazzling-Paris-Engagement-photos-225x300.jpg 225w\" sizes=\"auto, (max-width: 300px) 100vw, 300px\" \/><\/a><\/figure>\n\n\n\n<div class=\"wp-block-group mt-0 mb-0 content\"><div class=\"wp-block-group__inner-container is-layout-constrained wp-block-group-is-layout-constrained\">\n<h3 class=\"wp-block-heading\"><a href=\"https:\/\/kissinparis.com\/es\/poses-fotos-pareja\/\">C\u00f3mo posar en pareja<\/a><\/h3>\n\n\n\n<p class=\"sec-header\"><a href=\"https:\/\/kissinparis.com\/es\/poses-fotos-pareja\/\">Poses impactantes para tu sesi\u00f3n de fotos en Par\u00eds<\/a><\/p>\n<\/div><\/div>\n<\/div>\n<\/div>\n<\/div><\/div>","protected":false},"excerpt":{"rendered":"<p>How to Master the Champagne Pop and Get Epic Photos How to do a Champagne pop like a Rockstar (while getting mind-blowing photos). The Champagne Pop:&nbsp;Toasting with a properly chilled, bubbly Champagne is always a good idea. Chances are, your couple&#8217;s photoshoot marks a joyous occasion &#8230; and fizzy, light-colored wine has historically been associated [&hellip;]<\/p>\n","protected":false},"author":35,"featured_media":0,"parent":0,"menu_order":0,"comment_status":"closed","ping_status":"closed","template":"","meta":{"_acf_changed":false,"ub_ctt_via":"","footnotes":""},"class_list":["post-5473","page","type-page","status-publish","hentry"],"acf":[],"featured_image_src":null,"_links":{"self":[{"href":"https:\/\/kissinparis.com\/es\/wp-json\/wp\/v2\/pages\/5473","targetHints":{"allow":["GET"]}}],"collection":[{"href":"https:\/\/kissinparis.com\/es\/wp-json\/wp\/v2\/pages"}],"about":[{"href":"https:\/\/kissinparis.com\/es\/wp-json\/wp\/v2\/types\/page"}],"author":[{"embeddable":true,"href":"https:\/\/kissinparis.com\/es\/wp-json\/wp\/v2\/users\/35"}],"replies":[{"embeddable":true,"href":"https:\/\/kissinparis.com\/es\/wp-json\/wp\/v2\/comments?post=5473"}],"version-history":[{"count":3,"href":"https:\/\/kissinparis.com\/es\/wp-json\/wp\/v2\/pages\/5473\/revisions"}],"predecessor-version":[{"id":22896,"href":"https:\/\/kissinparis.com\/es\/wp-json\/wp\/v2\/pages\/5473\/revisions\/22896"}],"wp:attachment":[{"href":"https:\/\/kissinparis.com\/es\/wp-json\/wp\/v2\/media?parent=5473"}],"curies":[{"name":"wp","href":"https:\/\/api.w.org\/{rel}","templated":true}]}}