{"id":5479,"date":"2023-03-10T16:54:36","date_gmt":"2023-03-10T16:54:36","guid":{"rendered":"https:\/\/kissinparis.com\/?page_id=5479"},"modified":"2025-05-29T10:39:47","modified_gmt":"2025-05-29T10:39:47","slug":"consejos","status":"publish","type":"page","link":"https:\/\/kissinparis.com\/es\/paris-proposal\/tips\/","title":{"rendered":"6 consejos para una propuesta de matrimonio en Par\u00eds: Gu\u00eda para el \u00e9xito de un aut\u00e9ntico caballero"},"content":{"rendered":"<div class=\"wp-block-group alignfull sec heror-section mt-0 mb-0 has-scroll-down has-background-color has-primary-background-color has-text-color has-background has-link-color wp-elements-e32fd57050ed15a68c56c011dc3cfea6\"><div class=\"wp-block-group__inner-container is-layout-constrained wp-block-group-is-layout-constrained\">\n<h1 class=\"wp-block-heading alignwide has-text-align-left full has-background-color has-text-color has-link-color wp-elements-43d9e5ea0db72db56f38e4db60c83311\">6 consejos para una propuesta de matrimonio en Par\u00eds: de caballeros para caballeros<\/h1>\n<\/div><\/div>\n\n\n\n<div class=\"wp-block-cover alignfull is-light mt-0 mb-0 banner banner-resources\"><img loading=\"lazy\" decoding=\"async\" width=\"1500\" height=\"1000\" class=\"wp-block-cover__image-background wp-image-5485\" alt=\"Consejos probados para una propuesta de matrimonio en Par\u00eds, hechos por caballeros para caballeros.\" src=\"https:\/\/kissinparis.com\/wp-content\/uploads\/2023\/03\/Proven-Paris-proposal-tips-for-the-gentleman-by-the-gentleman.jpg\" data-object-fit=\"cover\" srcset=\"https:\/\/kissinparis.com\/wp-content\/uploads\/2023\/03\/Proven-Paris-proposal-tips-for-the-gentleman-by-the-gentleman.jpg 1500w, https:\/\/kissinparis.com\/wp-content\/uploads\/2023\/03\/Proven-Paris-proposal-tips-for-the-gentleman-by-the-gentleman-300x200.jpg 300w, https:\/\/kissinparis.com\/wp-content\/uploads\/2023\/03\/Proven-Paris-proposal-tips-for-the-gentleman-by-the-gentleman-1024x683.jpg 1024w, https:\/\/kissinparis.com\/wp-content\/uploads\/2023\/03\/Proven-Paris-proposal-tips-for-the-gentleman-by-the-gentleman-768x512.jpg 768w, https:\/\/kissinparis.com\/wp-content\/uploads\/2023\/03\/Proven-Paris-proposal-tips-for-the-gentleman-by-the-gentleman-1200x800.jpg 1200w\" sizes=\"auto, (max-width: 1500px) 100vw, 1500px\" \/><span aria-hidden=\"true\" class=\"wp-block-cover__background has-primary-background-color has-background-dim-0 has-background-dim\"><\/span><div class=\"wp-block-cover__inner-container is-layout-flow wp-block-cover-is-layout-flow\">\n<div class=\"banner-video\">\n<img decoding=\"async\" src=\"https:\/\/kissinparis.com\/wp-content\/uploads\/2023\/02\/placeholder_16x9.png\" alt=\"\u00c1rea del h\u00e9roe\">\n<\/div>\n<\/div><\/div>\n\n\n\n<div class=\"wp-block-group alignfull mt-0 mb-0 sec sec-content has-white-background-color has-background\" id=\"sec-0\"><div class=\"wp-block-group__inner-container is-layout-constrained wp-block-group-is-layout-constrained\">\n<p><em>Este art\u00edculo fue escrito por Brett Krynak, un novio que plane\u00f3 su propuesta de matrimonio en Par\u00eds con Kiss Me in Paris. Aqu\u00ed te contamos sus experiencias reales y las lecciones aprendidas.<\/em><\/p>\n\n\n\n<p>Planear una propuesta de matrimonio en Par\u00eds implica encontrar el equilibrio entre discreci\u00f3n, tiempo y un toque de bravuconer\u00eda. Soy Brett, un novio que hizo la pregunta de cuatro palabras al amanecer en Trocadero. Espero que estas seis lecciones te ayuden a crear una experiencia memorable y sin estr\u00e9s.<\/p>\n\n\n\n<h2 class=\"wp-block-heading\">Las mejores vistas de la Torre Eiffel para tu propuesta de matrimonio en Par\u00eds<\/h2>\n\n\n\n<p>Eleg\u00ed <a href=\"https:\/\/kissinparis.com\/es\/trocadero-torre-eiffel\/\">Trocadero<\/a> Porque nada iguala su perspectiva panor\u00e1mica y descomunal de la Torre Eiffel. En el silencio previo al amanecer, el encaje de hierro parece brillar. Si le preocupan las multitudes, llegue unos minutos antes del amanecer para conseguir un lugar privilegiado en el and\u00e9n y disfrutar de una inusual combinaci\u00f3n de relativa privacidad y vistas espectaculares.<\/p>\n\n\n\n<p>Para un entorno m\u00e1s tranquilo, los Jardins du Trocad\u00e9ro (inmediatamente debajo de las plataformas de la plaza principal) ofrecen espacios verdes que se sienten sorprendentemente privados y al mismo tiempo le brindan esa inconfundible sensaci\u00f3n de privacidad. <a href=\"https:\/\/kissinparis.com\/es\/trocadero-torre-eiffel\/\">Silueta de propuesta de la Torre Eiffel<\/a>.<\/p>\n\n\n\n<figure class=\"wp-block-image alignwide size-full\"><img loading=\"lazy\" decoding=\"async\" width=\"1600\" height=\"1067\" src=\"https:\/\/kissinparis.com\/wp-content\/uploads\/2023\/03\/Paris-Eiffel-Tower-photoshoot-at-the-Trocadero-Fountains-6.jpg\" alt=\"Sesi\u00f3n de fotos de la Torre Eiffel de Par\u00eds en las fuentes del Trocadero\" class=\"wp-image-2706\" srcset=\"https:\/\/kissinparis.com\/wp-content\/uploads\/2023\/03\/Paris-Eiffel-Tower-photoshoot-at-the-Trocadero-Fountains-6.jpg 1600w, https:\/\/kissinparis.com\/wp-content\/uploads\/2023\/03\/Paris-Eiffel-Tower-photoshoot-at-the-Trocadero-Fountains-6-300x200.jpg 300w, https:\/\/kissinparis.com\/wp-content\/uploads\/2023\/03\/Paris-Eiffel-Tower-photoshoot-at-the-Trocadero-Fountains-6-1024x683.jpg 1024w, https:\/\/kissinparis.com\/wp-content\/uploads\/2023\/03\/Paris-Eiffel-Tower-photoshoot-at-the-Trocadero-Fountains-6-768x512.jpg 768w, https:\/\/kissinparis.com\/wp-content\/uploads\/2023\/03\/Paris-Eiffel-Tower-photoshoot-at-the-Trocadero-Fountains-6-1536x1024.jpg 1536w, https:\/\/kissinparis.com\/wp-content\/uploads\/2023\/03\/Paris-Eiffel-Tower-photoshoot-at-the-Trocadero-Fountains-6-1200x800.jpg 1200w\" sizes=\"auto, (max-width: 1600px) 100vw, 1600px\" \/><figcaption class=\"wp-element-caption\">Sesi\u00f3n de fotos de propuesta de matrimonio en la Torre Eiffel de Par\u00eds en el Trocadero al amanecer.<\/figcaption><\/figure>\n\n\n\n<h2 class=\"wp-block-heading\">Asegurando la bendici\u00f3n de su familia por adelantado<\/h2>\n\n\n\n<p>Visitar a sus padres antes de reservar vuelos demuestra consideraci\u00f3n y trae una recompensa emocional. Llev\u00e9 el anillo (para sus padres) en el bolsillo, les habl\u00e9 con el coraz\u00f3n y luego grab\u00e9 en mi tel\u00e9fono para capturar sus bendiciones.<\/p>\n\n\n\n<p>Cuando Stephanie pidi\u00f3 llamar a su familia inmediatamente despu\u00e9s de mi propuesta, puse ese video. Verla llorar al recibir noticias de sus seres queridos convirti\u00f3 lo que podr\u00eda haber sido una breve formalidad en uno de nuestros recuerdos m\u00e1s preciados.<\/p>\n\n\n\n<figure class=\"wp-block-image alignwide size-full\"><img loading=\"lazy\" decoding=\"async\" width=\"1000\" height=\"667\" src=\"https:\/\/kissinparis.com\/wp-content\/uploads\/2023\/03\/Paris-Eiffel-Tower-proposal-at-Trocadero-7.jpg\" alt=\"Consejos para pedirle permiso a pap\u00e1 en una propuesta en Par\u00eds\" class=\"wp-image-5492\" srcset=\"https:\/\/kissinparis.com\/wp-content\/uploads\/2023\/03\/Paris-Eiffel-Tower-proposal-at-Trocadero-7.jpg 1000w, https:\/\/kissinparis.com\/wp-content\/uploads\/2023\/03\/Paris-Eiffel-Tower-proposal-at-Trocadero-7-300x200.jpg 300w, https:\/\/kissinparis.com\/wp-content\/uploads\/2023\/03\/Paris-Eiffel-Tower-proposal-at-Trocadero-7-768x512.jpg 768w\" sizes=\"auto, (max-width: 1000px) 100vw, 1000px\" \/><figcaption class=\"wp-element-caption\">Consejos para proponer matrimonio en Par\u00eds: c\u00f3mo conseguir el permiso de pap\u00e1<\/figcaption><\/figure>\n\n\n\n<h2 class=\"wp-block-heading\">Trucos discretos para transportar anillos<\/h2>\n\n\n\n<p>Mantener el anillo de compromiso de diamantes oculto durante un viaje largo es m\u00e1s f\u00e1cil decirlo que hacerlo. Mi arma secreta fue un rodillo quitapelusas que compr\u00e9 en Amazon. Funciona como cualquier rodillo quitapelusas, pero dentro cabe una caja para anillos. Lo dej\u00e9 a la vista en casa durante semanas, as\u00ed que Stephanie no se lo pregunt\u00f3 cuando finalmente apareci\u00f3 en mi equipaje y en nuestra suite de hotel compartida.<\/p>\n\n\n\n<p>Si los rodillos quitapelusas no son lo tuyo, los frascos de art\u00edculos de tocador ahuecados o las bolsas de cosm\u00e9ticos con fondo falso cumplen la misma funci\u00f3n: cualquier cosa que est\u00e9 acostumbrada a ver pasar\u00e1 desapercibida para ella.<\/p>\n\n\n\n<h2 class=\"wp-block-heading\">Gu\u00eda para caballeros sobre c\u00f3mo revelar el brillo<\/h2>\n\n\n\n<p>El momento de la revelaci\u00f3n deber\u00eda ser incre\u00edble. Practiqu\u00e9 abriendo la caja docenas de veces y luego le a\u00f1ad\u00ed dos peque\u00f1as marcas en una esquina para identificar su orientaci\u00f3n con solo tocarla. Cuando lleg\u00f3 el d\u00eda, mis manos se mov\u00edan con seguridad y la atenci\u00f3n se centr\u00f3 en mis palabras, en el contacto visual fluido y no en manipular la caja.<\/p>\n\n\n\n<p>Una buena idea es hacer un ensayo r\u00e1pido en casa, sin p\u00fablico.<\/p>\n\n\n\n<h2 class=\"wp-block-heading\">Consejos para fotograf\u00edas de compromiso en Par\u00eds<\/h2>\n\n\n\n<p>Tu propuesta debe ser recordada en fotograf\u00edas que parezcan cinematogr\u00e1ficas y se sientan incluso mejor que la realidad. Reserv\u00e9 un paquete de dos d\u00edas y siete horas con Kiss Me in Paris: el primer d\u00eda empez\u00f3 con una <a href=\"https:\/\/kissinparis.com\/es\/pedida-de-mano-paris\/sesion-fotos-sorpresa\/\">Pedida de mano sorpresa con sesi\u00f3n de fotos en Par\u00eds<\/a> Al amanecer en Trocad\u00e9ro, luego una relajada sesi\u00f3n nocturna alrededor de los lugares emblem\u00e1ticos de la ciudad y los rincones rom\u00e1nticos ocultos.<\/p>\n\n\n\n<p>Nuestra sesi\u00f3n fotogr\u00e1fica del d\u00eda siguiente super\u00f3 mis expectativas: elegimos el paquete de fotograf\u00eda 2+2, que combina lo mejor del amanecer con la hora dorada y azul de la noche. Stephanie tuvo tiempo de asimilar su compromiso y vestirse para la ocasi\u00f3n (de hecho, ella eligi\u00f3 los lugares para las fotos), y nuestros retratos nocturnos junto a la torre iluminada se convirtieron en algunos de nuestros favoritos.<\/p>\n\n\n\n<p>Si puede incluir una aventura fotogr\u00e1fica de este tipo en su presupuesto de propuesta, no lo dude: probablemente necesitar\u00e1... <a href=\"https:\/\/kissinparis.com\/es\/fotos-compromiso-paris\/\">fotos de compromiso<\/a> De todos modos, antes de tu boda, y tambi\u00e9n puedes conseguirlos en esta ciudad fotog\u00e9nica mientras ambos est\u00e1n radiantes y en las nubes.<\/p>\n\n\n\n<h2 class=\"wp-block-heading\">Contratar a un fot\u00f3grafo de propuestas sorpresa<\/h2>\n\n\n\n<p>No todos los fot\u00f3grafos est\u00e1n hechos para propuestas en vivo. Les contact\u00e9 con un mensaje sincero, sin preguntas gen\u00e9ricas, y les dej\u00e9 claro que mi fluidez en ingl\u00e9s y mi discreci\u00f3n eran indispensables. El profesional adecuado me hizo preguntas, me sugiri\u00f3 lugares menos concurridos y trat\u00f3 mi compromiso como el evento \u00fanico que era.<\/p>\n\n\n\n<p>Al entrevistar a posibles candidatos <a href=\"https:\/\/kissinparis.com\/es\/pedida-de-mano-paris\/fotografo\/\">Estudios de fotograf\u00eda de propuestas en Par\u00eds<\/a>, buscamos curiosidad genuina, ideas personalizadas y voluntad de ayudar.<\/p>\n\n\n\n<p><em>Sigue esta secuencia (a d\u00f3nde ir, de qui\u00e9n obtener la bendici\u00f3n, c\u00f3mo transportar y presentar el anillo y luego c\u00f3mo capturarlo todo) y crear\u00e1s una experiencia sincera y sin estr\u00e9s, tan grandiosa como la Ciudad de la Luz misma.<\/em><\/p>\n<\/div><\/div>\n\n\n\n<div class=\"wp-block-group alignfull sec mt-0 mb-0 hide-caption has-subtle-background-background-color has-background\"><div class=\"wp-block-group__inner-container is-layout-constrained wp-block-group-is-layout-constrained\">\n<h2 class=\"wp-block-heading title-v2\">Tambi\u00e9n te puede interesar: M\u00e1s inspiraci\u00f3n para propuestas de matrimonio en Par\u00eds<\/h2>\n\n\n\n<div class=\"wp-block-columns boxes plans is-layout-flex wp-container-core-columns-is-layout-9d6595d7 wp-block-columns-is-layout-flex\">\n<div class=\"wp-block-column is-layout-flow wp-block-column-is-layout-flow\">\n<figure class=\"wp-block-image size-full\"><a href=\"https:\/\/kissinparis.com\/es\/pedida-de-mano-paris\/ideas-paris\/\" aria-label=\"Lea m\u00e1s sobre ideas y consejos para propuestas en Par\u00eds.\"><img loading=\"lazy\" decoding=\"async\" width=\"400\" height=\"500\" src=\"https:\/\/kissinparis.com\/wp-content\/uploads\/2023\/03\/Paris-proposal-tips-1.jpg\" alt=\"Ideas y consejos para propuestas de matrimonio en Par\u00eds\" class=\"wp-image-5486\" srcset=\"https:\/\/kissinparis.com\/wp-content\/uploads\/2023\/03\/Paris-proposal-tips-1.jpg 400w, https:\/\/kissinparis.com\/wp-content\/uploads\/2023\/03\/Paris-proposal-tips-1-240x300.jpg 240w\" sizes=\"auto, (max-width: 400px) 100vw, 400px\" \/><\/a><figcaption class=\"wp-element-caption\">Ideas y consejos para propuestas de matrimonio en Par\u00eds<\/figcaption><\/figure>\n\n\n\n<div class=\"wp-block-group mt-0 mb-0 content\"><div class=\"wp-block-group__inner-container is-layout-constrained wp-block-group-is-layout-constrained\">\n<h3 class=\"wp-block-heading\" style=\"text-transform:capitalize\"><a href=\"https:\/\/kissinparis.com\/es\/pedida-de-mano-paris\/ideas-paris\/\">C\u00f3mo proponer matrimonio en Par\u00eds<\/a><\/h3>\n\n\n\n<p class=\"sec-header\"><a href=\"https:\/\/kissinparis.com\/es\/pedida-de-mano-paris\/ideas-paris\/\">La gu\u00eda definitiva<\/a><\/p>\n<\/div><\/div>\n<\/div>\n\n\n\n<div class=\"wp-block-column is-layout-flow wp-block-column-is-layout-flow\">\n<figure class=\"wp-block-image size-full\"><a href=\"https:\/\/kissinparis.com\/es\/pedida-de-mano-paris\/paquetes\/\" aria-label=\"Leer m\u00e1s sobre el mejor fot\u00f3grafo de propuestas de Par\u00eds\"><img loading=\"lazy\" decoding=\"async\" width=\"400\" height=\"500\" src=\"https:\/\/kissinparis.com\/wp-content\/uploads\/2023\/03\/Paris-proposal-photographer-1.jpg\" alt=\"El mejor fot\u00f3grafo de propuestas de Par\u00eds\" class=\"wp-image-5487\" srcset=\"https:\/\/kissinparis.com\/wp-content\/uploads\/2023\/03\/Paris-proposal-photographer-1.jpg 400w, https:\/\/kissinparis.com\/wp-content\/uploads\/2023\/03\/Paris-proposal-photographer-1-240x300.jpg 240w\" sizes=\"auto, (max-width: 400px) 100vw, 400px\" \/><\/a><figcaption class=\"wp-element-caption\">Proponer matrimonio en Par\u00eds: por qu\u00e9 Par\u00eds, los lugares m\u00e1s bonitos, qu\u00e9 rodilla, qu\u00e9 decir y un mont\u00f3n de ideas rom\u00e1nticas para propuestas en Par\u00eds.<\/figcaption><\/figure>\n\n\n\n<div class=\"wp-block-group mt-0 mb-0 content\"><div class=\"wp-block-group__inner-container is-layout-constrained wp-block-group-is-layout-constrained\">\n<h3 class=\"wp-block-heading\" style=\"text-transform:capitalize\"><a href=\"https:\/\/kissinparis.com\/es\/pedida-de-mano-paris\/paquetes\/\">Paquetes de propuestas de Par\u00eds<\/a><\/h3>\n\n\n\n<p class=\"sec-header\"><a href=\"https:\/\/kissinparis.com\/es\/pedida-de-mano-paris\/paquetes\/\">Insp\u00edrate con ideas de propuestas probadas<\/a><\/p>\n<\/div><\/div>\n<\/div>\n\n\n\n<div class=\"wp-block-column is-layout-flow wp-block-column-is-layout-flow\">\n<figure class=\"wp-block-image size-full\"><a href=\"https:\/\/kissinparis.com\/es\/mejores-lugares-para-fotos-paris\/\" aria-label=\"Lee m\u00e1s sobre Shangri La Paris, uno de los lugares m\u00e1s rom\u00e1nticos para pedir matrimonio en Par\u00eds. Pedida de mano en la azotea con vistas a la Torre Eiffel.\"><img loading=\"lazy\" decoding=\"async\" width=\"400\" height=\"500\" src=\"https:\/\/kissinparis.com\/wp-content\/uploads\/2023\/03\/Best-places-to-propose-in-Paris.jpg\" alt=\"El Shangri La Paris es uno de los lugares m\u00e1s rom\u00e1nticos para pedir matrimonio en Par\u00eds. Pedida de mano en la azotea con vistas a la Torre Eiffel.\" class=\"wp-image-5488\" srcset=\"https:\/\/kissinparis.com\/wp-content\/uploads\/2023\/03\/Best-places-to-propose-in-Paris.jpg 400w, https:\/\/kissinparis.com\/wp-content\/uploads\/2023\/03\/Best-places-to-propose-in-Paris-240x300.jpg 240w\" sizes=\"auto, (max-width: 400px) 100vw, 400px\" \/><\/a><figcaption class=\"wp-element-caption\">El Shangri-La Paris es uno de los lugares m\u00e1s rom\u00e1nticos para pedir matrimonio en Par\u00eds. Pedida de mano en la azotea con vistas a la Torre Eiffel.<\/figcaption><\/figure>\n\n\n\n<div class=\"wp-block-group mt-0 mb-0 content\"><div class=\"wp-block-group__inner-container is-layout-constrained wp-block-group-is-layout-constrained\">\n<h3 class=\"wp-block-heading\" style=\"text-transform:capitalize\"><a href=\"https:\/\/kissinparis.com\/es\/mejores-lugares-para-fotos-paris\/\">D\u00f3nde proponer matrimonio en Par\u00eds<\/a><\/h3>\n\n\n\n<p class=\"sec-header\"><a href=\"https:\/\/kissinparis.com\/es\/mejores-lugares-para-fotos-paris\/\">Echa un vistazo a nuestros lugares favoritos<\/a><\/p>\n<\/div><\/div>\n<\/div>\n\n\n\n<div class=\"wp-block-column is-layout-flow wp-block-column-is-layout-flow\">\n<figure class=\"wp-block-image size-full\"><a href=\"https:\/\/kissinparis.com\/es\/pedida-de-mano-paris\/\" aria-label=\"Leer m\u00e1s sobre Contratar un planificador de Par\u00eds para mi propuesta\"><img loading=\"lazy\" decoding=\"async\" width=\"400\" height=\"500\" src=\"https:\/\/kissinparis.com\/wp-content\/uploads\/2023\/03\/Hire-a-Paris-planner-for-my-proposal.jpg\" alt=\"Contratar un planificador de Par\u00eds para mi propuesta\" class=\"wp-image-5489\" srcset=\"https:\/\/kissinparis.com\/wp-content\/uploads\/2023\/03\/Hire-a-Paris-planner-for-my-proposal.jpg 400w, https:\/\/kissinparis.com\/wp-content\/uploads\/2023\/03\/Hire-a-Paris-planner-for-my-proposal-240x300.jpg 240w\" sizes=\"auto, (max-width: 400px) 100vw, 400px\" \/><\/a><figcaption class=\"wp-element-caption\">Propuesta de matrimonio en el Chateau de Villette en Francia<\/figcaption><\/figure>\n\n\n\n<div class=\"wp-block-group mt-0 mb-0 content\"><div class=\"wp-block-group__inner-container is-layout-constrained wp-block-group-is-layout-constrained\">\n<h3 class=\"wp-block-heading\" style=\"text-transform:capitalize\"><a href=\"https:\/\/kissinparis.com\/es\/pedida-de-mano-paris\/\">Cortar a trav\u00e9s del ruido<\/a><\/h3>\n\n\n\n<p class=\"sec-header\"><a href=\"https:\/\/kissinparis.com\/es\/pedida-de-mano-paris\/\">Consulte a nuestro experto planificador de propuestas<\/a><\/p>\n<\/div><\/div>\n<\/div>\n<\/div>\n<\/div><\/div>","protected":false},"excerpt":{"rendered":"<p>6 Paris Proposal Tips: By the Gentleman for the Gentleman This article is written by Brett Krynak, a recent groom who planned his Paris proposal with Kiss Me in Paris. These are his real experiences and lessons learned. Planning a proposal in Paris means balancing secrecy, timing, and a dash of bravado. I&#8217;m Brett\u2014a recent [&hellip;]<\/p>\n","protected":false},"author":35,"featured_media":5485,"parent":293,"menu_order":0,"comment_status":"closed","ping_status":"closed","template":"","meta":{"_acf_changed":false,"ub_ctt_via":"","footnotes":""},"class_list":["post-5479","page","type-page","status-publish","has-post-thumbnail","hentry"],"acf":[],"featured_image_src":"https:\/\/kissinparis.com\/wp-content\/uploads\/2023\/03\/Proven-Paris-proposal-tips-for-the-gentleman-by-the-gentleman.jpg","_links":{"self":[{"href":"https:\/\/kissinparis.com\/es\/wp-json\/wp\/v2\/pages\/5479","targetHints":{"allow":["GET"]}}],"collection":[{"href":"https:\/\/kissinparis.com\/es\/wp-json\/wp\/v2\/pages"}],"about":[{"href":"https:\/\/kissinparis.com\/es\/wp-json\/wp\/v2\/types\/page"}],"author":[{"embeddable":true,"href":"https:\/\/kissinparis.com\/es\/wp-json\/wp\/v2\/users\/35"}],"replies":[{"embeddable":true,"href":"https:\/\/kissinparis.com\/es\/wp-json\/wp\/v2\/comments?post=5479"}],"version-history":[{"count":13,"href":"https:\/\/kissinparis.com\/es\/wp-json\/wp\/v2\/pages\/5479\/revisions"}],"predecessor-version":[{"id":23007,"href":"https:\/\/kissinparis.com\/es\/wp-json\/wp\/v2\/pages\/5479\/revisions\/23007"}],"up":[{"embeddable":true,"href":"https:\/\/kissinparis.com\/es\/wp-json\/wp\/v2\/pages\/293"}],"wp:featuredmedia":[{"embeddable":true,"href":"https:\/\/kissinparis.com\/es\/wp-json\/wp\/v2\/media\/5485"}],"wp:attachment":[{"href":"https:\/\/kissinparis.com\/es\/wp-json\/wp\/v2\/media?parent=5479"}],"curies":[{"name":"wp","href":"https:\/\/api.w.org\/{rel}","templated":true}]}}