{"id":575,"date":"2023-02-28T12:44:01","date_gmt":"2023-02-28T12:44:01","guid":{"rendered":"https:\/\/kissinparis.com\/?page_id=575"},"modified":"2025-10-16T14:04:32","modified_gmt":"2025-10-16T14:04:32","slug":"opiniones","status":"publish","type":"page","link":"https:\/\/kissinparis.com\/es\/reviews\/","title":{"rendered":"Rese\u00f1as de propuestas y bodas de Kiss Me in Paris"},"content":{"rendered":"<div class=\"wp-block-group alignfull sec heror-section mt-0 mb-0 has-scroll-down has-background-color has-primary-background-color has-text-color has-background has-link-color wp-elements-2c68d617794ba8ca98d2667bf937eb8f\"><div class=\"wp-block-group__inner-container is-layout-constrained wp-block-group-is-layout-constrained\">\n<h1 class=\"wp-block-heading alignwide has-text-align-left full has-background-color has-text-color has-link-color wp-elements-a75d45309813e829768381874f750ada\">Nuestros clientes nos aman<\/h1>\n<\/div><\/div>\n\n\n\n<div class=\"wp-block-cover alignfull mt-0 mb-0 banner banner-md\"><img loading=\"lazy\" decoding=\"async\" width=\"1600\" height=\"1067\" class=\"wp-block-cover__image-background wp-image-17277\" alt=\"Propuesta sorpresa en Par\u00eds en la terraza del Hotel Shangri-La: pareja rodeada de flores rojas y velas al amanecer, fuentes de fuegos artificiales iluminando su compromiso en la Torre Eiffel\" src=\"https:\/\/kissinparis.com\/wp-content\/uploads\/2025\/03\/paris-proposal-shangri-la-eiffel-tower-sunrise.avif\" style=\"object-position:49% 61%\" data-object-fit=\"cover\" data-object-position=\"49% 61%\" srcset=\"https:\/\/kissinparis.com\/wp-content\/uploads\/2025\/03\/paris-proposal-shangri-la-eiffel-tower-sunrise.avif 1600w, https:\/\/kissinparis.com\/wp-content\/uploads\/2025\/03\/paris-proposal-shangri-la-eiffel-tower-sunrise-300x200.avif 300w, https:\/\/kissinparis.com\/wp-content\/uploads\/2025\/03\/paris-proposal-shangri-la-eiffel-tower-sunrise-1024x683.avif 1024w, https:\/\/kissinparis.com\/wp-content\/uploads\/2025\/03\/paris-proposal-shangri-la-eiffel-tower-sunrise-768x512.avif 768w, https:\/\/kissinparis.com\/wp-content\/uploads\/2025\/03\/paris-proposal-shangri-la-eiffel-tower-sunrise-1536x1024.avif 1536w, https:\/\/kissinparis.com\/wp-content\/uploads\/2025\/03\/paris-proposal-shangri-la-eiffel-tower-sunrise-1200x800.avif 1200w\" sizes=\"auto, (max-width: 1600px) 100vw, 1600px\" \/><span aria-hidden=\"true\" class=\"wp-block-cover__background has-primary-background-color has-background-dim-0 has-background-dim\"><\/span><div class=\"wp-block-cover__inner-container is-layout-flow wp-block-cover-is-layout-flow\">\n<p class=\"has-text-align-center has-large-font-size\"><\/p>\n\n\n\n<div class=\"banner-video\">\n<img decoding=\"async\" src=\"https:\/\/kissinparis.com\/wp-content\/uploads\/2023\/02\/placeholder_16x9.png\" alt=\"\u00c1rea del h\u00e9roe\">\n<\/div>\n<\/div><\/div>\n\n\n\n<div class=\"wp-block-group alignfull mt-0 mb-0 sec sec-testimonial\"><div class=\"wp-block-group__inner-container is-layout-constrained wp-block-group-is-layout-constrained\">\n<div class=\"wp-block-group alignfull mt-0 mb-0 pt-0 sec review-group review-group-1 active\"><div class=\"wp-block-group__inner-container is-layout-constrained wp-block-group-is-layout-constrained\">\n<div class=\"wp-block-media-text alignwide is-stacked-on-mobile is-vertically-aligned-center team\" style=\"grid-template-columns:40% auto\"><figure class=\"wp-block-media-text__media\"><img loading=\"lazy\" decoding=\"async\" width=\"714\" height=\"1000\" src=\"https:\/\/kissinparis.com\/wp-content\/uploads\/2023\/03\/Best-NYC-Proposal-Planner-Chantelle.jpg\" alt=\"Paquete de boda para una escapada a Par\u00eds\" class=\"wp-image-4391 size-full\" srcset=\"https:\/\/kissinparis.com\/wp-content\/uploads\/2023\/03\/Best-NYC-Proposal-Planner-Chantelle.jpg 714w, https:\/\/kissinparis.com\/wp-content\/uploads\/2023\/03\/Best-NYC-Proposal-Planner-Chantelle-214x300.jpg 214w\" sizes=\"auto, (max-width: 714px) 100vw, 714px\" \/><\/figure><div class=\"wp-block-media-text__content\">\n<blockquote class=\"wp-block-quote is-layout-flow wp-block-quote-is-layout-flow\">\n<h2 class=\"wp-block-heading\">B\u00e9same en Par\u00eds<\/h2>\n\n\n\n<p> Es, sin duda, la mejor y m\u00e1s confiable compa\u00f1\u00eda. Este a\u00f1o, decid\u00ed pedirle matrimonio a mi novia. Hab\u00eda planeado hasta el \u00faltimo detalle, pero literalmente dos d\u00edas antes de nuestro compromiso, la compa\u00f1\u00eda que contrat\u00e9 inicialmente me llam\u00f3 para decirme que no pod\u00edan venir. Imaginen c\u00f3mo me sent\u00ed, despu\u00e9s de haber invertido tanto tiempo en planificar, alquilar un coche para traer amigos de \u00c1msterdam y prepararme para una aventura que me cambiar\u00eda la vida. Pero luego estaba... <a href=\"https:\/\/kissinparis.com\/es\/organizador-bodas-paris\/\">Chantelle, mi \u00e1ngel de la guarda<\/a>Bueno, no lo sab\u00eda antes, pero lo supe despu\u00e9s de trabajar con ella. Totalmente estresada, contact\u00e9 con Chantelle. \u00bfPodr\u00eda organizarlo todo en menos de 48 horas? Pero d\u00e9jenme decirles que su c\u00e1lida bienvenida y las \u00fatiles llamadas telef\u00f3nicas me dieron la esperanza de que a\u00fan pod\u00eda lograrlo. \u00a1Y lo logramos! Chantelle lo organiz\u00f3 todo: se le ocurrieron ideas brillantes, concibi\u00f3 una propuesta a\u00fan mejor y me puso los puntos sobre las \u00edes. Juro que no podr\u00eda haber pedido una mejor compa\u00f1era que Chantelle.<\/p>\n<cite>Malek Jubrail<\/cite><\/blockquote>\n<\/div><\/div>\n\n\n\n<hr class=\"wp-block-separator has-alpha-channel-opacity\"\/>\n\n\n\n<div class=\"wp-block-media-text alignwide is-stacked-on-mobile is-vertically-aligned-center team\" style=\"grid-template-columns:40% auto\"><figure class=\"wp-block-media-text__media\"><img loading=\"lazy\" decoding=\"async\" width=\"533\" height=\"800\" src=\"https:\/\/kissinparis.com\/wp-content\/uploads\/2023\/03\/Kiss-me-in-Paris-photographer-and-videographer-Vincent.jpg\" alt=\"Vincent, vide\u00f3grafo de B\u00e9same en Par\u00eds\" class=\"wp-image-6341 size-full\" srcset=\"https:\/\/kissinparis.com\/wp-content\/uploads\/2023\/03\/Kiss-me-in-Paris-photographer-and-videographer-Vincent.jpg 533w, https:\/\/kissinparis.com\/wp-content\/uploads\/2023\/03\/Kiss-me-in-Paris-photographer-and-videographer-Vincent-200x300.jpg 200w\" sizes=\"auto, (max-width: 533px) 100vw, 533px\" \/><\/figure><div class=\"wp-block-media-text__content\">\n<blockquote class=\"wp-block-quote is-layout-flow wp-block-quote-is-layout-flow\">\n<p><a href=\"https:\/\/kissinparis.com\/es\/equipo-creativo\/vincent\/\">Vicente<\/a> Super\u00f3 nuestras expectativas, que eran desorbitadas. Para dos personas que nunca hab\u00edan estado en Par\u00eds, Vincent se asegur\u00f3 de que experiment\u00e1ramos los mejores lugares y lugares emblem\u00e1ticos para nuestras fotos de compromiso. Nos sentimos extremadamente c\u00f3modos y seguros durante la sesi\u00f3n. Nos divertimos much\u00edsimo y volveremos a repetirla cuando volvamos a Par\u00eds. Recomendamos Kiss Me in Paris encarecidamente, \u00a1y especialmente a Vincent! La comunicaci\u00f3n previa a la llegada fue excelente. La empresa nos brind\u00f3 informaci\u00f3n excepcional sobre log\u00edstica, vestuario, clima y lugares para las fotos. \u00a1No podemos agradecerles lo suficiente a Kiss Me in Paris y a Vincent!<\/p>\n<cite>Jamie Parker<\/cite><\/blockquote>\n<\/div><\/div>\n\n\n\n<hr class=\"wp-block-separator has-alpha-channel-opacity\"\/>\n\n\n\n<div class=\"wp-block-media-text alignwide is-stacked-on-mobile is-vertically-aligned-center team\" style=\"grid-template-columns:40% auto\"><figure class=\"wp-block-media-text__media\"><img loading=\"lazy\" decoding=\"async\" width=\"534\" height=\"800\" src=\"https:\/\/kissinparis.com\/wp-content\/uploads\/2023\/03\/Best-Paris-Photographer-Cengiz-Ozelsel.jpg\" alt=\"Mejor fot\u00f3grafo de Par\u00eds Cengiz Ozelsel\" class=\"wp-image-1327 size-full\" srcset=\"https:\/\/kissinparis.com\/wp-content\/uploads\/2023\/03\/Best-Paris-Photographer-Cengiz-Ozelsel.jpg 534w, https:\/\/kissinparis.com\/wp-content\/uploads\/2023\/03\/Best-Paris-Photographer-Cengiz-Ozelsel-200x300.jpg 200w\" sizes=\"auto, (max-width: 534px) 100vw, 534px\" \/><\/figure><div class=\"wp-block-media-text__content\">\n<blockquote class=\"wp-block-quote is-layout-flow wp-block-quote-is-layout-flow\">\n<p>Las palabras no pueden expresar lo grandioso que es <a href=\"https:\/\/kissinparis.com\/es\/equipo-creativo\/cengiz\/\">Cengiz<\/a> Y el equipo de Kiss Me in Paris lo es. Preguntaron por todo, desde d\u00f3nde quer\u00eda proponerle matrimonio, el color de las flores, c\u00f3mo nos conocimos mi prometido y c\u00f3mo hemos llegado hasta aqu\u00ed. \u00a1Cengiz dirige sus sesiones de fotos de forma m\u00e1gica! Si buscas una noche de ensue\u00f1o que tu prometido y t\u00fa recordar\u00e1n para siempre, sigue a Cengiz. <a href=\"https:\/\/kissinparis.com\/es\/pedida-de-mano-paris\/\">Gu\u00eda de propuestas de Par\u00eds<\/a> \u00a1Y contraten sus servicios si est\u00e1 disponible! Lo pasamos tan bien que recomendamos a Cengiz a todos los que conocimos en nuestro tour en bicicleta por Par\u00eds al d\u00eda siguiente :-). \u00a1Much\u00edsimas gracias de nuevo! \u00a1Son los mejores del sector!<\/p>\n<cite>Graydon Wyatt<\/cite><\/blockquote>\n<\/div><\/div>\n\n\n\n<hr class=\"wp-block-separator has-alpha-channel-opacity\"\/>\n\n\n\n<div class=\"wp-block-media-text alignwide is-stacked-on-mobile is-vertically-aligned-center team\" style=\"grid-template-columns:40% auto\"><figure class=\"wp-block-media-text__media\"><img loading=\"lazy\" decoding=\"async\" width=\"533\" height=\"800\" src=\"https:\/\/kissinparis.com\/wp-content\/uploads\/2023\/03\/Paris-Photographer-Scander-Kiss-Me-in-Paris-1.jpg\" alt=\"Fot\u00f3grafo parisino Scander B\u00e9same en Par\u00eds\" class=\"wp-image-6337 size-full\" srcset=\"https:\/\/kissinparis.com\/wp-content\/uploads\/2023\/03\/Paris-Photographer-Scander-Kiss-Me-in-Paris-1.jpg 533w, https:\/\/kissinparis.com\/wp-content\/uploads\/2023\/03\/Paris-Photographer-Scander-Kiss-Me-in-Paris-1-200x300.jpg 200w\" sizes=\"auto, (max-width: 533px) 100vw, 533px\" \/><\/figure><div class=\"wp-block-media-text__content\">\n<blockquote class=\"wp-block-quote is-layout-flow wp-block-quote-is-layout-flow\">\n<p>\u00a1DIOS M\u00cdO! <a href=\"https:\/\/kissinparis.com\/es\/equipo-creativo\/scander\/\">Esc\u00e1ner<\/a> \u00a1Es un genio art\u00edstico! \u00a1Fue un placer fotografiarlo! Scander tiene una energ\u00eda maravillosa; es paciente, atento y muy divertido. Dio instrucciones f\u00e1ciles de seguir, as\u00ed que incluso mi novio, a quien normalmente no le gusta tomar fotos, se sinti\u00f3 y se vio incre\u00edble. Scander tiene un ojo excepcional, por lo que sus fotos son \u00fanicas. Es fot\u00f3grafo de alta costura, as\u00ed que tuvimos la suerte de contar con \u00e9l. \u00a1La mejor decisi\u00f3n!<\/p>\n<cite>Cherise<\/cite><\/blockquote>\n<\/div><\/div>\n<\/div><\/div>\n\n\n\n<div class=\"wp-block-group alignfull mt-0 mb-0 pt-0 sec review-group review-group-2\"><div class=\"wp-block-group__inner-container is-layout-constrained wp-block-group-is-layout-constrained\">\n<hr class=\"wp-block-separator has-alpha-channel-opacity is-style-wide\"\/>\n\n\n\n<div class=\"wp-block-media-text alignwide is-stacked-on-mobile is-vertically-aligned-center team\" style=\"grid-template-columns:40% auto\"><figure class=\"wp-block-media-text__media\"><img loading=\"lazy\" decoding=\"async\" width=\"683\" height=\"1024\" src=\"https:\/\/kissinparis.com\/wp-content\/uploads\/2023\/03\/Brazilian-photographer-in-Paris.jpg\" alt=\"Fot\u00f3grafa brasile\u00f1a en Par\u00eds Juliana\" class=\"wp-image-5163 size-full\" srcset=\"https:\/\/kissinparis.com\/wp-content\/uploads\/2023\/03\/Brazilian-photographer-in-Paris.jpg 683w, https:\/\/kissinparis.com\/wp-content\/uploads\/2023\/03\/Brazilian-photographer-in-Paris-200x300.jpg 200w\" sizes=\"auto, (max-width: 683px) 100vw, 683px\" \/><\/figure><div class=\"wp-block-media-text__content\">\n<blockquote class=\"wp-block-quote is-layout-flow wp-block-quote-is-layout-flow\">\n<p><a href=\"https:\/\/kissinparis.com\/es\/equipo-creativo\/juliana\/\">Juliana<\/a> Lo hizo todo, desde ayudarme con la planificaci\u00f3n hasta crear un fant\u00e1stico video de mi propuesta de matrimonio. Enseguida nos hizo sentir c\u00f3modos a mi prometido y a m\u00ed y coordin\u00f3 todo a la perfecci\u00f3n. Juliana grab\u00f3 y edit\u00f3 un video precioso; \u00a1parece sacado de una pel\u00edcula! Nos sorprendi\u00f3 c\u00f3mo captur\u00f3 el momento. Y lo mejor de todo es que revivimos ese momento tan especial cada vez que vemos su cortometraje. Mi prometido llor\u00f3 de felicidad, y nuestros padres y amigos tambi\u00e9n estaban encantados. Gracias, Juliana, y al equipo de Kiss Me in Paris por la hermosa creaci\u00f3n y captura de nuestro compromiso.<\/p>\n<cite>Andr\u00e9s James<\/cite><\/blockquote>\n<\/div><\/div>\n\n\n\n<hr class=\"wp-block-separator has-alpha-channel-opacity\"\/>\n\n\n\n<div class=\"wp-block-media-text alignwide is-stacked-on-mobile is-vertically-aligned-center team\" style=\"grid-template-columns:40% auto\"><figure class=\"wp-block-media-text__media\"><img loading=\"lazy\" decoding=\"async\" width=\"533\" height=\"800\" src=\"https:\/\/kissinparis.com\/wp-content\/uploads\/2023\/03\/Kiss-me-in-Paris-photographer-and-videographer-Vincent.jpg\" alt=\"Vincent, vide\u00f3grafo de B\u00e9same en Par\u00eds\" class=\"wp-image-6341 size-full\" srcset=\"https:\/\/kissinparis.com\/wp-content\/uploads\/2023\/03\/Kiss-me-in-Paris-photographer-and-videographer-Vincent.jpg 533w, https:\/\/kissinparis.com\/wp-content\/uploads\/2023\/03\/Kiss-me-in-Paris-photographer-and-videographer-Vincent-200x300.jpg 200w\" sizes=\"auto, (max-width: 533px) 100vw, 533px\" \/><\/figure><div class=\"wp-block-media-text__content\">\n<blockquote class=\"wp-block-quote is-layout-flow wp-block-quote-is-layout-flow\">\n<p>As\u00ed que vimos nuestro video de propuesta de matrimonio en Par\u00eds por separado porque Mario terminar\u00e1 tarde hoy para cumplir con una fecha l\u00edmite. Lo vimos mientras...&nbsp;<em>FaceTime<\/em>\u00a1\u00a1\u00a1Y nos quedamos sin palabras!!! De verdad, sin palabras; \u00a1es tan hermoso! \u00a1Quiero verlo 10,000 veces! Nunca me aburrir\u00e9. Es pura perfecci\u00f3n; no puedo creer lo incre\u00edble que qued\u00f3. \u00a1Much\u00edsimas gracias! <a href=\"https:\/\/kissinparis.com\/es\/equipo-creativo\/vincent\/\">Vicente<\/a>!<\/p>\n<cite>Mar\u00eda y Mario<\/cite><\/blockquote>\n<\/div><\/div>\n\n\n\n<hr class=\"wp-block-separator has-alpha-channel-opacity\"\/>\n\n\n\n<div class=\"wp-block-media-text alignwide is-stacked-on-mobile is-vertically-aligned-center team\" style=\"grid-template-columns:40% auto\"><figure class=\"wp-block-media-text__media\"><img loading=\"lazy\" decoding=\"async\" width=\"714\" height=\"1000\" src=\"https:\/\/kissinparis.com\/wp-content\/uploads\/2023\/03\/Best-NYC-Proposal-Planner-Chantelle.jpg\" alt=\"Paquete de boda para una escapada a Par\u00eds\" class=\"wp-image-4391 size-full\" srcset=\"https:\/\/kissinparis.com\/wp-content\/uploads\/2023\/03\/Best-NYC-Proposal-Planner-Chantelle.jpg 714w, https:\/\/kissinparis.com\/wp-content\/uploads\/2023\/03\/Best-NYC-Proposal-Planner-Chantelle-214x300.jpg 214w\" sizes=\"auto, (max-width: 714px) 100vw, 714px\" \/><\/figure><div class=\"wp-block-media-text__content\">\n<blockquote class=\"wp-block-quote is-layout-flow wp-block-quote-is-layout-flow\">\n<p>No sab\u00eda c\u00f3mo sorprender a mi futura prometida durante mi visita a Par\u00eds. Con solo unos d\u00edas para ultimar los detalles, descubr\u00ed Kiss Me in Paris y su... <a href=\"https:\/\/kissinparis.com\/es\/pedida-de-mano-paris\/organizador\/\">Planificadora de propuestas para Par\u00eds, Chantelle<\/a>\u00a1Guau, cumplieron con creces! Nuestro compromiso fue m\u00e1gico, surrealista e incluso mejor de lo que imagin\u00e1bamos. Ahora casados, recordamos a menudo Par\u00eds y lo importante que fue Chantelle para hacer realidad nuestros sue\u00f1os. La recomiendo much\u00edsimo a ella y a la empresa.<\/p>\n<cite>Jonathan McNabb<\/cite><\/blockquote>\n<\/div><\/div>\n\n\n\n<hr class=\"wp-block-separator has-alpha-channel-opacity\"\/>\n\n\n\n<div class=\"wp-block-media-text alignwide is-stacked-on-mobile is-vertically-aligned-center team\" style=\"grid-template-columns:40% auto\"><figure class=\"wp-block-media-text__media\"><img loading=\"lazy\" decoding=\"async\" width=\"533\" height=\"800\" src=\"https:\/\/kissinparis.com\/wp-content\/uploads\/2023\/03\/Paris-Photographer-Scander-Kiss-Me-in-Paris-1.jpg\" alt=\"Fot\u00f3grafo parisino Scander B\u00e9same en Par\u00eds\" class=\"wp-image-6337 size-full\" srcset=\"https:\/\/kissinparis.com\/wp-content\/uploads\/2023\/03\/Paris-Photographer-Scander-Kiss-Me-in-Paris-1.jpg 533w, https:\/\/kissinparis.com\/wp-content\/uploads\/2023\/03\/Paris-Photographer-Scander-Kiss-Me-in-Paris-1-200x300.jpg 200w\" sizes=\"auto, (max-width: 533px) 100vw, 533px\" \/><\/figure><div class=\"wp-block-media-text__content\">\n<blockquote class=\"wp-block-quote is-layout-flow wp-block-quote-is-layout-flow\">\n<p>\u00a1Una experiencia de sesi\u00f3n fotogr\u00e1fica absolutamente impresionante e inolvidable! <a href=\"https:\/\/kissinparis.com\/es\/equipo-creativo\/scander\/\">Esc\u00e1ner<\/a> Captur\u00f3 todo lo que podr\u00edamos haber pedido y m\u00e1s. \u00a1Las fotos son para morirse! Le apasiona su trabajo y tiene una personalidad c\u00e1lida y acogedora. Recomiendo ampliamente a Scander y estoy muy contento de haber capturado nuestros momentos especiales en Par\u00eds.<\/p>\n<cite>Nicole<\/cite><\/blockquote>\n<\/div><\/div>\n<\/div><\/div>\n\n\n\n<div class=\"wp-block-buttons is-content-justification-center is-layout-flex wp-container-core-buttons-is-layout-16018d1d wp-block-buttons-is-layout-flex\">\n<div class=\"wp-block-button get-reviews-more\"><a class=\"wp-block-button__link wp-element-button\" href=\"#\">Mostrar m\u00e1s rese\u00f1as<\/a><\/div>\n<\/div>\n\n\n\n<hr class=\"wp-block-separator has-alpha-channel-opacity is-style-wide\"\/>\n\n\n\n<div class=\"wp-block-columns are-vertically-aligned-top navigator container-sm is-layout-flex wp-container-core-columns-is-layout-9d6595d7 wp-block-columns-is-layout-flex\">\n<div class=\"wp-block-column is-vertically-aligned-top is-layout-flow wp-block-column-is-layout-flow\">\n<h3 class=\"wp-block-heading has-text-align-center mb-15\">Carreras<\/h3>\n\n\n\n<p class=\"has-text-align-center\"><a href=\"https:\/\/kissinparis.com\/es\/empleo\/\">Vacantes actuales \u2192<\/a><\/p>\n<\/div>\n\n\n\n<div class=\"wp-block-column is-vertically-aligned-top is-layout-flow wp-block-column-is-layout-flow\">\n<h3 class=\"wp-block-heading has-text-align-center mb-15\">Sobre nosotros<\/h3>\n\n\n\n<p class=\"has-text-align-center\"><a href=\"https:\/\/kissinparis.com\/es\/sobre-nosotros\/\" data-type=\"page\" data-id=\"1029\">M\u00e1s informaci\u00f3n \u2192<\/a><\/p>\n<\/div>\n<\/div>\n<\/div><\/div>","protected":false},"excerpt":{"rendered":"<p>Our clients love us Kiss Me in Paris is hands-down the best and most reliable company. This year, I decided to ask my girlfriend to marry me. I had planned every final detail, but literally two days before our engagement, the company I initially hired called to say they could not make it. Imagine how [&hellip;]<\/p>\n","protected":false},"author":35,"featured_media":9905,"parent":0,"menu_order":0,"comment_status":"closed","ping_status":"closed","template":"","meta":{"_acf_changed":false,"ub_ctt_via":"","footnotes":""},"class_list":["post-575","page","type-page","status-publish","has-post-thumbnail","hentry"],"acf":[],"featured_image_src":"https:\/\/kissinparis.com\/wp-content\/uploads\/2023\/04\/Kiss-Me-in-Paris-reviews-and-testimonials.jpg","_links":{"self":[{"href":"https:\/\/kissinparis.com\/es\/wp-json\/wp\/v2\/pages\/575","targetHints":{"allow":["GET"]}}],"collection":[{"href":"https:\/\/kissinparis.com\/es\/wp-json\/wp\/v2\/pages"}],"about":[{"href":"https:\/\/kissinparis.com\/es\/wp-json\/wp\/v2\/types\/page"}],"author":[{"embeddable":true,"href":"https:\/\/kissinparis.com\/es\/wp-json\/wp\/v2\/users\/35"}],"replies":[{"embeddable":true,"href":"https:\/\/kissinparis.com\/es\/wp-json\/wp\/v2\/comments?post=575"}],"version-history":[{"count":6,"href":"https:\/\/kissinparis.com\/es\/wp-json\/wp\/v2\/pages\/575\/revisions"}],"predecessor-version":[{"id":28562,"href":"https:\/\/kissinparis.com\/es\/wp-json\/wp\/v2\/pages\/575\/revisions\/28562"}],"wp:featuredmedia":[{"embeddable":true,"href":"https:\/\/kissinparis.com\/es\/wp-json\/wp\/v2\/media\/9905"}],"wp:attachment":[{"href":"https:\/\/kissinparis.com\/es\/wp-json\/wp\/v2\/media?parent=575"}],"curies":[{"name":"wp","href":"https:\/\/api.w.org\/{rel}","templated":true}]}}