{"id":623,"date":"2023-02-28T13:27:30","date_gmt":"2023-02-28T13:27:30","guid":{"rendered":"https:\/\/kissinparis.com\/?page_id=623"},"modified":"2025-10-14T14:21:13","modified_gmt":"2025-10-14T14:21:13","slug":"empleo","status":"publish","type":"page","link":"https:\/\/kissinparis.com\/es\/careers\/","title":{"rendered":"Carreras"},"content":{"rendered":"<div class=\"wp-block-cover alignfull wp-block-group has-base-2-color has-contrast-background-color heror-section heror-about has-scroll-down mt-0 mb-0 fullscreen has-background-color has-text-color has-link-color wp-elements-b6f3bc13de5a1c1641d85f5eef638983\" style=\"min-height:932px;aspect-ratio:unset;\"><img loading=\"lazy\" decoding=\"async\" width=\"1500\" height=\"1000\" class=\"wp-block-cover__image-background wp-image-645 size-full\" alt=\"Carreras B\u00e9same en Par\u00eds\" src=\"https:\/\/kissinparis.com\/wp-content\/uploads\/2023\/02\/Careers-Kiss-Me-in-Paris.jpg\" data-object-fit=\"cover\" srcset=\"https:\/\/kissinparis.com\/wp-content\/uploads\/2023\/02\/Careers-Kiss-Me-in-Paris.jpg 1500w, https:\/\/kissinparis.com\/wp-content\/uploads\/2023\/02\/Careers-Kiss-Me-in-Paris-300x200.jpg 300w, https:\/\/kissinparis.com\/wp-content\/uploads\/2023\/02\/Careers-Kiss-Me-in-Paris-1024x683.jpg 1024w, https:\/\/kissinparis.com\/wp-content\/uploads\/2023\/02\/Careers-Kiss-Me-in-Paris-768x512.jpg 768w, https:\/\/kissinparis.com\/wp-content\/uploads\/2023\/02\/Careers-Kiss-Me-in-Paris-1200x800.jpg 1200w\" sizes=\"auto, (max-width: 1500px) 100vw, 1500px\" \/><span aria-hidden=\"true\" class=\"wp-block-cover__background has-primary-background-color has-background-dim-40 has-background-dim\"><\/span><div class=\"wp-block-cover__inner-container is-layout-flow wp-block-cover-is-layout-flow\">\n<div class=\"wp-block-group alignfull content\"><div class=\"wp-block-group__inner-container is-layout-constrained wp-block-group-is-layout-constrained\">\n<h1 class=\"wp-block-heading alignwide\">Empleo en Kiss Me in Paris<\/h1>\n\n\n\n<h2 class=\"wp-block-heading has-large-font-size\">Primero, organizadores de pedidas de mano y bodas; tambi\u00e9n puestos en foto, v\u00eddeo y atenci\u00f3n al cliente.<\/h2>\n<\/div><\/div>\n\n\n\n<div class=\"wp-block-group alignfull clock-footer has-base-2-color has-text-color has-link-color wp-elements-9521b5bfabe7d654350b2828c1c562b1 is-content-justification-space-between is-nowrap is-layout-flex wp-container-core-group-is-layout-0dfbf163 wp-block-group-is-layout-flex\">\n<p class=\"clock\" id=\"paris-clock\">Par\u00eds, Francia <strong>\u2013 <\/strong><\/p>\n\n\n\n<p class=\"has-text-align-center alignwide position-bottom animate data-animate__fadeInUp has-base-2-color has-text-color has-link-color wp-elements-6c412cdff13bf430f3051448409dacb9\">Los sue\u00f1os se hacen realidad. El amor cobra protagonismo.<\/p>\n\n\n\n<p class=\"phone map\"><a href=\"https:\/\/www.google.com\/maps\/place\/Kiss+Me+in+Paris+Proposals+%26+Weddings\/@48.869005,2.2831087,17z\/data=!3m1!4b1!4m6!3m5!1s0x47e66f84666f802f:0x7b03905155589b66!8m2!3d48.8690015!4d2.285689!16s%2Fg%2F11b6zqzn3k?ucbcb=1\" target=\"_blank\" data-type=\"link\" data-id=\"https:\/\/www.google.com\/maps\/place\/Kiss+Me+in+Paris+Proposals+%26+Weddings\/@48.869005,2.2831087,17z\/data=!3m1!4b1!4m6!3m5!1s0x47e66f84666f802f:0x7b03905155589b66!8m2!3d48.8690015!4d2.285689!16s%2Fg%2F11b6zqzn3k?ucbcb=1\" rel=\"noreferrer noopener\">C\u00f3mo llegar<\/a><\/p>\n<\/div>\n<\/div><\/div>\n\n\n\n<div class=\"wp-block-group alignfull mt-0 mb-0 sec sec-content_0 pb-0 has-white-background-color has-background\"><div class=\"wp-block-group__inner-container is-layout-constrained wp-block-group-is-layout-constrained\">\n<div class=\"wp-block-columns summery is-layout-flex wp-container-core-columns-is-layout-9d6595d7 wp-block-columns-is-layout-flex\">\n<div class=\"wp-block-column is-layout-flow wp-block-column-is-layout-flow\">\n<p>Est\u00e1s en el lugar indicado si te interesa formar parte de un equipo divertido donde se celebra la diversidad, se espera que te feliciten y te impulsen a crecer. Nos tomamos el trabajo y la diversi\u00f3n muy en serio. <\/p>\n\n\n\n<p>Una organizaci\u00f3n internacional <a href=\"https:\/\/kissinparis.com\/es\/boda-en-paris\/fotografo\/\">l\u00edder en fotograf\u00eda de eventos<\/a> y la planificaci\u00f3n de propuestas de matrimonio, Kiss Me in New York nada orgullosamente contra la corriente: cuando otros zigzaguean, nosotros zag.<\/p>\n\n\n\n<p>No priorizamos a candidatos con experiencia en fotograf\u00eda o planificaci\u00f3n. Buscamos candidatos excepcionales, apasionados y que disfruten conociendo gente nueva.<\/p>\n<\/div>\n\n\n\n<div class=\"wp-block-column is-layout-flow wp-block-column-is-layout-flow\">\n<p>Kiss Me in Paris ofrece igualdad de oportunidades de empleo a todos los solicitantes y no acepta discriminaci\u00f3n por motivos de raza, orientaci\u00f3n sexual, religi\u00f3n u origen nacional.<\/p>\n\n\n\n<p>Ofrecemos beneficios incre\u00edbles, horarios flexibles y muchas salidas nocturnas emocionantes en equipo (nos encanta beber, comer y celebrar). Nos gustar\u00eda saber de ti si crees que esta es una empresa a la que te gustar\u00eda ayudar a impulsar.<\/p>\n\n\n\n<p><strong>No presente su solicitud a menos que tenga autorizaci\u00f3n legal para trabajar en Francia.<\/strong><\/p>\n<\/div>\n<\/div>\n<\/div><\/div>\n\n\n\n<div class=\"wp-block-group alignfull mt-0 mb-0 sec sec-career has-container-md_\"><div class=\"wp-block-group__inner-container is-layout-constrained wp-block-group-is-layout-constrained\">\n<hr class=\"wp-block-separator has-alpha-channel-opacity is-style-wide\"\/>\n\n\n\n<div class=\"wp-block-columns career is-layout-flex wp-container-core-columns-is-layout-9d6595d7 wp-block-columns-is-layout-flex\">\n<div class=\"wp-block-column position-name is-layout-flow wp-block-column-is-layout-flow\">\n<h2 class=\"wp-block-heading\">Fot\u00f3grafo profesional<\/h2>\n<\/div>\n\n\n\n<div class=\"wp-block-column details is-layout-flow wp-block-column-is-layout-flow\">\n<h3 class=\"wp-block-heading heading-size-5\"><strong>Descripci\u00f3n del trabajo<\/strong><\/h3>\n\n\n\n<p>Los fot\u00f3grafos de Kiss Me in Paris son solicitados habitualmente para capturar sesiones de fotos de pareja, bodas de lujo, boudoirs, fotos familiares y mucho m\u00e1s. Nuestros clientes tienen altas expectativas en cuanto a la calidad de las im\u00e1genes y la experiencia que obtendr\u00e1n. No basta con ser un candidato excepcional. Buscamos estrellas de rock apasionadas con ganas de conocer gente nueva a diario, que se despierten al amanecer, que sean muy fiables, que se comuniquen bien en ingl\u00e9s y franc\u00e9s, y que disfruten pasando tiempo con el equipo de vez en cuando.<\/p>\n\n\n\n<p><a href=\"mailto:support@kissinparis.com\" data-type=\"page\" data-id=\"1213\">Aplicar ahora<\/a><\/p>\n<\/div>\n<\/div>\n\n\n\n<hr class=\"wp-block-separator has-alpha-channel-opacity\"\/>\n\n\n\n<div class=\"wp-block-columns career is-layout-flex wp-container-core-columns-is-layout-9d6595d7 wp-block-columns-is-layout-flex\">\n<div class=\"wp-block-column position-name is-layout-flow wp-block-column-is-layout-flow\">\n<h2 class=\"wp-block-heading\">Planificador de propuestas y bodas<\/h2>\n<\/div>\n\n\n\n<div class=\"wp-block-column details is-layout-flow wp-block-column-is-layout-flow\">\n<h3 class=\"wp-block-heading heading-size-5\"><strong>Descripci\u00f3n del trabajo<\/strong><\/h3>\n\n\n\n<p>Somos conocidos en todo el mundo por planificar algunas de las propuestas de matrimonio m\u00e1s extraordinarias del mundo. A medida que nos adentramos en el mercado local y <a href=\"https:\/\/kissinparis.com\/es\/organizador-bodas-paris\/\">planificaci\u00f3n de bodas de lujo en destinos<\/a> Buscamos organizadores de eventos profesionales con al menos 3-5 a\u00f1os de experiencia. El candidato ideal habla ingl\u00e9s y franc\u00e9s con fluidez y se siente c\u00f3modo\/a desarrollando relaciones con gerentes de catering y eventos de los mejores hoteles y castillos parisinos. Daremos preferencia a candidatos\/as que, adem\u00e1s, tengan experiencia en dise\u00f1o floral, relaci\u00f3n con blogs de bodas y se desenvuelvan bien en redes sociales.<\/p>\n\n\n\n<p><a href=\"mailto:support@kissinparis.com\" data-type=\"page\" data-id=\"1213\">Aplicar ahora<\/a><\/p>\n<\/div>\n<\/div>\n\n\n\n<hr class=\"wp-block-separator has-alpha-channel-opacity\"\/>\n\n\n\n<div class=\"wp-block-columns career is-layout-flex wp-container-core-columns-is-layout-9d6595d7 wp-block-columns-is-layout-flex\">\n<div class=\"wp-block-column position-name is-layout-flow wp-block-column-is-layout-flow\">\n<h2 class=\"wp-block-heading\">Cineasta profesional<\/h2>\n<\/div>\n\n\n\n<div class=\"wp-block-column details is-layout-flow wp-block-column-is-layout-flow\">\n<h3 class=\"wp-block-heading heading-size-5\"><strong>Descripci\u00f3n del trabajo<\/strong><\/h3>\n\n\n\n<p>Hoy en d\u00eda, el video es al menos tan emocionante como la fotograf\u00eda y tiene una gran demanda. Sin embargo, el rol del cineasta ha evolucionado con los a\u00f1os. Ya no basta con tener un buen dominio t\u00e9cnico, una buena interpretaci\u00f3n del tema, una perspectiva creativa y excelentes habilidades de postproducci\u00f3n. Adem\u00e1s, es necesario sentirse c\u00f3modo al tomar el control, dirigir la escena y dar instrucciones claras (en ingl\u00e9s y franc\u00e9s). Daremos preferencia a los solicitantes que se desenvuelvan bien en redes sociales y puedan garantizar una entrega r\u00e1pida. Esperar meses para entregar el producto final no es una opci\u00f3n.<\/p>\n\n\n\n<p><a href=\"mailto:support@kissinparis.com\" data-type=\"page\" data-id=\"1213\">Aplicar ahora<\/a><\/p>\n<\/div>\n<\/div>\n\n\n\n<hr class=\"wp-block-separator has-alpha-channel-opacity\"\/>\n\n\n\n<div class=\"wp-block-columns career is-layout-flex wp-container-core-columns-is-layout-9d6595d7 wp-block-columns-is-layout-flex\">\n<div class=\"wp-block-column position-name is-layout-flow wp-block-column-is-layout-flow\">\n<h2 class=\"wp-block-heading\">Asistente de estudio \u2014 Pr\u00e1cticas<\/h2>\n<\/div>\n\n\n\n<div class=\"wp-block-column details is-layout-flow wp-block-column-is-layout-flow\">\n<h3 class=\"wp-block-heading heading-size-5\"><strong>Descripci\u00f3n del trabajo<\/strong><\/h3>\n\n\n\n<p>Siempre estamos buscando personas motivadas, biling\u00fces y talentosas para unirse a nuestro equipo: fot\u00f3grafos, cineastas y <a href=\"https:\/\/kissinparis.com\/es\/pedida-de-mano-paris\/organizador\/\">organizadores de eventos<\/a>Trabajar\u00e1s en estrecha colaboraci\u00f3n con profesionales destacados y vivir\u00e1s una experiencia gratificante en un sector din\u00e1mico y creativo. Priorizamos a quienes deseen permanecer en Francia e incorporarse a Kiss Me in Paris despu\u00e9s de las pr\u00e1cticas. No te postules a menos que tengas autorizaci\u00f3n legal para trabajar en Francia.<\/p>\n\n\n\n<p><a href=\"mailto:support@kissinparis.com\" data-type=\"page\" data-id=\"1213\">Aplicar ahora<\/a><\/p>\n<\/div>\n<\/div>\n<\/div><\/div>","protected":false},"excerpt":{"rendered":"<p>You&#8217;re in the right place if you&#8217;re interested in being part of a fun team where diversity is celebrated, and high-fives and a push for growth are expected. We take work and play seriously. An international leader in event photography and marriage proposal planning, Kiss Me in New York proudly swims against the tide: when [&hellip;]<\/p>\n","protected":false},"author":35,"featured_media":645,"parent":0,"menu_order":0,"comment_status":"closed","ping_status":"closed","template":"","meta":{"_acf_changed":false,"ub_ctt_via":"","footnotes":""},"class_list":["post-623","page","type-page","status-publish","has-post-thumbnail","hentry"],"acf":[],"featured_image_src":"https:\/\/kissinparis.com\/wp-content\/uploads\/2023\/02\/Careers-Kiss-Me-in-Paris.jpg","_links":{"self":[{"href":"https:\/\/kissinparis.com\/es\/wp-json\/wp\/v2\/pages\/623","targetHints":{"allow":["GET"]}}],"collection":[{"href":"https:\/\/kissinparis.com\/es\/wp-json\/wp\/v2\/pages"}],"about":[{"href":"https:\/\/kissinparis.com\/es\/wp-json\/wp\/v2\/types\/page"}],"author":[{"embeddable":true,"href":"https:\/\/kissinparis.com\/es\/wp-json\/wp\/v2\/users\/35"}],"replies":[{"embeddable":true,"href":"https:\/\/kissinparis.com\/es\/wp-json\/wp\/v2\/comments?post=623"}],"version-history":[{"count":9,"href":"https:\/\/kissinparis.com\/es\/wp-json\/wp\/v2\/pages\/623\/revisions"}],"predecessor-version":[{"id":28496,"href":"https:\/\/kissinparis.com\/es\/wp-json\/wp\/v2\/pages\/623\/revisions\/28496"}],"wp:featuredmedia":[{"embeddable":true,"href":"https:\/\/kissinparis.com\/es\/wp-json\/wp\/v2\/media\/645"}],"wp:attachment":[{"href":"https:\/\/kissinparis.com\/es\/wp-json\/wp\/v2\/media?parent=623"}],"curies":[{"name":"wp","href":"https:\/\/api.w.org\/{rel}","templated":true}]}}