{"id":8490,"date":"2023-03-30T11:11:46","date_gmt":"2023-03-30T11:11:46","guid":{"rendered":"https:\/\/kissinparis.com\/?page_id=8490"},"modified":"2025-10-03T18:24:45","modified_gmt":"2025-10-03T18:24:45","slug":"sesion-de-video","status":"publish","type":"page","link":"https:\/\/kissinparis.com\/es\/book-now\/videoshoots\/","title":{"rendered":"Videograf\u00eda"},"content":{"rendered":"<div class=\"wp-block-group alignfull sec full-width pt-0 pb-0 mt-0 mb-0 bg-transition-light has-background-color has-primary-background-color has-text-color has-background has-link-color wp-elements-db377250d1be530de71360a967d07868\"><div class=\"wp-block-group__inner-container is-layout-constrained wp-block-group-is-layout-constrained\">\n<div class=\"wp-block-group alignfull sec heror-section full-width mt-0 mb-0  pb-0\"><div class=\"wp-block-group__inner-container is-layout-constrained wp-block-group-is-layout-constrained\">\n<div class=\"wp-block-columns alignfull summery is-layout-flex wp-container-core-columns-is-layout-9d6595d7 wp-block-columns-is-layout-flex\">\n<div class=\"wp-block-column is-layout-flow wp-block-column-is-layout-flow\">\n<h1 class=\"wp-block-heading has-text-align-left full has-background-color has-text-color has-link-color wp-elements-97e3e9d7e90f54fef449b31eabe2b790\">Videograf\u00eda<\/h1>\n<\/div>\n\n\n\n<div class=\"wp-block-column lead is-layout-flow wp-block-column-is-layout-flow\">\n<ul class=\"wp-block-list list-inline pl-0\">\n<li><a href=\"tel:33661351511\" data-type=\"tel\" data-id=\"tel:33661351511\"  >Tel\u00e9fono<\/a><\/li>\n\n\n\n<li><a href=\"mailto:support@kissinparis.com?subject=Photography Booking Request\"  >Email<\/a><\/li>\n\n\n\n<li><a href=\"#artists\" data-type=\"internal\" data-id=\"#artists\">Equipo<\/a><\/li>\n\n\n\n<li><a href=\"#faq\">FAQ<\/a><\/li>\n<\/ul>\n<\/div>\n<\/div>\n<\/div><\/div>\n\n\n\n<div class=\"wp-block-group alignfull mt-0 mb-0 sec sec-fullwidth sec-packages  sec-xs-sm-pt sec-sm-pb\" id=\"packages\"><div class=\"wp-block-group__inner-container is-layout-constrained wp-block-group-is-layout-constrained\">\n<div class=\"wp-block-group alignfull filters\"><div class=\"wp-block-group__inner-container is-layout-constrained wp-block-group-is-layout-constrained\">\n<ul class=\"wp-block-list category alignfull mt-0 mb-0\">\n<li><a href=\"https:\/\/kissinparis.com\/es\/reservar\/pedida-de-mano\/\">Propuestas<\/a><\/li>\n\n\n\n<li><a href=\"https:\/\/kissinparis.com\/es\/reservar\/sesion-de-fotos\/\">Sesiones de fotos<\/a><\/li>\n\n\n\n<li><a href=\"https:\/\/kissinparis.com\/es\/reservar\/boudoir\/\">Boudoir<\/a><\/li>\n\n\n\n<li class=\"active\"><a href=\"https:\/\/kissinparis.com\/es\/reservar\/sesion-de-video\/\">Videograf\u00eda<\/a><\/li>\n\n\n\n<li><a href=\"https:\/\/kissinparis.com\/es\/reservar\/boda-intima\/\">Fugas&nbsp;<\/a><\/li>\n<\/ul>\n<\/div><\/div>\n<\/div><\/div>\n<\/div><\/div>\n\n\n\n\n\n\n<div class=\"wp-block-group alignfull mt-0 mb-0 sec sec-feature has-white-background-color has-background\" id=\"artists\"><div class=\"wp-block-group__inner-container is-layout-constrained wp-block-group-is-layout-constrained\">\n<h2 class=\"wp-block-heading has-text-align-center heading-size-1\">Conozca a nuestros fot\u00f3grafos<\/h2>\n\n\n\n<h3 class=\"wp-block-heading has-text-align-center sec-header sec-name mb-20\">Fotograf\u00eda<\/h3>\n\n\n\n<p class=\"has-text-align-center mb-60 container-xs\">Elige a tu fot\u00f3grafo favorito: cada uno te mostrar\u00e1 un momento divertido en Par\u00eds y te animar\u00e1 a prepararte bien para la mejor experiencia fotogr\u00e1fica posible.<\/p>\n\n\n\n<div class=\"wp-block-columns boxes plans team-member is-layout-flex wp-container-core-columns-is-layout-9d6595d7 wp-block-columns-is-layout-flex\">\n<div class=\"wp-block-column is-layout-flow wp-block-column-is-layout-flow\">\n<figure class=\"wp-block-image size-full\"><a href=\"https:\/\/kissinparis.com\/es\/equipo-creativo\/vincent\/\" aria-label=\"Leer m\u00e1s sobre Fot\u00f3grafo en Par\u00eds Francia Vincent\"><img loading=\"lazy\" decoding=\"async\" width=\"640\" height=\"800\" src=\"https:\/\/kissinparis.com\/wp-content\/uploads\/2023\/03\/Photographer-in-Paris-France-Vincent-2.jpg\" alt=\"Fot\u00f3grafo en Par\u00eds, Francia, Vincent\" class=\"wp-image-1235\" srcset=\"https:\/\/kissinparis.com\/wp-content\/uploads\/2023\/03\/Photographer-in-Paris-France-Vincent-2.jpg 640w, https:\/\/kissinparis.com\/wp-content\/uploads\/2023\/03\/Photographer-in-Paris-France-Vincent-2-240x300.jpg 240w\" sizes=\"auto, (max-width: 640px) 100vw, 640px\" \/><\/a><\/figure>\n\n\n\n<div class=\"wp-block-group mt-0 mb-0 content\"><div class=\"wp-block-group__inner-container is-layout-constrained wp-block-group-is-layout-constrained\">\n<h4 class=\"wp-block-heading\"><a href=\"https:\/\/kissinparis.com\/es\/equipo-creativo\/vincent\/\">Vicente<\/a><\/h4>\n\n\n\n<p class=\"sec-header\"><a href=\"https:\/\/kissinparis.com\/es\/equipo-creativo\/vincent\/\">Fot\u00f3grafo profesional<\/a><\/p>\n<\/div><\/div>\n<\/div>\n\n\n\n<div class=\"wp-block-column is-layout-flow wp-block-column-is-layout-flow\">\n<figure class=\"wp-block-image size-full\"><a href=\"https:\/\/kissinparis.com\/es\/equipo-creativo\/scander\/\" aria-label=\"Leer m\u00e1s sobre el fot\u00f3grafo parisino Scander Kiss Me in Paris\"><img loading=\"lazy\" decoding=\"async\" width=\"320\" height=\"400\" src=\"https:\/\/kissinparis.com\/wp-content\/uploads\/2023\/03\/Paris-Photographer-Scander-Kiss-Me-in-Paris.jpg\" alt=\"Fot\u00f3grafo parisino Scander B\u00e9same en Par\u00eds\" class=\"wp-image-1108\" srcset=\"https:\/\/kissinparis.com\/wp-content\/uploads\/2023\/03\/Paris-Photographer-Scander-Kiss-Me-in-Paris.jpg 320w, https:\/\/kissinparis.com\/wp-content\/uploads\/2023\/03\/Paris-Photographer-Scander-Kiss-Me-in-Paris-240x300.jpg 240w\" sizes=\"auto, (max-width: 320px) 100vw, 320px\" \/><\/a><\/figure>\n\n\n\n<div class=\"wp-block-group mt-0 mb-0 content\"><div class=\"wp-block-group__inner-container is-layout-constrained wp-block-group-is-layout-constrained\">\n<h4 class=\"wp-block-heading\"><a href=\"https:\/\/kissinparis.com\/es\/equipo-creativo\/scander\/\">Esc\u00e1ner<\/a><\/h4>\n\n\n\n<p class=\"sec-header\"><a href=\"https:\/\/kissinparis.com\/es\/equipo-creativo\/scander\/\">Fot\u00f3grafo profesional<\/a><\/p>\n<\/div><\/div>\n<\/div>\n\n\n\n<div class=\"wp-block-column is-layout-flow wp-block-column-is-layout-flow\">\n<figure class=\"wp-block-image size-full\"><a href=\"https:\/\/kissinparis.com\/es\/equipo-creativo\/cengiz\/\" aria-label=\"Leer m\u00e1s sobre el famoso fot\u00f3grafo parisino Cengiz\"><img loading=\"lazy\" decoding=\"async\" width=\"320\" height=\"400\" src=\"https:\/\/kissinparis.com\/wp-content\/uploads\/2023\/03\/Famous-Paris-photographer-Cengiz-2.jpg\" alt=\"El famoso fot\u00f3grafo parisino Cengiz\" class=\"wp-image-5210\" srcset=\"https:\/\/kissinparis.com\/wp-content\/uploads\/2023\/03\/Famous-Paris-photographer-Cengiz-2.jpg 320w, https:\/\/kissinparis.com\/wp-content\/uploads\/2023\/03\/Famous-Paris-photographer-Cengiz-2-240x300.jpg 240w\" sizes=\"auto, (max-width: 320px) 100vw, 320px\" \/><\/a><\/figure>\n\n\n\n<div class=\"wp-block-group mt-0 mb-0 content\"><div class=\"wp-block-group__inner-container is-layout-constrained wp-block-group-is-layout-constrained\">\n<h4 class=\"wp-block-heading\"><a href=\"https:\/\/kissinparis.com\/es\/equipo-creativo\/cengiz\/\">Cengiz<\/a><\/h4>\n\n\n\n<p class=\"sec-header\"><a href=\"https:\/\/kissinparis.com\/es\/equipo-creativo\/cengiz\/\">Fot\u00f3grafo profesional<\/a><\/p>\n<\/div><\/div>\n<\/div>\n\n\n\n<div class=\"wp-block-column is-layout-flow wp-block-column-is-layout-flow\">\n<figure class=\"wp-block-image size-full\"><a href=\"https:\/\/kissinparis.com\/es\/equipo-creativo\/juliana\/\" aria-label=\"Leer m\u00e1s sobre Paris Video Reels Juliana\"><img loading=\"lazy\" decoding=\"async\" width=\"512\" height=\"768\" src=\"https:\/\/kissinparis.com\/wp-content\/uploads\/2023\/03\/Professional-Paris-Video-Reels-Juliana-Brazil.jpg\" alt=\"V\u00eddeo de Par\u00eds Juliana\" class=\"wp-image-5248\" srcset=\"https:\/\/kissinparis.com\/wp-content\/uploads\/2023\/03\/Professional-Paris-Video-Reels-Juliana-Brazil.jpg 512w, https:\/\/kissinparis.com\/wp-content\/uploads\/2023\/03\/Professional-Paris-Video-Reels-Juliana-Brazil-200x300.jpg 200w\" sizes=\"auto, (max-width: 512px) 100vw, 512px\" \/><\/a><\/figure>\n\n\n\n<div class=\"wp-block-group mt-0 mb-0 content\"><div class=\"wp-block-group__inner-container is-layout-constrained wp-block-group-is-layout-constrained\">\n<h4 class=\"wp-block-heading\"><a href=\"https:\/\/kissinparis.com\/es\/equipo-creativo\/juliana\/\">Juliana<\/a><\/h4>\n\n\n\n<p class=\"sec-header\"><a href=\"https:\/\/kissinparis.com\/es\/equipo-creativo\/juliana\/\">Fot\u00f3grafo profesional<\/a><\/p>\n<\/div><\/div>\n<\/div>\n<\/div>\n<\/div><\/div>\n\n\n\n<div class=\"wp-block-group alignfull mt-0 mb-0 sec sec-feature has-white-background-color has-background\" id=\"filmmakers\"><div class=\"wp-block-group__inner-container is-layout-constrained wp-block-group-is-layout-constrained\">\n<h2 class=\"wp-block-heading has-text-align-center heading-size-1\">Conozca a nuestros cineastas<\/h2>\n\n\n\n<h3 class=\"wp-block-heading has-text-align-center sec-header sec-name mb-20\">Videograf\u00eda<\/h3>\n\n\n\n<p class=\"has-text-align-center mb-60 container-xs\">Hay estilos para todos los gustos. Quiz\u00e1s te gusten los videos tradicionales (horizontales) con un toque cinematogr\u00e1fico. Si buscas energ\u00eda y diversi\u00f3n sin l\u00edmites, Vincent es tu hombre. Julia es tu chica si buscas originalidad alucinante y un toque femenino. \u00bfO quiz\u00e1s prefieres videos \u00edntimos y deslumbrantes (verticales) que abarcan toda la Torre Eiffel y se entregan en menos de 72 horas? Entonces, elige las incre\u00edbles historias de amor de Juliana, listas para redes sociales. Seg\u00fan tu presupuesto y preferencias, combina videos tradicionales y verticales.<\/p>\n\n\n\n<div class=\"wp-block-columns boxes plans team-member is-layout-flex wp-container-core-columns-is-layout-9d6595d7 wp-block-columns-is-layout-flex\">\n<div class=\"wp-block-column is-layout-flow wp-block-column-is-layout-flow\">\n<figure class=\"wp-block-image size-full\"><a href=\"https:\/\/kissinparis.com\/es\/equipo-creativo\/julia\/\" aria-label=\"Leer m\u00e1s sobre Julia, la vide\u00f3grafa parisina que habla ruso\"><img loading=\"lazy\" decoding=\"async\" width=\"800\" height=\"1000\" src=\"https:\/\/kissinparis.com\/wp-content\/uploads\/2023\/03\/Paris-videographer-speaks-Russian-Julia.jpg\" alt=\"La vide\u00f3grafa parisina habla ruso Julia\" class=\"wp-image-7967\" srcset=\"https:\/\/kissinparis.com\/wp-content\/uploads\/2023\/03\/Paris-videographer-speaks-Russian-Julia.jpg 800w, https:\/\/kissinparis.com\/wp-content\/uploads\/2023\/03\/Paris-videographer-speaks-Russian-Julia-240x300.jpg 240w, https:\/\/kissinparis.com\/wp-content\/uploads\/2023\/03\/Paris-videographer-speaks-Russian-Julia-768x960.jpg 768w\" sizes=\"auto, (max-width: 800px) 100vw, 800px\" \/><\/a><\/figure>\n\n\n\n<div class=\"wp-block-group mt-0 mb-0 content\"><div class=\"wp-block-group__inner-container is-layout-constrained wp-block-group-is-layout-constrained\">\n<h4 class=\"wp-block-heading\"><a href=\"https:\/\/kissinparis.com\/es\/equipo-creativo\/julia\/\">Julia<\/a><\/h4>\n\n\n\n<p class=\"sec-header\"><a href=\"https:\/\/kissinparis.com\/es\/equipo-creativo\/julia\/\">cineasta profesional<\/a><\/p>\n<\/div><\/div>\n<\/div>\n\n\n\n<div class=\"wp-block-column is-layout-flow wp-block-column-is-layout-flow\">\n<figure class=\"wp-block-image size-full\"><a href=\"https:\/\/kissinparis.com\/es\/equipo-creativo\/vincent\/\" aria-label=\"Leer m\u00e1s sobre Fot\u00f3grafo en Par\u00eds Francia Vincent\"><img loading=\"lazy\" decoding=\"async\" width=\"640\" height=\"800\" src=\"https:\/\/kissinparis.com\/wp-content\/uploads\/2023\/03\/Photographer-in-Paris-France-Vincent-2.jpg\" alt=\"Fot\u00f3grafo en Par\u00eds, Francia, Vincent\" class=\"wp-image-1235\" srcset=\"https:\/\/kissinparis.com\/wp-content\/uploads\/2023\/03\/Photographer-in-Paris-France-Vincent-2.jpg 640w, https:\/\/kissinparis.com\/wp-content\/uploads\/2023\/03\/Photographer-in-Paris-France-Vincent-2-240x300.jpg 240w\" sizes=\"auto, (max-width: 640px) 100vw, 640px\" \/><\/a><\/figure>\n\n\n\n<div class=\"wp-block-group mt-0 mb-0 content\"><div class=\"wp-block-group__inner-container is-layout-constrained wp-block-group-is-layout-constrained\">\n<h4 class=\"wp-block-heading\"><a href=\"https:\/\/kissinparis.com\/es\/equipo-creativo\/vincent\/\">Vicente<\/a><\/h4>\n\n\n\n<p class=\"sec-header\"><a href=\"https:\/\/kissinparis.com\/es\/equipo-creativo\/vincent\/\">Vide\u00f3grafo profesional<\/a><\/p>\n<\/div><\/div>\n<\/div>\n\n\n\n<div class=\"wp-block-column is-layout-flow wp-block-column-is-layout-flow\">\n<figure class=\"wp-block-image size-full\"><a href=\"https:\/\/kissinparis.com\/es\/equipo-creativo\/juliana\/\" aria-label=\"Leer m\u00e1s sobre Paris Video Reels Juliana\"><img loading=\"lazy\" decoding=\"async\" width=\"512\" height=\"768\" src=\"https:\/\/kissinparis.com\/wp-content\/uploads\/2023\/03\/Professional-Paris-Video-Reels-Juliana-Brazil.jpg\" alt=\"V\u00eddeo de Par\u00eds Juliana\" class=\"wp-image-5248\" srcset=\"https:\/\/kissinparis.com\/wp-content\/uploads\/2023\/03\/Professional-Paris-Video-Reels-Juliana-Brazil.jpg 512w, https:\/\/kissinparis.com\/wp-content\/uploads\/2023\/03\/Professional-Paris-Video-Reels-Juliana-Brazil-200x300.jpg 200w\" sizes=\"auto, (max-width: 512px) 100vw, 512px\" \/><\/a><\/figure>\n\n\n\n<div class=\"wp-block-group mt-0 mb-0 content\"><div class=\"wp-block-group__inner-container is-layout-constrained wp-block-group-is-layout-constrained\">\n<h4 class=\"wp-block-heading\"><a href=\"https:\/\/kissinparis.com\/es\/equipo-creativo\/juliana\/\">Juliana<\/a><\/h4>\n\n\n\n<p class=\"sec-header\"><a href=\"https:\/\/kissinparis.com\/es\/equipo-creativo\/juliana\/\">Reels de v\u00eddeo profesionales<\/a><\/p>\n<\/div><\/div>\n<\/div>\n<\/div>\n<\/div><\/div>\n\n\n\n<div class=\"wp-block-group alignfull mt-0 mb-0  sec sec-faq sec-feature\" id=\"faq\"><div class=\"wp-block-group__inner-container is-layout-flow wp-block-group-is-layout-flow\">\n<h2 class=\"wp-block-heading title-v2\">Preguntas frecuentes: respuestas a consultas o inquietudes comunes <\/h2>\n\n\n<div id=\"rank-math-faq\" class=\"rank-math-block\">\n<div class=\"rank-math-list\">\n<div id=\"faq-question-1747329565204\" class=\"rank-math-list-item\">\n<h3 class=\"rank-math-question\">\u00bfC\u00f3mo funciona la reserva online?<\/h3>\n<div class=\"rank-math-answer\">\n\n<p>Seleccione su servicio para ver precios, paquetes y disponibilidad<\/p>\n<p>\u2013 Elija una fecha y espere a que se cargue el calendario<br \/>\u2013 Seleccione un paquete y permita que las opciones se actualicen<br \/>\u2013 Elija un fot\u00f3grafo del men\u00fa desplegable (los portafolios est\u00e1n disponibles en la parte inferior de la p\u00e1gina)<br \/>\u2013 Elija un horario y haga clic en Continuar<br \/>\u2013 Ingrese sus datos de contacto y preferencias de ubicaci\u00f3n<br \/>\u2013 Marque \u201cAcepto los t\u00e9rminos\u201d y haga clic en Continuar<br \/>\u2013 Revise todos los detalles, ingrese la informaci\u00f3n de pago y haga clic en Enviar<\/p>\n<p>Recibir\u00e1s un correo electr\u00f3nico de confirmaci\u00f3n inmediatamente. Si no lo encuentras en tu bandeja de entrada, revisa tu carpeta de correo no deseado.<\/p>\n\n<\/div>\n<\/div>\n<div id=\"faq-question-1747330416718\" class=\"rank-math-list-item\">\n<h3 class=\"rank-math-question\">\u00bfCu\u00e1l es la diferencia entre fot\u00f3grafos y cineastas?<\/h3>\n<div class=\"rank-math-answer\">\n\n<p>Explora la biograf\u00eda y el portafolio de cada artista para ver su trabajo, estilo y rese\u00f1as. Contrata a un fot\u00f3grafo para fotos, a un cineasta para videos, o ambos juntos. Para reservas combinadas o complejas, <a href=\"mailto:support@kissinparis.com\" data-type=\"mailto\" data-id=\"mailto:support@kissinparis.com\">correo electr\u00f3nico<\/a>  para un enlace personalizado<\/p>\n\n<\/div>\n<\/div>\n<div id=\"faq-question-1747330434617\" class=\"rank-math-list-item\">\n<h3 class=\"rank-math-question\">No he recibido mi confirmaci\u00f3n: \u00bfqu\u00e9 debo hacer?<\/h3>\n<div class=\"rank-math-answer\">\n\n<p>Revisa tu carpeta de correo no deseado. Si a\u00fan no la encuentras, <a href=\"mailto:support@kissinparis.com\" data-type=\"mailto\" data-id=\"mailto:support@kissinparis.com\">correo electr\u00f3nico<\/a> o env\u00edenos un mensaje por WhatsApp; lo reenviaremos de inmediato.<\/p>\n\n<\/div>\n<\/div>\n<div id=\"faq-question-1747330451298\" class=\"rank-math-list-item\">\n<h3 class=\"rank-math-question\">\u00bfPuedo cambiar o cancelar mi reserva?<\/h3>\n<div class=\"rank-math-answer\">\n\n<p>Cancelar 10 d\u00edas o m\u00e1s antes: reembolso total menos una tarifa administrativa de 10%.<\/p>\n<p>Cancelar dentro de 10 d\u00edas: No hay reembolso.<\/p>\n<p>Env\u00ede todas las solicitudes por correo electr\u00f3nico a <a href=\"mailto:support@kissinparis.com\">support@kissinparis.com<\/a> lo antes posible.<\/p>\n\n<\/div>\n<\/div>\n<div id=\"faq-question-1747330463394\" class=\"rank-math-list-item\">\n<h3 class=\"rank-math-question\">\u00bfQu\u00e9 m\u00e9todos de pago aceptan?<\/h3>\n<div class=\"rank-math-answer\">\n\n<p>Aceptamos Visa, MasterCard, American Express, PayPal y efectivo. Un dep\u00f3sito 50% garantiza su reserva; el saldo debe abonarse antes de la fecha de su sesi\u00f3n.<\/p>\n\n<\/div>\n<\/div>\n<div id=\"faq-question-1747330470609\" class=\"rank-math-list-item\">\n<h3 class=\"rank-math-question\">\u00bfC\u00f3mo reservo m\u00faltiples servicios o fechas?<\/h3>\n<div class=\"rank-math-answer\">\n\n<p><a href=\"mailto:support@kissinparis.com\" data-type=\"mailto\" data-id=\"mailto:support@kissinparis.com\">Email<\/a> Con tus requisitos. Te enviaremos un enlace de reserva personalizado.<\/p>\n\n<\/div>\n<\/div>\n<\/div>\n<\/div><\/div><\/div>\n\n\n\n<div class=\"wp-block-group popup-cta\"><div class=\"wp-block-group__inner-container is-layout-constrained wp-block-group-is-layout-constrained\">\n<figure class=\"wp-block-video\"><video height=\"960\" style=\"aspect-ratio: 686 \/ 960;\" width=\"686\" autoplay loop muted poster=\"https:\/\/kissinparis.com\/wp-content\/uploads\/2025\/04\/Kiss-Me-in-Paris-Proposals-Weddings-Planning.webp\" preload=\"none\" src=\"https:\/\/kissinparis.com\/wp-content\/uploads\/2025\/04\/Full-service-Paris-proposal-planner.mp4\" playsinline><\/video><\/figure>\n\n\n\n<p class=\"title\">\u00a1Inf\u00f3rmese!<\/p>\n\n\n\n<p class=\"has-link whatsapp\"><a href=\"https:\/\/api.whatsapp.com\/send?phone=19175134350\" target=\"_blank\" data-type=\"link\" data-id=\"https:\/\/api.whatsapp.com\/send?phone=19175134350\" rel=\"noreferrer noopener nofollow\">WhatsApp<\/a><\/p>\n\n\n\n<p class=\"has-link booking\"><a href=\"mailto:support@kissinparis.com?subject=Photography Booking Request\" >Consulta<\/a><\/p>\n<\/div><\/div>","protected":false},"excerpt":{"rendered":"<p>Videograf\u00eda<\/p>","protected":false},"author":35,"featured_media":10275,"parent":4688,"menu_order":0,"comment_status":"closed","ping_status":"closed","template":"","meta":{"_acf_changed":false,"ub_ctt_via":"","footnotes":""},"class_list":["post-8490","page","type-page","status-publish","has-post-thumbnail","hentry"],"acf":[],"featured_image_src":"https:\/\/kissinparis.com\/wp-content\/uploads\/2023\/04\/Video-reels-in-Paris.jpg","_links":{"self":[{"href":"https:\/\/kissinparis.com\/es\/wp-json\/wp\/v2\/pages\/8490","targetHints":{"allow":["GET"]}}],"collection":[{"href":"https:\/\/kissinparis.com\/es\/wp-json\/wp\/v2\/pages"}],"about":[{"href":"https:\/\/kissinparis.com\/es\/wp-json\/wp\/v2\/types\/page"}],"author":[{"embeddable":true,"href":"https:\/\/kissinparis.com\/es\/wp-json\/wp\/v2\/users\/35"}],"replies":[{"embeddable":true,"href":"https:\/\/kissinparis.com\/es\/wp-json\/wp\/v2\/comments?post=8490"}],"version-history":[{"count":6,"href":"https:\/\/kissinparis.com\/es\/wp-json\/wp\/v2\/pages\/8490\/revisions"}],"predecessor-version":[{"id":28423,"href":"https:\/\/kissinparis.com\/es\/wp-json\/wp\/v2\/pages\/8490\/revisions\/28423"}],"up":[{"embeddable":true,"href":"https:\/\/kissinparis.com\/es\/wp-json\/wp\/v2\/pages\/4688"}],"wp:featuredmedia":[{"embeddable":true,"href":"https:\/\/kissinparis.com\/es\/wp-json\/wp\/v2\/media\/10275"}],"wp:attachment":[{"href":"https:\/\/kissinparis.com\/es\/wp-json\/wp\/v2\/media?parent=8490"}],"curies":[{"name":"wp","href":"https:\/\/api.w.org\/{rel}","templated":true}]}}